{"id":186,"date":"2022-03-03T14:46:37","date_gmt":"2022-03-03T13:46:37","guid":{"rendered":"https:\/\/web.umons.ac.be\/sdht\/?page_id=186"},"modified":"2026-03-24T14:35:56","modified_gmt":"2026-03-24T13:35:56","slug":"actualites-du-service","status":"publish","type":"page","link":"https:\/\/web.umons.ac.be\/sdht\/actualites-du-service\/","title":{"rendered":"Actualit\u00e9s du service"},"content":{"rendered":"<p><em><span style=\"font-size: 10pt; color: #333333;\">*Participations avec communication<\/span><\/em><\/p>\n<p><span style=\"font-size: 12pt; color: #009ee0;\"><strong>2026:<\/strong><\/span><\/p>\n<ul>\n<li>Participation au Colloque international <em>\u00ab\u00a0Displaced\u00a0\u00bb<\/em>, In Flanders Fields Museum, Ypres, mars 2026 (M. Bruyninckx).<\/li>\n<li>Participation \u00e0 la Conf\u00e9rence d&rsquo;H\u00e9l\u00e8ne Rustin <em>\u00ab\u00a0Les enfants juifs cach\u00e9s au ch\u00e2teau de Beloeil durant la Seconde Guerre mondiale\u00a0\u00bb<\/em>, Centre culturel de Pommeroeul, mars 2026 (M. Bruyninckx).<\/li>\n<li>Participation au webinaire \u00ab\u00a0<em><em>Les camps de concentration et les centres de mise \u00e0 mort\u00a0\u00bb,<\/em><\/em><strong style=\"font-size: 14px;\">\u00a0<\/strong><span style=\"font-size: 14px;\">organis\u00e9 par la Direction <\/span><em style=\"font-size: 14px;\">Citoyennet\u00e9, M\u00e9moire, D\u00e9mocratie<\/em><span style=\"font-size: 14px;\">, F\u00e9d\u00e9ration Wallonie-Bruxelles, mars 2026 (M. Bruyninckx).<\/span><\/li>\n<li>Visite des cimeti\u00e8res militaires britanniques d&rsquo;\u00c9taples-sur-Mer et de Wimmereux; visite de l&rsquo;exposition <em>\u00ab\u00a0A Friendly Invasion. Le monde \u00e0 nos portes. L&rsquo;arri\u00e8re-front du Nord-Pas-de-Calais durant la Grande Guerre\u00a0\u00bb<\/em> \u00e0 la Citadelle de Montreuil-sur-Mer (France), mars 2026 (M. Bruyninckx).<\/li>\n<li>Participation au Colloque international <em>\u00abFemmes combattantes en France, Grande-Bretagne et Irlande\u00bb<\/em>, Universit\u00e9 du Littoral C\u00f4te d&rsquo;Opale, Boulogne-sur-Mer (France), mars 2026 (M. Bruyninckx).<\/li>\n<li>Visite du Centre d&rsquo;Histoire <em>\u00ab\u00a0La coupole\u00a0\u00bb<\/em> et de l&rsquo;exposition <em>\u00ab\u00a0Lib\u00e9rer, reconstruire et esp\u00e9rer, les d\u00e9fis de 1945 en Nord-pas-de-Calais\u00a0\u00bb<\/em>, Wizernes (France), mars 206 (M. Bruyninckx).<\/li>\n<li>Participation au webinaire <em>\u00ab\u00a0Le r\u00f4le de la SNCB dans la d\u00e9portation\u00a0\u00bb<\/em><strong style=\"font-size: 14px;\">, <\/strong><span style=\"font-size: 14px;\">organis\u00e9 par la Direction <\/span><em style=\"font-size: 14px;\">Citoyennet\u00e9, M\u00e9moire, D\u00e9mocratie<\/em><span style=\"font-size: 14px;\">, F\u00e9d\u00e9ration Wallonie-Bruxelles, f\u00e9vrier 2026 (M. Bruyninckx).<\/span><\/li>\n<li>Participation au webinaire <em>\u00ab\u00a0Le rassemblement des Juifs avant la d\u00e9portation: le camp de transit (Caserne Dossin)\u00a0\u00bb<\/em><strong style=\"font-size: 14px;\">, <\/strong><span style=\"font-size: 14px;\">organis\u00e9 par la Direction <\/span><em style=\"font-size: 14px;\">Citoyennet\u00e9, M\u00e9moire, D\u00e9mocratie<\/em><span style=\"font-size: 14px;\">, F\u00e9d\u00e9ration Wallonie-Bruxelles, janvier 2026 (M. Bruyninckx).<\/span><\/li>\n<\/ul>\n<p><span style=\"font-size: 12pt; color: #009ee0;\"><strong>2025:<\/strong><\/span><\/p>\n<ul>\n<li>Participation au Colloque <em>\u00ab\u00a0Yvonne N\u00e8vejean et le Comit\u00e9 de d\u00e9fense des juifs\u00a0\u00bb<\/em>, Kazern Dossin, Malines, d\u00e9cembre 2025 (M. Bruyninckx).<\/li>\n<li>Participation au webinaire<em> \u00abLes rafles visant la population juive et tsigane\u00bb, <\/em><span style=\"font-size: 14px;\">organis\u00e9 par la Direction <\/span><em style=\"font-size: 14px;\">Citoyennet\u00e9, M\u00e9moire, D\u00e9mocratie<\/em><span style=\"font-size: 14px;\">, F\u00e9d\u00e9ration Wallonie-Bruxelles, d\u00e9cembre 2025 (M. Bruyninckx).<\/span><\/li>\n<li>Participation au webinaire<em> \u00abL<\/em><em>a mise en place de l\u2019occupation et de l\u2019introduction des politiques discriminatoires<\/em><em>\u00bb, <\/em><span style=\"font-size: 14px;\">organis\u00e9 par la Direction <\/span><em style=\"font-size: 14px;\">Citoyennet\u00e9, M\u00e9moire, D\u00e9mocratie<\/em><span style=\"font-size: 14px;\">, F\u00e9d\u00e9ration Wallonie-Bruxelles, novembre 2025 (M. Bruyninckx).<\/span><\/li>\n<li>Participation au webinaire <em>\u00ab\u00a0<\/em><span class=\"html-span xexx8yu xyri2b x18d9i69 x1c1uobl x1hl2dhg x16tdsg8 x1vvkbs x3nfvp2 x1j61x8r x1fcty0u xdj266r xat24cr xm2jcoa x1mpyi22 xxymvpz xlup9mm x1kky2od\" style=\"font-size: 14px;\"><span style=\"font-size: 14px;\"><em>\u00c9crire et publier sur la Grande Guerre aujourd\u2019hui : un devoir de m\u00e9moire?\u00a0\u00bb, <\/em>organis\u00e9 par le Mus\u00e9e de la Grande guerre du Pays de Meaux, novembre 2025 (M. Bruyninckx).<\/span><\/span><\/li>\n<li>Participation \u00e0 la Journ\u00e9e <em>\u00ab\u00a0D\u00e9cret M\u00e9moire &#8211; r\u00e9sister\u00a0\u00bb<\/em>, organis\u00e9e par la Direction <em>Citoyennet\u00e9, M\u00e9moire, D\u00e9mocratie <\/em>de la F\u00e9d\u00e9ration Wallonie-Bruxelles, Bruxelles, novembre 2025 (M. Bruyninckx).<\/li>\n<li>Participation aux activit\u00e9s m\u00e9morielles du Remembrance Day 2025 (Gouvernements du Commonwealth et Gouvernement belge), Ieper, novembre 2025 (M. Bruyninckx).<\/li>\n<li>Visite du <em>Site John Mc Crae &#8211; Essex Farm Cemetery<\/em> (Ieper), du <em>mus\u00e9e Guynemer<\/em>, du<em> British Cemetery<\/em> de Poelkapelle, de <em>Polygone Wood Cemetery<\/em>, de <em>Buttes New British Cemetery<\/em> (Zonnebeke), du <em><em>Site Front Line t\u2019Hooge et du <\/em><\/em>Museum Aan De Ijzer<em><em> (Dixmude), <\/em><\/em><em>novembre 2025 (M. Bruyninckx).<\/em><\/li>\n<li>Visite de <em>Talbot House Museum, <\/em>de la <em>Herinrichting executieplaats en dodencellen<\/em>, du <em>Memorial Chinese Labour Corps Busseboom<\/em> et du <em>Lyssenthoek Cemetery<\/em> \u00e0 Poperinge, novembre 2025 (M. Bruyninckx).<\/li>\n<li>Participation au webinaire<em> \u00ab La communaut\u00e9 juive en Belgique avant l\u2019invasion nazie \u00bb, <\/em><span style=\"font-size: 14px;\">organis\u00e9 par la Direction <\/span><em style=\"font-size: 14px;\">Citoyennet\u00e9, M\u00e9moire, D\u00e9mocratie<\/em><span style=\"font-size: 14px;\">, F\u00e9d\u00e9ration Wallonie-Bruxelles, octobre 2025 (M. Bruyninckx).<\/span><\/li>\n<li>Participation \u00e0 la 8\u00e8me Journ\u00e9e de R\u00e9flexion Clinique \u00ab <em>Ces comp\u00e9tences qui nous font grandir !<\/em>\u00a0\u00bb, organis\u00e9e par le Service de Psychologie clinique de la FPSE, UMONS, Mons (Belgique), octobre 2025 (L. Lacourt).<\/li>\n<li>Participation au colloque international <em>\u00ab\u00a0Journaux personnels en temps de guerres mondiales\u00a0\u00bb<\/em> organis\u00e9 par Sorbonne-Universit\u00e9, l&rsquo;Universit\u00e9 de Caen et l&rsquo;UCL, Caen (France), septembre 2025 (M. Bruyninckx).<\/li>\n<li>Visite des expositions <em>\u00ab\u00a0Varian Fry, les chemins de l&rsquo;exil\u00a0\u00bb et \u00ab\u00a0Hiroshima, fragments de vie\u00a0\u00bb<\/em>, M\u00e9morial de Caen (France), septembre 2025 (M. Bruyninckx)<\/li>\n<li>Participation \u00e0 la journ\u00e9e d\u2019\u00e9tude \u00ab <em>L\u2019alt\u00e9rit\u00e9 comme ressource<\/em>\u00a0\u00bb, organis\u00e9e par le Cr\u00e9sam, Fosses-La-Ville (Belgique), octobre 2025 (C. G\u00e9va, L. Lacourt et L. Santoro).<\/li>\n<li>Participation \u00e0 la Conf\u00e9rence <em>\u00ab\u00a080 ans de la lib\u00e9ration des camps de la mort\u00a0\u00bb<\/em> organis\u00e9e par la Fondation Auschwitz et Edern Editions, Bruxelles, septembre 2025 (M. Bruyninckx)<\/li>\n<li>Participation au webinaire \u00ab\u00a0<em><em>St\u00e9r\u00e9otypes antis\u00e9mites de l\u2019Antiquit\u00e9 \u00e0 nos jours\u00a0\u00bb, <\/em><\/em>organis\u00e9 par la Direction <em>Citoyennet\u00e9, M\u00e9moire, D\u00e9mocratie<\/em>, F\u00e9d\u00e9ration Wallonie-Bruxelles, septembre 2025 (M. Bruyninckx).<\/li>\n<li>Participation \u00e0 la conf\u00e9rence <em>\u00ab\u00a0Rapporteur de guerre\u00a0\u00bb<\/em> par Patrick Chauvel, Bastogne War Museum, septembre 2025 (M. Bruyninckx).<\/li>\n<li>Participation au colloque \u00ab <em>Enfants et violences sexuelles en contexte migratoire<\/em>\u00a0\u00bb, organis\u00e9 par l&rsquo;association Dessine-Moi Un Mouton, en ligne, septembre 2025 (L. Lacourt).<\/li>\n<li>Participation \u00e0 la conf\u00e9rence \u00ab\u00a0<em>Le charbon de la reconstruction\u00a0\u00bb<\/em> par Paul Muller, directeur adjoint du <em>War Heritage Institute<\/em> et visite de l&rsquo;exposition li\u00e9e, Mus\u00e9e du Bois du Cazier, Marcinelle, septembre 2025 (M. Bruyninckx).<\/li>\n<li>Visite du <em>Mus\u00e9e de la Bataille de Fromelles<\/em> , de l&rsquo;<em>Australian Memorial Park<\/em>, de <em>Pheasant Wood Cemetery<\/em>, de <em>V.C. Corner Australian Cemetery and Memoria<\/em>l \u00e0 Fromelles ; du <em>Trou-Aid post et Rue-Petillon Military Cemeteries<\/em> \u00e0 Fleurbaix, du jardin m\u00e9moriel d\u2019Aubers et de l&rsquo;<em>India Memorial<\/em> \u00e0 Neuve-Chapelle, France, ao\u00fbt 2025 (M. Bruyninckx).<\/li>\n<li>Visite des <em>Secret Wartime Tunnels<\/em> (Dover), du <em>Kent Battle of Britain Museum <\/em>(Folkestone), du <em>DDay Story Museum (Portsmouth)<\/em> et de <em>Bletchley Park (Bletchley)<\/em>, Royaume-Uni, juillet 2025 (M. Bruyninckx).<\/li>\n<li>*Participation au 13\u00e8me congr\u00e8s de l\u2019Association Francophone de Psychologie de la Sant\u00e9 \u00ab <em>Les apports de la psychologie au regard des in\u00e9galit\u00e9s sociales de sant\u00e9 : Comprendre et agir tout au long de la vie<\/em>\u00a0\u00bb, Toulouse (France), juillet 2025 (C. G\u00e9va, L. Lacourt et L. Santoro).<\/li>\n<li>*Participation \u00e0 la <em>17th Annual International Conference on Education and New Learning Technologies (Edulearn 2025)<\/em>, Palma de Majorque (Espagne), juin 2025 (M. Bruyninckx).<\/li>\n<li>Participation \u00e0 l&rsquo;Assembl\u00e9e g\u00e9n\u00e9rale du personnel scientifique de la FPSE, juin 2025 (M. Dutrieux, C. G\u00e9va, L. Lacourt et L. Santoro).<\/li>\n<li>Participation \u00e0 la conf\u00e9rence <em>\u00ab\u00a0Comm\u00e9morer l\u2019Holocauste dans les espaces verts : tensions et contestations \u00e0 Londres et \u00e0 Amsterdam\u00a0\u00bb<\/em>, de Alana Castro de Azevedo, CegeSoma, Bruxelles, juin 2025 (M. Bruyninckx).<\/li>\n<li>*Participation \u00e0\u00a0 la conf\u00e9rence annuelle de la Belgian Association for Psychological Sciences, Bruxelles, mai 2025 (L. Lacourt et L. Santoro).<\/li>\n<li>Visite du <em>M\u00e9morial de Verdun<\/em>, des Forts de Vaux et de Douaumont, de l&rsquo;Ossuaire de Douaumont et de la Citadelle souterraine de Verdun, Verdun (France), mai 2025 (M. Bruyninckx).<\/li>\n<li>Participation \u00e0 la 11i\u00e8me Journ\u00e9e scientifique du P\u00f4le Hainuyer, Charleroi, mai 2025 (L. Lacourt, J. Liemans et L. Santoro).<\/li>\n<li>Participation au Colloque <em>\u00ab\u00a0Qu&rsquo;est-ce qu&rsquo;une guerre juste?\u00a0\u00bb<\/em>, Bastogne War Museum, Bastogne, mai 2025 (M. Bruyninckx).<\/li>\n<li>Visite de <em>Bastogne War Museum<\/em>, <em>Bastogne War Rooms, <\/em>du <em>Site du Bois Jacques et de Bastogne Barracks (War Heritage Institute), <\/em>Bastogne, mai 2025 (M. Bruyninckx).<\/li>\n<li>*Participation au Mardi des Chercheurs, Valenciennes (France), avril 2025 (C. G\u00e9va, L. Lacourt et L. Santoro).<\/li>\n<li>Visite des <em>Chinese Labour Corps Memorial and Cemetery<\/em> (Commonwealth War Graves), Noyelles-Sur-Mer (France), avril 2025 (M. Bruyninckx).<\/li>\n<li>Visite de la <em>Cit\u00e9 souterraine de Naours<\/em> et de l&rsquo;exposition <em>\u00ab\u00a0Les soldats voyageurs\u00a0\u00bb<\/em>, Naours (France), avril 2025 (M. Bruyninckx)..<\/li>\n<li>Participation aux activit\u00e9s m\u00e9morielles de l&rsquo;ANZAY Day 2025 (Gouvernements australien et fran\u00e7ais), \u00e0 l&rsquo;Australian National Memorial, \u00e0 Villers-Bretonneux et \u00e0 Vignacourt (France), avril 2025 (M. Bruyninckx).<\/li>\n<li>Visite de l&rsquo;exposition <em>\u00ab\u00a0Guerre en jeux\u00a0\u00bb<\/em>, Historial de la Grande Guerre, P\u00e9ronne (France), avril 2025 (M. Bruyninckx).<\/li>\n<li>Participation \u00e0 la Journ\u00e9e Portes Ouvertes de l&rsquo;UMONS, Mons (Belgique), avril 2025 de (L.Lacourt et J. Liemans).<\/li>\n<li>Visite de l&rsquo;exposition <em>\u00ab\u00a0Alfred Dreyfus. V\u00e9rit\u00e9 et justice\u00a0\u00bb<\/em>, Mahj, Paris (France), avril 2025 (M. Bruyninckx).<\/li>\n<li>Visite du M\u00e9morial de la Shoah et de l&rsquo;exposition <em>\u00ab\u00a0Comment les nazis ont photographi\u00e9 leurs crimes. Auschwitz 1944\u00a0\u00bb<\/em>, Paris (France), avril 2025 (M. Bruyninckx).<\/li>\n<li>Participation au Salon SIEP de Mons (Belgique), mars 2025 (C. G\u00e9va et L. Lacourt).<\/li>\n<li>Visite de <em>\u00ab\u00a0Overload Museum\u00a0\u00bb<\/em>, Colleville-sur-Mer (France), mars 2025 (M. Bruyninckx).<\/li>\n<li>Participation Salon SIEP de Namur (Belgique), mars 2025 (L. Santoro).<\/li>\n<li>Participation au Colloque international <em>\u00ab\u00a0La France et les personnes d\u00e9plac\u00e9es dans l&rsquo;apr\u00e8s-guerre\u00a0\u00bb<\/em>, organis\u00e9 par l\u2019Institut Convergences Migrations et le Laboratoire Hist\u00e9m\u00e9 (Universit\u00e9 de Caen), Caen (France), mars 2025 (M. Bruyninckx).<\/li>\n<li>Participation \u00e0 la conf\u00e9rence \u00ab\u00a0<em>M\u00e8res en interculturalit\u00e9. Comment se raconter?<\/em>\u00a0\u00bb organis\u00e9e par CIMB Wapi, PAC Mons-Borinage, Picardie La\u00efque, Pourquoi pas toi, surmars, Soralia, Vie f\u00e9minine et Formadev, Mons (Belgique), mars 2025 (D. Cauchie, C. G\u00e9va, L. Lacourt et L. Santoro).<\/li>\n<li>Visite de \u00ab\u00a0Le Grand bunker, Mus\u00e9e du mur de l&rsquo;Atlantique\u00a0\u00bb et du \u00ab\u00a0Mus\u00e9e du Commando 4\u00a0\u00bb, Ouistreham (France), mars 2025.<\/li>\n<li>Participation \u00e0 la conf\u00e9rence \u00ab\u00a0<em>Femmes migrantes ou racialis\u00e9es : \u00e0 l\u2019intersection des oppressions<\/em>\u00a0\u00bb organis\u00e9e par CIMB Wapi avec la collaboration de l&rsquo;ORE, de la Mutinerie montoise et de la Plateforme associative D\u00e9colonisation des esprits et de l&rsquo;espace public, Mons (Belgique), mars 2025 (D. Cauchie, C. G\u00e9va et L. Santoro).<\/li>\n<li>Participation \u00e0 la conf\u00e9rence \u00ab\u00a0<em>Communiquer en sant\u00e9 : tout un programme. Apports cliniques et recherche<\/em>\u00a0\u00bb organis\u00e9e par le Centre universitaire de consultations Psy.CO.Log, Mons (Belgique), mars 2025 (D. Cauchie, L. Lacourt, J. Liemans et L. Santoro).<\/li>\n<li>*Participation \u00e0 la <em>19th annual International Technology, Education and Development Conference<\/em>, Valencia (Espagne), mars 2025 (L. Lacourt)<\/li>\n<li>Visite de partenariat au Centre d&rsquo;interpr\u00e9tation <em>Plugstreet 14-18 Experience<\/em>, Ploegsteert, f\u00e9vrier 2025 (M. Bruyninckx, Cl\u00e9mence G\u00e9va, L\u00e9a Lacourt, L. Santoro).<\/li>\n<li>*Participation au <em>8th World Conference on Research in Social Sciences<\/em>, Milan (Italie), f\u00e9vrier 2025 (M. Bruyninckx).<\/li>\n<li>Visite de <em>Binario 21, Memoriale della Shoah, Milan<\/em> (Italie), f\u00e9vrier 2025 (M. Bruyninckx).<\/li>\n<li>Visite de l\u2019exposition <em>Pierper et Yperman, t\u00e9moins de guerre<\/em> (In Flanders Field Museum) et de l\u2019exposition <em>Menen Gate Moments<\/em> organis\u00e9e par le Commonwealth War Graves, Ypres, f\u00e9vrier 2025 (M. Bruyninckx).<\/li>\n<li>Visite du <em>Hooge Crater Museum<\/em> et des sites de m\u00e9moire avoisinants (Tyne Cote Cemetery, Canadian Memorial, Cimeti\u00e8re allemand de Langemark, Welsh Memorial), Ypres, f\u00e9vrier 2025 (M. Bruyninckx).<\/li>\n<li>Visite de l&rsquo;Eco-mus\u00e9e de la mine et du d\u00e9veloppement durable (M. Bruyninckx), Bois-du-Luc, janvier 2025.<\/li>\n<\/ul>\n","protected":false},"excerpt":{"rendered":"<p>*Participations avec communication 2026: Participation au Colloque international \u00ab\u00a0Displaced\u00a0\u00bb, In Flanders Fields Museum, Ypres, mars 2026 (M. Bruyninckx). Participation \u00e0 la Conf\u00e9rence d&rsquo;H\u00e9l\u00e8ne Rustin \u00ab\u00a0Les enfants juifs cach\u00e9s au ch\u00e2teau de Beloeil durant la Seconde Guerre mondiale\u00a0\u00bb, Centre culturel de Pommeroeul, mars 2026 (M. Bruyninckx). Participation au webinaire \u00ab\u00a0Les camps de concentration et les centres [&hellip;]<\/p>\n","protected":false},"author":118,"featured_media":0,"parent":0,"menu_order":0,"comment_status":"closed","ping_status":"closed","template":"","meta":{"footnotes":""},"class_list":["post-186","page","type-page","status-publish","hentry"],"yoast_head":"<!-- This site is optimized with the Yoast SEO plugin v27.2 - https:\/\/yoast.com\/product\/yoast-seo-wordpress\/ -->\n<title>Actualit\u00e9s du service - Service \/ FPSE - D\u00e9veloppement humain et traitement des donn\u00e9es<\/title>\n<meta name=\"robots\" content=\"index, follow, max-snippet:-1, max-image-preview:large, max-video-preview:-1\" \/>\n<link rel=\"canonical\" href=\"https:\/\/web.umons.ac.be\/sdht\/actualites-du-service\/\" \/>\n<meta property=\"og:locale\" content=\"fr_FR\" \/>\n<meta property=\"og:type\" content=\"article\" \/>\n<meta property=\"og:title\" content=\"Actualit\u00e9s du service - Service \/ FPSE - D\u00e9veloppement humain et traitement des donn\u00e9es\" \/>\n<meta property=\"og:description\" content=\"*Participations avec communication 2026: Participation au Colloque international \u00ab\u00a0Displaced\u00a0\u00bb, In Flanders Fields Museum, Ypres, mars 2026 (M. Bruyninckx). Participation \u00e0 la Conf\u00e9rence d&rsquo;H\u00e9l\u00e8ne Rustin \u00ab\u00a0Les enfants juifs cach\u00e9s au ch\u00e2teau de Beloeil durant la Seconde Guerre mondiale\u00a0\u00bb, Centre culturel de Pommeroeul, mars 2026 (M. Bruyninckx). Participation au webinaire \u00ab\u00a0Les camps de concentration et les centres [&hellip;]\" \/>\n<meta property=\"og:url\" content=\"https:\/\/web.umons.ac.be\/sdht\/actualites-du-service\/\" \/>\n<meta property=\"og:site_name\" content=\"Service \/ FPSE - D\u00e9veloppement humain et traitement des donn\u00e9es\" \/>\n<meta property=\"article:modified_time\" content=\"2026-03-24T13:35:56+00:00\" \/>\n<meta name=\"twitter:card\" content=\"summary_large_image\" \/>\n<meta name=\"twitter:label1\" content=\"Dur\u00e9e de lecture estim\u00e9e\" \/>\n\t<meta name=\"twitter:data1\" content=\"8 minutes\" \/>\n<script type=\"application\/ld+json\" class=\"yoast-schema-graph\">{\"@context\":\"https:\/\/schema.org\",\"@graph\":[{\"@type\":\"WebPage\",\"@id\":\"https:\/\/web.umons.ac.be\/sdht\/actualites-du-service\/\",\"url\":\"https:\/\/web.umons.ac.be\/sdht\/actualites-du-service\/\",\"name\":\"Actualit\u00e9s du service - Service \/ FPSE - D\u00e9veloppement humain et traitement des donn\u00e9es\",\"isPartOf\":{\"@id\":\"https:\/\/web.umons.ac.be\/sdht\/#website\"},\"datePublished\":\"2022-03-03T13:46:37+00:00\",\"dateModified\":\"2026-03-24T13:35:56+00:00\",\"breadcrumb\":{\"@id\":\"https:\/\/web.umons.ac.be\/sdht\/actualites-du-service\/#breadcrumb\"},\"inLanguage\":\"fr-FR\",\"potentialAction\":[{\"@type\":\"ReadAction\",\"target\":[\"https:\/\/web.umons.ac.be\/sdht\/actualites-du-service\/\"]}]},{\"@type\":\"BreadcrumbList\",\"@id\":\"https:\/\/web.umons.ac.be\/sdht\/actualites-du-service\/#breadcrumb\",\"itemListElement\":[{\"@type\":\"ListItem\",\"position\":1,\"name\":\"Home\",\"item\":\"https:\/\/web.umons.ac.be\/sdht\/\"},{\"@type\":\"ListItem\",\"position\":2,\"name\":\"Actualit\u00e9s du service\"}]},{\"@type\":\"WebSite\",\"@id\":\"https:\/\/web.umons.ac.be\/sdht\/#website\",\"url\":\"https:\/\/web.umons.ac.be\/sdht\/\",\"name\":\"Service \/ FPSE - D\u00e9veloppement humain et traitement des donn\u00e9es\",\"description\":\"\",\"potentialAction\":[{\"@type\":\"SearchAction\",\"target\":{\"@type\":\"EntryPoint\",\"urlTemplate\":\"https:\/\/web.umons.ac.be\/sdht\/?s={search_term_string}\"},\"query-input\":{\"@type\":\"PropertyValueSpecification\",\"valueRequired\":true,\"valueName\":\"search_term_string\"}}],\"inLanguage\":\"fr-FR\"}]}<\/script>\n<!-- \/ Yoast SEO plugin. -->","yoast_head_json":{"title":"Actualit\u00e9s du service - Service \/ FPSE - D\u00e9veloppement humain et traitement des donn\u00e9es","robots":{"index":"index","follow":"follow","max-snippet":"max-snippet:-1","max-image-preview":"max-image-preview:large","max-video-preview":"max-video-preview:-1"},"canonical":"https:\/\/web.umons.ac.be\/sdht\/actualites-du-service\/","og_locale":"fr_FR","og_type":"article","og_title":"Actualit\u00e9s du service - Service \/ FPSE - D\u00e9veloppement humain et traitement des donn\u00e9es","og_description":"*Participations avec communication 2026: Participation au Colloque international \u00ab\u00a0Displaced\u00a0\u00bb, In Flanders Fields Museum, Ypres, mars 2026 (M. Bruyninckx). Participation \u00e0 la Conf\u00e9rence d&rsquo;H\u00e9l\u00e8ne Rustin \u00ab\u00a0Les enfants juifs cach\u00e9s au ch\u00e2teau de Beloeil durant la Seconde Guerre mondiale\u00a0\u00bb, Centre culturel de Pommeroeul, mars 2026 (M. Bruyninckx). Participation au webinaire \u00ab\u00a0Les camps de concentration et les centres [&hellip;]","og_url":"https:\/\/web.umons.ac.be\/sdht\/actualites-du-service\/","og_site_name":"Service \/ FPSE - D\u00e9veloppement humain et traitement des donn\u00e9es","article_modified_time":"2026-03-24T13:35:56+00:00","twitter_card":"summary_large_image","twitter_misc":{"Dur\u00e9e de lecture estim\u00e9e":"8 minutes"},"schema":{"@context":"https:\/\/schema.org","@graph":[{"@type":"WebPage","@id":"https:\/\/web.umons.ac.be\/sdht\/actualites-du-service\/","url":"https:\/\/web.umons.ac.be\/sdht\/actualites-du-service\/","name":"Actualit\u00e9s du service - Service \/ FPSE - D\u00e9veloppement humain et traitement des donn\u00e9es","isPartOf":{"@id":"https:\/\/web.umons.ac.be\/sdht\/#website"},"datePublished":"2022-03-03T13:46:37+00:00","dateModified":"2026-03-24T13:35:56+00:00","breadcrumb":{"@id":"https:\/\/web.umons.ac.be\/sdht\/actualites-du-service\/#breadcrumb"},"inLanguage":"fr-FR","potentialAction":[{"@type":"ReadAction","target":["https:\/\/web.umons.ac.be\/sdht\/actualites-du-service\/"]}]},{"@type":"BreadcrumbList","@id":"https:\/\/web.umons.ac.be\/sdht\/actualites-du-service\/#breadcrumb","itemListElement":[{"@type":"ListItem","position":1,"name":"Home","item":"https:\/\/web.umons.ac.be\/sdht\/"},{"@type":"ListItem","position":2,"name":"Actualit\u00e9s du service"}]},{"@type":"WebSite","@id":"https:\/\/web.umons.ac.be\/sdht\/#website","url":"https:\/\/web.umons.ac.be\/sdht\/","name":"Service \/ FPSE - D\u00e9veloppement humain et traitement des donn\u00e9es","description":"","potentialAction":[{"@type":"SearchAction","target":{"@type":"EntryPoint","urlTemplate":"https:\/\/web.umons.ac.be\/sdht\/?s={search_term_string}"},"query-input":{"@type":"PropertyValueSpecification","valueRequired":true,"valueName":"search_term_string"}}],"inLanguage":"fr-FR"}]}},"lang":"fr","translations":{"fr":186},"pll_sync_post":[],"_links":{"self":[{"href":"https:\/\/web.umons.ac.be\/sdht\/wp-json\/wp\/v2\/pages\/186","targetHints":{"allow":["GET"]}}],"collection":[{"href":"https:\/\/web.umons.ac.be\/sdht\/wp-json\/wp\/v2\/pages"}],"about":[{"href":"https:\/\/web.umons.ac.be\/sdht\/wp-json\/wp\/v2\/types\/page"}],"author":[{"embeddable":true,"href":"https:\/\/web.umons.ac.be\/sdht\/wp-json\/wp\/v2\/users\/118"}],"replies":[{"embeddable":true,"href":"https:\/\/web.umons.ac.be\/sdht\/wp-json\/wp\/v2\/comments?post=186"}],"version-history":[{"count":5,"href":"https:\/\/web.umons.ac.be\/sdht\/wp-json\/wp\/v2\/pages\/186\/revisions"}],"predecessor-version":[{"id":1346,"href":"https:\/\/web.umons.ac.be\/sdht\/wp-json\/wp\/v2\/pages\/186\/revisions\/1346"}],"wp:attachment":[{"href":"https:\/\/web.umons.ac.be\/sdht\/wp-json\/wp\/v2\/media?parent=186"}],"curies":[{"name":"wp","href":"https:\/\/api.w.org\/{rel}","templated":true}]}}