{"id":343,"date":"2022-06-22T12:05:13","date_gmt":"2022-06-22T10:05:13","guid":{"rendered":"https:\/\/web.umons.ac.be\/sdht\/?page_id=343"},"modified":"2024-09-12T15:39:52","modified_gmt":"2024-09-12T13:39:52","slug":"diversite-liee-aux-orientations-sexuelles","status":"publish","type":"page","link":"https:\/\/web.umons.ac.be\/sdht\/memoires-2\/memoires-defendus\/diversite-liee-aux-orientations-sexuelles\/","title":{"rendered":"Diversit\u00e9 li\u00e9e aux orientations sexuelles"},"content":{"rendered":"<ul>\n<li>Giuzetti Charlotte,<em> Violence conjugale: quand union rime avec destruction. Etude exploratoire aupr\u00e8s de sujets gays et lesbiens<\/em>, Travail de fin d\u2019\u00e9tudes de master, Facult\u00e9 de psychologie et des sciences de l&rsquo;\u00e9ducation, 2011.<\/li>\n<li>G\u00e9va Cl\u00e9mence,<em> Fuir son pays en raison de son orientation sexuelle : parcours et v\u00e9cu de r\u00e9fugi\u00e9s africains en Belgique<\/em>, Travail de fin d\u2019\u00e9tudes de master, Facult\u00e9 de psychologie et des sciences de l&rsquo;\u00e9ducation, 2012.<\/li>\n<li>Brisard Elodie: <em>Deux papas pour une naissance\u2026 L&rsquo;homoparentalit\u00e9 dans une situation de gestation pour autrui: entre filiation biologique et filiation sociale. Etude exploratoire aupr\u00e8s de couples gays,<\/em> Travail de fin d\u2019\u00e9tudes de master, Facult\u00e9 de psychologie et des sciences de l&rsquo;\u00e9ducation, 2013.<\/li>\n<li>Dor Emmanuelle: <em>Connaissances, opinions, attitudes et repr\u00e9sentations d&rsquo;adolescents de cycle secondaire inf\u00e9rieur \u00e0 propos de l&rsquo;homosexualit\u00e9<\/em>, Travail de fin d\u2019\u00e9tudes de master, Facult\u00e9 de psychologie et des sciences de l&rsquo;\u00e9ducation, 2013.<\/li>\n<li>Cloquet Elise, <em>Connaissances, opinions et repr\u00e9sentations des personnes soixantenaires \u00e0 propos de l&rsquo;homosexualit\u00e9 et de l&rsquo;homophobie<\/em>, M\u00e9moire de master, Facult\u00e9 de psychologie et des sciences de l&rsquo;\u00e9ducation, 2014.<\/li>\n<li>Hamys Virginie,<em> Futurs enseignants et acteurs dans la question de la diversit\u00e9 des orientations sexuelles \u00e0 l&rsquo;\u00e9cole,<\/em> M\u00e9moire de master, Facult\u00e9 de psychologie et des sciences de l&rsquo;\u00e9ducation, 2014.<\/li>\n<li>Leduc Caroline, <em>Analyse de l&rsquo;homophobie au sein du personnel scolaire: approche du v\u00e9cu des victimes et des t\u00e9moins<\/em>, M\u00e9moire de master, Facult\u00e9 de psychologie et des sciences de l&rsquo;\u00e9ducation, 2015.<\/li>\n<li>Dercourt Aur\u00e9lie, <em>Le barebacking : connaissances, repr\u00e9sentations, motivations et pratiques d\u2019hommes ayant des rapports sexuels volontairement non prot\u00e9g\u00e9s avec d\u2019autres hommes<\/em>, M\u00e9moire de master, Facult\u00e9 de psychologie et des sciences de l&rsquo;\u00e9ducation, 2016.<\/li>\n<li>Carzedda Anthony, <em>Etude de la perception de la police int\u00e9gr\u00e9e belge \u00e0 travers le v\u00e9cu de policiers et polici\u00e8res homosexuel.le.s,<\/em> M\u00e9moire de master, Facult\u00e9 de psychologie et des sciences de l&rsquo;\u00e9ducation, 2017.<\/li>\n<li>Krupa-Krasowski Marc, <em>Les motivations des homosexuels hommes et femmes qui pratiquent un sport au sein d&rsquo;une organisation communautaire<\/em>, M\u00e9moire de master, Facult\u00e9 de psychologie et des sciences de l&rsquo;\u00e9ducation, 2017.<\/li>\n<li>Ruelle Anne-Sophie, <em>Homosexualit\u00e9 dans le secteur ouvrier : bien-\u00eatre, qualit\u00e9 de vie et relations au travail<\/em>, M\u00e9moire de Master, Facult\u00e9 de psychologie et des sciences de l&rsquo;\u00e9ducation, 2023.<\/li>\n<li>\n<div class=\"x_elementToProof\">Ditroia Ylenia, <i>Sensibiliser ses \u00e9l\u00e8ves au respect des diff\u00e9rentes orientations sexuelles en tant qu\u2019instituteur\u00b7trice primaire en F\u00e9d\u00e9ration Wallonie-Bruxelles,<\/i> M\u00e9moire de Master, Facult\u00e9 de psychologie et des sciences de l\u2019\u00e9ducation, 2024.<\/div>\n<\/li>\n<\/ul>\n","protected":false},"excerpt":{"rendered":"<p>Giuzetti Charlotte, Violence conjugale: quand union rime avec destruction. Etude exploratoire aupr\u00e8s de sujets gays et lesbiens, Travail de fin d\u2019\u00e9tudes de master, Facult\u00e9 de psychologie et des sciences de l&rsquo;\u00e9ducation, 2011. G\u00e9va Cl\u00e9mence, Fuir son pays en raison de son orientation sexuelle : parcours et v\u00e9cu de r\u00e9fugi\u00e9s africains en Belgique, Travail de fin [&hellip;]<\/p>\n","protected":false},"author":118,"featured_media":0,"parent":123,"menu_order":0,"comment_status":"closed","ping_status":"closed","template":"","meta":{"footnotes":""},"class_list":["post-343","page","type-page","status-publish","hentry"],"yoast_head":"<!-- This site is optimized with the Yoast SEO plugin v27.2 - https:\/\/yoast.com\/product\/yoast-seo-wordpress\/ -->\n<title>Diversit\u00e9 li\u00e9e aux orientations sexuelles - Service \/ FPSE - D\u00e9veloppement humain et traitement des donn\u00e9es<\/title>\n<meta name=\"robots\" content=\"index, follow, max-snippet:-1, max-image-preview:large, max-video-preview:-1\" \/>\n<link rel=\"canonical\" href=\"https:\/\/web.umons.ac.be\/sdht\/memoires-2\/memoires-defendus\/diversite-liee-aux-orientations-sexuelles\/\" \/>\n<meta property=\"og:locale\" content=\"fr_FR\" \/>\n<meta property=\"og:type\" content=\"article\" \/>\n<meta property=\"og:title\" content=\"Diversit\u00e9 li\u00e9e aux orientations sexuelles - Service \/ FPSE - D\u00e9veloppement humain et traitement des donn\u00e9es\" \/>\n<meta property=\"og:description\" content=\"Giuzetti Charlotte, Violence conjugale: quand union rime avec destruction. Etude exploratoire aupr\u00e8s de sujets gays et lesbiens, Travail de fin d\u2019\u00e9tudes de master, Facult\u00e9 de psychologie et des sciences de l&rsquo;\u00e9ducation, 2011. G\u00e9va Cl\u00e9mence, Fuir son pays en raison de son orientation sexuelle : parcours et v\u00e9cu de r\u00e9fugi\u00e9s africains en Belgique, Travail de fin [&hellip;]\" \/>\n<meta property=\"og:url\" content=\"https:\/\/web.umons.ac.be\/sdht\/memoires-2\/memoires-defendus\/diversite-liee-aux-orientations-sexuelles\/\" \/>\n<meta property=\"og:site_name\" content=\"Service \/ FPSE - D\u00e9veloppement humain et traitement des donn\u00e9es\" \/>\n<meta property=\"article:modified_time\" content=\"2024-09-12T13:39:52+00:00\" \/>\n<meta name=\"twitter:card\" content=\"summary_large_image\" \/>\n<meta name=\"twitter:label1\" content=\"Dur\u00e9e de lecture estim\u00e9e\" \/>\n\t<meta name=\"twitter:data1\" content=\"2 minutes\" \/>\n<script type=\"application\/ld+json\" class=\"yoast-schema-graph\">{\"@context\":\"https:\/\/schema.org\",\"@graph\":[{\"@type\":\"WebPage\",\"@id\":\"https:\/\/web.umons.ac.be\/sdht\/memoires-2\/memoires-defendus\/diversite-liee-aux-orientations-sexuelles\/\",\"url\":\"https:\/\/web.umons.ac.be\/sdht\/memoires-2\/memoires-defendus\/diversite-liee-aux-orientations-sexuelles\/\",\"name\":\"Diversit\u00e9 li\u00e9e aux orientations sexuelles - Service \/ FPSE - D\u00e9veloppement humain et traitement des donn\u00e9es\",\"isPartOf\":{\"@id\":\"https:\/\/web.umons.ac.be\/sdht\/#website\"},\"datePublished\":\"2022-06-22T10:05:13+00:00\",\"dateModified\":\"2024-09-12T13:39:52+00:00\",\"breadcrumb\":{\"@id\":\"https:\/\/web.umons.ac.be\/sdht\/memoires-2\/memoires-defendus\/diversite-liee-aux-orientations-sexuelles\/#breadcrumb\"},\"inLanguage\":\"fr-FR\",\"potentialAction\":[{\"@type\":\"ReadAction\",\"target\":[\"https:\/\/web.umons.ac.be\/sdht\/memoires-2\/memoires-defendus\/diversite-liee-aux-orientations-sexuelles\/\"]}]},{\"@type\":\"BreadcrumbList\",\"@id\":\"https:\/\/web.umons.ac.be\/sdht\/memoires-2\/memoires-defendus\/diversite-liee-aux-orientations-sexuelles\/#breadcrumb\",\"itemListElement\":[{\"@type\":\"ListItem\",\"position\":1,\"name\":\"Home\",\"item\":\"https:\/\/web.umons.ac.be\/sdht\/\"},{\"@type\":\"ListItem\",\"position\":2,\"name\":\"M\u00e9moires\",\"item\":\"https:\/\/web.umons.ac.be\/sdht\/memoires-2\/\"},{\"@type\":\"ListItem\",\"position\":3,\"name\":\"M\u00e9moires d\u00e9fendus\",\"item\":\"https:\/\/web.umons.ac.be\/sdht\/memoires-2\/memoires-defendus\/\"},{\"@type\":\"ListItem\",\"position\":4,\"name\":\"Diversit\u00e9 li\u00e9e aux orientations sexuelles\"}]},{\"@type\":\"WebSite\",\"@id\":\"https:\/\/web.umons.ac.be\/sdht\/#website\",\"url\":\"https:\/\/web.umons.ac.be\/sdht\/\",\"name\":\"Service \/ FPSE - D\u00e9veloppement humain et traitement des donn\u00e9es\",\"description\":\"\",\"potentialAction\":[{\"@type\":\"SearchAction\",\"target\":{\"@type\":\"EntryPoint\",\"urlTemplate\":\"https:\/\/web.umons.ac.be\/sdht\/?s={search_term_string}\"},\"query-input\":{\"@type\":\"PropertyValueSpecification\",\"valueRequired\":true,\"valueName\":\"search_term_string\"}}],\"inLanguage\":\"fr-FR\"}]}<\/script>\n<!-- \/ Yoast SEO plugin. -->","yoast_head_json":{"title":"Diversit\u00e9 li\u00e9e aux orientations sexuelles - Service \/ FPSE - D\u00e9veloppement humain et traitement des donn\u00e9es","robots":{"index":"index","follow":"follow","max-snippet":"max-snippet:-1","max-image-preview":"max-image-preview:large","max-video-preview":"max-video-preview:-1"},"canonical":"https:\/\/web.umons.ac.be\/sdht\/memoires-2\/memoires-defendus\/diversite-liee-aux-orientations-sexuelles\/","og_locale":"fr_FR","og_type":"article","og_title":"Diversit\u00e9 li\u00e9e aux orientations sexuelles - Service \/ FPSE - D\u00e9veloppement humain et traitement des donn\u00e9es","og_description":"Giuzetti Charlotte, Violence conjugale: quand union rime avec destruction. Etude exploratoire aupr\u00e8s de sujets gays et lesbiens, Travail de fin d\u2019\u00e9tudes de master, Facult\u00e9 de psychologie et des sciences de l&rsquo;\u00e9ducation, 2011. G\u00e9va Cl\u00e9mence, Fuir son pays en raison de son orientation sexuelle : parcours et v\u00e9cu de r\u00e9fugi\u00e9s africains en Belgique, Travail de fin [&hellip;]","og_url":"https:\/\/web.umons.ac.be\/sdht\/memoires-2\/memoires-defendus\/diversite-liee-aux-orientations-sexuelles\/","og_site_name":"Service \/ FPSE - D\u00e9veloppement humain et traitement des donn\u00e9es","article_modified_time":"2024-09-12T13:39:52+00:00","twitter_card":"summary_large_image","twitter_misc":{"Dur\u00e9e de lecture estim\u00e9e":"2 minutes"},"schema":{"@context":"https:\/\/schema.org","@graph":[{"@type":"WebPage","@id":"https:\/\/web.umons.ac.be\/sdht\/memoires-2\/memoires-defendus\/diversite-liee-aux-orientations-sexuelles\/","url":"https:\/\/web.umons.ac.be\/sdht\/memoires-2\/memoires-defendus\/diversite-liee-aux-orientations-sexuelles\/","name":"Diversit\u00e9 li\u00e9e aux orientations sexuelles - Service \/ FPSE - D\u00e9veloppement humain et traitement des donn\u00e9es","isPartOf":{"@id":"https:\/\/web.umons.ac.be\/sdht\/#website"},"datePublished":"2022-06-22T10:05:13+00:00","dateModified":"2024-09-12T13:39:52+00:00","breadcrumb":{"@id":"https:\/\/web.umons.ac.be\/sdht\/memoires-2\/memoires-defendus\/diversite-liee-aux-orientations-sexuelles\/#breadcrumb"},"inLanguage":"fr-FR","potentialAction":[{"@type":"ReadAction","target":["https:\/\/web.umons.ac.be\/sdht\/memoires-2\/memoires-defendus\/diversite-liee-aux-orientations-sexuelles\/"]}]},{"@type":"BreadcrumbList","@id":"https:\/\/web.umons.ac.be\/sdht\/memoires-2\/memoires-defendus\/diversite-liee-aux-orientations-sexuelles\/#breadcrumb","itemListElement":[{"@type":"ListItem","position":1,"name":"Home","item":"https:\/\/web.umons.ac.be\/sdht\/"},{"@type":"ListItem","position":2,"name":"M\u00e9moires","item":"https:\/\/web.umons.ac.be\/sdht\/memoires-2\/"},{"@type":"ListItem","position":3,"name":"M\u00e9moires d\u00e9fendus","item":"https:\/\/web.umons.ac.be\/sdht\/memoires-2\/memoires-defendus\/"},{"@type":"ListItem","position":4,"name":"Diversit\u00e9 li\u00e9e aux orientations sexuelles"}]},{"@type":"WebSite","@id":"https:\/\/web.umons.ac.be\/sdht\/#website","url":"https:\/\/web.umons.ac.be\/sdht\/","name":"Service \/ FPSE - D\u00e9veloppement humain et traitement des donn\u00e9es","description":"","potentialAction":[{"@type":"SearchAction","target":{"@type":"EntryPoint","urlTemplate":"https:\/\/web.umons.ac.be\/sdht\/?s={search_term_string}"},"query-input":{"@type":"PropertyValueSpecification","valueRequired":true,"valueName":"search_term_string"}}],"inLanguage":"fr-FR"}]}},"lang":"fr","translations":{"fr":343},"pll_sync_post":[],"_links":{"self":[{"href":"https:\/\/web.umons.ac.be\/sdht\/wp-json\/wp\/v2\/pages\/343","targetHints":{"allow":["GET"]}}],"collection":[{"href":"https:\/\/web.umons.ac.be\/sdht\/wp-json\/wp\/v2\/pages"}],"about":[{"href":"https:\/\/web.umons.ac.be\/sdht\/wp-json\/wp\/v2\/types\/page"}],"author":[{"embeddable":true,"href":"https:\/\/web.umons.ac.be\/sdht\/wp-json\/wp\/v2\/users\/118"}],"replies":[{"embeddable":true,"href":"https:\/\/web.umons.ac.be\/sdht\/wp-json\/wp\/v2\/comments?post=343"}],"version-history":[{"count":3,"href":"https:\/\/web.umons.ac.be\/sdht\/wp-json\/wp\/v2\/pages\/343\/revisions"}],"predecessor-version":[{"id":1083,"href":"https:\/\/web.umons.ac.be\/sdht\/wp-json\/wp\/v2\/pages\/343\/revisions\/1083"}],"up":[{"embeddable":true,"href":"https:\/\/web.umons.ac.be\/sdht\/wp-json\/wp\/v2\/pages\/123"}],"wp:attachment":[{"href":"https:\/\/web.umons.ac.be\/sdht\/wp-json\/wp\/v2\/media?parent=343"}],"curies":[{"name":"wp","href":"https:\/\/api.w.org\/{rel}","templated":true}]}}