{"id":378,"date":"2022-06-22T14:31:43","date_gmt":"2022-06-22T12:31:43","guid":{"rendered":"https:\/\/web.umons.ac.be\/sdht\/?page_id=378"},"modified":"2022-06-22T16:28:08","modified_gmt":"2022-06-22T14:28:08","slug":"education-alternative-et-actions-educatives-specifiques","status":"publish","type":"page","link":"https:\/\/web.umons.ac.be\/sdht\/memoires-2\/memoires-defendus\/education-alternative-et-actions-educatives-specifiques\/","title":{"rendered":"Education alternative et situations \u00e9ducatives sp\u00e9cifiques"},"content":{"rendered":"<ul>\n<li>Mancinella Sandra, <em>Elaboration d&rsquo;une action d&rsquo;\u00e9ducation \u00e0 la diff\u00e9rence au sein d\u2019une classe maternelle<\/em>, M\u00e9moire de licence, Facult\u00e9 de psychologie et des sciences de l&rsquo;\u00e9ducation, 2006.<\/li>\n<li>Meggiotto Elise,<em> La psychomotricit\u00e9 comme m\u00e9diateur entre le corps et l&rsquo;esprit dans le d\u00e9veloppement du jeune enfant,<\/em> Travail de fin d&rsquo;\u00e9tudes de master, Facult\u00e9 de psychologie et des sciences de l&rsquo;\u00e9ducation, 2009.<\/li>\n<li>Mouchet Elodie, <em>Le v\u00e9cu et les liens parentaux \u00e0 l&rsquo;\u00e9preuve de l&rsquo;incarc\u00e9ration d&rsquo;un enfant<\/em>, M\u00e9moire de master, Facult\u00e9 de psychologie et des sciences de l&rsquo;\u00e9ducation, 2016.<\/li>\n<li>Guilmot Blandine, <em>Familles de d\u00e9tenus: v\u00e9cu de l&rsquo;enfant et \u00e9volution de ses relations face \u00e0 sa figure paternelle de r\u00e9f\u00e9rence<\/em>, M\u00e9moire de master, Facult\u00e9 de psychologie et des sciences de l&rsquo;\u00e9ducation, 2015.<\/li>\n<li>Leleu Adeline, <em>Contribution des grands-parents aux strat\u00e9gies palliatives mises en \u0153uvre lors de situations de violences conjugales<\/em>, M\u00e9moire de master, Facult\u00e9 de psychologie et des sciences de l&rsquo;\u00e9ducation, 2016.<\/li>\n<li>Descamps Sarah, <em>La plus-value \u00e9ducative des sorties p\u00e9dagogiques \u00e0 Pairi Daiza<\/em>, M\u00e9moire de master, Facult\u00e9 de psychologie et des sciences de l&rsquo;\u00e9ducation, 2019.<\/li>\n<li>Hanchart Shirley, <em>Enfants inscrits dans une \u00e9cole fondamentale \u00e0 p\u00e9dagogie Freinet en F\u00e9d\u00e9ration Wallonie-Bruxelles: compr\u00e9hension des caract\u00e9ristiques, des facteurs de choix et de la satisfaction des parents<\/em>, M\u00e9moire de master, Facult\u00e9 de psychologie et des sciences de l&rsquo;\u00e9ducation, 2020.<\/li>\n<li>Kertens Madisson, <em>La p\u00e9dagogie Montessori comme mode d\u2019\u00e9ducation alternative : compr\u00e9hension du choix des parents et de leur satisfaction,<\/em> M\u00e9moire de master, Facult\u00e9 de psychologie et des sciences de l&rsquo;\u00e9ducation, 2020.<\/li>\n<li>DiLavore Vanessa, <em>Les connaissances et les perceptions des \u00e9tudiants de l\u2019UMONS en mati\u00e8re de d\u00e9veloppement durable<\/em>, M\u00e9moire de master, Facult\u00e9 de psychologie et des sciences de l&rsquo;\u00e9ducation, 2020.<\/li>\n<li>Delaunoy Maxime,<em> Etude sur le parcours de formation des m\u00e9caniciens de comp\u00e9tition motocycliste en \u00ab vitesse pure \u00bb<\/em>, M\u00e9moire de master, Facult\u00e9 de psychologie et des sciences de l&rsquo;\u00e9ducation, 2020.<\/li>\n<li>Grogna Antoine, <em>Vie itin\u00e9rante et obligation scolaire. Difficult\u00e9s et besoins exprim\u00e9s par les familles de forains pour la scolarit\u00e9 de leurs enfants<\/em>, M\u00e9moire de master, Facult\u00e9 de psychologie et des sciences de l&rsquo;\u00e9ducation, 2021.<\/li>\n<li>Fariss Siham, <em>Les pratiques de consommation \u00ab z\u00e9ro d\u00e9chet \u00bb des \u00e9l\u00e8ves au sein d\u2019une \u00e9cole de l\u2019enseignement secondaire de la F\u00e9d\u00e9ration Wallonie-Bruxelles labellis\u00e9e Agenda 21<\/em>, M\u00e9moire de master, Facult\u00e9 de psychologie et des sciences de l&rsquo;\u00e9ducation, 2021.<\/li>\n<li>Leloir Carine, <i>Analyse du parcours de formation et d\u2019int\u00e9gration coupl\u00e9 aux motivations des m\u00e9caniciens de motocross en comp\u00e9tition de haut niveau. <\/i>Facult\u00e9 de psychologie et des sciences de l&rsquo;\u00e9ducation, 2022.<\/li>\n<\/ul>\n<p>&nbsp;<\/p>\n","protected":false},"excerpt":{"rendered":"<p>Mancinella Sandra, Elaboration d&rsquo;une action d&rsquo;\u00e9ducation \u00e0 la diff\u00e9rence au sein d\u2019une classe maternelle, M\u00e9moire de licence, Facult\u00e9 de psychologie et des sciences de l&rsquo;\u00e9ducation, 2006. Meggiotto Elise, La psychomotricit\u00e9 comme m\u00e9diateur entre le corps et l&rsquo;esprit dans le d\u00e9veloppement du jeune enfant, Travail de fin d&rsquo;\u00e9tudes de master, Facult\u00e9 de psychologie et des sciences [&hellip;]<\/p>\n","protected":false},"author":118,"featured_media":0,"parent":123,"menu_order":0,"comment_status":"closed","ping_status":"closed","template":"","meta":{"footnotes":""},"class_list":["post-378","page","type-page","status-publish","hentry"],"yoast_head":"<!-- This site is optimized with the Yoast SEO plugin v27.2 - https:\/\/yoast.com\/product\/yoast-seo-wordpress\/ -->\n<title>Education alternative et situations \u00e9ducatives sp\u00e9cifiques - Service \/ FPSE - D\u00e9veloppement humain et traitement des donn\u00e9es<\/title>\n<meta name=\"robots\" content=\"index, follow, max-snippet:-1, max-image-preview:large, max-video-preview:-1\" \/>\n<link rel=\"canonical\" href=\"https:\/\/web.umons.ac.be\/sdht\/memoires-2\/memoires-defendus\/education-alternative-et-actions-educatives-specifiques\/\" \/>\n<meta property=\"og:locale\" content=\"fr_FR\" \/>\n<meta property=\"og:type\" content=\"article\" \/>\n<meta property=\"og:title\" content=\"Education alternative et situations \u00e9ducatives sp\u00e9cifiques - Service \/ FPSE - D\u00e9veloppement humain et traitement des donn\u00e9es\" \/>\n<meta property=\"og:description\" content=\"Mancinella Sandra, Elaboration d&rsquo;une action d&rsquo;\u00e9ducation \u00e0 la diff\u00e9rence au sein d\u2019une classe maternelle, M\u00e9moire de licence, Facult\u00e9 de psychologie et des sciences de l&rsquo;\u00e9ducation, 2006. Meggiotto Elise, La psychomotricit\u00e9 comme m\u00e9diateur entre le corps et l&rsquo;esprit dans le d\u00e9veloppement du jeune enfant, Travail de fin d&rsquo;\u00e9tudes de master, Facult\u00e9 de psychologie et des sciences [&hellip;]\" \/>\n<meta property=\"og:url\" content=\"https:\/\/web.umons.ac.be\/sdht\/memoires-2\/memoires-defendus\/education-alternative-et-actions-educatives-specifiques\/\" \/>\n<meta property=\"og:site_name\" content=\"Service \/ FPSE - D\u00e9veloppement humain et traitement des donn\u00e9es\" \/>\n<meta property=\"article:modified_time\" content=\"2022-06-22T14:28:08+00:00\" \/>\n<meta name=\"twitter:card\" content=\"summary_large_image\" \/>\n<meta name=\"twitter:label1\" content=\"Dur\u00e9e de lecture estim\u00e9e\" \/>\n\t<meta name=\"twitter:data1\" content=\"2 minutes\" \/>\n<script type=\"application\/ld+json\" class=\"yoast-schema-graph\">{\"@context\":\"https:\/\/schema.org\",\"@graph\":[{\"@type\":\"WebPage\",\"@id\":\"https:\/\/web.umons.ac.be\/sdht\/memoires-2\/memoires-defendus\/education-alternative-et-actions-educatives-specifiques\/\",\"url\":\"https:\/\/web.umons.ac.be\/sdht\/memoires-2\/memoires-defendus\/education-alternative-et-actions-educatives-specifiques\/\",\"name\":\"Education alternative et situations \u00e9ducatives sp\u00e9cifiques - Service \/ FPSE - D\u00e9veloppement humain et traitement des donn\u00e9es\",\"isPartOf\":{\"@id\":\"https:\/\/web.umons.ac.be\/sdht\/#website\"},\"datePublished\":\"2022-06-22T12:31:43+00:00\",\"dateModified\":\"2022-06-22T14:28:08+00:00\",\"breadcrumb\":{\"@id\":\"https:\/\/web.umons.ac.be\/sdht\/memoires-2\/memoires-defendus\/education-alternative-et-actions-educatives-specifiques\/#breadcrumb\"},\"inLanguage\":\"fr-FR\",\"potentialAction\":[{\"@type\":\"ReadAction\",\"target\":[\"https:\/\/web.umons.ac.be\/sdht\/memoires-2\/memoires-defendus\/education-alternative-et-actions-educatives-specifiques\/\"]}]},{\"@type\":\"BreadcrumbList\",\"@id\":\"https:\/\/web.umons.ac.be\/sdht\/memoires-2\/memoires-defendus\/education-alternative-et-actions-educatives-specifiques\/#breadcrumb\",\"itemListElement\":[{\"@type\":\"ListItem\",\"position\":1,\"name\":\"Home\",\"item\":\"https:\/\/web.umons.ac.be\/sdht\/\"},{\"@type\":\"ListItem\",\"position\":2,\"name\":\"M\u00e9moires\",\"item\":\"https:\/\/web.umons.ac.be\/sdht\/memoires-2\/\"},{\"@type\":\"ListItem\",\"position\":3,\"name\":\"M\u00e9moires d\u00e9fendus\",\"item\":\"https:\/\/web.umons.ac.be\/sdht\/memoires-2\/memoires-defendus\/\"},{\"@type\":\"ListItem\",\"position\":4,\"name\":\"Education alternative et situations \u00e9ducatives sp\u00e9cifiques\"}]},{\"@type\":\"WebSite\",\"@id\":\"https:\/\/web.umons.ac.be\/sdht\/#website\",\"url\":\"https:\/\/web.umons.ac.be\/sdht\/\",\"name\":\"Service \/ FPSE - D\u00e9veloppement humain et traitement des donn\u00e9es\",\"description\":\"\",\"potentialAction\":[{\"@type\":\"SearchAction\",\"target\":{\"@type\":\"EntryPoint\",\"urlTemplate\":\"https:\/\/web.umons.ac.be\/sdht\/?s={search_term_string}\"},\"query-input\":{\"@type\":\"PropertyValueSpecification\",\"valueRequired\":true,\"valueName\":\"search_term_string\"}}],\"inLanguage\":\"fr-FR\"}]}<\/script>\n<!-- \/ Yoast SEO plugin. -->","yoast_head_json":{"title":"Education alternative et situations \u00e9ducatives sp\u00e9cifiques - Service \/ FPSE - D\u00e9veloppement humain et traitement des donn\u00e9es","robots":{"index":"index","follow":"follow","max-snippet":"max-snippet:-1","max-image-preview":"max-image-preview:large","max-video-preview":"max-video-preview:-1"},"canonical":"https:\/\/web.umons.ac.be\/sdht\/memoires-2\/memoires-defendus\/education-alternative-et-actions-educatives-specifiques\/","og_locale":"fr_FR","og_type":"article","og_title":"Education alternative et situations \u00e9ducatives sp\u00e9cifiques - Service \/ FPSE - D\u00e9veloppement humain et traitement des donn\u00e9es","og_description":"Mancinella Sandra, Elaboration d&rsquo;une action d&rsquo;\u00e9ducation \u00e0 la diff\u00e9rence au sein d\u2019une classe maternelle, M\u00e9moire de licence, Facult\u00e9 de psychologie et des sciences de l&rsquo;\u00e9ducation, 2006. Meggiotto Elise, La psychomotricit\u00e9 comme m\u00e9diateur entre le corps et l&rsquo;esprit dans le d\u00e9veloppement du jeune enfant, Travail de fin d&rsquo;\u00e9tudes de master, Facult\u00e9 de psychologie et des sciences [&hellip;]","og_url":"https:\/\/web.umons.ac.be\/sdht\/memoires-2\/memoires-defendus\/education-alternative-et-actions-educatives-specifiques\/","og_site_name":"Service \/ FPSE - D\u00e9veloppement humain et traitement des donn\u00e9es","article_modified_time":"2022-06-22T14:28:08+00:00","twitter_card":"summary_large_image","twitter_misc":{"Dur\u00e9e de lecture estim\u00e9e":"2 minutes"},"schema":{"@context":"https:\/\/schema.org","@graph":[{"@type":"WebPage","@id":"https:\/\/web.umons.ac.be\/sdht\/memoires-2\/memoires-defendus\/education-alternative-et-actions-educatives-specifiques\/","url":"https:\/\/web.umons.ac.be\/sdht\/memoires-2\/memoires-defendus\/education-alternative-et-actions-educatives-specifiques\/","name":"Education alternative et situations \u00e9ducatives sp\u00e9cifiques - Service \/ FPSE - D\u00e9veloppement humain et traitement des donn\u00e9es","isPartOf":{"@id":"https:\/\/web.umons.ac.be\/sdht\/#website"},"datePublished":"2022-06-22T12:31:43+00:00","dateModified":"2022-06-22T14:28:08+00:00","breadcrumb":{"@id":"https:\/\/web.umons.ac.be\/sdht\/memoires-2\/memoires-defendus\/education-alternative-et-actions-educatives-specifiques\/#breadcrumb"},"inLanguage":"fr-FR","potentialAction":[{"@type":"ReadAction","target":["https:\/\/web.umons.ac.be\/sdht\/memoires-2\/memoires-defendus\/education-alternative-et-actions-educatives-specifiques\/"]}]},{"@type":"BreadcrumbList","@id":"https:\/\/web.umons.ac.be\/sdht\/memoires-2\/memoires-defendus\/education-alternative-et-actions-educatives-specifiques\/#breadcrumb","itemListElement":[{"@type":"ListItem","position":1,"name":"Home","item":"https:\/\/web.umons.ac.be\/sdht\/"},{"@type":"ListItem","position":2,"name":"M\u00e9moires","item":"https:\/\/web.umons.ac.be\/sdht\/memoires-2\/"},{"@type":"ListItem","position":3,"name":"M\u00e9moires d\u00e9fendus","item":"https:\/\/web.umons.ac.be\/sdht\/memoires-2\/memoires-defendus\/"},{"@type":"ListItem","position":4,"name":"Education alternative et situations \u00e9ducatives sp\u00e9cifiques"}]},{"@type":"WebSite","@id":"https:\/\/web.umons.ac.be\/sdht\/#website","url":"https:\/\/web.umons.ac.be\/sdht\/","name":"Service \/ FPSE - D\u00e9veloppement humain et traitement des donn\u00e9es","description":"","potentialAction":[{"@type":"SearchAction","target":{"@type":"EntryPoint","urlTemplate":"https:\/\/web.umons.ac.be\/sdht\/?s={search_term_string}"},"query-input":{"@type":"PropertyValueSpecification","valueRequired":true,"valueName":"search_term_string"}}],"inLanguage":"fr-FR"}]}},"lang":"fr","translations":{"fr":378},"pll_sync_post":[],"_links":{"self":[{"href":"https:\/\/web.umons.ac.be\/sdht\/wp-json\/wp\/v2\/pages\/378","targetHints":{"allow":["GET"]}}],"collection":[{"href":"https:\/\/web.umons.ac.be\/sdht\/wp-json\/wp\/v2\/pages"}],"about":[{"href":"https:\/\/web.umons.ac.be\/sdht\/wp-json\/wp\/v2\/types\/page"}],"author":[{"embeddable":true,"href":"https:\/\/web.umons.ac.be\/sdht\/wp-json\/wp\/v2\/users\/118"}],"replies":[{"embeddable":true,"href":"https:\/\/web.umons.ac.be\/sdht\/wp-json\/wp\/v2\/comments?post=378"}],"version-history":[{"count":3,"href":"https:\/\/web.umons.ac.be\/sdht\/wp-json\/wp\/v2\/pages\/378\/revisions"}],"predecessor-version":[{"id":457,"href":"https:\/\/web.umons.ac.be\/sdht\/wp-json\/wp\/v2\/pages\/378\/revisions\/457"}],"up":[{"embeddable":true,"href":"https:\/\/web.umons.ac.be\/sdht\/wp-json\/wp\/v2\/pages\/123"}],"wp:attachment":[{"href":"https:\/\/web.umons.ac.be\/sdht\/wp-json\/wp\/v2\/media?parent=378"}],"curies":[{"name":"wp","href":"https:\/\/api.w.org\/{rel}","templated":true}]}}