{"id":405,"date":"2022-06-22T14:59:04","date_gmt":"2022-06-22T12:59:04","guid":{"rendered":"https:\/\/web.umons.ac.be\/sdht\/?page_id=405"},"modified":"2025-09-09T10:10:26","modified_gmt":"2025-09-09T08:10:26","slug":"recherches-personnelles-de-bien-etre","status":"publish","type":"page","link":"https:\/\/web.umons.ac.be\/sdht\/memoires-2\/memoires-defendus\/recherches-personnelles-de-bien-etre\/","title":{"rendered":"Recherches personnelles de bien-\u00eatre"},"content":{"rendered":"<ul>\n<li>D&rsquo;Haufayt Daisy, <em>Contribution \u00e0 la compr\u00e9hension du ph\u00e9nom\u00e8ne \u00ab\u00a0Tanguy\u00a0\u00bb. Profils de jeunes adultes engag\u00e9s dans la vie active et vivant toujours chez leurs parents<\/em>, M\u00e9moire de licence, Facult\u00e9 de psychologie et des sciences de l&rsquo;\u00e9ducation, 2005.<\/li>\n<li>Boudart Anouk, <em>Contribution \u00e0 la compr\u00e9hension du ph\u00e9nom\u00e8ne \u00ab\u00a0Tanguy\u00a0\u00bb. Perceptions et sentiments des parents,<\/em> M\u00e9moire de licence, Facult\u00e9 de psychologie et des sciences de l&rsquo;\u00e9ducation, 2006.<\/li>\n<li>Dufrane Sandra, <em>Les b\u00e9n\u00e9voles animaliers : militantisme ou recherche de bien-\u00eatre?,<\/em> Travail de fin d&rsquo;\u00e9tudes de master, Facult\u00e9 de psychologie et des sciences de l&rsquo;\u00e9ducation, 2016.<\/li>\n<li>Rapaille Justine,<em> Les chiens visiteurs. Evaluation de leurs apports sur le bien-\u00eatre des personnes \u00e2g\u00e9es: recherche exploratoire, bien-\u00eatre<\/em>, M\u00e9moire de master, Facult\u00e9 de psychologie et des sciences de l&rsquo;\u00e9ducation, 2018.<\/li>\n<li>Basar Seda, <em>Amours plurielles: v\u00e9cus et motivations des femmes et des hommes pratiquant le polyamour en Belgique<\/em>, M\u00e9moire de master, Facult\u00e9 de psychologie et des sciences de l&rsquo;\u00e9ducation, 2018.<\/li>\n<li>Bienfait Fran\u00e7ois-Xavier, <em>Engagement des b\u00e9n\u00e9voles en Repair Caf\u00e9s : du d\u00e9veloppement durable au d\u00e9veloppement personnel, en passant par la recherche de bien-\u00eatre. Que cherche-t-on r\u00e9ellement \u00e0 r\u00e9parer?<\/em>, M\u00e9moire de master, Facult\u00e9 de psychologie et des sciences de l&rsquo;\u00e9ducation, 2019.<\/li>\n<li>Philippo Manon, <em>La m\u00e9ditation de pleine conscience : motivations et effets sur le bien-\u00eatre<\/em>, M\u00e9moire de master, Facult\u00e9 de psychologie et des sciences de l&rsquo;\u00e9ducation, 2019.<\/li>\n<li>Rosso Alessandra, <em>Le v\u00e9cu et les enjeux rencontr\u00e9s par les femmes se rendant \u00e0 Rishikesh en Inde r\u00e9aliser une retraite de yoga<\/em>, M\u00e9moire de master, Facult\u00e9 de psychologie et des sciences de l&rsquo;\u00e9ducation, 2020.<\/li>\n<li>Leleux Catherine, <em>Les attentes et les objectifs des p\u00e8lerins, adultes, qui font le p\u00e8lerinage de Compostelle seuls, lors d\u2019une marche de longue distance<\/em>, <em>sur le Camino Del Norte<\/em>, M\u00e9moire de master, Facult\u00e9 de psychologie et des sciences de l&rsquo;\u00e9ducation, 2023.<\/li>\n<li>Guerra Ang\u00e9lique, <em>La plong\u00e9e en apn\u00e9e : une pratique de pleine conscience au service de la r\u00e9silience, <\/em>M\u00e9moire de master, Facult\u00e9 de psychologie et des sciences de l&rsquo;\u00e9ducation, 2024.<\/li>\n<li>De Rekeneire Pauline, <em>Cr\u00e9ativit\u00e9 et sant\u00e9 mentale : la pratique de l\u2019art-th\u00e9rapie comme exp\u00e9rience positive apr\u00e8s un accident de vie, <\/em>M\u00e9moire de master, Facult\u00e9 de psychologie et des sciences de l\u2019\u00e9ducation, 2025.<\/li>\n<\/ul>\n","protected":false},"excerpt":{"rendered":"<p>D&rsquo;Haufayt Daisy, Contribution \u00e0 la compr\u00e9hension du ph\u00e9nom\u00e8ne \u00ab\u00a0Tanguy\u00a0\u00bb. Profils de jeunes adultes engag\u00e9s dans la vie active et vivant toujours chez leurs parents, M\u00e9moire de licence, Facult\u00e9 de psychologie et des sciences de l&rsquo;\u00e9ducation, 2005. Boudart Anouk, Contribution \u00e0 la compr\u00e9hension du ph\u00e9nom\u00e8ne \u00ab\u00a0Tanguy\u00a0\u00bb. Perceptions et sentiments des parents, M\u00e9moire de licence, Facult\u00e9 de [&hellip;]<\/p>\n","protected":false},"author":118,"featured_media":0,"parent":123,"menu_order":0,"comment_status":"closed","ping_status":"closed","template":"","meta":{"footnotes":""},"class_list":["post-405","page","type-page","status-publish","hentry"],"yoast_head":"<!-- This site is optimized with the Yoast SEO plugin v27.2 - https:\/\/yoast.com\/product\/yoast-seo-wordpress\/ -->\n<title>Recherches personnelles de bien-\u00eatre - Service \/ FPSE - D\u00e9veloppement humain et traitement des donn\u00e9es<\/title>\n<meta name=\"robots\" content=\"index, follow, max-snippet:-1, max-image-preview:large, max-video-preview:-1\" \/>\n<link rel=\"canonical\" href=\"https:\/\/web.umons.ac.be\/sdht\/memoires-2\/memoires-defendus\/recherches-personnelles-de-bien-etre\/\" \/>\n<meta property=\"og:locale\" content=\"fr_FR\" \/>\n<meta property=\"og:type\" content=\"article\" \/>\n<meta property=\"og:title\" content=\"Recherches personnelles de bien-\u00eatre - Service \/ FPSE - D\u00e9veloppement humain et traitement des donn\u00e9es\" \/>\n<meta property=\"og:description\" content=\"D&rsquo;Haufayt Daisy, Contribution \u00e0 la compr\u00e9hension du ph\u00e9nom\u00e8ne \u00ab\u00a0Tanguy\u00a0\u00bb. Profils de jeunes adultes engag\u00e9s dans la vie active et vivant toujours chez leurs parents, M\u00e9moire de licence, Facult\u00e9 de psychologie et des sciences de l&rsquo;\u00e9ducation, 2005. Boudart Anouk, Contribution \u00e0 la compr\u00e9hension du ph\u00e9nom\u00e8ne \u00ab\u00a0Tanguy\u00a0\u00bb. Perceptions et sentiments des parents, M\u00e9moire de licence, Facult\u00e9 de [&hellip;]\" \/>\n<meta property=\"og:url\" content=\"https:\/\/web.umons.ac.be\/sdht\/memoires-2\/memoires-defendus\/recherches-personnelles-de-bien-etre\/\" \/>\n<meta property=\"og:site_name\" content=\"Service \/ FPSE - D\u00e9veloppement humain et traitement des donn\u00e9es\" \/>\n<meta property=\"article:modified_time\" content=\"2025-09-09T08:10:26+00:00\" \/>\n<meta name=\"twitter:card\" content=\"summary_large_image\" \/>\n<meta name=\"twitter:label1\" content=\"Dur\u00e9e de lecture estim\u00e9e\" \/>\n\t<meta name=\"twitter:data1\" content=\"2 minutes\" \/>\n<script type=\"application\/ld+json\" class=\"yoast-schema-graph\">{\"@context\":\"https:\/\/schema.org\",\"@graph\":[{\"@type\":\"WebPage\",\"@id\":\"https:\/\/web.umons.ac.be\/sdht\/memoires-2\/memoires-defendus\/recherches-personnelles-de-bien-etre\/\",\"url\":\"https:\/\/web.umons.ac.be\/sdht\/memoires-2\/memoires-defendus\/recherches-personnelles-de-bien-etre\/\",\"name\":\"Recherches personnelles de bien-\u00eatre - Service \/ FPSE - D\u00e9veloppement humain et traitement des donn\u00e9es\",\"isPartOf\":{\"@id\":\"https:\/\/web.umons.ac.be\/sdht\/#website\"},\"datePublished\":\"2022-06-22T12:59:04+00:00\",\"dateModified\":\"2025-09-09T08:10:26+00:00\",\"breadcrumb\":{\"@id\":\"https:\/\/web.umons.ac.be\/sdht\/memoires-2\/memoires-defendus\/recherches-personnelles-de-bien-etre\/#breadcrumb\"},\"inLanguage\":\"fr-FR\",\"potentialAction\":[{\"@type\":\"ReadAction\",\"target\":[\"https:\/\/web.umons.ac.be\/sdht\/memoires-2\/memoires-defendus\/recherches-personnelles-de-bien-etre\/\"]}]},{\"@type\":\"BreadcrumbList\",\"@id\":\"https:\/\/web.umons.ac.be\/sdht\/memoires-2\/memoires-defendus\/recherches-personnelles-de-bien-etre\/#breadcrumb\",\"itemListElement\":[{\"@type\":\"ListItem\",\"position\":1,\"name\":\"Home\",\"item\":\"https:\/\/web.umons.ac.be\/sdht\/\"},{\"@type\":\"ListItem\",\"position\":2,\"name\":\"M\u00e9moires\",\"item\":\"https:\/\/web.umons.ac.be\/sdht\/memoires-2\/\"},{\"@type\":\"ListItem\",\"position\":3,\"name\":\"M\u00e9moires d\u00e9fendus\",\"item\":\"https:\/\/web.umons.ac.be\/sdht\/memoires-2\/memoires-defendus\/\"},{\"@type\":\"ListItem\",\"position\":4,\"name\":\"Recherches personnelles de bien-\u00eatre\"}]},{\"@type\":\"WebSite\",\"@id\":\"https:\/\/web.umons.ac.be\/sdht\/#website\",\"url\":\"https:\/\/web.umons.ac.be\/sdht\/\",\"name\":\"Service \/ FPSE - D\u00e9veloppement humain et traitement des donn\u00e9es\",\"description\":\"\",\"potentialAction\":[{\"@type\":\"SearchAction\",\"target\":{\"@type\":\"EntryPoint\",\"urlTemplate\":\"https:\/\/web.umons.ac.be\/sdht\/?s={search_term_string}\"},\"query-input\":{\"@type\":\"PropertyValueSpecification\",\"valueRequired\":true,\"valueName\":\"search_term_string\"}}],\"inLanguage\":\"fr-FR\"}]}<\/script>\n<!-- \/ Yoast SEO plugin. -->","yoast_head_json":{"title":"Recherches personnelles de bien-\u00eatre - Service \/ FPSE - D\u00e9veloppement humain et traitement des donn\u00e9es","robots":{"index":"index","follow":"follow","max-snippet":"max-snippet:-1","max-image-preview":"max-image-preview:large","max-video-preview":"max-video-preview:-1"},"canonical":"https:\/\/web.umons.ac.be\/sdht\/memoires-2\/memoires-defendus\/recherches-personnelles-de-bien-etre\/","og_locale":"fr_FR","og_type":"article","og_title":"Recherches personnelles de bien-\u00eatre - Service \/ FPSE - D\u00e9veloppement humain et traitement des donn\u00e9es","og_description":"D&rsquo;Haufayt Daisy, Contribution \u00e0 la compr\u00e9hension du ph\u00e9nom\u00e8ne \u00ab\u00a0Tanguy\u00a0\u00bb. Profils de jeunes adultes engag\u00e9s dans la vie active et vivant toujours chez leurs parents, M\u00e9moire de licence, Facult\u00e9 de psychologie et des sciences de l&rsquo;\u00e9ducation, 2005. Boudart Anouk, Contribution \u00e0 la compr\u00e9hension du ph\u00e9nom\u00e8ne \u00ab\u00a0Tanguy\u00a0\u00bb. Perceptions et sentiments des parents, M\u00e9moire de licence, Facult\u00e9 de [&hellip;]","og_url":"https:\/\/web.umons.ac.be\/sdht\/memoires-2\/memoires-defendus\/recherches-personnelles-de-bien-etre\/","og_site_name":"Service \/ FPSE - D\u00e9veloppement humain et traitement des donn\u00e9es","article_modified_time":"2025-09-09T08:10:26+00:00","twitter_card":"summary_large_image","twitter_misc":{"Dur\u00e9e de lecture estim\u00e9e":"2 minutes"},"schema":{"@context":"https:\/\/schema.org","@graph":[{"@type":"WebPage","@id":"https:\/\/web.umons.ac.be\/sdht\/memoires-2\/memoires-defendus\/recherches-personnelles-de-bien-etre\/","url":"https:\/\/web.umons.ac.be\/sdht\/memoires-2\/memoires-defendus\/recherches-personnelles-de-bien-etre\/","name":"Recherches personnelles de bien-\u00eatre - Service \/ FPSE - D\u00e9veloppement humain et traitement des donn\u00e9es","isPartOf":{"@id":"https:\/\/web.umons.ac.be\/sdht\/#website"},"datePublished":"2022-06-22T12:59:04+00:00","dateModified":"2025-09-09T08:10:26+00:00","breadcrumb":{"@id":"https:\/\/web.umons.ac.be\/sdht\/memoires-2\/memoires-defendus\/recherches-personnelles-de-bien-etre\/#breadcrumb"},"inLanguage":"fr-FR","potentialAction":[{"@type":"ReadAction","target":["https:\/\/web.umons.ac.be\/sdht\/memoires-2\/memoires-defendus\/recherches-personnelles-de-bien-etre\/"]}]},{"@type":"BreadcrumbList","@id":"https:\/\/web.umons.ac.be\/sdht\/memoires-2\/memoires-defendus\/recherches-personnelles-de-bien-etre\/#breadcrumb","itemListElement":[{"@type":"ListItem","position":1,"name":"Home","item":"https:\/\/web.umons.ac.be\/sdht\/"},{"@type":"ListItem","position":2,"name":"M\u00e9moires","item":"https:\/\/web.umons.ac.be\/sdht\/memoires-2\/"},{"@type":"ListItem","position":3,"name":"M\u00e9moires d\u00e9fendus","item":"https:\/\/web.umons.ac.be\/sdht\/memoires-2\/memoires-defendus\/"},{"@type":"ListItem","position":4,"name":"Recherches personnelles de bien-\u00eatre"}]},{"@type":"WebSite","@id":"https:\/\/web.umons.ac.be\/sdht\/#website","url":"https:\/\/web.umons.ac.be\/sdht\/","name":"Service \/ FPSE - D\u00e9veloppement humain et traitement des donn\u00e9es","description":"","potentialAction":[{"@type":"SearchAction","target":{"@type":"EntryPoint","urlTemplate":"https:\/\/web.umons.ac.be\/sdht\/?s={search_term_string}"},"query-input":{"@type":"PropertyValueSpecification","valueRequired":true,"valueName":"search_term_string"}}],"inLanguage":"fr-FR"}]}},"lang":"fr","translations":{"fr":405},"pll_sync_post":[],"_links":{"self":[{"href":"https:\/\/web.umons.ac.be\/sdht\/wp-json\/wp\/v2\/pages\/405","targetHints":{"allow":["GET"]}}],"collection":[{"href":"https:\/\/web.umons.ac.be\/sdht\/wp-json\/wp\/v2\/pages"}],"about":[{"href":"https:\/\/web.umons.ac.be\/sdht\/wp-json\/wp\/v2\/types\/page"}],"author":[{"embeddable":true,"href":"https:\/\/web.umons.ac.be\/sdht\/wp-json\/wp\/v2\/users\/118"}],"replies":[{"embeddable":true,"href":"https:\/\/web.umons.ac.be\/sdht\/wp-json\/wp\/v2\/comments?post=405"}],"version-history":[{"count":3,"href":"https:\/\/web.umons.ac.be\/sdht\/wp-json\/wp\/v2\/pages\/405\/revisions"}],"predecessor-version":[{"id":1247,"href":"https:\/\/web.umons.ac.be\/sdht\/wp-json\/wp\/v2\/pages\/405\/revisions\/1247"}],"up":[{"embeddable":true,"href":"https:\/\/web.umons.ac.be\/sdht\/wp-json\/wp\/v2\/pages\/123"}],"wp:attachment":[{"href":"https:\/\/web.umons.ac.be\/sdht\/wp-json\/wp\/v2\/media?parent=405"}],"curies":[{"name":"wp","href":"https:\/\/api.w.org\/{rel}","templated":true}]}}