{"id":414,"date":"2022-06-22T15:13:01","date_gmt":"2022-06-22T13:13:01","guid":{"rendered":"https:\/\/web.umons.ac.be\/sdht\/?page_id=414"},"modified":"2022-06-22T17:13:15","modified_gmt":"2022-06-22T15:13:15","slug":"sante-sexuelle-et-reproductive","status":"publish","type":"page","link":"https:\/\/web.umons.ac.be\/sdht\/memoires-2\/memoires-defendus\/sante-sexuelle-et-reproductive\/","title":{"rendered":"Sant\u00e9 sexuelle et reproductive"},"content":{"rendered":"<ul>\n<li>Boland Christine,<em> Accoucher&#8230; et si on en parlait?<\/em>, M\u00e9moire de licence, Facult\u00e9 de psychologie et des sciences de l&rsquo;\u00e9ducation, 2003.<\/li>\n<li>Marlier Marie, <em>Accoucher ici et l\u00e0-bas. V\u00e9cus de jeunes femmes congolaises vivant en Belgique<\/em>, M\u00e9moire de licence, Facult\u00e9 de psychologie et des sciences de l&rsquo;\u00e9ducation, 2004.<\/li>\n<li>Duquesne Paule, <em>Grossesse et maternit\u00e9 pr\u00e9coces. Histoires de jeunes femmes originaires de l&rsquo;Afrique centrale et immigr\u00e9es en Communaut\u00e9 fran\u00e7aise de Belgique<\/em>, M\u00e9moire de licence, Facult\u00e9 de psychologie et des sciences de l&rsquo;\u00e9ducation, 2004.<\/li>\n<li>Foriez Nad\u00e8ge, <em>\u00c9laboration et \u00e9valuation d&rsquo;un projet d&rsquo;\u00e9ducation \u00e0 la sant\u00e9 destin\u00e9 \u00e0 des femmes \u00e9migr\u00e9es africaines,<\/em> M\u00e9moire de licence, Facult\u00e9 de psychologie et des sciences de l&rsquo;\u00e9ducation, 2005.<\/li>\n<li>D&rsquo;Haufayt Daisy, <em>Attitudes, repr\u00e9sentations, connaissances et croyances \u00e0 l&rsquo;\u00e9gard du VIH\/SIDA. Enqu\u00eate aupr\u00e8s des \u00e9tudiants universitaires montois,<\/em> M\u00e9moire de DEA, Facult\u00e9 de psychologie et des sciences de l&rsquo;\u00e9ducation, 2006.<\/li>\n<li>Vandeville Sarah, <em>L&rsquo;accouchement \u00e0 domicile. Une r\u00e9ponse au souhait des femmes de vivre une naissance naturelle et moins m\u00e9dicalis\u00e9e<\/em>, M\u00e9moire de licence, Facult\u00e9 de psychologie et des sciences de l&rsquo;\u00e9ducation, 2006.<\/li>\n<li>Dupont Nathalie, <em>L&rsquo;accouchement aquatique. Une alternative aux naissances surm\u00e9dicalis\u00e9es<\/em>, M\u00e9moire de licence, Facult\u00e9 de psychologie et des sciences de l&rsquo;\u00e9ducation, 2006.<\/li>\n<li>Casteel Cyndie, <em>Le v\u00e9cu de la menstruation dans la culture arabo-musulmane. Recherche exploratoire aupr\u00e8s de femmes d&rsquo;origine musulmane,<\/em> M\u00e9moire de licence, Facult\u00e9 de psychologie et des sciences de l&rsquo;\u00e9ducation, 2006.<\/li>\n<li>Deladri\u00e8re Aline, <em>Maternit\u00e9 et allaitement. Choix, motivations et pratiques de jeunes femmes immigr\u00e9es d&rsquo;origine africaine<\/em>, M\u00e9moire de licence, Facult\u00e9 de psychologie et des sciences de l&rsquo;\u00e9ducation, 2007.<\/li>\n<li>Fanara Naomi, <em>La repr\u00e9sentation de la maternit\u00e9 chez des jeunes femmes adopt\u00e9es<\/em>, M\u00e9moire de licence, Facult\u00e9 de psychologie et des sciences de l&rsquo;\u00e9ducation, 2007.<\/li>\n<li>Delval Maryse, <em>Adolescentes et sant\u00e9 reproductive. Transmission interg\u00e9n\u00e9rationnelle des informations relatives aux menstruations<\/em>, Travail de fin d&rsquo;\u00e9tudes de master, Facult\u00e9 de psychologie et des sciences de l&rsquo;\u00e9ducation, 2009.<\/li>\n<li>Hammouda Le\u00efla, <em>La gestation pour autrui<\/em>, M\u00e9moire de licence, Facult\u00e9 de psychologie et des sciences de l&rsquo;\u00e9ducation, 2009.<\/li>\n<li>Plottieau Oriane, <em>Grossesse, naissance et premiers moments: \u00e9tat des lieux de certaines r\u00e9alit\u00e9s actuelles<\/em>, M\u00e9moire de licence, Facult\u00e9 de psychologie et des sciences de l&rsquo;\u00e9ducation, 2009.<\/li>\n<li>Infosino Sophie, <em>La m\u00e9nopause chez les femmes africaines<\/em>, M\u00e9moire de licence, Facult\u00e9 de psychologie et des sciences de l&rsquo;\u00e9ducation, 2009.<\/li>\n<li>Torre Ana\u00efs, <em>Connaissances, attitudes et pratiques vis-\u00e0-vis du VIH\/sida. Enqu\u00eate aupr\u00e8s de jeunes hommes ayant des rapports sexuels avec d&rsquo;autres hommes<\/em>, Travail de fin d\u2019\u00e9tudes de master, Facult\u00e9 de psychologie et des sciences de l&rsquo;\u00e9ducation, 2012.<\/li>\n<li>Scaramozzino Pauline, <em>L&rsquo;\u00e9ducation sexuelle au temps du V.I.H.\/SIDA. Les connaissances et les attitudes des futurs professionnels de l&rsquo;enseignement,<\/em> Travail de fin d\u2019\u00e9tudes de master, Facult\u00e9 de psychologie et des sciences de l&rsquo;\u00e9ducation, 2012.<\/li>\n<li>Dutrieux Morgane, <em>Grossesse, maternit\u00e9 et VIH: quelles implications pour les m\u00e8res s\u00e9ropositives et leur(s) enfant(s)?<\/em>, Travail de fin d&rsquo;\u00e9tudes de master, Facult\u00e9 de psychologie et des sciences de l&rsquo;\u00e9ducation, 2013.<\/li>\n<li>Teirlynck Laure, <em>Le choix de l&rsquo;accouchement \u00e0 domicile comme recherche alternative de bien-\u00eatre<\/em>, M\u00e9moire de master, Facult\u00e9 de psychologie et des sciences de l&rsquo;\u00e9ducation, 2014.<\/li>\n<li>Signore Sabrina, <em>Le v\u00e9cu d&rsquo;une exp\u00e9rience d&rsquo;IVG par la femme: motivations, parcours et cons\u00e9quences<\/em>, M\u00e9moire de master, Facult\u00e9 de psychologie et des sciences de l&rsquo;\u00e9ducation, 2014.<\/li>\n<li>Bouez Juliette,<em> Le d\u00e9pistage mobile du VIH et l&rsquo;annonce du r\u00e9sultat: v\u00e9cu des intervenants et des participants,<\/em> M\u00e9moire de master, Facult\u00e9 de psychologie et des sciences de l&rsquo;\u00e9ducation, 2015.<\/li>\n<li>Pocorobba Isabelle, <em>Cr\u00e9ation d&rsquo;un jeu, outil d&rsquo;apprentissage et de communication, pour favoriser l&rsquo;\u00e9ducation sexuelle dans l&rsquo;enseignement secondaire<\/em>, M\u00e9moire de master, Facult\u00e9 de psychologie et des sciences de l&rsquo;\u00e9ducation, 2015.<\/li>\n<li>Bourguignon In\u00e8s, <em>Le v\u00e9cu et ressenti des hommes, dont un enfant est n\u00e9 pr\u00e9matur\u00e9ment, plusieurs ann\u00e9es apr\u00e8s cette naissance,<\/em> M\u00e9moire de master, Facult\u00e9 de psychologie et des sciences de l&rsquo;\u00e9ducation, 2016.<\/li>\n<li>Bounoua Syrianne, <em>Etude exploratoire du v\u00e9cu du cancer du sein chez les femmes musulmanes d&rsquo;origine maghr\u00e9bine vivant en Belgique francophone et dans le Nord de la France<\/em>, M\u00e9moire de master, Facult\u00e9 de psychologie et des sciences de l&rsquo;\u00e9ducation, 2019.<\/li>\n<\/ul>\n","protected":false},"excerpt":{"rendered":"<p>Boland Christine, Accoucher&#8230; et si on en parlait?, M\u00e9moire de licence, Facult\u00e9 de psychologie et des sciences de l&rsquo;\u00e9ducation, 2003. Marlier Marie, Accoucher ici et l\u00e0-bas. V\u00e9cus de jeunes femmes congolaises vivant en Belgique, M\u00e9moire de licence, Facult\u00e9 de psychologie et des sciences de l&rsquo;\u00e9ducation, 2004. Duquesne Paule, Grossesse et maternit\u00e9 pr\u00e9coces. Histoires de jeunes [&hellip;]<\/p>\n","protected":false},"author":118,"featured_media":0,"parent":123,"menu_order":0,"comment_status":"closed","ping_status":"closed","template":"","meta":{"footnotes":""},"class_list":["post-414","page","type-page","status-publish","hentry"],"yoast_head":"<!-- This site is optimized with the Yoast SEO plugin v27.2 - https:\/\/yoast.com\/product\/yoast-seo-wordpress\/ -->\n<title>Sant\u00e9 sexuelle et reproductive - Service \/ FPSE - D\u00e9veloppement humain et traitement des donn\u00e9es<\/title>\n<meta name=\"robots\" content=\"index, follow, max-snippet:-1, max-image-preview:large, max-video-preview:-1\" \/>\n<link rel=\"canonical\" href=\"https:\/\/web.umons.ac.be\/sdht\/memoires-2\/memoires-defendus\/sante-sexuelle-et-reproductive\/\" \/>\n<meta property=\"og:locale\" content=\"fr_FR\" \/>\n<meta property=\"og:type\" content=\"article\" \/>\n<meta property=\"og:title\" content=\"Sant\u00e9 sexuelle et reproductive - Service \/ FPSE - D\u00e9veloppement humain et traitement des donn\u00e9es\" \/>\n<meta property=\"og:description\" content=\"Boland Christine, Accoucher&#8230; et si on en parlait?, M\u00e9moire de licence, Facult\u00e9 de psychologie et des sciences de l&rsquo;\u00e9ducation, 2003. Marlier Marie, Accoucher ici et l\u00e0-bas. V\u00e9cus de jeunes femmes congolaises vivant en Belgique, M\u00e9moire de licence, Facult\u00e9 de psychologie et des sciences de l&rsquo;\u00e9ducation, 2004. Duquesne Paule, Grossesse et maternit\u00e9 pr\u00e9coces. Histoires de jeunes [&hellip;]\" \/>\n<meta property=\"og:url\" content=\"https:\/\/web.umons.ac.be\/sdht\/memoires-2\/memoires-defendus\/sante-sexuelle-et-reproductive\/\" \/>\n<meta property=\"og:site_name\" content=\"Service \/ FPSE - D\u00e9veloppement humain et traitement des donn\u00e9es\" \/>\n<meta property=\"article:modified_time\" content=\"2022-06-22T15:13:15+00:00\" \/>\n<meta name=\"twitter:card\" content=\"summary_large_image\" \/>\n<meta name=\"twitter:label1\" content=\"Dur\u00e9e de lecture estim\u00e9e\" \/>\n\t<meta name=\"twitter:data1\" content=\"4 minutes\" \/>\n<script type=\"application\/ld+json\" class=\"yoast-schema-graph\">{\"@context\":\"https:\/\/schema.org\",\"@graph\":[{\"@type\":\"WebPage\",\"@id\":\"https:\/\/web.umons.ac.be\/sdht\/memoires-2\/memoires-defendus\/sante-sexuelle-et-reproductive\/\",\"url\":\"https:\/\/web.umons.ac.be\/sdht\/memoires-2\/memoires-defendus\/sante-sexuelle-et-reproductive\/\",\"name\":\"Sant\u00e9 sexuelle et reproductive - Service \/ FPSE - D\u00e9veloppement humain et traitement des donn\u00e9es\",\"isPartOf\":{\"@id\":\"https:\/\/web.umons.ac.be\/sdht\/#website\"},\"datePublished\":\"2022-06-22T13:13:01+00:00\",\"dateModified\":\"2022-06-22T15:13:15+00:00\",\"breadcrumb\":{\"@id\":\"https:\/\/web.umons.ac.be\/sdht\/memoires-2\/memoires-defendus\/sante-sexuelle-et-reproductive\/#breadcrumb\"},\"inLanguage\":\"fr-FR\",\"potentialAction\":[{\"@type\":\"ReadAction\",\"target\":[\"https:\/\/web.umons.ac.be\/sdht\/memoires-2\/memoires-defendus\/sante-sexuelle-et-reproductive\/\"]}]},{\"@type\":\"BreadcrumbList\",\"@id\":\"https:\/\/web.umons.ac.be\/sdht\/memoires-2\/memoires-defendus\/sante-sexuelle-et-reproductive\/#breadcrumb\",\"itemListElement\":[{\"@type\":\"ListItem\",\"position\":1,\"name\":\"Home\",\"item\":\"https:\/\/web.umons.ac.be\/sdht\/\"},{\"@type\":\"ListItem\",\"position\":2,\"name\":\"M\u00e9moires\",\"item\":\"https:\/\/web.umons.ac.be\/sdht\/memoires-2\/\"},{\"@type\":\"ListItem\",\"position\":3,\"name\":\"M\u00e9moires d\u00e9fendus\",\"item\":\"https:\/\/web.umons.ac.be\/sdht\/memoires-2\/memoires-defendus\/\"},{\"@type\":\"ListItem\",\"position\":4,\"name\":\"Sant\u00e9 sexuelle et reproductive\"}]},{\"@type\":\"WebSite\",\"@id\":\"https:\/\/web.umons.ac.be\/sdht\/#website\",\"url\":\"https:\/\/web.umons.ac.be\/sdht\/\",\"name\":\"Service \/ FPSE - D\u00e9veloppement humain et traitement des donn\u00e9es\",\"description\":\"\",\"potentialAction\":[{\"@type\":\"SearchAction\",\"target\":{\"@type\":\"EntryPoint\",\"urlTemplate\":\"https:\/\/web.umons.ac.be\/sdht\/?s={search_term_string}\"},\"query-input\":{\"@type\":\"PropertyValueSpecification\",\"valueRequired\":true,\"valueName\":\"search_term_string\"}}],\"inLanguage\":\"fr-FR\"}]}<\/script>\n<!-- \/ Yoast SEO plugin. -->","yoast_head_json":{"title":"Sant\u00e9 sexuelle et reproductive - Service \/ FPSE - D\u00e9veloppement humain et traitement des donn\u00e9es","robots":{"index":"index","follow":"follow","max-snippet":"max-snippet:-1","max-image-preview":"max-image-preview:large","max-video-preview":"max-video-preview:-1"},"canonical":"https:\/\/web.umons.ac.be\/sdht\/memoires-2\/memoires-defendus\/sante-sexuelle-et-reproductive\/","og_locale":"fr_FR","og_type":"article","og_title":"Sant\u00e9 sexuelle et reproductive - Service \/ FPSE - D\u00e9veloppement humain et traitement des donn\u00e9es","og_description":"Boland Christine, Accoucher&#8230; et si on en parlait?, M\u00e9moire de licence, Facult\u00e9 de psychologie et des sciences de l&rsquo;\u00e9ducation, 2003. Marlier Marie, Accoucher ici et l\u00e0-bas. V\u00e9cus de jeunes femmes congolaises vivant en Belgique, M\u00e9moire de licence, Facult\u00e9 de psychologie et des sciences de l&rsquo;\u00e9ducation, 2004. Duquesne Paule, Grossesse et maternit\u00e9 pr\u00e9coces. Histoires de jeunes [&hellip;]","og_url":"https:\/\/web.umons.ac.be\/sdht\/memoires-2\/memoires-defendus\/sante-sexuelle-et-reproductive\/","og_site_name":"Service \/ FPSE - D\u00e9veloppement humain et traitement des donn\u00e9es","article_modified_time":"2022-06-22T15:13:15+00:00","twitter_card":"summary_large_image","twitter_misc":{"Dur\u00e9e de lecture estim\u00e9e":"4 minutes"},"schema":{"@context":"https:\/\/schema.org","@graph":[{"@type":"WebPage","@id":"https:\/\/web.umons.ac.be\/sdht\/memoires-2\/memoires-defendus\/sante-sexuelle-et-reproductive\/","url":"https:\/\/web.umons.ac.be\/sdht\/memoires-2\/memoires-defendus\/sante-sexuelle-et-reproductive\/","name":"Sant\u00e9 sexuelle et reproductive - Service \/ FPSE - D\u00e9veloppement humain et traitement des donn\u00e9es","isPartOf":{"@id":"https:\/\/web.umons.ac.be\/sdht\/#website"},"datePublished":"2022-06-22T13:13:01+00:00","dateModified":"2022-06-22T15:13:15+00:00","breadcrumb":{"@id":"https:\/\/web.umons.ac.be\/sdht\/memoires-2\/memoires-defendus\/sante-sexuelle-et-reproductive\/#breadcrumb"},"inLanguage":"fr-FR","potentialAction":[{"@type":"ReadAction","target":["https:\/\/web.umons.ac.be\/sdht\/memoires-2\/memoires-defendus\/sante-sexuelle-et-reproductive\/"]}]},{"@type":"BreadcrumbList","@id":"https:\/\/web.umons.ac.be\/sdht\/memoires-2\/memoires-defendus\/sante-sexuelle-et-reproductive\/#breadcrumb","itemListElement":[{"@type":"ListItem","position":1,"name":"Home","item":"https:\/\/web.umons.ac.be\/sdht\/"},{"@type":"ListItem","position":2,"name":"M\u00e9moires","item":"https:\/\/web.umons.ac.be\/sdht\/memoires-2\/"},{"@type":"ListItem","position":3,"name":"M\u00e9moires d\u00e9fendus","item":"https:\/\/web.umons.ac.be\/sdht\/memoires-2\/memoires-defendus\/"},{"@type":"ListItem","position":4,"name":"Sant\u00e9 sexuelle et reproductive"}]},{"@type":"WebSite","@id":"https:\/\/web.umons.ac.be\/sdht\/#website","url":"https:\/\/web.umons.ac.be\/sdht\/","name":"Service \/ FPSE - D\u00e9veloppement humain et traitement des donn\u00e9es","description":"","potentialAction":[{"@type":"SearchAction","target":{"@type":"EntryPoint","urlTemplate":"https:\/\/web.umons.ac.be\/sdht\/?s={search_term_string}"},"query-input":{"@type":"PropertyValueSpecification","valueRequired":true,"valueName":"search_term_string"}}],"inLanguage":"fr-FR"}]}},"lang":"fr","translations":{"fr":414},"pll_sync_post":[],"_links":{"self":[{"href":"https:\/\/web.umons.ac.be\/sdht\/wp-json\/wp\/v2\/pages\/414","targetHints":{"allow":["GET"]}}],"collection":[{"href":"https:\/\/web.umons.ac.be\/sdht\/wp-json\/wp\/v2\/pages"}],"about":[{"href":"https:\/\/web.umons.ac.be\/sdht\/wp-json\/wp\/v2\/types\/page"}],"author":[{"embeddable":true,"href":"https:\/\/web.umons.ac.be\/sdht\/wp-json\/wp\/v2\/users\/118"}],"replies":[{"embeddable":true,"href":"https:\/\/web.umons.ac.be\/sdht\/wp-json\/wp\/v2\/comments?post=414"}],"version-history":[{"count":3,"href":"https:\/\/web.umons.ac.be\/sdht\/wp-json\/wp\/v2\/pages\/414\/revisions"}],"predecessor-version":[{"id":482,"href":"https:\/\/web.umons.ac.be\/sdht\/wp-json\/wp\/v2\/pages\/414\/revisions\/482"}],"up":[{"embeddable":true,"href":"https:\/\/web.umons.ac.be\/sdht\/wp-json\/wp\/v2\/pages\/123"}],"wp:attachment":[{"href":"https:\/\/web.umons.ac.be\/sdht\/wp-json\/wp\/v2\/media?parent=414"}],"curies":[{"name":"wp","href":"https:\/\/api.w.org\/{rel}","templated":true}]}}