{"id":433,"date":"2022-06-22T15:38:48","date_gmt":"2022-06-22T13:38:48","guid":{"rendered":"https:\/\/web.umons.ac.be\/sdht\/?page_id=433"},"modified":"2022-06-22T15:42:34","modified_gmt":"2022-06-22T13:42:34","slug":"statistique","status":"publish","type":"page","link":"https:\/\/web.umons.ac.be\/sdht\/statistique\/","title":{"rendered":"P\u00e9dagogie de la statistique et des math\u00e9matiques"},"content":{"rendered":"<ul>\n<li>\u00a0De Schryver Yohan, <em>Elaboration et \u00e9valuation d\u2019un mat\u00e9riel p\u00e9dagogique original destin\u00e9 \u00e0 des activit\u00e9s de rem\u00e9diation en statistique<\/em>, M\u00e9moire de licence, Facult\u00e9 de psychologie et des sciences de l&rsquo;\u00e9ducation, 2006.<\/li>\n<li>Sauvage Micha\u00ebl, <em>Elaboration de modules de rem\u00e9diation autonome pour les \u00e9tudiants de premi\u00e8re ann\u00e9e du bachelier \u00e0 l&rsquo;aide de la plate-forme Exam&rsquo;s,<\/em> Travail de fin d&rsquo;\u00e9tudes de master, Facult\u00e9 de psychologie et des sciences de l&rsquo;\u00e9ducation, 2009.<\/li>\n<li>Gahima Nathalie, <em>Les \u00e9tudiants du cours de Statistique en sciences humaines \u00e0 l&rsquo;Universit\u00e9 de Mons: leurs perceptions quant \u00e0 leurs difficult\u00e9s, leurs attentes en mati\u00e8re de rem\u00e9diation<\/em>, M\u00e9moire de master, Facult\u00e9 de psychologie et des sciences de l&rsquo;\u00e9ducation, 2014.<\/li>\n<li>Vandecassye Maud,<em> L\u2019importance de vivre les math\u00e9matiques avec son corps. Cr\u00e9ation et \u00e9valuation de modules de psychomotricit\u00e9 favorisant l\u2019acquisition de notions math\u00e9matiques aupr\u00e8s d\u2019\u00e9l\u00e8ves inscrits en troisi\u00e8me ann\u00e9e de l\u2019enseignement pr\u00e9scolaire,<\/em> M\u00e9moire de Master, Facult\u00e9 de psychologie et des sciences de l&rsquo;\u00e9ducation, 2021.<\/li>\n<\/ul>\n","protected":false},"excerpt":{"rendered":"<p>\u00a0De Schryver Yohan, Elaboration et \u00e9valuation d\u2019un mat\u00e9riel p\u00e9dagogique original destin\u00e9 \u00e0 des activit\u00e9s de rem\u00e9diation en statistique, M\u00e9moire de licence, Facult\u00e9 de psychologie et des sciences de l&rsquo;\u00e9ducation, 2006. Sauvage Micha\u00ebl, Elaboration de modules de rem\u00e9diation autonome pour les \u00e9tudiants de premi\u00e8re ann\u00e9e du bachelier \u00e0 l&rsquo;aide de la plate-forme Exam&rsquo;s, Travail de fin [&hellip;]<\/p>\n","protected":false},"author":118,"featured_media":0,"parent":0,"menu_order":0,"comment_status":"closed","ping_status":"closed","template":"","meta":{"footnotes":""},"class_list":["post-433","page","type-page","status-publish","hentry"],"yoast_head":"<!-- This site is optimized with the Yoast SEO plugin v27.2 - https:\/\/yoast.com\/product\/yoast-seo-wordpress\/ -->\n<title>P\u00e9dagogie de la statistique et des math\u00e9matiques - Service \/ FPSE - D\u00e9veloppement humain et traitement des donn\u00e9es<\/title>\n<meta name=\"robots\" content=\"index, follow, max-snippet:-1, max-image-preview:large, max-video-preview:-1\" \/>\n<link rel=\"canonical\" href=\"https:\/\/web.umons.ac.be\/sdht\/statistique\/\" \/>\n<meta property=\"og:locale\" content=\"fr_FR\" \/>\n<meta property=\"og:type\" content=\"article\" \/>\n<meta property=\"og:title\" content=\"P\u00e9dagogie de la statistique et des math\u00e9matiques - Service \/ FPSE - D\u00e9veloppement humain et traitement des donn\u00e9es\" \/>\n<meta property=\"og:description\" content=\"\u00a0De Schryver Yohan, Elaboration et \u00e9valuation d\u2019un mat\u00e9riel p\u00e9dagogique original destin\u00e9 \u00e0 des activit\u00e9s de rem\u00e9diation en statistique, M\u00e9moire de licence, Facult\u00e9 de psychologie et des sciences de l&rsquo;\u00e9ducation, 2006. Sauvage Micha\u00ebl, Elaboration de modules de rem\u00e9diation autonome pour les \u00e9tudiants de premi\u00e8re ann\u00e9e du bachelier \u00e0 l&rsquo;aide de la plate-forme Exam&rsquo;s, Travail de fin [&hellip;]\" \/>\n<meta property=\"og:url\" content=\"https:\/\/web.umons.ac.be\/sdht\/statistique\/\" \/>\n<meta property=\"og:site_name\" content=\"Service \/ FPSE - D\u00e9veloppement humain et traitement des donn\u00e9es\" \/>\n<meta property=\"article:modified_time\" content=\"2022-06-22T13:42:34+00:00\" \/>\n<meta name=\"twitter:card\" content=\"summary_large_image\" \/>\n<meta name=\"twitter:label1\" content=\"Dur\u00e9e de lecture estim\u00e9e\" \/>\n\t<meta name=\"twitter:data1\" content=\"1 minute\" \/>\n<script type=\"application\/ld+json\" class=\"yoast-schema-graph\">{\"@context\":\"https:\/\/schema.org\",\"@graph\":[{\"@type\":\"WebPage\",\"@id\":\"https:\/\/web.umons.ac.be\/sdht\/statistique\/\",\"url\":\"https:\/\/web.umons.ac.be\/sdht\/statistique\/\",\"name\":\"P\u00e9dagogie de la statistique et des math\u00e9matiques - Service \/ FPSE - D\u00e9veloppement humain et traitement des donn\u00e9es\",\"isPartOf\":{\"@id\":\"https:\/\/web.umons.ac.be\/sdht\/#website\"},\"datePublished\":\"2022-06-22T13:38:48+00:00\",\"dateModified\":\"2022-06-22T13:42:34+00:00\",\"breadcrumb\":{\"@id\":\"https:\/\/web.umons.ac.be\/sdht\/statistique\/#breadcrumb\"},\"inLanguage\":\"fr-FR\",\"potentialAction\":[{\"@type\":\"ReadAction\",\"target\":[\"https:\/\/web.umons.ac.be\/sdht\/statistique\/\"]}]},{\"@type\":\"BreadcrumbList\",\"@id\":\"https:\/\/web.umons.ac.be\/sdht\/statistique\/#breadcrumb\",\"itemListElement\":[{\"@type\":\"ListItem\",\"position\":1,\"name\":\"Home\",\"item\":\"https:\/\/web.umons.ac.be\/sdht\/\"},{\"@type\":\"ListItem\",\"position\":2,\"name\":\"P\u00e9dagogie de la statistique et des math\u00e9matiques\"}]},{\"@type\":\"WebSite\",\"@id\":\"https:\/\/web.umons.ac.be\/sdht\/#website\",\"url\":\"https:\/\/web.umons.ac.be\/sdht\/\",\"name\":\"Service \/ FPSE - D\u00e9veloppement humain et traitement des donn\u00e9es\",\"description\":\"\",\"potentialAction\":[{\"@type\":\"SearchAction\",\"target\":{\"@type\":\"EntryPoint\",\"urlTemplate\":\"https:\/\/web.umons.ac.be\/sdht\/?s={search_term_string}\"},\"query-input\":{\"@type\":\"PropertyValueSpecification\",\"valueRequired\":true,\"valueName\":\"search_term_string\"}}],\"inLanguage\":\"fr-FR\"}]}<\/script>\n<!-- \/ Yoast SEO plugin. -->","yoast_head_json":{"title":"P\u00e9dagogie de la statistique et des math\u00e9matiques - Service \/ FPSE - D\u00e9veloppement humain et traitement des donn\u00e9es","robots":{"index":"index","follow":"follow","max-snippet":"max-snippet:-1","max-image-preview":"max-image-preview:large","max-video-preview":"max-video-preview:-1"},"canonical":"https:\/\/web.umons.ac.be\/sdht\/statistique\/","og_locale":"fr_FR","og_type":"article","og_title":"P\u00e9dagogie de la statistique et des math\u00e9matiques - Service \/ FPSE - D\u00e9veloppement humain et traitement des donn\u00e9es","og_description":"\u00a0De Schryver Yohan, Elaboration et \u00e9valuation d\u2019un mat\u00e9riel p\u00e9dagogique original destin\u00e9 \u00e0 des activit\u00e9s de rem\u00e9diation en statistique, M\u00e9moire de licence, Facult\u00e9 de psychologie et des sciences de l&rsquo;\u00e9ducation, 2006. Sauvage Micha\u00ebl, Elaboration de modules de rem\u00e9diation autonome pour les \u00e9tudiants de premi\u00e8re ann\u00e9e du bachelier \u00e0 l&rsquo;aide de la plate-forme Exam&rsquo;s, Travail de fin [&hellip;]","og_url":"https:\/\/web.umons.ac.be\/sdht\/statistique\/","og_site_name":"Service \/ FPSE - D\u00e9veloppement humain et traitement des donn\u00e9es","article_modified_time":"2022-06-22T13:42:34+00:00","twitter_card":"summary_large_image","twitter_misc":{"Dur\u00e9e de lecture estim\u00e9e":"1 minute"},"schema":{"@context":"https:\/\/schema.org","@graph":[{"@type":"WebPage","@id":"https:\/\/web.umons.ac.be\/sdht\/statistique\/","url":"https:\/\/web.umons.ac.be\/sdht\/statistique\/","name":"P\u00e9dagogie de la statistique et des math\u00e9matiques - Service \/ FPSE - D\u00e9veloppement humain et traitement des donn\u00e9es","isPartOf":{"@id":"https:\/\/web.umons.ac.be\/sdht\/#website"},"datePublished":"2022-06-22T13:38:48+00:00","dateModified":"2022-06-22T13:42:34+00:00","breadcrumb":{"@id":"https:\/\/web.umons.ac.be\/sdht\/statistique\/#breadcrumb"},"inLanguage":"fr-FR","potentialAction":[{"@type":"ReadAction","target":["https:\/\/web.umons.ac.be\/sdht\/statistique\/"]}]},{"@type":"BreadcrumbList","@id":"https:\/\/web.umons.ac.be\/sdht\/statistique\/#breadcrumb","itemListElement":[{"@type":"ListItem","position":1,"name":"Home","item":"https:\/\/web.umons.ac.be\/sdht\/"},{"@type":"ListItem","position":2,"name":"P\u00e9dagogie de la statistique et des math\u00e9matiques"}]},{"@type":"WebSite","@id":"https:\/\/web.umons.ac.be\/sdht\/#website","url":"https:\/\/web.umons.ac.be\/sdht\/","name":"Service \/ FPSE - D\u00e9veloppement humain et traitement des donn\u00e9es","description":"","potentialAction":[{"@type":"SearchAction","target":{"@type":"EntryPoint","urlTemplate":"https:\/\/web.umons.ac.be\/sdht\/?s={search_term_string}"},"query-input":{"@type":"PropertyValueSpecification","valueRequired":true,"valueName":"search_term_string"}}],"inLanguage":"fr-FR"}]}},"lang":"fr","translations":{"fr":433},"pll_sync_post":[],"_links":{"self":[{"href":"https:\/\/web.umons.ac.be\/sdht\/wp-json\/wp\/v2\/pages\/433","targetHints":{"allow":["GET"]}}],"collection":[{"href":"https:\/\/web.umons.ac.be\/sdht\/wp-json\/wp\/v2\/pages"}],"about":[{"href":"https:\/\/web.umons.ac.be\/sdht\/wp-json\/wp\/v2\/types\/page"}],"author":[{"embeddable":true,"href":"https:\/\/web.umons.ac.be\/sdht\/wp-json\/wp\/v2\/users\/118"}],"replies":[{"embeddable":true,"href":"https:\/\/web.umons.ac.be\/sdht\/wp-json\/wp\/v2\/comments?post=433"}],"version-history":[{"count":3,"href":"https:\/\/web.umons.ac.be\/sdht\/wp-json\/wp\/v2\/pages\/433\/revisions"}],"predecessor-version":[{"id":440,"href":"https:\/\/web.umons.ac.be\/sdht\/wp-json\/wp\/v2\/pages\/433\/revisions\/440"}],"wp:attachment":[{"href":"https:\/\/web.umons.ac.be\/sdht\/wp-json\/wp\/v2\/media?parent=433"}],"curies":[{"name":"wp","href":"https:\/\/api.w.org\/{rel}","templated":true}]}}