{"id":59,"date":"2022-02-17T13:15:58","date_gmt":"2022-02-17T12:15:58","guid":{"rendered":"https:\/\/web.umons.ac.be\/sdht\/?page_id=59"},"modified":"2024-10-03T09:21:28","modified_gmt":"2024-10-03T07:21:28","slug":"theses-defendues","status":"publish","type":"page","link":"https:\/\/web.umons.ac.be\/sdht\/theses-2\/theses-defendues\/","title":{"rendered":"Th\u00e8ses d\u00e9fendues"},"content":{"rendered":"<ul>\n<li><strong>Dossou Y\u00e9lindo Patrick HOUESSOU<\/strong>,<em> Les d\u00e9terminants de l\u2019\u00e9chec \u00e0 l\u2019Universit\u00e9 d\u2019Abomey-<\/em><em>Calavi (B\u00e9nin): \u00e9tat des lieux, analyses et perspectives.<\/em> Th\u00e8se de doctorat, Facult\u00e9 de Psychologie et des sciences de l&rsquo;\u00e9ducation. Soutenance priv\u00e9e le 20 novembre 2007 et publique le 27 novembre 2007.<br \/>\nComposition du Jury: Marielle Bruyninckx (Promotrice), Bruno De Li\u00e8vre (Pr\u00e9sident), Patricia Nimal (secr\u00e9taire), Pol Dupont, Thierry de Waha (UCL), Jos\u00e9-Luis Wolfs (ULB).<\/li>\n<li><strong>Thierry DUMONCEAU<\/strong>, <em>Contribution \u00e0 la didactique du fran\u00e7ais langue maternelle, <\/em><em>L&rsquo;orthographe en question: repr\u00e9sentations, processus d&rsquo;acquisition, diagnostic et <\/em><em>rem\u00e9diation<\/em>. Th\u00e8se de doctorat, Facult\u00e9 de psychologie et des sciences de l&rsquo;\u00e9ducation.<br \/>\nSoutenance priv\u00e9e le 13 novembre 2008 et publique le 14 novembre 2008.<br \/>\nComposition du Jury: Marielle Bruyninckx (Promotrice), Myriam Piccaluga (Pr\u00e9sidente), Willy Lahaye (Secr\u00e9taire), Dan Van Raemdonck (ULB), Alain Braun.<\/li>\n<li><strong>Dimitri CAUCHIE<\/strong>, <em>Contribution \u00e0 la valorisation de la diversit\u00e9 ethnoculturelle au sein <\/em><em>de l\u2019\u00e9cole mauricienne en faveur d\u2019un d\u00e9veloppement humain plus \u00e9quitable.<\/em> Th\u00e8se de doctorat, Facult\u00e9 de psychologie et des sciences de l&rsquo;\u00e9ducation. Soutenance priv\u00e9e le 11 mars 2013 et publique le 13 mars 2013.<br \/>\nComposition du Jury: Marielle Bruyninckx (Promotrice), Bruno De Li\u00e8vre (Pr\u00e9sident), Patricia Nimal (Secr\u00e9taire), Agn\u00e8s Van Daele, Rada Tirvassen (Mauritius Institute of Education), Patrick Houessou (Universit\u00e9 d&rsquo;Abomey-Calavi).<\/li>\n<li><strong>Madisson BODART<\/strong>, <i><span style=\"font-weight: 400;\">Usages des outils technologiques de suivi au regard de la motivation et de la satisfaction des besoins fondamentaux li\u00e9es \u00e0 l\u2019activit\u00e9 physique : le cas de la course \u00e0 pied. <\/span><\/i>Th\u00e8se de doctorat, Facult\u00e9 de psychologie et des sciences de l&rsquo;\u00e9ducation. <i><\/i><span style=\"font-weight: 400;\"><span style=\"font-weight: 400;\">Soutenance priv\u00e9e le 24 mai 2023 et publique le 25 mai 2023.<br \/>\n<\/span><\/span>Composition du jury: <span style=\"font-size: 14px;\">Marielle Bruyninckx (promotrice), Dimitri Cauchie (co-promoteur), <\/span><span style=\"font-weight: 400;\">Ga\u00ebtan Temperman (Pr\u00e9sident), A. Van Daele (secr\u00e9taire), <\/span><span style=\"font-weight: 400;\">J.-P. DUPONT, UCL \u2013 HEL\u00e9onard de Vinci \u2013 Parnasse-ISEI , <\/span><span style=\"font-weight: 400;\">Alexandre MOUTON, ULi\u00e8ge.<\/span><\/li>\n<\/ul>\n","protected":false},"excerpt":{"rendered":"<p>Dossou Y\u00e9lindo Patrick HOUESSOU, Les d\u00e9terminants de l\u2019\u00e9chec \u00e0 l\u2019Universit\u00e9 d\u2019Abomey-Calavi (B\u00e9nin): \u00e9tat des lieux, analyses et perspectives. Th\u00e8se de doctorat, Facult\u00e9 de Psychologie et des sciences de l&rsquo;\u00e9ducation. Soutenance priv\u00e9e le 20 novembre 2007 et publique le 27 novembre 2007. Composition du Jury: Marielle Bruyninckx (Promotrice), Bruno De Li\u00e8vre (Pr\u00e9sident), Patricia Nimal (secr\u00e9taire), Pol [&hellip;]<\/p>\n","protected":false},"author":118,"featured_media":0,"parent":84,"menu_order":0,"comment_status":"closed","ping_status":"closed","template":"","meta":{"footnotes":""},"class_list":["post-59","page","type-page","status-publish","hentry"],"yoast_head":"<!-- This site is optimized with the Yoast SEO plugin v27.2 - https:\/\/yoast.com\/product\/yoast-seo-wordpress\/ -->\n<title>Th\u00e8ses d\u00e9fendues - Service \/ FPSE - D\u00e9veloppement humain et traitement des donn\u00e9es<\/title>\n<meta name=\"robots\" content=\"index, follow, max-snippet:-1, max-image-preview:large, max-video-preview:-1\" \/>\n<link rel=\"canonical\" href=\"https:\/\/web.umons.ac.be\/sdht\/theses-2\/theses-defendues\/\" \/>\n<meta property=\"og:locale\" content=\"fr_FR\" \/>\n<meta property=\"og:type\" content=\"article\" \/>\n<meta property=\"og:title\" content=\"Th\u00e8ses d\u00e9fendues - Service \/ FPSE - D\u00e9veloppement humain et traitement des donn\u00e9es\" \/>\n<meta property=\"og:description\" content=\"Dossou Y\u00e9lindo Patrick HOUESSOU, Les d\u00e9terminants de l\u2019\u00e9chec \u00e0 l\u2019Universit\u00e9 d\u2019Abomey-Calavi (B\u00e9nin): \u00e9tat des lieux, analyses et perspectives. Th\u00e8se de doctorat, Facult\u00e9 de Psychologie et des sciences de l&rsquo;\u00e9ducation. Soutenance priv\u00e9e le 20 novembre 2007 et publique le 27 novembre 2007. Composition du Jury: Marielle Bruyninckx (Promotrice), Bruno De Li\u00e8vre (Pr\u00e9sident), Patricia Nimal (secr\u00e9taire), Pol [&hellip;]\" \/>\n<meta property=\"og:url\" content=\"https:\/\/web.umons.ac.be\/sdht\/theses-2\/theses-defendues\/\" \/>\n<meta property=\"og:site_name\" content=\"Service \/ FPSE - D\u00e9veloppement humain et traitement des donn\u00e9es\" \/>\n<meta property=\"article:modified_time\" content=\"2024-10-03T07:21:28+00:00\" \/>\n<meta name=\"twitter:card\" content=\"summary_large_image\" \/>\n<meta name=\"twitter:label1\" content=\"Dur\u00e9e de lecture estim\u00e9e\" \/>\n\t<meta name=\"twitter:data1\" content=\"2 minutes\" \/>\n<script type=\"application\/ld+json\" class=\"yoast-schema-graph\">{\"@context\":\"https:\/\/schema.org\",\"@graph\":[{\"@type\":\"WebPage\",\"@id\":\"https:\/\/web.umons.ac.be\/sdht\/theses-2\/theses-defendues\/\",\"url\":\"https:\/\/web.umons.ac.be\/sdht\/theses-2\/theses-defendues\/\",\"name\":\"Th\u00e8ses d\u00e9fendues - Service \/ FPSE - D\u00e9veloppement humain et traitement des donn\u00e9es\",\"isPartOf\":{\"@id\":\"https:\/\/web.umons.ac.be\/sdht\/#website\"},\"datePublished\":\"2022-02-17T12:15:58+00:00\",\"dateModified\":\"2024-10-03T07:21:28+00:00\",\"breadcrumb\":{\"@id\":\"https:\/\/web.umons.ac.be\/sdht\/theses-2\/theses-defendues\/#breadcrumb\"},\"inLanguage\":\"fr-FR\",\"potentialAction\":[{\"@type\":\"ReadAction\",\"target\":[\"https:\/\/web.umons.ac.be\/sdht\/theses-2\/theses-defendues\/\"]}]},{\"@type\":\"BreadcrumbList\",\"@id\":\"https:\/\/web.umons.ac.be\/sdht\/theses-2\/theses-defendues\/#breadcrumb\",\"itemListElement\":[{\"@type\":\"ListItem\",\"position\":1,\"name\":\"Home\",\"item\":\"https:\/\/web.umons.ac.be\/sdht\/\"},{\"@type\":\"ListItem\",\"position\":2,\"name\":\"Th\u00e8ses\",\"item\":\"https:\/\/web.umons.ac.be\/sdht\/theses-2\/\"},{\"@type\":\"ListItem\",\"position\":3,\"name\":\"Th\u00e8ses d\u00e9fendues\"}]},{\"@type\":\"WebSite\",\"@id\":\"https:\/\/web.umons.ac.be\/sdht\/#website\",\"url\":\"https:\/\/web.umons.ac.be\/sdht\/\",\"name\":\"Service \/ FPSE - D\u00e9veloppement humain et traitement des donn\u00e9es\",\"description\":\"\",\"potentialAction\":[{\"@type\":\"SearchAction\",\"target\":{\"@type\":\"EntryPoint\",\"urlTemplate\":\"https:\/\/web.umons.ac.be\/sdht\/?s={search_term_string}\"},\"query-input\":{\"@type\":\"PropertyValueSpecification\",\"valueRequired\":true,\"valueName\":\"search_term_string\"}}],\"inLanguage\":\"fr-FR\"}]}<\/script>\n<!-- \/ Yoast SEO plugin. -->","yoast_head_json":{"title":"Th\u00e8ses d\u00e9fendues - Service \/ FPSE - D\u00e9veloppement humain et traitement des donn\u00e9es","robots":{"index":"index","follow":"follow","max-snippet":"max-snippet:-1","max-image-preview":"max-image-preview:large","max-video-preview":"max-video-preview:-1"},"canonical":"https:\/\/web.umons.ac.be\/sdht\/theses-2\/theses-defendues\/","og_locale":"fr_FR","og_type":"article","og_title":"Th\u00e8ses d\u00e9fendues - Service \/ FPSE - D\u00e9veloppement humain et traitement des donn\u00e9es","og_description":"Dossou Y\u00e9lindo Patrick HOUESSOU, Les d\u00e9terminants de l\u2019\u00e9chec \u00e0 l\u2019Universit\u00e9 d\u2019Abomey-Calavi (B\u00e9nin): \u00e9tat des lieux, analyses et perspectives. Th\u00e8se de doctorat, Facult\u00e9 de Psychologie et des sciences de l&rsquo;\u00e9ducation. Soutenance priv\u00e9e le 20 novembre 2007 et publique le 27 novembre 2007. Composition du Jury: Marielle Bruyninckx (Promotrice), Bruno De Li\u00e8vre (Pr\u00e9sident), Patricia Nimal (secr\u00e9taire), Pol [&hellip;]","og_url":"https:\/\/web.umons.ac.be\/sdht\/theses-2\/theses-defendues\/","og_site_name":"Service \/ FPSE - D\u00e9veloppement humain et traitement des donn\u00e9es","article_modified_time":"2024-10-03T07:21:28+00:00","twitter_card":"summary_large_image","twitter_misc":{"Dur\u00e9e de lecture estim\u00e9e":"2 minutes"},"schema":{"@context":"https:\/\/schema.org","@graph":[{"@type":"WebPage","@id":"https:\/\/web.umons.ac.be\/sdht\/theses-2\/theses-defendues\/","url":"https:\/\/web.umons.ac.be\/sdht\/theses-2\/theses-defendues\/","name":"Th\u00e8ses d\u00e9fendues - Service \/ FPSE - D\u00e9veloppement humain et traitement des donn\u00e9es","isPartOf":{"@id":"https:\/\/web.umons.ac.be\/sdht\/#website"},"datePublished":"2022-02-17T12:15:58+00:00","dateModified":"2024-10-03T07:21:28+00:00","breadcrumb":{"@id":"https:\/\/web.umons.ac.be\/sdht\/theses-2\/theses-defendues\/#breadcrumb"},"inLanguage":"fr-FR","potentialAction":[{"@type":"ReadAction","target":["https:\/\/web.umons.ac.be\/sdht\/theses-2\/theses-defendues\/"]}]},{"@type":"BreadcrumbList","@id":"https:\/\/web.umons.ac.be\/sdht\/theses-2\/theses-defendues\/#breadcrumb","itemListElement":[{"@type":"ListItem","position":1,"name":"Home","item":"https:\/\/web.umons.ac.be\/sdht\/"},{"@type":"ListItem","position":2,"name":"Th\u00e8ses","item":"https:\/\/web.umons.ac.be\/sdht\/theses-2\/"},{"@type":"ListItem","position":3,"name":"Th\u00e8ses d\u00e9fendues"}]},{"@type":"WebSite","@id":"https:\/\/web.umons.ac.be\/sdht\/#website","url":"https:\/\/web.umons.ac.be\/sdht\/","name":"Service \/ FPSE - D\u00e9veloppement humain et traitement des donn\u00e9es","description":"","potentialAction":[{"@type":"SearchAction","target":{"@type":"EntryPoint","urlTemplate":"https:\/\/web.umons.ac.be\/sdht\/?s={search_term_string}"},"query-input":{"@type":"PropertyValueSpecification","valueRequired":true,"valueName":"search_term_string"}}],"inLanguage":"fr-FR"}]}},"lang":"fr","translations":{"fr":59},"pll_sync_post":[],"_links":{"self":[{"href":"https:\/\/web.umons.ac.be\/sdht\/wp-json\/wp\/v2\/pages\/59","targetHints":{"allow":["GET"]}}],"collection":[{"href":"https:\/\/web.umons.ac.be\/sdht\/wp-json\/wp\/v2\/pages"}],"about":[{"href":"https:\/\/web.umons.ac.be\/sdht\/wp-json\/wp\/v2\/types\/page"}],"author":[{"embeddable":true,"href":"https:\/\/web.umons.ac.be\/sdht\/wp-json\/wp\/v2\/users\/118"}],"replies":[{"embeddable":true,"href":"https:\/\/web.umons.ac.be\/sdht\/wp-json\/wp\/v2\/comments?post=59"}],"version-history":[{"count":4,"href":"https:\/\/web.umons.ac.be\/sdht\/wp-json\/wp\/v2\/pages\/59\/revisions"}],"predecessor-version":[{"id":1101,"href":"https:\/\/web.umons.ac.be\/sdht\/wp-json\/wp\/v2\/pages\/59\/revisions\/1101"}],"up":[{"embeddable":true,"href":"https:\/\/web.umons.ac.be\/sdht\/wp-json\/wp\/v2\/pages\/84"}],"wp:attachment":[{"href":"https:\/\/web.umons.ac.be\/sdht\/wp-json\/wp\/v2\/media?parent=59"}],"curies":[{"name":"wp","href":"https:\/\/api.w.org\/{rel}","templated":true}]}}