{"id":63,"date":"2022-02-17T13:16:23","date_gmt":"2022-02-17T12:16:23","guid":{"rendered":"https:\/\/web.umons.ac.be\/sdht\/?page_id=63"},"modified":"2025-07-11T15:37:33","modified_gmt":"2025-07-11T13:37:33","slug":"theses-en-cours","status":"publish","type":"page","link":"https:\/\/web.umons.ac.be\/sdht\/theses-2\/theses-en-cours\/","title":{"rendered":"Th\u00e8ses en cours"},"content":{"rendered":"<ul>\n<li><strong>Cl\u00e9mence GEVA<\/strong><strong><br \/>\n<\/strong><\/li>\n<\/ul>\n<p style=\"text-align: left; padding-left: 40px;\">Sujet : <em>Parcours migratoire et d\u00e9veloppement psychosocial des personnes qui demandent l\u2019asile en Belgique en raison de leur orientation sexuelle<\/em><em>.<\/em><\/p>\n<p style=\"padding-left: 40px;\">Comit\u00e9 d&rsquo;accompagnement: Dimitri Cauchie (Promoteur), Marielle Bruyninckx (Co-promotrice), Audrey Vicenzutto (Pr\u00e9sidente), Jennifer Denis.<\/p>\n<ul>\n<li><strong>L\u00e9a LACOURT<br \/>\n<\/strong><\/li>\n<\/ul>\n<p style=\"text-align: left; padding-left: 40px;\">Sujet : <em>Prise en compte de la diversit\u00e9 culturelle dans les pratiques des psychologues infanto-juv\u00e9niles en Belgique francophone.<\/em><\/p>\n<p style=\"padding-left: 40px;\">Comit\u00e9 d&rsquo;accompagnement: Dimitri Cauchie (Promoteur), Marielle Bruyninckx (Co-promotrice), Justine Gaugue (Pr\u00e9sidente), Mandy Rossignol.<\/p>\n<ul>\n<li><strong>Anne LAMBERT<\/strong><\/li>\n<\/ul>\n<p style=\"padding-left: 40px;\">Sujet : <em>Transmission de g\u00e9n\u00e9ration en g\u00e9n\u00e9ration de la m\u00e9moire de la Shoah dans les familles de descendants d\u2019enfants juifs cach\u00e9s pendant la Seconde Guerre mondiale.<br \/>\n<\/em><\/p>\n<p style=\"padding-left: 40px;\">Comit\u00e9 d&rsquo;accompagnement: Marielle Bruyninckx (Promotrice), Dimitri Cauchie (Co-promoteur), Willy Lahaye (Pr\u00e9sident), Karim Boumazguida.<\/p>\n<ul>\n<li><strong>Gauthier RENARD<br \/>\n<\/strong><\/li>\n<\/ul>\n<p style=\"padding-left: 40px;\">Sujet : <em>Analyse de l\u2019utilisation de l&rsquo;intelligence artificielle dans un contexte th\u00e9orique de d\u00e9croissance<\/em><\/p>\n<p style=\"padding-left: 40px;\">Comit\u00e9 d&rsquo;accompagnement: Dimitri Cauchie (Promoteur), Virginie Vandebulcke (Co-promotrice), Isabelle Simoes Loureiro (Pr\u00e9sidente), S\u00e9bastien Bette<\/p>\n<ul>\n<li><strong>Lisa SANTORO<br \/>\n<\/strong><\/li>\n<\/ul>\n<p style=\"padding-left: 40px;\">Sujet : <em>Prise en compte de la diversit\u00e9 culturelle au sein des pratiques cliniques des professionnels de la sant\u00e9 li\u00e9es au vieillissement<\/em><\/p>\n<p style=\"padding-left: 40px;\">Comit\u00e9 d&rsquo;accompagnement: Dimitri Cauchie (Promoteur), Marielle Bruyninckx (Co-promotrice), Virginie Roland (Pr\u00e9sidente), Isabelle Simoes Loureiro<\/p>\n<p style=\"padding-left: 40px;\">\n","protected":false},"excerpt":{"rendered":"<p>Cl\u00e9mence GEVA Sujet : Parcours migratoire et d\u00e9veloppement psychosocial des personnes qui demandent l\u2019asile en Belgique en raison de leur orientation sexuelle. Comit\u00e9 d&rsquo;accompagnement: Dimitri Cauchie (Promoteur), Marielle Bruyninckx (Co-promotrice), Audrey Vicenzutto (Pr\u00e9sidente), Jennifer Denis. L\u00e9a LACOURT Sujet : Prise en compte de la diversit\u00e9 culturelle dans les pratiques des psychologues infanto-juv\u00e9niles en Belgique francophone. [&hellip;]<\/p>\n","protected":false},"author":118,"featured_media":0,"parent":84,"menu_order":0,"comment_status":"closed","ping_status":"closed","template":"","meta":{"footnotes":""},"class_list":["post-63","page","type-page","status-publish","hentry"],"yoast_head":"<!-- This site is optimized with the Yoast SEO plugin v27.2 - https:\/\/yoast.com\/product\/yoast-seo-wordpress\/ -->\n<title>Th\u00e8ses en cours - Service \/ FPSE - D\u00e9veloppement humain et traitement des donn\u00e9es<\/title>\n<meta name=\"robots\" content=\"index, follow, max-snippet:-1, max-image-preview:large, max-video-preview:-1\" \/>\n<link rel=\"canonical\" href=\"https:\/\/web.umons.ac.be\/sdht\/theses-2\/theses-en-cours\/\" \/>\n<meta property=\"og:locale\" content=\"fr_FR\" \/>\n<meta property=\"og:type\" content=\"article\" \/>\n<meta property=\"og:title\" content=\"Th\u00e8ses en cours - Service \/ FPSE - D\u00e9veloppement humain et traitement des donn\u00e9es\" \/>\n<meta property=\"og:description\" content=\"Cl\u00e9mence GEVA Sujet : Parcours migratoire et d\u00e9veloppement psychosocial des personnes qui demandent l\u2019asile en Belgique en raison de leur orientation sexuelle. Comit\u00e9 d&rsquo;accompagnement: Dimitri Cauchie (Promoteur), Marielle Bruyninckx (Co-promotrice), Audrey Vicenzutto (Pr\u00e9sidente), Jennifer Denis. L\u00e9a LACOURT Sujet : Prise en compte de la diversit\u00e9 culturelle dans les pratiques des psychologues infanto-juv\u00e9niles en Belgique francophone. [&hellip;]\" \/>\n<meta property=\"og:url\" content=\"https:\/\/web.umons.ac.be\/sdht\/theses-2\/theses-en-cours\/\" \/>\n<meta property=\"og:site_name\" content=\"Service \/ FPSE - D\u00e9veloppement humain et traitement des donn\u00e9es\" \/>\n<meta property=\"article:modified_time\" content=\"2025-07-11T13:37:33+00:00\" \/>\n<meta name=\"twitter:card\" content=\"summary_large_image\" \/>\n<meta name=\"twitter:label1\" content=\"Dur\u00e9e de lecture estim\u00e9e\" \/>\n\t<meta name=\"twitter:data1\" content=\"1 minute\" \/>\n<script type=\"application\/ld+json\" class=\"yoast-schema-graph\">{\"@context\":\"https:\/\/schema.org\",\"@graph\":[{\"@type\":\"WebPage\",\"@id\":\"https:\/\/web.umons.ac.be\/sdht\/theses-2\/theses-en-cours\/\",\"url\":\"https:\/\/web.umons.ac.be\/sdht\/theses-2\/theses-en-cours\/\",\"name\":\"Th\u00e8ses en cours - Service \/ FPSE - D\u00e9veloppement humain et traitement des donn\u00e9es\",\"isPartOf\":{\"@id\":\"https:\/\/web.umons.ac.be\/sdht\/#website\"},\"datePublished\":\"2022-02-17T12:16:23+00:00\",\"dateModified\":\"2025-07-11T13:37:33+00:00\",\"breadcrumb\":{\"@id\":\"https:\/\/web.umons.ac.be\/sdht\/theses-2\/theses-en-cours\/#breadcrumb\"},\"inLanguage\":\"fr-FR\",\"potentialAction\":[{\"@type\":\"ReadAction\",\"target\":[\"https:\/\/web.umons.ac.be\/sdht\/theses-2\/theses-en-cours\/\"]}]},{\"@type\":\"BreadcrumbList\",\"@id\":\"https:\/\/web.umons.ac.be\/sdht\/theses-2\/theses-en-cours\/#breadcrumb\",\"itemListElement\":[{\"@type\":\"ListItem\",\"position\":1,\"name\":\"Home\",\"item\":\"https:\/\/web.umons.ac.be\/sdht\/\"},{\"@type\":\"ListItem\",\"position\":2,\"name\":\"Th\u00e8ses\",\"item\":\"https:\/\/web.umons.ac.be\/sdht\/theses-2\/\"},{\"@type\":\"ListItem\",\"position\":3,\"name\":\"Th\u00e8ses en cours\"}]},{\"@type\":\"WebSite\",\"@id\":\"https:\/\/web.umons.ac.be\/sdht\/#website\",\"url\":\"https:\/\/web.umons.ac.be\/sdht\/\",\"name\":\"Service \/ FPSE - D\u00e9veloppement humain et traitement des donn\u00e9es\",\"description\":\"\",\"potentialAction\":[{\"@type\":\"SearchAction\",\"target\":{\"@type\":\"EntryPoint\",\"urlTemplate\":\"https:\/\/web.umons.ac.be\/sdht\/?s={search_term_string}\"},\"query-input\":{\"@type\":\"PropertyValueSpecification\",\"valueRequired\":true,\"valueName\":\"search_term_string\"}}],\"inLanguage\":\"fr-FR\"}]}<\/script>\n<!-- \/ Yoast SEO plugin. -->","yoast_head_json":{"title":"Th\u00e8ses en cours - Service \/ FPSE - D\u00e9veloppement humain et traitement des donn\u00e9es","robots":{"index":"index","follow":"follow","max-snippet":"max-snippet:-1","max-image-preview":"max-image-preview:large","max-video-preview":"max-video-preview:-1"},"canonical":"https:\/\/web.umons.ac.be\/sdht\/theses-2\/theses-en-cours\/","og_locale":"fr_FR","og_type":"article","og_title":"Th\u00e8ses en cours - Service \/ FPSE - D\u00e9veloppement humain et traitement des donn\u00e9es","og_description":"Cl\u00e9mence GEVA Sujet : Parcours migratoire et d\u00e9veloppement psychosocial des personnes qui demandent l\u2019asile en Belgique en raison de leur orientation sexuelle. Comit\u00e9 d&rsquo;accompagnement: Dimitri Cauchie (Promoteur), Marielle Bruyninckx (Co-promotrice), Audrey Vicenzutto (Pr\u00e9sidente), Jennifer Denis. L\u00e9a LACOURT Sujet : Prise en compte de la diversit\u00e9 culturelle dans les pratiques des psychologues infanto-juv\u00e9niles en Belgique francophone. [&hellip;]","og_url":"https:\/\/web.umons.ac.be\/sdht\/theses-2\/theses-en-cours\/","og_site_name":"Service \/ FPSE - D\u00e9veloppement humain et traitement des donn\u00e9es","article_modified_time":"2025-07-11T13:37:33+00:00","twitter_card":"summary_large_image","twitter_misc":{"Dur\u00e9e de lecture estim\u00e9e":"1 minute"},"schema":{"@context":"https:\/\/schema.org","@graph":[{"@type":"WebPage","@id":"https:\/\/web.umons.ac.be\/sdht\/theses-2\/theses-en-cours\/","url":"https:\/\/web.umons.ac.be\/sdht\/theses-2\/theses-en-cours\/","name":"Th\u00e8ses en cours - Service \/ FPSE - D\u00e9veloppement humain et traitement des donn\u00e9es","isPartOf":{"@id":"https:\/\/web.umons.ac.be\/sdht\/#website"},"datePublished":"2022-02-17T12:16:23+00:00","dateModified":"2025-07-11T13:37:33+00:00","breadcrumb":{"@id":"https:\/\/web.umons.ac.be\/sdht\/theses-2\/theses-en-cours\/#breadcrumb"},"inLanguage":"fr-FR","potentialAction":[{"@type":"ReadAction","target":["https:\/\/web.umons.ac.be\/sdht\/theses-2\/theses-en-cours\/"]}]},{"@type":"BreadcrumbList","@id":"https:\/\/web.umons.ac.be\/sdht\/theses-2\/theses-en-cours\/#breadcrumb","itemListElement":[{"@type":"ListItem","position":1,"name":"Home","item":"https:\/\/web.umons.ac.be\/sdht\/"},{"@type":"ListItem","position":2,"name":"Th\u00e8ses","item":"https:\/\/web.umons.ac.be\/sdht\/theses-2\/"},{"@type":"ListItem","position":3,"name":"Th\u00e8ses en cours"}]},{"@type":"WebSite","@id":"https:\/\/web.umons.ac.be\/sdht\/#website","url":"https:\/\/web.umons.ac.be\/sdht\/","name":"Service \/ FPSE - D\u00e9veloppement humain et traitement des donn\u00e9es","description":"","potentialAction":[{"@type":"SearchAction","target":{"@type":"EntryPoint","urlTemplate":"https:\/\/web.umons.ac.be\/sdht\/?s={search_term_string}"},"query-input":{"@type":"PropertyValueSpecification","valueRequired":true,"valueName":"search_term_string"}}],"inLanguage":"fr-FR"}]}},"lang":"fr","translations":{"fr":63},"pll_sync_post":[],"_links":{"self":[{"href":"https:\/\/web.umons.ac.be\/sdht\/wp-json\/wp\/v2\/pages\/63","targetHints":{"allow":["GET"]}}],"collection":[{"href":"https:\/\/web.umons.ac.be\/sdht\/wp-json\/wp\/v2\/pages"}],"about":[{"href":"https:\/\/web.umons.ac.be\/sdht\/wp-json\/wp\/v2\/types\/page"}],"author":[{"embeddable":true,"href":"https:\/\/web.umons.ac.be\/sdht\/wp-json\/wp\/v2\/users\/118"}],"replies":[{"embeddable":true,"href":"https:\/\/web.umons.ac.be\/sdht\/wp-json\/wp\/v2\/comments?post=63"}],"version-history":[{"count":5,"href":"https:\/\/web.umons.ac.be\/sdht\/wp-json\/wp\/v2\/pages\/63\/revisions"}],"predecessor-version":[{"id":1234,"href":"https:\/\/web.umons.ac.be\/sdht\/wp-json\/wp\/v2\/pages\/63\/revisions\/1234"}],"up":[{"embeddable":true,"href":"https:\/\/web.umons.ac.be\/sdht\/wp-json\/wp\/v2\/pages\/84"}],"wp:attachment":[{"href":"https:\/\/web.umons.ac.be\/sdht\/wp-json\/wp\/v2\/media?parent=63"}],"curies":[{"name":"wp","href":"https:\/\/api.w.org\/{rel}","templated":true}]}}