{"id":849,"date":"2023-09-04T11:48:28","date_gmt":"2023-09-04T09:48:28","guid":{"rendered":"https:\/\/web.umons.ac.be\/sdht\/?page_id=849"},"modified":"2025-07-02T08:58:21","modified_gmt":"2025-07-02T06:58:21","slug":"stages-de-recherche","status":"publish","type":"page","link":"https:\/\/web.umons.ac.be\/sdht\/stages-de-recherche\/","title":{"rendered":"Stages de recherche"},"content":{"rendered":"<ul>\n<li>Gilles Delm\u00e9e : stage de recherche sur le d\u00e9veloppement interculturel, (Service de D\u00e9veloppement humain et traitement des donn\u00e9es), 2004-2005.<\/li>\n<li>Guillaume Tribout : \u00e9laboration de projets de recherche sur le d\u00e9veloppement en contextes extr\u00eames (travail bibliographique, \u00e9valuation de faisabilit\u00e9, r\u00e9flexions m\u00e9thodologiques\u2026) autour des personnes ayant v\u00e9cu la Guerre de Cor\u00e9e (1950-1953) ou ayant \u00e9t\u00e9 engag\u00e9es dans ce conflit, 2011-2012.<\/li>\n<li>Victoria Lufin\u00a0: stage de recherche sur la litt\u00e9rature destin\u00e9e aux enfants \u00e0 propos de la guerre, 2022-2023.<\/li>\n<li>Lucie Mertens : stage de recherche \u00e0 propos des lieux de m\u00e9moire pour l\u2019\u00e9ducation \u00e0 la citoyennet\u00e9, 2023-2024.<\/li>\n<li>Lauren Pin\u00a0: stage de recherche sur la litt\u00e9rature \u00e0 propos de la guerre destin\u00e9e aux adolescents, 2023-2024.<\/li>\n<li>Aissa Saidane\u00a0: stage de recherche sur les jeux vid\u00e9o \u00e0 propos de la guerre destin\u00e9s aux adolescents, 2023-2024.<\/li>\n<li>Janelle Tirlocq\u00a0: stage de recherche sur les \u0153uvres cin\u00e9matographiques \u00e0 propos de la guerre destin\u00e9es aux adolescents, 2023-2024.<\/li>\n<li>Aur\u00e9lie Vandenbosch : stage de recherche sur les \u0153uvres cin\u00e9matographiques \u00e0 propos de la guerre destin\u00e9es aux enfants, 2023-2024.<\/li>\n<li>Sidney Depret : stage de recherche sur la litt\u00e9rature \u00e0 propos de la diversit\u00e9 des genres destin\u00e9e aux enfants, 2023-2024.<\/li>\n<li>Camille Gaita\u00a0: stage de recherche sur les \u0153uvres cin\u00e9matographiques \u00e0 propos du racisme destin\u00e9es aux enfants et adolescents, 2023-2024.<\/li>\n<li>Angela Gashi\u00a0: stage de recherche sur la litt\u00e9rature \u00e0 propos de l\u2019exil et la migration destin\u00e9e aux enfants, 2023-2024.<\/li>\n<li>Camille Hellebaut\u00a0: stage de recherche sur la litt\u00e9rature \u00e0 propos de l\u2019exil et la migration destin\u00e9e aux adolescents, 2023-2024.<\/li>\n<li>Sophie Paternoster\u00a0: stage de recherche sur la litt\u00e9rature \u00e0 propos de la diversit\u00e9 des genres destin\u00e9e aux adolescents, 2023-2024.<\/li>\n<li>Zo\u00e9 Pues : stage de recherche sur la litt\u00e9rature \u00e0 propos du consentement pour les enfants de 6 \u00e0 12 ans, 2023-2024.<\/li>\n<li>Kassandra Valente : stage de recherche sur les repr\u00e9sentations de la sant\u00e9 mentale des personnes issues de la diversit\u00e9 culturelle, 2023-2024.<\/li>\n<li>Sarah Dassonville : stage de recherche sur les outils pour une \u00e9ducation au travail de m\u00e9moire centr\u00e9e sur les femmes, 2024-2025.<\/li>\n<li>Nicolas De Felice : stage de recherche sur les \u00e9motions ressenties par les \u00e9tudiants face aux math\u00e9matiques, 2024-2025.<\/li>\n<li>Margot Navez : mise en place d\u2019une plateforme informatique proposant aux enseignants un choix d\u2019outils pour parler de la guerre en classe, 2024-2025.<\/li>\n<li>Rachid Elajmi : stage de recherche sur les jeux vid\u00e9o \u00e0 propos de la guerre destin\u00e9s aux adolescents, 2024-2025.<\/li>\n<li>Inssaf Khattou : stage de recherche sur l\u2019\u00e9ducation au travail de m\u00e9moire avec des podcasts, 2024-2025.<\/li>\n<\/ul>\n","protected":false},"excerpt":{"rendered":"<p>Gilles Delm\u00e9e : stage de recherche sur le d\u00e9veloppement interculturel, (Service de D\u00e9veloppement humain et traitement des donn\u00e9es), 2004-2005. Guillaume Tribout : \u00e9laboration de projets de recherche sur le d\u00e9veloppement en contextes extr\u00eames (travail bibliographique, \u00e9valuation de faisabilit\u00e9, r\u00e9flexions m\u00e9thodologiques\u2026) autour des personnes ayant v\u00e9cu la Guerre de Cor\u00e9e (1950-1953) ou ayant \u00e9t\u00e9 engag\u00e9es dans [&hellip;]<\/p>\n","protected":false},"author":118,"featured_media":0,"parent":0,"menu_order":0,"comment_status":"closed","ping_status":"closed","template":"","meta":{"footnotes":""},"class_list":["post-849","page","type-page","status-publish","hentry"],"yoast_head":"<!-- This site is optimized with the Yoast SEO plugin v27.2 - https:\/\/yoast.com\/product\/yoast-seo-wordpress\/ -->\n<title>Stages de recherche - Service \/ FPSE - D\u00e9veloppement humain et traitement des donn\u00e9es<\/title>\n<meta name=\"robots\" content=\"index, follow, max-snippet:-1, max-image-preview:large, max-video-preview:-1\" \/>\n<link rel=\"canonical\" href=\"https:\/\/web.umons.ac.be\/sdht\/stages-de-recherche\/\" \/>\n<meta property=\"og:locale\" content=\"fr_FR\" \/>\n<meta property=\"og:type\" content=\"article\" \/>\n<meta property=\"og:title\" content=\"Stages de recherche - Service \/ FPSE - D\u00e9veloppement humain et traitement des donn\u00e9es\" \/>\n<meta property=\"og:description\" content=\"Gilles Delm\u00e9e : stage de recherche sur le d\u00e9veloppement interculturel, (Service de D\u00e9veloppement humain et traitement des donn\u00e9es), 2004-2005. Guillaume Tribout : \u00e9laboration de projets de recherche sur le d\u00e9veloppement en contextes extr\u00eames (travail bibliographique, \u00e9valuation de faisabilit\u00e9, r\u00e9flexions m\u00e9thodologiques\u2026) autour des personnes ayant v\u00e9cu la Guerre de Cor\u00e9e (1950-1953) ou ayant \u00e9t\u00e9 engag\u00e9es dans [&hellip;]\" \/>\n<meta property=\"og:url\" content=\"https:\/\/web.umons.ac.be\/sdht\/stages-de-recherche\/\" \/>\n<meta property=\"og:site_name\" content=\"Service \/ FPSE - D\u00e9veloppement humain et traitement des donn\u00e9es\" \/>\n<meta property=\"article:modified_time\" content=\"2025-07-02T06:58:21+00:00\" \/>\n<meta name=\"twitter:card\" content=\"summary_large_image\" \/>\n<meta name=\"twitter:label1\" content=\"Dur\u00e9e de lecture estim\u00e9e\" \/>\n\t<meta name=\"twitter:data1\" content=\"2 minutes\" \/>\n<script type=\"application\/ld+json\" class=\"yoast-schema-graph\">{\"@context\":\"https:\/\/schema.org\",\"@graph\":[{\"@type\":\"WebPage\",\"@id\":\"https:\/\/web.umons.ac.be\/sdht\/stages-de-recherche\/\",\"url\":\"https:\/\/web.umons.ac.be\/sdht\/stages-de-recherche\/\",\"name\":\"Stages de recherche - Service \/ FPSE - D\u00e9veloppement humain et traitement des donn\u00e9es\",\"isPartOf\":{\"@id\":\"https:\/\/web.umons.ac.be\/sdht\/#website\"},\"datePublished\":\"2023-09-04T09:48:28+00:00\",\"dateModified\":\"2025-07-02T06:58:21+00:00\",\"breadcrumb\":{\"@id\":\"https:\/\/web.umons.ac.be\/sdht\/stages-de-recherche\/#breadcrumb\"},\"inLanguage\":\"fr-FR\",\"potentialAction\":[{\"@type\":\"ReadAction\",\"target\":[\"https:\/\/web.umons.ac.be\/sdht\/stages-de-recherche\/\"]}]},{\"@type\":\"BreadcrumbList\",\"@id\":\"https:\/\/web.umons.ac.be\/sdht\/stages-de-recherche\/#breadcrumb\",\"itemListElement\":[{\"@type\":\"ListItem\",\"position\":1,\"name\":\"Home\",\"item\":\"https:\/\/web.umons.ac.be\/sdht\/\"},{\"@type\":\"ListItem\",\"position\":2,\"name\":\"Stages de recherche\"}]},{\"@type\":\"WebSite\",\"@id\":\"https:\/\/web.umons.ac.be\/sdht\/#website\",\"url\":\"https:\/\/web.umons.ac.be\/sdht\/\",\"name\":\"Service \/ FPSE - D\u00e9veloppement humain et traitement des donn\u00e9es\",\"description\":\"\",\"potentialAction\":[{\"@type\":\"SearchAction\",\"target\":{\"@type\":\"EntryPoint\",\"urlTemplate\":\"https:\/\/web.umons.ac.be\/sdht\/?s={search_term_string}\"},\"query-input\":{\"@type\":\"PropertyValueSpecification\",\"valueRequired\":true,\"valueName\":\"search_term_string\"}}],\"inLanguage\":\"fr-FR\"}]}<\/script>\n<!-- \/ Yoast SEO plugin. -->","yoast_head_json":{"title":"Stages de recherche - Service \/ FPSE - D\u00e9veloppement humain et traitement des donn\u00e9es","robots":{"index":"index","follow":"follow","max-snippet":"max-snippet:-1","max-image-preview":"max-image-preview:large","max-video-preview":"max-video-preview:-1"},"canonical":"https:\/\/web.umons.ac.be\/sdht\/stages-de-recherche\/","og_locale":"fr_FR","og_type":"article","og_title":"Stages de recherche - Service \/ FPSE - D\u00e9veloppement humain et traitement des donn\u00e9es","og_description":"Gilles Delm\u00e9e : stage de recherche sur le d\u00e9veloppement interculturel, (Service de D\u00e9veloppement humain et traitement des donn\u00e9es), 2004-2005. Guillaume Tribout : \u00e9laboration de projets de recherche sur le d\u00e9veloppement en contextes extr\u00eames (travail bibliographique, \u00e9valuation de faisabilit\u00e9, r\u00e9flexions m\u00e9thodologiques\u2026) autour des personnes ayant v\u00e9cu la Guerre de Cor\u00e9e (1950-1953) ou ayant \u00e9t\u00e9 engag\u00e9es dans [&hellip;]","og_url":"https:\/\/web.umons.ac.be\/sdht\/stages-de-recherche\/","og_site_name":"Service \/ FPSE - D\u00e9veloppement humain et traitement des donn\u00e9es","article_modified_time":"2025-07-02T06:58:21+00:00","twitter_card":"summary_large_image","twitter_misc":{"Dur\u00e9e de lecture estim\u00e9e":"2 minutes"},"schema":{"@context":"https:\/\/schema.org","@graph":[{"@type":"WebPage","@id":"https:\/\/web.umons.ac.be\/sdht\/stages-de-recherche\/","url":"https:\/\/web.umons.ac.be\/sdht\/stages-de-recherche\/","name":"Stages de recherche - Service \/ FPSE - D\u00e9veloppement humain et traitement des donn\u00e9es","isPartOf":{"@id":"https:\/\/web.umons.ac.be\/sdht\/#website"},"datePublished":"2023-09-04T09:48:28+00:00","dateModified":"2025-07-02T06:58:21+00:00","breadcrumb":{"@id":"https:\/\/web.umons.ac.be\/sdht\/stages-de-recherche\/#breadcrumb"},"inLanguage":"fr-FR","potentialAction":[{"@type":"ReadAction","target":["https:\/\/web.umons.ac.be\/sdht\/stages-de-recherche\/"]}]},{"@type":"BreadcrumbList","@id":"https:\/\/web.umons.ac.be\/sdht\/stages-de-recherche\/#breadcrumb","itemListElement":[{"@type":"ListItem","position":1,"name":"Home","item":"https:\/\/web.umons.ac.be\/sdht\/"},{"@type":"ListItem","position":2,"name":"Stages de recherche"}]},{"@type":"WebSite","@id":"https:\/\/web.umons.ac.be\/sdht\/#website","url":"https:\/\/web.umons.ac.be\/sdht\/","name":"Service \/ FPSE - D\u00e9veloppement humain et traitement des donn\u00e9es","description":"","potentialAction":[{"@type":"SearchAction","target":{"@type":"EntryPoint","urlTemplate":"https:\/\/web.umons.ac.be\/sdht\/?s={search_term_string}"},"query-input":{"@type":"PropertyValueSpecification","valueRequired":true,"valueName":"search_term_string"}}],"inLanguage":"fr-FR"}]}},"lang":"fr","translations":{"fr":849},"pll_sync_post":[],"_links":{"self":[{"href":"https:\/\/web.umons.ac.be\/sdht\/wp-json\/wp\/v2\/pages\/849","targetHints":{"allow":["GET"]}}],"collection":[{"href":"https:\/\/web.umons.ac.be\/sdht\/wp-json\/wp\/v2\/pages"}],"about":[{"href":"https:\/\/web.umons.ac.be\/sdht\/wp-json\/wp\/v2\/types\/page"}],"author":[{"embeddable":true,"href":"https:\/\/web.umons.ac.be\/sdht\/wp-json\/wp\/v2\/users\/118"}],"replies":[{"embeddable":true,"href":"https:\/\/web.umons.ac.be\/sdht\/wp-json\/wp\/v2\/comments?post=849"}],"version-history":[{"count":3,"href":"https:\/\/web.umons.ac.be\/sdht\/wp-json\/wp\/v2\/pages\/849\/revisions"}],"predecessor-version":[{"id":1222,"href":"https:\/\/web.umons.ac.be\/sdht\/wp-json\/wp\/v2\/pages\/849\/revisions\/1222"}],"wp:attachment":[{"href":"https:\/\/web.umons.ac.be\/sdht\/wp-json\/wp\/v2\/media?parent=849"}],"curies":[{"name":"wp","href":"https:\/\/api.w.org\/{rel}","templated":true}]}}