{"id":11,"date":"2021-11-09T09:25:48","date_gmt":"2021-11-09T08:25:48","guid":{"rendered":"https:\/\/web.umons.ac.be\/sdma\/activites-denseignement\/"},"modified":"2021-11-09T09:47:05","modified_gmt":"2021-11-09T08:47:05","slug":"activites-denseignement","status":"publish","type":"page","link":"https:\/\/web.umons.ac.be\/sdma\/activites-denseignement\/","title":{"rendered":"Activit\u00e9s d&rsquo;enseignement"},"content":{"rendered":"<ul>\n<li>Advanced ceramics<\/li>\n<li>Chimie physique<\/li>\n<li>Chimie r\u00e9actionnelle<\/li>\n<li>Cin\u00e9tique chimique et catalyse<\/li>\n<li>Connaissance des mat\u00e9riaux<\/li>\n<li>Connaissances et choix des mat\u00e9riaux<\/li>\n<li>Corrosion and Surface Treatment<\/li>\n<li>Electrochimie et applications<\/li>\n<li>\u00c9l\u00e9ments de chimie g\u00e9n\u00e9rale<\/li>\n<li>\u00c9l\u00e9ments de chimie physique et applications<\/li>\n<li>Mat\u00e9riaux min\u00e9raux<\/li>\n<li>Physicochimie des surfaces<\/li>\n<li>Physique de l&rsquo;\u00e9tat solide<\/li>\n<li>Prediction and analysis of mechanical failure<\/li>\n<li>Rh\u00e9ologie g\u00e9n\u00e9rale<\/li>\n<li>Science des mat\u00e9riaux<\/li>\n<\/ul>\n","protected":false},"excerpt":{"rendered":"<p>Advanced ceramics Chimie physique Chimie r\u00e9actionnelle Cin\u00e9tique chimique et catalyse Connaissance des mat\u00e9riaux Connaissances et choix des mat\u00e9riaux Corrosion and Surface Treatment Electrochimie et applications \u00c9l\u00e9ments de chimie g\u00e9n\u00e9rale \u00c9l\u00e9ments de chimie physique et applications Mat\u00e9riaux min\u00e9raux Physicochimie des surfaces Physique de l&rsquo;\u00e9tat solide Prediction and analysis of mechanical failure Rh\u00e9ologie g\u00e9n\u00e9rale Science des mat\u00e9riaux<\/p>\n","protected":false},"author":4,"featured_media":0,"parent":0,"menu_order":0,"comment_status":"closed","ping_status":"closed","template":"","meta":{"footnotes":""},"class_list":["post-11","page","type-page","status-publish","hentry"],"yoast_head":"<!-- This site is optimized with the Yoast SEO plugin v27.2 - https:\/\/yoast.com\/product\/yoast-seo-wordpress\/ -->\n<title>Activit\u00e9s d&#039;enseignement - Service \/ FPMS - Science des Mat\u00e9riaux<\/title>\n<meta name=\"robots\" content=\"index, follow, max-snippet:-1, max-image-preview:large, max-video-preview:-1\" \/>\n<link rel=\"canonical\" href=\"https:\/\/web.umons.ac.be\/sdma\/activites-denseignement\/\" \/>\n<meta property=\"og:locale\" content=\"fr_FR\" \/>\n<meta property=\"og:type\" content=\"article\" \/>\n<meta property=\"og:title\" content=\"Activit\u00e9s d&#039;enseignement - Service \/ FPMS - Science des Mat\u00e9riaux\" \/>\n<meta property=\"og:description\" content=\"Advanced ceramics Chimie physique Chimie r\u00e9actionnelle Cin\u00e9tique chimique et catalyse Connaissance des mat\u00e9riaux Connaissances et choix des mat\u00e9riaux Corrosion and Surface Treatment Electrochimie et applications \u00c9l\u00e9ments de chimie g\u00e9n\u00e9rale \u00c9l\u00e9ments de chimie physique et applications Mat\u00e9riaux min\u00e9raux Physicochimie des surfaces Physique de l&rsquo;\u00e9tat solide Prediction and analysis of mechanical failure Rh\u00e9ologie g\u00e9n\u00e9rale Science des mat\u00e9riaux\" \/>\n<meta property=\"og:url\" content=\"https:\/\/web.umons.ac.be\/sdma\/activites-denseignement\/\" \/>\n<meta property=\"og:site_name\" content=\"Service \/ FPMS - Science des Mat\u00e9riaux\" \/>\n<meta property=\"article:modified_time\" content=\"2021-11-09T08:47:05+00:00\" \/>\n<meta name=\"twitter:card\" content=\"summary_large_image\" \/>\n<meta name=\"twitter:label1\" content=\"Dur\u00e9e de lecture estim\u00e9e\" \/>\n\t<meta name=\"twitter:data1\" content=\"1 minute\" \/>\n<script type=\"application\/ld+json\" class=\"yoast-schema-graph\">{\"@context\":\"https:\/\/schema.org\",\"@graph\":[{\"@type\":\"WebPage\",\"@id\":\"https:\/\/web.umons.ac.be\/sdma\/activites-denseignement\/\",\"url\":\"https:\/\/web.umons.ac.be\/sdma\/activites-denseignement\/\",\"name\":\"Activit\u00e9s d'enseignement - Service \/ FPMS - Science des Mat\u00e9riaux\",\"isPartOf\":{\"@id\":\"https:\/\/web.umons.ac.be\/sdma\/#website\"},\"datePublished\":\"2021-11-09T08:25:48+00:00\",\"dateModified\":\"2021-11-09T08:47:05+00:00\",\"breadcrumb\":{\"@id\":\"https:\/\/web.umons.ac.be\/sdma\/activites-denseignement\/#breadcrumb\"},\"inLanguage\":\"fr-FR\",\"potentialAction\":[{\"@type\":\"ReadAction\",\"target\":[\"https:\/\/web.umons.ac.be\/sdma\/activites-denseignement\/\"]}]},{\"@type\":\"BreadcrumbList\",\"@id\":\"https:\/\/web.umons.ac.be\/sdma\/activites-denseignement\/#breadcrumb\",\"itemListElement\":[{\"@type\":\"ListItem\",\"position\":1,\"name\":\"Home\",\"item\":\"https:\/\/web.umons.ac.be\/sdma\/\"},{\"@type\":\"ListItem\",\"position\":2,\"name\":\"Activit\u00e9s d&rsquo;enseignement\"}]},{\"@type\":\"WebSite\",\"@id\":\"https:\/\/web.umons.ac.be\/sdma\/#website\",\"url\":\"https:\/\/web.umons.ac.be\/sdma\/\",\"name\":\"Service \/ FPMS - Science des Mat\u00e9riaux\",\"description\":\"\",\"potentialAction\":[{\"@type\":\"SearchAction\",\"target\":{\"@type\":\"EntryPoint\",\"urlTemplate\":\"https:\/\/web.umons.ac.be\/sdma\/?s={search_term_string}\"},\"query-input\":{\"@type\":\"PropertyValueSpecification\",\"valueRequired\":true,\"valueName\":\"search_term_string\"}}],\"inLanguage\":\"fr-FR\"}]}<\/script>\n<!-- \/ Yoast SEO plugin. -->","yoast_head_json":{"title":"Activit\u00e9s d'enseignement - Service \/ FPMS - Science des Mat\u00e9riaux","robots":{"index":"index","follow":"follow","max-snippet":"max-snippet:-1","max-image-preview":"max-image-preview:large","max-video-preview":"max-video-preview:-1"},"canonical":"https:\/\/web.umons.ac.be\/sdma\/activites-denseignement\/","og_locale":"fr_FR","og_type":"article","og_title":"Activit\u00e9s d'enseignement - Service \/ FPMS - Science des Mat\u00e9riaux","og_description":"Advanced ceramics Chimie physique Chimie r\u00e9actionnelle Cin\u00e9tique chimique et catalyse Connaissance des mat\u00e9riaux Connaissances et choix des mat\u00e9riaux Corrosion and Surface Treatment Electrochimie et applications \u00c9l\u00e9ments de chimie g\u00e9n\u00e9rale \u00c9l\u00e9ments de chimie physique et applications Mat\u00e9riaux min\u00e9raux Physicochimie des surfaces Physique de l&rsquo;\u00e9tat solide Prediction and analysis of mechanical failure Rh\u00e9ologie g\u00e9n\u00e9rale Science des mat\u00e9riaux","og_url":"https:\/\/web.umons.ac.be\/sdma\/activites-denseignement\/","og_site_name":"Service \/ FPMS - Science des Mat\u00e9riaux","article_modified_time":"2021-11-09T08:47:05+00:00","twitter_card":"summary_large_image","twitter_misc":{"Dur\u00e9e de lecture estim\u00e9e":"1 minute"},"schema":{"@context":"https:\/\/schema.org","@graph":[{"@type":"WebPage","@id":"https:\/\/web.umons.ac.be\/sdma\/activites-denseignement\/","url":"https:\/\/web.umons.ac.be\/sdma\/activites-denseignement\/","name":"Activit\u00e9s d'enseignement - Service \/ FPMS - Science des Mat\u00e9riaux","isPartOf":{"@id":"https:\/\/web.umons.ac.be\/sdma\/#website"},"datePublished":"2021-11-09T08:25:48+00:00","dateModified":"2021-11-09T08:47:05+00:00","breadcrumb":{"@id":"https:\/\/web.umons.ac.be\/sdma\/activites-denseignement\/#breadcrumb"},"inLanguage":"fr-FR","potentialAction":[{"@type":"ReadAction","target":["https:\/\/web.umons.ac.be\/sdma\/activites-denseignement\/"]}]},{"@type":"BreadcrumbList","@id":"https:\/\/web.umons.ac.be\/sdma\/activites-denseignement\/#breadcrumb","itemListElement":[{"@type":"ListItem","position":1,"name":"Home","item":"https:\/\/web.umons.ac.be\/sdma\/"},{"@type":"ListItem","position":2,"name":"Activit\u00e9s d&rsquo;enseignement"}]},{"@type":"WebSite","@id":"https:\/\/web.umons.ac.be\/sdma\/#website","url":"https:\/\/web.umons.ac.be\/sdma\/","name":"Service \/ FPMS - Science des Mat\u00e9riaux","description":"","potentialAction":[{"@type":"SearchAction","target":{"@type":"EntryPoint","urlTemplate":"https:\/\/web.umons.ac.be\/sdma\/?s={search_term_string}"},"query-input":{"@type":"PropertyValueSpecification","valueRequired":true,"valueName":"search_term_string"}}],"inLanguage":"fr-FR"}]}},"lang":"fr","translations":{"fr":11,"en":13},"pll_sync_post":[],"_links":{"self":[{"href":"https:\/\/web.umons.ac.be\/sdma\/wp-json\/wp\/v2\/pages\/11","targetHints":{"allow":["GET"]}}],"collection":[{"href":"https:\/\/web.umons.ac.be\/sdma\/wp-json\/wp\/v2\/pages"}],"about":[{"href":"https:\/\/web.umons.ac.be\/sdma\/wp-json\/wp\/v2\/types\/page"}],"author":[{"embeddable":true,"href":"https:\/\/web.umons.ac.be\/sdma\/wp-json\/wp\/v2\/users\/4"}],"replies":[{"embeddable":true,"href":"https:\/\/web.umons.ac.be\/sdma\/wp-json\/wp\/v2\/comments?post=11"}],"version-history":[{"count":1,"href":"https:\/\/web.umons.ac.be\/sdma\/wp-json\/wp\/v2\/pages\/11\/revisions"}],"predecessor-version":[{"id":49,"href":"https:\/\/web.umons.ac.be\/sdma\/wp-json\/wp\/v2\/pages\/11\/revisions\/49"}],"wp:attachment":[{"href":"https:\/\/web.umons.ac.be\/sdma\/wp-json\/wp\/v2\/media?parent=11"}],"curies":[{"name":"wp","href":"https:\/\/api.w.org\/{rel}","templated":true}]}}