{"id":15,"date":"2021-11-09T09:25:49","date_gmt":"2021-11-09T08:25:49","guid":{"rendered":"https:\/\/web.umons.ac.be\/sdma\/activites-de-recherche\/"},"modified":"2021-11-09T09:44:46","modified_gmt":"2021-11-09T08:44:46","slug":"activites-de-recherche","status":"publish","type":"page","link":"https:\/\/web.umons.ac.be\/sdma\/activites-de-recherche\/","title":{"rendered":"Activit\u00e9s de recherche"},"content":{"rendered":"<p>Le Service de Science des Mat\u00e9riaux articule ses activit\u00e9s de recherche principalement autour de 4 axes :<\/p>\n<ul>\n<li>Elaboration et caract\u00e9risation de rev\u00eatements multifonctionnels pour am\u00e9liorer la durabilit\u00e9 des mat\u00e9riaux et leur donner des propri\u00e9t\u00e9s sp\u00e9cifiques : autor\u00e9parants, antibact\u00e9riens, hydrophobes\u2026 Maitrise des proc\u00e9d\u00e9s d\u2019anodisation, sol-gel, LDH, PEO (Plasma Electrolytic oxidation), \u00e9lectrod\u00e9position. Etude des m\u00e9canismes de corrosion et des modes de protection par techniques \u00e9lectrochimiques g\u00e9n\u00e9ralis\u00e9s (EIS, Courbes de polarisation) et localis\u00e9es (Scanning Vibrating Electrode Technique).<\/li>\n<li>Maitrise des transformations chimiques et structurelles des mat\u00e9riaux c\u00e9ramiques et vitroc\u00e9ramiques en relation avec les conditions d\u2019\u00e9laboration (techniques innovantes de mise en forme et de frittage, influence des compositions sur les conditions de formations des verres et de leurs recristallisations dans le cas des vitroc\u00e9ramiques.<\/li>\n<li>Synth\u00e8se et \u00e9tude des mat\u00e9riaux sensibles \u00e0 base de mat\u00e9riaux inorganiques (oxydes m\u00e9talliques semiconducteurs) ou organiques (polym\u00e8res conducteurs) mis en \u0153uvre pour la r\u00e9alisation de capteurs optiques ou \u00e9lectriques sur divers substrats (fibres optiques, IDE sur substrat silicium ou flexible).<\/li>\n<li>Synth\u00e8se, mise en forme, caract\u00e9risation et tests cin\u00e9tiques de catalyseurs ou photocatalyseurs solides pour la d\u00e9gradation de COV ou autres compos\u00e9s dans les effluents gazeux ou liquides.<\/li>\n<\/ul>\n<hr \/>\n<p>Notre service est, par ailleurs rattach\u00e9 \u00e0 un institut de recherche de l\u2019UMONS :<\/p>\n<start-cask-shortcode-wrapper>\t\t<div class=\"associated-institutes content-block scheme-fpms\">\n\t\t\t<ul class=\"institutes-list\">\n\t\t\t\t\t\t\t\t\t\t<li>\n\t\t\t\t\t\t\t<a href=\"https:\/\/web.umons.ac.be\/materiaux\" title=\"Acc\u00e9der au site web de : Institut \/ Mat\u00e9riaux\" class=\"associated-institute\">\n\t\t\t\t\t\t\t\t<img loading=\"lazy\" decoding=\"async\" width=\"1\" height=\"1\" src=\"https:\/\/web.umons.ac.be\/app\/uploads\/sites\/38\/2017\/12\/materiaux_logo_fr.svg\" class=\"attachment-thumbnail size-thumbnail\" alt=\"\" \/>\t\t\t\t\t\t\t<\/a>\t\t\t\n\t\t\t\t\t\t<\/li>\n\t\t\t\t\t\t\t<\/ul>\n\t\t<\/div>\n <end-cask-shortcode-wrapper>\n","protected":false},"excerpt":{"rendered":"<p>Le Service de Science des Mat\u00e9riaux articule ses activit\u00e9s de recherche principalement autour de 4 axes : Elaboration et caract\u00e9risation de rev\u00eatements multifonctionnels pour am\u00e9liorer la durabilit\u00e9 des mat\u00e9riaux et leur donner des propri\u00e9t\u00e9s sp\u00e9cifiques : autor\u00e9parants, antibact\u00e9riens, hydrophobes\u2026 Maitrise des proc\u00e9d\u00e9s d\u2019anodisation, sol-gel, LDH, PEO (Plasma Electrolytic oxidation), \u00e9lectrod\u00e9position. Etude des m\u00e9canismes de corrosion [&hellip;]<\/p>\n","protected":false},"author":4,"featured_media":0,"parent":0,"menu_order":0,"comment_status":"closed","ping_status":"closed","template":"","meta":{"footnotes":""},"class_list":["post-15","page","type-page","status-publish","hentry"],"yoast_head":"<!-- This site is optimized with the Yoast SEO plugin v27.2 - https:\/\/yoast.com\/product\/yoast-seo-wordpress\/ -->\n<title>Activit\u00e9s de recherche - Service \/ FPMS - Science des Mat\u00e9riaux<\/title>\n<meta name=\"robots\" content=\"index, follow, max-snippet:-1, max-image-preview:large, max-video-preview:-1\" \/>\n<link rel=\"canonical\" href=\"https:\/\/web.umons.ac.be\/sdma\/activites-de-recherche\/\" \/>\n<meta property=\"og:locale\" content=\"fr_FR\" \/>\n<meta property=\"og:type\" content=\"article\" \/>\n<meta property=\"og:title\" content=\"Activit\u00e9s de recherche - Service \/ FPMS - Science des Mat\u00e9riaux\" \/>\n<meta property=\"og:description\" content=\"Le Service de Science des Mat\u00e9riaux articule ses activit\u00e9s de recherche principalement autour de 4 axes : Elaboration et caract\u00e9risation de rev\u00eatements multifonctionnels pour am\u00e9liorer la durabilit\u00e9 des mat\u00e9riaux et leur donner des propri\u00e9t\u00e9s sp\u00e9cifiques : autor\u00e9parants, antibact\u00e9riens, hydrophobes\u2026 Maitrise des proc\u00e9d\u00e9s d\u2019anodisation, sol-gel, LDH, PEO (Plasma Electrolytic oxidation), \u00e9lectrod\u00e9position. Etude des m\u00e9canismes de corrosion [&hellip;]\" \/>\n<meta property=\"og:url\" content=\"https:\/\/web.umons.ac.be\/sdma\/activites-de-recherche\/\" \/>\n<meta property=\"og:site_name\" content=\"Service \/ FPMS - Science des Mat\u00e9riaux\" \/>\n<meta property=\"article:modified_time\" content=\"2021-11-09T08:44:46+00:00\" \/>\n<meta name=\"twitter:card\" content=\"summary_large_image\" \/>\n<meta name=\"twitter:label1\" content=\"Dur\u00e9e de lecture estim\u00e9e\" \/>\n\t<meta name=\"twitter:data1\" content=\"1 minute\" \/>\n<script type=\"application\/ld+json\" class=\"yoast-schema-graph\">{\"@context\":\"https:\/\/schema.org\",\"@graph\":[{\"@type\":\"WebPage\",\"@id\":\"https:\/\/web.umons.ac.be\/sdma\/activites-de-recherche\/\",\"url\":\"https:\/\/web.umons.ac.be\/sdma\/activites-de-recherche\/\",\"name\":\"Activit\u00e9s de recherche - Service \/ FPMS - Science des Mat\u00e9riaux\",\"isPartOf\":{\"@id\":\"https:\/\/web.umons.ac.be\/sdma\/#website\"},\"datePublished\":\"2021-11-09T08:25:49+00:00\",\"dateModified\":\"2021-11-09T08:44:46+00:00\",\"breadcrumb\":{\"@id\":\"https:\/\/web.umons.ac.be\/sdma\/activites-de-recherche\/#breadcrumb\"},\"inLanguage\":\"fr-FR\",\"potentialAction\":[{\"@type\":\"ReadAction\",\"target\":[\"https:\/\/web.umons.ac.be\/sdma\/activites-de-recherche\/\"]}]},{\"@type\":\"BreadcrumbList\",\"@id\":\"https:\/\/web.umons.ac.be\/sdma\/activites-de-recherche\/#breadcrumb\",\"itemListElement\":[{\"@type\":\"ListItem\",\"position\":1,\"name\":\"Home\",\"item\":\"https:\/\/web.umons.ac.be\/sdma\/\"},{\"@type\":\"ListItem\",\"position\":2,\"name\":\"Activit\u00e9s de recherche\"}]},{\"@type\":\"WebSite\",\"@id\":\"https:\/\/web.umons.ac.be\/sdma\/#website\",\"url\":\"https:\/\/web.umons.ac.be\/sdma\/\",\"name\":\"Service \/ FPMS - Science des Mat\u00e9riaux\",\"description\":\"\",\"potentialAction\":[{\"@type\":\"SearchAction\",\"target\":{\"@type\":\"EntryPoint\",\"urlTemplate\":\"https:\/\/web.umons.ac.be\/sdma\/?s={search_term_string}\"},\"query-input\":{\"@type\":\"PropertyValueSpecification\",\"valueRequired\":true,\"valueName\":\"search_term_string\"}}],\"inLanguage\":\"fr-FR\"}]}<\/script>\n<!-- \/ Yoast SEO plugin. -->","yoast_head_json":{"title":"Activit\u00e9s de recherche - Service \/ FPMS - Science des Mat\u00e9riaux","robots":{"index":"index","follow":"follow","max-snippet":"max-snippet:-1","max-image-preview":"max-image-preview:large","max-video-preview":"max-video-preview:-1"},"canonical":"https:\/\/web.umons.ac.be\/sdma\/activites-de-recherche\/","og_locale":"fr_FR","og_type":"article","og_title":"Activit\u00e9s de recherche - Service \/ FPMS - Science des Mat\u00e9riaux","og_description":"Le Service de Science des Mat\u00e9riaux articule ses activit\u00e9s de recherche principalement autour de 4 axes : Elaboration et caract\u00e9risation de rev\u00eatements multifonctionnels pour am\u00e9liorer la durabilit\u00e9 des mat\u00e9riaux et leur donner des propri\u00e9t\u00e9s sp\u00e9cifiques : autor\u00e9parants, antibact\u00e9riens, hydrophobes\u2026 Maitrise des proc\u00e9d\u00e9s d\u2019anodisation, sol-gel, LDH, PEO (Plasma Electrolytic oxidation), \u00e9lectrod\u00e9position. Etude des m\u00e9canismes de corrosion [&hellip;]","og_url":"https:\/\/web.umons.ac.be\/sdma\/activites-de-recherche\/","og_site_name":"Service \/ FPMS - Science des Mat\u00e9riaux","article_modified_time":"2021-11-09T08:44:46+00:00","twitter_card":"summary_large_image","twitter_misc":{"Dur\u00e9e de lecture estim\u00e9e":"1 minute"},"schema":{"@context":"https:\/\/schema.org","@graph":[{"@type":"WebPage","@id":"https:\/\/web.umons.ac.be\/sdma\/activites-de-recherche\/","url":"https:\/\/web.umons.ac.be\/sdma\/activites-de-recherche\/","name":"Activit\u00e9s de recherche - Service \/ FPMS - Science des Mat\u00e9riaux","isPartOf":{"@id":"https:\/\/web.umons.ac.be\/sdma\/#website"},"datePublished":"2021-11-09T08:25:49+00:00","dateModified":"2021-11-09T08:44:46+00:00","breadcrumb":{"@id":"https:\/\/web.umons.ac.be\/sdma\/activites-de-recherche\/#breadcrumb"},"inLanguage":"fr-FR","potentialAction":[{"@type":"ReadAction","target":["https:\/\/web.umons.ac.be\/sdma\/activites-de-recherche\/"]}]},{"@type":"BreadcrumbList","@id":"https:\/\/web.umons.ac.be\/sdma\/activites-de-recherche\/#breadcrumb","itemListElement":[{"@type":"ListItem","position":1,"name":"Home","item":"https:\/\/web.umons.ac.be\/sdma\/"},{"@type":"ListItem","position":2,"name":"Activit\u00e9s de recherche"}]},{"@type":"WebSite","@id":"https:\/\/web.umons.ac.be\/sdma\/#website","url":"https:\/\/web.umons.ac.be\/sdma\/","name":"Service \/ FPMS - Science des Mat\u00e9riaux","description":"","potentialAction":[{"@type":"SearchAction","target":{"@type":"EntryPoint","urlTemplate":"https:\/\/web.umons.ac.be\/sdma\/?s={search_term_string}"},"query-input":{"@type":"PropertyValueSpecification","valueRequired":true,"valueName":"search_term_string"}}],"inLanguage":"fr-FR"}]}},"lang":"fr","translations":{"fr":15,"en":17},"pll_sync_post":[],"_links":{"self":[{"href":"https:\/\/web.umons.ac.be\/sdma\/wp-json\/wp\/v2\/pages\/15","targetHints":{"allow":["GET"]}}],"collection":[{"href":"https:\/\/web.umons.ac.be\/sdma\/wp-json\/wp\/v2\/pages"}],"about":[{"href":"https:\/\/web.umons.ac.be\/sdma\/wp-json\/wp\/v2\/types\/page"}],"author":[{"embeddable":true,"href":"https:\/\/web.umons.ac.be\/sdma\/wp-json\/wp\/v2\/users\/4"}],"replies":[{"embeddable":true,"href":"https:\/\/web.umons.ac.be\/sdma\/wp-json\/wp\/v2\/comments?post=15"}],"version-history":[{"count":1,"href":"https:\/\/web.umons.ac.be\/sdma\/wp-json\/wp\/v2\/pages\/15\/revisions"}],"predecessor-version":[{"id":47,"href":"https:\/\/web.umons.ac.be\/sdma\/wp-json\/wp\/v2\/pages\/15\/revisions\/47"}],"wp:attachment":[{"href":"https:\/\/web.umons.ac.be\/sdma\/wp-json\/wp\/v2\/media?parent=15"}],"curies":[{"name":"wp","href":"https:\/\/api.w.org\/{rel}","templated":true}]}}