{"id":13,"date":"2021-11-04T09:53:03","date_gmt":"2021-11-04T08:53:03","guid":{"rendered":"https:\/\/web.umons.ac.be\/seco\/teaching-activities\/"},"modified":"2022-05-19T13:11:12","modified_gmt":"2022-05-19T11:11:12","slug":"teaching-activities","status":"publish","type":"page","link":"https:\/\/web.umons.ac.be\/seco\/teaching-activities\/","title":{"rendered":"Teaching activities"},"content":{"rendered":"<h2 style=\"margin: 0px auto 20px;text-align: left\">SECO LABS<\/h2>\n<p style=\"text-align: left\">The members of the SECO group are in charge of several courses :<\/p>\n<ul>\n<li style=\"text-align: left\"><a href=\"http:\/\/applications.umons.ac.be\/web\/en\/pde\/2021-2022\/ue\/UI-B2-IRCIVI-009-M.htm\" target=\"_blank\" rel=\"noopener\">Signaux, syst\u00e8mes et commande<\/a><\/li>\n<li style=\"text-align: left\"><a href=\"http:\/\/applications.umons.ac.be\/web\/fr\/pde\/2021-2022\/ue\/UI-B3-IRCIVI-203-M.htm\" target=\"_blank\" rel=\"noopener\">Commande des proc\u00e9d\u00e9s<\/a><\/li>\n<li style=\"text-align: left\"><a href=\"http:\/\/applications.umons.ac.be\/web\/fr\/pde\/2021-2022\/ue\/UI-B3-IRCIVI-001-C.htm\" target=\"_blank\" rel=\"noopener\">Commande des proc\u00e9d\u00e9s (at the Charleroi Campus)<\/a><\/li>\n<li style=\"text-align: left\"><a href=\"http:\/\/applications.umons.ac.be\/web\/en\/pde\/2021-2022\/ue\/UI-M1-IRELEC-302-M.htm\" target=\"_blank\" rel=\"noopener\">Advanced Control<\/a><\/li>\n<li style=\"text-align: left\"><a href=\"http:\/\/applications.umons.ac.be\/web\/en\/pde\/2021-2022\/aa\/I-SECO-014.htm\" target=\"_blank\" rel=\"noopener\">State Observers and Estimators<\/a><\/li>\n<li style=\"text-align: left\"><a href=\"http:\/\/applications.umons.ac.be\/web\/en\/pde\/2021-2022\/ue\/UI-M2-IRELBS-002-M.htm\" target=\"_blank\" rel=\"noopener\">Optimal Control and Estimation<\/a><\/li>\n<li style=\"text-align: left\"><a href=\"http:\/\/applications.umons.ac.be\/web\/en\/pde\/2021-2022\/ue\/UI-M2-IRELBS-003-M.htm\" target=\"_blank\" rel=\"noopener\">Nonlinear System Modeling and Data-driven Techniques applied to Biological Systems<\/a><\/li>\n<li style=\"text-align: left\"><a href=\"http:\/\/applications.umons.ac.be\/web\/en\/pde\/2021-2022\/ue\/UI-M2-IRELBS-005-M.htm\" target=\"_blank\" rel=\"noopener\">Discrete Event Systems<\/a><\/li>\n<li style=\"text-align: left\"><a href=\"http:\/\/applications.umons.ac.be\/web\/en\/pde\/2021-2022\/ue\/UI-M2-IRMEME-001-M.htm\">RST, Optimal and Predictive Control<\/a><\/li>\n<\/ul>\n<div style=\"padding: 56.25% 0 0 0\"><\/div>\n","protected":false},"excerpt":{"rendered":"<p>SECO LABS The members of the SECO group are in charge of several courses : Signaux, syst\u00e8mes et commande Commande des proc\u00e9d\u00e9s Commande des proc\u00e9d\u00e9s (at the Charleroi Campus) Advanced Control State Observers and Estimators Optimal Control and Estimation Nonlinear System Modeling and Data-driven Techniques applied to Biological Systems Discrete Event Systems RST, Optimal and [&hellip;]<\/p>\n","protected":false},"author":4,"featured_media":0,"parent":0,"menu_order":0,"comment_status":"closed","ping_status":"closed","template":"","meta":{"footnotes":""},"class_list":["post-13","page","type-page","status-publish","hentry"],"yoast_head":"<!-- This site is optimized with the Yoast SEO plugin v27.2 - https:\/\/yoast.com\/product\/yoast-seo-wordpress\/ -->\n<title>Teaching activities - Service \/ FPMS - Syst\u00e8mes, Estimation, Commande et Optimisation<\/title>\n<meta name=\"robots\" content=\"index, follow, max-snippet:-1, max-image-preview:large, max-video-preview:-1\" \/>\n<link rel=\"canonical\" href=\"https:\/\/web.umons.ac.be\/seco\/teaching-activities\/\" \/>\n<meta property=\"og:locale\" content=\"fr_FR\" \/>\n<meta property=\"og:type\" content=\"article\" \/>\n<meta property=\"og:title\" content=\"Teaching activities - Service \/ FPMS - Syst\u00e8mes, Estimation, Commande et Optimisation\" \/>\n<meta property=\"og:description\" content=\"SECO LABS The members of the SECO group are in charge of several courses : Signaux, syst\u00e8mes et commande Commande des proc\u00e9d\u00e9s Commande des proc\u00e9d\u00e9s (at the Charleroi Campus) Advanced Control State Observers and Estimators Optimal Control and Estimation Nonlinear System Modeling and Data-driven Techniques applied to Biological Systems Discrete Event Systems RST, Optimal and [&hellip;]\" \/>\n<meta property=\"og:url\" content=\"https:\/\/web.umons.ac.be\/seco\/teaching-activities\/\" \/>\n<meta property=\"og:site_name\" content=\"Service \/ FPMS - Syst\u00e8mes, Estimation, Commande et Optimisation\" \/>\n<meta property=\"article:modified_time\" content=\"2022-05-19T11:11:12+00:00\" \/>\n<meta name=\"twitter:card\" content=\"summary_large_image\" \/>\n<script type=\"application\/ld+json\" class=\"yoast-schema-graph\">{\"@context\":\"https:\/\/schema.org\",\"@graph\":[{\"@type\":\"WebPage\",\"@id\":\"https:\/\/web.umons.ac.be\/seco\/teaching-activities\/\",\"url\":\"https:\/\/web.umons.ac.be\/seco\/teaching-activities\/\",\"name\":\"Teaching activities - Service \/ FPMS - Syst\u00e8mes, Estimation, Commande et Optimisation\",\"isPartOf\":{\"@id\":\"https:\/\/web.umons.ac.be\/seco\/#website\"},\"datePublished\":\"2021-11-04T08:53:03+00:00\",\"dateModified\":\"2022-05-19T11:11:12+00:00\",\"breadcrumb\":{\"@id\":\"https:\/\/web.umons.ac.be\/seco\/teaching-activities\/#breadcrumb\"},\"inLanguage\":\"fr-FR\",\"potentialAction\":[{\"@type\":\"ReadAction\",\"target\":[\"https:\/\/web.umons.ac.be\/seco\/teaching-activities\/\"]}]},{\"@type\":\"BreadcrumbList\",\"@id\":\"https:\/\/web.umons.ac.be\/seco\/teaching-activities\/#breadcrumb\",\"itemListElement\":[{\"@type\":\"ListItem\",\"position\":1,\"name\":\"Home\",\"item\":\"https:\/\/web.umons.ac.be\/seco\/\"},{\"@type\":\"ListItem\",\"position\":2,\"name\":\"Teaching activities\"}]},{\"@type\":\"WebSite\",\"@id\":\"https:\/\/web.umons.ac.be\/seco\/#website\",\"url\":\"https:\/\/web.umons.ac.be\/seco\/\",\"name\":\"Service \/ FPMS - Syst\u00e8mes, Estimation, Commande et Optimisation\",\"description\":\"\",\"potentialAction\":[{\"@type\":\"SearchAction\",\"target\":{\"@type\":\"EntryPoint\",\"urlTemplate\":\"https:\/\/web.umons.ac.be\/seco\/?s={search_term_string}\"},\"query-input\":{\"@type\":\"PropertyValueSpecification\",\"valueRequired\":true,\"valueName\":\"search_term_string\"}}],\"inLanguage\":\"fr-FR\"}]}<\/script>\n<!-- \/ Yoast SEO plugin. -->","yoast_head_json":{"title":"Teaching activities - Service \/ FPMS - Syst\u00e8mes, Estimation, Commande et Optimisation","robots":{"index":"index","follow":"follow","max-snippet":"max-snippet:-1","max-image-preview":"max-image-preview:large","max-video-preview":"max-video-preview:-1"},"canonical":"https:\/\/web.umons.ac.be\/seco\/teaching-activities\/","og_locale":"fr_FR","og_type":"article","og_title":"Teaching activities - Service \/ FPMS - Syst\u00e8mes, Estimation, Commande et Optimisation","og_description":"SECO LABS The members of the SECO group are in charge of several courses : Signaux, syst\u00e8mes et commande Commande des proc\u00e9d\u00e9s Commande des proc\u00e9d\u00e9s (at the Charleroi Campus) Advanced Control State Observers and Estimators Optimal Control and Estimation Nonlinear System Modeling and Data-driven Techniques applied to Biological Systems Discrete Event Systems RST, Optimal and [&hellip;]","og_url":"https:\/\/web.umons.ac.be\/seco\/teaching-activities\/","og_site_name":"Service \/ FPMS - Syst\u00e8mes, Estimation, Commande et Optimisation","article_modified_time":"2022-05-19T11:11:12+00:00","twitter_card":"summary_large_image","schema":{"@context":"https:\/\/schema.org","@graph":[{"@type":"WebPage","@id":"https:\/\/web.umons.ac.be\/seco\/teaching-activities\/","url":"https:\/\/web.umons.ac.be\/seco\/teaching-activities\/","name":"Teaching activities - Service \/ FPMS - Syst\u00e8mes, Estimation, Commande et Optimisation","isPartOf":{"@id":"https:\/\/web.umons.ac.be\/seco\/#website"},"datePublished":"2021-11-04T08:53:03+00:00","dateModified":"2022-05-19T11:11:12+00:00","breadcrumb":{"@id":"https:\/\/web.umons.ac.be\/seco\/teaching-activities\/#breadcrumb"},"inLanguage":"fr-FR","potentialAction":[{"@type":"ReadAction","target":["https:\/\/web.umons.ac.be\/seco\/teaching-activities\/"]}]},{"@type":"BreadcrumbList","@id":"https:\/\/web.umons.ac.be\/seco\/teaching-activities\/#breadcrumb","itemListElement":[{"@type":"ListItem","position":1,"name":"Home","item":"https:\/\/web.umons.ac.be\/seco\/"},{"@type":"ListItem","position":2,"name":"Teaching activities"}]},{"@type":"WebSite","@id":"https:\/\/web.umons.ac.be\/seco\/#website","url":"https:\/\/web.umons.ac.be\/seco\/","name":"Service \/ FPMS - Syst\u00e8mes, Estimation, Commande et Optimisation","description":"","potentialAction":[{"@type":"SearchAction","target":{"@type":"EntryPoint","urlTemplate":"https:\/\/web.umons.ac.be\/seco\/?s={search_term_string}"},"query-input":{"@type":"PropertyValueSpecification","valueRequired":true,"valueName":"search_term_string"}}],"inLanguage":"fr-FR"}]}},"lang":"en","translations":{"en":13},"pll_sync_post":[],"_links":{"self":[{"href":"https:\/\/web.umons.ac.be\/seco\/wp-json\/wp\/v2\/pages\/13","targetHints":{"allow":["GET"]}}],"collection":[{"href":"https:\/\/web.umons.ac.be\/seco\/wp-json\/wp\/v2\/pages"}],"about":[{"href":"https:\/\/web.umons.ac.be\/seco\/wp-json\/wp\/v2\/types\/page"}],"author":[{"embeddable":true,"href":"https:\/\/web.umons.ac.be\/seco\/wp-json\/wp\/v2\/users\/4"}],"replies":[{"embeddable":true,"href":"https:\/\/web.umons.ac.be\/seco\/wp-json\/wp\/v2\/comments?post=13"}],"version-history":[{"count":2,"href":"https:\/\/web.umons.ac.be\/seco\/wp-json\/wp\/v2\/pages\/13\/revisions"}],"predecessor-version":[{"id":183,"href":"https:\/\/web.umons.ac.be\/seco\/wp-json\/wp\/v2\/pages\/13\/revisions\/183"}],"wp:attachment":[{"href":"https:\/\/web.umons.ac.be\/seco\/wp-json\/wp\/v2\/media?parent=13"}],"curies":[{"name":"wp","href":"https:\/\/api.w.org\/{rel}","templated":true}]}}