{"id":158,"date":"2024-12-09T16:21:32","date_gmt":"2024-12-09T15:21:32","guid":{"rendered":"https:\/\/web.umons.ac.be\/seff\/?page_id=158"},"modified":"2026-01-20T09:36:04","modified_gmt":"2026-01-20T08:36:04","slug":"recherche-sur-les-lettres-lanalyse-textuelle-et-la-traduction-litteraire","status":"publish","type":"page","link":"https:\/\/web.umons.ac.be\/seff\/fr\/activites-de-recherche\/recherche-sur-les-lettres-lanalyse-textuelle-et-la-traduction-litteraire\/","title":{"rendered":"Recherche sur les lettres, l&rsquo;analyse textuelle et la traduction litt\u00e9raire"},"content":{"rendered":"<p>Le SEF&amp;F participe \u00e0 l&rsquo;organisation de plusieurs colloques, pr\u00e9vus en 2026 : Humours et jeux de mots en fran\u00e7ais, Entre analyses litt\u00e9raires, discursives, interlinguistiques, traductologiques et didactiques Infos et argumentaire sur <a href=\"https:\/\/fr-humour.sciencesconf.org\/\">Humours et jeux de mots en fran\u00e7ais &#8211; Entre analyses litt\u00e9raires, discursives, interlinguistiques, traductologiques et didactiques &#8211; Sciencesconf.org<\/a><\/p>\n<p>15-16 octobre 2026, \u00e0 Mons et \u00e0 Bruxelles (en collaboration avec Tradital, centre de recherches de l&rsquo;ULB) :<\/p>\n<p>12-13 novembre 2026, \u00e0 Mons : Francophonies et traduction, Circulation des litt\u00e9ratures francophones : singularit\u00e9s, traductions et r\u00e9ception \/ Infos et argumentaire :<a href=\"https:\/\/web.umons.ac.be\/app\/uploads\/sites\/200\/2026\/01\/Colloque-francophonies-et-traduction-et-logos.pdf\">Colloque francophonies et traduction et logos<\/a><\/p>\n<p>Plusieurs membres du Sef&amp;f m\u00e8nent des recherches dans les domaines des lettres (analyse textuelle, stylistique, histoire) et de la traduction litt\u00e9raire depuis ou vers le fran\u00e7ais. Voici un aper\u00e7u des travaux men\u00e9s dans ces domaines.<\/p>\n<p>&nbsp;<\/p>\n<p>En 2025 :<\/p>\n<p>Castadot, Elisabeth, \u00ab Chemin faisant, avec Keetje&#8230;\u00bb, <a href=\"https:\/\/www.espacenord.com\/livre\/keetje-trottin-2\/\">postface \u00e0 la r\u00e9\u00e9dition du roman\u00a0<em>Keetje trottin<\/em><\/a>, de l&rsquo;autrice belgo-n\u00e9erlandaise Neel Doff, dans la collection \u00ab Espace Nord \u00bb (consacr\u00e9e \u00e0 la litt\u00e9rature belge francophone).<\/p>\n<p>Castadot, Elisabeth, \u00ab Notre langue \u00bb de L\u00e9opold Courouble : r\u00e9sistance \u00e0 la norme linguistique ou r\u00e9sistance \u00e0 l\u2019interpr\u00e9tation ?\u00bb dans\u00a0<em>Cahiers internationaux de symbolisme<\/em>, n<span style=\"font-size: 8pt;\">os<\/span> 161-163.<\/p>\n<p>Odaert, Olivier, \u00ab R\u00e9sistance de la po\u00e9sie : le cas de Ponge \u00bb, dans <em>Cahiers internationaux de symbolisme<\/em>, n<span style=\"font-size: 8pt;\">os<\/span> 161-163.<\/p>\n","protected":false},"excerpt":{"rendered":"<p>Le SEF&amp;F participe \u00e0 l&rsquo;organisation de plusieurs colloques, pr\u00e9vus en 2026 : Humours et jeux de mots en fran\u00e7ais, Entre analyses litt\u00e9raires, discursives, interlinguistiques, traductologiques et didactiques Infos et argumentaire sur Humours et jeux de mots en fran\u00e7ais &#8211; Entre analyses litt\u00e9raires, discursives, interlinguistiques, traductologiques et didactiques &#8211; Sciencesconf.org 15-16 octobre 2026, \u00e0 Mons et [&hellip;]<\/p>\n","protected":false},"author":220,"featured_media":0,"parent":15,"menu_order":0,"comment_status":"closed","ping_status":"closed","template":"","meta":{"footnotes":""},"class_list":["post-158","page","type-page","status-publish","hentry"],"yoast_head":"<!-- This site is optimized with the Yoast SEO plugin v27.2 - https:\/\/yoast.com\/product\/yoast-seo-wordpress\/ -->\n<title>Recherche sur les lettres, l&#039;analyse textuelle et la traduction litt\u00e9raire - Service \/ FTI-EII - \u00c9tudes fran\u00e7aises &amp; francophones<\/title>\n<meta name=\"robots\" content=\"index, follow, max-snippet:-1, max-image-preview:large, max-video-preview:-1\" \/>\n<link rel=\"canonical\" href=\"https:\/\/web.umons.ac.be\/seff\/fr\/activites-de-recherche\/recherche-sur-les-lettres-lanalyse-textuelle-et-la-traduction-litteraire\/\" \/>\n<meta property=\"og:locale\" content=\"fr_FR\" \/>\n<meta property=\"og:type\" content=\"article\" \/>\n<meta property=\"og:title\" content=\"Recherche sur les lettres, l&#039;analyse textuelle et la traduction litt\u00e9raire - Service \/ FTI-EII - \u00c9tudes fran\u00e7aises &amp; francophones\" \/>\n<meta property=\"og:description\" content=\"Le SEF&amp;F participe \u00e0 l&rsquo;organisation de plusieurs colloques, pr\u00e9vus en 2026 : Humours et jeux de mots en fran\u00e7ais, Entre analyses litt\u00e9raires, discursives, interlinguistiques, traductologiques et didactiques Infos et argumentaire sur Humours et jeux de mots en fran\u00e7ais &#8211; Entre analyses litt\u00e9raires, discursives, interlinguistiques, traductologiques et didactiques &#8211; Sciencesconf.org 15-16 octobre 2026, \u00e0 Mons et [&hellip;]\" \/>\n<meta property=\"og:url\" content=\"https:\/\/web.umons.ac.be\/seff\/fr\/activites-de-recherche\/recherche-sur-les-lettres-lanalyse-textuelle-et-la-traduction-litteraire\/\" \/>\n<meta property=\"og:site_name\" content=\"Service \/ FTI-EII - \u00c9tudes fran\u00e7aises &amp; francophones\" \/>\n<meta property=\"article:modified_time\" content=\"2026-01-20T08:36:04+00:00\" \/>\n<meta name=\"twitter:card\" content=\"summary_large_image\" \/>\n<meta name=\"twitter:label1\" content=\"Dur\u00e9e de lecture estim\u00e9e\" \/>\n\t<meta name=\"twitter:data1\" content=\"2 minutes\" \/>\n<script type=\"application\/ld+json\" class=\"yoast-schema-graph\">{\"@context\":\"https:\/\/schema.org\",\"@graph\":[{\"@type\":\"WebPage\",\"@id\":\"https:\/\/web.umons.ac.be\/seff\/fr\/activites-de-recherche\/recherche-sur-les-lettres-lanalyse-textuelle-et-la-traduction-litteraire\/\",\"url\":\"https:\/\/web.umons.ac.be\/seff\/fr\/activites-de-recherche\/recherche-sur-les-lettres-lanalyse-textuelle-et-la-traduction-litteraire\/\",\"name\":\"Recherche sur les lettres, l'analyse textuelle et la traduction litt\u00e9raire - Service \/ FTI-EII - \u00c9tudes fran\u00e7aises &amp; francophones\",\"isPartOf\":{\"@id\":\"https:\/\/web.umons.ac.be\/seff\/#website\"},\"datePublished\":\"2024-12-09T15:21:32+00:00\",\"dateModified\":\"2026-01-20T08:36:04+00:00\",\"breadcrumb\":{\"@id\":\"https:\/\/web.umons.ac.be\/seff\/fr\/activites-de-recherche\/recherche-sur-les-lettres-lanalyse-textuelle-et-la-traduction-litteraire\/#breadcrumb\"},\"inLanguage\":\"fr-FR\",\"potentialAction\":[{\"@type\":\"ReadAction\",\"target\":[\"https:\/\/web.umons.ac.be\/seff\/fr\/activites-de-recherche\/recherche-sur-les-lettres-lanalyse-textuelle-et-la-traduction-litteraire\/\"]}]},{\"@type\":\"BreadcrumbList\",\"@id\":\"https:\/\/web.umons.ac.be\/seff\/fr\/activites-de-recherche\/recherche-sur-les-lettres-lanalyse-textuelle-et-la-traduction-litteraire\/#breadcrumb\",\"itemListElement\":[{\"@type\":\"ListItem\",\"position\":1,\"name\":\"Accueil\",\"item\":\"https:\/\/web.umons.ac.be\/seff\/\"},{\"@type\":\"ListItem\",\"position\":2,\"name\":\"Activit\u00e9s de recherche\",\"item\":\"https:\/\/web.umons.ac.be\/seff\/fr\/activites-de-recherche\/\"},{\"@type\":\"ListItem\",\"position\":3,\"name\":\"Recherche sur les lettres, l&rsquo;analyse textuelle et la traduction litt\u00e9raire\"}]},{\"@type\":\"WebSite\",\"@id\":\"https:\/\/web.umons.ac.be\/seff\/#website\",\"url\":\"https:\/\/web.umons.ac.be\/seff\/\",\"name\":\"Service \/ FTI-EII - \u00c9tudes fran\u00e7aises &amp; francophones\",\"description\":\"\",\"potentialAction\":[{\"@type\":\"SearchAction\",\"target\":{\"@type\":\"EntryPoint\",\"urlTemplate\":\"https:\/\/web.umons.ac.be\/seff\/?s={search_term_string}\"},\"query-input\":{\"@type\":\"PropertyValueSpecification\",\"valueRequired\":true,\"valueName\":\"search_term_string\"}}],\"inLanguage\":\"fr-FR\"}]}<\/script>\n<!-- \/ Yoast SEO plugin. -->","yoast_head_json":{"title":"Recherche sur les lettres, l'analyse textuelle et la traduction litt\u00e9raire - Service \/ FTI-EII - \u00c9tudes fran\u00e7aises &amp; francophones","robots":{"index":"index","follow":"follow","max-snippet":"max-snippet:-1","max-image-preview":"max-image-preview:large","max-video-preview":"max-video-preview:-1"},"canonical":"https:\/\/web.umons.ac.be\/seff\/fr\/activites-de-recherche\/recherche-sur-les-lettres-lanalyse-textuelle-et-la-traduction-litteraire\/","og_locale":"fr_FR","og_type":"article","og_title":"Recherche sur les lettres, l'analyse textuelle et la traduction litt\u00e9raire - Service \/ FTI-EII - \u00c9tudes fran\u00e7aises &amp; francophones","og_description":"Le SEF&amp;F participe \u00e0 l&rsquo;organisation de plusieurs colloques, pr\u00e9vus en 2026 : Humours et jeux de mots en fran\u00e7ais, Entre analyses litt\u00e9raires, discursives, interlinguistiques, traductologiques et didactiques Infos et argumentaire sur Humours et jeux de mots en fran\u00e7ais &#8211; Entre analyses litt\u00e9raires, discursives, interlinguistiques, traductologiques et didactiques &#8211; Sciencesconf.org 15-16 octobre 2026, \u00e0 Mons et [&hellip;]","og_url":"https:\/\/web.umons.ac.be\/seff\/fr\/activites-de-recherche\/recherche-sur-les-lettres-lanalyse-textuelle-et-la-traduction-litteraire\/","og_site_name":"Service \/ FTI-EII - \u00c9tudes fran\u00e7aises &amp; francophones","article_modified_time":"2026-01-20T08:36:04+00:00","twitter_card":"summary_large_image","twitter_misc":{"Dur\u00e9e de lecture estim\u00e9e":"2 minutes"},"schema":{"@context":"https:\/\/schema.org","@graph":[{"@type":"WebPage","@id":"https:\/\/web.umons.ac.be\/seff\/fr\/activites-de-recherche\/recherche-sur-les-lettres-lanalyse-textuelle-et-la-traduction-litteraire\/","url":"https:\/\/web.umons.ac.be\/seff\/fr\/activites-de-recherche\/recherche-sur-les-lettres-lanalyse-textuelle-et-la-traduction-litteraire\/","name":"Recherche sur les lettres, l'analyse textuelle et la traduction litt\u00e9raire - Service \/ FTI-EII - \u00c9tudes fran\u00e7aises &amp; francophones","isPartOf":{"@id":"https:\/\/web.umons.ac.be\/seff\/#website"},"datePublished":"2024-12-09T15:21:32+00:00","dateModified":"2026-01-20T08:36:04+00:00","breadcrumb":{"@id":"https:\/\/web.umons.ac.be\/seff\/fr\/activites-de-recherche\/recherche-sur-les-lettres-lanalyse-textuelle-et-la-traduction-litteraire\/#breadcrumb"},"inLanguage":"fr-FR","potentialAction":[{"@type":"ReadAction","target":["https:\/\/web.umons.ac.be\/seff\/fr\/activites-de-recherche\/recherche-sur-les-lettres-lanalyse-textuelle-et-la-traduction-litteraire\/"]}]},{"@type":"BreadcrumbList","@id":"https:\/\/web.umons.ac.be\/seff\/fr\/activites-de-recherche\/recherche-sur-les-lettres-lanalyse-textuelle-et-la-traduction-litteraire\/#breadcrumb","itemListElement":[{"@type":"ListItem","position":1,"name":"Accueil","item":"https:\/\/web.umons.ac.be\/seff\/"},{"@type":"ListItem","position":2,"name":"Activit\u00e9s de recherche","item":"https:\/\/web.umons.ac.be\/seff\/fr\/activites-de-recherche\/"},{"@type":"ListItem","position":3,"name":"Recherche sur les lettres, l&rsquo;analyse textuelle et la traduction litt\u00e9raire"}]},{"@type":"WebSite","@id":"https:\/\/web.umons.ac.be\/seff\/#website","url":"https:\/\/web.umons.ac.be\/seff\/","name":"Service \/ FTI-EII - \u00c9tudes fran\u00e7aises &amp; francophones","description":"","potentialAction":[{"@type":"SearchAction","target":{"@type":"EntryPoint","urlTemplate":"https:\/\/web.umons.ac.be\/seff\/?s={search_term_string}"},"query-input":{"@type":"PropertyValueSpecification","valueRequired":true,"valueName":"search_term_string"}}],"inLanguage":"fr-FR"}]}},"lang":"fr","translations":{"fr":158},"pll_sync_post":[],"_links":{"self":[{"href":"https:\/\/web.umons.ac.be\/seff\/wp-json\/wp\/v2\/pages\/158","targetHints":{"allow":["GET"]}}],"collection":[{"href":"https:\/\/web.umons.ac.be\/seff\/wp-json\/wp\/v2\/pages"}],"about":[{"href":"https:\/\/web.umons.ac.be\/seff\/wp-json\/wp\/v2\/types\/page"}],"author":[{"embeddable":true,"href":"https:\/\/web.umons.ac.be\/seff\/wp-json\/wp\/v2\/users\/220"}],"replies":[{"embeddable":true,"href":"https:\/\/web.umons.ac.be\/seff\/wp-json\/wp\/v2\/comments?post=158"}],"version-history":[{"count":3,"href":"https:\/\/web.umons.ac.be\/seff\/wp-json\/wp\/v2\/pages\/158\/revisions"}],"predecessor-version":[{"id":225,"href":"https:\/\/web.umons.ac.be\/seff\/wp-json\/wp\/v2\/pages\/158\/revisions\/225"}],"up":[{"embeddable":true,"href":"https:\/\/web.umons.ac.be\/seff\/wp-json\/wp\/v2\/pages\/15"}],"wp:attachment":[{"href":"https:\/\/web.umons.ac.be\/seff\/wp-json\/wp\/v2\/media?parent=158"}],"curies":[{"name":"wp","href":"https:\/\/api.w.org\/{rel}","templated":true}]}}