{"id":168,"date":"2024-12-13T10:38:48","date_gmt":"2024-12-13T09:38:48","guid":{"rendered":"https:\/\/web.umons.ac.be\/seff\/?page_id=168"},"modified":"2024-12-13T10:38:48","modified_gmt":"2024-12-13T09:38:48","slug":"journee-detude-la-phrase-dans-les-grammaires-scolaires","status":"publish","type":"page","link":"https:\/\/web.umons.ac.be\/seff\/fr\/journee-detude-la-phrase-dans-les-grammaires-scolaires\/","title":{"rendered":"Journ\u00e9e d&rsquo;\u00e9tude : la phrase dans les grammaires scolaires"},"content":{"rendered":"","protected":true},"excerpt":{"rendered":"","protected":true},"author":220,"featured_media":0,"parent":0,"menu_order":0,"comment_status":"closed","ping_status":"closed","template":"","meta":{"footnotes":""},"class_list":["post-168","page","type-page","status-publish","post-password-required","hentry"],"yoast_head":"<!-- This site is optimized with the Yoast SEO plugin v27.2 - https:\/\/yoast.com\/product\/yoast-seo-wordpress\/ -->\n<title>Journ\u00e9e d&#039;\u00e9tude : la phrase dans les grammaires scolaires - Service \/ FTI-EII - \u00c9tudes fran\u00e7aises &amp; francophones<\/title>\n<meta name=\"robots\" content=\"index, follow, max-snippet:-1, max-image-preview:large, max-video-preview:-1\" \/>\n<link rel=\"canonical\" href=\"https:\/\/web.umons.ac.be\/seff\/fr\/journee-detude-la-phrase-dans-les-grammaires-scolaires\/\" \/>\n<meta property=\"og:locale\" content=\"fr_FR\" \/>\n<meta property=\"og:type\" content=\"article\" \/>\n<meta property=\"og:title\" content=\"Journ\u00e9e d&#039;\u00e9tude : la phrase dans les grammaires scolaires - Service \/ FTI-EII - \u00c9tudes fran\u00e7aises &amp; francophones\" \/>\n<meta property=\"og:description\" content=\"Il n\u2019y a pas d\u2019extrait, car cette publication est prot\u00e9g\u00e9e.\" \/>\n<meta property=\"og:url\" content=\"https:\/\/web.umons.ac.be\/seff\/fr\/journee-detude-la-phrase-dans-les-grammaires-scolaires\/\" \/>\n<meta property=\"og:site_name\" content=\"Service \/ FTI-EII - \u00c9tudes fran\u00e7aises &amp; francophones\" \/>\n<meta name=\"twitter:card\" content=\"summary_large_image\" \/>\n<meta name=\"twitter:label1\" content=\"Dur\u00e9e de lecture estim\u00e9e\" \/>\n\t<meta name=\"twitter:data1\" content=\"2 minutes\" \/>\n<script type=\"application\/ld+json\" class=\"yoast-schema-graph\">{\"@context\":\"https:\/\/schema.org\",\"@graph\":[{\"@type\":\"WebPage\",\"@id\":\"https:\/\/web.umons.ac.be\/seff\/fr\/journee-detude-la-phrase-dans-les-grammaires-scolaires\/\",\"url\":\"https:\/\/web.umons.ac.be\/seff\/fr\/journee-detude-la-phrase-dans-les-grammaires-scolaires\/\",\"name\":\"Journ\u00e9e d'\u00e9tude : la phrase dans les grammaires scolaires - Service \/ FTI-EII - \u00c9tudes fran\u00e7aises &amp; francophones\",\"isPartOf\":{\"@id\":\"https:\/\/web.umons.ac.be\/seff\/#website\"},\"datePublished\":\"2024-12-13T09:38:48+00:00\",\"breadcrumb\":{\"@id\":\"https:\/\/web.umons.ac.be\/seff\/fr\/journee-detude-la-phrase-dans-les-grammaires-scolaires\/#breadcrumb\"},\"inLanguage\":\"fr-FR\"},{\"@type\":\"WebSite\",\"@id\":\"https:\/\/web.umons.ac.be\/seff\/#website\",\"url\":\"https:\/\/web.umons.ac.be\/seff\/\",\"name\":\"Service \/ FTI-EII - \u00c9tudes fran\u00e7aises &amp; francophones\",\"description\":\"\",\"potentialAction\":[{\"@type\":\"SearchAction\",\"target\":{\"@type\":\"EntryPoint\",\"urlTemplate\":\"https:\/\/web.umons.ac.be\/seff\/?s={search_term_string}\"},\"query-input\":{\"@type\":\"PropertyValueSpecification\",\"valueRequired\":true,\"valueName\":\"search_term_string\"}}],\"inLanguage\":\"fr-FR\"}]}<\/script>\n<!-- \/ Yoast SEO plugin. -->","yoast_head_json":{"title":"Journ\u00e9e d'\u00e9tude : la phrase dans les grammaires scolaires - Service \/ FTI-EII - \u00c9tudes fran\u00e7aises &amp; francophones","robots":{"index":"index","follow":"follow","max-snippet":"max-snippet:-1","max-image-preview":"max-image-preview:large","max-video-preview":"max-video-preview:-1"},"canonical":"https:\/\/web.umons.ac.be\/seff\/fr\/journee-detude-la-phrase-dans-les-grammaires-scolaires\/","og_locale":"fr_FR","og_type":"article","og_title":"Journ\u00e9e d'\u00e9tude : la phrase dans les grammaires scolaires - Service \/ FTI-EII - \u00c9tudes fran\u00e7aises &amp; francophones","og_description":"Il n\u2019y a pas d\u2019extrait, car cette publication est prot\u00e9g\u00e9e.","og_url":"https:\/\/web.umons.ac.be\/seff\/fr\/journee-detude-la-phrase-dans-les-grammaires-scolaires\/","og_site_name":"Service \/ FTI-EII - \u00c9tudes fran\u00e7aises &amp; francophones","twitter_card":"summary_large_image","twitter_misc":{"Dur\u00e9e de lecture estim\u00e9e":"2 minutes"},"schema":{"@context":"https:\/\/schema.org","@graph":[{"@type":"WebPage","@id":"https:\/\/web.umons.ac.be\/seff\/fr\/journee-detude-la-phrase-dans-les-grammaires-scolaires\/","url":"https:\/\/web.umons.ac.be\/seff\/fr\/journee-detude-la-phrase-dans-les-grammaires-scolaires\/","name":"Journ\u00e9e d'\u00e9tude : la phrase dans les grammaires scolaires - Service \/ FTI-EII - \u00c9tudes fran\u00e7aises &amp; francophones","isPartOf":{"@id":"https:\/\/web.umons.ac.be\/seff\/#website"},"datePublished":"2024-12-13T09:38:48+00:00","breadcrumb":{"@id":"https:\/\/web.umons.ac.be\/seff\/fr\/journee-detude-la-phrase-dans-les-grammaires-scolaires\/#breadcrumb"},"inLanguage":"fr-FR"},{"@type":"WebSite","@id":"https:\/\/web.umons.ac.be\/seff\/#website","url":"https:\/\/web.umons.ac.be\/seff\/","name":"Service \/ FTI-EII - \u00c9tudes fran\u00e7aises &amp; francophones","description":"","potentialAction":[{"@type":"SearchAction","target":{"@type":"EntryPoint","urlTemplate":"https:\/\/web.umons.ac.be\/seff\/?s={search_term_string}"},"query-input":{"@type":"PropertyValueSpecification","valueRequired":true,"valueName":"search_term_string"}}],"inLanguage":"fr-FR"}]}},"lang":"fr","translations":{"fr":168},"pll_sync_post":[],"_links":{"self":[{"href":"https:\/\/web.umons.ac.be\/seff\/wp-json\/wp\/v2\/pages\/168","targetHints":{"allow":["GET"]}}],"collection":[{"href":"https:\/\/web.umons.ac.be\/seff\/wp-json\/wp\/v2\/pages"}],"about":[{"href":"https:\/\/web.umons.ac.be\/seff\/wp-json\/wp\/v2\/types\/page"}],"author":[{"embeddable":true,"href":"https:\/\/web.umons.ac.be\/seff\/wp-json\/wp\/v2\/users\/220"}],"replies":[{"embeddable":true,"href":"https:\/\/web.umons.ac.be\/seff\/wp-json\/wp\/v2\/comments?post=168"}],"version-history":[{"count":2,"href":"https:\/\/web.umons.ac.be\/seff\/wp-json\/wp\/v2\/pages\/168\/revisions"}],"predecessor-version":[{"id":182,"href":"https:\/\/web.umons.ac.be\/seff\/wp-json\/wp\/v2\/pages\/168\/revisions\/182"}],"wp:attachment":[{"href":"https:\/\/web.umons.ac.be\/seff\/wp-json\/wp\/v2\/media?parent=168"}],"curies":[{"name":"wp","href":"https:\/\/api.w.org\/{rel}","templated":true}]}}