{"id":3,"date":"2023-03-28T15:14:05","date_gmt":"2023-03-28T13:14:05","guid":{"rendered":"https:\/\/web.umons.ac.be\/seff\/accueil\/"},"modified":"2025-05-08T23:21:55","modified_gmt":"2025-05-08T21:21:55","slug":"accueil","status":"publish","type":"page","link":"https:\/\/web.umons.ac.be\/seff\/fr\/activites-denseignement\/accueil\/","title":{"rendered":"Accueil"},"content":{"rendered":"<p><strong>Le Service d\u2019\u00e9tudes fran\u00e7aises &amp; francophones<\/strong>\u00a0f\u00e9d\u00e8re le travail d\u2019enseignantes, d\u2019enseignants, de chercheurs et de chercheuses dans les domaines des langues, des cultures ainsi que des litt\u00e9ratures de la \u00ab\u00a0francophonie\u00a0\u00bb \u2013 au sens de \u00ab\u00a0communaut\u00e9 des peuples qui parlent le fran\u00e7ais\u00a0\u00bb \u2013 et d\u00e9veloppe, \u00e0 partir de ces diff\u00e9rents champs d\u2019\u00e9tudes, de nombreux projets transversaux autour d\u2019axes coh\u00e9rents avec ces activit\u00e9s d\u2019enseignement et les autres activit\u00e9s de recherche de la Facult\u00e9 de traduction et d\u2019interpr\u00e9tation (FTI). Gr\u00e2ce \u00e0 l\u2019expertise scientifique de ses membres,\u00a0<strong>le Service d\u2019\u00e9tudes fran\u00e7aises &amp; francophones<\/strong>\u00a0contribue \u00e0 la formation de toute la communaut\u00e9 \u00e9tudiante de la FTI\u00a0: traducteurs et traductrices, interpr\u00e8tes, enseignantes et enseignants dont le fran\u00e7ais est la langue de travail.<\/p>\n<p><strong>Actualit\u00e9s et \u00e9v\u00e8nements :<\/strong><\/p>\n<ul>\n<li>Publication (juin 2025) d&rsquo;un ouvrage consacr\u00e9 aux chroniques de langage dans la presse belge francophone : Deharveng, Grevisse, Goosse&#8230;<\/li>\n<li>Ouverture des inscriptions pour le certificat en didactique du fran\u00e7ais langue \u00e9trang\u00e8re (2025-2026) :<a href=\"https:\/\/web.umons.ac.be\/fti-eii\/fr\/formations\/cu-fle\/\"> les inscriptions sont d\u00e9sormais ouvertes !<\/a><\/li>\n<\/ul>\n","protected":false},"excerpt":{"rendered":"<p>Le Service d\u2019\u00e9tudes fran\u00e7aises &amp; francophones\u00a0f\u00e9d\u00e8re le travail d\u2019enseignantes, d\u2019enseignants, de chercheurs et de chercheuses dans les domaines des langues, des cultures ainsi que des litt\u00e9ratures de la \u00ab\u00a0francophonie\u00a0\u00bb \u2013 au sens de \u00ab\u00a0communaut\u00e9 des peuples qui parlent le fran\u00e7ais\u00a0\u00bb \u2013 et d\u00e9veloppe, \u00e0 partir de ces diff\u00e9rents champs d\u2019\u00e9tudes, de nombreux projets transversaux autour [&hellip;]<\/p>\n","protected":false},"author":4,"featured_media":0,"parent":11,"menu_order":0,"comment_status":"closed","ping_status":"closed","template":"","meta":{"footnotes":""},"class_list":["post-3","page","type-page","status-publish","hentry"],"yoast_head":"<!-- This site is optimized with the Yoast SEO plugin v27.2 - https:\/\/yoast.com\/product\/yoast-seo-wordpress\/ -->\n<title>Accueil - Service \/ FTI-EII - \u00c9tudes fran\u00e7aises &amp; francophones<\/title>\n<meta name=\"robots\" content=\"index, follow, max-snippet:-1, max-image-preview:large, max-video-preview:-1\" \/>\n<link rel=\"canonical\" href=\"https:\/\/web.umons.ac.be\/seff\/fr\/activites-denseignement\/accueil\/\" \/>\n<meta property=\"og:locale\" content=\"fr_FR\" \/>\n<meta property=\"og:type\" content=\"article\" \/>\n<meta property=\"og:title\" content=\"Accueil - Service \/ FTI-EII - \u00c9tudes fran\u00e7aises &amp; francophones\" \/>\n<meta property=\"og:description\" content=\"Le Service d\u2019\u00e9tudes fran\u00e7aises &amp; francophones\u00a0f\u00e9d\u00e8re le travail d\u2019enseignantes, d\u2019enseignants, de chercheurs et de chercheuses dans les domaines des langues, des cultures ainsi que des litt\u00e9ratures de la \u00ab\u00a0francophonie\u00a0\u00bb \u2013 au sens de \u00ab\u00a0communaut\u00e9 des peuples qui parlent le fran\u00e7ais\u00a0\u00bb \u2013 et d\u00e9veloppe, \u00e0 partir de ces diff\u00e9rents champs d\u2019\u00e9tudes, de nombreux projets transversaux autour [&hellip;]\" \/>\n<meta property=\"og:url\" content=\"https:\/\/web.umons.ac.be\/seff\/fr\/activites-denseignement\/accueil\/\" \/>\n<meta property=\"og:site_name\" content=\"Service \/ FTI-EII - \u00c9tudes fran\u00e7aises &amp; francophones\" \/>\n<meta property=\"article:modified_time\" content=\"2025-05-08T21:21:55+00:00\" \/>\n<meta name=\"twitter:card\" content=\"summary_large_image\" \/>\n<meta name=\"twitter:label1\" content=\"Dur\u00e9e de lecture estim\u00e9e\" \/>\n\t<meta name=\"twitter:data1\" content=\"1 minute\" \/>\n<script type=\"application\/ld+json\" class=\"yoast-schema-graph\">{\"@context\":\"https:\/\/schema.org\",\"@graph\":[{\"@type\":\"WebPage\",\"@id\":\"https:\/\/web.umons.ac.be\/seff\/fr\/activites-denseignement\/accueil\/\",\"url\":\"https:\/\/web.umons.ac.be\/seff\/fr\/activites-denseignement\/accueil\/\",\"name\":\"Accueil - Service \/ FTI-EII - \u00c9tudes fran\u00e7aises &amp; francophones\",\"isPartOf\":{\"@id\":\"https:\/\/web.umons.ac.be\/seff\/#website\"},\"datePublished\":\"2023-03-28T13:14:05+00:00\",\"dateModified\":\"2025-05-08T21:21:55+00:00\",\"breadcrumb\":{\"@id\":\"https:\/\/web.umons.ac.be\/seff\/fr\/activites-denseignement\/accueil\/#breadcrumb\"},\"inLanguage\":\"fr-FR\",\"potentialAction\":[{\"@type\":\"ReadAction\",\"target\":[\"https:\/\/web.umons.ac.be\/seff\/fr\/activites-denseignement\/accueil\/\"]}]},{\"@type\":\"BreadcrumbList\",\"@id\":\"https:\/\/web.umons.ac.be\/seff\/fr\/activites-denseignement\/accueil\/#breadcrumb\",\"itemListElement\":[{\"@type\":\"ListItem\",\"position\":1,\"name\":\"Accueil\",\"item\":\"https:\/\/web.umons.ac.be\/seff\/\"},{\"@type\":\"ListItem\",\"position\":2,\"name\":\"Activit\u00e9s d&rsquo;enseignement\",\"item\":\"https:\/\/web.umons.ac.be\/seff\/fr\/activites-denseignement\/\"},{\"@type\":\"ListItem\",\"position\":3,\"name\":\"Accueil\"}]},{\"@type\":\"WebSite\",\"@id\":\"https:\/\/web.umons.ac.be\/seff\/#website\",\"url\":\"https:\/\/web.umons.ac.be\/seff\/\",\"name\":\"Service \/ FTI-EII - \u00c9tudes fran\u00e7aises &amp; francophones\",\"description\":\"\",\"potentialAction\":[{\"@type\":\"SearchAction\",\"target\":{\"@type\":\"EntryPoint\",\"urlTemplate\":\"https:\/\/web.umons.ac.be\/seff\/?s={search_term_string}\"},\"query-input\":{\"@type\":\"PropertyValueSpecification\",\"valueRequired\":true,\"valueName\":\"search_term_string\"}}],\"inLanguage\":\"fr-FR\"}]}<\/script>\n<!-- \/ Yoast SEO plugin. -->","yoast_head_json":{"title":"Accueil - Service \/ FTI-EII - \u00c9tudes fran\u00e7aises &amp; francophones","robots":{"index":"index","follow":"follow","max-snippet":"max-snippet:-1","max-image-preview":"max-image-preview:large","max-video-preview":"max-video-preview:-1"},"canonical":"https:\/\/web.umons.ac.be\/seff\/fr\/activites-denseignement\/accueil\/","og_locale":"fr_FR","og_type":"article","og_title":"Accueil - Service \/ FTI-EII - \u00c9tudes fran\u00e7aises &amp; francophones","og_description":"Le Service d\u2019\u00e9tudes fran\u00e7aises &amp; francophones\u00a0f\u00e9d\u00e8re le travail d\u2019enseignantes, d\u2019enseignants, de chercheurs et de chercheuses dans les domaines des langues, des cultures ainsi que des litt\u00e9ratures de la \u00ab\u00a0francophonie\u00a0\u00bb \u2013 au sens de \u00ab\u00a0communaut\u00e9 des peuples qui parlent le fran\u00e7ais\u00a0\u00bb \u2013 et d\u00e9veloppe, \u00e0 partir de ces diff\u00e9rents champs d\u2019\u00e9tudes, de nombreux projets transversaux autour [&hellip;]","og_url":"https:\/\/web.umons.ac.be\/seff\/fr\/activites-denseignement\/accueil\/","og_site_name":"Service \/ FTI-EII - \u00c9tudes fran\u00e7aises &amp; francophones","article_modified_time":"2025-05-08T21:21:55+00:00","twitter_card":"summary_large_image","twitter_misc":{"Dur\u00e9e de lecture estim\u00e9e":"1 minute"},"schema":{"@context":"https:\/\/schema.org","@graph":[{"@type":"WebPage","@id":"https:\/\/web.umons.ac.be\/seff\/fr\/activites-denseignement\/accueil\/","url":"https:\/\/web.umons.ac.be\/seff\/fr\/activites-denseignement\/accueil\/","name":"Accueil - Service \/ FTI-EII - \u00c9tudes fran\u00e7aises &amp; francophones","isPartOf":{"@id":"https:\/\/web.umons.ac.be\/seff\/#website"},"datePublished":"2023-03-28T13:14:05+00:00","dateModified":"2025-05-08T21:21:55+00:00","breadcrumb":{"@id":"https:\/\/web.umons.ac.be\/seff\/fr\/activites-denseignement\/accueil\/#breadcrumb"},"inLanguage":"fr-FR","potentialAction":[{"@type":"ReadAction","target":["https:\/\/web.umons.ac.be\/seff\/fr\/activites-denseignement\/accueil\/"]}]},{"@type":"BreadcrumbList","@id":"https:\/\/web.umons.ac.be\/seff\/fr\/activites-denseignement\/accueil\/#breadcrumb","itemListElement":[{"@type":"ListItem","position":1,"name":"Accueil","item":"https:\/\/web.umons.ac.be\/seff\/"},{"@type":"ListItem","position":2,"name":"Activit\u00e9s d&rsquo;enseignement","item":"https:\/\/web.umons.ac.be\/seff\/fr\/activites-denseignement\/"},{"@type":"ListItem","position":3,"name":"Accueil"}]},{"@type":"WebSite","@id":"https:\/\/web.umons.ac.be\/seff\/#website","url":"https:\/\/web.umons.ac.be\/seff\/","name":"Service \/ FTI-EII - \u00c9tudes fran\u00e7aises &amp; francophones","description":"","potentialAction":[{"@type":"SearchAction","target":{"@type":"EntryPoint","urlTemplate":"https:\/\/web.umons.ac.be\/seff\/?s={search_term_string}"},"query-input":{"@type":"PropertyValueSpecification","valueRequired":true,"valueName":"search_term_string"}}],"inLanguage":"fr-FR"}]}},"lang":"fr","translations":{"fr":3,"en":5},"pll_sync_post":[],"_links":{"self":[{"href":"https:\/\/web.umons.ac.be\/seff\/wp-json\/wp\/v2\/pages\/3","targetHints":{"allow":["GET"]}}],"collection":[{"href":"https:\/\/web.umons.ac.be\/seff\/wp-json\/wp\/v2\/pages"}],"about":[{"href":"https:\/\/web.umons.ac.be\/seff\/wp-json\/wp\/v2\/types\/page"}],"author":[{"embeddable":true,"href":"https:\/\/web.umons.ac.be\/seff\/wp-json\/wp\/v2\/users\/4"}],"replies":[{"embeddable":true,"href":"https:\/\/web.umons.ac.be\/seff\/wp-json\/wp\/v2\/comments?post=3"}],"version-history":[{"count":3,"href":"https:\/\/web.umons.ac.be\/seff\/wp-json\/wp\/v2\/pages\/3\/revisions"}],"predecessor-version":[{"id":192,"href":"https:\/\/web.umons.ac.be\/seff\/wp-json\/wp\/v2\/pages\/3\/revisions\/192"}],"up":[{"embeddable":true,"href":"https:\/\/web.umons.ac.be\/seff\/wp-json\/wp\/v2\/pages\/11"}],"wp:attachment":[{"href":"https:\/\/web.umons.ac.be\/seff\/wp-json\/wp\/v2\/media?parent=3"}],"curies":[{"name":"wp","href":"https:\/\/api.w.org\/{rel}","templated":true}]}}