{"id":9,"date":"2023-03-28T15:14:07","date_gmt":"2023-03-28T13:14:07","guid":{"rendered":"https:\/\/web.umons.ac.be\/seff\/team\/"},"modified":"2023-03-28T21:41:32","modified_gmt":"2023-03-28T19:41:32","slug":"team","status":"publish","type":"page","link":"https:\/\/web.umons.ac.be\/seff\/en\/team\/","title":{"rendered":"Team"},"content":{"rendered":"<p>Catherine Gravet (department head)<\/p>\n<p>Michel Berr\u00e9<\/p>\n<p>\u00c9lisabeth Castadot<\/p>\n<p>Maxence Delsaut<\/p>\n<p>Thierry Fauvaux<\/p>\n<p>Marina Gioiella<\/p>\n<p>Tiffany Jandrain<\/p>\n<p>Olivier Odaert<\/p>\n<p>William Petty<\/p>\n<p>Isabelle Piette<\/p>\n<p>Barbara Radomme<\/p>\n<p>Fatma Bouallaghi Anzallo<\/p>\n<p>Farida Dakhouche<\/p>\n<p>Marie Fortunati<\/p>\n<p>In\u00e8s Gaaloul<\/p>\n<p>Daniil Moskovchenko<\/p>\n<p>Michaela Slunecko<\/p>\n","protected":false},"excerpt":{"rendered":"<p>Catherine Gravet (department head) Michel Berr\u00e9 \u00c9lisabeth Castadot Maxence Delsaut Thierry Fauvaux Marina Gioiella Tiffany Jandrain Olivier Odaert William Petty Isabelle Piette Barbara Radomme Fatma Bouallaghi Anzallo Farida Dakhouche Marie Fortunati In\u00e8s Gaaloul Daniil Moskovchenko Michaela Slunecko<\/p>\n","protected":false},"author":4,"featured_media":0,"parent":0,"menu_order":0,"comment_status":"closed","ping_status":"closed","template":"","meta":{"footnotes":""},"class_list":["post-9","page","type-page","status-publish","hentry"],"yoast_head":"<!-- This site is optimized with the Yoast SEO plugin v27.2 - https:\/\/yoast.com\/product\/yoast-seo-wordpress\/ -->\n<title>Team - Service \/ FTI-EII - \u00c9tudes fran\u00e7aises &amp; francophones<\/title>\n<meta name=\"robots\" content=\"index, follow, max-snippet:-1, max-image-preview:large, max-video-preview:-1\" \/>\n<link rel=\"canonical\" href=\"https:\/\/web.umons.ac.be\/seff\/en\/team\/\" \/>\n<meta property=\"og:locale\" content=\"fr_FR\" \/>\n<meta property=\"og:type\" content=\"article\" \/>\n<meta property=\"og:title\" content=\"Team - Service \/ FTI-EII - \u00c9tudes fran\u00e7aises &amp; francophones\" \/>\n<meta property=\"og:description\" content=\"Catherine Gravet (department head) Michel Berr\u00e9 \u00c9lisabeth Castadot Maxence Delsaut Thierry Fauvaux Marina Gioiella Tiffany Jandrain Olivier Odaert William Petty Isabelle Piette Barbara Radomme Fatma Bouallaghi Anzallo Farida Dakhouche Marie Fortunati In\u00e8s Gaaloul Daniil Moskovchenko Michaela Slunecko\" \/>\n<meta property=\"og:url\" content=\"https:\/\/web.umons.ac.be\/seff\/en\/team\/\" \/>\n<meta property=\"og:site_name\" content=\"Service \/ FTI-EII - \u00c9tudes fran\u00e7aises &amp; francophones\" \/>\n<meta property=\"article:modified_time\" content=\"2023-03-28T19:41:32+00:00\" \/>\n<meta name=\"twitter:card\" content=\"summary_large_image\" \/>\n<meta name=\"twitter:label1\" content=\"Dur\u00e9e de lecture estim\u00e9e\" \/>\n\t<meta name=\"twitter:data1\" content=\"1 minute\" \/>\n<script type=\"application\/ld+json\" class=\"yoast-schema-graph\">{\"@context\":\"https:\/\/schema.org\",\"@graph\":[{\"@type\":\"WebPage\",\"@id\":\"https:\/\/web.umons.ac.be\/seff\/en\/team\/\",\"url\":\"https:\/\/web.umons.ac.be\/seff\/en\/team\/\",\"name\":\"Team - Service \/ FTI-EII - \u00c9tudes fran\u00e7aises &amp; francophones\",\"isPartOf\":{\"@id\":\"https:\/\/web.umons.ac.be\/seff\/#website\"},\"datePublished\":\"2023-03-28T13:14:07+00:00\",\"dateModified\":\"2023-03-28T19:41:32+00:00\",\"breadcrumb\":{\"@id\":\"https:\/\/web.umons.ac.be\/seff\/en\/team\/#breadcrumb\"},\"inLanguage\":\"fr-FR\",\"potentialAction\":[{\"@type\":\"ReadAction\",\"target\":[\"https:\/\/web.umons.ac.be\/seff\/en\/team\/\"]}]},{\"@type\":\"BreadcrumbList\",\"@id\":\"https:\/\/web.umons.ac.be\/seff\/en\/team\/#breadcrumb\",\"itemListElement\":[{\"@type\":\"ListItem\",\"position\":1,\"name\":\"Accueil\",\"item\":\"https:\/\/web.umons.ac.be\/seff\/\"},{\"@type\":\"ListItem\",\"position\":2,\"name\":\"Team\"}]},{\"@type\":\"WebSite\",\"@id\":\"https:\/\/web.umons.ac.be\/seff\/#website\",\"url\":\"https:\/\/web.umons.ac.be\/seff\/\",\"name\":\"Service \/ FTI-EII - \u00c9tudes fran\u00e7aises &amp; francophones\",\"description\":\"\",\"potentialAction\":[{\"@type\":\"SearchAction\",\"target\":{\"@type\":\"EntryPoint\",\"urlTemplate\":\"https:\/\/web.umons.ac.be\/seff\/?s={search_term_string}\"},\"query-input\":{\"@type\":\"PropertyValueSpecification\",\"valueRequired\":true,\"valueName\":\"search_term_string\"}}],\"inLanguage\":\"fr-FR\"}]}<\/script>\n<!-- \/ Yoast SEO plugin. -->","yoast_head_json":{"title":"Team - Service \/ FTI-EII - \u00c9tudes fran\u00e7aises &amp; francophones","robots":{"index":"index","follow":"follow","max-snippet":"max-snippet:-1","max-image-preview":"max-image-preview:large","max-video-preview":"max-video-preview:-1"},"canonical":"https:\/\/web.umons.ac.be\/seff\/en\/team\/","og_locale":"fr_FR","og_type":"article","og_title":"Team - Service \/ FTI-EII - \u00c9tudes fran\u00e7aises &amp; francophones","og_description":"Catherine Gravet (department head) Michel Berr\u00e9 \u00c9lisabeth Castadot Maxence Delsaut Thierry Fauvaux Marina Gioiella Tiffany Jandrain Olivier Odaert William Petty Isabelle Piette Barbara Radomme Fatma Bouallaghi Anzallo Farida Dakhouche Marie Fortunati In\u00e8s Gaaloul Daniil Moskovchenko Michaela Slunecko","og_url":"https:\/\/web.umons.ac.be\/seff\/en\/team\/","og_site_name":"Service \/ FTI-EII - \u00c9tudes fran\u00e7aises &amp; francophones","article_modified_time":"2023-03-28T19:41:32+00:00","twitter_card":"summary_large_image","twitter_misc":{"Dur\u00e9e de lecture estim\u00e9e":"1 minute"},"schema":{"@context":"https:\/\/schema.org","@graph":[{"@type":"WebPage","@id":"https:\/\/web.umons.ac.be\/seff\/en\/team\/","url":"https:\/\/web.umons.ac.be\/seff\/en\/team\/","name":"Team - Service \/ FTI-EII - \u00c9tudes fran\u00e7aises &amp; francophones","isPartOf":{"@id":"https:\/\/web.umons.ac.be\/seff\/#website"},"datePublished":"2023-03-28T13:14:07+00:00","dateModified":"2023-03-28T19:41:32+00:00","breadcrumb":{"@id":"https:\/\/web.umons.ac.be\/seff\/en\/team\/#breadcrumb"},"inLanguage":"fr-FR","potentialAction":[{"@type":"ReadAction","target":["https:\/\/web.umons.ac.be\/seff\/en\/team\/"]}]},{"@type":"BreadcrumbList","@id":"https:\/\/web.umons.ac.be\/seff\/en\/team\/#breadcrumb","itemListElement":[{"@type":"ListItem","position":1,"name":"Accueil","item":"https:\/\/web.umons.ac.be\/seff\/"},{"@type":"ListItem","position":2,"name":"Team"}]},{"@type":"WebSite","@id":"https:\/\/web.umons.ac.be\/seff\/#website","url":"https:\/\/web.umons.ac.be\/seff\/","name":"Service \/ FTI-EII - \u00c9tudes fran\u00e7aises &amp; francophones","description":"","potentialAction":[{"@type":"SearchAction","target":{"@type":"EntryPoint","urlTemplate":"https:\/\/web.umons.ac.be\/seff\/?s={search_term_string}"},"query-input":{"@type":"PropertyValueSpecification","valueRequired":true,"valueName":"search_term_string"}}],"inLanguage":"fr-FR"}]}},"lang":"en","translations":{"en":9,"fr":7},"pll_sync_post":[],"_links":{"self":[{"href":"https:\/\/web.umons.ac.be\/seff\/wp-json\/wp\/v2\/pages\/9","targetHints":{"allow":["GET"]}}],"collection":[{"href":"https:\/\/web.umons.ac.be\/seff\/wp-json\/wp\/v2\/pages"}],"about":[{"href":"https:\/\/web.umons.ac.be\/seff\/wp-json\/wp\/v2\/types\/page"}],"author":[{"embeddable":true,"href":"https:\/\/web.umons.ac.be\/seff\/wp-json\/wp\/v2\/users\/4"}],"replies":[{"embeddable":true,"href":"https:\/\/web.umons.ac.be\/seff\/wp-json\/wp\/v2\/comments?post=9"}],"version-history":[{"count":2,"href":"https:\/\/web.umons.ac.be\/seff\/wp-json\/wp\/v2\/pages\/9\/revisions"}],"predecessor-version":[{"id":61,"href":"https:\/\/web.umons.ac.be\/seff\/wp-json\/wp\/v2\/pages\/9\/revisions\/61"}],"wp:attachment":[{"href":"https:\/\/web.umons.ac.be\/seff\/wp-json\/wp\/v2\/media?parent=9"}],"curies":[{"name":"wp","href":"https:\/\/api.w.org\/{rel}","templated":true}]}}