{"id":7,"date":"2023-03-29T13:47:52","date_gmt":"2023-03-29T11:47:52","guid":{"rendered":"https:\/\/web.umons.ac.be\/seiia\/equipe\/"},"modified":"2023-03-29T13:47:52","modified_gmt":"2023-03-29T11:47:52","slug":"equipe","status":"publish","type":"page","link":"https:\/\/web.umons.ac.be\/seiia\/fr\/equipe\/","title":{"rendered":"\u00c9quipe"},"content":{"rendered":"<start-cask-shortcode-wrapper><div class=\"service-composition content-block scheme-fti\">\n                        <h3>Service d'\u00e9tudes ib\u00e9riques et ib\u00e9ro-am\u00e9ricaines<\/h3>\n        \n                    <ul class=\"service-members\">\n                                    <li>\n                        <a href=\"mailto:&#71;o&#110;z&#97;&#108;o&#46;FR&#65;NC&#73;SC&#79;SA&#78;&#67;&#72;E&#90;&#64;umo&#110;&#115;&#46;&#97;c&#46;b&#101;\" rel=\"nofollow\" class=\"service-member service-head\">\n                            <div>\n                                <span class=\"member-name\">FRANCISCO SANCHEZ Gonzalo<\/span>\n                                <div class=\"member-type\">Chef de service<\/div>\n                            <\/div>\n\n                            <span class=\"icon umons-icon-email\" aria-hidden=\"true\"><\/span>\n                        <\/a>\n                    <\/li>\n                \n                                    <li>\n                        <a href=\"mailto:m&#97;rt&#97;&#46;b&#111;n&#101;&#116;&#98;o&#102;il&#108;&#64;&#117;mon&#115;.&#97;c.&#98;&#101;\" rel=\"nofollow\" class=\"service-member\">\n                            <span class=\"member-name\">BONET BOFILL Marta<\/span>\n                            <span class=\"icon umons-icon-email\" aria-hidden=\"true\"><\/span>\n                        <\/a>\n                    <\/li>\n                                    <li>\n                        <a href=\"mailto:a&#110;&#103;e&#108;&#105;&#99;a.dasilv&#97;&#99;&#97;&#114;v&#97;&#108;&#104;o&#64;u&#109;&#111;&#110;&#115;&#46;ac&#46;&#98;&#101;\" rel=\"nofollow\" class=\"service-member\">\n                            <span class=\"member-name\">DA SILVA CARVALHO Angelica<\/span>\n                            <span class=\"icon umons-icon-email\" aria-hidden=\"true\"><\/span>\n                        <\/a>\n                    <\/li>\n                                    <li>\n                        <a href=\"mailto:s&#97;&#114;&#97;&#104;&#46;&#100;o&#122;i&#101;r&#64;&#117;mon&#115;.&#97;c.&#98;e\" rel=\"nofollow\" class=\"service-member\">\n                            <span class=\"member-name\">DOZIER Sarah<\/span>\n                            <span class=\"icon umons-icon-email\" aria-hidden=\"true\"><\/span>\n                        <\/a>\n                    <\/li>\n                                    <li>\n                        <a href=\"mailto:&#106;&#111;se&#109;i&#103;&#117;e&#108;&#46;g&#97;rc&#105;aca&#108;&#101;r&#111;&#64;u&#109;&#111;&#110;s.a&#99;.&#98;e\" rel=\"nofollow\" class=\"service-member\">\n                            <span class=\"member-name\">GARCIA CALERO Jos\u00e9 Miguel<\/span>\n                            <span class=\"icon umons-icon-email\" aria-hidden=\"true\"><\/span>\n                        <\/a>\n                    <\/li>\n                                    <li>\n                        <a href=\"mailto:&#77;&#97;&#110;&#111;n.GI&#76;L&#69;T&#64;&#117;m&#111;&#110;s&#46;&#97;c&#46;b&#101;\" rel=\"nofollow\" class=\"service-member\">\n                            <span class=\"member-name\">GILLET Manon<\/span>\n                            <span class=\"icon umons-icon-email\" aria-hidden=\"true\"><\/span>\n                        <\/a>\n                    <\/li>\n                                    <li>\n                        <a href=\"mailto:&#99;ri&#115;ta&#108;.&#104;&#117;&#101;r&#100;o&#109;oreno&#64;&#117;mo&#110;s&#46;&#97;c&#46;&#98;&#101;\" rel=\"nofollow\" class=\"service-member\">\n                            <span class=\"member-name\">HUERDO MORENO Cristal<\/span>\n                            <span class=\"icon umons-icon-email\" aria-hidden=\"true\"><\/span>\n                        <\/a>\n                    <\/li>\n                                    <li>\n                        <a href=\"mailto:&#74;&#117;&#97;&#110;&#46;J&#73;M&#69;&#78;E&#90;-SA&#76;&#67;&#69;&#68;&#79;&#64;u&#109;&#111;ns&#46;&#97;c&#46;&#98;e\" rel=\"nofollow\" class=\"service-member\">\n                            <span class=\"member-name\">JIMENEZ-SALCEDO Juan<\/span>\n                            <span class=\"icon umons-icon-email\" aria-hidden=\"true\"><\/span>\n                        <\/a>\n                    <\/li>\n                                    <li>\n                        <a href=\"mailto:Mar&#116;in&#46;&#76;A&#66;&#73;E&#64;umo&#110;&#115;.&#97;&#99;&#46;&#98;&#101;\" rel=\"nofollow\" class=\"service-member\">\n                            <span class=\"member-name\">LABIE Martin<\/span>\n                            <span class=\"icon umons-icon-email\" aria-hidden=\"true\"><\/span>\n                        <\/a>\n                    <\/li>\n                                    <li>\n                        <a href=\"mailto:&#67;am&#105;l&#108;&#101;&#46;MARVI&#78;&#64;&#117;&#109;ons&#46;a&#99;&#46;&#98;e\" rel=\"nofollow\" class=\"service-member\">\n                            <span class=\"member-name\">MARVIN Camille<\/span>\n                            <span class=\"icon umons-icon-email\" aria-hidden=\"true\"><\/span>\n                        <\/a>\n                    <\/li>\n                                    <li>\n                        <a href=\"mailto:a&#110;&#110;&#101;-&#99;&#104;r&#105;s&#116;&#101;ll&#101;.&#114;&#101;&#109;u&#101;&#64;&#117;m&#111;&#110;&#115;.ac&#46;b&#101;\" rel=\"nofollow\" class=\"service-member\">\n                            <span class=\"member-name\">REMUE Anne-Christelle<\/span>\n                            <span class=\"icon umons-icon-email\" aria-hidden=\"true\"><\/span>\n                        <\/a>\n                    <\/li>\n                                    <li>\n                        <a href=\"mailto:&#102;r&#97;nc&#111;i&#115;.ve&#114;m&#101;e&#114;&#115;&#99;h&#64;um&#111;ns&#46;ac.b&#101;\" rel=\"nofollow\" class=\"service-member\">\n                            <span class=\"member-name\">VERMEERSCH Fran\u00e7ois<\/span>\n                            <span class=\"icon umons-icon-email\" aria-hidden=\"true\"><\/span>\n                        <\/a>\n                    <\/li>\n                            <\/ul>\n                <p>\n            <a href=\" http:\/\/www.umons.ac.be\/annuaire\" class=\"button button-primary scheme-background scheme-background-hover\" target=\"_blank\" rel=\"nofollow\">\n                More information on the directory                <span class=\"icon umons-icon-book\" aria-hidden=\"true\"><\/span>        \n            <\/a>\n        <\/p>\n    <\/div><end-cask-shortcode-wrapper>\n","protected":false},"excerpt":{"rendered":"","protected":false},"author":4,"featured_media":0,"parent":0,"menu_order":0,"comment_status":"closed","ping_status":"closed","template":"","meta":{"footnotes":""},"class_list":["post-7","page","type-page","status-publish","hentry"],"yoast_head":"<!-- This site is optimized with the Yoast SEO plugin v27.2 - https:\/\/yoast.com\/product\/yoast-seo-wordpress\/ -->\n<title>\u00c9quipe - Service \/ FTI-EII - \u00c9tudes ib\u00e9riques et ib\u00e9ro-am\u00e9ricaines<\/title>\n<meta name=\"robots\" content=\"index, follow, max-snippet:-1, max-image-preview:large, max-video-preview:-1\" \/>\n<link rel=\"canonical\" href=\"https:\/\/web.umons.ac.be\/seiia\/fr\/equipe\/\" \/>\n<meta property=\"og:locale\" content=\"fr_FR\" \/>\n<meta property=\"og:type\" content=\"article\" \/>\n<meta property=\"og:title\" content=\"\u00c9quipe - Service \/ FTI-EII - \u00c9tudes ib\u00e9riques et ib\u00e9ro-am\u00e9ricaines\" \/>\n<meta property=\"og:url\" content=\"https:\/\/web.umons.ac.be\/seiia\/fr\/equipe\/\" \/>\n<meta property=\"og:site_name\" content=\"Service \/ FTI-EII - \u00c9tudes ib\u00e9riques et ib\u00e9ro-am\u00e9ricaines\" \/>\n<meta name=\"twitter:card\" content=\"summary_large_image\" \/>\n<script type=\"application\/ld+json\" class=\"yoast-schema-graph\">{\"@context\":\"https:\/\/schema.org\",\"@graph\":[{\"@type\":\"WebPage\",\"@id\":\"https:\/\/web.umons.ac.be\/seiia\/fr\/equipe\/\",\"url\":\"https:\/\/web.umons.ac.be\/seiia\/fr\/equipe\/\",\"name\":\"\u00c9quipe - Service \/ FTI-EII - \u00c9tudes ib\u00e9riques et ib\u00e9ro-am\u00e9ricaines\",\"isPartOf\":{\"@id\":\"https:\/\/web.umons.ac.be\/seiia\/#website\"},\"datePublished\":\"2023-03-29T11:47:52+00:00\",\"breadcrumb\":{\"@id\":\"https:\/\/web.umons.ac.be\/seiia\/fr\/equipe\/#breadcrumb\"},\"inLanguage\":\"fr-FR\",\"potentialAction\":[{\"@type\":\"ReadAction\",\"target\":[\"https:\/\/web.umons.ac.be\/seiia\/fr\/equipe\/\"]}]},{\"@type\":\"BreadcrumbList\",\"@id\":\"https:\/\/web.umons.ac.be\/seiia\/fr\/equipe\/#breadcrumb\",\"itemListElement\":[{\"@type\":\"ListItem\",\"position\":1,\"name\":\"Accueil\",\"item\":\"https:\/\/web.umons.ac.be\/seiia\/fr\/\"},{\"@type\":\"ListItem\",\"position\":2,\"name\":\"\u00c9quipe\"}]},{\"@type\":\"WebSite\",\"@id\":\"https:\/\/web.umons.ac.be\/seiia\/#website\",\"url\":\"https:\/\/web.umons.ac.be\/seiia\/\",\"name\":\"Service \/ FTI-EII - \u00c9tudes ib\u00e9riques et ib\u00e9ro-am\u00e9ricaines\",\"description\":\"\",\"potentialAction\":[{\"@type\":\"SearchAction\",\"target\":{\"@type\":\"EntryPoint\",\"urlTemplate\":\"https:\/\/web.umons.ac.be\/seiia\/?s={search_term_string}\"},\"query-input\":{\"@type\":\"PropertyValueSpecification\",\"valueRequired\":true,\"valueName\":\"search_term_string\"}}],\"inLanguage\":\"fr-FR\"}]}<\/script>\n<!-- \/ Yoast SEO plugin. -->","yoast_head_json":{"title":"\u00c9quipe - Service \/ FTI-EII - \u00c9tudes ib\u00e9riques et ib\u00e9ro-am\u00e9ricaines","robots":{"index":"index","follow":"follow","max-snippet":"max-snippet:-1","max-image-preview":"max-image-preview:large","max-video-preview":"max-video-preview:-1"},"canonical":"https:\/\/web.umons.ac.be\/seiia\/fr\/equipe\/","og_locale":"fr_FR","og_type":"article","og_title":"\u00c9quipe - Service \/ FTI-EII - \u00c9tudes ib\u00e9riques et ib\u00e9ro-am\u00e9ricaines","og_url":"https:\/\/web.umons.ac.be\/seiia\/fr\/equipe\/","og_site_name":"Service \/ FTI-EII - \u00c9tudes ib\u00e9riques et ib\u00e9ro-am\u00e9ricaines","twitter_card":"summary_large_image","schema":{"@context":"https:\/\/schema.org","@graph":[{"@type":"WebPage","@id":"https:\/\/web.umons.ac.be\/seiia\/fr\/equipe\/","url":"https:\/\/web.umons.ac.be\/seiia\/fr\/equipe\/","name":"\u00c9quipe - Service \/ FTI-EII - \u00c9tudes ib\u00e9riques et ib\u00e9ro-am\u00e9ricaines","isPartOf":{"@id":"https:\/\/web.umons.ac.be\/seiia\/#website"},"datePublished":"2023-03-29T11:47:52+00:00","breadcrumb":{"@id":"https:\/\/web.umons.ac.be\/seiia\/fr\/equipe\/#breadcrumb"},"inLanguage":"fr-FR","potentialAction":[{"@type":"ReadAction","target":["https:\/\/web.umons.ac.be\/seiia\/fr\/equipe\/"]}]},{"@type":"BreadcrumbList","@id":"https:\/\/web.umons.ac.be\/seiia\/fr\/equipe\/#breadcrumb","itemListElement":[{"@type":"ListItem","position":1,"name":"Accueil","item":"https:\/\/web.umons.ac.be\/seiia\/fr\/"},{"@type":"ListItem","position":2,"name":"\u00c9quipe"}]},{"@type":"WebSite","@id":"https:\/\/web.umons.ac.be\/seiia\/#website","url":"https:\/\/web.umons.ac.be\/seiia\/","name":"Service \/ FTI-EII - \u00c9tudes ib\u00e9riques et ib\u00e9ro-am\u00e9ricaines","description":"","potentialAction":[{"@type":"SearchAction","target":{"@type":"EntryPoint","urlTemplate":"https:\/\/web.umons.ac.be\/seiia\/?s={search_term_string}"},"query-input":{"@type":"PropertyValueSpecification","valueRequired":true,"valueName":"search_term_string"}}],"inLanguage":"fr-FR"}]}},"lang":"fr","translations":{"fr":7,"en":9},"pll_sync_post":[],"_links":{"self":[{"href":"https:\/\/web.umons.ac.be\/seiia\/wp-json\/wp\/v2\/pages\/7","targetHints":{"allow":["GET"]}}],"collection":[{"href":"https:\/\/web.umons.ac.be\/seiia\/wp-json\/wp\/v2\/pages"}],"about":[{"href":"https:\/\/web.umons.ac.be\/seiia\/wp-json\/wp\/v2\/types\/page"}],"author":[{"embeddable":true,"href":"https:\/\/web.umons.ac.be\/seiia\/wp-json\/wp\/v2\/users\/4"}],"replies":[{"embeddable":true,"href":"https:\/\/web.umons.ac.be\/seiia\/wp-json\/wp\/v2\/comments?post=7"}],"version-history":[{"count":0,"href":"https:\/\/web.umons.ac.be\/seiia\/wp-json\/wp\/v2\/pages\/7\/revisions"}],"wp:attachment":[{"href":"https:\/\/web.umons.ac.be\/seiia\/wp-json\/wp\/v2\/media?parent=7"}],"curies":[{"name":"wp","href":"https:\/\/api.w.org\/{rel}","templated":true}]}}