{"id":104,"date":"2021-12-06T15:57:38","date_gmt":"2021-12-06T14:57:38","guid":{"rendered":"https:\/\/web.umons.ac.be\/semf\/?page_id=104"},"modified":"2023-05-22T11:32:36","modified_gmt":"2023-05-22T09:32:36","slug":"sites-de-recherches","status":"publish","type":"page","link":"https:\/\/web.umons.ac.be\/semf\/sites-de-recherches\/","title":{"rendered":"Sites des Recherches"},"content":{"rendered":"<p><span style=\"font-family: helvetica, arial, sans-serif;\">Cette page assure le lien vers les diff\u00e9rents sites sp\u00e9cifiques li\u00e9es \u00e0 un ensemble de recherche men\u00e9es par des membres du service, y compris en partenariat avec d\u2019autres services au sein ou \u00e0 l\u2019ext\u00e9rieur de l\u2019UMONS.<\/span><\/p>\n<p><a href=\"http:\/\/www.approcheorientante.be\"><span style=\"font-family: helvetica, arial, sans-serif;\"><img loading=\"lazy\" decoding=\"async\" class=\"alignleft wp-image-446 size-full\" src=\"https:\/\/web.umons.ac.be\/app\/uploads\/sites\/103\/2022\/02\/cropped-logo-ao-3-1-3.png\" alt=\"\" width=\"223\" height=\"150\" srcset=\"https:\/\/web.umons.ac.be\/app\/uploads\/sites\/103\/2022\/02\/cropped-logo-ao-3-1-3.png 223w, https:\/\/web.umons.ac.be\/app\/uploads\/sites\/103\/2022\/02\/cropped-logo-ao-3-1-3-30x20.png 30w, https:\/\/web.umons.ac.be\/app\/uploads\/sites\/103\/2022\/02\/cropped-logo-ao-3-1-3-60x40.png 60w\" sizes=\"auto, (max-width: 223px) 100vw, 223px\" \/><\/span><\/a><\/p>\n<p>Le site\u00a0<a href=\"http:\/\/www.approcheorientante.be\">www.approcheorientante.be<\/a>\u00a0est d\u00e9di\u00e9 \u00e0 l\u2019actualit\u00e9 des recherches de l\u2019\u00e9quipe de l\u2019UMONS men\u00e9es sur le th\u00e8me de l\u2019orientation. Vous y trouvez \u00e0 la fois du contenu th\u00e9orique (article scientifiques, ouvrages de r\u00e9f\u00e9rence\u2026) et des informations et des outils pratiques (outils pour la classe, vid\u00e9os, jeux p\u00e9dagogiques\u2026) pour d\u00e9velopper une\u00a0approche orientante\u00a0\u00e0 l\u2019\u00e9cole. Bien que centr\u00e9 sur l\u2019orientation scolaire, vous pouvez d\u00e9couvrir \u00e9galement sur ce site des informations sur\u00a0l\u2019orientation professionnelle\u00a0et l\u2019orientation tout au long de la vie (OTLV).<\/p>\n<p>&nbsp;<\/p>\n<p><a href=\"https:\/\/web.umons.ac.be\/semf\/projet-arc-simpro\/\"><span style=\"font-family: helvetica, arial, sans-serif;\"><img loading=\"lazy\" decoding=\"async\" class=\"alignleft wp-image-385\" src=\"https:\/\/web.umons.ac.be\/app\/uploads\/sites\/103\/2022\/02\/logo-arc-Fond-Blanc-300x158.png\" alt=\"\" width=\"226\" height=\"119\" srcset=\"https:\/\/web.umons.ac.be\/app\/uploads\/sites\/103\/2022\/02\/logo-arc-Fond-Blanc-300x158.png 300w, https:\/\/web.umons.ac.be\/app\/uploads\/sites\/103\/2022\/02\/logo-arc-Fond-Blanc-1024x539.png 1024w, https:\/\/web.umons.ac.be\/app\/uploads\/sites\/103\/2022\/02\/logo-arc-Fond-Blanc-768x404.png 768w, https:\/\/web.umons.ac.be\/app\/uploads\/sites\/103\/2022\/02\/logo-arc-Fond-Blanc-1536x808.png 1536w, https:\/\/web.umons.ac.be\/app\/uploads\/sites\/103\/2022\/02\/logo-arc-Fond-Blanc-1254x660.png 1254w, https:\/\/web.umons.ac.be\/app\/uploads\/sites\/103\/2022\/02\/logo-arc-Fond-Blanc-30x16.png 30w, https:\/\/web.umons.ac.be\/app\/uploads\/sites\/103\/2022\/02\/logo-arc-Fond-Blanc-60x32.png 60w, https:\/\/web.umons.ac.be\/app\/uploads\/sites\/103\/2022\/02\/logo-arc-Fond-Blanc-360x189.png 360w, https:\/\/web.umons.ac.be\/app\/uploads\/sites\/103\/2022\/02\/logo-arc-Fond-Blanc-1200x630.png 1200w, https:\/\/web.umons.ac.be\/app\/uploads\/sites\/103\/2022\/02\/logo-arc-Fond-Blanc.png 1556w\" sizes=\"auto, (max-width: 226px) 100vw, 226px\" \/><\/span><\/a><\/p>\n<p><span style=\"font-family: helvetica, arial, sans-serif;\"><a href=\"https:\/\/web.umons.ac.be\/semf\/projet-arc-simpro\/\">ARC SIM\u2019PRO<\/a> d\u00e9veloppe un outil original permettant la mod\u00e9lisation de situations de formation en contextes r\u00e9els et simul\u00e9s et l\u2019assistance \u00e0 l\u2019activit\u00e9 des formateurs. Ce projet interdisciplinaire est support\u00e9 par 3 \u00e9quipes de l\u2019universit\u00e9 de Mons dans le cadre de la formation initiale et pratique des futurs enseignants et de la gestion des risques dans les m\u00e9tiers de la s\u00e9curit\u00e9 civile. ARC SIM\u2019PRO est financ\u00e9 par les Actions de recherche concert\u00e9es durant 4 ann\u00e9es.<\/span><\/p>\n<p>&nbsp;<\/p>\n<p><img loading=\"lazy\" decoding=\"async\" class=\"wp-image-1510  alignleft\" src=\"https:\/\/web.umons.ac.be\/app\/uploads\/sites\/103\/2023\/05\/23.jpg\" alt=\"\" width=\"206\" height=\"206\" srcset=\"https:\/\/web.umons.ac.be\/app\/uploads\/sites\/103\/2023\/05\/23.jpg 100w, https:\/\/web.umons.ac.be\/app\/uploads\/sites\/103\/2023\/05\/23-30x30.jpg 30w, https:\/\/web.umons.ac.be\/app\/uploads\/sites\/103\/2023\/05\/23-80x80.jpg 80w, https:\/\/web.umons.ac.be\/app\/uploads\/sites\/103\/2023\/05\/23-60x60.jpg 60w\" sizes=\"auto, (max-width: 206px) 100vw, 206px\" \/><a href=\"https:\/\/accompagnementprofessionnel.be\/\">www.accompagnementprofessionnel.be<\/a>,<\/p>\n<p>L\u2019accompagnement des (futurs) professionnels et plus sp\u00e9cifiquement des enseignants, peut avoir lieu lors de la formation initiale et tout au long au long de la carri\u00e8re. Cet accompagnement est exerc\u00e9 par de multiples acteurs : ma\u00eetres de stage (enseignants associ\u00e9s au Qu\u00e9bec), superviseurs, mentors, coachs, directeurs\u2026<\/p>\n<p>Les accompagnants\/formateurs doivent mettre en \u0153uvre des comp\u00e9tences complexes. Afin d\u2019exercer leur r\u00f4le avec justesse, il est n\u00e9cessaire qu\u2019ils puissent b\u00e9n\u00e9ficier d\u2019une formation. L\u2019accompagnement se doit donc d\u2019\u00eatre professionnel.<\/p>\n<p><a href=\"http:\/\/www.enseignementexplicite.be\"><img loading=\"lazy\" decoding=\"async\" class=\"alignleft wp-image-447 \" src=\"https:\/\/web.umons.ac.be\/app\/uploads\/sites\/103\/2022\/02\/Logo-300x258.jpg\" alt=\"\" width=\"224\" height=\"192\" srcset=\"https:\/\/web.umons.ac.be\/app\/uploads\/sites\/103\/2022\/02\/Logo-300x258.jpg 300w, https:\/\/web.umons.ac.be\/app\/uploads\/sites\/103\/2022\/02\/Logo-1024x880.jpg 1024w, https:\/\/web.umons.ac.be\/app\/uploads\/sites\/103\/2022\/02\/Logo-768x660.jpg 768w, https:\/\/web.umons.ac.be\/app\/uploads\/sites\/103\/2022\/02\/Logo-1536x1320.jpg 1536w, https:\/\/web.umons.ac.be\/app\/uploads\/sites\/103\/2022\/02\/Logo-30x26.jpg 30w, https:\/\/web.umons.ac.be\/app\/uploads\/sites\/103\/2022\/02\/Logo-60x52.jpg 60w, https:\/\/web.umons.ac.be\/app\/uploads\/sites\/103\/2022\/02\/Logo-360x309.jpg 360w, https:\/\/web.umons.ac.be\/app\/uploads\/sites\/103\/2022\/02\/Logo.jpg 1764w\" sizes=\"auto, (max-width: 224px) 100vw, 224px\" \/><\/a><\/p>\n<p>&nbsp;<\/p>\n<p><span style=\"font-family: helvetica, arial, sans-serif;\">Le site <a href=\"http:\/\/www.enseignementexplicite.be\">http:\/\/www.enseignementexplicite.be<\/a> est d\u00e9di\u00e9 \u00e0 l\u2019actualit\u00e9 relative \u00e0 l\u2019EE. L\u2019enseignement explicite est une approche p\u00e9dagogique \u00e9labor\u00e9e \u00e0 partir d\u2019observations et d\u2019exp\u00e9rimentations r\u00e9alis\u00e9es depuis une cinquantaine d\u2019ann\u00e9es par des chercheurs dans des classes, en collaboration avec des enseignants et des \u00e9l\u00e8ves. Il s\u2019agit d\u2019une approche p\u00e9dagogique \u00e9quitable qui permet au plus grand nombre d\u2019\u00e9l\u00e8ves d\u2019apprendre des contenus scolaires tels que la lecture, l\u2019\u00e9criture ou encore les math\u00e9matiques, mais aussi des comportements leur permettant d\u2019incarner certaines valeurs telles que la solidarit\u00e9.<\/span><\/p>\n<p>&nbsp;<\/p>\n<p>&nbsp;<\/p>\n<p style=\"font-size: 14px;\">\n","protected":false},"excerpt":{"rendered":"<p>Cette page assure le lien vers les diff\u00e9rents sites sp\u00e9cifiques li\u00e9es \u00e0 un ensemble de recherche men\u00e9es par des membres du service, y compris en partenariat avec d\u2019autres services au sein ou \u00e0 l\u2019ext\u00e9rieur de l\u2019UMONS. Le site\u00a0www.approcheorientante.be\u00a0est d\u00e9di\u00e9 \u00e0 l\u2019actualit\u00e9 des recherches de l\u2019\u00e9quipe de l\u2019UMONS men\u00e9es sur le th\u00e8me de l\u2019orientation. Vous y [&hellip;]<\/p>\n","protected":false},"author":121,"featured_media":0,"parent":0,"menu_order":0,"comment_status":"closed","ping_status":"closed","template":"","meta":{"footnotes":""},"class_list":["post-104","page","type-page","status-publish","hentry"],"yoast_head":"<!-- This site is optimized with the Yoast SEO plugin v27.2 - https:\/\/yoast.com\/product\/yoast-seo-wordpress\/ -->\n<title>Sites des Recherches - Service \/ FPSE - Sciences de l&#039;Enseignement et de la Formation<\/title>\n<meta name=\"robots\" content=\"index, follow, max-snippet:-1, max-image-preview:large, max-video-preview:-1\" \/>\n<link rel=\"canonical\" href=\"https:\/\/web.umons.ac.be\/semf\/sites-de-recherches\/\" \/>\n<meta property=\"og:locale\" content=\"fr_FR\" \/>\n<meta property=\"og:type\" content=\"article\" \/>\n<meta property=\"og:title\" content=\"Sites des Recherches - Service \/ FPSE - Sciences de l&#039;Enseignement et de la Formation\" \/>\n<meta property=\"og:description\" content=\"Cette page assure le lien vers les diff\u00e9rents sites sp\u00e9cifiques li\u00e9es \u00e0 un ensemble de recherche men\u00e9es par des membres du service, y compris en partenariat avec d\u2019autres services au sein ou \u00e0 l\u2019ext\u00e9rieur de l\u2019UMONS. Le site\u00a0www.approcheorientante.be\u00a0est d\u00e9di\u00e9 \u00e0 l\u2019actualit\u00e9 des recherches de l\u2019\u00e9quipe de l\u2019UMONS men\u00e9es sur le th\u00e8me de l\u2019orientation. Vous y [&hellip;]\" \/>\n<meta property=\"og:url\" content=\"https:\/\/web.umons.ac.be\/semf\/sites-de-recherches\/\" \/>\n<meta property=\"og:site_name\" content=\"Service \/ FPSE - Sciences de l&#039;Enseignement et de la Formation\" \/>\n<meta property=\"article:modified_time\" content=\"2023-05-22T09:32:36+00:00\" \/>\n<meta property=\"og:image\" content=\"https:\/\/web.umons.ac.be\/app\/uploads\/sites\/103\/2022\/02\/cropped-logo-ao-3-1-3.png\" \/>\n<meta name=\"twitter:card\" content=\"summary_large_image\" \/>\n<meta name=\"twitter:label1\" content=\"Dur\u00e9e de lecture estim\u00e9e\" \/>\n\t<meta name=\"twitter:data1\" content=\"3 minutes\" \/>\n<script type=\"application\/ld+json\" class=\"yoast-schema-graph\">{\"@context\":\"https:\/\/schema.org\",\"@graph\":[{\"@type\":\"WebPage\",\"@id\":\"https:\/\/web.umons.ac.be\/semf\/sites-de-recherches\/\",\"url\":\"https:\/\/web.umons.ac.be\/semf\/sites-de-recherches\/\",\"name\":\"Sites des Recherches - Service \/ FPSE - Sciences de l&#039;Enseignement et de la Formation\",\"isPartOf\":{\"@id\":\"https:\/\/web.umons.ac.be\/semf\/#website\"},\"primaryImageOfPage\":{\"@id\":\"https:\/\/web.umons.ac.be\/semf\/sites-de-recherches\/#primaryimage\"},\"image\":{\"@id\":\"https:\/\/web.umons.ac.be\/semf\/sites-de-recherches\/#primaryimage\"},\"thumbnailUrl\":\"https:\/\/web.umons.ac.be\/app\/uploads\/sites\/103\/2022\/02\/cropped-logo-ao-3-1-3.png\",\"datePublished\":\"2021-12-06T14:57:38+00:00\",\"dateModified\":\"2023-05-22T09:32:36+00:00\",\"breadcrumb\":{\"@id\":\"https:\/\/web.umons.ac.be\/semf\/sites-de-recherches\/#breadcrumb\"},\"inLanguage\":\"fr-FR\",\"potentialAction\":[{\"@type\":\"ReadAction\",\"target\":[\"https:\/\/web.umons.ac.be\/semf\/sites-de-recherches\/\"]}]},{\"@type\":\"ImageObject\",\"inLanguage\":\"fr-FR\",\"@id\":\"https:\/\/web.umons.ac.be\/semf\/sites-de-recherches\/#primaryimage\",\"url\":\"https:\/\/web.umons.ac.be\/app\/uploads\/sites\/103\/2022\/02\/cropped-logo-ao-3-1-3.png\",\"contentUrl\":\"https:\/\/web.umons.ac.be\/app\/uploads\/sites\/103\/2022\/02\/cropped-logo-ao-3-1-3.png\"},{\"@type\":\"BreadcrumbList\",\"@id\":\"https:\/\/web.umons.ac.be\/semf\/sites-de-recherches\/#breadcrumb\",\"itemListElement\":[{\"@type\":\"ListItem\",\"position\":1,\"name\":\"Home\",\"item\":\"https:\/\/web.umons.ac.be\/semf\/\"},{\"@type\":\"ListItem\",\"position\":2,\"name\":\"Sites des Recherches\"}]},{\"@type\":\"WebSite\",\"@id\":\"https:\/\/web.umons.ac.be\/semf\/#website\",\"url\":\"https:\/\/web.umons.ac.be\/semf\/\",\"name\":\"Service \/ FPSE - M\u00e9thodologie et formation\",\"description\":\"\",\"publisher\":{\"@id\":\"https:\/\/web.umons.ac.be\/semf\/#organization\"},\"potentialAction\":[{\"@type\":\"SearchAction\",\"target\":{\"@type\":\"EntryPoint\",\"urlTemplate\":\"https:\/\/web.umons.ac.be\/semf\/?s={search_term_string}\"},\"query-input\":{\"@type\":\"PropertyValueSpecification\",\"valueRequired\":true,\"valueName\":\"search_term_string\"}}],\"inLanguage\":\"fr-FR\"},{\"@type\":\"Organization\",\"@id\":\"https:\/\/web.umons.ac.be\/semf\/#organization\",\"name\":\"Service \/ FPSE - M\u00e9thodologie et formation\",\"url\":\"https:\/\/web.umons.ac.be\/semf\/\",\"logo\":{\"@type\":\"ImageObject\",\"inLanguage\":\"fr-FR\",\"@id\":\"https:\/\/web.umons.ac.be\/semf\/#\/schema\/logo\/image\/\",\"url\":\"https:\/\/web.umons.ac.be\/app\/uploads\/sites\/103\/2021\/11\/LOGOP316_Benoit-VANSCHOEBEKE.svg\",\"contentUrl\":\"https:\/\/web.umons.ac.be\/app\/uploads\/sites\/103\/2021\/11\/LOGOP316_Benoit-VANSCHOEBEKE.svg\",\"width\":1,\"height\":1,\"caption\":\"Service \/ FPSE - M\u00e9thodologie et formation\"},\"image\":{\"@id\":\"https:\/\/web.umons.ac.be\/semf\/#\/schema\/logo\/image\/\"}}]}<\/script>\n<!-- \/ Yoast SEO plugin. -->","yoast_head_json":{"title":"Sites des Recherches - Service \/ FPSE - Sciences de l&#039;Enseignement et de la Formation","robots":{"index":"index","follow":"follow","max-snippet":"max-snippet:-1","max-image-preview":"max-image-preview:large","max-video-preview":"max-video-preview:-1"},"canonical":"https:\/\/web.umons.ac.be\/semf\/sites-de-recherches\/","og_locale":"fr_FR","og_type":"article","og_title":"Sites des Recherches - Service \/ FPSE - Sciences de l&#039;Enseignement et de la Formation","og_description":"Cette page assure le lien vers les diff\u00e9rents sites sp\u00e9cifiques li\u00e9es \u00e0 un ensemble de recherche men\u00e9es par des membres du service, y compris en partenariat avec d\u2019autres services au sein ou \u00e0 l\u2019ext\u00e9rieur de l\u2019UMONS. Le site\u00a0www.approcheorientante.be\u00a0est d\u00e9di\u00e9 \u00e0 l\u2019actualit\u00e9 des recherches de l\u2019\u00e9quipe de l\u2019UMONS men\u00e9es sur le th\u00e8me de l\u2019orientation. Vous y [&hellip;]","og_url":"https:\/\/web.umons.ac.be\/semf\/sites-de-recherches\/","og_site_name":"Service \/ FPSE - Sciences de l&#039;Enseignement et de la Formation","article_modified_time":"2023-05-22T09:32:36+00:00","og_image":[{"url":"https:\/\/web.umons.ac.be\/app\/uploads\/sites\/103\/2022\/02\/cropped-logo-ao-3-1-3.png","type":"","width":"","height":""}],"twitter_card":"summary_large_image","twitter_misc":{"Dur\u00e9e de lecture estim\u00e9e":"3 minutes"},"schema":{"@context":"https:\/\/schema.org","@graph":[{"@type":"WebPage","@id":"https:\/\/web.umons.ac.be\/semf\/sites-de-recherches\/","url":"https:\/\/web.umons.ac.be\/semf\/sites-de-recherches\/","name":"Sites des Recherches - Service \/ FPSE - Sciences de l&#039;Enseignement et de la Formation","isPartOf":{"@id":"https:\/\/web.umons.ac.be\/semf\/#website"},"primaryImageOfPage":{"@id":"https:\/\/web.umons.ac.be\/semf\/sites-de-recherches\/#primaryimage"},"image":{"@id":"https:\/\/web.umons.ac.be\/semf\/sites-de-recherches\/#primaryimage"},"thumbnailUrl":"https:\/\/web.umons.ac.be\/app\/uploads\/sites\/103\/2022\/02\/cropped-logo-ao-3-1-3.png","datePublished":"2021-12-06T14:57:38+00:00","dateModified":"2023-05-22T09:32:36+00:00","breadcrumb":{"@id":"https:\/\/web.umons.ac.be\/semf\/sites-de-recherches\/#breadcrumb"},"inLanguage":"fr-FR","potentialAction":[{"@type":"ReadAction","target":["https:\/\/web.umons.ac.be\/semf\/sites-de-recherches\/"]}]},{"@type":"ImageObject","inLanguage":"fr-FR","@id":"https:\/\/web.umons.ac.be\/semf\/sites-de-recherches\/#primaryimage","url":"https:\/\/web.umons.ac.be\/app\/uploads\/sites\/103\/2022\/02\/cropped-logo-ao-3-1-3.png","contentUrl":"https:\/\/web.umons.ac.be\/app\/uploads\/sites\/103\/2022\/02\/cropped-logo-ao-3-1-3.png"},{"@type":"BreadcrumbList","@id":"https:\/\/web.umons.ac.be\/semf\/sites-de-recherches\/#breadcrumb","itemListElement":[{"@type":"ListItem","position":1,"name":"Home","item":"https:\/\/web.umons.ac.be\/semf\/"},{"@type":"ListItem","position":2,"name":"Sites des Recherches"}]},{"@type":"WebSite","@id":"https:\/\/web.umons.ac.be\/semf\/#website","url":"https:\/\/web.umons.ac.be\/semf\/","name":"Service \/ FPSE - M\u00e9thodologie et formation","description":"","publisher":{"@id":"https:\/\/web.umons.ac.be\/semf\/#organization"},"potentialAction":[{"@type":"SearchAction","target":{"@type":"EntryPoint","urlTemplate":"https:\/\/web.umons.ac.be\/semf\/?s={search_term_string}"},"query-input":{"@type":"PropertyValueSpecification","valueRequired":true,"valueName":"search_term_string"}}],"inLanguage":"fr-FR"},{"@type":"Organization","@id":"https:\/\/web.umons.ac.be\/semf\/#organization","name":"Service \/ FPSE - M\u00e9thodologie et formation","url":"https:\/\/web.umons.ac.be\/semf\/","logo":{"@type":"ImageObject","inLanguage":"fr-FR","@id":"https:\/\/web.umons.ac.be\/semf\/#\/schema\/logo\/image\/","url":"https:\/\/web.umons.ac.be\/app\/uploads\/sites\/103\/2021\/11\/LOGOP316_Benoit-VANSCHOEBEKE.svg","contentUrl":"https:\/\/web.umons.ac.be\/app\/uploads\/sites\/103\/2021\/11\/LOGOP316_Benoit-VANSCHOEBEKE.svg","width":1,"height":1,"caption":"Service \/ FPSE - M\u00e9thodologie et formation"},"image":{"@id":"https:\/\/web.umons.ac.be\/semf\/#\/schema\/logo\/image\/"}}]}},"lang":"fr","translations":{"fr":104},"pll_sync_post":[],"_links":{"self":[{"href":"https:\/\/web.umons.ac.be\/semf\/wp-json\/wp\/v2\/pages\/104","targetHints":{"allow":["GET"]}}],"collection":[{"href":"https:\/\/web.umons.ac.be\/semf\/wp-json\/wp\/v2\/pages"}],"about":[{"href":"https:\/\/web.umons.ac.be\/semf\/wp-json\/wp\/v2\/types\/page"}],"author":[{"embeddable":true,"href":"https:\/\/web.umons.ac.be\/semf\/wp-json\/wp\/v2\/users\/121"}],"replies":[{"embeddable":true,"href":"https:\/\/web.umons.ac.be\/semf\/wp-json\/wp\/v2\/comments?post=104"}],"version-history":[{"count":4,"href":"https:\/\/web.umons.ac.be\/semf\/wp-json\/wp\/v2\/pages\/104\/revisions"}],"predecessor-version":[{"id":1511,"href":"https:\/\/web.umons.ac.be\/semf\/wp-json\/wp\/v2\/pages\/104\/revisions\/1511"}],"wp:attachment":[{"href":"https:\/\/web.umons.ac.be\/semf\/wp-json\/wp\/v2\/media?parent=104"}],"curies":[{"name":"wp","href":"https:\/\/api.w.org\/{rel}","templated":true}]}}