{"id":109,"date":"2021-12-06T16:04:49","date_gmt":"2021-12-06T15:04:49","guid":{"rendered":"https:\/\/web.umons.ac.be\/semf\/?page_id=109"},"modified":"2026-03-13T10:13:56","modified_gmt":"2026-03-13T09:13:56","slug":"equipes","status":"publish","type":"page","link":"https:\/\/web.umons.ac.be\/semf\/equipes\/","title":{"rendered":"\u00c9quipe"},"content":{"rendered":"<p><span style=\"color: #333333; font-size: 28px;\">Membres de l&rsquo;Institut d&rsquo;Administration scolaire (INAS)<\/span><\/p>\n<div class=\"mainContent\">\n<div class=\"pageContent\">\n<div id=\"ctl00_PlaceHolderMain_Content__ControlWrapper_RichHtmlField\">\n<h2><span class=\"ms-rteCustom-TexteRouge\">Enseignants &#8211; Chercheurs<\/span><\/h2>\n<ul>\n<li><a href=\"https:\/\/web.umons.ac.be\/semf\/prof-marc-demeuse\/\">Prof. Marc DEMEUSE, Chef de Service<\/a><\/li>\n<li><a title=\"\" href=\"https:\/\/web.umons.ac.be\/semf\/prof-angeline-aubert-lotarski\/\">Prof. Angeline AUBERT-LOTARSKI<\/a><\/li>\n<li><a title=\"\" href=\"https:\/\/web.umons.ac.be\/semf\/dr-damien-canzittu\/\">Prof. Damien CANZITTU<\/a><\/li>\n<li><a title=\"\" href=\"https:\/\/web.umons.ac.be\/semf\/prof-antoine-derobertmasure\/\">Prof. Antoine DEROBERTMASURE<\/a><\/li>\n<\/ul>\n<h2>Premi\u00e8re assistante<\/h2>\n<ul>\n<li><a title=\"\" href=\"https:\/\/web.umons.ac.be\/semf\/dr-marie-bocquillon\/\">Dr. Marie BOCQUILLON (en mission \u00e0 TELUQ)<\/a><\/li>\n<\/ul>\n<h2><span class=\"ms-rteCustom-TexteRouge\">Assistante<\/span><\/h2>\n<ul>\n<li><a href=\"https:\/\/web.umons.ac.be\/semf\/constance-coen\/\">Constance COEN<\/a><\/li>\n<li><a href=\"https:\/\/web.umons.ac.be\/semf\/marie-geremie\/\">Marie GEREMIE<\/a><\/li>\n<li><a href=\"https:\/\/web.umons.ac.be\/semf\/amelie-marseille\/\">Am\u00e9lie MARSEILLE<\/a><\/li>\n<\/ul>\n<h2><span class=\"ms-rteCustom-TexteRouge\">Chercheurs\u00a0<\/span><\/h2>\n<ul>\n<li><a title=\"\" href=\"https:\/\/web.umons.ac.be\/semf\/emilie-carosin\/\">Dr. Emilie CAROSIN<\/a><\/li>\n<li><a href=\"https:\/\/web.umons.ac.be\/semf\/valerie-duvivier\/\">Dr. Val\u00e9rie DUVIVIER<\/a><\/li>\n<li><a href=\"https:\/\/web.umons.ac.be\/semf\/amelie-marseille\/\">Am\u00e9lie MARSEILLE<\/a><\/li>\n<li><a title=\"\" href=\"https:\/\/web.umons.ac.be\/semf\/fabienne-renard\/\">Dr. Fabienne RENARD<\/a><\/li>\n<\/ul>\n<h2><span class=\"ms-rteCustom-TexteRouge\">Collaborateurs scientifiques<\/span><\/h2>\n<ul>\n<li><a href=\"https:\/\/web.umons.ac.be\/semf\/christophe-baco\/\">Christophe BACO<\/a><\/li>\n<li>C\u00e9line BORGIES<\/li>\n<li>Aline COIBION<\/li>\n<li><a href=\"https:\/\/web.umons.ac.be\/semf\/sofia-curado-gaspar-matias\/\">Sofia CURADO GASPAR MATIAS<\/a><\/li>\n<li>Denis GUIBERT<\/li>\n<li>Jade HUSTACHE<\/li>\n<li>Catherine LOISY<\/li>\n<li>Magali NO\u00cbL<\/li>\n<li>C\u00e9line NIHOUL<\/li>\n<li>Marie GANZITTI<\/li>\n<li>Catherine PASCHAL<\/li>\n<li>Jean RENARD<\/li>\n<li>Beno\u00eet VAN DEN BERGE<\/li>\n<li>Astrid VERSCHOREN<\/li>\n<\/ul>\n<h2><span class=\"ms-rteCustom-TexteRouge\">Administratifs &#8211; Techniciens<\/span><\/h2>\n<ul>\n<li><a title=\"\" href=\"https:\/\/web.umons.ac.be\/semf\/fanny-merchez\/\">Fanny MERCHEZ<\/a>, technicienne vid\u00e9o<\/li>\n<li><a title=\"\" href=\"https:\/\/web.umons.ac.be\/semf\/anne-senecal\/\">Anne SENECAL<\/a>, secr\u00e9taire<\/li>\n<li><a href=\"https:\/\/web.umons.ac.be\/semf\/benoit-vanschoebeke\/\">Beno\u00eet VANSCHOEBEKE<\/a>, informaticien<\/li>\n<\/ul>\n<h2><span class=\"ms-rteCustom-TexteRouge\">Doctorants\u00a0<\/span><\/h2>\n<ul>\n<li>Dominique CASANOVA (Chambre de Commerce et d&rsquo;Industrie de Paris, CCIP)<\/li>\n<li><a href=\"https:\/\/web.umons.ac.be\/semf\/laetitia-delbart\/\">La\u00ebtitia DELBART<\/a><\/li>\n<li>Estelle DESABLENS<\/li>\n<li><a href=\"https:\/\/web.umons.ac.be\/semf\/mickael-gosset\/\">Micka\u00ebl GOSSET<\/a><\/li>\n<li><a href=\"https:\/\/web.umons.ac.be\/semf\/barbara-jochmans\">Barbara JOCHMANS<\/a><\/li>\n<li><a href=\"https:\/\/web.umons.ac.be\/semf\/sandra-penasse\/\">Sandra PENASSE<\/a><\/li>\n<li><a title=\"\" href=\"https:\/\/web.umons.ac.be\/semf\/melanie-seha\/\">M\u00e9lanie SEHA<\/a><\/li>\n<li>Pierre VARLY<\/li>\n<\/ul>\n<h2><span class=\"ms-rteCustom-TexteRouge\">Visiteurs et associ\u00e9s\u00a0<\/span><\/h2>\n<ul>\n<li><a title=\"\" href=\"https:\/\/www.webdepot.umontreal.ca\/Usagers\/brunetl\/MonDepotPublic\/\">Prof. Luc BRUNET<\/a>, Universit\u00e9 de Montr\u00e9al, FNRS<\/li>\n<li>Dr. D\u00e9sir\u00e9 LUMUNGE ISP\/Bukavu, R\u00e9publique d\u00e9mocratique du Congo<\/li>\n<li>Dr. Innocent MANO MACHUMU, ISP\/Bukavu, R\u00e9publique d\u00e9mocratique du Congo<\/li>\n<li>Dr. Dieudonn\u00e9 MUSA ALOKPO, Universit\u00e9 de Kinshasa, Post-doctorat<\/li>\n<li><a href=\"https:\/\/web.umons.ac.be\/semf\/guy-lokango-mobela\/\">Dr. Guy LOKANGO<\/a>, Universit\u00e9 P\u00e9dagogique Nationale (R\u00e9publique d\u00e9mocratique du Congo)<\/li>\n<\/ul>\n<h2><span class=\"ms-rteCustom-TexteRouge\">Anciens\u00a0membres<\/span><\/h2>\n<ul>\n<li><a title=\"\" href=\"https:\/\/web.umons.ac.be\/semf\/alicia-allegri\/\">Alicia ALLEGRI<\/a><\/li>\n<li>Pasquale ALESSI<\/li>\n<li><a title=\"\" href=\"https:\/\/web.umons.ac.be\/semf\/frederique-artus\/\">Fr\u00e9d\u00e9rique ARTUS<\/a><\/li>\n<li><a title=\"\" href=\"https:\/\/web.umons.ac.be\/semf\/romain-beauset\/\" target=\"_blank\" rel=\"noopener\">Romain BEAUSET<\/a><\/li>\n<li><a title=\"\" href=\"https:\/\/web.umons.ac.be\/semf\/marie-beillet\/\">Dr. Marie BEILLET<\/a><\/li>\n<li>Elise BOUCQ<\/li>\n<li><a title=\"\" href=\"https:\/\/web.umons.ac.be\/semf\/solange-brehaut\/\">Solange BREHAUT<\/a><\/li>\n<li>Renaud CALVO-GIL<\/li>\n<li><a title=\"\" href=\"https:\/\/web.umons.ac.be\/semf\/alix-dandoy\/\">Alix DANDOY<\/a><\/li>\n<li><a title=\"\" href=\"https:\/\/web.umons.ac.be\/semf\/arnaud-dehon\/\">Arnaud DEHON<\/a><\/li>\n<li><a title=\"\" href=\"https:\/\/web.umons.ac.be\/semf\/celine-demierbe\/\">C\u00e9line DEMIERBE<\/a><\/li>\n<li><a title=\"\" href=\"https:\/\/web.umons.ac.be\/semf\/natacha-duroisin\/\">Prof. Natacha DUROISIN<\/a><\/li>\n<li><a title=\"\" href=\"https:\/\/sharepoint1.umons.ac.be\/FR\/universite\/facultes\/fpse\/serviceseetr\/methodo\/membres\/Pages\/MelanieFERRARA.aspx\">M\u00e9lanie FERRARA<\/a><\/li>\n<li><a title=\"\" href=\"https:\/\/web.umons.ac.be\/semf\/alexandra-franquet\/\">Alexandra FRANQUET<\/a><\/li>\n<li><a title=\"\" href=\"https:\/\/web.umons.ac.be\/semf\/nathanael-friant\/\">Dr. Nathana\u00ebl FRIANT<\/a><\/li>\n<li><a title=\"\" href=\"https:\/\/web.umons.ac.be\/semf\/elodie-houssin\/\">Elodie HOUSSIN<\/a><\/li>\n<li><a title=\"\" href=\"https:\/\/web.umons.ac.be\/semf\/dr-sandrine-lothaire\/\">Dr. Sandrine LOTHAIRE<\/a><\/li>\n<li><a title=\"\" href=\"https:\/\/web.umons.ac.be\/semf\/letty-lefebvre\/\">Letty LEFEBVRE<\/a><\/li>\n<li>M\u00e9lanie LEURS<\/li>\n<li><a title=\"\" href=\"https:\/\/web.umons.ac.be\/semf\/stephanie-malaise\/\">St\u00e9phanie MALAISE<\/a><\/li>\n<li><a title=\"\" href=\"https:\/\/web.umons.ac.be\/semf\/caroline-michalakis\/\">Caroline MICHALAKIS<\/a><\/li>\n<li><a title=\"\" href=\"https:\/\/web.umons.ac.be\/semf\/quentin-pasetti\/\">Quentin PASETTI<\/a><\/li>\n<li><a title=\"\" href=\"https:\/\/web.umons.ac.be\/semf\/laurie-simon\/\" target=\"_blank\" rel=\"noopener\">Laurie SIMON<\/a><\/li>\n<li><a title=\"\" href=\"https:\/\/web.umons.ac.be\/semf\/sabine-soetewey\/\">Sabine SOETEWEY<\/a><\/li>\n<li>Chlo\u00e9 TANGHE<\/li>\n<li>Alexandra TOUBEAU, secr\u00e9taire<\/li>\n<li><a title=\"\" href=\"https:\/\/web.umons.ac.be\/semf\/alizee-tutak\/\">Aliz\u00e9e TUTAK<\/a><\/li>\n<li><a title=\"\" href=\"https:\/\/web.umons.ac.be\/semf\/emerance-vienne\/\">Emerance VIENNE<\/a><\/li>\n<li><a title=\"\" href=\"https:\/\/web.umons.ac.be\/semf\/marine-willam\/\">Marine WILLAM<\/a><\/li>\n<\/ul>\n<\/div>\n<\/div>\n<\/div>\n","protected":false},"excerpt":{"rendered":"<p>Membres de l&rsquo;Institut d&rsquo;Administration scolaire (INAS) Enseignants &#8211; Chercheurs Prof. Marc DEMEUSE, Chef de Service Prof. Angeline AUBERT-LOTARSKI Prof. Damien CANZITTU Prof. Antoine DEROBERTMASURE Premi\u00e8re assistante Dr. Marie BOCQUILLON (en mission \u00e0 TELUQ) Assistante Constance COEN Marie GEREMIE Am\u00e9lie MARSEILLE Chercheurs\u00a0 Dr. Emilie CAROSIN Dr. Val\u00e9rie DUVIVIER Am\u00e9lie MARSEILLE Dr. Fabienne RENARD Collaborateurs scientifiques Christophe [&hellip;]<\/p>\n","protected":false},"author":121,"featured_media":0,"parent":0,"menu_order":0,"comment_status":"closed","ping_status":"closed","template":"","meta":{"footnotes":""},"class_list":["post-109","page","type-page","status-publish","hentry"],"yoast_head":"<!-- This site is optimized with the Yoast SEO plugin v27.2 - https:\/\/yoast.com\/product\/yoast-seo-wordpress\/ -->\n<title>\u00c9quipe - Service \/ FPSE - Sciences de l&#039;Enseignement et de la Formation<\/title>\n<meta name=\"robots\" content=\"index, follow, max-snippet:-1, max-image-preview:large, max-video-preview:-1\" \/>\n<link rel=\"canonical\" href=\"https:\/\/web.umons.ac.be\/semf\/equipes\/\" \/>\n<meta property=\"og:locale\" content=\"fr_FR\" \/>\n<meta property=\"og:type\" content=\"article\" \/>\n<meta property=\"og:title\" content=\"\u00c9quipe - Service \/ FPSE - Sciences de l&#039;Enseignement et de la Formation\" \/>\n<meta property=\"og:description\" content=\"Membres de l&rsquo;Institut d&rsquo;Administration scolaire (INAS) Enseignants &#8211; Chercheurs Prof. Marc DEMEUSE, Chef de Service Prof. Angeline AUBERT-LOTARSKI Prof. Damien CANZITTU Prof. Antoine DEROBERTMASURE Premi\u00e8re assistante Dr. Marie BOCQUILLON (en mission \u00e0 TELUQ) Assistante Constance COEN Marie GEREMIE Am\u00e9lie MARSEILLE Chercheurs\u00a0 Dr. Emilie CAROSIN Dr. Val\u00e9rie DUVIVIER Am\u00e9lie MARSEILLE Dr. Fabienne RENARD Collaborateurs scientifiques Christophe [&hellip;]\" \/>\n<meta property=\"og:url\" content=\"https:\/\/web.umons.ac.be\/semf\/equipes\/\" \/>\n<meta property=\"og:site_name\" content=\"Service \/ FPSE - Sciences de l&#039;Enseignement et de la Formation\" \/>\n<meta property=\"article:modified_time\" content=\"2026-03-13T09:13:56+00:00\" \/>\n<meta name=\"twitter:card\" content=\"summary_large_image\" \/>\n<meta name=\"twitter:label1\" content=\"Dur\u00e9e de lecture estim\u00e9e\" \/>\n\t<meta name=\"twitter:data1\" content=\"2 minutes\" \/>\n<script type=\"application\/ld+json\" class=\"yoast-schema-graph\">{\"@context\":\"https:\/\/schema.org\",\"@graph\":[{\"@type\":\"WebPage\",\"@id\":\"https:\/\/web.umons.ac.be\/semf\/equipes\/\",\"url\":\"https:\/\/web.umons.ac.be\/semf\/equipes\/\",\"name\":\"\u00c9quipe - Service \/ FPSE - Sciences de l&#039;Enseignement et de la Formation\",\"isPartOf\":{\"@id\":\"https:\/\/web.umons.ac.be\/semf\/#website\"},\"datePublished\":\"2021-12-06T15:04:49+00:00\",\"dateModified\":\"2026-03-13T09:13:56+00:00\",\"breadcrumb\":{\"@id\":\"https:\/\/web.umons.ac.be\/semf\/equipes\/#breadcrumb\"},\"inLanguage\":\"fr-FR\",\"potentialAction\":[{\"@type\":\"ReadAction\",\"target\":[\"https:\/\/web.umons.ac.be\/semf\/equipes\/\"]}]},{\"@type\":\"BreadcrumbList\",\"@id\":\"https:\/\/web.umons.ac.be\/semf\/equipes\/#breadcrumb\",\"itemListElement\":[{\"@type\":\"ListItem\",\"position\":1,\"name\":\"Home\",\"item\":\"https:\/\/web.umons.ac.be\/semf\/\"},{\"@type\":\"ListItem\",\"position\":2,\"name\":\"\u00c9quipe\"}]},{\"@type\":\"WebSite\",\"@id\":\"https:\/\/web.umons.ac.be\/semf\/#website\",\"url\":\"https:\/\/web.umons.ac.be\/semf\/\",\"name\":\"Service \/ FPSE - M\u00e9thodologie et formation\",\"description\":\"\",\"publisher\":{\"@id\":\"https:\/\/web.umons.ac.be\/semf\/#organization\"},\"potentialAction\":[{\"@type\":\"SearchAction\",\"target\":{\"@type\":\"EntryPoint\",\"urlTemplate\":\"https:\/\/web.umons.ac.be\/semf\/?s={search_term_string}\"},\"query-input\":{\"@type\":\"PropertyValueSpecification\",\"valueRequired\":true,\"valueName\":\"search_term_string\"}}],\"inLanguage\":\"fr-FR\"},{\"@type\":\"Organization\",\"@id\":\"https:\/\/web.umons.ac.be\/semf\/#organization\",\"name\":\"Service \/ FPSE - M\u00e9thodologie et formation\",\"url\":\"https:\/\/web.umons.ac.be\/semf\/\",\"logo\":{\"@type\":\"ImageObject\",\"inLanguage\":\"fr-FR\",\"@id\":\"https:\/\/web.umons.ac.be\/semf\/#\/schema\/logo\/image\/\",\"url\":\"https:\/\/web.umons.ac.be\/app\/uploads\/sites\/103\/2021\/11\/LOGOP316_Benoit-VANSCHOEBEKE.svg\",\"contentUrl\":\"https:\/\/web.umons.ac.be\/app\/uploads\/sites\/103\/2021\/11\/LOGOP316_Benoit-VANSCHOEBEKE.svg\",\"width\":1,\"height\":1,\"caption\":\"Service \/ FPSE - M\u00e9thodologie et formation\"},\"image\":{\"@id\":\"https:\/\/web.umons.ac.be\/semf\/#\/schema\/logo\/image\/\"}}]}<\/script>\n<!-- \/ Yoast SEO plugin. -->","yoast_head_json":{"title":"\u00c9quipe - Service \/ FPSE - Sciences de l&#039;Enseignement et de la Formation","robots":{"index":"index","follow":"follow","max-snippet":"max-snippet:-1","max-image-preview":"max-image-preview:large","max-video-preview":"max-video-preview:-1"},"canonical":"https:\/\/web.umons.ac.be\/semf\/equipes\/","og_locale":"fr_FR","og_type":"article","og_title":"\u00c9quipe - Service \/ FPSE - Sciences de l&#039;Enseignement et de la Formation","og_description":"Membres de l&rsquo;Institut d&rsquo;Administration scolaire (INAS) Enseignants &#8211; Chercheurs Prof. Marc DEMEUSE, Chef de Service Prof. Angeline AUBERT-LOTARSKI Prof. Damien CANZITTU Prof. Antoine DEROBERTMASURE Premi\u00e8re assistante Dr. Marie BOCQUILLON (en mission \u00e0 TELUQ) Assistante Constance COEN Marie GEREMIE Am\u00e9lie MARSEILLE Chercheurs\u00a0 Dr. Emilie CAROSIN Dr. Val\u00e9rie DUVIVIER Am\u00e9lie MARSEILLE Dr. Fabienne RENARD Collaborateurs scientifiques Christophe [&hellip;]","og_url":"https:\/\/web.umons.ac.be\/semf\/equipes\/","og_site_name":"Service \/ FPSE - Sciences de l&#039;Enseignement et de la Formation","article_modified_time":"2026-03-13T09:13:56+00:00","twitter_card":"summary_large_image","twitter_misc":{"Dur\u00e9e de lecture estim\u00e9e":"2 minutes"},"schema":{"@context":"https:\/\/schema.org","@graph":[{"@type":"WebPage","@id":"https:\/\/web.umons.ac.be\/semf\/equipes\/","url":"https:\/\/web.umons.ac.be\/semf\/equipes\/","name":"\u00c9quipe - Service \/ FPSE - Sciences de l&#039;Enseignement et de la Formation","isPartOf":{"@id":"https:\/\/web.umons.ac.be\/semf\/#website"},"datePublished":"2021-12-06T15:04:49+00:00","dateModified":"2026-03-13T09:13:56+00:00","breadcrumb":{"@id":"https:\/\/web.umons.ac.be\/semf\/equipes\/#breadcrumb"},"inLanguage":"fr-FR","potentialAction":[{"@type":"ReadAction","target":["https:\/\/web.umons.ac.be\/semf\/equipes\/"]}]},{"@type":"BreadcrumbList","@id":"https:\/\/web.umons.ac.be\/semf\/equipes\/#breadcrumb","itemListElement":[{"@type":"ListItem","position":1,"name":"Home","item":"https:\/\/web.umons.ac.be\/semf\/"},{"@type":"ListItem","position":2,"name":"\u00c9quipe"}]},{"@type":"WebSite","@id":"https:\/\/web.umons.ac.be\/semf\/#website","url":"https:\/\/web.umons.ac.be\/semf\/","name":"Service \/ FPSE - M\u00e9thodologie et formation","description":"","publisher":{"@id":"https:\/\/web.umons.ac.be\/semf\/#organization"},"potentialAction":[{"@type":"SearchAction","target":{"@type":"EntryPoint","urlTemplate":"https:\/\/web.umons.ac.be\/semf\/?s={search_term_string}"},"query-input":{"@type":"PropertyValueSpecification","valueRequired":true,"valueName":"search_term_string"}}],"inLanguage":"fr-FR"},{"@type":"Organization","@id":"https:\/\/web.umons.ac.be\/semf\/#organization","name":"Service \/ FPSE - M\u00e9thodologie et formation","url":"https:\/\/web.umons.ac.be\/semf\/","logo":{"@type":"ImageObject","inLanguage":"fr-FR","@id":"https:\/\/web.umons.ac.be\/semf\/#\/schema\/logo\/image\/","url":"https:\/\/web.umons.ac.be\/app\/uploads\/sites\/103\/2021\/11\/LOGOP316_Benoit-VANSCHOEBEKE.svg","contentUrl":"https:\/\/web.umons.ac.be\/app\/uploads\/sites\/103\/2021\/11\/LOGOP316_Benoit-VANSCHOEBEKE.svg","width":1,"height":1,"caption":"Service \/ FPSE - M\u00e9thodologie et formation"},"image":{"@id":"https:\/\/web.umons.ac.be\/semf\/#\/schema\/logo\/image\/"}}]}},"lang":"fr","translations":{"fr":109},"pll_sync_post":[],"_links":{"self":[{"href":"https:\/\/web.umons.ac.be\/semf\/wp-json\/wp\/v2\/pages\/109","targetHints":{"allow":["GET"]}}],"collection":[{"href":"https:\/\/web.umons.ac.be\/semf\/wp-json\/wp\/v2\/pages"}],"about":[{"href":"https:\/\/web.umons.ac.be\/semf\/wp-json\/wp\/v2\/types\/page"}],"author":[{"embeddable":true,"href":"https:\/\/web.umons.ac.be\/semf\/wp-json\/wp\/v2\/users\/121"}],"replies":[{"embeddable":true,"href":"https:\/\/web.umons.ac.be\/semf\/wp-json\/wp\/v2\/comments?post=109"}],"version-history":[{"count":5,"href":"https:\/\/web.umons.ac.be\/semf\/wp-json\/wp\/v2\/pages\/109\/revisions"}],"predecessor-version":[{"id":3210,"href":"https:\/\/web.umons.ac.be\/semf\/wp-json\/wp\/v2\/pages\/109\/revisions\/3210"}],"wp:attachment":[{"href":"https:\/\/web.umons.ac.be\/semf\/wp-json\/wp\/v2\/media?parent=109"}],"curies":[{"name":"wp","href":"https:\/\/api.w.org\/{rel}","templated":true}]}}