{"id":11,"date":"2021-11-08T13:18:12","date_gmt":"2021-11-08T12:18:12","guid":{"rendered":"https:\/\/web.umons.ac.be\/semf\/activites-denseignement\/"},"modified":"2021-11-08T13:42:32","modified_gmt":"2021-11-08T12:42:32","slug":"activites-denseignement","status":"publish","type":"page","link":"https:\/\/web.umons.ac.be\/semf\/activites-denseignement\/","title":{"rendered":"Activit\u00e9s d&rsquo;enseignement"},"content":{"rendered":"<ul>\n<li>Formations IFC<\/li>\n<li>Formations transversales<\/li>\n<li>Analyse des politiques \u00e9ducatives<\/li>\n<li>Analyse des pratiques d&rsquo;accompagnement en contexte scolaire<\/li>\n<li>Analyse des pratiques de classe<\/li>\n<li>Analyse des programmes de l&rsquo;enseignement obligatoire<\/li>\n<li>Analyse et conception des syst\u00e8mes d&rsquo;enseignement<\/li>\n<li>Axe administratif, mat\u00e9riel et financier de la fonction de direction<\/li>\n<li>Axe p\u00e9dagogique et \u00e9ducatif (enseignement fondamental et enseignement secondaire) de la fonction de direction<\/li>\n<li>Axe relationnel de la fonction de direction<\/li>\n<li>D\u00e9marches qualit\u00e9 des organisations d&rsquo;enseignement et de formation<\/li>\n<li>Didactique des disciplines d&rsquo;\u00e9veil<\/li>\n<li>Evaluation des apprentissages en contexte scolaire<\/li>\n<li>Gestion des apprentissages et gestion de classe<\/li>\n<li>M\u00e9moire M\u00e9thodologie et formation<\/li>\n<li>M\u00e9thodes d&rsquo;analyses textuelles outill\u00e9es<\/li>\n<li>M\u00e9thodologie de l&rsquo;accompagnement et de la supervision en contexte professionnel<\/li>\n<li>M\u00e9thodologie de l&rsquo;enseignement<\/li>\n<li>M\u00e9thodologie et techniques de l&rsquo;enqu\u00eate<\/li>\n<li>Micro-enseignement et analyse des pratiques p\u00e9dagogiques<\/li>\n<li>P\u00e9dagogie de l&rsquo;enseignement sup\u00e9rieur universitaire et hors universit\u00e9s<\/li>\n<li>Planification, gestion et analyse des pratiques d\u2019enseignement<\/li>\n<\/ul>\n","protected":false},"excerpt":{"rendered":"<p>Formations IFC Formations transversales Analyse des politiques \u00e9ducatives Analyse des pratiques d&rsquo;accompagnement en contexte scolaire Analyse des pratiques de classe Analyse des programmes de l&rsquo;enseignement obligatoire Analyse et conception des syst\u00e8mes d&rsquo;enseignement Axe administratif, mat\u00e9riel et financier de la fonction de direction Axe p\u00e9dagogique et \u00e9ducatif (enseignement fondamental et enseignement secondaire) de la fonction de [&hellip;]<\/p>\n","protected":false},"author":4,"featured_media":0,"parent":0,"menu_order":0,"comment_status":"closed","ping_status":"closed","template":"","meta":{"footnotes":""},"class_list":["post-11","page","type-page","status-publish","hentry"],"yoast_head":"<!-- This site is optimized with the Yoast SEO plugin v27.2 - https:\/\/yoast.com\/product\/yoast-seo-wordpress\/ -->\n<title>Activit\u00e9s d&#039;enseignement - Service \/ FPSE - Sciences de l&#039;Enseignement et de la Formation<\/title>\n<meta name=\"robots\" content=\"index, follow, max-snippet:-1, max-image-preview:large, max-video-preview:-1\" \/>\n<link rel=\"canonical\" href=\"https:\/\/web.umons.ac.be\/semf\/activites-denseignement\/\" \/>\n<meta property=\"og:locale\" content=\"fr_FR\" \/>\n<meta property=\"og:type\" content=\"article\" \/>\n<meta property=\"og:title\" content=\"Activit\u00e9s d&#039;enseignement - Service \/ FPSE - Sciences de l&#039;Enseignement et de la Formation\" \/>\n<meta property=\"og:description\" content=\"Formations IFC Formations transversales Analyse des politiques \u00e9ducatives Analyse des pratiques d&rsquo;accompagnement en contexte scolaire Analyse des pratiques de classe Analyse des programmes de l&rsquo;enseignement obligatoire Analyse et conception des syst\u00e8mes d&rsquo;enseignement Axe administratif, mat\u00e9riel et financier de la fonction de direction Axe p\u00e9dagogique et \u00e9ducatif (enseignement fondamental et enseignement secondaire) de la fonction de [&hellip;]\" \/>\n<meta property=\"og:url\" content=\"https:\/\/web.umons.ac.be\/semf\/activites-denseignement\/\" \/>\n<meta property=\"og:site_name\" content=\"Service \/ FPSE - Sciences de l&#039;Enseignement et de la Formation\" \/>\n<meta property=\"article:modified_time\" content=\"2021-11-08T12:42:32+00:00\" \/>\n<meta name=\"twitter:card\" content=\"summary_large_image\" \/>\n<meta name=\"twitter:label1\" content=\"Dur\u00e9e de lecture estim\u00e9e\" \/>\n\t<meta name=\"twitter:data1\" content=\"1 minute\" \/>\n<script type=\"application\/ld+json\" class=\"yoast-schema-graph\">{\"@context\":\"https:\/\/schema.org\",\"@graph\":[{\"@type\":\"WebPage\",\"@id\":\"https:\/\/web.umons.ac.be\/semf\/activites-denseignement\/\",\"url\":\"https:\/\/web.umons.ac.be\/semf\/activites-denseignement\/\",\"name\":\"Activit\u00e9s d'enseignement - Service \/ FPSE - Sciences de l&#039;Enseignement et de la Formation\",\"isPartOf\":{\"@id\":\"https:\/\/web.umons.ac.be\/semf\/#website\"},\"datePublished\":\"2021-11-08T12:18:12+00:00\",\"dateModified\":\"2021-11-08T12:42:32+00:00\",\"breadcrumb\":{\"@id\":\"https:\/\/web.umons.ac.be\/semf\/activites-denseignement\/#breadcrumb\"},\"inLanguage\":\"fr-FR\",\"potentialAction\":[{\"@type\":\"ReadAction\",\"target\":[\"https:\/\/web.umons.ac.be\/semf\/activites-denseignement\/\"]}]},{\"@type\":\"BreadcrumbList\",\"@id\":\"https:\/\/web.umons.ac.be\/semf\/activites-denseignement\/#breadcrumb\",\"itemListElement\":[{\"@type\":\"ListItem\",\"position\":1,\"name\":\"Home\",\"item\":\"https:\/\/web.umons.ac.be\/semf\/\"},{\"@type\":\"ListItem\",\"position\":2,\"name\":\"Activit\u00e9s d&rsquo;enseignement\"}]},{\"@type\":\"WebSite\",\"@id\":\"https:\/\/web.umons.ac.be\/semf\/#website\",\"url\":\"https:\/\/web.umons.ac.be\/semf\/\",\"name\":\"Service \/ FPSE - M\u00e9thodologie et formation\",\"description\":\"\",\"publisher\":{\"@id\":\"https:\/\/web.umons.ac.be\/semf\/#organization\"},\"potentialAction\":[{\"@type\":\"SearchAction\",\"target\":{\"@type\":\"EntryPoint\",\"urlTemplate\":\"https:\/\/web.umons.ac.be\/semf\/?s={search_term_string}\"},\"query-input\":{\"@type\":\"PropertyValueSpecification\",\"valueRequired\":true,\"valueName\":\"search_term_string\"}}],\"inLanguage\":\"fr-FR\"},{\"@type\":\"Organization\",\"@id\":\"https:\/\/web.umons.ac.be\/semf\/#organization\",\"name\":\"Service \/ FPSE - M\u00e9thodologie et formation\",\"url\":\"https:\/\/web.umons.ac.be\/semf\/\",\"logo\":{\"@type\":\"ImageObject\",\"inLanguage\":\"fr-FR\",\"@id\":\"https:\/\/web.umons.ac.be\/semf\/#\/schema\/logo\/image\/\",\"url\":\"https:\/\/web.umons.ac.be\/app\/uploads\/sites\/103\/2021\/11\/LOGOP316_Benoit-VANSCHOEBEKE.svg\",\"contentUrl\":\"https:\/\/web.umons.ac.be\/app\/uploads\/sites\/103\/2021\/11\/LOGOP316_Benoit-VANSCHOEBEKE.svg\",\"width\":1,\"height\":1,\"caption\":\"Service \/ FPSE - M\u00e9thodologie et formation\"},\"image\":{\"@id\":\"https:\/\/web.umons.ac.be\/semf\/#\/schema\/logo\/image\/\"}}]}<\/script>\n<!-- \/ Yoast SEO plugin. -->","yoast_head_json":{"title":"Activit\u00e9s d'enseignement - Service \/ FPSE - Sciences de l&#039;Enseignement et de la Formation","robots":{"index":"index","follow":"follow","max-snippet":"max-snippet:-1","max-image-preview":"max-image-preview:large","max-video-preview":"max-video-preview:-1"},"canonical":"https:\/\/web.umons.ac.be\/semf\/activites-denseignement\/","og_locale":"fr_FR","og_type":"article","og_title":"Activit\u00e9s d'enseignement - Service \/ FPSE - Sciences de l&#039;Enseignement et de la Formation","og_description":"Formations IFC Formations transversales Analyse des politiques \u00e9ducatives Analyse des pratiques d&rsquo;accompagnement en contexte scolaire Analyse des pratiques de classe Analyse des programmes de l&rsquo;enseignement obligatoire Analyse et conception des syst\u00e8mes d&rsquo;enseignement Axe administratif, mat\u00e9riel et financier de la fonction de direction Axe p\u00e9dagogique et \u00e9ducatif (enseignement fondamental et enseignement secondaire) de la fonction de [&hellip;]","og_url":"https:\/\/web.umons.ac.be\/semf\/activites-denseignement\/","og_site_name":"Service \/ FPSE - Sciences de l&#039;Enseignement et de la Formation","article_modified_time":"2021-11-08T12:42:32+00:00","twitter_card":"summary_large_image","twitter_misc":{"Dur\u00e9e de lecture estim\u00e9e":"1 minute"},"schema":{"@context":"https:\/\/schema.org","@graph":[{"@type":"WebPage","@id":"https:\/\/web.umons.ac.be\/semf\/activites-denseignement\/","url":"https:\/\/web.umons.ac.be\/semf\/activites-denseignement\/","name":"Activit\u00e9s d'enseignement - Service \/ FPSE - Sciences de l&#039;Enseignement et de la Formation","isPartOf":{"@id":"https:\/\/web.umons.ac.be\/semf\/#website"},"datePublished":"2021-11-08T12:18:12+00:00","dateModified":"2021-11-08T12:42:32+00:00","breadcrumb":{"@id":"https:\/\/web.umons.ac.be\/semf\/activites-denseignement\/#breadcrumb"},"inLanguage":"fr-FR","potentialAction":[{"@type":"ReadAction","target":["https:\/\/web.umons.ac.be\/semf\/activites-denseignement\/"]}]},{"@type":"BreadcrumbList","@id":"https:\/\/web.umons.ac.be\/semf\/activites-denseignement\/#breadcrumb","itemListElement":[{"@type":"ListItem","position":1,"name":"Home","item":"https:\/\/web.umons.ac.be\/semf\/"},{"@type":"ListItem","position":2,"name":"Activit\u00e9s d&rsquo;enseignement"}]},{"@type":"WebSite","@id":"https:\/\/web.umons.ac.be\/semf\/#website","url":"https:\/\/web.umons.ac.be\/semf\/","name":"Service \/ FPSE - M\u00e9thodologie et formation","description":"","publisher":{"@id":"https:\/\/web.umons.ac.be\/semf\/#organization"},"potentialAction":[{"@type":"SearchAction","target":{"@type":"EntryPoint","urlTemplate":"https:\/\/web.umons.ac.be\/semf\/?s={search_term_string}"},"query-input":{"@type":"PropertyValueSpecification","valueRequired":true,"valueName":"search_term_string"}}],"inLanguage":"fr-FR"},{"@type":"Organization","@id":"https:\/\/web.umons.ac.be\/semf\/#organization","name":"Service \/ FPSE - M\u00e9thodologie et formation","url":"https:\/\/web.umons.ac.be\/semf\/","logo":{"@type":"ImageObject","inLanguage":"fr-FR","@id":"https:\/\/web.umons.ac.be\/semf\/#\/schema\/logo\/image\/","url":"https:\/\/web.umons.ac.be\/app\/uploads\/sites\/103\/2021\/11\/LOGOP316_Benoit-VANSCHOEBEKE.svg","contentUrl":"https:\/\/web.umons.ac.be\/app\/uploads\/sites\/103\/2021\/11\/LOGOP316_Benoit-VANSCHOEBEKE.svg","width":1,"height":1,"caption":"Service \/ FPSE - M\u00e9thodologie et formation"},"image":{"@id":"https:\/\/web.umons.ac.be\/semf\/#\/schema\/logo\/image\/"}}]}},"lang":"fr","translations":{"fr":11,"en":13},"pll_sync_post":[],"_links":{"self":[{"href":"https:\/\/web.umons.ac.be\/semf\/wp-json\/wp\/v2\/pages\/11","targetHints":{"allow":["GET"]}}],"collection":[{"href":"https:\/\/web.umons.ac.be\/semf\/wp-json\/wp\/v2\/pages"}],"about":[{"href":"https:\/\/web.umons.ac.be\/semf\/wp-json\/wp\/v2\/types\/page"}],"author":[{"embeddable":true,"href":"https:\/\/web.umons.ac.be\/semf\/wp-json\/wp\/v2\/users\/4"}],"replies":[{"embeddable":true,"href":"https:\/\/web.umons.ac.be\/semf\/wp-json\/wp\/v2\/comments?post=11"}],"version-history":[{"count":1,"href":"https:\/\/web.umons.ac.be\/semf\/wp-json\/wp\/v2\/pages\/11\/revisions"}],"predecessor-version":[{"id":51,"href":"https:\/\/web.umons.ac.be\/semf\/wp-json\/wp\/v2\/pages\/11\/revisions\/51"}],"wp:attachment":[{"href":"https:\/\/web.umons.ac.be\/semf\/wp-json\/wp\/v2\/media?parent=11"}],"curies":[{"name":"wp","href":"https:\/\/api.w.org\/{rel}","templated":true}]}}