{"id":122,"date":"2021-12-13T10:41:29","date_gmt":"2021-12-13T09:41:29","guid":{"rendered":"https:\/\/web.umons.ac.be\/semf\/?page_id=122"},"modified":"2025-11-25T15:15:15","modified_gmt":"2025-11-25T14:15:15","slug":"prof-antoine-derobertmasure","status":"publish","type":"page","link":"https:\/\/web.umons.ac.be\/semf\/prof-antoine-derobertmasure\/","title":{"rendered":"Prof. Antoine DEROBERTMASURE"},"content":{"rendered":"<div class=\"welcomeImage\">\n<div id=\"ctl00_PlaceHolderMain_PageImage__ControlWrapper_RichImageField\"><span dir=\"\"><img decoding=\"async\" src=\"https:\/\/sharepoint1.umons.ac.be\/FR\/universite\/facultes\/fpse\/serviceseetr\/methodo\/PublishingImages\/toine_160.jpg\" alt=\"\" border=\"0\" hspace=\"10\" vspace=\"10\" \/><\/span><\/div>\n<div><\/div>\n<\/div>\n<div class=\"pageContent\">\n<div id=\"ctl00_PlaceHolderMain_Content__ControlWrapper_RichHtmlField\">\n<p>Initialement enseignant de formation (niveau secondaire inf\u00e9rieur), Antoine Derobertmasure, \u00e0 la suite d\u2019une licence et d\u2019un dipl\u00f4me d\u2019\u00e9tudes approfondies en Sciences de l&rsquo;\u00c9ducation, r\u00e9alise une th\u00e8se de doctorat portant sur le formation des enseignants et, plus pr\u00e9cis\u00e9ment, sur le concept de r\u00e9flexivit\u00e9.<\/p>\n<p>De 2006 \u00e0 2012, il occupe un poste d\u2019Assistant\u00a0dans le service de M\u00e9thodologie et Formation dirig\u00e9 par le Pr Demeuse. Durant cette p\u00e9riode, il contribue \u00e0 diff\u00e9rentes recherches men\u00e9es dans ce service : financement des \u00e9tablissements scolaires, diagnostic et rem\u00e9diation imm\u00e9diate, formation des enseignants et des maitres de stage. De 2012 \u00e0 2017, en qualit\u00e9 de Premier Assistant, il se voit confier la coordination de la\u00a0<a title=\"\" href=\"https:\/\/sharepoint1.umons.ac.be\/fr\/universite\/facultes\/fpse\/lafaculte\/cfpu2\/Pages\/default.aspx\" target=\"_blank\" rel=\"noopener\">Cellule Facultaire de P\u00e9dagogie Universitaire<\/a>.<\/p>\n<p>En septembre 2017, il est d\u00e9sign\u00e9\u00a0au poste de charg\u00e9 de cours au sein du service de M\u00e9thodologie et Formation. Ses enseignements concernent principalement des aspects m\u00e9thodologiques et la formation initiale des enseignants du secondaire sup\u00e9rieur. Depuis 2018, il pr\u00e9side l&rsquo;Ecole de Formation des Enseignants de l\u2019Universit\u00e9 de Mons.<\/p>\n<p><a title=\"\" href=\"https:\/\/orbi.umons.ac.be\/profile?uid=503376\" target=\"_blank\" rel=\"noopener\">Liste des publications d&rsquo;Antoine Derobertmasure (ORBi de l&rsquo;UMONS)<\/a><\/p>\n<p><a href=\"https:\/\/www.researchgate.net\/profile\/Antoine-Derobertmasure\" target=\"_blank\" rel=\"noopener\">Liste des publications d&rsquo;Antoine Derobertmasure sur Researchgate<\/a><\/p>\n<\/div>\n<\/div>\n","protected":false},"excerpt":{"rendered":"<p>Initialement enseignant de formation (niveau secondaire inf\u00e9rieur), Antoine Derobertmasure, \u00e0 la suite d\u2019une licence et d\u2019un dipl\u00f4me d\u2019\u00e9tudes approfondies en Sciences de l&rsquo;\u00c9ducation, r\u00e9alise une th\u00e8se de doctorat portant sur le formation des enseignants et, plus pr\u00e9cis\u00e9ment, sur le concept de r\u00e9flexivit\u00e9. De 2006 \u00e0 2012, il occupe un poste d\u2019Assistant\u00a0dans le service de M\u00e9thodologie [&hellip;]<\/p>\n","protected":false},"author":121,"featured_media":0,"parent":0,"menu_order":0,"comment_status":"closed","ping_status":"closed","template":"","meta":{"footnotes":""},"class_list":["post-122","page","type-page","status-publish","hentry"],"yoast_head":"<!-- This site is optimized with the Yoast SEO plugin v27.2 - https:\/\/yoast.com\/product\/yoast-seo-wordpress\/ -->\n<title>Prof. Antoine DEROBERTMASURE - Service \/ FPSE - Sciences de l&#039;Enseignement et de la Formation<\/title>\n<meta name=\"robots\" content=\"index, follow, max-snippet:-1, max-image-preview:large, max-video-preview:-1\" \/>\n<link rel=\"canonical\" href=\"https:\/\/web.umons.ac.be\/semf\/prof-antoine-derobertmasure\/\" \/>\n<meta property=\"og:locale\" content=\"fr_FR\" \/>\n<meta property=\"og:type\" content=\"article\" \/>\n<meta property=\"og:title\" content=\"Prof. Antoine DEROBERTMASURE - Service \/ FPSE - Sciences de l&#039;Enseignement et de la Formation\" \/>\n<meta property=\"og:description\" content=\"Initialement enseignant de formation (niveau secondaire inf\u00e9rieur), Antoine Derobertmasure, \u00e0 la suite d\u2019une licence et d\u2019un dipl\u00f4me d\u2019\u00e9tudes approfondies en Sciences de l&rsquo;\u00c9ducation, r\u00e9alise une th\u00e8se de doctorat portant sur le formation des enseignants et, plus pr\u00e9cis\u00e9ment, sur le concept de r\u00e9flexivit\u00e9. De 2006 \u00e0 2012, il occupe un poste d\u2019Assistant\u00a0dans le service de M\u00e9thodologie [&hellip;]\" \/>\n<meta property=\"og:url\" content=\"https:\/\/web.umons.ac.be\/semf\/prof-antoine-derobertmasure\/\" \/>\n<meta property=\"og:site_name\" content=\"Service \/ FPSE - Sciences de l&#039;Enseignement et de la Formation\" \/>\n<meta property=\"article:modified_time\" content=\"2025-11-25T14:15:15+00:00\" \/>\n<meta property=\"og:image\" content=\"https:\/\/sharepoint1.umons.ac.be\/FR\/universite\/facultes\/fpse\/serviceseetr\/methodo\/PublishingImages\/toine_160.jpg\" \/>\n<meta name=\"twitter:card\" content=\"summary_large_image\" \/>\n<meta name=\"twitter:label1\" content=\"Dur\u00e9e de lecture estim\u00e9e\" \/>\n\t<meta name=\"twitter:data1\" content=\"2 minutes\" \/>\n<script type=\"application\/ld+json\" class=\"yoast-schema-graph\">{\"@context\":\"https:\/\/schema.org\",\"@graph\":[{\"@type\":\"WebPage\",\"@id\":\"https:\/\/web.umons.ac.be\/semf\/prof-antoine-derobertmasure\/\",\"url\":\"https:\/\/web.umons.ac.be\/semf\/prof-antoine-derobertmasure\/\",\"name\":\"Prof. Antoine DEROBERTMASURE - Service \/ FPSE - Sciences de l&#039;Enseignement et de la Formation\",\"isPartOf\":{\"@id\":\"https:\/\/web.umons.ac.be\/semf\/#website\"},\"primaryImageOfPage\":{\"@id\":\"https:\/\/web.umons.ac.be\/semf\/prof-antoine-derobertmasure\/#primaryimage\"},\"image\":{\"@id\":\"https:\/\/web.umons.ac.be\/semf\/prof-antoine-derobertmasure\/#primaryimage\"},\"thumbnailUrl\":\"https:\/\/sharepoint1.umons.ac.be\/FR\/universite\/facultes\/fpse\/serviceseetr\/methodo\/PublishingImages\/toine_160.jpg\",\"datePublished\":\"2021-12-13T09:41:29+00:00\",\"dateModified\":\"2025-11-25T14:15:15+00:00\",\"breadcrumb\":{\"@id\":\"https:\/\/web.umons.ac.be\/semf\/prof-antoine-derobertmasure\/#breadcrumb\"},\"inLanguage\":\"fr-FR\",\"potentialAction\":[{\"@type\":\"ReadAction\",\"target\":[\"https:\/\/web.umons.ac.be\/semf\/prof-antoine-derobertmasure\/\"]}]},{\"@type\":\"ImageObject\",\"inLanguage\":\"fr-FR\",\"@id\":\"https:\/\/web.umons.ac.be\/semf\/prof-antoine-derobertmasure\/#primaryimage\",\"url\":\"https:\/\/sharepoint1.umons.ac.be\/FR\/universite\/facultes\/fpse\/serviceseetr\/methodo\/PublishingImages\/toine_160.jpg\",\"contentUrl\":\"https:\/\/sharepoint1.umons.ac.be\/FR\/universite\/facultes\/fpse\/serviceseetr\/methodo\/PublishingImages\/toine_160.jpg\"},{\"@type\":\"BreadcrumbList\",\"@id\":\"https:\/\/web.umons.ac.be\/semf\/prof-antoine-derobertmasure\/#breadcrumb\",\"itemListElement\":[{\"@type\":\"ListItem\",\"position\":1,\"name\":\"Home\",\"item\":\"https:\/\/web.umons.ac.be\/semf\/\"},{\"@type\":\"ListItem\",\"position\":2,\"name\":\"Prof. Antoine DEROBERTMASURE\"}]},{\"@type\":\"WebSite\",\"@id\":\"https:\/\/web.umons.ac.be\/semf\/#website\",\"url\":\"https:\/\/web.umons.ac.be\/semf\/\",\"name\":\"Service \/ FPSE - M\u00e9thodologie et formation\",\"description\":\"\",\"publisher\":{\"@id\":\"https:\/\/web.umons.ac.be\/semf\/#organization\"},\"potentialAction\":[{\"@type\":\"SearchAction\",\"target\":{\"@type\":\"EntryPoint\",\"urlTemplate\":\"https:\/\/web.umons.ac.be\/semf\/?s={search_term_string}\"},\"query-input\":{\"@type\":\"PropertyValueSpecification\",\"valueRequired\":true,\"valueName\":\"search_term_string\"}}],\"inLanguage\":\"fr-FR\"},{\"@type\":\"Organization\",\"@id\":\"https:\/\/web.umons.ac.be\/semf\/#organization\",\"name\":\"Service \/ FPSE - M\u00e9thodologie et formation\",\"url\":\"https:\/\/web.umons.ac.be\/semf\/\",\"logo\":{\"@type\":\"ImageObject\",\"inLanguage\":\"fr-FR\",\"@id\":\"https:\/\/web.umons.ac.be\/semf\/#\/schema\/logo\/image\/\",\"url\":\"https:\/\/web.umons.ac.be\/app\/uploads\/sites\/103\/2021\/11\/LOGOP316_Benoit-VANSCHOEBEKE.svg\",\"contentUrl\":\"https:\/\/web.umons.ac.be\/app\/uploads\/sites\/103\/2021\/11\/LOGOP316_Benoit-VANSCHOEBEKE.svg\",\"width\":1,\"height\":1,\"caption\":\"Service \/ FPSE - M\u00e9thodologie et formation\"},\"image\":{\"@id\":\"https:\/\/web.umons.ac.be\/semf\/#\/schema\/logo\/image\/\"}}]}<\/script>\n<!-- \/ Yoast SEO plugin. -->","yoast_head_json":{"title":"Prof. Antoine DEROBERTMASURE - Service \/ FPSE - Sciences de l&#039;Enseignement et de la Formation","robots":{"index":"index","follow":"follow","max-snippet":"max-snippet:-1","max-image-preview":"max-image-preview:large","max-video-preview":"max-video-preview:-1"},"canonical":"https:\/\/web.umons.ac.be\/semf\/prof-antoine-derobertmasure\/","og_locale":"fr_FR","og_type":"article","og_title":"Prof. Antoine DEROBERTMASURE - Service \/ FPSE - Sciences de l&#039;Enseignement et de la Formation","og_description":"Initialement enseignant de formation (niveau secondaire inf\u00e9rieur), Antoine Derobertmasure, \u00e0 la suite d\u2019une licence et d\u2019un dipl\u00f4me d\u2019\u00e9tudes approfondies en Sciences de l&rsquo;\u00c9ducation, r\u00e9alise une th\u00e8se de doctorat portant sur le formation des enseignants et, plus pr\u00e9cis\u00e9ment, sur le concept de r\u00e9flexivit\u00e9. De 2006 \u00e0 2012, il occupe un poste d\u2019Assistant\u00a0dans le service de M\u00e9thodologie [&hellip;]","og_url":"https:\/\/web.umons.ac.be\/semf\/prof-antoine-derobertmasure\/","og_site_name":"Service \/ FPSE - Sciences de l&#039;Enseignement et de la Formation","article_modified_time":"2025-11-25T14:15:15+00:00","og_image":[{"url":"https:\/\/sharepoint1.umons.ac.be\/FR\/universite\/facultes\/fpse\/serviceseetr\/methodo\/PublishingImages\/toine_160.jpg","type":"","width":"","height":""}],"twitter_card":"summary_large_image","twitter_misc":{"Dur\u00e9e de lecture estim\u00e9e":"2 minutes"},"schema":{"@context":"https:\/\/schema.org","@graph":[{"@type":"WebPage","@id":"https:\/\/web.umons.ac.be\/semf\/prof-antoine-derobertmasure\/","url":"https:\/\/web.umons.ac.be\/semf\/prof-antoine-derobertmasure\/","name":"Prof. Antoine DEROBERTMASURE - Service \/ FPSE - Sciences de l&#039;Enseignement et de la Formation","isPartOf":{"@id":"https:\/\/web.umons.ac.be\/semf\/#website"},"primaryImageOfPage":{"@id":"https:\/\/web.umons.ac.be\/semf\/prof-antoine-derobertmasure\/#primaryimage"},"image":{"@id":"https:\/\/web.umons.ac.be\/semf\/prof-antoine-derobertmasure\/#primaryimage"},"thumbnailUrl":"https:\/\/sharepoint1.umons.ac.be\/FR\/universite\/facultes\/fpse\/serviceseetr\/methodo\/PublishingImages\/toine_160.jpg","datePublished":"2021-12-13T09:41:29+00:00","dateModified":"2025-11-25T14:15:15+00:00","breadcrumb":{"@id":"https:\/\/web.umons.ac.be\/semf\/prof-antoine-derobertmasure\/#breadcrumb"},"inLanguage":"fr-FR","potentialAction":[{"@type":"ReadAction","target":["https:\/\/web.umons.ac.be\/semf\/prof-antoine-derobertmasure\/"]}]},{"@type":"ImageObject","inLanguage":"fr-FR","@id":"https:\/\/web.umons.ac.be\/semf\/prof-antoine-derobertmasure\/#primaryimage","url":"https:\/\/sharepoint1.umons.ac.be\/FR\/universite\/facultes\/fpse\/serviceseetr\/methodo\/PublishingImages\/toine_160.jpg","contentUrl":"https:\/\/sharepoint1.umons.ac.be\/FR\/universite\/facultes\/fpse\/serviceseetr\/methodo\/PublishingImages\/toine_160.jpg"},{"@type":"BreadcrumbList","@id":"https:\/\/web.umons.ac.be\/semf\/prof-antoine-derobertmasure\/#breadcrumb","itemListElement":[{"@type":"ListItem","position":1,"name":"Home","item":"https:\/\/web.umons.ac.be\/semf\/"},{"@type":"ListItem","position":2,"name":"Prof. Antoine DEROBERTMASURE"}]},{"@type":"WebSite","@id":"https:\/\/web.umons.ac.be\/semf\/#website","url":"https:\/\/web.umons.ac.be\/semf\/","name":"Service \/ FPSE - M\u00e9thodologie et formation","description":"","publisher":{"@id":"https:\/\/web.umons.ac.be\/semf\/#organization"},"potentialAction":[{"@type":"SearchAction","target":{"@type":"EntryPoint","urlTemplate":"https:\/\/web.umons.ac.be\/semf\/?s={search_term_string}"},"query-input":{"@type":"PropertyValueSpecification","valueRequired":true,"valueName":"search_term_string"}}],"inLanguage":"fr-FR"},{"@type":"Organization","@id":"https:\/\/web.umons.ac.be\/semf\/#organization","name":"Service \/ FPSE - M\u00e9thodologie et formation","url":"https:\/\/web.umons.ac.be\/semf\/","logo":{"@type":"ImageObject","inLanguage":"fr-FR","@id":"https:\/\/web.umons.ac.be\/semf\/#\/schema\/logo\/image\/","url":"https:\/\/web.umons.ac.be\/app\/uploads\/sites\/103\/2021\/11\/LOGOP316_Benoit-VANSCHOEBEKE.svg","contentUrl":"https:\/\/web.umons.ac.be\/app\/uploads\/sites\/103\/2021\/11\/LOGOP316_Benoit-VANSCHOEBEKE.svg","width":1,"height":1,"caption":"Service \/ FPSE - M\u00e9thodologie et formation"},"image":{"@id":"https:\/\/web.umons.ac.be\/semf\/#\/schema\/logo\/image\/"}}]}},"lang":"fr","translations":{"fr":122},"pll_sync_post":[],"_links":{"self":[{"href":"https:\/\/web.umons.ac.be\/semf\/wp-json\/wp\/v2\/pages\/122","targetHints":{"allow":["GET"]}}],"collection":[{"href":"https:\/\/web.umons.ac.be\/semf\/wp-json\/wp\/v2\/pages"}],"about":[{"href":"https:\/\/web.umons.ac.be\/semf\/wp-json\/wp\/v2\/types\/page"}],"author":[{"embeddable":true,"href":"https:\/\/web.umons.ac.be\/semf\/wp-json\/wp\/v2\/users\/121"}],"replies":[{"embeddable":true,"href":"https:\/\/web.umons.ac.be\/semf\/wp-json\/wp\/v2\/comments?post=122"}],"version-history":[{"count":3,"href":"https:\/\/web.umons.ac.be\/semf\/wp-json\/wp\/v2\/pages\/122\/revisions"}],"predecessor-version":[{"id":2887,"href":"https:\/\/web.umons.ac.be\/semf\/wp-json\/wp\/v2\/pages\/122\/revisions\/2887"}],"wp:attachment":[{"href":"https:\/\/web.umons.ac.be\/semf\/wp-json\/wp\/v2\/media?parent=122"}],"curies":[{"name":"wp","href":"https:\/\/api.w.org\/{rel}","templated":true}]}}