{"id":125,"date":"2021-12-13T10:43:47","date_gmt":"2021-12-13T09:43:47","guid":{"rendered":"https:\/\/web.umons.ac.be\/semf\/?page_id=125"},"modified":"2023-03-17T09:45:27","modified_gmt":"2023-03-17T08:45:27","slug":"prof-angeline-aubert-lotarski","status":"publish","type":"page","link":"https:\/\/web.umons.ac.be\/semf\/prof-angeline-aubert-lotarski\/","title":{"rendered":"Prof. Angeline AUBERT-LOTARSKI"},"content":{"rendered":"<div class=\"welcomeImage\">\n<div id=\"ctl00_PlaceHolderMain_PageImage__ControlWrapper_RichImageField\"><span dir=\"\"><img decoding=\"async\" class=\"alignleft\" src=\"https:\/\/web.umons.ac.be\/app\/uploads\/sites\/103\/2021\/12\/AubertAngeline.jpg\" alt=\"\" width=\"100\" border=\"0\" \/><\/span><\/div>\n<\/div>\n<div class=\"pageContent\">\n<div id=\"ctl00_PlaceHolderMain_Content__ControlWrapper_RichHtmlField\">\n<p dir=\"ltr\" align=\"left\">Titulaire d&rsquo;un doctorat en Sciences de l&rsquo;\u00e9ducation, Angeline Aubert-Lotarski travaille au sein de l&rsquo;Universit\u00e9 de Mons en tant que coordinatrice qualit\u00e9 de la Facult\u00e9 Polytechnique et charg\u00e9e de cours \u00e0 la Facult\u00e9 de Psychologie et Sciences de l&rsquo;Education. Elle a \u00e9t\u00e9 chercheure \u00e0 l&rsquo;INAS d&rsquo;ao\u00fbt 2005 \u00e0 juillet 2008, et continue \u00e0 y \u00eatre associ\u00e9e pour des enseignements, des supervisions de m\u00e9moires et stages ainsi que des recherches. Pour l&rsquo;INAS, elle a notamment coordonn\u00e9 une \u00e9tude sur l&rsquo;insertion professionnelle des jeunes issus des fili\u00e8res de formation en alternance et a con\u00e7u un ensemble de modules de formation au \u00ab\u00a0management en situation complexe\u00a0\u00bb selon la m\u00e9thodologie de l&rsquo;apprentissage par probl\u00e8mes \u00e0 destination des personnels de direction des \u00e9tablissements secondaires fran\u00e7ais.<\/p>\n<p dir=\"ltr\">Pr\u00e9c\u00e9demment, elle \u00e9tait ma\u00eetre de conf\u00e9rence \u00e0 l&rsquo;Universit\u00e9 de Strasbourg, en charge de deux dipl\u00f4mes (dont un de responsable de formation). Les enseignements et les formations continues qu&rsquo;elle dispense portent sur le d\u00e9veloppement des d\u00e9marches qualit\u00e9 adapt\u00e9es au monde de l&rsquo;enseignement, la formation des cadres \u00e9ducatifs et, l&rsquo;\u00e9valuation de dispositifs, programmes et organisations d&rsquo;\u00e9ducation et formation.<\/p>\n<p dir=\"ltr\">Elle intervient r\u00e9guli\u00e8rement aupr\u00e8s de professionnels de l&rsquo;\u00e9ducation (directeurs d&rsquo;\u00e9cole, inspecteurs, \u00e9valuateurs, CPMs, centres de formation, enseignants de Hautes Ecoles, etc.) en Belgique et en France. Elle a \u00e9t\u00e9 expert de l\u2019\u00e9ducation et de la qualit\u00e9 pour l\u2019Agence pour l\u2019\u00e9valuation de la qualit\u00e9 de l\u2019enseignement sup\u00e9rieur (AEQES) et a co-pr\u00e9sid\u00e9 l&rsquo;\u00e9valuation du bachelier instituteur(-trice) scolaire en Communaut\u00e9 fran\u00e7aise. Elle est actuellement membre du Comit\u00e9 de gestion de l\u2019AEQES.<\/p>\n<\/div>\n<p dir=\"ltr\"><a title=\"\" href=\"https:\/\/orbi.umons.ac.be\/profile?uid=530114\" rel=\"noopener\">Liste des publications de Angeline Aubert-Lotarski (ORBi de l&rsquo;UMONS)<\/a><\/p>\n<\/div>\n","protected":false},"excerpt":{"rendered":"<p>Titulaire d&rsquo;un doctorat en Sciences de l&rsquo;\u00e9ducation, Angeline Aubert-Lotarski travaille au sein de l&rsquo;Universit\u00e9 de Mons en tant que coordinatrice qualit\u00e9 de la Facult\u00e9 Polytechnique et charg\u00e9e de cours \u00e0 la Facult\u00e9 de Psychologie et Sciences de l&rsquo;Education. Elle a \u00e9t\u00e9 chercheure \u00e0 l&rsquo;INAS d&rsquo;ao\u00fbt 2005 \u00e0 juillet 2008, et continue \u00e0 y \u00eatre associ\u00e9e [&hellip;]<\/p>\n","protected":false},"author":121,"featured_media":0,"parent":0,"menu_order":0,"comment_status":"closed","ping_status":"closed","template":"","meta":{"footnotes":""},"class_list":["post-125","page","type-page","status-publish","hentry"],"yoast_head":"<!-- This site is optimized with the Yoast SEO plugin v27.2 - https:\/\/yoast.com\/product\/yoast-seo-wordpress\/ -->\n<title>Prof. Angeline AUBERT-LOTARSKI - Service \/ FPSE - Sciences de l&#039;Enseignement et de la Formation<\/title>\n<meta name=\"robots\" content=\"index, follow, max-snippet:-1, max-image-preview:large, max-video-preview:-1\" \/>\n<link rel=\"canonical\" href=\"https:\/\/web.umons.ac.be\/semf\/prof-angeline-aubert-lotarski\/\" \/>\n<meta property=\"og:locale\" content=\"fr_FR\" \/>\n<meta property=\"og:type\" content=\"article\" \/>\n<meta property=\"og:title\" content=\"Prof. Angeline AUBERT-LOTARSKI - Service \/ FPSE - Sciences de l&#039;Enseignement et de la Formation\" \/>\n<meta property=\"og:description\" content=\"Titulaire d&rsquo;un doctorat en Sciences de l&rsquo;\u00e9ducation, Angeline Aubert-Lotarski travaille au sein de l&rsquo;Universit\u00e9 de Mons en tant que coordinatrice qualit\u00e9 de la Facult\u00e9 Polytechnique et charg\u00e9e de cours \u00e0 la Facult\u00e9 de Psychologie et Sciences de l&rsquo;Education. Elle a \u00e9t\u00e9 chercheure \u00e0 l&rsquo;INAS d&rsquo;ao\u00fbt 2005 \u00e0 juillet 2008, et continue \u00e0 y \u00eatre associ\u00e9e [&hellip;]\" \/>\n<meta property=\"og:url\" content=\"https:\/\/web.umons.ac.be\/semf\/prof-angeline-aubert-lotarski\/\" \/>\n<meta property=\"og:site_name\" content=\"Service \/ FPSE - Sciences de l&#039;Enseignement et de la Formation\" \/>\n<meta property=\"article:modified_time\" content=\"2023-03-17T08:45:27+00:00\" \/>\n<meta property=\"og:image\" content=\"https:\/\/web.umons.ac.be\/app\/uploads\/sites\/103\/2021\/12\/AubertAngeline.jpg\" \/>\n<meta name=\"twitter:card\" content=\"summary_large_image\" \/>\n<meta name=\"twitter:label1\" content=\"Dur\u00e9e de lecture estim\u00e9e\" \/>\n\t<meta name=\"twitter:data1\" content=\"2 minutes\" \/>\n<script type=\"application\/ld+json\" class=\"yoast-schema-graph\">{\"@context\":\"https:\/\/schema.org\",\"@graph\":[{\"@type\":\"WebPage\",\"@id\":\"https:\/\/web.umons.ac.be\/semf\/prof-angeline-aubert-lotarski\/\",\"url\":\"https:\/\/web.umons.ac.be\/semf\/prof-angeline-aubert-lotarski\/\",\"name\":\"Prof. Angeline AUBERT-LOTARSKI - Service \/ FPSE - Sciences de l&#039;Enseignement et de la Formation\",\"isPartOf\":{\"@id\":\"https:\/\/web.umons.ac.be\/semf\/#website\"},\"primaryImageOfPage\":{\"@id\":\"https:\/\/web.umons.ac.be\/semf\/prof-angeline-aubert-lotarski\/#primaryimage\"},\"image\":{\"@id\":\"https:\/\/web.umons.ac.be\/semf\/prof-angeline-aubert-lotarski\/#primaryimage\"},\"thumbnailUrl\":\"https:\/\/web.umons.ac.be\/app\/uploads\/sites\/103\/2021\/12\/AubertAngeline.jpg\",\"datePublished\":\"2021-12-13T09:43:47+00:00\",\"dateModified\":\"2023-03-17T08:45:27+00:00\",\"breadcrumb\":{\"@id\":\"https:\/\/web.umons.ac.be\/semf\/prof-angeline-aubert-lotarski\/#breadcrumb\"},\"inLanguage\":\"fr-FR\",\"potentialAction\":[{\"@type\":\"ReadAction\",\"target\":[\"https:\/\/web.umons.ac.be\/semf\/prof-angeline-aubert-lotarski\/\"]}]},{\"@type\":\"ImageObject\",\"inLanguage\":\"fr-FR\",\"@id\":\"https:\/\/web.umons.ac.be\/semf\/prof-angeline-aubert-lotarski\/#primaryimage\",\"url\":\"https:\/\/web.umons.ac.be\/app\/uploads\/sites\/103\/2021\/12\/AubertAngeline.jpg\",\"contentUrl\":\"https:\/\/web.umons.ac.be\/app\/uploads\/sites\/103\/2021\/12\/AubertAngeline.jpg\"},{\"@type\":\"BreadcrumbList\",\"@id\":\"https:\/\/web.umons.ac.be\/semf\/prof-angeline-aubert-lotarski\/#breadcrumb\",\"itemListElement\":[{\"@type\":\"ListItem\",\"position\":1,\"name\":\"Home\",\"item\":\"https:\/\/web.umons.ac.be\/semf\/\"},{\"@type\":\"ListItem\",\"position\":2,\"name\":\"Prof. Angeline AUBERT-LOTARSKI\"}]},{\"@type\":\"WebSite\",\"@id\":\"https:\/\/web.umons.ac.be\/semf\/#website\",\"url\":\"https:\/\/web.umons.ac.be\/semf\/\",\"name\":\"Service \/ FPSE - M\u00e9thodologie et formation\",\"description\":\"\",\"publisher\":{\"@id\":\"https:\/\/web.umons.ac.be\/semf\/#organization\"},\"potentialAction\":[{\"@type\":\"SearchAction\",\"target\":{\"@type\":\"EntryPoint\",\"urlTemplate\":\"https:\/\/web.umons.ac.be\/semf\/?s={search_term_string}\"},\"query-input\":{\"@type\":\"PropertyValueSpecification\",\"valueRequired\":true,\"valueName\":\"search_term_string\"}}],\"inLanguage\":\"fr-FR\"},{\"@type\":\"Organization\",\"@id\":\"https:\/\/web.umons.ac.be\/semf\/#organization\",\"name\":\"Service \/ FPSE - M\u00e9thodologie et formation\",\"url\":\"https:\/\/web.umons.ac.be\/semf\/\",\"logo\":{\"@type\":\"ImageObject\",\"inLanguage\":\"fr-FR\",\"@id\":\"https:\/\/web.umons.ac.be\/semf\/#\/schema\/logo\/image\/\",\"url\":\"https:\/\/web.umons.ac.be\/app\/uploads\/sites\/103\/2021\/11\/LOGOP316_Benoit-VANSCHOEBEKE.svg\",\"contentUrl\":\"https:\/\/web.umons.ac.be\/app\/uploads\/sites\/103\/2021\/11\/LOGOP316_Benoit-VANSCHOEBEKE.svg\",\"width\":1,\"height\":1,\"caption\":\"Service \/ FPSE - M\u00e9thodologie et formation\"},\"image\":{\"@id\":\"https:\/\/web.umons.ac.be\/semf\/#\/schema\/logo\/image\/\"}}]}<\/script>\n<!-- \/ Yoast SEO plugin. -->","yoast_head_json":{"title":"Prof. Angeline AUBERT-LOTARSKI - Service \/ FPSE - Sciences de l&#039;Enseignement et de la Formation","robots":{"index":"index","follow":"follow","max-snippet":"max-snippet:-1","max-image-preview":"max-image-preview:large","max-video-preview":"max-video-preview:-1"},"canonical":"https:\/\/web.umons.ac.be\/semf\/prof-angeline-aubert-lotarski\/","og_locale":"fr_FR","og_type":"article","og_title":"Prof. Angeline AUBERT-LOTARSKI - Service \/ FPSE - Sciences de l&#039;Enseignement et de la Formation","og_description":"Titulaire d&rsquo;un doctorat en Sciences de l&rsquo;\u00e9ducation, Angeline Aubert-Lotarski travaille au sein de l&rsquo;Universit\u00e9 de Mons en tant que coordinatrice qualit\u00e9 de la Facult\u00e9 Polytechnique et charg\u00e9e de cours \u00e0 la Facult\u00e9 de Psychologie et Sciences de l&rsquo;Education. Elle a \u00e9t\u00e9 chercheure \u00e0 l&rsquo;INAS d&rsquo;ao\u00fbt 2005 \u00e0 juillet 2008, et continue \u00e0 y \u00eatre associ\u00e9e [&hellip;]","og_url":"https:\/\/web.umons.ac.be\/semf\/prof-angeline-aubert-lotarski\/","og_site_name":"Service \/ FPSE - Sciences de l&#039;Enseignement et de la Formation","article_modified_time":"2023-03-17T08:45:27+00:00","og_image":[{"url":"https:\/\/web.umons.ac.be\/app\/uploads\/sites\/103\/2021\/12\/AubertAngeline.jpg","type":"","width":"","height":""}],"twitter_card":"summary_large_image","twitter_misc":{"Dur\u00e9e de lecture estim\u00e9e":"2 minutes"},"schema":{"@context":"https:\/\/schema.org","@graph":[{"@type":"WebPage","@id":"https:\/\/web.umons.ac.be\/semf\/prof-angeline-aubert-lotarski\/","url":"https:\/\/web.umons.ac.be\/semf\/prof-angeline-aubert-lotarski\/","name":"Prof. Angeline AUBERT-LOTARSKI - Service \/ FPSE - Sciences de l&#039;Enseignement et de la Formation","isPartOf":{"@id":"https:\/\/web.umons.ac.be\/semf\/#website"},"primaryImageOfPage":{"@id":"https:\/\/web.umons.ac.be\/semf\/prof-angeline-aubert-lotarski\/#primaryimage"},"image":{"@id":"https:\/\/web.umons.ac.be\/semf\/prof-angeline-aubert-lotarski\/#primaryimage"},"thumbnailUrl":"https:\/\/web.umons.ac.be\/app\/uploads\/sites\/103\/2021\/12\/AubertAngeline.jpg","datePublished":"2021-12-13T09:43:47+00:00","dateModified":"2023-03-17T08:45:27+00:00","breadcrumb":{"@id":"https:\/\/web.umons.ac.be\/semf\/prof-angeline-aubert-lotarski\/#breadcrumb"},"inLanguage":"fr-FR","potentialAction":[{"@type":"ReadAction","target":["https:\/\/web.umons.ac.be\/semf\/prof-angeline-aubert-lotarski\/"]}]},{"@type":"ImageObject","inLanguage":"fr-FR","@id":"https:\/\/web.umons.ac.be\/semf\/prof-angeline-aubert-lotarski\/#primaryimage","url":"https:\/\/web.umons.ac.be\/app\/uploads\/sites\/103\/2021\/12\/AubertAngeline.jpg","contentUrl":"https:\/\/web.umons.ac.be\/app\/uploads\/sites\/103\/2021\/12\/AubertAngeline.jpg"},{"@type":"BreadcrumbList","@id":"https:\/\/web.umons.ac.be\/semf\/prof-angeline-aubert-lotarski\/#breadcrumb","itemListElement":[{"@type":"ListItem","position":1,"name":"Home","item":"https:\/\/web.umons.ac.be\/semf\/"},{"@type":"ListItem","position":2,"name":"Prof. Angeline AUBERT-LOTARSKI"}]},{"@type":"WebSite","@id":"https:\/\/web.umons.ac.be\/semf\/#website","url":"https:\/\/web.umons.ac.be\/semf\/","name":"Service \/ FPSE - M\u00e9thodologie et formation","description":"","publisher":{"@id":"https:\/\/web.umons.ac.be\/semf\/#organization"},"potentialAction":[{"@type":"SearchAction","target":{"@type":"EntryPoint","urlTemplate":"https:\/\/web.umons.ac.be\/semf\/?s={search_term_string}"},"query-input":{"@type":"PropertyValueSpecification","valueRequired":true,"valueName":"search_term_string"}}],"inLanguage":"fr-FR"},{"@type":"Organization","@id":"https:\/\/web.umons.ac.be\/semf\/#organization","name":"Service \/ FPSE - M\u00e9thodologie et formation","url":"https:\/\/web.umons.ac.be\/semf\/","logo":{"@type":"ImageObject","inLanguage":"fr-FR","@id":"https:\/\/web.umons.ac.be\/semf\/#\/schema\/logo\/image\/","url":"https:\/\/web.umons.ac.be\/app\/uploads\/sites\/103\/2021\/11\/LOGOP316_Benoit-VANSCHOEBEKE.svg","contentUrl":"https:\/\/web.umons.ac.be\/app\/uploads\/sites\/103\/2021\/11\/LOGOP316_Benoit-VANSCHOEBEKE.svg","width":1,"height":1,"caption":"Service \/ FPSE - M\u00e9thodologie et formation"},"image":{"@id":"https:\/\/web.umons.ac.be\/semf\/#\/schema\/logo\/image\/"}}]}},"lang":"fr","translations":{"fr":125},"pll_sync_post":[],"_links":{"self":[{"href":"https:\/\/web.umons.ac.be\/semf\/wp-json\/wp\/v2\/pages\/125","targetHints":{"allow":["GET"]}}],"collection":[{"href":"https:\/\/web.umons.ac.be\/semf\/wp-json\/wp\/v2\/pages"}],"about":[{"href":"https:\/\/web.umons.ac.be\/semf\/wp-json\/wp\/v2\/types\/page"}],"author":[{"embeddable":true,"href":"https:\/\/web.umons.ac.be\/semf\/wp-json\/wp\/v2\/users\/121"}],"replies":[{"embeddable":true,"href":"https:\/\/web.umons.ac.be\/semf\/wp-json\/wp\/v2\/comments?post=125"}],"version-history":[{"count":3,"href":"https:\/\/web.umons.ac.be\/semf\/wp-json\/wp\/v2\/pages\/125\/revisions"}],"predecessor-version":[{"id":1422,"href":"https:\/\/web.umons.ac.be\/semf\/wp-json\/wp\/v2\/pages\/125\/revisions\/1422"}],"wp:attachment":[{"href":"https:\/\/web.umons.ac.be\/semf\/wp-json\/wp\/v2\/media?parent=125"}],"curies":[{"name":"wp","href":"https:\/\/api.w.org\/{rel}","templated":true}]}}