{"id":130,"date":"2021-12-13T10:52:51","date_gmt":"2021-12-13T09:52:51","guid":{"rendered":"https:\/\/web.umons.ac.be\/semf\/?page_id=130"},"modified":"2023-03-17T09:50:15","modified_gmt":"2023-03-17T08:50:15","slug":"dr-sandrine-lothaire","status":"publish","type":"page","link":"https:\/\/web.umons.ac.be\/semf\/dr-sandrine-lothaire\/","title":{"rendered":"Dr.  Sandrine LOTHAIRE"},"content":{"rendered":"<div class=\"welcomeImage\">\n<div><span dir=\"\"><span style=\"font-size: 14px;\">Assistante \u00e0 l\u2019Institut d\u2019Administration Scolaire, Sandrine Lothaire est titulaire d\u2019un doctorat en sociologie et d\u2019un master en statistiques. Ses travaux de recherche portent sur le groupe professionnel enseignant et ses march\u00e9s du travail ainsi que sur l\u2019analyse des politiques \u00e9ducatives et du syst\u00e8me \u00e9ducatif (nouvelle gouvernance et pilotage). En tant qu\u2019assistante du Prof. Marc Demeuse, elle intervient dans des cours et des travaux pratiques aux premier et deuxi\u00e8me cycles (M\u00e9thodologie et techniques de l\u2019enqu\u00eate et Analyse des politiques \u00e9ducatives) et dans le suivi de m\u00e9moires et des stages en sciences de l\u2019\u00e9ducation. Elle a \u00e9galement la charge du cours de Question de sociologie dans l\u2019enseignement obligatoire (dispens\u00e9 au sein de l\u2019agr\u00e9gation de l\u2019enseignement secondaire sup\u00e9rieur et du master \u00e0 finalit\u00e9 didactique) ainsi que du cours de Questions de sociologie dans l\u2019enseignement sup\u00e9rieur (dispens\u00e9 au sein du master en sciences de l\u2019\u00e9ducation, du Certificat d\u2019aptitude p\u00e9dagogique appropri\u00e9 \u00e0 l\u2019enseignement sup\u00e9rieur et du master de sp\u00e9cialisation en p\u00e9dagogie universitaire).<\/p>\n<p><a href=\"https:\/\/orbi.umons.ac.be\/profile?uid=532238\">Publication de Sandrine LOTHAIRE (ORBi de l&rsquo;Umons)<\/a><\/span><\/span><\/div>\n<\/div>\n","protected":false},"excerpt":{"rendered":"<p>Assistante \u00e0 l\u2019Institut d\u2019Administration Scolaire, Sandrine Lothaire est titulaire d\u2019un doctorat en sociologie et d\u2019un master en statistiques. Ses travaux de recherche portent sur le groupe professionnel enseignant et ses march\u00e9s du travail ainsi que sur l\u2019analyse des politiques \u00e9ducatives et du syst\u00e8me \u00e9ducatif (nouvelle gouvernance et pilotage). En tant qu\u2019assistante du Prof. Marc Demeuse, [&hellip;]<\/p>\n","protected":false},"author":121,"featured_media":0,"parent":0,"menu_order":0,"comment_status":"closed","ping_status":"closed","template":"","meta":{"footnotes":""},"class_list":["post-130","page","type-page","status-publish","hentry"],"yoast_head":"<!-- This site is optimized with the Yoast SEO plugin v27.2 - https:\/\/yoast.com\/product\/yoast-seo-wordpress\/ -->\n<title>Dr. Sandrine LOTHAIRE - Service \/ FPSE - Sciences de l&#039;Enseignement et de la Formation<\/title>\n<meta name=\"robots\" content=\"index, follow, max-snippet:-1, max-image-preview:large, max-video-preview:-1\" \/>\n<link rel=\"canonical\" href=\"https:\/\/web.umons.ac.be\/semf\/dr-sandrine-lothaire\/\" \/>\n<meta property=\"og:locale\" content=\"fr_FR\" \/>\n<meta property=\"og:type\" content=\"article\" \/>\n<meta property=\"og:title\" content=\"Dr. Sandrine LOTHAIRE - Service \/ FPSE - Sciences de l&#039;Enseignement et de la Formation\" \/>\n<meta property=\"og:description\" content=\"Assistante \u00e0 l\u2019Institut d\u2019Administration Scolaire, Sandrine Lothaire est titulaire d\u2019un doctorat en sociologie et d\u2019un master en statistiques. Ses travaux de recherche portent sur le groupe professionnel enseignant et ses march\u00e9s du travail ainsi que sur l\u2019analyse des politiques \u00e9ducatives et du syst\u00e8me \u00e9ducatif (nouvelle gouvernance et pilotage). En tant qu\u2019assistante du Prof. Marc Demeuse, [&hellip;]\" \/>\n<meta property=\"og:url\" content=\"https:\/\/web.umons.ac.be\/semf\/dr-sandrine-lothaire\/\" \/>\n<meta property=\"og:site_name\" content=\"Service \/ FPSE - Sciences de l&#039;Enseignement et de la Formation\" \/>\n<meta property=\"article:modified_time\" content=\"2023-03-17T08:50:15+00:00\" \/>\n<meta name=\"twitter:card\" content=\"summary_large_image\" \/>\n<meta name=\"twitter:label1\" content=\"Dur\u00e9e de lecture estim\u00e9e\" \/>\n\t<meta name=\"twitter:data1\" content=\"1 minute\" \/>\n<script type=\"application\/ld+json\" class=\"yoast-schema-graph\">{\"@context\":\"https:\/\/schema.org\",\"@graph\":[{\"@type\":\"WebPage\",\"@id\":\"https:\/\/web.umons.ac.be\/semf\/dr-sandrine-lothaire\/\",\"url\":\"https:\/\/web.umons.ac.be\/semf\/dr-sandrine-lothaire\/\",\"name\":\"Dr. Sandrine LOTHAIRE - Service \/ FPSE - Sciences de l&#039;Enseignement et de la Formation\",\"isPartOf\":{\"@id\":\"https:\/\/web.umons.ac.be\/semf\/#website\"},\"datePublished\":\"2021-12-13T09:52:51+00:00\",\"dateModified\":\"2023-03-17T08:50:15+00:00\",\"breadcrumb\":{\"@id\":\"https:\/\/web.umons.ac.be\/semf\/dr-sandrine-lothaire\/#breadcrumb\"},\"inLanguage\":\"fr-FR\",\"potentialAction\":[{\"@type\":\"ReadAction\",\"target\":[\"https:\/\/web.umons.ac.be\/semf\/dr-sandrine-lothaire\/\"]}]},{\"@type\":\"BreadcrumbList\",\"@id\":\"https:\/\/web.umons.ac.be\/semf\/dr-sandrine-lothaire\/#breadcrumb\",\"itemListElement\":[{\"@type\":\"ListItem\",\"position\":1,\"name\":\"Home\",\"item\":\"https:\/\/web.umons.ac.be\/semf\/\"},{\"@type\":\"ListItem\",\"position\":2,\"name\":\"Dr. Sandrine LOTHAIRE\"}]},{\"@type\":\"WebSite\",\"@id\":\"https:\/\/web.umons.ac.be\/semf\/#website\",\"url\":\"https:\/\/web.umons.ac.be\/semf\/\",\"name\":\"Service \/ FPSE - M\u00e9thodologie et formation\",\"description\":\"\",\"publisher\":{\"@id\":\"https:\/\/web.umons.ac.be\/semf\/#organization\"},\"potentialAction\":[{\"@type\":\"SearchAction\",\"target\":{\"@type\":\"EntryPoint\",\"urlTemplate\":\"https:\/\/web.umons.ac.be\/semf\/?s={search_term_string}\"},\"query-input\":{\"@type\":\"PropertyValueSpecification\",\"valueRequired\":true,\"valueName\":\"search_term_string\"}}],\"inLanguage\":\"fr-FR\"},{\"@type\":\"Organization\",\"@id\":\"https:\/\/web.umons.ac.be\/semf\/#organization\",\"name\":\"Service \/ FPSE - M\u00e9thodologie et formation\",\"url\":\"https:\/\/web.umons.ac.be\/semf\/\",\"logo\":{\"@type\":\"ImageObject\",\"inLanguage\":\"fr-FR\",\"@id\":\"https:\/\/web.umons.ac.be\/semf\/#\/schema\/logo\/image\/\",\"url\":\"https:\/\/web.umons.ac.be\/app\/uploads\/sites\/103\/2021\/11\/LOGOP316_Benoit-VANSCHOEBEKE.svg\",\"contentUrl\":\"https:\/\/web.umons.ac.be\/app\/uploads\/sites\/103\/2021\/11\/LOGOP316_Benoit-VANSCHOEBEKE.svg\",\"width\":1,\"height\":1,\"caption\":\"Service \/ FPSE - M\u00e9thodologie et formation\"},\"image\":{\"@id\":\"https:\/\/web.umons.ac.be\/semf\/#\/schema\/logo\/image\/\"}}]}<\/script>\n<!-- \/ Yoast SEO plugin. -->","yoast_head_json":{"title":"Dr. Sandrine LOTHAIRE - Service \/ FPSE - Sciences de l&#039;Enseignement et de la Formation","robots":{"index":"index","follow":"follow","max-snippet":"max-snippet:-1","max-image-preview":"max-image-preview:large","max-video-preview":"max-video-preview:-1"},"canonical":"https:\/\/web.umons.ac.be\/semf\/dr-sandrine-lothaire\/","og_locale":"fr_FR","og_type":"article","og_title":"Dr. Sandrine LOTHAIRE - Service \/ FPSE - Sciences de l&#039;Enseignement et de la Formation","og_description":"Assistante \u00e0 l\u2019Institut d\u2019Administration Scolaire, Sandrine Lothaire est titulaire d\u2019un doctorat en sociologie et d\u2019un master en statistiques. Ses travaux de recherche portent sur le groupe professionnel enseignant et ses march\u00e9s du travail ainsi que sur l\u2019analyse des politiques \u00e9ducatives et du syst\u00e8me \u00e9ducatif (nouvelle gouvernance et pilotage). En tant qu\u2019assistante du Prof. Marc Demeuse, [&hellip;]","og_url":"https:\/\/web.umons.ac.be\/semf\/dr-sandrine-lothaire\/","og_site_name":"Service \/ FPSE - Sciences de l&#039;Enseignement et de la Formation","article_modified_time":"2023-03-17T08:50:15+00:00","twitter_card":"summary_large_image","twitter_misc":{"Dur\u00e9e de lecture estim\u00e9e":"1 minute"},"schema":{"@context":"https:\/\/schema.org","@graph":[{"@type":"WebPage","@id":"https:\/\/web.umons.ac.be\/semf\/dr-sandrine-lothaire\/","url":"https:\/\/web.umons.ac.be\/semf\/dr-sandrine-lothaire\/","name":"Dr. Sandrine LOTHAIRE - Service \/ FPSE - Sciences de l&#039;Enseignement et de la Formation","isPartOf":{"@id":"https:\/\/web.umons.ac.be\/semf\/#website"},"datePublished":"2021-12-13T09:52:51+00:00","dateModified":"2023-03-17T08:50:15+00:00","breadcrumb":{"@id":"https:\/\/web.umons.ac.be\/semf\/dr-sandrine-lothaire\/#breadcrumb"},"inLanguage":"fr-FR","potentialAction":[{"@type":"ReadAction","target":["https:\/\/web.umons.ac.be\/semf\/dr-sandrine-lothaire\/"]}]},{"@type":"BreadcrumbList","@id":"https:\/\/web.umons.ac.be\/semf\/dr-sandrine-lothaire\/#breadcrumb","itemListElement":[{"@type":"ListItem","position":1,"name":"Home","item":"https:\/\/web.umons.ac.be\/semf\/"},{"@type":"ListItem","position":2,"name":"Dr. Sandrine LOTHAIRE"}]},{"@type":"WebSite","@id":"https:\/\/web.umons.ac.be\/semf\/#website","url":"https:\/\/web.umons.ac.be\/semf\/","name":"Service \/ FPSE - M\u00e9thodologie et formation","description":"","publisher":{"@id":"https:\/\/web.umons.ac.be\/semf\/#organization"},"potentialAction":[{"@type":"SearchAction","target":{"@type":"EntryPoint","urlTemplate":"https:\/\/web.umons.ac.be\/semf\/?s={search_term_string}"},"query-input":{"@type":"PropertyValueSpecification","valueRequired":true,"valueName":"search_term_string"}}],"inLanguage":"fr-FR"},{"@type":"Organization","@id":"https:\/\/web.umons.ac.be\/semf\/#organization","name":"Service \/ FPSE - M\u00e9thodologie et formation","url":"https:\/\/web.umons.ac.be\/semf\/","logo":{"@type":"ImageObject","inLanguage":"fr-FR","@id":"https:\/\/web.umons.ac.be\/semf\/#\/schema\/logo\/image\/","url":"https:\/\/web.umons.ac.be\/app\/uploads\/sites\/103\/2021\/11\/LOGOP316_Benoit-VANSCHOEBEKE.svg","contentUrl":"https:\/\/web.umons.ac.be\/app\/uploads\/sites\/103\/2021\/11\/LOGOP316_Benoit-VANSCHOEBEKE.svg","width":1,"height":1,"caption":"Service \/ FPSE - M\u00e9thodologie et formation"},"image":{"@id":"https:\/\/web.umons.ac.be\/semf\/#\/schema\/logo\/image\/"}}]}},"lang":"fr","translations":{"fr":130},"pll_sync_post":[],"_links":{"self":[{"href":"https:\/\/web.umons.ac.be\/semf\/wp-json\/wp\/v2\/pages\/130","targetHints":{"allow":["GET"]}}],"collection":[{"href":"https:\/\/web.umons.ac.be\/semf\/wp-json\/wp\/v2\/pages"}],"about":[{"href":"https:\/\/web.umons.ac.be\/semf\/wp-json\/wp\/v2\/types\/page"}],"author":[{"embeddable":true,"href":"https:\/\/web.umons.ac.be\/semf\/wp-json\/wp\/v2\/users\/121"}],"replies":[{"embeddable":true,"href":"https:\/\/web.umons.ac.be\/semf\/wp-json\/wp\/v2\/comments?post=130"}],"version-history":[{"count":3,"href":"https:\/\/web.umons.ac.be\/semf\/wp-json\/wp\/v2\/pages\/130\/revisions"}],"predecessor-version":[{"id":1426,"href":"https:\/\/web.umons.ac.be\/semf\/wp-json\/wp\/v2\/pages\/130\/revisions\/1426"}],"wp:attachment":[{"href":"https:\/\/web.umons.ac.be\/semf\/wp-json\/wp\/v2\/media?parent=130"}],"curies":[{"name":"wp","href":"https:\/\/api.w.org\/{rel}","templated":true}]}}