{"id":133,"date":"2021-12-13T11:01:38","date_gmt":"2021-12-13T10:01:38","guid":{"rendered":"https:\/\/web.umons.ac.be\/semf\/?page_id=133"},"modified":"2022-09-22T17:02:40","modified_gmt":"2022-09-22T15:02:40","slug":"romain-beauset","status":"publish","type":"page","link":"https:\/\/web.umons.ac.be\/semf\/romain-beauset\/","title":{"rendered":"Romain BEAUSET"},"content":{"rendered":"<div class=\"welcomeImage\">\n<div id=\"ctl00_PlaceHolderMain_PageImage__ControlWrapper_RichImageField\"><span dir=\"\"><span style=\"font-size: 14px\"><img loading=\"lazy\" decoding=\"async\" class=\"alignnone size-thumbnail wp-image-693 alignleft\" src=\"https:\/\/web.umons.ac.be\/app\/uploads\/sites\/103\/2022\/09\/Beauset-150x150.jpg\" alt=\"\" width=\"150\" height=\"150\" srcset=\"https:\/\/web.umons.ac.be\/app\/uploads\/sites\/103\/2022\/09\/Beauset-150x150.jpg 150w, https:\/\/web.umons.ac.be\/app\/uploads\/sites\/103\/2022\/09\/Beauset-80x80.jpg 80w, https:\/\/web.umons.ac.be\/app\/uploads\/sites\/103\/2022\/09\/Beauset-400x400.jpg 400w, https:\/\/web.umons.ac.be\/app\/uploads\/sites\/103\/2022\/09\/Beauset-200x200.jpg 200w\" sizes=\"auto, (max-width: 150px) 100vw, 150px\" \/>Titulaire d\u2019un bachelier AESI math\u00e9matiques (2016) et d\u2019un Master en Sciences de l\u2019Education \u00e0 finalit\u00e9 enseignement et apprentissages scolaires (2019), il a int\u00e9gr\u00e9 l\u2019Institut d\u2019Administration scolaire en mars 2018 pour poursuivre des travaux initi\u00e9s dans le cadre de son stage de Master I, consacr\u00e9s \u00e0 l\u2019identification et \u00e0 la validation de dispositifs et d\u2019outils p\u00e9dagogiques en g\u00e9ographie, math\u00e9matiques et sciences. Son travail de m\u00e9moire, r\u00e9alis\u00e9 \u00e9galement sous l\u2019encadrement de l\u2019Inas, consistait \u00e0 la mise en place d\u2019une recherche collaborative dont l\u2019ambition \u00e9tait l\u2019\u00e9laboration et la validation d\u2019un dispositif \u00e0 destination de la fin de l\u2019enseignement primaire d\u00e9veloppant la visualisation en g\u00e9om\u00e9trie.<\/span><\/span><\/div>\n<\/div>\n<div class=\"pageContent\">\n<div id=\"ctl00_PlaceHolderMain_Content__ControlWrapper_RichHtmlField\">\n<p>Ses travaux actuels s\u2019inscrivent dans la m\u00eame lign\u00e9e que ceux r\u00e9alis\u00e9s pr\u00e9c\u00e9demment, en mettant davantage l\u2019accent sur les dispositifs de diff\u00e9renciation li\u00e9s aux obstacles d\u2019apprentissage en math\u00e9matiques.<\/p>\n<p><a title=\"\" href=\"http:\/\/applications.umons.ac.be\/webappspub\/wsxmlpubs\/GetList.aspx?matricule=533607&amp;output=html\" target=\"_blank\" rel=\"noopener\">Liste des publications de Romain Beauset (DI de l&rsquo;UMONS)<\/a><\/p>\n<\/div>\n<\/div>\n","protected":false},"excerpt":{"rendered":"<p>Titulaire d\u2019un bachelier AESI math\u00e9matiques (2016) et d\u2019un Master en Sciences de l\u2019Education \u00e0 finalit\u00e9 enseignement et apprentissages scolaires (2019), il a int\u00e9gr\u00e9 l\u2019Institut d\u2019Administration scolaire en mars 2018 pour poursuivre des travaux initi\u00e9s dans le cadre de son stage de Master I, consacr\u00e9s \u00e0 l\u2019identification et \u00e0 la validation de dispositifs et d\u2019outils p\u00e9dagogiques [&hellip;]<\/p>\n","protected":false},"author":121,"featured_media":0,"parent":0,"menu_order":0,"comment_status":"closed","ping_status":"closed","template":"","meta":{"footnotes":""},"class_list":["post-133","page","type-page","status-publish","hentry"],"yoast_head":"<!-- This site is optimized with the Yoast SEO plugin v27.2 - https:\/\/yoast.com\/product\/yoast-seo-wordpress\/ -->\n<title>Romain BEAUSET - Service \/ FPSE - Sciences de l&#039;Enseignement et de la Formation<\/title>\n<meta name=\"robots\" content=\"index, follow, max-snippet:-1, max-image-preview:large, max-video-preview:-1\" \/>\n<link rel=\"canonical\" href=\"https:\/\/web.umons.ac.be\/semf\/romain-beauset\/\" \/>\n<meta property=\"og:locale\" content=\"fr_FR\" \/>\n<meta property=\"og:type\" content=\"article\" \/>\n<meta property=\"og:title\" content=\"Romain BEAUSET - Service \/ FPSE - Sciences de l&#039;Enseignement et de la Formation\" \/>\n<meta property=\"og:description\" content=\"Titulaire d\u2019un bachelier AESI math\u00e9matiques (2016) et d\u2019un Master en Sciences de l\u2019Education \u00e0 finalit\u00e9 enseignement et apprentissages scolaires (2019), il a int\u00e9gr\u00e9 l\u2019Institut d\u2019Administration scolaire en mars 2018 pour poursuivre des travaux initi\u00e9s dans le cadre de son stage de Master I, consacr\u00e9s \u00e0 l\u2019identification et \u00e0 la validation de dispositifs et d\u2019outils p\u00e9dagogiques [&hellip;]\" \/>\n<meta property=\"og:url\" content=\"https:\/\/web.umons.ac.be\/semf\/romain-beauset\/\" \/>\n<meta property=\"og:site_name\" content=\"Service \/ FPSE - Sciences de l&#039;Enseignement et de la Formation\" \/>\n<meta property=\"article:modified_time\" content=\"2022-09-22T15:02:40+00:00\" \/>\n<meta property=\"og:image\" content=\"https:\/\/web.umons.ac.be\/app\/uploads\/sites\/103\/2022\/09\/Beauset-150x150.jpg\" \/>\n<meta name=\"twitter:card\" content=\"summary_large_image\" \/>\n<meta name=\"twitter:label1\" content=\"Dur\u00e9e de lecture estim\u00e9e\" \/>\n\t<meta name=\"twitter:data1\" content=\"1 minute\" \/>\n<script type=\"application\/ld+json\" class=\"yoast-schema-graph\">{\"@context\":\"https:\/\/schema.org\",\"@graph\":[{\"@type\":\"WebPage\",\"@id\":\"https:\/\/web.umons.ac.be\/semf\/romain-beauset\/\",\"url\":\"https:\/\/web.umons.ac.be\/semf\/romain-beauset\/\",\"name\":\"Romain BEAUSET - Service \/ FPSE - Sciences de l&#039;Enseignement et de la Formation\",\"isPartOf\":{\"@id\":\"https:\/\/web.umons.ac.be\/semf\/#website\"},\"primaryImageOfPage\":{\"@id\":\"https:\/\/web.umons.ac.be\/semf\/romain-beauset\/#primaryimage\"},\"image\":{\"@id\":\"https:\/\/web.umons.ac.be\/semf\/romain-beauset\/#primaryimage\"},\"thumbnailUrl\":\"https:\/\/web.umons.ac.be\/app\/uploads\/sites\/103\/2022\/09\/Beauset-150x150.jpg\",\"datePublished\":\"2021-12-13T10:01:38+00:00\",\"dateModified\":\"2022-09-22T15:02:40+00:00\",\"breadcrumb\":{\"@id\":\"https:\/\/web.umons.ac.be\/semf\/romain-beauset\/#breadcrumb\"},\"inLanguage\":\"fr-FR\",\"potentialAction\":[{\"@type\":\"ReadAction\",\"target\":[\"https:\/\/web.umons.ac.be\/semf\/romain-beauset\/\"]}]},{\"@type\":\"ImageObject\",\"inLanguage\":\"fr-FR\",\"@id\":\"https:\/\/web.umons.ac.be\/semf\/romain-beauset\/#primaryimage\",\"url\":\"https:\/\/web.umons.ac.be\/app\/uploads\/sites\/103\/2022\/09\/Beauset-150x150.jpg\",\"contentUrl\":\"https:\/\/web.umons.ac.be\/app\/uploads\/sites\/103\/2022\/09\/Beauset-150x150.jpg\"},{\"@type\":\"BreadcrumbList\",\"@id\":\"https:\/\/web.umons.ac.be\/semf\/romain-beauset\/#breadcrumb\",\"itemListElement\":[{\"@type\":\"ListItem\",\"position\":1,\"name\":\"Home\",\"item\":\"https:\/\/web.umons.ac.be\/semf\/\"},{\"@type\":\"ListItem\",\"position\":2,\"name\":\"Romain BEAUSET\"}]},{\"@type\":\"WebSite\",\"@id\":\"https:\/\/web.umons.ac.be\/semf\/#website\",\"url\":\"https:\/\/web.umons.ac.be\/semf\/\",\"name\":\"Service \/ FPSE - M\u00e9thodologie et formation\",\"description\":\"\",\"publisher\":{\"@id\":\"https:\/\/web.umons.ac.be\/semf\/#organization\"},\"potentialAction\":[{\"@type\":\"SearchAction\",\"target\":{\"@type\":\"EntryPoint\",\"urlTemplate\":\"https:\/\/web.umons.ac.be\/semf\/?s={search_term_string}\"},\"query-input\":{\"@type\":\"PropertyValueSpecification\",\"valueRequired\":true,\"valueName\":\"search_term_string\"}}],\"inLanguage\":\"fr-FR\"},{\"@type\":\"Organization\",\"@id\":\"https:\/\/web.umons.ac.be\/semf\/#organization\",\"name\":\"Service \/ FPSE - M\u00e9thodologie et formation\",\"url\":\"https:\/\/web.umons.ac.be\/semf\/\",\"logo\":{\"@type\":\"ImageObject\",\"inLanguage\":\"fr-FR\",\"@id\":\"https:\/\/web.umons.ac.be\/semf\/#\/schema\/logo\/image\/\",\"url\":\"https:\/\/web.umons.ac.be\/app\/uploads\/sites\/103\/2021\/11\/LOGOP316_Benoit-VANSCHOEBEKE.svg\",\"contentUrl\":\"https:\/\/web.umons.ac.be\/app\/uploads\/sites\/103\/2021\/11\/LOGOP316_Benoit-VANSCHOEBEKE.svg\",\"width\":1,\"height\":1,\"caption\":\"Service \/ FPSE - M\u00e9thodologie et formation\"},\"image\":{\"@id\":\"https:\/\/web.umons.ac.be\/semf\/#\/schema\/logo\/image\/\"}}]}<\/script>\n<!-- \/ Yoast SEO plugin. -->","yoast_head_json":{"title":"Romain BEAUSET - Service \/ FPSE - Sciences de l&#039;Enseignement et de la Formation","robots":{"index":"index","follow":"follow","max-snippet":"max-snippet:-1","max-image-preview":"max-image-preview:large","max-video-preview":"max-video-preview:-1"},"canonical":"https:\/\/web.umons.ac.be\/semf\/romain-beauset\/","og_locale":"fr_FR","og_type":"article","og_title":"Romain BEAUSET - Service \/ FPSE - Sciences de l&#039;Enseignement et de la Formation","og_description":"Titulaire d\u2019un bachelier AESI math\u00e9matiques (2016) et d\u2019un Master en Sciences de l\u2019Education \u00e0 finalit\u00e9 enseignement et apprentissages scolaires (2019), il a int\u00e9gr\u00e9 l\u2019Institut d\u2019Administration scolaire en mars 2018 pour poursuivre des travaux initi\u00e9s dans le cadre de son stage de Master I, consacr\u00e9s \u00e0 l\u2019identification et \u00e0 la validation de dispositifs et d\u2019outils p\u00e9dagogiques [&hellip;]","og_url":"https:\/\/web.umons.ac.be\/semf\/romain-beauset\/","og_site_name":"Service \/ FPSE - Sciences de l&#039;Enseignement et de la Formation","article_modified_time":"2022-09-22T15:02:40+00:00","og_image":[{"url":"https:\/\/web.umons.ac.be\/app\/uploads\/sites\/103\/2022\/09\/Beauset-150x150.jpg","type":"","width":"","height":""}],"twitter_card":"summary_large_image","twitter_misc":{"Dur\u00e9e de lecture estim\u00e9e":"1 minute"},"schema":{"@context":"https:\/\/schema.org","@graph":[{"@type":"WebPage","@id":"https:\/\/web.umons.ac.be\/semf\/romain-beauset\/","url":"https:\/\/web.umons.ac.be\/semf\/romain-beauset\/","name":"Romain BEAUSET - Service \/ FPSE - Sciences de l&#039;Enseignement et de la Formation","isPartOf":{"@id":"https:\/\/web.umons.ac.be\/semf\/#website"},"primaryImageOfPage":{"@id":"https:\/\/web.umons.ac.be\/semf\/romain-beauset\/#primaryimage"},"image":{"@id":"https:\/\/web.umons.ac.be\/semf\/romain-beauset\/#primaryimage"},"thumbnailUrl":"https:\/\/web.umons.ac.be\/app\/uploads\/sites\/103\/2022\/09\/Beauset-150x150.jpg","datePublished":"2021-12-13T10:01:38+00:00","dateModified":"2022-09-22T15:02:40+00:00","breadcrumb":{"@id":"https:\/\/web.umons.ac.be\/semf\/romain-beauset\/#breadcrumb"},"inLanguage":"fr-FR","potentialAction":[{"@type":"ReadAction","target":["https:\/\/web.umons.ac.be\/semf\/romain-beauset\/"]}]},{"@type":"ImageObject","inLanguage":"fr-FR","@id":"https:\/\/web.umons.ac.be\/semf\/romain-beauset\/#primaryimage","url":"https:\/\/web.umons.ac.be\/app\/uploads\/sites\/103\/2022\/09\/Beauset-150x150.jpg","contentUrl":"https:\/\/web.umons.ac.be\/app\/uploads\/sites\/103\/2022\/09\/Beauset-150x150.jpg"},{"@type":"BreadcrumbList","@id":"https:\/\/web.umons.ac.be\/semf\/romain-beauset\/#breadcrumb","itemListElement":[{"@type":"ListItem","position":1,"name":"Home","item":"https:\/\/web.umons.ac.be\/semf\/"},{"@type":"ListItem","position":2,"name":"Romain BEAUSET"}]},{"@type":"WebSite","@id":"https:\/\/web.umons.ac.be\/semf\/#website","url":"https:\/\/web.umons.ac.be\/semf\/","name":"Service \/ FPSE - M\u00e9thodologie et formation","description":"","publisher":{"@id":"https:\/\/web.umons.ac.be\/semf\/#organization"},"potentialAction":[{"@type":"SearchAction","target":{"@type":"EntryPoint","urlTemplate":"https:\/\/web.umons.ac.be\/semf\/?s={search_term_string}"},"query-input":{"@type":"PropertyValueSpecification","valueRequired":true,"valueName":"search_term_string"}}],"inLanguage":"fr-FR"},{"@type":"Organization","@id":"https:\/\/web.umons.ac.be\/semf\/#organization","name":"Service \/ FPSE - M\u00e9thodologie et formation","url":"https:\/\/web.umons.ac.be\/semf\/","logo":{"@type":"ImageObject","inLanguage":"fr-FR","@id":"https:\/\/web.umons.ac.be\/semf\/#\/schema\/logo\/image\/","url":"https:\/\/web.umons.ac.be\/app\/uploads\/sites\/103\/2021\/11\/LOGOP316_Benoit-VANSCHOEBEKE.svg","contentUrl":"https:\/\/web.umons.ac.be\/app\/uploads\/sites\/103\/2021\/11\/LOGOP316_Benoit-VANSCHOEBEKE.svg","width":1,"height":1,"caption":"Service \/ FPSE - M\u00e9thodologie et formation"},"image":{"@id":"https:\/\/web.umons.ac.be\/semf\/#\/schema\/logo\/image\/"}}]}},"lang":"fr","translations":{"fr":133},"pll_sync_post":[],"_links":{"self":[{"href":"https:\/\/web.umons.ac.be\/semf\/wp-json\/wp\/v2\/pages\/133","targetHints":{"allow":["GET"]}}],"collection":[{"href":"https:\/\/web.umons.ac.be\/semf\/wp-json\/wp\/v2\/pages"}],"about":[{"href":"https:\/\/web.umons.ac.be\/semf\/wp-json\/wp\/v2\/types\/page"}],"author":[{"embeddable":true,"href":"https:\/\/web.umons.ac.be\/semf\/wp-json\/wp\/v2\/users\/121"}],"replies":[{"embeddable":true,"href":"https:\/\/web.umons.ac.be\/semf\/wp-json\/wp\/v2\/comments?post=133"}],"version-history":[{"count":2,"href":"https:\/\/web.umons.ac.be\/semf\/wp-json\/wp\/v2\/pages\/133\/revisions"}],"predecessor-version":[{"id":694,"href":"https:\/\/web.umons.ac.be\/semf\/wp-json\/wp\/v2\/pages\/133\/revisions\/694"}],"wp:attachment":[{"href":"https:\/\/web.umons.ac.be\/semf\/wp-json\/wp\/v2\/media?parent=133"}],"curies":[{"name":"wp","href":"https:\/\/api.w.org\/{rel}","templated":true}]}}