{"id":135,"date":"2021-12-13T11:02:20","date_gmt":"2021-12-13T10:02:20","guid":{"rendered":"https:\/\/web.umons.ac.be\/semf\/?page_id=135"},"modified":"2023-03-17T09:46:13","modified_gmt":"2023-03-17T08:46:13","slug":"dr-damien-canzittu","status":"publish","type":"page","link":"https:\/\/web.umons.ac.be\/semf\/dr-damien-canzittu\/","title":{"rendered":"Dr. Damien CANZITTU"},"content":{"rendered":"<div class=\"welcomeImage\">\n<div id=\"ctl00_PlaceHolderMain_PageImage__ControlWrapper_RichImageField\"><span dir=\"\"><span style=\"font-size: 14px;\"><img loading=\"lazy\" decoding=\"async\" class=\"size-thumbnail wp-image-691 alignleft\" src=\"https:\/\/web.umons.ac.be\/app\/uploads\/sites\/103\/2022\/09\/CANZITTU_damien-150x150.jpg\" alt=\"\" width=\"150\" height=\"150\" srcset=\"https:\/\/web.umons.ac.be\/app\/uploads\/sites\/103\/2022\/09\/CANZITTU_damien-150x150.jpg 150w, https:\/\/web.umons.ac.be\/app\/uploads\/sites\/103\/2022\/09\/CANZITTU_damien-80x80.jpg 80w, https:\/\/web.umons.ac.be\/app\/uploads\/sites\/103\/2022\/09\/CANZITTU_damien-400x400.jpg 400w, https:\/\/web.umons.ac.be\/app\/uploads\/sites\/103\/2022\/09\/CANZITTU_damien-200x200.jpg 200w\" sizes=\"auto, (max-width: 150px) 100vw, 150px\" \/>D\u00e9tenteur d\u2019un master en Sciences de l\u2019Education (UMONS ; 2011) et professeur de fran\u00e7ais et de fran\u00e7ais langue \u00e9trang\u00e8re, Damien Canzittu a int\u00e9gr\u00e9 l\u2019INAS en ao\u00fbt 2010.\u00a0 Ses premi\u00e8res recherches ont port\u00e9 sur l\u2019analyse des situations d\u2019enseignement-apprentissage et plus particuli\u00e8rement sur l\u2019analyse de la variabilit\u00e9 didactique des enseignants ainsi que sur l\u2019analyse des programmes scolaires. Actuellement, ses travaux principaux concernent les questions d\u2019orientation scolaire et professionnelle et plus pr\u00e9cis\u00e9ment l\u2019impl\u00e9mentation d\u2019une approche \u00e9ducative de l\u2019orientation (approche orientante) au sein des \u00e9tablissements scolaires en Belgique francophone (F\u00e9d\u00e9ration Wallonie-Bruxelles). Concr\u00e8tement, ses actions visent \u00e0 la mise en projet orientant d\u2019\u00e9quipes p\u00e9dagogiques de l\u2019enseignement primaire et de l\u2019enseignement secondaire, sp\u00e9cialis\u00e9 et ordinaire, la cr\u00e9ation d\u2019outils orientants, mais \u00e9galement la conception d\u2019un cadre de de comp\u00e9tences vocationnelles. Ses recherches portent aussi sur l\u2019int\u00e9gration des concepts li\u00e9s au Life Design dans les pratiques \u00e9ducatives de l\u2019orientation tout au long de la vie.<\/span><\/span><\/div>\n<\/div>\n<div class=\"pageContent\">\n<div id=\"ctl00_PlaceHolderMain_Content__ControlWrapper_RichHtmlField\">\n<p><a title=\"\" href=\"https:\/\/orbi.umons.ac.be\/profile?uid=530755\" rel=\"noopener\">Liste des publications de Damien Canzittu (ORBi de l&rsquo;UMONS)<\/a><\/p>\n<\/div>\n<\/div>\n","protected":false},"excerpt":{"rendered":"<p>D\u00e9tenteur d\u2019un master en Sciences de l\u2019Education (UMONS ; 2011) et professeur de fran\u00e7ais et de fran\u00e7ais langue \u00e9trang\u00e8re, Damien Canzittu a int\u00e9gr\u00e9 l\u2019INAS en ao\u00fbt 2010.\u00a0 Ses premi\u00e8res recherches ont port\u00e9 sur l\u2019analyse des situations d\u2019enseignement-apprentissage et plus particuli\u00e8rement sur l\u2019analyse de la variabilit\u00e9 didactique des enseignants ainsi que sur l\u2019analyse des programmes scolaires. [&hellip;]<\/p>\n","protected":false},"author":121,"featured_media":0,"parent":0,"menu_order":0,"comment_status":"closed","ping_status":"closed","template":"","meta":{"footnotes":""},"class_list":["post-135","page","type-page","status-publish","hentry"],"yoast_head":"<!-- This site is optimized with the Yoast SEO plugin v27.2 - https:\/\/yoast.com\/product\/yoast-seo-wordpress\/ -->\n<title>Dr. Damien CANZITTU - Service \/ FPSE - Sciences de l&#039;Enseignement et de la Formation<\/title>\n<meta name=\"robots\" content=\"index, follow, max-snippet:-1, max-image-preview:large, max-video-preview:-1\" \/>\n<link rel=\"canonical\" href=\"https:\/\/web.umons.ac.be\/semf\/dr-damien-canzittu\/\" \/>\n<meta property=\"og:locale\" content=\"fr_FR\" \/>\n<meta property=\"og:type\" content=\"article\" \/>\n<meta property=\"og:title\" content=\"Dr. Damien CANZITTU - Service \/ FPSE - Sciences de l&#039;Enseignement et de la Formation\" \/>\n<meta property=\"og:description\" content=\"D\u00e9tenteur d\u2019un master en Sciences de l\u2019Education (UMONS ; 2011) et professeur de fran\u00e7ais et de fran\u00e7ais langue \u00e9trang\u00e8re, Damien Canzittu a int\u00e9gr\u00e9 l\u2019INAS en ao\u00fbt 2010.\u00a0 Ses premi\u00e8res recherches ont port\u00e9 sur l\u2019analyse des situations d\u2019enseignement-apprentissage et plus particuli\u00e8rement sur l\u2019analyse de la variabilit\u00e9 didactique des enseignants ainsi que sur l\u2019analyse des programmes scolaires. [&hellip;]\" \/>\n<meta property=\"og:url\" content=\"https:\/\/web.umons.ac.be\/semf\/dr-damien-canzittu\/\" \/>\n<meta property=\"og:site_name\" content=\"Service \/ FPSE - Sciences de l&#039;Enseignement et de la Formation\" \/>\n<meta property=\"article:modified_time\" content=\"2023-03-17T08:46:13+00:00\" \/>\n<meta property=\"og:image\" content=\"https:\/\/web.umons.ac.be\/app\/uploads\/sites\/103\/2022\/09\/CANZITTU_damien-150x150.jpg\" \/>\n<meta name=\"twitter:card\" content=\"summary_large_image\" \/>\n<meta name=\"twitter:label1\" content=\"Dur\u00e9e de lecture estim\u00e9e\" \/>\n\t<meta name=\"twitter:data1\" content=\"1 minute\" \/>\n<script type=\"application\/ld+json\" class=\"yoast-schema-graph\">{\"@context\":\"https:\/\/schema.org\",\"@graph\":[{\"@type\":\"WebPage\",\"@id\":\"https:\/\/web.umons.ac.be\/semf\/dr-damien-canzittu\/\",\"url\":\"https:\/\/web.umons.ac.be\/semf\/dr-damien-canzittu\/\",\"name\":\"Dr. Damien CANZITTU - Service \/ FPSE - Sciences de l&#039;Enseignement et de la Formation\",\"isPartOf\":{\"@id\":\"https:\/\/web.umons.ac.be\/semf\/#website\"},\"primaryImageOfPage\":{\"@id\":\"https:\/\/web.umons.ac.be\/semf\/dr-damien-canzittu\/#primaryimage\"},\"image\":{\"@id\":\"https:\/\/web.umons.ac.be\/semf\/dr-damien-canzittu\/#primaryimage\"},\"thumbnailUrl\":\"https:\/\/web.umons.ac.be\/app\/uploads\/sites\/103\/2022\/09\/CANZITTU_damien-150x150.jpg\",\"datePublished\":\"2021-12-13T10:02:20+00:00\",\"dateModified\":\"2023-03-17T08:46:13+00:00\",\"breadcrumb\":{\"@id\":\"https:\/\/web.umons.ac.be\/semf\/dr-damien-canzittu\/#breadcrumb\"},\"inLanguage\":\"fr-FR\",\"potentialAction\":[{\"@type\":\"ReadAction\",\"target\":[\"https:\/\/web.umons.ac.be\/semf\/dr-damien-canzittu\/\"]}]},{\"@type\":\"ImageObject\",\"inLanguage\":\"fr-FR\",\"@id\":\"https:\/\/web.umons.ac.be\/semf\/dr-damien-canzittu\/#primaryimage\",\"url\":\"https:\/\/web.umons.ac.be\/app\/uploads\/sites\/103\/2022\/09\/CANZITTU_damien-150x150.jpg\",\"contentUrl\":\"https:\/\/web.umons.ac.be\/app\/uploads\/sites\/103\/2022\/09\/CANZITTU_damien-150x150.jpg\"},{\"@type\":\"BreadcrumbList\",\"@id\":\"https:\/\/web.umons.ac.be\/semf\/dr-damien-canzittu\/#breadcrumb\",\"itemListElement\":[{\"@type\":\"ListItem\",\"position\":1,\"name\":\"Home\",\"item\":\"https:\/\/web.umons.ac.be\/semf\/\"},{\"@type\":\"ListItem\",\"position\":2,\"name\":\"Dr. Damien CANZITTU\"}]},{\"@type\":\"WebSite\",\"@id\":\"https:\/\/web.umons.ac.be\/semf\/#website\",\"url\":\"https:\/\/web.umons.ac.be\/semf\/\",\"name\":\"Service \/ FPSE - M\u00e9thodologie et formation\",\"description\":\"\",\"publisher\":{\"@id\":\"https:\/\/web.umons.ac.be\/semf\/#organization\"},\"potentialAction\":[{\"@type\":\"SearchAction\",\"target\":{\"@type\":\"EntryPoint\",\"urlTemplate\":\"https:\/\/web.umons.ac.be\/semf\/?s={search_term_string}\"},\"query-input\":{\"@type\":\"PropertyValueSpecification\",\"valueRequired\":true,\"valueName\":\"search_term_string\"}}],\"inLanguage\":\"fr-FR\"},{\"@type\":\"Organization\",\"@id\":\"https:\/\/web.umons.ac.be\/semf\/#organization\",\"name\":\"Service \/ FPSE - M\u00e9thodologie et formation\",\"url\":\"https:\/\/web.umons.ac.be\/semf\/\",\"logo\":{\"@type\":\"ImageObject\",\"inLanguage\":\"fr-FR\",\"@id\":\"https:\/\/web.umons.ac.be\/semf\/#\/schema\/logo\/image\/\",\"url\":\"https:\/\/web.umons.ac.be\/app\/uploads\/sites\/103\/2021\/11\/LOGOP316_Benoit-VANSCHOEBEKE.svg\",\"contentUrl\":\"https:\/\/web.umons.ac.be\/app\/uploads\/sites\/103\/2021\/11\/LOGOP316_Benoit-VANSCHOEBEKE.svg\",\"width\":1,\"height\":1,\"caption\":\"Service \/ FPSE - M\u00e9thodologie et formation\"},\"image\":{\"@id\":\"https:\/\/web.umons.ac.be\/semf\/#\/schema\/logo\/image\/\"}}]}<\/script>\n<!-- \/ Yoast SEO plugin. -->","yoast_head_json":{"title":"Dr. Damien CANZITTU - Service \/ FPSE - Sciences de l&#039;Enseignement et de la Formation","robots":{"index":"index","follow":"follow","max-snippet":"max-snippet:-1","max-image-preview":"max-image-preview:large","max-video-preview":"max-video-preview:-1"},"canonical":"https:\/\/web.umons.ac.be\/semf\/dr-damien-canzittu\/","og_locale":"fr_FR","og_type":"article","og_title":"Dr. Damien CANZITTU - Service \/ FPSE - Sciences de l&#039;Enseignement et de la Formation","og_description":"D\u00e9tenteur d\u2019un master en Sciences de l\u2019Education (UMONS ; 2011) et professeur de fran\u00e7ais et de fran\u00e7ais langue \u00e9trang\u00e8re, Damien Canzittu a int\u00e9gr\u00e9 l\u2019INAS en ao\u00fbt 2010.\u00a0 Ses premi\u00e8res recherches ont port\u00e9 sur l\u2019analyse des situations d\u2019enseignement-apprentissage et plus particuli\u00e8rement sur l\u2019analyse de la variabilit\u00e9 didactique des enseignants ainsi que sur l\u2019analyse des programmes scolaires. [&hellip;]","og_url":"https:\/\/web.umons.ac.be\/semf\/dr-damien-canzittu\/","og_site_name":"Service \/ FPSE - Sciences de l&#039;Enseignement et de la Formation","article_modified_time":"2023-03-17T08:46:13+00:00","og_image":[{"url":"https:\/\/web.umons.ac.be\/app\/uploads\/sites\/103\/2022\/09\/CANZITTU_damien-150x150.jpg","type":"","width":"","height":""}],"twitter_card":"summary_large_image","twitter_misc":{"Dur\u00e9e de lecture estim\u00e9e":"1 minute"},"schema":{"@context":"https:\/\/schema.org","@graph":[{"@type":"WebPage","@id":"https:\/\/web.umons.ac.be\/semf\/dr-damien-canzittu\/","url":"https:\/\/web.umons.ac.be\/semf\/dr-damien-canzittu\/","name":"Dr. Damien CANZITTU - Service \/ FPSE - Sciences de l&#039;Enseignement et de la Formation","isPartOf":{"@id":"https:\/\/web.umons.ac.be\/semf\/#website"},"primaryImageOfPage":{"@id":"https:\/\/web.umons.ac.be\/semf\/dr-damien-canzittu\/#primaryimage"},"image":{"@id":"https:\/\/web.umons.ac.be\/semf\/dr-damien-canzittu\/#primaryimage"},"thumbnailUrl":"https:\/\/web.umons.ac.be\/app\/uploads\/sites\/103\/2022\/09\/CANZITTU_damien-150x150.jpg","datePublished":"2021-12-13T10:02:20+00:00","dateModified":"2023-03-17T08:46:13+00:00","breadcrumb":{"@id":"https:\/\/web.umons.ac.be\/semf\/dr-damien-canzittu\/#breadcrumb"},"inLanguage":"fr-FR","potentialAction":[{"@type":"ReadAction","target":["https:\/\/web.umons.ac.be\/semf\/dr-damien-canzittu\/"]}]},{"@type":"ImageObject","inLanguage":"fr-FR","@id":"https:\/\/web.umons.ac.be\/semf\/dr-damien-canzittu\/#primaryimage","url":"https:\/\/web.umons.ac.be\/app\/uploads\/sites\/103\/2022\/09\/CANZITTU_damien-150x150.jpg","contentUrl":"https:\/\/web.umons.ac.be\/app\/uploads\/sites\/103\/2022\/09\/CANZITTU_damien-150x150.jpg"},{"@type":"BreadcrumbList","@id":"https:\/\/web.umons.ac.be\/semf\/dr-damien-canzittu\/#breadcrumb","itemListElement":[{"@type":"ListItem","position":1,"name":"Home","item":"https:\/\/web.umons.ac.be\/semf\/"},{"@type":"ListItem","position":2,"name":"Dr. Damien CANZITTU"}]},{"@type":"WebSite","@id":"https:\/\/web.umons.ac.be\/semf\/#website","url":"https:\/\/web.umons.ac.be\/semf\/","name":"Service \/ FPSE - M\u00e9thodologie et formation","description":"","publisher":{"@id":"https:\/\/web.umons.ac.be\/semf\/#organization"},"potentialAction":[{"@type":"SearchAction","target":{"@type":"EntryPoint","urlTemplate":"https:\/\/web.umons.ac.be\/semf\/?s={search_term_string}"},"query-input":{"@type":"PropertyValueSpecification","valueRequired":true,"valueName":"search_term_string"}}],"inLanguage":"fr-FR"},{"@type":"Organization","@id":"https:\/\/web.umons.ac.be\/semf\/#organization","name":"Service \/ FPSE - M\u00e9thodologie et formation","url":"https:\/\/web.umons.ac.be\/semf\/","logo":{"@type":"ImageObject","inLanguage":"fr-FR","@id":"https:\/\/web.umons.ac.be\/semf\/#\/schema\/logo\/image\/","url":"https:\/\/web.umons.ac.be\/app\/uploads\/sites\/103\/2021\/11\/LOGOP316_Benoit-VANSCHOEBEKE.svg","contentUrl":"https:\/\/web.umons.ac.be\/app\/uploads\/sites\/103\/2021\/11\/LOGOP316_Benoit-VANSCHOEBEKE.svg","width":1,"height":1,"caption":"Service \/ FPSE - M\u00e9thodologie et formation"},"image":{"@id":"https:\/\/web.umons.ac.be\/semf\/#\/schema\/logo\/image\/"}}]}},"lang":"fr","translations":{"fr":135},"pll_sync_post":[],"_links":{"self":[{"href":"https:\/\/web.umons.ac.be\/semf\/wp-json\/wp\/v2\/pages\/135","targetHints":{"allow":["GET"]}}],"collection":[{"href":"https:\/\/web.umons.ac.be\/semf\/wp-json\/wp\/v2\/pages"}],"about":[{"href":"https:\/\/web.umons.ac.be\/semf\/wp-json\/wp\/v2\/types\/page"}],"author":[{"embeddable":true,"href":"https:\/\/web.umons.ac.be\/semf\/wp-json\/wp\/v2\/users\/121"}],"replies":[{"embeddable":true,"href":"https:\/\/web.umons.ac.be\/semf\/wp-json\/wp\/v2\/comments?post=135"}],"version-history":[{"count":3,"href":"https:\/\/web.umons.ac.be\/semf\/wp-json\/wp\/v2\/pages\/135\/revisions"}],"predecessor-version":[{"id":1423,"href":"https:\/\/web.umons.ac.be\/semf\/wp-json\/wp\/v2\/pages\/135\/revisions\/1423"}],"wp:attachment":[{"href":"https:\/\/web.umons.ac.be\/semf\/wp-json\/wp\/v2\/media?parent=135"}],"curies":[{"name":"wp","href":"https:\/\/api.w.org\/{rel}","templated":true}]}}