{"id":137,"date":"2021-12-13T11:03:09","date_gmt":"2021-12-13T10:03:09","guid":{"rendered":"https:\/\/web.umons.ac.be\/semf\/?page_id=137"},"modified":"2023-09-21T11:31:03","modified_gmt":"2023-09-21T09:31:03","slug":"emilie-carosin","status":"publish","type":"page","link":"https:\/\/web.umons.ac.be\/semf\/emilie-carosin\/","title":{"rendered":"Dr. Emilie CAROSIN"},"content":{"rendered":"<div class=\"welcomeImage\"><\/div>\n<div class=\"pageContent\">\n<div id=\"ctl00_PlaceHolderMain_Content__ControlWrapper_RichHtmlField\">\n<p><img loading=\"lazy\" decoding=\"async\" class=\"size-thumbnail wp-image-1718 alignleft\" src=\"https:\/\/web.umons.ac.be\/app\/uploads\/sites\/103\/2023\/09\/CarosinEmilie-150x150.jpg\" alt=\"\" width=\"150\" height=\"150\" srcset=\"https:\/\/web.umons.ac.be\/app\/uploads\/sites\/103\/2023\/09\/CarosinEmilie-150x150.jpg 150w, https:\/\/web.umons.ac.be\/app\/uploads\/sites\/103\/2023\/09\/CarosinEmilie-80x80.jpg 80w, https:\/\/web.umons.ac.be\/app\/uploads\/sites\/103\/2023\/09\/CarosinEmilie-200x200.jpg 200w\" sizes=\"auto, (max-width: 150px) 100vw, 150px\" \/>\u00c9milie Carosin est titulaire d\u2019un Doctorat en sciences psychologiques et de l\u2019\u00e9ducation (Universit\u00e9 de Lyon). Dans le cadre de sa th\u00e8se, elle a travaill\u00e9 avec des animateurs et adolescents de centres \u00e9ducatifs non formels \u00e0 l\u2019Ile Maurice .<br \/>\nSes recherches portent sur le d\u00e9veloppement d\u2019outils p\u00e9dagogiques et d\u2019outils de suivi-\u00e9valuation de projets nationaux et europ\u00e9ens dans le secteur de l\u2019\u00e9ducation :<\/p>\n<p>&nbsp;<\/p>\n<ul>\n<li>le PECA et l\u2019approche \u00e9ducative de l\u2019orientation en F\u00e9d\u00e9ration Wallonie-Bruxelles et pour les pouvoirs organisateurs ;<\/li>\n<li>l\u2019ONISEP, la main \u00e0 la p\u00e2te, les Savanturiers et les Lieux d\u2019\u00c9ducation Associ\u00e9s \u00e0 l\u2019IFE, en France ;<\/li>\n<li>le R\u00e9seau Europ\u00e9en pour la sensibilisation \u00e0 l\u2019Op\u00e9ra et \u00e0 la Danse (RESEO) ; l\u2019association Terrain for Interactive Pedagogy through Arts (TIPA), \u00e0 l\u2019Ile Maurice.<\/li>\n<\/ul>\n<p><a title=\"\" href=\"https:\/\/orbi.umons.ac.be\/profile?uid=532924\" target=\"\" rel=\"noopener\">Liste des publications d&rsquo;Emilie Carosin (ORBI de l&rsquo;UMONS)<\/a><\/p>\n<\/div>\n<\/div>\n","protected":false},"excerpt":{"rendered":"<p>\u00c9milie Carosin est titulaire d\u2019un Doctorat en sciences psychologiques et de l\u2019\u00e9ducation (Universit\u00e9 de Lyon). Dans le cadre de sa th\u00e8se, elle a travaill\u00e9 avec des animateurs et adolescents de centres \u00e9ducatifs non formels \u00e0 l\u2019Ile Maurice . Ses recherches portent sur le d\u00e9veloppement d\u2019outils p\u00e9dagogiques et d\u2019outils de suivi-\u00e9valuation de projets nationaux et europ\u00e9ens [&hellip;]<\/p>\n","protected":false},"author":121,"featured_media":0,"parent":0,"menu_order":0,"comment_status":"closed","ping_status":"closed","template":"","meta":{"footnotes":""},"class_list":["post-137","page","type-page","status-publish","hentry"],"yoast_head":"<!-- This site is optimized with the Yoast SEO plugin v27.2 - https:\/\/yoast.com\/product\/yoast-seo-wordpress\/ -->\n<title>Dr. Emilie CAROSIN - Service \/ FPSE - Sciences de l&#039;Enseignement et de la Formation<\/title>\n<meta name=\"robots\" content=\"index, follow, max-snippet:-1, max-image-preview:large, max-video-preview:-1\" \/>\n<link rel=\"canonical\" href=\"https:\/\/web.umons.ac.be\/semf\/emilie-carosin\/\" \/>\n<meta property=\"og:locale\" content=\"fr_FR\" \/>\n<meta property=\"og:type\" content=\"article\" \/>\n<meta property=\"og:title\" content=\"Dr. Emilie CAROSIN - Service \/ FPSE - Sciences de l&#039;Enseignement et de la Formation\" \/>\n<meta property=\"og:description\" content=\"\u00c9milie Carosin est titulaire d\u2019un Doctorat en sciences psychologiques et de l\u2019\u00e9ducation (Universit\u00e9 de Lyon). Dans le cadre de sa th\u00e8se, elle a travaill\u00e9 avec des animateurs et adolescents de centres \u00e9ducatifs non formels \u00e0 l\u2019Ile Maurice . Ses recherches portent sur le d\u00e9veloppement d\u2019outils p\u00e9dagogiques et d\u2019outils de suivi-\u00e9valuation de projets nationaux et europ\u00e9ens [&hellip;]\" \/>\n<meta property=\"og:url\" content=\"https:\/\/web.umons.ac.be\/semf\/emilie-carosin\/\" \/>\n<meta property=\"og:site_name\" content=\"Service \/ FPSE - Sciences de l&#039;Enseignement et de la Formation\" \/>\n<meta property=\"article:modified_time\" content=\"2023-09-21T09:31:03+00:00\" \/>\n<meta property=\"og:image\" content=\"https:\/\/web.umons.ac.be\/app\/uploads\/sites\/103\/2023\/09\/CarosinEmilie-150x150.jpg\" \/>\n<meta name=\"twitter:card\" content=\"summary_large_image\" \/>\n<meta name=\"twitter:label1\" content=\"Dur\u00e9e de lecture estim\u00e9e\" \/>\n\t<meta name=\"twitter:data1\" content=\"1 minute\" \/>\n<script type=\"application\/ld+json\" class=\"yoast-schema-graph\">{\"@context\":\"https:\/\/schema.org\",\"@graph\":[{\"@type\":\"WebPage\",\"@id\":\"https:\/\/web.umons.ac.be\/semf\/emilie-carosin\/\",\"url\":\"https:\/\/web.umons.ac.be\/semf\/emilie-carosin\/\",\"name\":\"Dr. Emilie CAROSIN - Service \/ FPSE - Sciences de l&#039;Enseignement et de la Formation\",\"isPartOf\":{\"@id\":\"https:\/\/web.umons.ac.be\/semf\/#website\"},\"primaryImageOfPage\":{\"@id\":\"https:\/\/web.umons.ac.be\/semf\/emilie-carosin\/#primaryimage\"},\"image\":{\"@id\":\"https:\/\/web.umons.ac.be\/semf\/emilie-carosin\/#primaryimage\"},\"thumbnailUrl\":\"https:\/\/web.umons.ac.be\/app\/uploads\/sites\/103\/2023\/09\/CarosinEmilie-150x150.jpg\",\"datePublished\":\"2021-12-13T10:03:09+00:00\",\"dateModified\":\"2023-09-21T09:31:03+00:00\",\"breadcrumb\":{\"@id\":\"https:\/\/web.umons.ac.be\/semf\/emilie-carosin\/#breadcrumb\"},\"inLanguage\":\"fr-FR\",\"potentialAction\":[{\"@type\":\"ReadAction\",\"target\":[\"https:\/\/web.umons.ac.be\/semf\/emilie-carosin\/\"]}]},{\"@type\":\"ImageObject\",\"inLanguage\":\"fr-FR\",\"@id\":\"https:\/\/web.umons.ac.be\/semf\/emilie-carosin\/#primaryimage\",\"url\":\"https:\/\/web.umons.ac.be\/app\/uploads\/sites\/103\/2023\/09\/CarosinEmilie-150x150.jpg\",\"contentUrl\":\"https:\/\/web.umons.ac.be\/app\/uploads\/sites\/103\/2023\/09\/CarosinEmilie-150x150.jpg\"},{\"@type\":\"BreadcrumbList\",\"@id\":\"https:\/\/web.umons.ac.be\/semf\/emilie-carosin\/#breadcrumb\",\"itemListElement\":[{\"@type\":\"ListItem\",\"position\":1,\"name\":\"Home\",\"item\":\"https:\/\/web.umons.ac.be\/semf\/\"},{\"@type\":\"ListItem\",\"position\":2,\"name\":\"Dr. Emilie CAROSIN\"}]},{\"@type\":\"WebSite\",\"@id\":\"https:\/\/web.umons.ac.be\/semf\/#website\",\"url\":\"https:\/\/web.umons.ac.be\/semf\/\",\"name\":\"Service \/ FPSE - M\u00e9thodologie et formation\",\"description\":\"\",\"publisher\":{\"@id\":\"https:\/\/web.umons.ac.be\/semf\/#organization\"},\"potentialAction\":[{\"@type\":\"SearchAction\",\"target\":{\"@type\":\"EntryPoint\",\"urlTemplate\":\"https:\/\/web.umons.ac.be\/semf\/?s={search_term_string}\"},\"query-input\":{\"@type\":\"PropertyValueSpecification\",\"valueRequired\":true,\"valueName\":\"search_term_string\"}}],\"inLanguage\":\"fr-FR\"},{\"@type\":\"Organization\",\"@id\":\"https:\/\/web.umons.ac.be\/semf\/#organization\",\"name\":\"Service \/ FPSE - M\u00e9thodologie et formation\",\"url\":\"https:\/\/web.umons.ac.be\/semf\/\",\"logo\":{\"@type\":\"ImageObject\",\"inLanguage\":\"fr-FR\",\"@id\":\"https:\/\/web.umons.ac.be\/semf\/#\/schema\/logo\/image\/\",\"url\":\"https:\/\/web.umons.ac.be\/app\/uploads\/sites\/103\/2021\/11\/LOGOP316_Benoit-VANSCHOEBEKE.svg\",\"contentUrl\":\"https:\/\/web.umons.ac.be\/app\/uploads\/sites\/103\/2021\/11\/LOGOP316_Benoit-VANSCHOEBEKE.svg\",\"width\":1,\"height\":1,\"caption\":\"Service \/ FPSE - M\u00e9thodologie et formation\"},\"image\":{\"@id\":\"https:\/\/web.umons.ac.be\/semf\/#\/schema\/logo\/image\/\"}}]}<\/script>\n<!-- \/ Yoast SEO plugin. -->","yoast_head_json":{"title":"Dr. Emilie CAROSIN - Service \/ FPSE - Sciences de l&#039;Enseignement et de la Formation","robots":{"index":"index","follow":"follow","max-snippet":"max-snippet:-1","max-image-preview":"max-image-preview:large","max-video-preview":"max-video-preview:-1"},"canonical":"https:\/\/web.umons.ac.be\/semf\/emilie-carosin\/","og_locale":"fr_FR","og_type":"article","og_title":"Dr. Emilie CAROSIN - Service \/ FPSE - Sciences de l&#039;Enseignement et de la Formation","og_description":"\u00c9milie Carosin est titulaire d\u2019un Doctorat en sciences psychologiques et de l\u2019\u00e9ducation (Universit\u00e9 de Lyon). Dans le cadre de sa th\u00e8se, elle a travaill\u00e9 avec des animateurs et adolescents de centres \u00e9ducatifs non formels \u00e0 l\u2019Ile Maurice . Ses recherches portent sur le d\u00e9veloppement d\u2019outils p\u00e9dagogiques et d\u2019outils de suivi-\u00e9valuation de projets nationaux et europ\u00e9ens [&hellip;]","og_url":"https:\/\/web.umons.ac.be\/semf\/emilie-carosin\/","og_site_name":"Service \/ FPSE - Sciences de l&#039;Enseignement et de la Formation","article_modified_time":"2023-09-21T09:31:03+00:00","og_image":[{"url":"https:\/\/web.umons.ac.be\/app\/uploads\/sites\/103\/2023\/09\/CarosinEmilie-150x150.jpg","type":"","width":"","height":""}],"twitter_card":"summary_large_image","twitter_misc":{"Dur\u00e9e de lecture estim\u00e9e":"1 minute"},"schema":{"@context":"https:\/\/schema.org","@graph":[{"@type":"WebPage","@id":"https:\/\/web.umons.ac.be\/semf\/emilie-carosin\/","url":"https:\/\/web.umons.ac.be\/semf\/emilie-carosin\/","name":"Dr. Emilie CAROSIN - Service \/ FPSE - Sciences de l&#039;Enseignement et de la Formation","isPartOf":{"@id":"https:\/\/web.umons.ac.be\/semf\/#website"},"primaryImageOfPage":{"@id":"https:\/\/web.umons.ac.be\/semf\/emilie-carosin\/#primaryimage"},"image":{"@id":"https:\/\/web.umons.ac.be\/semf\/emilie-carosin\/#primaryimage"},"thumbnailUrl":"https:\/\/web.umons.ac.be\/app\/uploads\/sites\/103\/2023\/09\/CarosinEmilie-150x150.jpg","datePublished":"2021-12-13T10:03:09+00:00","dateModified":"2023-09-21T09:31:03+00:00","breadcrumb":{"@id":"https:\/\/web.umons.ac.be\/semf\/emilie-carosin\/#breadcrumb"},"inLanguage":"fr-FR","potentialAction":[{"@type":"ReadAction","target":["https:\/\/web.umons.ac.be\/semf\/emilie-carosin\/"]}]},{"@type":"ImageObject","inLanguage":"fr-FR","@id":"https:\/\/web.umons.ac.be\/semf\/emilie-carosin\/#primaryimage","url":"https:\/\/web.umons.ac.be\/app\/uploads\/sites\/103\/2023\/09\/CarosinEmilie-150x150.jpg","contentUrl":"https:\/\/web.umons.ac.be\/app\/uploads\/sites\/103\/2023\/09\/CarosinEmilie-150x150.jpg"},{"@type":"BreadcrumbList","@id":"https:\/\/web.umons.ac.be\/semf\/emilie-carosin\/#breadcrumb","itemListElement":[{"@type":"ListItem","position":1,"name":"Home","item":"https:\/\/web.umons.ac.be\/semf\/"},{"@type":"ListItem","position":2,"name":"Dr. Emilie CAROSIN"}]},{"@type":"WebSite","@id":"https:\/\/web.umons.ac.be\/semf\/#website","url":"https:\/\/web.umons.ac.be\/semf\/","name":"Service \/ FPSE - M\u00e9thodologie et formation","description":"","publisher":{"@id":"https:\/\/web.umons.ac.be\/semf\/#organization"},"potentialAction":[{"@type":"SearchAction","target":{"@type":"EntryPoint","urlTemplate":"https:\/\/web.umons.ac.be\/semf\/?s={search_term_string}"},"query-input":{"@type":"PropertyValueSpecification","valueRequired":true,"valueName":"search_term_string"}}],"inLanguage":"fr-FR"},{"@type":"Organization","@id":"https:\/\/web.umons.ac.be\/semf\/#organization","name":"Service \/ FPSE - M\u00e9thodologie et formation","url":"https:\/\/web.umons.ac.be\/semf\/","logo":{"@type":"ImageObject","inLanguage":"fr-FR","@id":"https:\/\/web.umons.ac.be\/semf\/#\/schema\/logo\/image\/","url":"https:\/\/web.umons.ac.be\/app\/uploads\/sites\/103\/2021\/11\/LOGOP316_Benoit-VANSCHOEBEKE.svg","contentUrl":"https:\/\/web.umons.ac.be\/app\/uploads\/sites\/103\/2021\/11\/LOGOP316_Benoit-VANSCHOEBEKE.svg","width":1,"height":1,"caption":"Service \/ FPSE - M\u00e9thodologie et formation"},"image":{"@id":"https:\/\/web.umons.ac.be\/semf\/#\/schema\/logo\/image\/"}}]}},"lang":"fr","translations":{"fr":137},"pll_sync_post":[],"_links":{"self":[{"href":"https:\/\/web.umons.ac.be\/semf\/wp-json\/wp\/v2\/pages\/137","targetHints":{"allow":["GET"]}}],"collection":[{"href":"https:\/\/web.umons.ac.be\/semf\/wp-json\/wp\/v2\/pages"}],"about":[{"href":"https:\/\/web.umons.ac.be\/semf\/wp-json\/wp\/v2\/types\/page"}],"author":[{"embeddable":true,"href":"https:\/\/web.umons.ac.be\/semf\/wp-json\/wp\/v2\/users\/121"}],"replies":[{"embeddable":true,"href":"https:\/\/web.umons.ac.be\/semf\/wp-json\/wp\/v2\/comments?post=137"}],"version-history":[{"count":4,"href":"https:\/\/web.umons.ac.be\/semf\/wp-json\/wp\/v2\/pages\/137\/revisions"}],"predecessor-version":[{"id":1720,"href":"https:\/\/web.umons.ac.be\/semf\/wp-json\/wp\/v2\/pages\/137\/revisions\/1720"}],"wp:attachment":[{"href":"https:\/\/web.umons.ac.be\/semf\/wp-json\/wp\/v2\/media?parent=137"}],"curies":[{"name":"wp","href":"https:\/\/api.w.org\/{rel}","templated":true}]}}