{"id":1374,"date":"2023-02-03T11:03:16","date_gmt":"2023-02-03T10:03:16","guid":{"rendered":"https:\/\/web.umons.ac.be\/semf\/?page_id=1374"},"modified":"2023-02-03T11:03:16","modified_gmt":"2023-02-03T10:03:16","slug":"laetitia-delbart","status":"publish","type":"page","link":"https:\/\/web.umons.ac.be\/semf\/laetitia-delbart\/","title":{"rendered":"La\u00ebtitia DELBART"},"content":{"rendered":"<p><img loading=\"lazy\" decoding=\"async\" class=\"wp-image-1375 size-thumbnail alignleft\" src=\"https:\/\/web.umons.ac.be\/app\/uploads\/sites\/103\/2023\/02\/DelbartLaetitia-150x150.jpg\" alt=\"\" width=\"150\" height=\"150\" srcset=\"https:\/\/web.umons.ac.be\/app\/uploads\/sites\/103\/2023\/02\/DelbartLaetitia-150x150.jpg 150w, https:\/\/web.umons.ac.be\/app\/uploads\/sites\/103\/2023\/02\/DelbartLaetitia-300x300.jpg 300w, https:\/\/web.umons.ac.be\/app\/uploads\/sites\/103\/2023\/02\/DelbartLaetitia-30x30.jpg 30w, https:\/\/web.umons.ac.be\/app\/uploads\/sites\/103\/2023\/02\/DelbartLaetitia-80x80.jpg 80w, https:\/\/web.umons.ac.be\/app\/uploads\/sites\/103\/2023\/02\/DelbartLaetitia-60x60.jpg 60w, https:\/\/web.umons.ac.be\/app\/uploads\/sites\/103\/2023\/02\/DelbartLaetitia-360x360.jpg 360w, https:\/\/web.umons.ac.be\/app\/uploads\/sites\/103\/2023\/02\/DelbartLaetitia-400x400.jpg 400w, https:\/\/web.umons.ac.be\/app\/uploads\/sites\/103\/2023\/02\/DelbartLaetitia-200x200.jpg 200w, https:\/\/web.umons.ac.be\/app\/uploads\/sites\/103\/2023\/02\/DelbartLaetitia.jpg 585w\" sizes=\"auto, (max-width: 150px) 100vw, 150px\" \/>La\u00ebtitia Delbart est titulaire d\u2019un bachelier en traduction et interpr\u00e9tation (2007), d\u2019un master en langues et litt\u00e9ratures modernes (2011) et d\u2019un master en sciences de l\u2019\u00e9ducation (2019). De 2011 \u00e0 2019, elle a travaill\u00e9 dans l\u2019enseignement obligatoire, principalement dans le secondaire sup\u00e9rieur, en tant que professeur de langues. En 2019, elle int\u00e8gre l\u2019UMONS en tant qu\u2019assistante \u00e0 l\u2019Ecole de Formation des Enseignants et \u00e0 la Facult\u00e9 de Psychologie et des Sciences de l\u2019Education (service des Sciences de l\u2019Enseignement et de la Formation). Depuis 2021, elle a entam\u00e9 une th\u00e8se portant sur la formation des enseignants \u00e0 la gestion des comportements en classe.<\/p>\n<p>La\u00ebtitia fait partie de l\u2019\u00e9quipe en charge de la formation des enseignants inscrits \u00e0 l\u2019agr\u00e9gation de l\u2019enseignement secondaire sup\u00e9rieur (AESS). Elle intervient \u00e9galement dans l\u2019encadrement de stages, de m\u00e9moires et de travaux pratiques dans le cadre du master en sciences de l\u2019\u00e9ducation.<\/p>\n<p><a href=\"https:\/\/orbi.umons.ac.be\/profile?uid=534971\">Publications de La\u00ebtitia Delbart (Orbi)<\/a><\/p>\n<p>&nbsp;<\/p>\n","protected":false},"excerpt":{"rendered":"<p>La\u00ebtitia Delbart est titulaire d\u2019un bachelier en traduction et interpr\u00e9tation (2007), d\u2019un master en langues et litt\u00e9ratures modernes (2011) et d\u2019un master en sciences de l\u2019\u00e9ducation (2019). De 2011 \u00e0 2019, elle a travaill\u00e9 dans l\u2019enseignement obligatoire, principalement dans le secondaire sup\u00e9rieur, en tant que professeur de langues. En 2019, elle int\u00e8gre l\u2019UMONS en tant [&hellip;]<\/p>\n","protected":false},"author":122,"featured_media":0,"parent":0,"menu_order":0,"comment_status":"closed","ping_status":"closed","template":"","meta":{"footnotes":""},"class_list":["post-1374","page","type-page","status-publish","hentry"],"yoast_head":"<!-- This site is optimized with the Yoast SEO plugin v27.2 - https:\/\/yoast.com\/product\/yoast-seo-wordpress\/ -->\n<title>La\u00ebtitia DELBART - Service \/ FPSE - Sciences de l&#039;Enseignement et de la Formation<\/title>\n<meta name=\"robots\" content=\"index, follow, max-snippet:-1, max-image-preview:large, max-video-preview:-1\" \/>\n<link rel=\"canonical\" href=\"https:\/\/web.umons.ac.be\/semf\/laetitia-delbart\/\" \/>\n<meta property=\"og:locale\" content=\"fr_FR\" \/>\n<meta property=\"og:type\" content=\"article\" \/>\n<meta property=\"og:title\" content=\"La\u00ebtitia DELBART - Service \/ FPSE - Sciences de l&#039;Enseignement et de la Formation\" \/>\n<meta property=\"og:description\" content=\"La\u00ebtitia Delbart est titulaire d\u2019un bachelier en traduction et interpr\u00e9tation (2007), d\u2019un master en langues et litt\u00e9ratures modernes (2011) et d\u2019un master en sciences de l\u2019\u00e9ducation (2019). De 2011 \u00e0 2019, elle a travaill\u00e9 dans l\u2019enseignement obligatoire, principalement dans le secondaire sup\u00e9rieur, en tant que professeur de langues. En 2019, elle int\u00e8gre l\u2019UMONS en tant [&hellip;]\" \/>\n<meta property=\"og:url\" content=\"https:\/\/web.umons.ac.be\/semf\/laetitia-delbart\/\" \/>\n<meta property=\"og:site_name\" content=\"Service \/ FPSE - Sciences de l&#039;Enseignement et de la Formation\" \/>\n<meta property=\"og:image\" content=\"https:\/\/web.umons.ac.be\/app\/uploads\/sites\/103\/2023\/02\/DelbartLaetitia-150x150.jpg\" \/>\n<meta name=\"twitter:card\" content=\"summary_large_image\" \/>\n<meta name=\"twitter:label1\" content=\"Dur\u00e9e de lecture estim\u00e9e\" \/>\n\t<meta name=\"twitter:data1\" content=\"1 minute\" \/>\n<script type=\"application\/ld+json\" class=\"yoast-schema-graph\">{\"@context\":\"https:\/\/schema.org\",\"@graph\":[{\"@type\":\"WebPage\",\"@id\":\"https:\/\/web.umons.ac.be\/semf\/laetitia-delbart\/\",\"url\":\"https:\/\/web.umons.ac.be\/semf\/laetitia-delbart\/\",\"name\":\"La\u00ebtitia DELBART - Service \/ FPSE - Sciences de l&#039;Enseignement et de la Formation\",\"isPartOf\":{\"@id\":\"https:\/\/web.umons.ac.be\/semf\/#website\"},\"primaryImageOfPage\":{\"@id\":\"https:\/\/web.umons.ac.be\/semf\/laetitia-delbart\/#primaryimage\"},\"image\":{\"@id\":\"https:\/\/web.umons.ac.be\/semf\/laetitia-delbart\/#primaryimage\"},\"thumbnailUrl\":\"https:\/\/web.umons.ac.be\/app\/uploads\/sites\/103\/2023\/02\/DelbartLaetitia-150x150.jpg\",\"datePublished\":\"2023-02-03T10:03:16+00:00\",\"breadcrumb\":{\"@id\":\"https:\/\/web.umons.ac.be\/semf\/laetitia-delbart\/#breadcrumb\"},\"inLanguage\":\"fr-FR\",\"potentialAction\":[{\"@type\":\"ReadAction\",\"target\":[\"https:\/\/web.umons.ac.be\/semf\/laetitia-delbart\/\"]}]},{\"@type\":\"ImageObject\",\"inLanguage\":\"fr-FR\",\"@id\":\"https:\/\/web.umons.ac.be\/semf\/laetitia-delbart\/#primaryimage\",\"url\":\"https:\/\/web.umons.ac.be\/app\/uploads\/sites\/103\/2023\/02\/DelbartLaetitia-150x150.jpg\",\"contentUrl\":\"https:\/\/web.umons.ac.be\/app\/uploads\/sites\/103\/2023\/02\/DelbartLaetitia-150x150.jpg\"},{\"@type\":\"BreadcrumbList\",\"@id\":\"https:\/\/web.umons.ac.be\/semf\/laetitia-delbart\/#breadcrumb\",\"itemListElement\":[{\"@type\":\"ListItem\",\"position\":1,\"name\":\"Home\",\"item\":\"https:\/\/web.umons.ac.be\/semf\/\"},{\"@type\":\"ListItem\",\"position\":2,\"name\":\"La\u00ebtitia DELBART\"}]},{\"@type\":\"WebSite\",\"@id\":\"https:\/\/web.umons.ac.be\/semf\/#website\",\"url\":\"https:\/\/web.umons.ac.be\/semf\/\",\"name\":\"Service \/ FPSE - M\u00e9thodologie et formation\",\"description\":\"\",\"publisher\":{\"@id\":\"https:\/\/web.umons.ac.be\/semf\/#organization\"},\"potentialAction\":[{\"@type\":\"SearchAction\",\"target\":{\"@type\":\"EntryPoint\",\"urlTemplate\":\"https:\/\/web.umons.ac.be\/semf\/?s={search_term_string}\"},\"query-input\":{\"@type\":\"PropertyValueSpecification\",\"valueRequired\":true,\"valueName\":\"search_term_string\"}}],\"inLanguage\":\"fr-FR\"},{\"@type\":\"Organization\",\"@id\":\"https:\/\/web.umons.ac.be\/semf\/#organization\",\"name\":\"Service \/ FPSE - M\u00e9thodologie et formation\",\"url\":\"https:\/\/web.umons.ac.be\/semf\/\",\"logo\":{\"@type\":\"ImageObject\",\"inLanguage\":\"fr-FR\",\"@id\":\"https:\/\/web.umons.ac.be\/semf\/#\/schema\/logo\/image\/\",\"url\":\"https:\/\/web.umons.ac.be\/app\/uploads\/sites\/103\/2021\/11\/LOGOP316_Benoit-VANSCHOEBEKE.svg\",\"contentUrl\":\"https:\/\/web.umons.ac.be\/app\/uploads\/sites\/103\/2021\/11\/LOGOP316_Benoit-VANSCHOEBEKE.svg\",\"width\":1,\"height\":1,\"caption\":\"Service \/ FPSE - M\u00e9thodologie et formation\"},\"image\":{\"@id\":\"https:\/\/web.umons.ac.be\/semf\/#\/schema\/logo\/image\/\"}}]}<\/script>\n<!-- \/ Yoast SEO plugin. -->","yoast_head_json":{"title":"La\u00ebtitia DELBART - Service \/ FPSE - Sciences de l&#039;Enseignement et de la Formation","robots":{"index":"index","follow":"follow","max-snippet":"max-snippet:-1","max-image-preview":"max-image-preview:large","max-video-preview":"max-video-preview:-1"},"canonical":"https:\/\/web.umons.ac.be\/semf\/laetitia-delbart\/","og_locale":"fr_FR","og_type":"article","og_title":"La\u00ebtitia DELBART - Service \/ FPSE - Sciences de l&#039;Enseignement et de la Formation","og_description":"La\u00ebtitia Delbart est titulaire d\u2019un bachelier en traduction et interpr\u00e9tation (2007), d\u2019un master en langues et litt\u00e9ratures modernes (2011) et d\u2019un master en sciences de l\u2019\u00e9ducation (2019). De 2011 \u00e0 2019, elle a travaill\u00e9 dans l\u2019enseignement obligatoire, principalement dans le secondaire sup\u00e9rieur, en tant que professeur de langues. En 2019, elle int\u00e8gre l\u2019UMONS en tant [&hellip;]","og_url":"https:\/\/web.umons.ac.be\/semf\/laetitia-delbart\/","og_site_name":"Service \/ FPSE - Sciences de l&#039;Enseignement et de la Formation","og_image":[{"url":"https:\/\/web.umons.ac.be\/app\/uploads\/sites\/103\/2023\/02\/DelbartLaetitia-150x150.jpg","type":"","width":"","height":""}],"twitter_card":"summary_large_image","twitter_misc":{"Dur\u00e9e de lecture estim\u00e9e":"1 minute"},"schema":{"@context":"https:\/\/schema.org","@graph":[{"@type":"WebPage","@id":"https:\/\/web.umons.ac.be\/semf\/laetitia-delbart\/","url":"https:\/\/web.umons.ac.be\/semf\/laetitia-delbart\/","name":"La\u00ebtitia DELBART - Service \/ FPSE - Sciences de l&#039;Enseignement et de la Formation","isPartOf":{"@id":"https:\/\/web.umons.ac.be\/semf\/#website"},"primaryImageOfPage":{"@id":"https:\/\/web.umons.ac.be\/semf\/laetitia-delbart\/#primaryimage"},"image":{"@id":"https:\/\/web.umons.ac.be\/semf\/laetitia-delbart\/#primaryimage"},"thumbnailUrl":"https:\/\/web.umons.ac.be\/app\/uploads\/sites\/103\/2023\/02\/DelbartLaetitia-150x150.jpg","datePublished":"2023-02-03T10:03:16+00:00","breadcrumb":{"@id":"https:\/\/web.umons.ac.be\/semf\/laetitia-delbart\/#breadcrumb"},"inLanguage":"fr-FR","potentialAction":[{"@type":"ReadAction","target":["https:\/\/web.umons.ac.be\/semf\/laetitia-delbart\/"]}]},{"@type":"ImageObject","inLanguage":"fr-FR","@id":"https:\/\/web.umons.ac.be\/semf\/laetitia-delbart\/#primaryimage","url":"https:\/\/web.umons.ac.be\/app\/uploads\/sites\/103\/2023\/02\/DelbartLaetitia-150x150.jpg","contentUrl":"https:\/\/web.umons.ac.be\/app\/uploads\/sites\/103\/2023\/02\/DelbartLaetitia-150x150.jpg"},{"@type":"BreadcrumbList","@id":"https:\/\/web.umons.ac.be\/semf\/laetitia-delbart\/#breadcrumb","itemListElement":[{"@type":"ListItem","position":1,"name":"Home","item":"https:\/\/web.umons.ac.be\/semf\/"},{"@type":"ListItem","position":2,"name":"La\u00ebtitia DELBART"}]},{"@type":"WebSite","@id":"https:\/\/web.umons.ac.be\/semf\/#website","url":"https:\/\/web.umons.ac.be\/semf\/","name":"Service \/ FPSE - M\u00e9thodologie et formation","description":"","publisher":{"@id":"https:\/\/web.umons.ac.be\/semf\/#organization"},"potentialAction":[{"@type":"SearchAction","target":{"@type":"EntryPoint","urlTemplate":"https:\/\/web.umons.ac.be\/semf\/?s={search_term_string}"},"query-input":{"@type":"PropertyValueSpecification","valueRequired":true,"valueName":"search_term_string"}}],"inLanguage":"fr-FR"},{"@type":"Organization","@id":"https:\/\/web.umons.ac.be\/semf\/#organization","name":"Service \/ FPSE - M\u00e9thodologie et formation","url":"https:\/\/web.umons.ac.be\/semf\/","logo":{"@type":"ImageObject","inLanguage":"fr-FR","@id":"https:\/\/web.umons.ac.be\/semf\/#\/schema\/logo\/image\/","url":"https:\/\/web.umons.ac.be\/app\/uploads\/sites\/103\/2021\/11\/LOGOP316_Benoit-VANSCHOEBEKE.svg","contentUrl":"https:\/\/web.umons.ac.be\/app\/uploads\/sites\/103\/2021\/11\/LOGOP316_Benoit-VANSCHOEBEKE.svg","width":1,"height":1,"caption":"Service \/ FPSE - M\u00e9thodologie et formation"},"image":{"@id":"https:\/\/web.umons.ac.be\/semf\/#\/schema\/logo\/image\/"}}]}},"lang":"fr","translations":{"fr":1374},"pll_sync_post":[],"_links":{"self":[{"href":"https:\/\/web.umons.ac.be\/semf\/wp-json\/wp\/v2\/pages\/1374","targetHints":{"allow":["GET"]}}],"collection":[{"href":"https:\/\/web.umons.ac.be\/semf\/wp-json\/wp\/v2\/pages"}],"about":[{"href":"https:\/\/web.umons.ac.be\/semf\/wp-json\/wp\/v2\/types\/page"}],"author":[{"embeddable":true,"href":"https:\/\/web.umons.ac.be\/semf\/wp-json\/wp\/v2\/users\/122"}],"replies":[{"embeddable":true,"href":"https:\/\/web.umons.ac.be\/semf\/wp-json\/wp\/v2\/comments?post=1374"}],"version-history":[{"count":1,"href":"https:\/\/web.umons.ac.be\/semf\/wp-json\/wp\/v2\/pages\/1374\/revisions"}],"predecessor-version":[{"id":1376,"href":"https:\/\/web.umons.ac.be\/semf\/wp-json\/wp\/v2\/pages\/1374\/revisions\/1376"}],"wp:attachment":[{"href":"https:\/\/web.umons.ac.be\/semf\/wp-json\/wp\/v2\/media?parent=1374"}],"curies":[{"name":"wp","href":"https:\/\/api.w.org\/{rel}","templated":true}]}}