{"id":143,"date":"2021-12-13T11:10:52","date_gmt":"2021-12-13T10:10:52","guid":{"rendered":"https:\/\/web.umons.ac.be\/semf\/?page_id=143"},"modified":"2021-12-13T11:10:53","modified_gmt":"2021-12-13T10:10:53","slug":"marie-beillet","status":"publish","type":"page","link":"https:\/\/web.umons.ac.be\/semf\/marie-beillet\/","title":{"rendered":"Marie BEILLET"},"content":{"rendered":"<div class=\"welcomeImage\">\n<div id=\"ctl00_PlaceHolderMain_PageImage__ControlWrapper_RichImageField\"><span dir=\"\"><img decoding=\"async\" class=\"alignleft\" src=\"https:\/\/sharepoint1.umons.ac.be\/FR\/universite\/facultes\/fpse\/serviceseetr\/methodo\/membres\/PublishingImages\/Marie-Beillet.jpg\" alt=\"\" width=\"101\" border=\"0\" \/><\/span><\/div>\n<\/div>\n<div class=\"pageContent\">\n<div id=\"ctl00_PlaceHolderMain_Content__ControlWrapper_RichHtmlField\">\n<p>Marie Beillet est titulaire d\u2019un Doctorat en Sciences psychologiques et de l\u2019Education (Universit\u00e9 de Mons) et en Sciences du langage (Universit\u00e9 d\u2019Arras) depuis 2016. Collaboratrice scientifique au sein de l&rsquo;INAS depuis 2011 et Charg\u00e9e de cours au sein de l\u2019Universit\u00e9 d\u2019Arras depuis septembre 2014, ses recherches portent sur l\u2019\u00e9valuation, la didactique du fran\u00e7ais sur objectif universitaire et l\u2019acculturation des \u00e9tudiants allophones au sein du syst\u00e8me universitaire fran\u00e7ais. Membre associ\u00e9e du laboratoire Grammatica, elle travaille \u00e9galement en collaboration avec la Chambre de Commerce et d\u2019Industrie de r\u00e9gion Paris Ile-de-France.<\/p>\n<p>&nbsp;<\/p>\n<\/div>\n<\/div>\n<p><a title=\"\" href=\"http:\/\/applications.umons.ac.be\/webappspub\/wsxmlpubs\/GetList.aspx?matricule=531147&amp;output=html\" target=\"\" rel=\"noopener\">Liste des publications de Marie Beillet (DI de l&rsquo;UMONS)<\/a><\/p>\n","protected":false},"excerpt":{"rendered":"<p>Marie Beillet est titulaire d\u2019un Doctorat en Sciences psychologiques et de l\u2019Education (Universit\u00e9 de Mons) et en Sciences du langage (Universit\u00e9 d\u2019Arras) depuis 2016. Collaboratrice scientifique au sein de l&rsquo;INAS depuis 2011 et Charg\u00e9e de cours au sein de l\u2019Universit\u00e9 d\u2019Arras depuis septembre 2014, ses recherches portent sur l\u2019\u00e9valuation, la didactique du fran\u00e7ais sur objectif [&hellip;]<\/p>\n","protected":false},"author":121,"featured_media":0,"parent":0,"menu_order":0,"comment_status":"closed","ping_status":"closed","template":"","meta":{"footnotes":""},"class_list":["post-143","page","type-page","status-publish","hentry"],"yoast_head":"<!-- This site is optimized with the Yoast SEO plugin v27.2 - https:\/\/yoast.com\/product\/yoast-seo-wordpress\/ -->\n<title>Marie BEILLET - Service \/ FPSE - Sciences de l&#039;Enseignement et de la Formation<\/title>\n<meta name=\"robots\" content=\"index, follow, max-snippet:-1, max-image-preview:large, max-video-preview:-1\" \/>\n<link rel=\"canonical\" href=\"https:\/\/web.umons.ac.be\/semf\/marie-beillet\/\" \/>\n<meta property=\"og:locale\" content=\"fr_FR\" \/>\n<meta property=\"og:type\" content=\"article\" \/>\n<meta property=\"og:title\" content=\"Marie BEILLET - Service \/ FPSE - Sciences de l&#039;Enseignement et de la Formation\" \/>\n<meta property=\"og:description\" content=\"Marie Beillet est titulaire d\u2019un Doctorat en Sciences psychologiques et de l\u2019Education (Universit\u00e9 de Mons) et en Sciences du langage (Universit\u00e9 d\u2019Arras) depuis 2016. Collaboratrice scientifique au sein de l&rsquo;INAS depuis 2011 et Charg\u00e9e de cours au sein de l\u2019Universit\u00e9 d\u2019Arras depuis septembre 2014, ses recherches portent sur l\u2019\u00e9valuation, la didactique du fran\u00e7ais sur objectif [&hellip;]\" \/>\n<meta property=\"og:url\" content=\"https:\/\/web.umons.ac.be\/semf\/marie-beillet\/\" \/>\n<meta property=\"og:site_name\" content=\"Service \/ FPSE - Sciences de l&#039;Enseignement et de la Formation\" \/>\n<meta property=\"article:modified_time\" content=\"2021-12-13T10:10:53+00:00\" \/>\n<meta property=\"og:image\" content=\"https:\/\/sharepoint1.umons.ac.be\/FR\/universite\/facultes\/fpse\/serviceseetr\/methodo\/membres\/PublishingImages\/Marie-Beillet.jpg\" \/>\n<meta name=\"twitter:card\" content=\"summary_large_image\" \/>\n<meta name=\"twitter:label1\" content=\"Dur\u00e9e de lecture estim\u00e9e\" \/>\n\t<meta name=\"twitter:data1\" content=\"1 minute\" \/>\n<script type=\"application\/ld+json\" class=\"yoast-schema-graph\">{\"@context\":\"https:\/\/schema.org\",\"@graph\":[{\"@type\":\"WebPage\",\"@id\":\"https:\/\/web.umons.ac.be\/semf\/marie-beillet\/\",\"url\":\"https:\/\/web.umons.ac.be\/semf\/marie-beillet\/\",\"name\":\"Marie BEILLET - Service \/ FPSE - Sciences de l&#039;Enseignement et de la Formation\",\"isPartOf\":{\"@id\":\"https:\/\/web.umons.ac.be\/semf\/#website\"},\"primaryImageOfPage\":{\"@id\":\"https:\/\/web.umons.ac.be\/semf\/marie-beillet\/#primaryimage\"},\"image\":{\"@id\":\"https:\/\/web.umons.ac.be\/semf\/marie-beillet\/#primaryimage\"},\"thumbnailUrl\":\"https:\/\/sharepoint1.umons.ac.be\/FR\/universite\/facultes\/fpse\/serviceseetr\/methodo\/membres\/PublishingImages\/Marie-Beillet.jpg\",\"datePublished\":\"2021-12-13T10:10:52+00:00\",\"dateModified\":\"2021-12-13T10:10:53+00:00\",\"breadcrumb\":{\"@id\":\"https:\/\/web.umons.ac.be\/semf\/marie-beillet\/#breadcrumb\"},\"inLanguage\":\"fr-FR\",\"potentialAction\":[{\"@type\":\"ReadAction\",\"target\":[\"https:\/\/web.umons.ac.be\/semf\/marie-beillet\/\"]}]},{\"@type\":\"ImageObject\",\"inLanguage\":\"fr-FR\",\"@id\":\"https:\/\/web.umons.ac.be\/semf\/marie-beillet\/#primaryimage\",\"url\":\"https:\/\/sharepoint1.umons.ac.be\/FR\/universite\/facultes\/fpse\/serviceseetr\/methodo\/membres\/PublishingImages\/Marie-Beillet.jpg\",\"contentUrl\":\"https:\/\/sharepoint1.umons.ac.be\/FR\/universite\/facultes\/fpse\/serviceseetr\/methodo\/membres\/PublishingImages\/Marie-Beillet.jpg\"},{\"@type\":\"BreadcrumbList\",\"@id\":\"https:\/\/web.umons.ac.be\/semf\/marie-beillet\/#breadcrumb\",\"itemListElement\":[{\"@type\":\"ListItem\",\"position\":1,\"name\":\"Home\",\"item\":\"https:\/\/web.umons.ac.be\/semf\/\"},{\"@type\":\"ListItem\",\"position\":2,\"name\":\"Marie BEILLET\"}]},{\"@type\":\"WebSite\",\"@id\":\"https:\/\/web.umons.ac.be\/semf\/#website\",\"url\":\"https:\/\/web.umons.ac.be\/semf\/\",\"name\":\"Service \/ FPSE - M\u00e9thodologie et formation\",\"description\":\"\",\"publisher\":{\"@id\":\"https:\/\/web.umons.ac.be\/semf\/#organization\"},\"potentialAction\":[{\"@type\":\"SearchAction\",\"target\":{\"@type\":\"EntryPoint\",\"urlTemplate\":\"https:\/\/web.umons.ac.be\/semf\/?s={search_term_string}\"},\"query-input\":{\"@type\":\"PropertyValueSpecification\",\"valueRequired\":true,\"valueName\":\"search_term_string\"}}],\"inLanguage\":\"fr-FR\"},{\"@type\":\"Organization\",\"@id\":\"https:\/\/web.umons.ac.be\/semf\/#organization\",\"name\":\"Service \/ FPSE - M\u00e9thodologie et formation\",\"url\":\"https:\/\/web.umons.ac.be\/semf\/\",\"logo\":{\"@type\":\"ImageObject\",\"inLanguage\":\"fr-FR\",\"@id\":\"https:\/\/web.umons.ac.be\/semf\/#\/schema\/logo\/image\/\",\"url\":\"https:\/\/web.umons.ac.be\/app\/uploads\/sites\/103\/2021\/11\/LOGOP316_Benoit-VANSCHOEBEKE.svg\",\"contentUrl\":\"https:\/\/web.umons.ac.be\/app\/uploads\/sites\/103\/2021\/11\/LOGOP316_Benoit-VANSCHOEBEKE.svg\",\"width\":1,\"height\":1,\"caption\":\"Service \/ FPSE - M\u00e9thodologie et formation\"},\"image\":{\"@id\":\"https:\/\/web.umons.ac.be\/semf\/#\/schema\/logo\/image\/\"}}]}<\/script>\n<!-- \/ Yoast SEO plugin. -->","yoast_head_json":{"title":"Marie BEILLET - Service \/ FPSE - Sciences de l&#039;Enseignement et de la Formation","robots":{"index":"index","follow":"follow","max-snippet":"max-snippet:-1","max-image-preview":"max-image-preview:large","max-video-preview":"max-video-preview:-1"},"canonical":"https:\/\/web.umons.ac.be\/semf\/marie-beillet\/","og_locale":"fr_FR","og_type":"article","og_title":"Marie BEILLET - Service \/ FPSE - Sciences de l&#039;Enseignement et de la Formation","og_description":"Marie Beillet est titulaire d\u2019un Doctorat en Sciences psychologiques et de l\u2019Education (Universit\u00e9 de Mons) et en Sciences du langage (Universit\u00e9 d\u2019Arras) depuis 2016. Collaboratrice scientifique au sein de l&rsquo;INAS depuis 2011 et Charg\u00e9e de cours au sein de l\u2019Universit\u00e9 d\u2019Arras depuis septembre 2014, ses recherches portent sur l\u2019\u00e9valuation, la didactique du fran\u00e7ais sur objectif [&hellip;]","og_url":"https:\/\/web.umons.ac.be\/semf\/marie-beillet\/","og_site_name":"Service \/ FPSE - Sciences de l&#039;Enseignement et de la Formation","article_modified_time":"2021-12-13T10:10:53+00:00","og_image":[{"url":"https:\/\/sharepoint1.umons.ac.be\/FR\/universite\/facultes\/fpse\/serviceseetr\/methodo\/membres\/PublishingImages\/Marie-Beillet.jpg","type":"","width":"","height":""}],"twitter_card":"summary_large_image","twitter_misc":{"Dur\u00e9e de lecture estim\u00e9e":"1 minute"},"schema":{"@context":"https:\/\/schema.org","@graph":[{"@type":"WebPage","@id":"https:\/\/web.umons.ac.be\/semf\/marie-beillet\/","url":"https:\/\/web.umons.ac.be\/semf\/marie-beillet\/","name":"Marie BEILLET - Service \/ FPSE - Sciences de l&#039;Enseignement et de la Formation","isPartOf":{"@id":"https:\/\/web.umons.ac.be\/semf\/#website"},"primaryImageOfPage":{"@id":"https:\/\/web.umons.ac.be\/semf\/marie-beillet\/#primaryimage"},"image":{"@id":"https:\/\/web.umons.ac.be\/semf\/marie-beillet\/#primaryimage"},"thumbnailUrl":"https:\/\/sharepoint1.umons.ac.be\/FR\/universite\/facultes\/fpse\/serviceseetr\/methodo\/membres\/PublishingImages\/Marie-Beillet.jpg","datePublished":"2021-12-13T10:10:52+00:00","dateModified":"2021-12-13T10:10:53+00:00","breadcrumb":{"@id":"https:\/\/web.umons.ac.be\/semf\/marie-beillet\/#breadcrumb"},"inLanguage":"fr-FR","potentialAction":[{"@type":"ReadAction","target":["https:\/\/web.umons.ac.be\/semf\/marie-beillet\/"]}]},{"@type":"ImageObject","inLanguage":"fr-FR","@id":"https:\/\/web.umons.ac.be\/semf\/marie-beillet\/#primaryimage","url":"https:\/\/sharepoint1.umons.ac.be\/FR\/universite\/facultes\/fpse\/serviceseetr\/methodo\/membres\/PublishingImages\/Marie-Beillet.jpg","contentUrl":"https:\/\/sharepoint1.umons.ac.be\/FR\/universite\/facultes\/fpse\/serviceseetr\/methodo\/membres\/PublishingImages\/Marie-Beillet.jpg"},{"@type":"BreadcrumbList","@id":"https:\/\/web.umons.ac.be\/semf\/marie-beillet\/#breadcrumb","itemListElement":[{"@type":"ListItem","position":1,"name":"Home","item":"https:\/\/web.umons.ac.be\/semf\/"},{"@type":"ListItem","position":2,"name":"Marie BEILLET"}]},{"@type":"WebSite","@id":"https:\/\/web.umons.ac.be\/semf\/#website","url":"https:\/\/web.umons.ac.be\/semf\/","name":"Service \/ FPSE - M\u00e9thodologie et formation","description":"","publisher":{"@id":"https:\/\/web.umons.ac.be\/semf\/#organization"},"potentialAction":[{"@type":"SearchAction","target":{"@type":"EntryPoint","urlTemplate":"https:\/\/web.umons.ac.be\/semf\/?s={search_term_string}"},"query-input":{"@type":"PropertyValueSpecification","valueRequired":true,"valueName":"search_term_string"}}],"inLanguage":"fr-FR"},{"@type":"Organization","@id":"https:\/\/web.umons.ac.be\/semf\/#organization","name":"Service \/ FPSE - M\u00e9thodologie et formation","url":"https:\/\/web.umons.ac.be\/semf\/","logo":{"@type":"ImageObject","inLanguage":"fr-FR","@id":"https:\/\/web.umons.ac.be\/semf\/#\/schema\/logo\/image\/","url":"https:\/\/web.umons.ac.be\/app\/uploads\/sites\/103\/2021\/11\/LOGOP316_Benoit-VANSCHOEBEKE.svg","contentUrl":"https:\/\/web.umons.ac.be\/app\/uploads\/sites\/103\/2021\/11\/LOGOP316_Benoit-VANSCHOEBEKE.svg","width":1,"height":1,"caption":"Service \/ FPSE - M\u00e9thodologie et formation"},"image":{"@id":"https:\/\/web.umons.ac.be\/semf\/#\/schema\/logo\/image\/"}}]}},"lang":"fr","translations":{"fr":143},"pll_sync_post":[],"_links":{"self":[{"href":"https:\/\/web.umons.ac.be\/semf\/wp-json\/wp\/v2\/pages\/143","targetHints":{"allow":["GET"]}}],"collection":[{"href":"https:\/\/web.umons.ac.be\/semf\/wp-json\/wp\/v2\/pages"}],"about":[{"href":"https:\/\/web.umons.ac.be\/semf\/wp-json\/wp\/v2\/types\/page"}],"author":[{"embeddable":true,"href":"https:\/\/web.umons.ac.be\/semf\/wp-json\/wp\/v2\/users\/121"}],"replies":[{"embeddable":true,"href":"https:\/\/web.umons.ac.be\/semf\/wp-json\/wp\/v2\/comments?post=143"}],"version-history":[{"count":1,"href":"https:\/\/web.umons.ac.be\/semf\/wp-json\/wp\/v2\/pages\/143\/revisions"}],"predecessor-version":[{"id":144,"href":"https:\/\/web.umons.ac.be\/semf\/wp-json\/wp\/v2\/pages\/143\/revisions\/144"}],"wp:attachment":[{"href":"https:\/\/web.umons.ac.be\/semf\/wp-json\/wp\/v2\/media?parent=143"}],"curies":[{"name":"wp","href":"https:\/\/api.w.org\/{rel}","templated":true}]}}