{"id":147,"date":"2021-12-13T11:14:46","date_gmt":"2021-12-13T10:14:46","guid":{"rendered":"https:\/\/web.umons.ac.be\/semf\/?page_id=147"},"modified":"2021-12-13T11:27:10","modified_gmt":"2021-12-13T10:27:10","slug":"elodie-houssin","status":"publish","type":"page","link":"https:\/\/web.umons.ac.be\/semf\/elodie-houssin\/","title":{"rendered":"Elodie HOUSSIN"},"content":{"rendered":"<div class=\"welcomeImage\">\n<div id=\"ctl00_PlaceHolderMain_PageImage__ControlWrapper_RichImageField\"><span dir=\"\"><img loading=\"lazy\" decoding=\"async\" class=\"alignleft\" src=\"https:\/\/sharepoint1.umons.ac.be\/FR\/universite\/facultes\/fpse\/serviceseetr\/methodo\/membres\/PublishingImages\/HoussinEmilie.jpg\" alt=\"\" width=\"146\" height=\"121\" border=\"0\" \/><\/span><\/div>\n<\/div>\n<div class=\"pageContent\">\n<div id=\"ctl00_PlaceHolderMain_Content__ControlWrapper_RichHtmlField\">\n<p>Titulaire d\u2019un bachelier d\u2019institutrice primaire (2007), Elodie Houssin a principalement enseign\u00e9 dans des classes du degr\u00e9 inf\u00e9rieur de l\u2019enseignement primaire de 2007 \u00e0 2019. \u00c9galement titulaire d\u2019un Master en Sciences de l\u2019Education (2019), elle a int\u00e9gr\u00e9 l\u2019Institut d\u2019Administration scolaire en ao\u00fbt 2019 pour poursuivre ses travaux initi\u00e9s lors de son m\u00e9moire de Master et lors de son stage de Master 2. Ceux-ci \u00e9taient consacr\u00e9s \u00e0 l\u2019enseignement du savoir lire au d\u00e9but de l&rsquo;enseignement primaire. Dans ce cadre, elle a analys\u00e9 les orientations m\u00e9thodologiques fournies par les programmes d\u2019\u00e9tudes (approuv\u00e9s par la F\u00e9d\u00e9ration Wallonie-Bruxelles) au niveau de l\u2019apprentissage de la lecture. Elle a \u00e9galement construit une grille pour analyser les manuels de lecture en rep\u00e9rant leurs aspects techniques et didactiques.<\/p>\n<p>Ses travaux actuels s\u2019\u00e9tendent vers la formation initiale des enseignants.\u00a0 L\u2019apprentissage de la lecture restant une pr\u00e9occupation s\u00e9rieuse pour notre syst\u00e8me \u00e9ducatif, elle s\u2019int\u00e9resse \u00e0 la transmission des connaissances scientifiques vers les enseignants, notamment au niveau des pratiques p\u00e9dagogiques efficaces et des outils tels que les manuels, les logiciels et les programmes.<\/p>\n<\/div>\n<\/div>\n","protected":false},"excerpt":{"rendered":"<p>Titulaire d\u2019un bachelier d\u2019institutrice primaire (2007), Elodie Houssin a principalement enseign\u00e9 dans des classes du degr\u00e9 inf\u00e9rieur de l\u2019enseignement primaire de 2007 \u00e0 2019. \u00c9galement titulaire d\u2019un Master en Sciences de l\u2019Education (2019), elle a int\u00e9gr\u00e9 l\u2019Institut d\u2019Administration scolaire en ao\u00fbt 2019 pour poursuivre ses travaux initi\u00e9s lors de son m\u00e9moire de Master et lors [&hellip;]<\/p>\n","protected":false},"author":121,"featured_media":0,"parent":0,"menu_order":0,"comment_status":"closed","ping_status":"closed","template":"","meta":{"footnotes":""},"class_list":["post-147","page","type-page","status-publish","hentry"],"yoast_head":"<!-- This site is optimized with the Yoast SEO plugin v27.2 - https:\/\/yoast.com\/product\/yoast-seo-wordpress\/ -->\n<title>Elodie HOUSSIN - Service \/ FPSE - Sciences de l&#039;Enseignement et de la Formation<\/title>\n<meta name=\"robots\" content=\"index, follow, max-snippet:-1, max-image-preview:large, max-video-preview:-1\" \/>\n<link rel=\"canonical\" href=\"https:\/\/web.umons.ac.be\/semf\/elodie-houssin\/\" \/>\n<meta property=\"og:locale\" content=\"fr_FR\" \/>\n<meta property=\"og:type\" content=\"article\" \/>\n<meta property=\"og:title\" content=\"Elodie HOUSSIN - Service \/ FPSE - Sciences de l&#039;Enseignement et de la Formation\" \/>\n<meta property=\"og:description\" content=\"Titulaire d\u2019un bachelier d\u2019institutrice primaire (2007), Elodie Houssin a principalement enseign\u00e9 dans des classes du degr\u00e9 inf\u00e9rieur de l\u2019enseignement primaire de 2007 \u00e0 2019. \u00c9galement titulaire d\u2019un Master en Sciences de l\u2019Education (2019), elle a int\u00e9gr\u00e9 l\u2019Institut d\u2019Administration scolaire en ao\u00fbt 2019 pour poursuivre ses travaux initi\u00e9s lors de son m\u00e9moire de Master et lors [&hellip;]\" \/>\n<meta property=\"og:url\" content=\"https:\/\/web.umons.ac.be\/semf\/elodie-houssin\/\" \/>\n<meta property=\"og:site_name\" content=\"Service \/ FPSE - Sciences de l&#039;Enseignement et de la Formation\" \/>\n<meta property=\"article:modified_time\" content=\"2021-12-13T10:27:10+00:00\" \/>\n<meta property=\"og:image\" content=\"https:\/\/sharepoint1.umons.ac.be\/FR\/universite\/facultes\/fpse\/serviceseetr\/methodo\/membres\/PublishingImages\/HoussinEmilie.jpg\" \/>\n<meta name=\"twitter:card\" content=\"summary_large_image\" \/>\n<meta name=\"twitter:label1\" content=\"Dur\u00e9e de lecture estim\u00e9e\" \/>\n\t<meta name=\"twitter:data1\" content=\"1 minute\" \/>\n<script type=\"application\/ld+json\" class=\"yoast-schema-graph\">{\"@context\":\"https:\/\/schema.org\",\"@graph\":[{\"@type\":\"WebPage\",\"@id\":\"https:\/\/web.umons.ac.be\/semf\/elodie-houssin\/\",\"url\":\"https:\/\/web.umons.ac.be\/semf\/elodie-houssin\/\",\"name\":\"Elodie HOUSSIN - Service \/ FPSE - Sciences de l&#039;Enseignement et de la Formation\",\"isPartOf\":{\"@id\":\"https:\/\/web.umons.ac.be\/semf\/#website\"},\"primaryImageOfPage\":{\"@id\":\"https:\/\/web.umons.ac.be\/semf\/elodie-houssin\/#primaryimage\"},\"image\":{\"@id\":\"https:\/\/web.umons.ac.be\/semf\/elodie-houssin\/#primaryimage\"},\"thumbnailUrl\":\"https:\/\/sharepoint1.umons.ac.be\/FR\/universite\/facultes\/fpse\/serviceseetr\/methodo\/membres\/PublishingImages\/HoussinEmilie.jpg\",\"datePublished\":\"2021-12-13T10:14:46+00:00\",\"dateModified\":\"2021-12-13T10:27:10+00:00\",\"breadcrumb\":{\"@id\":\"https:\/\/web.umons.ac.be\/semf\/elodie-houssin\/#breadcrumb\"},\"inLanguage\":\"fr-FR\",\"potentialAction\":[{\"@type\":\"ReadAction\",\"target\":[\"https:\/\/web.umons.ac.be\/semf\/elodie-houssin\/\"]}]},{\"@type\":\"ImageObject\",\"inLanguage\":\"fr-FR\",\"@id\":\"https:\/\/web.umons.ac.be\/semf\/elodie-houssin\/#primaryimage\",\"url\":\"https:\/\/sharepoint1.umons.ac.be\/FR\/universite\/facultes\/fpse\/serviceseetr\/methodo\/membres\/PublishingImages\/HoussinEmilie.jpg\",\"contentUrl\":\"https:\/\/sharepoint1.umons.ac.be\/FR\/universite\/facultes\/fpse\/serviceseetr\/methodo\/membres\/PublishingImages\/HoussinEmilie.jpg\"},{\"@type\":\"BreadcrumbList\",\"@id\":\"https:\/\/web.umons.ac.be\/semf\/elodie-houssin\/#breadcrumb\",\"itemListElement\":[{\"@type\":\"ListItem\",\"position\":1,\"name\":\"Home\",\"item\":\"https:\/\/web.umons.ac.be\/semf\/\"},{\"@type\":\"ListItem\",\"position\":2,\"name\":\"Elodie HOUSSIN\"}]},{\"@type\":\"WebSite\",\"@id\":\"https:\/\/web.umons.ac.be\/semf\/#website\",\"url\":\"https:\/\/web.umons.ac.be\/semf\/\",\"name\":\"Service \/ FPSE - M\u00e9thodologie et formation\",\"description\":\"\",\"publisher\":{\"@id\":\"https:\/\/web.umons.ac.be\/semf\/#organization\"},\"potentialAction\":[{\"@type\":\"SearchAction\",\"target\":{\"@type\":\"EntryPoint\",\"urlTemplate\":\"https:\/\/web.umons.ac.be\/semf\/?s={search_term_string}\"},\"query-input\":{\"@type\":\"PropertyValueSpecification\",\"valueRequired\":true,\"valueName\":\"search_term_string\"}}],\"inLanguage\":\"fr-FR\"},{\"@type\":\"Organization\",\"@id\":\"https:\/\/web.umons.ac.be\/semf\/#organization\",\"name\":\"Service \/ FPSE - M\u00e9thodologie et formation\",\"url\":\"https:\/\/web.umons.ac.be\/semf\/\",\"logo\":{\"@type\":\"ImageObject\",\"inLanguage\":\"fr-FR\",\"@id\":\"https:\/\/web.umons.ac.be\/semf\/#\/schema\/logo\/image\/\",\"url\":\"https:\/\/web.umons.ac.be\/app\/uploads\/sites\/103\/2021\/11\/LOGOP316_Benoit-VANSCHOEBEKE.svg\",\"contentUrl\":\"https:\/\/web.umons.ac.be\/app\/uploads\/sites\/103\/2021\/11\/LOGOP316_Benoit-VANSCHOEBEKE.svg\",\"width\":1,\"height\":1,\"caption\":\"Service \/ FPSE - M\u00e9thodologie et formation\"},\"image\":{\"@id\":\"https:\/\/web.umons.ac.be\/semf\/#\/schema\/logo\/image\/\"}}]}<\/script>\n<!-- \/ Yoast SEO plugin. -->","yoast_head_json":{"title":"Elodie HOUSSIN - Service \/ FPSE - Sciences de l&#039;Enseignement et de la Formation","robots":{"index":"index","follow":"follow","max-snippet":"max-snippet:-1","max-image-preview":"max-image-preview:large","max-video-preview":"max-video-preview:-1"},"canonical":"https:\/\/web.umons.ac.be\/semf\/elodie-houssin\/","og_locale":"fr_FR","og_type":"article","og_title":"Elodie HOUSSIN - Service \/ FPSE - Sciences de l&#039;Enseignement et de la Formation","og_description":"Titulaire d\u2019un bachelier d\u2019institutrice primaire (2007), Elodie Houssin a principalement enseign\u00e9 dans des classes du degr\u00e9 inf\u00e9rieur de l\u2019enseignement primaire de 2007 \u00e0 2019. \u00c9galement titulaire d\u2019un Master en Sciences de l\u2019Education (2019), elle a int\u00e9gr\u00e9 l\u2019Institut d\u2019Administration scolaire en ao\u00fbt 2019 pour poursuivre ses travaux initi\u00e9s lors de son m\u00e9moire de Master et lors [&hellip;]","og_url":"https:\/\/web.umons.ac.be\/semf\/elodie-houssin\/","og_site_name":"Service \/ FPSE - Sciences de l&#039;Enseignement et de la Formation","article_modified_time":"2021-12-13T10:27:10+00:00","og_image":[{"url":"https:\/\/sharepoint1.umons.ac.be\/FR\/universite\/facultes\/fpse\/serviceseetr\/methodo\/membres\/PublishingImages\/HoussinEmilie.jpg","type":"","width":"","height":""}],"twitter_card":"summary_large_image","twitter_misc":{"Dur\u00e9e de lecture estim\u00e9e":"1 minute"},"schema":{"@context":"https:\/\/schema.org","@graph":[{"@type":"WebPage","@id":"https:\/\/web.umons.ac.be\/semf\/elodie-houssin\/","url":"https:\/\/web.umons.ac.be\/semf\/elodie-houssin\/","name":"Elodie HOUSSIN - Service \/ FPSE - Sciences de l&#039;Enseignement et de la Formation","isPartOf":{"@id":"https:\/\/web.umons.ac.be\/semf\/#website"},"primaryImageOfPage":{"@id":"https:\/\/web.umons.ac.be\/semf\/elodie-houssin\/#primaryimage"},"image":{"@id":"https:\/\/web.umons.ac.be\/semf\/elodie-houssin\/#primaryimage"},"thumbnailUrl":"https:\/\/sharepoint1.umons.ac.be\/FR\/universite\/facultes\/fpse\/serviceseetr\/methodo\/membres\/PublishingImages\/HoussinEmilie.jpg","datePublished":"2021-12-13T10:14:46+00:00","dateModified":"2021-12-13T10:27:10+00:00","breadcrumb":{"@id":"https:\/\/web.umons.ac.be\/semf\/elodie-houssin\/#breadcrumb"},"inLanguage":"fr-FR","potentialAction":[{"@type":"ReadAction","target":["https:\/\/web.umons.ac.be\/semf\/elodie-houssin\/"]}]},{"@type":"ImageObject","inLanguage":"fr-FR","@id":"https:\/\/web.umons.ac.be\/semf\/elodie-houssin\/#primaryimage","url":"https:\/\/sharepoint1.umons.ac.be\/FR\/universite\/facultes\/fpse\/serviceseetr\/methodo\/membres\/PublishingImages\/HoussinEmilie.jpg","contentUrl":"https:\/\/sharepoint1.umons.ac.be\/FR\/universite\/facultes\/fpse\/serviceseetr\/methodo\/membres\/PublishingImages\/HoussinEmilie.jpg"},{"@type":"BreadcrumbList","@id":"https:\/\/web.umons.ac.be\/semf\/elodie-houssin\/#breadcrumb","itemListElement":[{"@type":"ListItem","position":1,"name":"Home","item":"https:\/\/web.umons.ac.be\/semf\/"},{"@type":"ListItem","position":2,"name":"Elodie HOUSSIN"}]},{"@type":"WebSite","@id":"https:\/\/web.umons.ac.be\/semf\/#website","url":"https:\/\/web.umons.ac.be\/semf\/","name":"Service \/ FPSE - M\u00e9thodologie et formation","description":"","publisher":{"@id":"https:\/\/web.umons.ac.be\/semf\/#organization"},"potentialAction":[{"@type":"SearchAction","target":{"@type":"EntryPoint","urlTemplate":"https:\/\/web.umons.ac.be\/semf\/?s={search_term_string}"},"query-input":{"@type":"PropertyValueSpecification","valueRequired":true,"valueName":"search_term_string"}}],"inLanguage":"fr-FR"},{"@type":"Organization","@id":"https:\/\/web.umons.ac.be\/semf\/#organization","name":"Service \/ FPSE - M\u00e9thodologie et formation","url":"https:\/\/web.umons.ac.be\/semf\/","logo":{"@type":"ImageObject","inLanguage":"fr-FR","@id":"https:\/\/web.umons.ac.be\/semf\/#\/schema\/logo\/image\/","url":"https:\/\/web.umons.ac.be\/app\/uploads\/sites\/103\/2021\/11\/LOGOP316_Benoit-VANSCHOEBEKE.svg","contentUrl":"https:\/\/web.umons.ac.be\/app\/uploads\/sites\/103\/2021\/11\/LOGOP316_Benoit-VANSCHOEBEKE.svg","width":1,"height":1,"caption":"Service \/ FPSE - M\u00e9thodologie et formation"},"image":{"@id":"https:\/\/web.umons.ac.be\/semf\/#\/schema\/logo\/image\/"}}]}},"lang":"fr","translations":{"fr":147},"pll_sync_post":[],"_links":{"self":[{"href":"https:\/\/web.umons.ac.be\/semf\/wp-json\/wp\/v2\/pages\/147","targetHints":{"allow":["GET"]}}],"collection":[{"href":"https:\/\/web.umons.ac.be\/semf\/wp-json\/wp\/v2\/pages"}],"about":[{"href":"https:\/\/web.umons.ac.be\/semf\/wp-json\/wp\/v2\/types\/page"}],"author":[{"embeddable":true,"href":"https:\/\/web.umons.ac.be\/semf\/wp-json\/wp\/v2\/users\/121"}],"replies":[{"embeddable":true,"href":"https:\/\/web.umons.ac.be\/semf\/wp-json\/wp\/v2\/comments?post=147"}],"version-history":[{"count":1,"href":"https:\/\/web.umons.ac.be\/semf\/wp-json\/wp\/v2\/pages\/147\/revisions"}],"predecessor-version":[{"id":148,"href":"https:\/\/web.umons.ac.be\/semf\/wp-json\/wp\/v2\/pages\/147\/revisions\/148"}],"wp:attachment":[{"href":"https:\/\/web.umons.ac.be\/semf\/wp-json\/wp\/v2\/media?parent=147"}],"curies":[{"name":"wp","href":"https:\/\/api.w.org\/{rel}","templated":true}]}}