{"id":155,"date":"2021-12-13T11:29:50","date_gmt":"2021-12-13T10:29:50","guid":{"rendered":"https:\/\/web.umons.ac.be\/semf\/?page_id=155"},"modified":"2021-12-13T11:29:50","modified_gmt":"2021-12-13T10:29:50","slug":"letty-lefebvre","status":"publish","type":"page","link":"https:\/\/web.umons.ac.be\/semf\/letty-lefebvre\/","title":{"rendered":"Letty LEFEBVRE"},"content":{"rendered":"<div class=\"welcomeImage\">\n<div id=\"ctl00_PlaceHolderMain_PageImage__ControlWrapper_RichImageField\"><span dir=\"\"><img decoding=\"async\" class=\"alignleft\" src=\"https:\/\/sharepoint1.umons.ac.be\/FR\/universite\/facultes\/fpse\/serviceseetr\/methodo\/membres\/PublishingImages\/LLefebvre.jpg\" alt=\"\" width=\"100\" border=\"0\" \/><\/span><\/div>\n<\/div>\n<div class=\"pageContent\">\n<div id=\"ctl00_PlaceHolderMain_Content__ControlWrapper_RichHtmlField\">\n<p>Letty Lefebvre est titulaire d\u2019un bachelier d\u2019institutrice maternelle, d\u2019un bachelier en psycho-p\u00e9dagogie, d\u2019un CAP en Biblioth\u00e9conomie, d\u2019un brevet d\u2019inspection de la F\u00e9d\u00e9ration Wallonie Bruxelles, d\u2019un master en sciences de l\u2019Education et d\u2019une Agr\u00e9gation de l\u2019Enseignement Secondaire Sup\u00e9rieur (AESS).<br \/>\nElle a travaill\u00e9 pendant 40 ans au service de l\u2019enseignement en F\u00e9d\u00e9ration Wallonie Bruxelles en tant qu\u2019institutrice maternelle, directrice d\u2019\u00e9cole et inspectrice de l\u2019enseignement maternel.<\/p>\n<p>Elle a particip\u00e9 activement au projet \u00ab Espace et Enseignement \u00bb cr\u00e9e en 2005 par la Direction g\u00e9n\u00e9rale de l\u2019Enseignement Obligatoire, l\u2019Inspection et l\u2019ESA (Agence Spatiale Europ\u00e9enne) afin de promouvoir l\u2019enseignement des sciences dans les classes fondamentales.\u00a0<a href=\"http:\/\/www.enseignement.be\/sciences-espace\">www.enseignement.be\/sciences-espace<\/a><\/p>\n<p>Elle est membre de l\u2019ADIS : Association de Didacticiens des Sciences<\/p>\n<p><img decoding=\"async\" src=\"https:\/\/sharepoint1.umons.ac.be\/FR\/universite\/facultes\/fpse\/serviceseetr\/methodo\/membres\/PublishingImages\/ADIS.jpg\" border=\"0\" \/><\/p>\n<p>Doctorante depuis novembre 2015 sous la direction du Professeur Marc Demeuse, ses travaux de recherche portent sur la didactique des sciences et plus pr\u00e9cis\u00e9ment sur : \u00ab\u00a0<span class=\"ms-rteCustom-Gras\">l\u2019\u00e9laboration et l\u2019exp\u00e9rimentation d\u2019outils \u00ab traces \u00bb permettant de favoriser la structuration des savoirs<\/span>\u00a0dans le domaine de l\u2019\u00e9veil scientifique au cycle 2 de l\u2019enseignement fondamental et\u00a0<span class=\"ms-rteCustom-Gras\">leur \u00e9valuation en termes de progression dans les processus mentaux mis en \u0153uvre dans la classification (comparer, cat\u00e9goriser, classer, abstraire)<\/span>. \u00bb<\/p>\n<p><span class=\"ms-rteCustom-TexteBleu\">Publications<\/span><\/p>\n<h5>Livre<\/h5>\n<p>Martello, F. &amp;\u00a0Lefebvre, L. (2005).\u00a0<span class=\"ms-rteCustom-Italique\">Communiquer et apprendre \u00e0 communiquer<\/span>. Wavre-Wommelgem : Editions Van In.<\/p>\n<h5>Manuels scolaires<\/h5>\n<p>Lefebvre, L. &amp;\u00a0Martello, F. \u00a0(eds). (2000).\u00a0<span class=\"ms-rteCustom-Italique\">Manuel de Fran\u00e7ais.<\/span>\u00a0Wavre-Wommelgem : Editions Van In.<\/p>\n<p>Lefebvre, L. &amp;\u00a0Martello, F. \u00a0(eds). (2001).\u00a0<span class=\"ms-rteCustom-Italique\">Manuel de Fran\u00e7ais<\/span>. Wavre-Wommelgem : Editions Van In.<\/p>\n<p>Lefebvre, L. &amp;\u00a0Martello, F. \u00a0(eds). (2002).\u00a0<span class=\"ms-rteCustom-Italique\">Manuel de Fran\u00e7ais<\/span>. Wavre-Wommelgem : Editions Van In.<\/p>\n<p>Lefebvre, L. &amp;\u00a0Martello, F. \u00a0(eds). (2003).\u00a0<span class=\"ms-rteCustom-Italique\">Manuel de Fran\u00e7ais<\/span>. Wavre-Wommelgem : Editions Van In.<\/p>\n<p>Lefebvre, L. &amp;\u00a0Martello, F. \u00a0(eds). (2004).\u00a0<span class=\"ms-rteCustom-Italique\">Manuel de Fran\u00e7ais<\/span>. Wavre-Wommelgem : Editions Van In.<\/p>\n<p>Lefebvre, L. &amp;\u00a0Martello, F. \u00a0(eds). (2005).\u00a0<span class=\"ms-rteCustom-Italique\">Manuel de Fran\u00e7ais<\/span>. Wavre-Wommelgem : Editions Van In.<\/p>\n<h5>Revues F\u00e9d\u00e9ration Wallonie-Bruxelles<\/h5>\n<p>Evaluation externe non-certificative : Eveil historique et g\u00e9ographique, initiation scientifique. 2009<br \/>\nR\u00e9sultats et commentaires. 2009<br \/>\nPistes didactiques. 2009<br \/>\nCurriculum Math\u00e9matique : Nombres et op\u00e9rations. 2008<\/p>\n<\/div>\n<\/div>\n","protected":false},"excerpt":{"rendered":"<p>Letty Lefebvre est titulaire d\u2019un bachelier d\u2019institutrice maternelle, d\u2019un bachelier en psycho-p\u00e9dagogie, d\u2019un CAP en Biblioth\u00e9conomie, d\u2019un brevet d\u2019inspection de la F\u00e9d\u00e9ration Wallonie Bruxelles, d\u2019un master en sciences de l\u2019Education et d\u2019une Agr\u00e9gation de l\u2019Enseignement Secondaire Sup\u00e9rieur (AESS). Elle a travaill\u00e9 pendant 40 ans au service de l\u2019enseignement en F\u00e9d\u00e9ration Wallonie Bruxelles en tant qu\u2019institutrice [&hellip;]<\/p>\n","protected":false},"author":121,"featured_media":0,"parent":0,"menu_order":0,"comment_status":"closed","ping_status":"closed","template":"","meta":{"footnotes":""},"class_list":["post-155","page","type-page","status-publish","hentry"],"yoast_head":"<!-- This site is optimized with the Yoast SEO plugin v27.2 - https:\/\/yoast.com\/product\/yoast-seo-wordpress\/ -->\n<title>Letty LEFEBVRE - Service \/ FPSE - Sciences de l&#039;Enseignement et de la Formation<\/title>\n<meta name=\"robots\" content=\"index, follow, max-snippet:-1, max-image-preview:large, max-video-preview:-1\" \/>\n<link rel=\"canonical\" href=\"https:\/\/web.umons.ac.be\/semf\/letty-lefebvre\/\" \/>\n<meta property=\"og:locale\" content=\"fr_FR\" \/>\n<meta property=\"og:type\" content=\"article\" \/>\n<meta property=\"og:title\" content=\"Letty LEFEBVRE - Service \/ FPSE - Sciences de l&#039;Enseignement et de la Formation\" \/>\n<meta property=\"og:description\" content=\"Letty Lefebvre est titulaire d\u2019un bachelier d\u2019institutrice maternelle, d\u2019un bachelier en psycho-p\u00e9dagogie, d\u2019un CAP en Biblioth\u00e9conomie, d\u2019un brevet d\u2019inspection de la F\u00e9d\u00e9ration Wallonie Bruxelles, d\u2019un master en sciences de l\u2019Education et d\u2019une Agr\u00e9gation de l\u2019Enseignement Secondaire Sup\u00e9rieur (AESS). Elle a travaill\u00e9 pendant 40 ans au service de l\u2019enseignement en F\u00e9d\u00e9ration Wallonie Bruxelles en tant qu\u2019institutrice [&hellip;]\" \/>\n<meta property=\"og:url\" content=\"https:\/\/web.umons.ac.be\/semf\/letty-lefebvre\/\" \/>\n<meta property=\"og:site_name\" content=\"Service \/ FPSE - Sciences de l&#039;Enseignement et de la Formation\" \/>\n<meta property=\"og:image\" content=\"https:\/\/sharepoint1.umons.ac.be\/FR\/universite\/facultes\/fpse\/serviceseetr\/methodo\/membres\/PublishingImages\/LLefebvre.jpg\" \/>\n<meta name=\"twitter:card\" content=\"summary_large_image\" \/>\n<meta name=\"twitter:label1\" content=\"Dur\u00e9e de lecture estim\u00e9e\" \/>\n\t<meta name=\"twitter:data1\" content=\"2 minutes\" \/>\n<script type=\"application\/ld+json\" class=\"yoast-schema-graph\">{\"@context\":\"https:\/\/schema.org\",\"@graph\":[{\"@type\":\"WebPage\",\"@id\":\"https:\/\/web.umons.ac.be\/semf\/letty-lefebvre\/\",\"url\":\"https:\/\/web.umons.ac.be\/semf\/letty-lefebvre\/\",\"name\":\"Letty LEFEBVRE - Service \/ FPSE - Sciences de l&#039;Enseignement et de la Formation\",\"isPartOf\":{\"@id\":\"https:\/\/web.umons.ac.be\/semf\/#website\"},\"primaryImageOfPage\":{\"@id\":\"https:\/\/web.umons.ac.be\/semf\/letty-lefebvre\/#primaryimage\"},\"image\":{\"@id\":\"https:\/\/web.umons.ac.be\/semf\/letty-lefebvre\/#primaryimage\"},\"thumbnailUrl\":\"https:\/\/sharepoint1.umons.ac.be\/FR\/universite\/facultes\/fpse\/serviceseetr\/methodo\/membres\/PublishingImages\/LLefebvre.jpg\",\"datePublished\":\"2021-12-13T10:29:50+00:00\",\"breadcrumb\":{\"@id\":\"https:\/\/web.umons.ac.be\/semf\/letty-lefebvre\/#breadcrumb\"},\"inLanguage\":\"fr-FR\",\"potentialAction\":[{\"@type\":\"ReadAction\",\"target\":[\"https:\/\/web.umons.ac.be\/semf\/letty-lefebvre\/\"]}]},{\"@type\":\"ImageObject\",\"inLanguage\":\"fr-FR\",\"@id\":\"https:\/\/web.umons.ac.be\/semf\/letty-lefebvre\/#primaryimage\",\"url\":\"https:\/\/sharepoint1.umons.ac.be\/FR\/universite\/facultes\/fpse\/serviceseetr\/methodo\/membres\/PublishingImages\/LLefebvre.jpg\",\"contentUrl\":\"https:\/\/sharepoint1.umons.ac.be\/FR\/universite\/facultes\/fpse\/serviceseetr\/methodo\/membres\/PublishingImages\/LLefebvre.jpg\"},{\"@type\":\"BreadcrumbList\",\"@id\":\"https:\/\/web.umons.ac.be\/semf\/letty-lefebvre\/#breadcrumb\",\"itemListElement\":[{\"@type\":\"ListItem\",\"position\":1,\"name\":\"Home\",\"item\":\"https:\/\/web.umons.ac.be\/semf\/\"},{\"@type\":\"ListItem\",\"position\":2,\"name\":\"Letty LEFEBVRE\"}]},{\"@type\":\"WebSite\",\"@id\":\"https:\/\/web.umons.ac.be\/semf\/#website\",\"url\":\"https:\/\/web.umons.ac.be\/semf\/\",\"name\":\"Service \/ FPSE - M\u00e9thodologie et formation\",\"description\":\"\",\"publisher\":{\"@id\":\"https:\/\/web.umons.ac.be\/semf\/#organization\"},\"potentialAction\":[{\"@type\":\"SearchAction\",\"target\":{\"@type\":\"EntryPoint\",\"urlTemplate\":\"https:\/\/web.umons.ac.be\/semf\/?s={search_term_string}\"},\"query-input\":{\"@type\":\"PropertyValueSpecification\",\"valueRequired\":true,\"valueName\":\"search_term_string\"}}],\"inLanguage\":\"fr-FR\"},{\"@type\":\"Organization\",\"@id\":\"https:\/\/web.umons.ac.be\/semf\/#organization\",\"name\":\"Service \/ FPSE - M\u00e9thodologie et formation\",\"url\":\"https:\/\/web.umons.ac.be\/semf\/\",\"logo\":{\"@type\":\"ImageObject\",\"inLanguage\":\"fr-FR\",\"@id\":\"https:\/\/web.umons.ac.be\/semf\/#\/schema\/logo\/image\/\",\"url\":\"https:\/\/web.umons.ac.be\/app\/uploads\/sites\/103\/2021\/11\/LOGOP316_Benoit-VANSCHOEBEKE.svg\",\"contentUrl\":\"https:\/\/web.umons.ac.be\/app\/uploads\/sites\/103\/2021\/11\/LOGOP316_Benoit-VANSCHOEBEKE.svg\",\"width\":1,\"height\":1,\"caption\":\"Service \/ FPSE - M\u00e9thodologie et formation\"},\"image\":{\"@id\":\"https:\/\/web.umons.ac.be\/semf\/#\/schema\/logo\/image\/\"}}]}<\/script>\n<!-- \/ Yoast SEO plugin. -->","yoast_head_json":{"title":"Letty LEFEBVRE - Service \/ FPSE - Sciences de l&#039;Enseignement et de la Formation","robots":{"index":"index","follow":"follow","max-snippet":"max-snippet:-1","max-image-preview":"max-image-preview:large","max-video-preview":"max-video-preview:-1"},"canonical":"https:\/\/web.umons.ac.be\/semf\/letty-lefebvre\/","og_locale":"fr_FR","og_type":"article","og_title":"Letty LEFEBVRE - Service \/ FPSE - Sciences de l&#039;Enseignement et de la Formation","og_description":"Letty Lefebvre est titulaire d\u2019un bachelier d\u2019institutrice maternelle, d\u2019un bachelier en psycho-p\u00e9dagogie, d\u2019un CAP en Biblioth\u00e9conomie, d\u2019un brevet d\u2019inspection de la F\u00e9d\u00e9ration Wallonie Bruxelles, d\u2019un master en sciences de l\u2019Education et d\u2019une Agr\u00e9gation de l\u2019Enseignement Secondaire Sup\u00e9rieur (AESS). Elle a travaill\u00e9 pendant 40 ans au service de l\u2019enseignement en F\u00e9d\u00e9ration Wallonie Bruxelles en tant qu\u2019institutrice [&hellip;]","og_url":"https:\/\/web.umons.ac.be\/semf\/letty-lefebvre\/","og_site_name":"Service \/ FPSE - Sciences de l&#039;Enseignement et de la Formation","og_image":[{"url":"https:\/\/sharepoint1.umons.ac.be\/FR\/universite\/facultes\/fpse\/serviceseetr\/methodo\/membres\/PublishingImages\/LLefebvre.jpg","type":"","width":"","height":""}],"twitter_card":"summary_large_image","twitter_misc":{"Dur\u00e9e de lecture estim\u00e9e":"2 minutes"},"schema":{"@context":"https:\/\/schema.org","@graph":[{"@type":"WebPage","@id":"https:\/\/web.umons.ac.be\/semf\/letty-lefebvre\/","url":"https:\/\/web.umons.ac.be\/semf\/letty-lefebvre\/","name":"Letty LEFEBVRE - Service \/ FPSE - Sciences de l&#039;Enseignement et de la Formation","isPartOf":{"@id":"https:\/\/web.umons.ac.be\/semf\/#website"},"primaryImageOfPage":{"@id":"https:\/\/web.umons.ac.be\/semf\/letty-lefebvre\/#primaryimage"},"image":{"@id":"https:\/\/web.umons.ac.be\/semf\/letty-lefebvre\/#primaryimage"},"thumbnailUrl":"https:\/\/sharepoint1.umons.ac.be\/FR\/universite\/facultes\/fpse\/serviceseetr\/methodo\/membres\/PublishingImages\/LLefebvre.jpg","datePublished":"2021-12-13T10:29:50+00:00","breadcrumb":{"@id":"https:\/\/web.umons.ac.be\/semf\/letty-lefebvre\/#breadcrumb"},"inLanguage":"fr-FR","potentialAction":[{"@type":"ReadAction","target":["https:\/\/web.umons.ac.be\/semf\/letty-lefebvre\/"]}]},{"@type":"ImageObject","inLanguage":"fr-FR","@id":"https:\/\/web.umons.ac.be\/semf\/letty-lefebvre\/#primaryimage","url":"https:\/\/sharepoint1.umons.ac.be\/FR\/universite\/facultes\/fpse\/serviceseetr\/methodo\/membres\/PublishingImages\/LLefebvre.jpg","contentUrl":"https:\/\/sharepoint1.umons.ac.be\/FR\/universite\/facultes\/fpse\/serviceseetr\/methodo\/membres\/PublishingImages\/LLefebvre.jpg"},{"@type":"BreadcrumbList","@id":"https:\/\/web.umons.ac.be\/semf\/letty-lefebvre\/#breadcrumb","itemListElement":[{"@type":"ListItem","position":1,"name":"Home","item":"https:\/\/web.umons.ac.be\/semf\/"},{"@type":"ListItem","position":2,"name":"Letty LEFEBVRE"}]},{"@type":"WebSite","@id":"https:\/\/web.umons.ac.be\/semf\/#website","url":"https:\/\/web.umons.ac.be\/semf\/","name":"Service \/ FPSE - M\u00e9thodologie et formation","description":"","publisher":{"@id":"https:\/\/web.umons.ac.be\/semf\/#organization"},"potentialAction":[{"@type":"SearchAction","target":{"@type":"EntryPoint","urlTemplate":"https:\/\/web.umons.ac.be\/semf\/?s={search_term_string}"},"query-input":{"@type":"PropertyValueSpecification","valueRequired":true,"valueName":"search_term_string"}}],"inLanguage":"fr-FR"},{"@type":"Organization","@id":"https:\/\/web.umons.ac.be\/semf\/#organization","name":"Service \/ FPSE - M\u00e9thodologie et formation","url":"https:\/\/web.umons.ac.be\/semf\/","logo":{"@type":"ImageObject","inLanguage":"fr-FR","@id":"https:\/\/web.umons.ac.be\/semf\/#\/schema\/logo\/image\/","url":"https:\/\/web.umons.ac.be\/app\/uploads\/sites\/103\/2021\/11\/LOGOP316_Benoit-VANSCHOEBEKE.svg","contentUrl":"https:\/\/web.umons.ac.be\/app\/uploads\/sites\/103\/2021\/11\/LOGOP316_Benoit-VANSCHOEBEKE.svg","width":1,"height":1,"caption":"Service \/ FPSE - M\u00e9thodologie et formation"},"image":{"@id":"https:\/\/web.umons.ac.be\/semf\/#\/schema\/logo\/image\/"}}]}},"lang":"fr","translations":{"fr":155},"pll_sync_post":[],"_links":{"self":[{"href":"https:\/\/web.umons.ac.be\/semf\/wp-json\/wp\/v2\/pages\/155","targetHints":{"allow":["GET"]}}],"collection":[{"href":"https:\/\/web.umons.ac.be\/semf\/wp-json\/wp\/v2\/pages"}],"about":[{"href":"https:\/\/web.umons.ac.be\/semf\/wp-json\/wp\/v2\/types\/page"}],"author":[{"embeddable":true,"href":"https:\/\/web.umons.ac.be\/semf\/wp-json\/wp\/v2\/users\/121"}],"replies":[{"embeddable":true,"href":"https:\/\/web.umons.ac.be\/semf\/wp-json\/wp\/v2\/comments?post=155"}],"version-history":[{"count":1,"href":"https:\/\/web.umons.ac.be\/semf\/wp-json\/wp\/v2\/pages\/155\/revisions"}],"predecessor-version":[{"id":156,"href":"https:\/\/web.umons.ac.be\/semf\/wp-json\/wp\/v2\/pages\/155\/revisions\/156"}],"wp:attachment":[{"href":"https:\/\/web.umons.ac.be\/semf\/wp-json\/wp\/v2\/media?parent=155"}],"curies":[{"name":"wp","href":"https:\/\/api.w.org\/{rel}","templated":true}]}}