{"id":157,"date":"2021-12-13T11:31:13","date_gmt":"2021-12-13T10:31:13","guid":{"rendered":"https:\/\/web.umons.ac.be\/semf\/?page_id=157"},"modified":"2022-09-22T16:53:56","modified_gmt":"2022-09-22T14:53:56","slug":"guy-lokango-mobela","status":"publish","type":"page","link":"https:\/\/web.umons.ac.be\/semf\/guy-lokango-mobela\/","title":{"rendered":"Guy LOKANGO MOBELA"},"content":{"rendered":"<div class=\"welcomeImage\">\n<div id=\"ctl00_PlaceHolderMain_PageImage__ControlWrapper_RichImageField\"><span dir=\"\"><span style=\"font-size: 14px\"><img loading=\"lazy\" decoding=\"async\" class=\"size-thumbnail wp-image-687 alignleft\" src=\"https:\/\/web.umons.ac.be\/app\/uploads\/sites\/103\/2022\/09\/DSC_0001-150x150.jpg\" alt=\"\" width=\"150\" height=\"150\" srcset=\"https:\/\/web.umons.ac.be\/app\/uploads\/sites\/103\/2022\/09\/DSC_0001-150x150.jpg 150w, https:\/\/web.umons.ac.be\/app\/uploads\/sites\/103\/2022\/09\/DSC_0001-80x80.jpg 80w, https:\/\/web.umons.ac.be\/app\/uploads\/sites\/103\/2022\/09\/DSC_0001-400x400.jpg 400w, https:\/\/web.umons.ac.be\/app\/uploads\/sites\/103\/2022\/09\/DSC_0001-200x200.jpg 200w\" sizes=\"auto, (max-width: 150px) 100vw, 150px\" \/>Guy Lokango Mobela est titulaire d&rsquo;un dipl\u00f4me de Licence en sciences psychologiques (orientation scolaire et professionnelle) et d&rsquo;un Master en d\u00e9mographie (Universit\u00e9 Catholique de Louvain). Chef de travaux \u00e0 l&rsquo;Universit\u00e9 P\u00e9dagogique Nationale (R\u00e9publique d\u00e9mocratique du Congo). Doctorant au centre INAS depuis 2013 sous la direction du Professeur Marc Demeuse. Son domaine de recherche porte sur la formation des enseignants et la p\u00e9dagogie de grand groupe.<\/span><\/span><\/div>\n<\/div>\n","protected":false},"excerpt":{"rendered":"<p>Guy Lokango Mobela est titulaire d&rsquo;un dipl\u00f4me de Licence en sciences psychologiques (orientation scolaire et professionnelle) et d&rsquo;un Master en d\u00e9mographie (Universit\u00e9 Catholique de Louvain). Chef de travaux \u00e0 l&rsquo;Universit\u00e9 P\u00e9dagogique Nationale (R\u00e9publique d\u00e9mocratique du Congo). Doctorant au centre INAS depuis 2013 sous la direction du Professeur Marc Demeuse. Son domaine de recherche porte sur [&hellip;]<\/p>\n","protected":false},"author":121,"featured_media":0,"parent":0,"menu_order":0,"comment_status":"closed","ping_status":"closed","template":"","meta":{"footnotes":""},"class_list":["post-157","page","type-page","status-publish","hentry"],"yoast_head":"<!-- This site is optimized with the Yoast SEO plugin v27.2 - https:\/\/yoast.com\/product\/yoast-seo-wordpress\/ -->\n<title>Guy LOKANGO MOBELA - Service \/ FPSE - Sciences de l&#039;Enseignement et de la Formation<\/title>\n<meta name=\"robots\" content=\"index, follow, max-snippet:-1, max-image-preview:large, max-video-preview:-1\" \/>\n<link rel=\"canonical\" href=\"https:\/\/web.umons.ac.be\/semf\/guy-lokango-mobela\/\" \/>\n<meta property=\"og:locale\" content=\"fr_FR\" \/>\n<meta property=\"og:type\" content=\"article\" \/>\n<meta property=\"og:title\" content=\"Guy LOKANGO MOBELA - Service \/ FPSE - Sciences de l&#039;Enseignement et de la Formation\" \/>\n<meta property=\"og:description\" content=\"Guy Lokango Mobela est titulaire d&rsquo;un dipl\u00f4me de Licence en sciences psychologiques (orientation scolaire et professionnelle) et d&rsquo;un Master en d\u00e9mographie (Universit\u00e9 Catholique de Louvain). Chef de travaux \u00e0 l&rsquo;Universit\u00e9 P\u00e9dagogique Nationale (R\u00e9publique d\u00e9mocratique du Congo). Doctorant au centre INAS depuis 2013 sous la direction du Professeur Marc Demeuse. Son domaine de recherche porte sur [&hellip;]\" \/>\n<meta property=\"og:url\" content=\"https:\/\/web.umons.ac.be\/semf\/guy-lokango-mobela\/\" \/>\n<meta property=\"og:site_name\" content=\"Service \/ FPSE - Sciences de l&#039;Enseignement et de la Formation\" \/>\n<meta property=\"article:modified_time\" content=\"2022-09-22T14:53:56+00:00\" \/>\n<meta property=\"og:image\" content=\"https:\/\/web.umons.ac.be\/app\/uploads\/sites\/103\/2022\/09\/DSC_0001-150x150.jpg\" \/>\n<meta name=\"twitter:card\" content=\"summary_large_image\" \/>\n<script type=\"application\/ld+json\" class=\"yoast-schema-graph\">{\"@context\":\"https:\/\/schema.org\",\"@graph\":[{\"@type\":\"WebPage\",\"@id\":\"https:\/\/web.umons.ac.be\/semf\/guy-lokango-mobela\/\",\"url\":\"https:\/\/web.umons.ac.be\/semf\/guy-lokango-mobela\/\",\"name\":\"Guy LOKANGO MOBELA - Service \/ FPSE - Sciences de l&#039;Enseignement et de la Formation\",\"isPartOf\":{\"@id\":\"https:\/\/web.umons.ac.be\/semf\/#website\"},\"primaryImageOfPage\":{\"@id\":\"https:\/\/web.umons.ac.be\/semf\/guy-lokango-mobela\/#primaryimage\"},\"image\":{\"@id\":\"https:\/\/web.umons.ac.be\/semf\/guy-lokango-mobela\/#primaryimage\"},\"thumbnailUrl\":\"https:\/\/web.umons.ac.be\/app\/uploads\/sites\/103\/2022\/09\/DSC_0001-150x150.jpg\",\"datePublished\":\"2021-12-13T10:31:13+00:00\",\"dateModified\":\"2022-09-22T14:53:56+00:00\",\"breadcrumb\":{\"@id\":\"https:\/\/web.umons.ac.be\/semf\/guy-lokango-mobela\/#breadcrumb\"},\"inLanguage\":\"fr-FR\",\"potentialAction\":[{\"@type\":\"ReadAction\",\"target\":[\"https:\/\/web.umons.ac.be\/semf\/guy-lokango-mobela\/\"]}]},{\"@type\":\"ImageObject\",\"inLanguage\":\"fr-FR\",\"@id\":\"https:\/\/web.umons.ac.be\/semf\/guy-lokango-mobela\/#primaryimage\",\"url\":\"https:\/\/web.umons.ac.be\/app\/uploads\/sites\/103\/2022\/09\/DSC_0001-150x150.jpg\",\"contentUrl\":\"https:\/\/web.umons.ac.be\/app\/uploads\/sites\/103\/2022\/09\/DSC_0001-150x150.jpg\"},{\"@type\":\"BreadcrumbList\",\"@id\":\"https:\/\/web.umons.ac.be\/semf\/guy-lokango-mobela\/#breadcrumb\",\"itemListElement\":[{\"@type\":\"ListItem\",\"position\":1,\"name\":\"Home\",\"item\":\"https:\/\/web.umons.ac.be\/semf\/\"},{\"@type\":\"ListItem\",\"position\":2,\"name\":\"Guy LOKANGO MOBELA\"}]},{\"@type\":\"WebSite\",\"@id\":\"https:\/\/web.umons.ac.be\/semf\/#website\",\"url\":\"https:\/\/web.umons.ac.be\/semf\/\",\"name\":\"Service \/ FPSE - M\u00e9thodologie et formation\",\"description\":\"\",\"publisher\":{\"@id\":\"https:\/\/web.umons.ac.be\/semf\/#organization\"},\"potentialAction\":[{\"@type\":\"SearchAction\",\"target\":{\"@type\":\"EntryPoint\",\"urlTemplate\":\"https:\/\/web.umons.ac.be\/semf\/?s={search_term_string}\"},\"query-input\":{\"@type\":\"PropertyValueSpecification\",\"valueRequired\":true,\"valueName\":\"search_term_string\"}}],\"inLanguage\":\"fr-FR\"},{\"@type\":\"Organization\",\"@id\":\"https:\/\/web.umons.ac.be\/semf\/#organization\",\"name\":\"Service \/ FPSE - M\u00e9thodologie et formation\",\"url\":\"https:\/\/web.umons.ac.be\/semf\/\",\"logo\":{\"@type\":\"ImageObject\",\"inLanguage\":\"fr-FR\",\"@id\":\"https:\/\/web.umons.ac.be\/semf\/#\/schema\/logo\/image\/\",\"url\":\"https:\/\/web.umons.ac.be\/app\/uploads\/sites\/103\/2021\/11\/LOGOP316_Benoit-VANSCHOEBEKE.svg\",\"contentUrl\":\"https:\/\/web.umons.ac.be\/app\/uploads\/sites\/103\/2021\/11\/LOGOP316_Benoit-VANSCHOEBEKE.svg\",\"width\":1,\"height\":1,\"caption\":\"Service \/ FPSE - M\u00e9thodologie et formation\"},\"image\":{\"@id\":\"https:\/\/web.umons.ac.be\/semf\/#\/schema\/logo\/image\/\"}}]}<\/script>\n<!-- \/ Yoast SEO plugin. -->","yoast_head_json":{"title":"Guy LOKANGO MOBELA - Service \/ FPSE - Sciences de l&#039;Enseignement et de la Formation","robots":{"index":"index","follow":"follow","max-snippet":"max-snippet:-1","max-image-preview":"max-image-preview:large","max-video-preview":"max-video-preview:-1"},"canonical":"https:\/\/web.umons.ac.be\/semf\/guy-lokango-mobela\/","og_locale":"fr_FR","og_type":"article","og_title":"Guy LOKANGO MOBELA - Service \/ FPSE - Sciences de l&#039;Enseignement et de la Formation","og_description":"Guy Lokango Mobela est titulaire d&rsquo;un dipl\u00f4me de Licence en sciences psychologiques (orientation scolaire et professionnelle) et d&rsquo;un Master en d\u00e9mographie (Universit\u00e9 Catholique de Louvain). Chef de travaux \u00e0 l&rsquo;Universit\u00e9 P\u00e9dagogique Nationale (R\u00e9publique d\u00e9mocratique du Congo). Doctorant au centre INAS depuis 2013 sous la direction du Professeur Marc Demeuse. Son domaine de recherche porte sur [&hellip;]","og_url":"https:\/\/web.umons.ac.be\/semf\/guy-lokango-mobela\/","og_site_name":"Service \/ FPSE - Sciences de l&#039;Enseignement et de la Formation","article_modified_time":"2022-09-22T14:53:56+00:00","og_image":[{"url":"https:\/\/web.umons.ac.be\/app\/uploads\/sites\/103\/2022\/09\/DSC_0001-150x150.jpg","type":"","width":"","height":""}],"twitter_card":"summary_large_image","schema":{"@context":"https:\/\/schema.org","@graph":[{"@type":"WebPage","@id":"https:\/\/web.umons.ac.be\/semf\/guy-lokango-mobela\/","url":"https:\/\/web.umons.ac.be\/semf\/guy-lokango-mobela\/","name":"Guy LOKANGO MOBELA - Service \/ FPSE - Sciences de l&#039;Enseignement et de la Formation","isPartOf":{"@id":"https:\/\/web.umons.ac.be\/semf\/#website"},"primaryImageOfPage":{"@id":"https:\/\/web.umons.ac.be\/semf\/guy-lokango-mobela\/#primaryimage"},"image":{"@id":"https:\/\/web.umons.ac.be\/semf\/guy-lokango-mobela\/#primaryimage"},"thumbnailUrl":"https:\/\/web.umons.ac.be\/app\/uploads\/sites\/103\/2022\/09\/DSC_0001-150x150.jpg","datePublished":"2021-12-13T10:31:13+00:00","dateModified":"2022-09-22T14:53:56+00:00","breadcrumb":{"@id":"https:\/\/web.umons.ac.be\/semf\/guy-lokango-mobela\/#breadcrumb"},"inLanguage":"fr-FR","potentialAction":[{"@type":"ReadAction","target":["https:\/\/web.umons.ac.be\/semf\/guy-lokango-mobela\/"]}]},{"@type":"ImageObject","inLanguage":"fr-FR","@id":"https:\/\/web.umons.ac.be\/semf\/guy-lokango-mobela\/#primaryimage","url":"https:\/\/web.umons.ac.be\/app\/uploads\/sites\/103\/2022\/09\/DSC_0001-150x150.jpg","contentUrl":"https:\/\/web.umons.ac.be\/app\/uploads\/sites\/103\/2022\/09\/DSC_0001-150x150.jpg"},{"@type":"BreadcrumbList","@id":"https:\/\/web.umons.ac.be\/semf\/guy-lokango-mobela\/#breadcrumb","itemListElement":[{"@type":"ListItem","position":1,"name":"Home","item":"https:\/\/web.umons.ac.be\/semf\/"},{"@type":"ListItem","position":2,"name":"Guy LOKANGO MOBELA"}]},{"@type":"WebSite","@id":"https:\/\/web.umons.ac.be\/semf\/#website","url":"https:\/\/web.umons.ac.be\/semf\/","name":"Service \/ FPSE - M\u00e9thodologie et formation","description":"","publisher":{"@id":"https:\/\/web.umons.ac.be\/semf\/#organization"},"potentialAction":[{"@type":"SearchAction","target":{"@type":"EntryPoint","urlTemplate":"https:\/\/web.umons.ac.be\/semf\/?s={search_term_string}"},"query-input":{"@type":"PropertyValueSpecification","valueRequired":true,"valueName":"search_term_string"}}],"inLanguage":"fr-FR"},{"@type":"Organization","@id":"https:\/\/web.umons.ac.be\/semf\/#organization","name":"Service \/ FPSE - M\u00e9thodologie et formation","url":"https:\/\/web.umons.ac.be\/semf\/","logo":{"@type":"ImageObject","inLanguage":"fr-FR","@id":"https:\/\/web.umons.ac.be\/semf\/#\/schema\/logo\/image\/","url":"https:\/\/web.umons.ac.be\/app\/uploads\/sites\/103\/2021\/11\/LOGOP316_Benoit-VANSCHOEBEKE.svg","contentUrl":"https:\/\/web.umons.ac.be\/app\/uploads\/sites\/103\/2021\/11\/LOGOP316_Benoit-VANSCHOEBEKE.svg","width":1,"height":1,"caption":"Service \/ FPSE - M\u00e9thodologie et formation"},"image":{"@id":"https:\/\/web.umons.ac.be\/semf\/#\/schema\/logo\/image\/"}}]}},"lang":"fr","translations":{"fr":157},"pll_sync_post":[],"_links":{"self":[{"href":"https:\/\/web.umons.ac.be\/semf\/wp-json\/wp\/v2\/pages\/157","targetHints":{"allow":["GET"]}}],"collection":[{"href":"https:\/\/web.umons.ac.be\/semf\/wp-json\/wp\/v2\/pages"}],"about":[{"href":"https:\/\/web.umons.ac.be\/semf\/wp-json\/wp\/v2\/types\/page"}],"author":[{"embeddable":true,"href":"https:\/\/web.umons.ac.be\/semf\/wp-json\/wp\/v2\/users\/121"}],"replies":[{"embeddable":true,"href":"https:\/\/web.umons.ac.be\/semf\/wp-json\/wp\/v2\/comments?post=157"}],"version-history":[{"count":2,"href":"https:\/\/web.umons.ac.be\/semf\/wp-json\/wp\/v2\/pages\/157\/revisions"}],"predecessor-version":[{"id":688,"href":"https:\/\/web.umons.ac.be\/semf\/wp-json\/wp\/v2\/pages\/157\/revisions\/688"}],"wp:attachment":[{"href":"https:\/\/web.umons.ac.be\/semf\/wp-json\/wp\/v2\/media?parent=157"}],"curies":[{"name":"wp","href":"https:\/\/api.w.org\/{rel}","templated":true}]}}