{"id":1608,"date":"2023-07-26T01:09:39","date_gmt":"2023-07-25T23:09:39","guid":{"rendered":"https:\/\/web.umons.ac.be\/semf\/?page_id=1608"},"modified":"2023-07-26T01:45:21","modified_gmt":"2023-07-25T23:45:21","slug":"equipe-du-projet-arc-simpro","status":"publish","type":"page","link":"https:\/\/web.umons.ac.be\/semf\/projet-arc-simpro\/equipe-du-projet-arc-simpro\/","title":{"rendered":"Equipe du projet ARC sim&rsquo;Pro"},"content":{"rendered":"<p class=\"font_7 wixui-rich-text__text\"><span class=\"color_20 wixui-rich-text__text\">L&rsquo;\u00e9quipe ARC Sim Pro est une \u00e9quipe de recherche multidisciplinaire qui se consacre \u00e0 l&rsquo;\u00e9tude et au d\u00e9veloppement des dispositifs de formation par simulation. Gr\u00e2ce \u00e0 leur expertise compl\u00e9mentaire issue de diff\u00e9rents domaines tels que la m\u00e9thodologie et la formation, la psychologie du travail et l&rsquo;information, le signal et l&rsquo;intelligence artificielle, l&rsquo;\u00e9quipe ARC Sim Pro travaille en \u00e9troite collaboration pour comprendre et am\u00e9liorer l&rsquo;efficacit\u00e9 des formateurs dans les situations de simulation.<\/span><\/p>\n<p class=\"font_7 wixui-rich-text__text\"><span class=\"wixGuard wixui-rich-text__text\">\u200b<\/span><span class=\"color_20 wixui-rich-text__text\">L&rsquo;\u00e9quipe ARC Sim&rsquo;Pro est compos\u00e9e de trois chercheurs : Madison Dave, Val\u00e9rie Duvivier et Fran\u00e7ois Rocca. Chacun d&rsquo;eux est soutenu par leurs chefs de service respectifs (Professeur Agn\u00e8s Van Daele, Professeur Marc Demeuse et Professeur Bernard Gosselin) ainsi que de trois chercheurs seniors et experts dans un domaine connexe au projet (Laurie-Anna Dubois; Antoine Derobertmasure et Matei Manca).<\/span><\/p>\n<p>&nbsp;<\/p>\n<p><img loading=\"lazy\" decoding=\"async\" class=\" wp-image-1613 aligncenter\" src=\"https:\/\/web.umons.ac.be\/app\/uploads\/sites\/103\/2023\/07\/Capture-decran-2023-07-26-a-01.09.03-300x131.png\" alt=\"\" width=\"471\" height=\"206\" srcset=\"https:\/\/web.umons.ac.be\/app\/uploads\/sites\/103\/2023\/07\/Capture-decran-2023-07-26-a-01.09.03-300x131.png 300w, https:\/\/web.umons.ac.be\/app\/uploads\/sites\/103\/2023\/07\/Capture-decran-2023-07-26-a-01.09.03-1024x448.png 1024w, https:\/\/web.umons.ac.be\/app\/uploads\/sites\/103\/2023\/07\/Capture-decran-2023-07-26-a-01.09.03-768x336.png 768w, https:\/\/web.umons.ac.be\/app\/uploads\/sites\/103\/2023\/07\/Capture-decran-2023-07-26-a-01.09.03-1536x673.png 1536w, https:\/\/web.umons.ac.be\/app\/uploads\/sites\/103\/2023\/07\/Capture-decran-2023-07-26-a-01.09.03-1507x660.png 1507w, https:\/\/web.umons.ac.be\/app\/uploads\/sites\/103\/2023\/07\/Capture-decran-2023-07-26-a-01.09.03-30x13.png 30w, https:\/\/web.umons.ac.be\/app\/uploads\/sites\/103\/2023\/07\/Capture-decran-2023-07-26-a-01.09.03-60x26.png 60w, https:\/\/web.umons.ac.be\/app\/uploads\/sites\/103\/2023\/07\/Capture-decran-2023-07-26-a-01.09.03-360x158.png 360w, https:\/\/web.umons.ac.be\/app\/uploads\/sites\/103\/2023\/07\/Capture-decran-2023-07-26-a-01.09.03.png 1964w\" sizes=\"auto, (max-width: 471px) 100vw, 471px\" \/><\/p>\n<p><img loading=\"lazy\" decoding=\"async\" class=\"wp-image-1611 aligncenter\" src=\"https:\/\/web.umons.ac.be\/app\/uploads\/sites\/103\/2023\/07\/Capture-decran-2023-07-26-a-01.06.34-300x150.png\" alt=\"\" width=\"468\" height=\"234\" srcset=\"https:\/\/web.umons.ac.be\/app\/uploads\/sites\/103\/2023\/07\/Capture-decran-2023-07-26-a-01.06.34-300x150.png 300w, https:\/\/web.umons.ac.be\/app\/uploads\/sites\/103\/2023\/07\/Capture-decran-2023-07-26-a-01.06.34-1024x510.png 1024w, https:\/\/web.umons.ac.be\/app\/uploads\/sites\/103\/2023\/07\/Capture-decran-2023-07-26-a-01.06.34-768x383.png 768w, https:\/\/web.umons.ac.be\/app\/uploads\/sites\/103\/2023\/07\/Capture-decran-2023-07-26-a-01.06.34-1536x766.png 1536w, https:\/\/web.umons.ac.be\/app\/uploads\/sites\/103\/2023\/07\/Capture-decran-2023-07-26-a-01.06.34-1324x660.png 1324w, https:\/\/web.umons.ac.be\/app\/uploads\/sites\/103\/2023\/07\/Capture-decran-2023-07-26-a-01.06.34-30x15.png 30w, https:\/\/web.umons.ac.be\/app\/uploads\/sites\/103\/2023\/07\/Capture-decran-2023-07-26-a-01.06.34-60x30.png 60w, https:\/\/web.umons.ac.be\/app\/uploads\/sites\/103\/2023\/07\/Capture-decran-2023-07-26-a-01.06.34-360x179.png 360w, https:\/\/web.umons.ac.be\/app\/uploads\/sites\/103\/2023\/07\/Capture-decran-2023-07-26-a-01.06.34.png 2014w\" sizes=\"auto, (max-width: 468px) 100vw, 468px\" \/><\/p>\n<p><img loading=\"lazy\" decoding=\"async\" class=\"wp-image-1610 aligncenter\" src=\"https:\/\/web.umons.ac.be\/app\/uploads\/sites\/103\/2023\/07\/Capture-decran-2023-07-26-a-01.06.27-300x150.png\" alt=\"\" width=\"466\" height=\"233\" srcset=\"https:\/\/web.umons.ac.be\/app\/uploads\/sites\/103\/2023\/07\/Capture-decran-2023-07-26-a-01.06.27-300x150.png 300w, https:\/\/web.umons.ac.be\/app\/uploads\/sites\/103\/2023\/07\/Capture-decran-2023-07-26-a-01.06.27-1024x510.png 1024w, https:\/\/web.umons.ac.be\/app\/uploads\/sites\/103\/2023\/07\/Capture-decran-2023-07-26-a-01.06.27-768x383.png 768w, https:\/\/web.umons.ac.be\/app\/uploads\/sites\/103\/2023\/07\/Capture-decran-2023-07-26-a-01.06.27-1536x766.png 1536w, https:\/\/web.umons.ac.be\/app\/uploads\/sites\/103\/2023\/07\/Capture-decran-2023-07-26-a-01.06.27-1324x660.png 1324w, https:\/\/web.umons.ac.be\/app\/uploads\/sites\/103\/2023\/07\/Capture-decran-2023-07-26-a-01.06.27-30x15.png 30w, https:\/\/web.umons.ac.be\/app\/uploads\/sites\/103\/2023\/07\/Capture-decran-2023-07-26-a-01.06.27-60x30.png 60w, https:\/\/web.umons.ac.be\/app\/uploads\/sites\/103\/2023\/07\/Capture-decran-2023-07-26-a-01.06.27-360x179.png 360w, https:\/\/web.umons.ac.be\/app\/uploads\/sites\/103\/2023\/07\/Capture-decran-2023-07-26-a-01.06.27.png 2014w\" sizes=\"auto, (max-width: 466px) 100vw, 466px\" \/><\/p>\n","protected":false},"excerpt":{"rendered":"<p>L&rsquo;\u00e9quipe ARC Sim Pro est une \u00e9quipe de recherche multidisciplinaire qui se consacre \u00e0 l&rsquo;\u00e9tude et au d\u00e9veloppement des dispositifs de formation par simulation. Gr\u00e2ce \u00e0 leur expertise compl\u00e9mentaire issue de diff\u00e9rents domaines tels que la m\u00e9thodologie et la formation, la psychologie du travail et l&rsquo;information, le signal et l&rsquo;intelligence artificielle, l&rsquo;\u00e9quipe ARC Sim Pro [&hellip;]<\/p>\n","protected":false},"author":237,"featured_media":0,"parent":366,"menu_order":0,"comment_status":"closed","ping_status":"closed","template":"","meta":{"footnotes":""},"class_list":["post-1608","page","type-page","status-publish","hentry"],"yoast_head":"<!-- This site is optimized with the Yoast SEO plugin v27.2 - https:\/\/yoast.com\/product\/yoast-seo-wordpress\/ -->\n<title>Equipe du projet ARC sim&#039;Pro - Service \/ FPSE - Sciences de l&#039;Enseignement et de la Formation<\/title>\n<meta name=\"robots\" content=\"index, follow, max-snippet:-1, max-image-preview:large, max-video-preview:-1\" \/>\n<link rel=\"canonical\" href=\"https:\/\/web.umons.ac.be\/semf\/projet-arc-simpro\/equipe-du-projet-arc-simpro\/\" \/>\n<meta property=\"og:locale\" content=\"fr_FR\" \/>\n<meta property=\"og:type\" content=\"article\" \/>\n<meta property=\"og:title\" content=\"Equipe du projet ARC sim&#039;Pro - Service \/ FPSE - Sciences de l&#039;Enseignement et de la Formation\" \/>\n<meta property=\"og:description\" content=\"L&rsquo;\u00e9quipe ARC Sim Pro est une \u00e9quipe de recherche multidisciplinaire qui se consacre \u00e0 l&rsquo;\u00e9tude et au d\u00e9veloppement des dispositifs de formation par simulation. Gr\u00e2ce \u00e0 leur expertise compl\u00e9mentaire issue de diff\u00e9rents domaines tels que la m\u00e9thodologie et la formation, la psychologie du travail et l&rsquo;information, le signal et l&rsquo;intelligence artificielle, l&rsquo;\u00e9quipe ARC Sim Pro [&hellip;]\" \/>\n<meta property=\"og:url\" content=\"https:\/\/web.umons.ac.be\/semf\/projet-arc-simpro\/equipe-du-projet-arc-simpro\/\" \/>\n<meta property=\"og:site_name\" content=\"Service \/ FPSE - Sciences de l&#039;Enseignement et de la Formation\" \/>\n<meta property=\"article:modified_time\" content=\"2023-07-25T23:45:21+00:00\" \/>\n<meta property=\"og:image\" content=\"https:\/\/web.umons.ac.be\/app\/uploads\/sites\/103\/2023\/07\/Capture-decran-2023-07-26-a-01.09.03-300x131.png\" \/>\n<meta name=\"twitter:card\" content=\"summary_large_image\" \/>\n<meta name=\"twitter:label1\" content=\"Dur\u00e9e de lecture estim\u00e9e\" \/>\n\t<meta name=\"twitter:data1\" content=\"2 minutes\" \/>\n<script type=\"application\/ld+json\" class=\"yoast-schema-graph\">{\"@context\":\"https:\/\/schema.org\",\"@graph\":[{\"@type\":\"WebPage\",\"@id\":\"https:\/\/web.umons.ac.be\/semf\/projet-arc-simpro\/equipe-du-projet-arc-simpro\/\",\"url\":\"https:\/\/web.umons.ac.be\/semf\/projet-arc-simpro\/equipe-du-projet-arc-simpro\/\",\"name\":\"Equipe du projet ARC sim'Pro - Service \/ FPSE - Sciences de l&#039;Enseignement et de la Formation\",\"isPartOf\":{\"@id\":\"https:\/\/web.umons.ac.be\/semf\/#website\"},\"primaryImageOfPage\":{\"@id\":\"https:\/\/web.umons.ac.be\/semf\/projet-arc-simpro\/equipe-du-projet-arc-simpro\/#primaryimage\"},\"image\":{\"@id\":\"https:\/\/web.umons.ac.be\/semf\/projet-arc-simpro\/equipe-du-projet-arc-simpro\/#primaryimage\"},\"thumbnailUrl\":\"https:\/\/web.umons.ac.be\/app\/uploads\/sites\/103\/2023\/07\/Capture-decran-2023-07-26-a-01.09.03-300x131.png\",\"datePublished\":\"2023-07-25T23:09:39+00:00\",\"dateModified\":\"2023-07-25T23:45:21+00:00\",\"breadcrumb\":{\"@id\":\"https:\/\/web.umons.ac.be\/semf\/projet-arc-simpro\/equipe-du-projet-arc-simpro\/#breadcrumb\"},\"inLanguage\":\"fr-FR\",\"potentialAction\":[{\"@type\":\"ReadAction\",\"target\":[\"https:\/\/web.umons.ac.be\/semf\/projet-arc-simpro\/equipe-du-projet-arc-simpro\/\"]}]},{\"@type\":\"ImageObject\",\"inLanguage\":\"fr-FR\",\"@id\":\"https:\/\/web.umons.ac.be\/semf\/projet-arc-simpro\/equipe-du-projet-arc-simpro\/#primaryimage\",\"url\":\"https:\/\/web.umons.ac.be\/app\/uploads\/sites\/103\/2023\/07\/Capture-decran-2023-07-26-a-01.09.03-300x131.png\",\"contentUrl\":\"https:\/\/web.umons.ac.be\/app\/uploads\/sites\/103\/2023\/07\/Capture-decran-2023-07-26-a-01.09.03-300x131.png\"},{\"@type\":\"BreadcrumbList\",\"@id\":\"https:\/\/web.umons.ac.be\/semf\/projet-arc-simpro\/equipe-du-projet-arc-simpro\/#breadcrumb\",\"itemListElement\":[{\"@type\":\"ListItem\",\"position\":1,\"name\":\"Home\",\"item\":\"https:\/\/web.umons.ac.be\/semf\/\"},{\"@type\":\"ListItem\",\"position\":2,\"name\":\"Projet ARC Sim\u2019Pro\",\"item\":\"https:\/\/web.umons.ac.be\/semf\/projet-arc-simpro\/\"},{\"@type\":\"ListItem\",\"position\":3,\"name\":\"Equipe du projet ARC sim&rsquo;Pro\"}]},{\"@type\":\"WebSite\",\"@id\":\"https:\/\/web.umons.ac.be\/semf\/#website\",\"url\":\"https:\/\/web.umons.ac.be\/semf\/\",\"name\":\"Service \/ FPSE - M\u00e9thodologie et formation\",\"description\":\"\",\"publisher\":{\"@id\":\"https:\/\/web.umons.ac.be\/semf\/#organization\"},\"potentialAction\":[{\"@type\":\"SearchAction\",\"target\":{\"@type\":\"EntryPoint\",\"urlTemplate\":\"https:\/\/web.umons.ac.be\/semf\/?s={search_term_string}\"},\"query-input\":{\"@type\":\"PropertyValueSpecification\",\"valueRequired\":true,\"valueName\":\"search_term_string\"}}],\"inLanguage\":\"fr-FR\"},{\"@type\":\"Organization\",\"@id\":\"https:\/\/web.umons.ac.be\/semf\/#organization\",\"name\":\"Service \/ FPSE - M\u00e9thodologie et formation\",\"url\":\"https:\/\/web.umons.ac.be\/semf\/\",\"logo\":{\"@type\":\"ImageObject\",\"inLanguage\":\"fr-FR\",\"@id\":\"https:\/\/web.umons.ac.be\/semf\/#\/schema\/logo\/image\/\",\"url\":\"https:\/\/web.umons.ac.be\/app\/uploads\/sites\/103\/2021\/11\/LOGOP316_Benoit-VANSCHOEBEKE.svg\",\"contentUrl\":\"https:\/\/web.umons.ac.be\/app\/uploads\/sites\/103\/2021\/11\/LOGOP316_Benoit-VANSCHOEBEKE.svg\",\"width\":1,\"height\":1,\"caption\":\"Service \/ FPSE - M\u00e9thodologie et formation\"},\"image\":{\"@id\":\"https:\/\/web.umons.ac.be\/semf\/#\/schema\/logo\/image\/\"}}]}<\/script>\n<!-- \/ Yoast SEO plugin. -->","yoast_head_json":{"title":"Equipe du projet ARC sim'Pro - Service \/ FPSE - Sciences de l&#039;Enseignement et de la Formation","robots":{"index":"index","follow":"follow","max-snippet":"max-snippet:-1","max-image-preview":"max-image-preview:large","max-video-preview":"max-video-preview:-1"},"canonical":"https:\/\/web.umons.ac.be\/semf\/projet-arc-simpro\/equipe-du-projet-arc-simpro\/","og_locale":"fr_FR","og_type":"article","og_title":"Equipe du projet ARC sim'Pro - Service \/ FPSE - Sciences de l&#039;Enseignement et de la Formation","og_description":"L&rsquo;\u00e9quipe ARC Sim Pro est une \u00e9quipe de recherche multidisciplinaire qui se consacre \u00e0 l&rsquo;\u00e9tude et au d\u00e9veloppement des dispositifs de formation par simulation. Gr\u00e2ce \u00e0 leur expertise compl\u00e9mentaire issue de diff\u00e9rents domaines tels que la m\u00e9thodologie et la formation, la psychologie du travail et l&rsquo;information, le signal et l&rsquo;intelligence artificielle, l&rsquo;\u00e9quipe ARC Sim Pro [&hellip;]","og_url":"https:\/\/web.umons.ac.be\/semf\/projet-arc-simpro\/equipe-du-projet-arc-simpro\/","og_site_name":"Service \/ FPSE - Sciences de l&#039;Enseignement et de la Formation","article_modified_time":"2023-07-25T23:45:21+00:00","og_image":[{"url":"https:\/\/web.umons.ac.be\/app\/uploads\/sites\/103\/2023\/07\/Capture-decran-2023-07-26-a-01.09.03-300x131.png","type":"","width":"","height":""}],"twitter_card":"summary_large_image","twitter_misc":{"Dur\u00e9e de lecture estim\u00e9e":"2 minutes"},"schema":{"@context":"https:\/\/schema.org","@graph":[{"@type":"WebPage","@id":"https:\/\/web.umons.ac.be\/semf\/projet-arc-simpro\/equipe-du-projet-arc-simpro\/","url":"https:\/\/web.umons.ac.be\/semf\/projet-arc-simpro\/equipe-du-projet-arc-simpro\/","name":"Equipe du projet ARC sim'Pro - Service \/ FPSE - Sciences de l&#039;Enseignement et de la Formation","isPartOf":{"@id":"https:\/\/web.umons.ac.be\/semf\/#website"},"primaryImageOfPage":{"@id":"https:\/\/web.umons.ac.be\/semf\/projet-arc-simpro\/equipe-du-projet-arc-simpro\/#primaryimage"},"image":{"@id":"https:\/\/web.umons.ac.be\/semf\/projet-arc-simpro\/equipe-du-projet-arc-simpro\/#primaryimage"},"thumbnailUrl":"https:\/\/web.umons.ac.be\/app\/uploads\/sites\/103\/2023\/07\/Capture-decran-2023-07-26-a-01.09.03-300x131.png","datePublished":"2023-07-25T23:09:39+00:00","dateModified":"2023-07-25T23:45:21+00:00","breadcrumb":{"@id":"https:\/\/web.umons.ac.be\/semf\/projet-arc-simpro\/equipe-du-projet-arc-simpro\/#breadcrumb"},"inLanguage":"fr-FR","potentialAction":[{"@type":"ReadAction","target":["https:\/\/web.umons.ac.be\/semf\/projet-arc-simpro\/equipe-du-projet-arc-simpro\/"]}]},{"@type":"ImageObject","inLanguage":"fr-FR","@id":"https:\/\/web.umons.ac.be\/semf\/projet-arc-simpro\/equipe-du-projet-arc-simpro\/#primaryimage","url":"https:\/\/web.umons.ac.be\/app\/uploads\/sites\/103\/2023\/07\/Capture-decran-2023-07-26-a-01.09.03-300x131.png","contentUrl":"https:\/\/web.umons.ac.be\/app\/uploads\/sites\/103\/2023\/07\/Capture-decran-2023-07-26-a-01.09.03-300x131.png"},{"@type":"BreadcrumbList","@id":"https:\/\/web.umons.ac.be\/semf\/projet-arc-simpro\/equipe-du-projet-arc-simpro\/#breadcrumb","itemListElement":[{"@type":"ListItem","position":1,"name":"Home","item":"https:\/\/web.umons.ac.be\/semf\/"},{"@type":"ListItem","position":2,"name":"Projet ARC Sim\u2019Pro","item":"https:\/\/web.umons.ac.be\/semf\/projet-arc-simpro\/"},{"@type":"ListItem","position":3,"name":"Equipe du projet ARC sim&rsquo;Pro"}]},{"@type":"WebSite","@id":"https:\/\/web.umons.ac.be\/semf\/#website","url":"https:\/\/web.umons.ac.be\/semf\/","name":"Service \/ FPSE - M\u00e9thodologie et formation","description":"","publisher":{"@id":"https:\/\/web.umons.ac.be\/semf\/#organization"},"potentialAction":[{"@type":"SearchAction","target":{"@type":"EntryPoint","urlTemplate":"https:\/\/web.umons.ac.be\/semf\/?s={search_term_string}"},"query-input":{"@type":"PropertyValueSpecification","valueRequired":true,"valueName":"search_term_string"}}],"inLanguage":"fr-FR"},{"@type":"Organization","@id":"https:\/\/web.umons.ac.be\/semf\/#organization","name":"Service \/ FPSE - M\u00e9thodologie et formation","url":"https:\/\/web.umons.ac.be\/semf\/","logo":{"@type":"ImageObject","inLanguage":"fr-FR","@id":"https:\/\/web.umons.ac.be\/semf\/#\/schema\/logo\/image\/","url":"https:\/\/web.umons.ac.be\/app\/uploads\/sites\/103\/2021\/11\/LOGOP316_Benoit-VANSCHOEBEKE.svg","contentUrl":"https:\/\/web.umons.ac.be\/app\/uploads\/sites\/103\/2021\/11\/LOGOP316_Benoit-VANSCHOEBEKE.svg","width":1,"height":1,"caption":"Service \/ FPSE - M\u00e9thodologie et formation"},"image":{"@id":"https:\/\/web.umons.ac.be\/semf\/#\/schema\/logo\/image\/"}}]}},"lang":"fr","translations":{"fr":1608},"pll_sync_post":[],"_links":{"self":[{"href":"https:\/\/web.umons.ac.be\/semf\/wp-json\/wp\/v2\/pages\/1608","targetHints":{"allow":["GET"]}}],"collection":[{"href":"https:\/\/web.umons.ac.be\/semf\/wp-json\/wp\/v2\/pages"}],"about":[{"href":"https:\/\/web.umons.ac.be\/semf\/wp-json\/wp\/v2\/types\/page"}],"author":[{"embeddable":true,"href":"https:\/\/web.umons.ac.be\/semf\/wp-json\/wp\/v2\/users\/237"}],"replies":[{"embeddable":true,"href":"https:\/\/web.umons.ac.be\/semf\/wp-json\/wp\/v2\/comments?post=1608"}],"version-history":[{"count":3,"href":"https:\/\/web.umons.ac.be\/semf\/wp-json\/wp\/v2\/pages\/1608\/revisions"}],"predecessor-version":[{"id":1630,"href":"https:\/\/web.umons.ac.be\/semf\/wp-json\/wp\/v2\/pages\/1608\/revisions\/1630"}],"up":[{"embeddable":true,"href":"https:\/\/web.umons.ac.be\/semf\/wp-json\/wp\/v2\/pages\/366"}],"wp:attachment":[{"href":"https:\/\/web.umons.ac.be\/semf\/wp-json\/wp\/v2\/media?parent=1608"}],"curies":[{"name":"wp","href":"https:\/\/api.w.org\/{rel}","templated":true}]}}