{"id":163,"date":"2021-12-13T11:34:47","date_gmt":"2021-12-13T10:34:47","guid":{"rendered":"https:\/\/web.umons.ac.be\/semf\/?page_id=163"},"modified":"2021-12-13T11:34:47","modified_gmt":"2021-12-13T10:34:47","slug":"alicia-allegri","status":"publish","type":"page","link":"https:\/\/web.umons.ac.be\/semf\/alicia-allegri\/","title":{"rendered":"Alicia ALLEGRI"},"content":{"rendered":"<div class=\"welcomeImage\">\n<div id=\"ctl00_PlaceHolderMain_PageImage__ControlWrapper_RichImageField\"><span dir=\"\"><img decoding=\"async\" class=\"alignleft\" src=\"https:\/\/sharepoint1.umons.ac.be\/FR\/universite\/facultes\/fpse\/serviceseetr\/methodo\/membres\/PublishingImages\/AllegriAlicia.jpg\" alt=\"\" width=\"100\" border=\"0\" \/><\/span><\/div>\n<\/div>\n<div class=\"pageContent\">\n<div id=\"ctl00_PlaceHolderMain_Content__ControlWrapper_RichHtmlField\">\n<p>Titulaire d\u2019un bachelier d\u2019institutrice primaire (2014) et d\u2019un Master en Sciences de l\u2019Education (2017), Alicia Allegri enseigne depuis 2017 dans l\u2019enseignement primaire ordinaire, primaire sp\u00e9cialis\u00e9 et secondaire sp\u00e9cialis\u00e9. Elle a occup\u00e9 les fonctions de titulaire et de professeur d\u2019Education \u00e0 la Philosophie et \u00e0 la Citoyennet\u00e9. A ce sujet, elle a obtenu le Certificat en Didactique de la Philosophie et de la Citoyennet\u00e9 en 2018. Conjointement \u00e0 sa profession d\u2019enseignante, elle a int\u00e9gr\u00e9 en septembre 2019 l\u2019Institut d\u2019Administration scolaire (inas) afin d\u2019effectuer des travaux de recherche consacr\u00e9s \u00e0 l\u2019identification, la cr\u00e9ation et \u00e0 la validation de dispositifs et d\u2019outils p\u00e9dagogiques en g\u00e9ographie.<\/p>\n<p>Lors de son stage de Master II, elle a particip\u00e9 \u00e0 une recherche, supervis\u00e9e par l\u2019Inas. Il \u00e9tait question d\u2019\u00e9tudier la mise en \u0153uvre du processus de d\u00e9centration chez les enfants et adolescents issus de l\u2019enseignement ordinaire et sp\u00e9cialis\u00e9 \u00e0 partir d\u2019une situation d\u2019enseignement-apprentissage exploitant une r\u00e9adaptation du jeu Animo-d\u00e9clic\u00ae. Plus pr\u00e9cis\u00e9ment, un int\u00e9r\u00eat \u00e9tait port\u00e9 aux m\u00e9canismes de r\u00e9gulation et d\u2019auto-r\u00e9gulation impliqu\u00e9s lors des activit\u00e9s d\u2019apprentissage en tenant compte des composantes cognitives, sociales et affectives mobilis\u00e9es. De m\u00eame, son m\u00e9moire concernait \u00e9galement l&rsquo;\u00e9tude du processus d&rsquo;abstraction. Plus pr\u00e9cis\u00e9ment, il \u00e9tait question d&rsquo;observer et d&rsquo;analyser les strat\u00e9gies autor\u00e9gulatrices d\u2019apprentissage des \u00e9l\u00e8ves de premi\u00e8re ann\u00e9e de l\u2019enseignement secondaire lors de jeux p\u00e9dagogiques mobilisant la repr\u00e9sentation 3D-2D.<\/p>\n<p>Ses travaux actuels portent sur l\u2019accompagnement des enseignants (formation initiale et actifs sur le terrain). Effectivement, il est question de\u00a0 mettre \u00e0 leur disposition un r\u00e9pertoire de dispositifs et d\u2019outils de g\u00e9ographie pertinents et valid\u00e9s par des experts.<\/p>\n<\/div>\n<\/div>\n","protected":false},"excerpt":{"rendered":"<p>Titulaire d\u2019un bachelier d\u2019institutrice primaire (2014) et d\u2019un Master en Sciences de l\u2019Education (2017), Alicia Allegri enseigne depuis 2017 dans l\u2019enseignement primaire ordinaire, primaire sp\u00e9cialis\u00e9 et secondaire sp\u00e9cialis\u00e9. Elle a occup\u00e9 les fonctions de titulaire et de professeur d\u2019Education \u00e0 la Philosophie et \u00e0 la Citoyennet\u00e9. A ce sujet, elle a obtenu le Certificat en [&hellip;]<\/p>\n","protected":false},"author":121,"featured_media":0,"parent":0,"menu_order":0,"comment_status":"closed","ping_status":"closed","template":"","meta":{"footnotes":""},"class_list":["post-163","page","type-page","status-publish","hentry"],"yoast_head":"<!-- This site is optimized with the Yoast SEO plugin v27.2 - https:\/\/yoast.com\/product\/yoast-seo-wordpress\/ -->\n<title>Alicia ALLEGRI - Service \/ FPSE - Sciences de l&#039;Enseignement et de la Formation<\/title>\n<meta name=\"robots\" content=\"index, follow, max-snippet:-1, max-image-preview:large, max-video-preview:-1\" \/>\n<link rel=\"canonical\" href=\"https:\/\/web.umons.ac.be\/semf\/alicia-allegri\/\" \/>\n<meta property=\"og:locale\" content=\"fr_FR\" \/>\n<meta property=\"og:type\" content=\"article\" \/>\n<meta property=\"og:title\" content=\"Alicia ALLEGRI - Service \/ FPSE - Sciences de l&#039;Enseignement et de la Formation\" \/>\n<meta property=\"og:description\" content=\"Titulaire d\u2019un bachelier d\u2019institutrice primaire (2014) et d\u2019un Master en Sciences de l\u2019Education (2017), Alicia Allegri enseigne depuis 2017 dans l\u2019enseignement primaire ordinaire, primaire sp\u00e9cialis\u00e9 et secondaire sp\u00e9cialis\u00e9. Elle a occup\u00e9 les fonctions de titulaire et de professeur d\u2019Education \u00e0 la Philosophie et \u00e0 la Citoyennet\u00e9. A ce sujet, elle a obtenu le Certificat en [&hellip;]\" \/>\n<meta property=\"og:url\" content=\"https:\/\/web.umons.ac.be\/semf\/alicia-allegri\/\" \/>\n<meta property=\"og:site_name\" content=\"Service \/ FPSE - Sciences de l&#039;Enseignement et de la Formation\" \/>\n<meta property=\"og:image\" content=\"https:\/\/sharepoint1.umons.ac.be\/FR\/universite\/facultes\/fpse\/serviceseetr\/methodo\/membres\/PublishingImages\/AllegriAlicia.jpg\" \/>\n<meta name=\"twitter:card\" content=\"summary_large_image\" \/>\n<meta name=\"twitter:label1\" content=\"Dur\u00e9e de lecture estim\u00e9e\" \/>\n\t<meta name=\"twitter:data1\" content=\"2 minutes\" \/>\n<script type=\"application\/ld+json\" class=\"yoast-schema-graph\">{\"@context\":\"https:\/\/schema.org\",\"@graph\":[{\"@type\":\"WebPage\",\"@id\":\"https:\/\/web.umons.ac.be\/semf\/alicia-allegri\/\",\"url\":\"https:\/\/web.umons.ac.be\/semf\/alicia-allegri\/\",\"name\":\"Alicia ALLEGRI - Service \/ FPSE - Sciences de l&#039;Enseignement et de la Formation\",\"isPartOf\":{\"@id\":\"https:\/\/web.umons.ac.be\/semf\/#website\"},\"primaryImageOfPage\":{\"@id\":\"https:\/\/web.umons.ac.be\/semf\/alicia-allegri\/#primaryimage\"},\"image\":{\"@id\":\"https:\/\/web.umons.ac.be\/semf\/alicia-allegri\/#primaryimage\"},\"thumbnailUrl\":\"https:\/\/sharepoint1.umons.ac.be\/FR\/universite\/facultes\/fpse\/serviceseetr\/methodo\/membres\/PublishingImages\/AllegriAlicia.jpg\",\"datePublished\":\"2021-12-13T10:34:47+00:00\",\"breadcrumb\":{\"@id\":\"https:\/\/web.umons.ac.be\/semf\/alicia-allegri\/#breadcrumb\"},\"inLanguage\":\"fr-FR\",\"potentialAction\":[{\"@type\":\"ReadAction\",\"target\":[\"https:\/\/web.umons.ac.be\/semf\/alicia-allegri\/\"]}]},{\"@type\":\"ImageObject\",\"inLanguage\":\"fr-FR\",\"@id\":\"https:\/\/web.umons.ac.be\/semf\/alicia-allegri\/#primaryimage\",\"url\":\"https:\/\/sharepoint1.umons.ac.be\/FR\/universite\/facultes\/fpse\/serviceseetr\/methodo\/membres\/PublishingImages\/AllegriAlicia.jpg\",\"contentUrl\":\"https:\/\/sharepoint1.umons.ac.be\/FR\/universite\/facultes\/fpse\/serviceseetr\/methodo\/membres\/PublishingImages\/AllegriAlicia.jpg\"},{\"@type\":\"BreadcrumbList\",\"@id\":\"https:\/\/web.umons.ac.be\/semf\/alicia-allegri\/#breadcrumb\",\"itemListElement\":[{\"@type\":\"ListItem\",\"position\":1,\"name\":\"Home\",\"item\":\"https:\/\/web.umons.ac.be\/semf\/\"},{\"@type\":\"ListItem\",\"position\":2,\"name\":\"Alicia ALLEGRI\"}]},{\"@type\":\"WebSite\",\"@id\":\"https:\/\/web.umons.ac.be\/semf\/#website\",\"url\":\"https:\/\/web.umons.ac.be\/semf\/\",\"name\":\"Service \/ FPSE - M\u00e9thodologie et formation\",\"description\":\"\",\"publisher\":{\"@id\":\"https:\/\/web.umons.ac.be\/semf\/#organization\"},\"potentialAction\":[{\"@type\":\"SearchAction\",\"target\":{\"@type\":\"EntryPoint\",\"urlTemplate\":\"https:\/\/web.umons.ac.be\/semf\/?s={search_term_string}\"},\"query-input\":{\"@type\":\"PropertyValueSpecification\",\"valueRequired\":true,\"valueName\":\"search_term_string\"}}],\"inLanguage\":\"fr-FR\"},{\"@type\":\"Organization\",\"@id\":\"https:\/\/web.umons.ac.be\/semf\/#organization\",\"name\":\"Service \/ FPSE - M\u00e9thodologie et formation\",\"url\":\"https:\/\/web.umons.ac.be\/semf\/\",\"logo\":{\"@type\":\"ImageObject\",\"inLanguage\":\"fr-FR\",\"@id\":\"https:\/\/web.umons.ac.be\/semf\/#\/schema\/logo\/image\/\",\"url\":\"https:\/\/web.umons.ac.be\/app\/uploads\/sites\/103\/2021\/11\/LOGOP316_Benoit-VANSCHOEBEKE.svg\",\"contentUrl\":\"https:\/\/web.umons.ac.be\/app\/uploads\/sites\/103\/2021\/11\/LOGOP316_Benoit-VANSCHOEBEKE.svg\",\"width\":1,\"height\":1,\"caption\":\"Service \/ FPSE - M\u00e9thodologie et formation\"},\"image\":{\"@id\":\"https:\/\/web.umons.ac.be\/semf\/#\/schema\/logo\/image\/\"}}]}<\/script>\n<!-- \/ Yoast SEO plugin. -->","yoast_head_json":{"title":"Alicia ALLEGRI - Service \/ FPSE - Sciences de l&#039;Enseignement et de la Formation","robots":{"index":"index","follow":"follow","max-snippet":"max-snippet:-1","max-image-preview":"max-image-preview:large","max-video-preview":"max-video-preview:-1"},"canonical":"https:\/\/web.umons.ac.be\/semf\/alicia-allegri\/","og_locale":"fr_FR","og_type":"article","og_title":"Alicia ALLEGRI - Service \/ FPSE - Sciences de l&#039;Enseignement et de la Formation","og_description":"Titulaire d\u2019un bachelier d\u2019institutrice primaire (2014) et d\u2019un Master en Sciences de l\u2019Education (2017), Alicia Allegri enseigne depuis 2017 dans l\u2019enseignement primaire ordinaire, primaire sp\u00e9cialis\u00e9 et secondaire sp\u00e9cialis\u00e9. Elle a occup\u00e9 les fonctions de titulaire et de professeur d\u2019Education \u00e0 la Philosophie et \u00e0 la Citoyennet\u00e9. A ce sujet, elle a obtenu le Certificat en [&hellip;]","og_url":"https:\/\/web.umons.ac.be\/semf\/alicia-allegri\/","og_site_name":"Service \/ FPSE - Sciences de l&#039;Enseignement et de la Formation","og_image":[{"url":"https:\/\/sharepoint1.umons.ac.be\/FR\/universite\/facultes\/fpse\/serviceseetr\/methodo\/membres\/PublishingImages\/AllegriAlicia.jpg","type":"","width":"","height":""}],"twitter_card":"summary_large_image","twitter_misc":{"Dur\u00e9e de lecture estim\u00e9e":"2 minutes"},"schema":{"@context":"https:\/\/schema.org","@graph":[{"@type":"WebPage","@id":"https:\/\/web.umons.ac.be\/semf\/alicia-allegri\/","url":"https:\/\/web.umons.ac.be\/semf\/alicia-allegri\/","name":"Alicia ALLEGRI - Service \/ FPSE - Sciences de l&#039;Enseignement et de la Formation","isPartOf":{"@id":"https:\/\/web.umons.ac.be\/semf\/#website"},"primaryImageOfPage":{"@id":"https:\/\/web.umons.ac.be\/semf\/alicia-allegri\/#primaryimage"},"image":{"@id":"https:\/\/web.umons.ac.be\/semf\/alicia-allegri\/#primaryimage"},"thumbnailUrl":"https:\/\/sharepoint1.umons.ac.be\/FR\/universite\/facultes\/fpse\/serviceseetr\/methodo\/membres\/PublishingImages\/AllegriAlicia.jpg","datePublished":"2021-12-13T10:34:47+00:00","breadcrumb":{"@id":"https:\/\/web.umons.ac.be\/semf\/alicia-allegri\/#breadcrumb"},"inLanguage":"fr-FR","potentialAction":[{"@type":"ReadAction","target":["https:\/\/web.umons.ac.be\/semf\/alicia-allegri\/"]}]},{"@type":"ImageObject","inLanguage":"fr-FR","@id":"https:\/\/web.umons.ac.be\/semf\/alicia-allegri\/#primaryimage","url":"https:\/\/sharepoint1.umons.ac.be\/FR\/universite\/facultes\/fpse\/serviceseetr\/methodo\/membres\/PublishingImages\/AllegriAlicia.jpg","contentUrl":"https:\/\/sharepoint1.umons.ac.be\/FR\/universite\/facultes\/fpse\/serviceseetr\/methodo\/membres\/PublishingImages\/AllegriAlicia.jpg"},{"@type":"BreadcrumbList","@id":"https:\/\/web.umons.ac.be\/semf\/alicia-allegri\/#breadcrumb","itemListElement":[{"@type":"ListItem","position":1,"name":"Home","item":"https:\/\/web.umons.ac.be\/semf\/"},{"@type":"ListItem","position":2,"name":"Alicia ALLEGRI"}]},{"@type":"WebSite","@id":"https:\/\/web.umons.ac.be\/semf\/#website","url":"https:\/\/web.umons.ac.be\/semf\/","name":"Service \/ FPSE - M\u00e9thodologie et formation","description":"","publisher":{"@id":"https:\/\/web.umons.ac.be\/semf\/#organization"},"potentialAction":[{"@type":"SearchAction","target":{"@type":"EntryPoint","urlTemplate":"https:\/\/web.umons.ac.be\/semf\/?s={search_term_string}"},"query-input":{"@type":"PropertyValueSpecification","valueRequired":true,"valueName":"search_term_string"}}],"inLanguage":"fr-FR"},{"@type":"Organization","@id":"https:\/\/web.umons.ac.be\/semf\/#organization","name":"Service \/ FPSE - M\u00e9thodologie et formation","url":"https:\/\/web.umons.ac.be\/semf\/","logo":{"@type":"ImageObject","inLanguage":"fr-FR","@id":"https:\/\/web.umons.ac.be\/semf\/#\/schema\/logo\/image\/","url":"https:\/\/web.umons.ac.be\/app\/uploads\/sites\/103\/2021\/11\/LOGOP316_Benoit-VANSCHOEBEKE.svg","contentUrl":"https:\/\/web.umons.ac.be\/app\/uploads\/sites\/103\/2021\/11\/LOGOP316_Benoit-VANSCHOEBEKE.svg","width":1,"height":1,"caption":"Service \/ FPSE - M\u00e9thodologie et formation"},"image":{"@id":"https:\/\/web.umons.ac.be\/semf\/#\/schema\/logo\/image\/"}}]}},"lang":"fr","translations":{"fr":163},"pll_sync_post":[],"_links":{"self":[{"href":"https:\/\/web.umons.ac.be\/semf\/wp-json\/wp\/v2\/pages\/163","targetHints":{"allow":["GET"]}}],"collection":[{"href":"https:\/\/web.umons.ac.be\/semf\/wp-json\/wp\/v2\/pages"}],"about":[{"href":"https:\/\/web.umons.ac.be\/semf\/wp-json\/wp\/v2\/types\/page"}],"author":[{"embeddable":true,"href":"https:\/\/web.umons.ac.be\/semf\/wp-json\/wp\/v2\/users\/121"}],"replies":[{"embeddable":true,"href":"https:\/\/web.umons.ac.be\/semf\/wp-json\/wp\/v2\/comments?post=163"}],"version-history":[{"count":1,"href":"https:\/\/web.umons.ac.be\/semf\/wp-json\/wp\/v2\/pages\/163\/revisions"}],"predecessor-version":[{"id":164,"href":"https:\/\/web.umons.ac.be\/semf\/wp-json\/wp\/v2\/pages\/163\/revisions\/164"}],"wp:attachment":[{"href":"https:\/\/web.umons.ac.be\/semf\/wp-json\/wp\/v2\/media?parent=163"}],"curies":[{"name":"wp","href":"https:\/\/api.w.org\/{rel}","templated":true}]}}