{"id":165,"date":"2021-12-13T11:35:20","date_gmt":"2021-12-13T10:35:20","guid":{"rendered":"https:\/\/web.umons.ac.be\/semf\/?page_id=165"},"modified":"2021-12-13T11:35:32","modified_gmt":"2021-12-13T10:35:32","slug":"frederique-artus","status":"publish","type":"page","link":"https:\/\/web.umons.ac.be\/semf\/frederique-artus\/","title":{"rendered":"Fr\u00e9d\u00e9rique ARTUS\u00a0"},"content":{"rendered":"<div class=\"welcomeImage\">\n<div id=\"ctl00_PlaceHolderMain_PageImage__ControlWrapper_RichImageField\"><span dir=\"\"><img decoding=\"async\" class=\"alignleft\" src=\"https:\/\/sharepoint1.umons.ac.be\/FR\/universite\/facultes\/fpse\/serviceseetr\/methodo\/PublishingImages\/fred2.jpg\" alt=\"\" width=\"101\" border=\"0\" \/><\/span><\/div>\n<\/div>\n<div class=\"pageContent\">\n<div id=\"ctl00_PlaceHolderMain_Content__ControlWrapper_RichHtmlField\">\n<p>Fr\u00e9d\u00e9rique Artus est licenci\u00e9e et agr\u00e9g\u00e9e en langues et linguistique (Universit\u00e9 Libre de Bruxelles) et a une ma\u00eetrise en Sciences de l&rsquo;Education (Universit\u00e9 Libre de Bruxelles-Universit\u00e9 de Mons Hainaut). Elle est par ailleurs professeur de FLE pour adultes en formation continu\u00e9e et a \u00e9t\u00e9 pendant 7 ans responsable d&rsquo;une association scientifique internationale dans le secteur m\u00e9dical pour laquelle elle a d\u00e9velopp\u00e9 des projets en formation et organis\u00e9 des congr\u00e8s scientifiques. Auparavant, elle a \u00e9t\u00e9 agent de la Direction g\u00e9n\u00e9rale de l&rsquo;Economie et de l&rsquo;Emploi \u00e0 la R\u00e9gion wallonne, en charge des investissements \u00e9trangers asiatiques.<\/p>\n<p>Membre de l&rsquo;INAS de 2005 \u00e0 2010, elle a particip\u00e9 \u00e0 plusieurs projets nationaux et internationaux dans le domaine de l&rsquo;\u00e9valuation en langue. Ses travaux de recherche concernaient \u00e9galement la formation des adultes en reprise d\u2019\u00e9tudes. Par ailleurs, elle a assur\u00e9 la coordination p\u00e9dagogique des formations relatives au volet commun \u00e0 l\u2019ensemble des r\u00e9seaux de la formation de directeurs commandit\u00e9e par l\u2019IFC jusqu\u2019en 2011. Elle y a particip\u00e9 \u00e9galement en tant que formatrice et \u00e9valuatrice jusqu\u2019en 2012. Elle participe encore a des projets de recherche li\u00e9es \u00e0 sa nouvelle fonction (EEE, aide \u00e0 la r\u00e9ussite).<\/p>\n<p>Depuis 2010, Fr\u00e9d\u00e9rique Artus est Conseill\u00e8re en p\u00e9dagogie universitaire au sein de l\u2019UMONS et coordonne le\u00a0<a title=\"\" href=\"https:\/\/sharepoint1.umons.ac.be\/FR\/universite\/admin\/aff_academiques\/Pedagogie_Qualite\/Pages\/default.aspx\" target=\"_blank\" rel=\"noopener\">Service d\u2019Appui P\u00e9dagogique<\/a>.<\/p>\n<p>Elle est membre active de plusieurs associations scientifiques (Association pour le D\u00e9veloppement des M\u00e9thodologies d&rsquo;Evaluation en Education, Association internationale de P\u00e9dagogie universitaire, BSQF, &#8230;).<\/p>\n<p><a title=\"\" href=\"http:\/\/applications.umons.ac.be\/webappspub\/wsxmlpubs\/GetList.aspx?matricule=503263&amp;output=html\" target=\"\" rel=\"noopener\">Liste des publications de Fr\u00e9d\u00e9rique Artus (DI de l&rsquo;UMONS)<\/a><\/p>\n<\/div>\n<\/div>\n","protected":false},"excerpt":{"rendered":"<p>Fr\u00e9d\u00e9rique Artus est licenci\u00e9e et agr\u00e9g\u00e9e en langues et linguistique (Universit\u00e9 Libre de Bruxelles) et a une ma\u00eetrise en Sciences de l&rsquo;Education (Universit\u00e9 Libre de Bruxelles-Universit\u00e9 de Mons Hainaut). Elle est par ailleurs professeur de FLE pour adultes en formation continu\u00e9e et a \u00e9t\u00e9 pendant 7 ans responsable d&rsquo;une association scientifique internationale dans le secteur [&hellip;]<\/p>\n","protected":false},"author":121,"featured_media":0,"parent":0,"menu_order":0,"comment_status":"closed","ping_status":"closed","template":"","meta":{"footnotes":""},"class_list":["post-165","page","type-page","status-publish","hentry"],"yoast_head":"<!-- This site is optimized with the Yoast SEO plugin v27.2 - https:\/\/yoast.com\/product\/yoast-seo-wordpress\/ -->\n<title>Fr\u00e9d\u00e9rique ARTUS\u00a0 - Service \/ FPSE - Sciences de l&#039;Enseignement et de la Formation<\/title>\n<meta name=\"robots\" content=\"index, follow, max-snippet:-1, max-image-preview:large, max-video-preview:-1\" \/>\n<link rel=\"canonical\" href=\"https:\/\/web.umons.ac.be\/semf\/frederique-artus\/\" \/>\n<meta property=\"og:locale\" content=\"fr_FR\" \/>\n<meta property=\"og:type\" content=\"article\" \/>\n<meta property=\"og:title\" content=\"Fr\u00e9d\u00e9rique ARTUS\u00a0 - Service \/ FPSE - Sciences de l&#039;Enseignement et de la Formation\" \/>\n<meta property=\"og:description\" content=\"Fr\u00e9d\u00e9rique Artus est licenci\u00e9e et agr\u00e9g\u00e9e en langues et linguistique (Universit\u00e9 Libre de Bruxelles) et a une ma\u00eetrise en Sciences de l&rsquo;Education (Universit\u00e9 Libre de Bruxelles-Universit\u00e9 de Mons Hainaut). Elle est par ailleurs professeur de FLE pour adultes en formation continu\u00e9e et a \u00e9t\u00e9 pendant 7 ans responsable d&rsquo;une association scientifique internationale dans le secteur [&hellip;]\" \/>\n<meta property=\"og:url\" content=\"https:\/\/web.umons.ac.be\/semf\/frederique-artus\/\" \/>\n<meta property=\"og:site_name\" content=\"Service \/ FPSE - Sciences de l&#039;Enseignement et de la Formation\" \/>\n<meta property=\"article:modified_time\" content=\"2021-12-13T10:35:32+00:00\" \/>\n<meta property=\"og:image\" content=\"https:\/\/sharepoint1.umons.ac.be\/FR\/universite\/facultes\/fpse\/serviceseetr\/methodo\/PublishingImages\/fred2.jpg\" \/>\n<meta name=\"twitter:card\" content=\"summary_large_image\" \/>\n<meta name=\"twitter:label1\" content=\"Dur\u00e9e de lecture estim\u00e9e\" \/>\n\t<meta name=\"twitter:data1\" content=\"1 minute\" \/>\n<script type=\"application\/ld+json\" class=\"yoast-schema-graph\">{\"@context\":\"https:\/\/schema.org\",\"@graph\":[{\"@type\":\"WebPage\",\"@id\":\"https:\/\/web.umons.ac.be\/semf\/frederique-artus\/\",\"url\":\"https:\/\/web.umons.ac.be\/semf\/frederique-artus\/\",\"name\":\"Fr\u00e9d\u00e9rique ARTUS\u00a0 - Service \/ FPSE - Sciences de l&#039;Enseignement et de la Formation\",\"isPartOf\":{\"@id\":\"https:\/\/web.umons.ac.be\/semf\/#website\"},\"primaryImageOfPage\":{\"@id\":\"https:\/\/web.umons.ac.be\/semf\/frederique-artus\/#primaryimage\"},\"image\":{\"@id\":\"https:\/\/web.umons.ac.be\/semf\/frederique-artus\/#primaryimage\"},\"thumbnailUrl\":\"https:\/\/sharepoint1.umons.ac.be\/FR\/universite\/facultes\/fpse\/serviceseetr\/methodo\/PublishingImages\/fred2.jpg\",\"datePublished\":\"2021-12-13T10:35:20+00:00\",\"dateModified\":\"2021-12-13T10:35:32+00:00\",\"breadcrumb\":{\"@id\":\"https:\/\/web.umons.ac.be\/semf\/frederique-artus\/#breadcrumb\"},\"inLanguage\":\"fr-FR\",\"potentialAction\":[{\"@type\":\"ReadAction\",\"target\":[\"https:\/\/web.umons.ac.be\/semf\/frederique-artus\/\"]}]},{\"@type\":\"ImageObject\",\"inLanguage\":\"fr-FR\",\"@id\":\"https:\/\/web.umons.ac.be\/semf\/frederique-artus\/#primaryimage\",\"url\":\"https:\/\/sharepoint1.umons.ac.be\/FR\/universite\/facultes\/fpse\/serviceseetr\/methodo\/PublishingImages\/fred2.jpg\",\"contentUrl\":\"https:\/\/sharepoint1.umons.ac.be\/FR\/universite\/facultes\/fpse\/serviceseetr\/methodo\/PublishingImages\/fred2.jpg\"},{\"@type\":\"BreadcrumbList\",\"@id\":\"https:\/\/web.umons.ac.be\/semf\/frederique-artus\/#breadcrumb\",\"itemListElement\":[{\"@type\":\"ListItem\",\"position\":1,\"name\":\"Home\",\"item\":\"https:\/\/web.umons.ac.be\/semf\/\"},{\"@type\":\"ListItem\",\"position\":2,\"name\":\"Fr\u00e9d\u00e9rique ARTUS\u00a0\"}]},{\"@type\":\"WebSite\",\"@id\":\"https:\/\/web.umons.ac.be\/semf\/#website\",\"url\":\"https:\/\/web.umons.ac.be\/semf\/\",\"name\":\"Service \/ FPSE - M\u00e9thodologie et formation\",\"description\":\"\",\"publisher\":{\"@id\":\"https:\/\/web.umons.ac.be\/semf\/#organization\"},\"potentialAction\":[{\"@type\":\"SearchAction\",\"target\":{\"@type\":\"EntryPoint\",\"urlTemplate\":\"https:\/\/web.umons.ac.be\/semf\/?s={search_term_string}\"},\"query-input\":{\"@type\":\"PropertyValueSpecification\",\"valueRequired\":true,\"valueName\":\"search_term_string\"}}],\"inLanguage\":\"fr-FR\"},{\"@type\":\"Organization\",\"@id\":\"https:\/\/web.umons.ac.be\/semf\/#organization\",\"name\":\"Service \/ FPSE - M\u00e9thodologie et formation\",\"url\":\"https:\/\/web.umons.ac.be\/semf\/\",\"logo\":{\"@type\":\"ImageObject\",\"inLanguage\":\"fr-FR\",\"@id\":\"https:\/\/web.umons.ac.be\/semf\/#\/schema\/logo\/image\/\",\"url\":\"https:\/\/web.umons.ac.be\/app\/uploads\/sites\/103\/2021\/11\/LOGOP316_Benoit-VANSCHOEBEKE.svg\",\"contentUrl\":\"https:\/\/web.umons.ac.be\/app\/uploads\/sites\/103\/2021\/11\/LOGOP316_Benoit-VANSCHOEBEKE.svg\",\"width\":1,\"height\":1,\"caption\":\"Service \/ FPSE - M\u00e9thodologie et formation\"},\"image\":{\"@id\":\"https:\/\/web.umons.ac.be\/semf\/#\/schema\/logo\/image\/\"}}]}<\/script>\n<!-- \/ Yoast SEO plugin. -->","yoast_head_json":{"title":"Fr\u00e9d\u00e9rique ARTUS\u00a0 - Service \/ FPSE - Sciences de l&#039;Enseignement et de la Formation","robots":{"index":"index","follow":"follow","max-snippet":"max-snippet:-1","max-image-preview":"max-image-preview:large","max-video-preview":"max-video-preview:-1"},"canonical":"https:\/\/web.umons.ac.be\/semf\/frederique-artus\/","og_locale":"fr_FR","og_type":"article","og_title":"Fr\u00e9d\u00e9rique ARTUS\u00a0 - Service \/ FPSE - Sciences de l&#039;Enseignement et de la Formation","og_description":"Fr\u00e9d\u00e9rique Artus est licenci\u00e9e et agr\u00e9g\u00e9e en langues et linguistique (Universit\u00e9 Libre de Bruxelles) et a une ma\u00eetrise en Sciences de l&rsquo;Education (Universit\u00e9 Libre de Bruxelles-Universit\u00e9 de Mons Hainaut). Elle est par ailleurs professeur de FLE pour adultes en formation continu\u00e9e et a \u00e9t\u00e9 pendant 7 ans responsable d&rsquo;une association scientifique internationale dans le secteur [&hellip;]","og_url":"https:\/\/web.umons.ac.be\/semf\/frederique-artus\/","og_site_name":"Service \/ FPSE - Sciences de l&#039;Enseignement et de la Formation","article_modified_time":"2021-12-13T10:35:32+00:00","og_image":[{"url":"https:\/\/sharepoint1.umons.ac.be\/FR\/universite\/facultes\/fpse\/serviceseetr\/methodo\/PublishingImages\/fred2.jpg","type":"","width":"","height":""}],"twitter_card":"summary_large_image","twitter_misc":{"Dur\u00e9e de lecture estim\u00e9e":"1 minute"},"schema":{"@context":"https:\/\/schema.org","@graph":[{"@type":"WebPage","@id":"https:\/\/web.umons.ac.be\/semf\/frederique-artus\/","url":"https:\/\/web.umons.ac.be\/semf\/frederique-artus\/","name":"Fr\u00e9d\u00e9rique ARTUS\u00a0 - Service \/ FPSE - Sciences de l&#039;Enseignement et de la Formation","isPartOf":{"@id":"https:\/\/web.umons.ac.be\/semf\/#website"},"primaryImageOfPage":{"@id":"https:\/\/web.umons.ac.be\/semf\/frederique-artus\/#primaryimage"},"image":{"@id":"https:\/\/web.umons.ac.be\/semf\/frederique-artus\/#primaryimage"},"thumbnailUrl":"https:\/\/sharepoint1.umons.ac.be\/FR\/universite\/facultes\/fpse\/serviceseetr\/methodo\/PublishingImages\/fred2.jpg","datePublished":"2021-12-13T10:35:20+00:00","dateModified":"2021-12-13T10:35:32+00:00","breadcrumb":{"@id":"https:\/\/web.umons.ac.be\/semf\/frederique-artus\/#breadcrumb"},"inLanguage":"fr-FR","potentialAction":[{"@type":"ReadAction","target":["https:\/\/web.umons.ac.be\/semf\/frederique-artus\/"]}]},{"@type":"ImageObject","inLanguage":"fr-FR","@id":"https:\/\/web.umons.ac.be\/semf\/frederique-artus\/#primaryimage","url":"https:\/\/sharepoint1.umons.ac.be\/FR\/universite\/facultes\/fpse\/serviceseetr\/methodo\/PublishingImages\/fred2.jpg","contentUrl":"https:\/\/sharepoint1.umons.ac.be\/FR\/universite\/facultes\/fpse\/serviceseetr\/methodo\/PublishingImages\/fred2.jpg"},{"@type":"BreadcrumbList","@id":"https:\/\/web.umons.ac.be\/semf\/frederique-artus\/#breadcrumb","itemListElement":[{"@type":"ListItem","position":1,"name":"Home","item":"https:\/\/web.umons.ac.be\/semf\/"},{"@type":"ListItem","position":2,"name":"Fr\u00e9d\u00e9rique ARTUS\u00a0"}]},{"@type":"WebSite","@id":"https:\/\/web.umons.ac.be\/semf\/#website","url":"https:\/\/web.umons.ac.be\/semf\/","name":"Service \/ FPSE - M\u00e9thodologie et formation","description":"","publisher":{"@id":"https:\/\/web.umons.ac.be\/semf\/#organization"},"potentialAction":[{"@type":"SearchAction","target":{"@type":"EntryPoint","urlTemplate":"https:\/\/web.umons.ac.be\/semf\/?s={search_term_string}"},"query-input":{"@type":"PropertyValueSpecification","valueRequired":true,"valueName":"search_term_string"}}],"inLanguage":"fr-FR"},{"@type":"Organization","@id":"https:\/\/web.umons.ac.be\/semf\/#organization","name":"Service \/ FPSE - M\u00e9thodologie et formation","url":"https:\/\/web.umons.ac.be\/semf\/","logo":{"@type":"ImageObject","inLanguage":"fr-FR","@id":"https:\/\/web.umons.ac.be\/semf\/#\/schema\/logo\/image\/","url":"https:\/\/web.umons.ac.be\/app\/uploads\/sites\/103\/2021\/11\/LOGOP316_Benoit-VANSCHOEBEKE.svg","contentUrl":"https:\/\/web.umons.ac.be\/app\/uploads\/sites\/103\/2021\/11\/LOGOP316_Benoit-VANSCHOEBEKE.svg","width":1,"height":1,"caption":"Service \/ FPSE - M\u00e9thodologie et formation"},"image":{"@id":"https:\/\/web.umons.ac.be\/semf\/#\/schema\/logo\/image\/"}}]}},"lang":"fr","translations":{"fr":165},"pll_sync_post":[],"_links":{"self":[{"href":"https:\/\/web.umons.ac.be\/semf\/wp-json\/wp\/v2\/pages\/165","targetHints":{"allow":["GET"]}}],"collection":[{"href":"https:\/\/web.umons.ac.be\/semf\/wp-json\/wp\/v2\/pages"}],"about":[{"href":"https:\/\/web.umons.ac.be\/semf\/wp-json\/wp\/v2\/types\/page"}],"author":[{"embeddable":true,"href":"https:\/\/web.umons.ac.be\/semf\/wp-json\/wp\/v2\/users\/121"}],"replies":[{"embeddable":true,"href":"https:\/\/web.umons.ac.be\/semf\/wp-json\/wp\/v2\/comments?post=165"}],"version-history":[{"count":2,"href":"https:\/\/web.umons.ac.be\/semf\/wp-json\/wp\/v2\/pages\/165\/revisions"}],"predecessor-version":[{"id":167,"href":"https:\/\/web.umons.ac.be\/semf\/wp-json\/wp\/v2\/pages\/165\/revisions\/167"}],"wp:attachment":[{"href":"https:\/\/web.umons.ac.be\/semf\/wp-json\/wp\/v2\/media?parent=165"}],"curies":[{"name":"wp","href":"https:\/\/api.w.org\/{rel}","templated":true}]}}