{"id":174,"date":"2021-12-13T11:38:09","date_gmt":"2021-12-13T10:38:09","guid":{"rendered":"https:\/\/web.umons.ac.be\/semf\/?page_id=174"},"modified":"2021-12-13T11:38:09","modified_gmt":"2021-12-13T10:38:09","slug":"natacha-duroisin","status":"publish","type":"page","link":"https:\/\/web.umons.ac.be\/semf\/natacha-duroisin\/","title":{"rendered":"Natacha DUROISIN"},"content":{"rendered":"<div class=\"welcomeImage\">\n<div id=\"ctl00_PlaceHolderMain_PageImage__ControlWrapper_RichImageField\"><span dir=\"\"><img decoding=\"async\" class=\"alignleft\" src=\"https:\/\/sharepoint1.umons.ac.be\/FR\/universite\/facultes\/fpse\/serviceseetr\/methodo\/membres\/PublishingImages\/Natacha%20Duroisin.jpg\" alt=\"\" width=\"110\" border=\"0\" \/><\/span> <span style=\"font-size: 14px\">Natacha Duroisin est Charg\u00e9e de cours \u00e0 l\u2019Ecole de Formation des Enseignants (UMONS) et coordinatrice scientifique pour l\u2019UMONS de deux recherches men\u00e9es dans le cadre du Pacte pour un enseignement d\u2019excellence (recherche \u00ab\u00a0<\/span><a style=\"font-size: 14px\" title=\"\" href=\"http:\/\/www.capte.be\/\" target=\"_blank\" rel=\"noopener\">Diff\u00e9renciation et accompagnement personnalis\u00e9<\/a><span style=\"font-size: 14px\">\u00a0\u00bb et \u00ab\u00a0Consortium Math\u00e9matiques-Sciences-G\u00e9ographie\u00a0\u00bb).<\/span><\/div>\n<\/div>\n<div class=\"pageContent\">\n<div id=\"ctl00_PlaceHolderMain_Content__ControlWrapper_RichHtmlField\">\n<p>Titulaire d\u2019un Doctorat en Sciences psychologiques et de l&rsquo;Education, d\u2019un Master en Sciences de l\u2019\u00e9ducation et d&rsquo;un Bachelier en Sciences Humaines, elle a int\u00e9gr\u00e9 l\u2019Ecole de Formation des Enseignants depuis septembre 2019.<\/p>\n<p>Depuis octobre 2010, Natacha Duroisin \u00e9tait chercheure postdoctorale \u00e0 l\u2019Institut d\u2019Administration Scolaire (INAS) sous la direction du Professeur Marc Demeuse. En octobre 2011, elle avait d\u00e9but\u00e9 un mandat en tant qu\u2019Aspirante F.R.S. &#8211; FNRS (financement du Fonds National de la Recherche Scientifique belge). Situ\u00e9s \u00e0 mi-chemin entre les Sciences de l\u2019\u00e9ducation et la Psychologie cognitive, ses travaux de recherche portent sur la\u00a0<a href=\"https:\/\/sharepoint1.umons.ac.be\/fr\/universite\/facultes\/fpse\/serviceseetr\/methodo\/recherches\/recherches_en_cours\/pages\/etudedufonctionnementcognitif.aspx\" target=\"_blank\" rel=\"noopener\">compr\u00e9hension du fonctionnement cognitif des apprenants lorsque ceux-ci sont impliqu\u00e9s dans des apprentissages scolaires (notamment en math\u00e9matiques, g\u00e9ographie, sciences)<\/a>.<\/p>\n<p>Soutenue le\u00a0 28 avril 2015 \u00e0 l\u2019Universit\u00e9 de Mons, sa th\u00e8se est intitul\u00e9e \u00ab\u00a0<a title=\"\" href=\"https:\/\/hal.archives-ouvertes.fr\/tel-01152392\" target=\"_blank\" rel=\"noopener\">Quelle place pour les apprentissages spatiaux \u00e0 l&rsquo;\u00e9cole? Etude exp\u00e9rimentale du d\u00e9veloppement des comp\u00e9tences spatiales des \u00e9l\u00e8ves \u00e2g\u00e9s de 6 \u00e0 15 ans<\/a>\u00ab\u00a0. Un\u00a0<a title=\"\" href=\"http:\/\/didageo.blogspot.be\/2017\/08\/apprentissages-spatiaux-lecole.html\" target=\"_blank\" rel=\"noopener\">r\u00e9sum\u00e9 de sa th\u00e8se\u00a0<\/a>a \u00e9t\u00e9 r\u00e9alis\u00e9 par Christine Vergnolle Mainar , Professeur des universit\u00e9s \u00e0 l\u2019Universit\u00e9 de Toulouse Jean Jaur\u00e8s.<\/p>\n<p>Suite \u00e0 la r\u00e9alisation de sa th\u00e8se, elle a effectu\u00e9 un stage post-doctoral \u00e0 la McGill University (Canada, Montr\u00e9al) (Prof. Bohbot). Elle a ensuite r\u00e9alis\u00e9 un autre stage postdoctoral \u00e0 l\u2019Universit\u00e9 de Lille 3 (laboratoire PSITEC) (Prof. Y. Courbois). Elle est ensuite devenue\u00a0<a title=\"\" href=\"https:\/\/psitec.univ-lille3.fr\/presentation\/membres\/membres-associes\/duroisin-n\/\" target=\"_blank\" rel=\"noopener\">chercheure associ\u00e9e\u00a0<\/a>dans ce laboratoire et charg\u00e9e de cours \u00e0 l\u2019UFR de Psychologie (elle donne des cours th\u00e9oriques dans les UE D\u00e9veloppement, des s\u00e9minaires de recherches et intervient notamment dans l\u2019UE \u00ab Option de sp\u00e9cialisation Interventions Educatives et Sociales \u00bb).<\/p>\n<p>\u00c0 l\u2019Universit\u00e9 de Mons, elle est responsable de l\u2019Unit\u00e9 d\u2019Enseignement \u00ab Approche de l&rsquo;adolescent en contexte \u00e9ducatif, vie scolaire et gestion de groupes \u00bb (Agr\u00e9gation de l&rsquo;enseignement secondaire sup\u00e9rieur en sciences psychologiques et de l&rsquo;\u00e9ducation et CAPAES) et effectue la suppl\u00e9ance pour le cours de \u00ab Didactique des disciplines d&rsquo;\u00e9veil \u00bb (cours de Master). Elle supervise des TFE\/M\u00e9moires entrepris dans le service de M\u00e9thodologie et formation (Facult\u00e9 de Psychologie et Sciences de l\u2019Education) et encadre des stagiaires.<\/p>\n<p>Depuis fin 2016, Natacha Duroisin est Coordinatrice scientifique pour l\u2019UMONS du Consortium \u00ab Math\u00e9matiques-Sciences-G\u00e9o physique \u00bb pour le Pacte pour un enseignement d\u2019excellence. Le r\u00f4le de ce Consortium est, d\u2019une part, d\u2019identifier et d\u2019analyser un certain nombre de dispositifs d\u2019enseignement-apprentissage en math\u00e9matiques, sciences et g\u00e9ographie et, d\u2019autre part, d\u2019\u00e9tudier la mise en \u0153uvre de certains de ces dispositifs dans les classes apr\u00e8s qu\u2019ils aient fait l\u2019objet d\u2019adaptations particuli\u00e8res.<\/p>\n<p>Natacha Duroisin est Vice-Pr\u00e9sidente de la\u00a0<a title=\"\" href=\"http:\/\/www.fegepro.be\/\" target=\"_blank\" rel=\"noopener\">FEGEPRO<\/a>\u00a0(F\u00e9d\u00e9ration des Professeurs de G\u00e9ographie de Belgique francophone), membre du Conseil d\u2019Administration de l\u2019ADMEE-Europe (D\u00e9l\u00e9gu\u00e9e nationale belge de l\u2019Association pour le D\u00e9veloppement de M\u00e9thodologie d\u2019Evaluation en Education), r\u00e9dactrice du bulletin de l\u2019ADMEE-Europe et membre du comit\u00e9 scientifique de plusieurs colloques internationaux. Elle est \u00e9galement \u00e9valuatrice pour plusieurs revues scientifiques et expert pour plusieurs projets (i.e.\u00a0<a title=\"\" href=\"https:\/\/les-savanturiers.cri-paris.org\/\" target=\"_blank\" rel=\"noopener\">Les Savanturiers<\/a>) ou encore pour l\u2019Agence Nationale de la Recherche (ANR).<\/p>\n<p>Par ailleurs, depuis 2007, ses enseignement et recherches int\u00e8grent les technologies de l\u2019information et de la communication en \u00e9ducation (TICE). En 2009, sous la supervision du Professeur Karsenti, elle \u00e9tait assistante de recherche \u00e0 l\u2019Universit\u00e9 de Montr\u00e9al. Ses recherches portaient sur l\u2019int\u00e9gration de technologies dans les classes et leurs effets sur les apprentissages (utilisation du tableau blanc interactif pour les cours de math\u00e9matiques, utilisation du portfolio \u00e9lectronique pour l\u2019enseignement du fran\u00e7ais, vid\u00e9os de pratiques\u2026). Depuis 2011, Natacha Duroisin utilise \u00e9galement la r\u00e9alit\u00e9 virtuelle coupl\u00e9e aux dispositifs d\u2019eye tracking et aux possibilit\u00e9s offertes par des interfaces comportementales diff\u00e9rentes (d\u00e9placements simul\u00e9s par usage exclusif du casque virtuel, joystick\u2026).<\/p>\n<p>Les recherches men\u00e9es par Natacha Duroisin s\u2019inscrivent dans l\u2019axe \u00ab Apprentissages, Cognition et Espace \u00bb et sont pr\u00e9sent\u00e9es ci-dessous :<\/p>\n<h5><span class=\"ms-rteCustom-TexteRouge\">Recherches men\u00e9es en partenariat avec les Hautes-Ecoles et les \u00e9coles maternelles, primaires et secondaires dans le cadre des travaux du Pacte pour un enseignement d\u2019excellence (lien bient\u00f4t disponible)<\/span><\/h5>\n<h5><span class=\"ms-rteCustom-TexteRouge\">Recherches men\u00e9es dans le domaine des math\u00e9matiques<\/span><\/h5>\n<ul>\n<li>\n<div align=\"left\"><span class=\"ms-rteCustom-ParagAvecMargesDoubles\"><span class=\"ms-rteCustom-ParagAvecRetraitDouble\"><a title=\"\" href=\"https:\/\/www.researchgate.net\/publication\/312219310_Le_developpement_de_l'habilete_de_visualisation_spatiale_en_mathematiques_chez_les_eleves_ages_de_8_a_14_ans\" target=\"_blank\" rel=\"noopener\">Le d\u00e9veloppement de l\u2019habilet\u00e9 de visualisation spatiale en math\u00e9matiques chez les \u00e9l\u00e8ves \u00e2g\u00e9s de 8 \u00e0 14 ans<\/a>.<\/span><\/span><\/div>\n<\/li>\n<li>\n<div align=\"left\"><a title=\"\" href=\"https:\/\/www.researchgate.net\/project\/Faciliter-la-transition-primaire-secondaire-en-geometrie-par-le-recours-a-la-visualisation-non-iconique\" target=\"_blank\" rel=\"noopener\">Faciliter la transition primaire-secondaire en g\u00e9om\u00e9trie par le recours \u00e0 la visualisation non iconique<\/a><\/div>\n<\/li>\n<li>\n<div align=\"left\"><a title=\"\" href=\"https:\/\/www.researchgate.net\/project\/Mise-a-lepreuve-de-situations-scolaires-visant-a-developper-le-processus-dabstraction-chez-les-eleves-de-8-a-14-ans\" target=\"_blank\" rel=\"noopener\">Mise \u00e0 l&rsquo;\u00e9preuve de situations scolaires visant \u00e0 d\u00e9velopper le processus d&rsquo;abstraction chez les \u00e9l\u00e8ves de 8 \u00e0 14 ans<\/a><\/div>\n<\/li>\n<li>\n<div align=\"left\"><a title=\"\" href=\"https:\/\/www.researchgate.net\/publication\/276177548_What_role_for_developmental_theories_in_mathematics_study_programmes_in_French-speaking_Belgium_An_analysis_of_the_geometry_curriculum's_aspects_framed_by_Van_Hiele's_model?_iepl[contexts][0]=prfpi&amp;_iepl[interactionType]=publicationTitle&amp;_iepl[profilePublicationItemVariant]=default&amp;_iepl[targetEntityId]=PB:276177548&amp;_iepl[viewId]=P4rmeDD5OdAGRPz0OxP66yD0\" target=\"_blank\" rel=\"noopener\">Etude de la coh\u00e9rence des programmes d\u2019\u00e9tudes de math\u00e9matiques avec le d\u00e9veloppement psycho-cognitif des \u00e9l\u00e8ves<\/a><\/div>\n<\/li>\n<\/ul>\n<p align=\"left\">\n<h5 align=\"left\"><span class=\"ms-rteCustom-TexteRouge\">Recherches men\u00e9es en g\u00e9ographie<\/span><\/h5>\n<ul>\n<li>\n<div align=\"left\"><a title=\"\" href=\"https:\/\/www.researchgate.net\/project\/Mise-a-lepreuve-de-situations-scolaires-visant-a-developper-le-processus-dabstraction-chez-les-eleves-de-8-a-14-ans\" target=\"_blank\" rel=\"noopener\">Mise \u00e0 l&rsquo;\u00e9preuve de situations scolaires visant \u00e0 d\u00e9velopper le processus d&rsquo;abstraction chez les \u00e9l\u00e8ves de 8 \u00e0 14 ans<br \/>\n<\/a><\/div>\n<\/li>\n<li>\n<div align=\"left\"><a title=\"\" href=\"http:\/\/www.lalibre.be\/debats\/opinions\/des-8-ans-les-eleves-parviennent-a-localiser-de-grandes-villes-de-belgique-51b8fbf8e4b0de6db9ca543f\" target=\"_blank\" rel=\"noopener\">Article de presse\u00a0<\/a>en lien avec une recherche men\u00e9e<\/div>\n<\/li>\n<\/ul>\n<p align=\"left\">\n<h5 align=\"left\"><span class=\"ms-rteCustom-TexteRouge\">Recherches r\u00e9alis\u00e9es en partenariat avec le service de G\u00e9nie Architectural et Urbain de la Facult\u00e9 Polytechnique<\/span><\/h5>\n<ul>\n<li>\n<div align=\"left\"><a title=\"\" href=\"https:\/\/sharepoint1.umons.ac.be\/FR\/universite\/facultes\/fpse\/serviceseetr\/methodo\/recherches\/recherches_en_cours\/Pages\/Utilisationet%C3%A9valuationdelar%C3%A9alit%C3%A9virtuelle.aspx\" target=\"_blank\" rel=\"noopener\">Utilisation de la r\u00e9alit\u00e9 virtuelle et du casque immersif pour simuler des d\u00e9placements dans un environnement r\u00e9el<\/a><\/div>\n<\/li>\n<li>\n<div align=\"left\">Utilisation de la r\u00e9alit\u00e9 virtuelle (environnement non r\u00e9aliste) pour \u00e9valuer finement les repr\u00e9sentations spatiales des \u00e9tudiants en architecture<\/div>\n<\/li>\n<\/ul>\n<p align=\"left\">\n<h5 align=\"left\"><span class=\"ms-rteCustom-TexteRouge\">Recherches en lien avec le d\u00e9veloppement d\u2019outils et de s\u00e9quences p\u00e9dagogiques : site Internet<\/span><\/h5>\n<h5><span class=\"ms-rteCustom-TexteRouge\">Recherches men\u00e9es en partenariat avec le laboratoire PSITEC de l\u2019Universit\u00e9 de Lille 3 (Y. Courbois ; H. Mengue-Topio)<\/span><\/h5>\n<ul>\n<li><a title=\"\" href=\"https:\/\/sharepoint1.umons.ac.be\/FR\/universite\/facultes\/fpse\/serviceseetr\/methodo\/recherches\/recherches_en_cours\/Pages\/Lar%C3%A9gulationdesapprentissagesparlejeu.aspx\" target=\"_blank\" rel=\"noopener\">La r\u00e9gulation des apprentissages par le jeu dans l\u2019enseignement ordinaire et sp\u00e9cialis\u00e9<\/a><\/li>\n<li>Utilisation de la r\u00e9alit\u00e9 virtuelle pour \u00e9valuer les strat\u00e9gies de navigation des individus dans une perspective d\u00e9veloppementale<\/li>\n<li>\u00c9laboration d\u2019une m\u00e9thode structur\u00e9e d\u2019apprentissage des comp\u00e9tences spatiales applicable d\u00e8s l\u2019enfance et pouvant \u00eatre aussi utilis\u00e9e avec des personnes plus \u00e2g\u00e9es (mise au point d\u2019une approche bas\u00e9e sur l\u2019\u00e9ducation cognitive pour augmenter les comp\u00e9tences spatiales)<\/li>\n<\/ul>\n<p>&nbsp;<\/p>\n<h5><span class=\"ms-rteCustom-TexteRouge\">Recherches men\u00e9es en partenariat avec le laboratoire Orientation spatiale de l\u2019Universit\u00e9 de Gen\u00e8ve (R. Maurer)<\/span><\/h5>\n<ul>\n<li>Favoriser le d\u00e9veloppement du processus d\u2019int\u00e9gration du chemin d\u00e8s l\u2019\u00e9cole primaire. Pourquoi faire ? Comment faire ? (sujet de m\u00e9moire de Mme Froment M.-C. et Mme Morard C.)<\/li>\n<\/ul>\n<p><a title=\"\" href=\"http:\/\/applications.umons.ac.be\/webappspub\/wsxmlpubs\/GetList.aspx?matricule=530833&amp;output=html\" target=\"\" rel=\"noopener\">Liste des publications de Natacha Duroisin (DI de l&rsquo;UMONS)<\/a><\/p>\n<\/div>\n<\/div>\n","protected":false},"excerpt":{"rendered":"<p>Natacha Duroisin est Charg\u00e9e de cours \u00e0 l\u2019Ecole de Formation des Enseignants (UMONS) et coordinatrice scientifique pour l\u2019UMONS de deux recherches men\u00e9es dans le cadre du Pacte pour un enseignement d\u2019excellence (recherche \u00ab\u00a0Diff\u00e9renciation et accompagnement personnalis\u00e9\u00a0\u00bb et \u00ab\u00a0Consortium Math\u00e9matiques-Sciences-G\u00e9ographie\u00a0\u00bb). Titulaire d\u2019un Doctorat en Sciences psychologiques et de l&rsquo;Education, d\u2019un Master en Sciences de l\u2019\u00e9ducation et [&hellip;]<\/p>\n","protected":false},"author":121,"featured_media":0,"parent":0,"menu_order":0,"comment_status":"closed","ping_status":"closed","template":"","meta":{"footnotes":""},"class_list":["post-174","page","type-page","status-publish","hentry"],"yoast_head":"<!-- This site is optimized with the Yoast SEO plugin v27.2 - https:\/\/yoast.com\/product\/yoast-seo-wordpress\/ -->\n<title>Natacha DUROISIN - Service \/ FPSE - Sciences de l&#039;Enseignement et de la Formation<\/title>\n<meta name=\"robots\" content=\"index, follow, max-snippet:-1, max-image-preview:large, max-video-preview:-1\" \/>\n<link rel=\"canonical\" href=\"https:\/\/web.umons.ac.be\/semf\/natacha-duroisin\/\" \/>\n<meta property=\"og:locale\" content=\"fr_FR\" \/>\n<meta property=\"og:type\" content=\"article\" \/>\n<meta property=\"og:title\" content=\"Natacha DUROISIN - Service \/ FPSE - Sciences de l&#039;Enseignement et de la Formation\" \/>\n<meta property=\"og:description\" content=\"Natacha Duroisin est Charg\u00e9e de cours \u00e0 l\u2019Ecole de Formation des Enseignants (UMONS) et coordinatrice scientifique pour l\u2019UMONS de deux recherches men\u00e9es dans le cadre du Pacte pour un enseignement d\u2019excellence (recherche \u00ab\u00a0Diff\u00e9renciation et accompagnement personnalis\u00e9\u00a0\u00bb et \u00ab\u00a0Consortium Math\u00e9matiques-Sciences-G\u00e9ographie\u00a0\u00bb). Titulaire d\u2019un Doctorat en Sciences psychologiques et de l&rsquo;Education, d\u2019un Master en Sciences de l\u2019\u00e9ducation et [&hellip;]\" \/>\n<meta property=\"og:url\" content=\"https:\/\/web.umons.ac.be\/semf\/natacha-duroisin\/\" \/>\n<meta property=\"og:site_name\" content=\"Service \/ FPSE - Sciences de l&#039;Enseignement et de la Formation\" \/>\n<meta property=\"og:image\" content=\"https:\/\/sharepoint1.umons.ac.be\/FR\/universite\/facultes\/fpse\/serviceseetr\/methodo\/membres\/PublishingImages\/Natacha%20Duroisin.jpg\" \/>\n<meta name=\"twitter:card\" content=\"summary_large_image\" \/>\n<meta name=\"twitter:label1\" content=\"Dur\u00e9e de lecture estim\u00e9e\" \/>\n\t<meta name=\"twitter:data1\" content=\"6 minutes\" \/>\n<script type=\"application\/ld+json\" class=\"yoast-schema-graph\">{\"@context\":\"https:\/\/schema.org\",\"@graph\":[{\"@type\":\"WebPage\",\"@id\":\"https:\/\/web.umons.ac.be\/semf\/natacha-duroisin\/\",\"url\":\"https:\/\/web.umons.ac.be\/semf\/natacha-duroisin\/\",\"name\":\"Natacha DUROISIN - Service \/ FPSE - Sciences de l&#039;Enseignement et de la Formation\",\"isPartOf\":{\"@id\":\"https:\/\/web.umons.ac.be\/semf\/#website\"},\"primaryImageOfPage\":{\"@id\":\"https:\/\/web.umons.ac.be\/semf\/natacha-duroisin\/#primaryimage\"},\"image\":{\"@id\":\"https:\/\/web.umons.ac.be\/semf\/natacha-duroisin\/#primaryimage\"},\"thumbnailUrl\":\"https:\/\/sharepoint1.umons.ac.be\/FR\/universite\/facultes\/fpse\/serviceseetr\/methodo\/membres\/PublishingImages\/Natacha%20Duroisin.jpg\",\"datePublished\":\"2021-12-13T10:38:09+00:00\",\"breadcrumb\":{\"@id\":\"https:\/\/web.umons.ac.be\/semf\/natacha-duroisin\/#breadcrumb\"},\"inLanguage\":\"fr-FR\",\"potentialAction\":[{\"@type\":\"ReadAction\",\"target\":[\"https:\/\/web.umons.ac.be\/semf\/natacha-duroisin\/\"]}]},{\"@type\":\"ImageObject\",\"inLanguage\":\"fr-FR\",\"@id\":\"https:\/\/web.umons.ac.be\/semf\/natacha-duroisin\/#primaryimage\",\"url\":\"https:\/\/sharepoint1.umons.ac.be\/FR\/universite\/facultes\/fpse\/serviceseetr\/methodo\/membres\/PublishingImages\/Natacha%20Duroisin.jpg\",\"contentUrl\":\"https:\/\/sharepoint1.umons.ac.be\/FR\/universite\/facultes\/fpse\/serviceseetr\/methodo\/membres\/PublishingImages\/Natacha%20Duroisin.jpg\"},{\"@type\":\"BreadcrumbList\",\"@id\":\"https:\/\/web.umons.ac.be\/semf\/natacha-duroisin\/#breadcrumb\",\"itemListElement\":[{\"@type\":\"ListItem\",\"position\":1,\"name\":\"Home\",\"item\":\"https:\/\/web.umons.ac.be\/semf\/\"},{\"@type\":\"ListItem\",\"position\":2,\"name\":\"Natacha DUROISIN\"}]},{\"@type\":\"WebSite\",\"@id\":\"https:\/\/web.umons.ac.be\/semf\/#website\",\"url\":\"https:\/\/web.umons.ac.be\/semf\/\",\"name\":\"Service \/ FPSE - M\u00e9thodologie et formation\",\"description\":\"\",\"publisher\":{\"@id\":\"https:\/\/web.umons.ac.be\/semf\/#organization\"},\"potentialAction\":[{\"@type\":\"SearchAction\",\"target\":{\"@type\":\"EntryPoint\",\"urlTemplate\":\"https:\/\/web.umons.ac.be\/semf\/?s={search_term_string}\"},\"query-input\":{\"@type\":\"PropertyValueSpecification\",\"valueRequired\":true,\"valueName\":\"search_term_string\"}}],\"inLanguage\":\"fr-FR\"},{\"@type\":\"Organization\",\"@id\":\"https:\/\/web.umons.ac.be\/semf\/#organization\",\"name\":\"Service \/ FPSE - M\u00e9thodologie et formation\",\"url\":\"https:\/\/web.umons.ac.be\/semf\/\",\"logo\":{\"@type\":\"ImageObject\",\"inLanguage\":\"fr-FR\",\"@id\":\"https:\/\/web.umons.ac.be\/semf\/#\/schema\/logo\/image\/\",\"url\":\"https:\/\/web.umons.ac.be\/app\/uploads\/sites\/103\/2021\/11\/LOGOP316_Benoit-VANSCHOEBEKE.svg\",\"contentUrl\":\"https:\/\/web.umons.ac.be\/app\/uploads\/sites\/103\/2021\/11\/LOGOP316_Benoit-VANSCHOEBEKE.svg\",\"width\":1,\"height\":1,\"caption\":\"Service \/ FPSE - M\u00e9thodologie et formation\"},\"image\":{\"@id\":\"https:\/\/web.umons.ac.be\/semf\/#\/schema\/logo\/image\/\"}}]}<\/script>\n<!-- \/ Yoast SEO plugin. -->","yoast_head_json":{"title":"Natacha DUROISIN - Service \/ FPSE - Sciences de l&#039;Enseignement et de la Formation","robots":{"index":"index","follow":"follow","max-snippet":"max-snippet:-1","max-image-preview":"max-image-preview:large","max-video-preview":"max-video-preview:-1"},"canonical":"https:\/\/web.umons.ac.be\/semf\/natacha-duroisin\/","og_locale":"fr_FR","og_type":"article","og_title":"Natacha DUROISIN - Service \/ FPSE - Sciences de l&#039;Enseignement et de la Formation","og_description":"Natacha Duroisin est Charg\u00e9e de cours \u00e0 l\u2019Ecole de Formation des Enseignants (UMONS) et coordinatrice scientifique pour l\u2019UMONS de deux recherches men\u00e9es dans le cadre du Pacte pour un enseignement d\u2019excellence (recherche \u00ab\u00a0Diff\u00e9renciation et accompagnement personnalis\u00e9\u00a0\u00bb et \u00ab\u00a0Consortium Math\u00e9matiques-Sciences-G\u00e9ographie\u00a0\u00bb). Titulaire d\u2019un Doctorat en Sciences psychologiques et de l&rsquo;Education, d\u2019un Master en Sciences de l\u2019\u00e9ducation et [&hellip;]","og_url":"https:\/\/web.umons.ac.be\/semf\/natacha-duroisin\/","og_site_name":"Service \/ FPSE - Sciences de l&#039;Enseignement et de la Formation","og_image":[{"url":"https:\/\/sharepoint1.umons.ac.be\/FR\/universite\/facultes\/fpse\/serviceseetr\/methodo\/membres\/PublishingImages\/Natacha%20Duroisin.jpg","type":"","width":"","height":""}],"twitter_card":"summary_large_image","twitter_misc":{"Dur\u00e9e de lecture estim\u00e9e":"6 minutes"},"schema":{"@context":"https:\/\/schema.org","@graph":[{"@type":"WebPage","@id":"https:\/\/web.umons.ac.be\/semf\/natacha-duroisin\/","url":"https:\/\/web.umons.ac.be\/semf\/natacha-duroisin\/","name":"Natacha DUROISIN - Service \/ FPSE - Sciences de l&#039;Enseignement et de la Formation","isPartOf":{"@id":"https:\/\/web.umons.ac.be\/semf\/#website"},"primaryImageOfPage":{"@id":"https:\/\/web.umons.ac.be\/semf\/natacha-duroisin\/#primaryimage"},"image":{"@id":"https:\/\/web.umons.ac.be\/semf\/natacha-duroisin\/#primaryimage"},"thumbnailUrl":"https:\/\/sharepoint1.umons.ac.be\/FR\/universite\/facultes\/fpse\/serviceseetr\/methodo\/membres\/PublishingImages\/Natacha%20Duroisin.jpg","datePublished":"2021-12-13T10:38:09+00:00","breadcrumb":{"@id":"https:\/\/web.umons.ac.be\/semf\/natacha-duroisin\/#breadcrumb"},"inLanguage":"fr-FR","potentialAction":[{"@type":"ReadAction","target":["https:\/\/web.umons.ac.be\/semf\/natacha-duroisin\/"]}]},{"@type":"ImageObject","inLanguage":"fr-FR","@id":"https:\/\/web.umons.ac.be\/semf\/natacha-duroisin\/#primaryimage","url":"https:\/\/sharepoint1.umons.ac.be\/FR\/universite\/facultes\/fpse\/serviceseetr\/methodo\/membres\/PublishingImages\/Natacha%20Duroisin.jpg","contentUrl":"https:\/\/sharepoint1.umons.ac.be\/FR\/universite\/facultes\/fpse\/serviceseetr\/methodo\/membres\/PublishingImages\/Natacha%20Duroisin.jpg"},{"@type":"BreadcrumbList","@id":"https:\/\/web.umons.ac.be\/semf\/natacha-duroisin\/#breadcrumb","itemListElement":[{"@type":"ListItem","position":1,"name":"Home","item":"https:\/\/web.umons.ac.be\/semf\/"},{"@type":"ListItem","position":2,"name":"Natacha DUROISIN"}]},{"@type":"WebSite","@id":"https:\/\/web.umons.ac.be\/semf\/#website","url":"https:\/\/web.umons.ac.be\/semf\/","name":"Service \/ FPSE - M\u00e9thodologie et formation","description":"","publisher":{"@id":"https:\/\/web.umons.ac.be\/semf\/#organization"},"potentialAction":[{"@type":"SearchAction","target":{"@type":"EntryPoint","urlTemplate":"https:\/\/web.umons.ac.be\/semf\/?s={search_term_string}"},"query-input":{"@type":"PropertyValueSpecification","valueRequired":true,"valueName":"search_term_string"}}],"inLanguage":"fr-FR"},{"@type":"Organization","@id":"https:\/\/web.umons.ac.be\/semf\/#organization","name":"Service \/ FPSE - M\u00e9thodologie et formation","url":"https:\/\/web.umons.ac.be\/semf\/","logo":{"@type":"ImageObject","inLanguage":"fr-FR","@id":"https:\/\/web.umons.ac.be\/semf\/#\/schema\/logo\/image\/","url":"https:\/\/web.umons.ac.be\/app\/uploads\/sites\/103\/2021\/11\/LOGOP316_Benoit-VANSCHOEBEKE.svg","contentUrl":"https:\/\/web.umons.ac.be\/app\/uploads\/sites\/103\/2021\/11\/LOGOP316_Benoit-VANSCHOEBEKE.svg","width":1,"height":1,"caption":"Service \/ FPSE - M\u00e9thodologie et formation"},"image":{"@id":"https:\/\/web.umons.ac.be\/semf\/#\/schema\/logo\/image\/"}}]}},"lang":"fr","translations":{"fr":174},"pll_sync_post":[],"_links":{"self":[{"href":"https:\/\/web.umons.ac.be\/semf\/wp-json\/wp\/v2\/pages\/174","targetHints":{"allow":["GET"]}}],"collection":[{"href":"https:\/\/web.umons.ac.be\/semf\/wp-json\/wp\/v2\/pages"}],"about":[{"href":"https:\/\/web.umons.ac.be\/semf\/wp-json\/wp\/v2\/types\/page"}],"author":[{"embeddable":true,"href":"https:\/\/web.umons.ac.be\/semf\/wp-json\/wp\/v2\/users\/121"}],"replies":[{"embeddable":true,"href":"https:\/\/web.umons.ac.be\/semf\/wp-json\/wp\/v2\/comments?post=174"}],"version-history":[{"count":1,"href":"https:\/\/web.umons.ac.be\/semf\/wp-json\/wp\/v2\/pages\/174\/revisions"}],"predecessor-version":[{"id":175,"href":"https:\/\/web.umons.ac.be\/semf\/wp-json\/wp\/v2\/pages\/174\/revisions\/175"}],"wp:attachment":[{"href":"https:\/\/web.umons.ac.be\/semf\/wp-json\/wp\/v2\/media?parent=174"}],"curies":[{"name":"wp","href":"https:\/\/api.w.org\/{rel}","templated":true}]}}