{"id":1766,"date":"2023-10-17T13:04:24","date_gmt":"2023-10-17T11:04:24","guid":{"rendered":"https:\/\/web.umons.ac.be\/semf\/?page_id=1766"},"modified":"2026-03-13T10:12:17","modified_gmt":"2026-03-13T09:12:17","slug":"barbara-jochmans","status":"publish","type":"page","link":"https:\/\/web.umons.ac.be\/semf\/barbara-jochmans\/","title":{"rendered":"Barbara JOCHMANS"},"content":{"rendered":"<p><img loading=\"lazy\" decoding=\"async\" class=\"alignleft wp-image-3211 size-thumbnail\" src=\"https:\/\/web.umons.ac.be\/app\/uploads\/sites\/103\/2026\/03\/BarbaraJOCHMANS-150x150.png\" alt=\"\" width=\"150\" height=\"150\" srcset=\"https:\/\/web.umons.ac.be\/app\/uploads\/sites\/103\/2026\/03\/BarbaraJOCHMANS-150x150.png 150w, https:\/\/web.umons.ac.be\/app\/uploads\/sites\/103\/2026\/03\/BarbaraJOCHMANS-80x80.png 80w, https:\/\/web.umons.ac.be\/app\/uploads\/sites\/103\/2026\/03\/BarbaraJOCHMANS-400x400.png 400w, https:\/\/web.umons.ac.be\/app\/uploads\/sites\/103\/2026\/03\/BarbaraJOCHMANS-200x200.png 200w\" sizes=\"auto, (max-width: 150px) 100vw, 150px\" \/>Barbara Jochmans est titulaire d\u2019un Bachelier Institutrice primaire (2016) et d\u2019un Master en Sciences de l\u2019\u00c9ducation \u00e0 finalit\u00e9 sp\u00e9cialis\u00e9e en enseignement et apprentissages scolaires (2019). Elle a \u00e9galement r\u00e9alis\u00e9 un Certificat d\u2019Universit\u00e9 en orthop\u00e9dagogie (2022) ainsi qu\u2019un Certificat d\u2019Universit\u00e9 en enseignement explicite des contenus et des comportements (2023).<\/p>\n<p>En tant qu\u2019\u00e9tudiante de Master, elle a effectu\u00e9 deux stages. Un premier au sein de la Haute \u00c9cole Louvain en Hainaut (HELHa) de Braine-le-Comte o\u00f9 elle a \u00e9tudi\u00e9 l\u2019impact d\u2019une formation \u00e0 l\u2019enseignement explicite dans les planifications de le\u00e7ons de futurs instituteurs primaires. Elle a r\u00e9alis\u00e9 un second stage au sein de l\u2019\u00c9cole Provinciale du Feu du Hainaut (EPFH) en tant qu\u2019assistante p\u00e9dagogique.<\/p>\n<p>De 2019 \u00e0 2023, elle a travaill\u00e9 en tant qu\u2019institutrice primaire dans l\u2019enseignement primaire ordinaire.<\/p>\n<p>De septembre 2023 \u00e0 septembre 2025, elle a d\u00e9but\u00e9 une th\u00e8se de doctorat au sein du Service des Sciences de l\u2019Enseignement et de la Formation de l\u2019Universit\u00e9 de Mons. Sa th\u00e8se porte sur la formation initiale des enseignants et celle de leurs formateurs et plus particuli\u00e8rement sur l\u2019encadrement des futurs enseignants durant les stages. Depuis septembre 2025, elle a int\u00e9gr\u00e9 le Service de P\u00e9dagogie et M\u00e9thodologie de l\u2019Enseignement de l\u2019\u00c9cole de Formation des Enseignants de l\u2019Universit\u00e9 de Mons en tant que Collaboratrice P\u00e9dagogique. Elle intervient donc dans la formation initiale des enseignants du Bloc 1 au Master 1 (sections 1, 2 et 3) ainsi que dans le Certificat \u00e0 destination des maitres de stage. Elle poursuit, en parall\u00e8le de sa fonction actuelle de Collaboratrice P\u00e9dagogique, sa th\u00e8se de doctorat.<\/p>\n<p><a href=\"https:\/\/orbi.umons.ac.be\/profile?uid=538147\">Liste des publications de Barbara Jochmans (Orbi)<\/a><\/p>\n","protected":false},"excerpt":{"rendered":"<p>Barbara Jochmans est titulaire d\u2019un Bachelier Institutrice primaire (2016) et d\u2019un Master en Sciences de l\u2019\u00c9ducation \u00e0 finalit\u00e9 sp\u00e9cialis\u00e9e en enseignement et apprentissages scolaires (2019). Elle a \u00e9galement r\u00e9alis\u00e9 un Certificat d\u2019Universit\u00e9 en orthop\u00e9dagogie (2022) ainsi qu\u2019un Certificat d\u2019Universit\u00e9 en enseignement explicite des contenus et des comportements (2023). En tant qu\u2019\u00e9tudiante de Master, elle a [&hellip;]<\/p>\n","protected":false},"author":122,"featured_media":0,"parent":0,"menu_order":0,"comment_status":"closed","ping_status":"closed","template":"","meta":{"footnotes":""},"class_list":["post-1766","page","type-page","status-publish","hentry"],"yoast_head":"<!-- This site is optimized with the Yoast SEO plugin v27.2 - https:\/\/yoast.com\/product\/yoast-seo-wordpress\/ -->\n<title>Barbara JOCHMANS - Service \/ FPSE - Sciences de l&#039;Enseignement et de la Formation<\/title>\n<meta name=\"robots\" content=\"index, follow, max-snippet:-1, max-image-preview:large, max-video-preview:-1\" \/>\n<link rel=\"canonical\" href=\"https:\/\/web.umons.ac.be\/semf\/barbara-jochmans\/\" \/>\n<meta property=\"og:locale\" content=\"fr_FR\" \/>\n<meta property=\"og:type\" content=\"article\" \/>\n<meta property=\"og:title\" content=\"Barbara JOCHMANS - Service \/ FPSE - Sciences de l&#039;Enseignement et de la Formation\" \/>\n<meta property=\"og:description\" content=\"Barbara Jochmans est titulaire d\u2019un Bachelier Institutrice primaire (2016) et d\u2019un Master en Sciences de l\u2019\u00c9ducation \u00e0 finalit\u00e9 sp\u00e9cialis\u00e9e en enseignement et apprentissages scolaires (2019). Elle a \u00e9galement r\u00e9alis\u00e9 un Certificat d\u2019Universit\u00e9 en orthop\u00e9dagogie (2022) ainsi qu\u2019un Certificat d\u2019Universit\u00e9 en enseignement explicite des contenus et des comportements (2023). En tant qu\u2019\u00e9tudiante de Master, elle a [&hellip;]\" \/>\n<meta property=\"og:url\" content=\"https:\/\/web.umons.ac.be\/semf\/barbara-jochmans\/\" \/>\n<meta property=\"og:site_name\" content=\"Service \/ FPSE - Sciences de l&#039;Enseignement et de la Formation\" \/>\n<meta property=\"article:modified_time\" content=\"2026-03-13T09:12:17+00:00\" \/>\n<meta property=\"og:image\" content=\"https:\/\/web.umons.ac.be\/app\/uploads\/sites\/103\/2026\/03\/BarbaraJOCHMANS-698x1024.png\" \/>\n\t<meta property=\"og:image:width\" content=\"698\" \/>\n\t<meta property=\"og:image:height\" content=\"1024\" \/>\n\t<meta property=\"og:image:type\" content=\"image\/png\" \/>\n<meta name=\"twitter:card\" content=\"summary_large_image\" \/>\n<meta name=\"twitter:label1\" content=\"Dur\u00e9e de lecture estim\u00e9e\" \/>\n\t<meta name=\"twitter:data1\" content=\"2 minutes\" \/>\n<script type=\"application\/ld+json\" class=\"yoast-schema-graph\">{\"@context\":\"https:\/\/schema.org\",\"@graph\":[{\"@type\":\"WebPage\",\"@id\":\"https:\/\/web.umons.ac.be\/semf\/barbara-jochmans\/\",\"url\":\"https:\/\/web.umons.ac.be\/semf\/barbara-jochmans\/\",\"name\":\"Barbara JOCHMANS - Service \/ FPSE - Sciences de l&#039;Enseignement et de la Formation\",\"isPartOf\":{\"@id\":\"https:\/\/web.umons.ac.be\/semf\/#website\"},\"primaryImageOfPage\":{\"@id\":\"https:\/\/web.umons.ac.be\/semf\/barbara-jochmans\/#primaryimage\"},\"image\":{\"@id\":\"https:\/\/web.umons.ac.be\/semf\/barbara-jochmans\/#primaryimage\"},\"thumbnailUrl\":\"https:\/\/web.umons.ac.be\/app\/uploads\/sites\/103\/2026\/03\/BarbaraJOCHMANS-150x150.png\",\"datePublished\":\"2023-10-17T11:04:24+00:00\",\"dateModified\":\"2026-03-13T09:12:17+00:00\",\"breadcrumb\":{\"@id\":\"https:\/\/web.umons.ac.be\/semf\/barbara-jochmans\/#breadcrumb\"},\"inLanguage\":\"fr-FR\",\"potentialAction\":[{\"@type\":\"ReadAction\",\"target\":[\"https:\/\/web.umons.ac.be\/semf\/barbara-jochmans\/\"]}]},{\"@type\":\"ImageObject\",\"inLanguage\":\"fr-FR\",\"@id\":\"https:\/\/web.umons.ac.be\/semf\/barbara-jochmans\/#primaryimage\",\"url\":\"https:\/\/web.umons.ac.be\/app\/uploads\/sites\/103\/2026\/03\/BarbaraJOCHMANS-150x150.png\",\"contentUrl\":\"https:\/\/web.umons.ac.be\/app\/uploads\/sites\/103\/2026\/03\/BarbaraJOCHMANS-150x150.png\"},{\"@type\":\"BreadcrumbList\",\"@id\":\"https:\/\/web.umons.ac.be\/semf\/barbara-jochmans\/#breadcrumb\",\"itemListElement\":[{\"@type\":\"ListItem\",\"position\":1,\"name\":\"Home\",\"item\":\"https:\/\/web.umons.ac.be\/semf\/\"},{\"@type\":\"ListItem\",\"position\":2,\"name\":\"Barbara JOCHMANS\"}]},{\"@type\":\"WebSite\",\"@id\":\"https:\/\/web.umons.ac.be\/semf\/#website\",\"url\":\"https:\/\/web.umons.ac.be\/semf\/\",\"name\":\"Service \/ FPSE - M\u00e9thodologie et formation\",\"description\":\"\",\"publisher\":{\"@id\":\"https:\/\/web.umons.ac.be\/semf\/#organization\"},\"potentialAction\":[{\"@type\":\"SearchAction\",\"target\":{\"@type\":\"EntryPoint\",\"urlTemplate\":\"https:\/\/web.umons.ac.be\/semf\/?s={search_term_string}\"},\"query-input\":{\"@type\":\"PropertyValueSpecification\",\"valueRequired\":true,\"valueName\":\"search_term_string\"}}],\"inLanguage\":\"fr-FR\"},{\"@type\":\"Organization\",\"@id\":\"https:\/\/web.umons.ac.be\/semf\/#organization\",\"name\":\"Service \/ FPSE - M\u00e9thodologie et formation\",\"url\":\"https:\/\/web.umons.ac.be\/semf\/\",\"logo\":{\"@type\":\"ImageObject\",\"inLanguage\":\"fr-FR\",\"@id\":\"https:\/\/web.umons.ac.be\/semf\/#\/schema\/logo\/image\/\",\"url\":\"https:\/\/web.umons.ac.be\/app\/uploads\/sites\/103\/2021\/11\/LOGOP316_Benoit-VANSCHOEBEKE.svg\",\"contentUrl\":\"https:\/\/web.umons.ac.be\/app\/uploads\/sites\/103\/2021\/11\/LOGOP316_Benoit-VANSCHOEBEKE.svg\",\"width\":1,\"height\":1,\"caption\":\"Service \/ FPSE - M\u00e9thodologie et formation\"},\"image\":{\"@id\":\"https:\/\/web.umons.ac.be\/semf\/#\/schema\/logo\/image\/\"}}]}<\/script>\n<!-- \/ Yoast SEO plugin. -->","yoast_head_json":{"title":"Barbara JOCHMANS - Service \/ FPSE - Sciences de l&#039;Enseignement et de la Formation","robots":{"index":"index","follow":"follow","max-snippet":"max-snippet:-1","max-image-preview":"max-image-preview:large","max-video-preview":"max-video-preview:-1"},"canonical":"https:\/\/web.umons.ac.be\/semf\/barbara-jochmans\/","og_locale":"fr_FR","og_type":"article","og_title":"Barbara JOCHMANS - Service \/ FPSE - Sciences de l&#039;Enseignement et de la Formation","og_description":"Barbara Jochmans est titulaire d\u2019un Bachelier Institutrice primaire (2016) et d\u2019un Master en Sciences de l\u2019\u00c9ducation \u00e0 finalit\u00e9 sp\u00e9cialis\u00e9e en enseignement et apprentissages scolaires (2019). Elle a \u00e9galement r\u00e9alis\u00e9 un Certificat d\u2019Universit\u00e9 en orthop\u00e9dagogie (2022) ainsi qu\u2019un Certificat d\u2019Universit\u00e9 en enseignement explicite des contenus et des comportements (2023). En tant qu\u2019\u00e9tudiante de Master, elle a [&hellip;]","og_url":"https:\/\/web.umons.ac.be\/semf\/barbara-jochmans\/","og_site_name":"Service \/ FPSE - Sciences de l&#039;Enseignement et de la Formation","article_modified_time":"2026-03-13T09:12:17+00:00","og_image":[{"width":698,"height":1024,"url":"https:\/\/web.umons.ac.be\/app\/uploads\/sites\/103\/2026\/03\/BarbaraJOCHMANS-698x1024.png","type":"image\/png"}],"twitter_card":"summary_large_image","twitter_misc":{"Dur\u00e9e de lecture estim\u00e9e":"2 minutes"},"schema":{"@context":"https:\/\/schema.org","@graph":[{"@type":"WebPage","@id":"https:\/\/web.umons.ac.be\/semf\/barbara-jochmans\/","url":"https:\/\/web.umons.ac.be\/semf\/barbara-jochmans\/","name":"Barbara JOCHMANS - Service \/ FPSE - Sciences de l&#039;Enseignement et de la Formation","isPartOf":{"@id":"https:\/\/web.umons.ac.be\/semf\/#website"},"primaryImageOfPage":{"@id":"https:\/\/web.umons.ac.be\/semf\/barbara-jochmans\/#primaryimage"},"image":{"@id":"https:\/\/web.umons.ac.be\/semf\/barbara-jochmans\/#primaryimage"},"thumbnailUrl":"https:\/\/web.umons.ac.be\/app\/uploads\/sites\/103\/2026\/03\/BarbaraJOCHMANS-150x150.png","datePublished":"2023-10-17T11:04:24+00:00","dateModified":"2026-03-13T09:12:17+00:00","breadcrumb":{"@id":"https:\/\/web.umons.ac.be\/semf\/barbara-jochmans\/#breadcrumb"},"inLanguage":"fr-FR","potentialAction":[{"@type":"ReadAction","target":["https:\/\/web.umons.ac.be\/semf\/barbara-jochmans\/"]}]},{"@type":"ImageObject","inLanguage":"fr-FR","@id":"https:\/\/web.umons.ac.be\/semf\/barbara-jochmans\/#primaryimage","url":"https:\/\/web.umons.ac.be\/app\/uploads\/sites\/103\/2026\/03\/BarbaraJOCHMANS-150x150.png","contentUrl":"https:\/\/web.umons.ac.be\/app\/uploads\/sites\/103\/2026\/03\/BarbaraJOCHMANS-150x150.png"},{"@type":"BreadcrumbList","@id":"https:\/\/web.umons.ac.be\/semf\/barbara-jochmans\/#breadcrumb","itemListElement":[{"@type":"ListItem","position":1,"name":"Home","item":"https:\/\/web.umons.ac.be\/semf\/"},{"@type":"ListItem","position":2,"name":"Barbara JOCHMANS"}]},{"@type":"WebSite","@id":"https:\/\/web.umons.ac.be\/semf\/#website","url":"https:\/\/web.umons.ac.be\/semf\/","name":"Service \/ FPSE - M\u00e9thodologie et formation","description":"","publisher":{"@id":"https:\/\/web.umons.ac.be\/semf\/#organization"},"potentialAction":[{"@type":"SearchAction","target":{"@type":"EntryPoint","urlTemplate":"https:\/\/web.umons.ac.be\/semf\/?s={search_term_string}"},"query-input":{"@type":"PropertyValueSpecification","valueRequired":true,"valueName":"search_term_string"}}],"inLanguage":"fr-FR"},{"@type":"Organization","@id":"https:\/\/web.umons.ac.be\/semf\/#organization","name":"Service \/ FPSE - M\u00e9thodologie et formation","url":"https:\/\/web.umons.ac.be\/semf\/","logo":{"@type":"ImageObject","inLanguage":"fr-FR","@id":"https:\/\/web.umons.ac.be\/semf\/#\/schema\/logo\/image\/","url":"https:\/\/web.umons.ac.be\/app\/uploads\/sites\/103\/2021\/11\/LOGOP316_Benoit-VANSCHOEBEKE.svg","contentUrl":"https:\/\/web.umons.ac.be\/app\/uploads\/sites\/103\/2021\/11\/LOGOP316_Benoit-VANSCHOEBEKE.svg","width":1,"height":1,"caption":"Service \/ FPSE - M\u00e9thodologie et formation"},"image":{"@id":"https:\/\/web.umons.ac.be\/semf\/#\/schema\/logo\/image\/"}}]}},"lang":"fr","translations":{"fr":1766},"pll_sync_post":[],"_links":{"self":[{"href":"https:\/\/web.umons.ac.be\/semf\/wp-json\/wp\/v2\/pages\/1766","targetHints":{"allow":["GET"]}}],"collection":[{"href":"https:\/\/web.umons.ac.be\/semf\/wp-json\/wp\/v2\/pages"}],"about":[{"href":"https:\/\/web.umons.ac.be\/semf\/wp-json\/wp\/v2\/types\/page"}],"author":[{"embeddable":true,"href":"https:\/\/web.umons.ac.be\/semf\/wp-json\/wp\/v2\/users\/122"}],"replies":[{"embeddable":true,"href":"https:\/\/web.umons.ac.be\/semf\/wp-json\/wp\/v2\/comments?post=1766"}],"version-history":[{"count":3,"href":"https:\/\/web.umons.ac.be\/semf\/wp-json\/wp\/v2\/pages\/1766\/revisions"}],"predecessor-version":[{"id":3212,"href":"https:\/\/web.umons.ac.be\/semf\/wp-json\/wp\/v2\/pages\/1766\/revisions\/3212"}],"wp:attachment":[{"href":"https:\/\/web.umons.ac.be\/semf\/wp-json\/wp\/v2\/media?parent=1766"}],"curies":[{"name":"wp","href":"https:\/\/api.w.org\/{rel}","templated":true}]}}