{"id":1777,"date":"2023-10-17T15:47:39","date_gmt":"2023-10-17T13:47:39","guid":{"rendered":"https:\/\/web.umons.ac.be\/semf\/?page_id=1777"},"modified":"2025-11-25T15:04:55","modified_gmt":"2025-11-25T14:04:55","slug":"constance-coen","status":"publish","type":"page","link":"https:\/\/web.umons.ac.be\/semf\/constance-coen\/","title":{"rendered":"Constance COEN"},"content":{"rendered":"<p><img loading=\"lazy\" decoding=\"async\" class=\"size-thumbnail wp-image-1778 alignleft\" src=\"https:\/\/web.umons.ac.be\/app\/uploads\/sites\/103\/2023\/10\/CoenConstance-150x150.png\" alt=\"\" width=\"150\" height=\"150\" srcset=\"https:\/\/web.umons.ac.be\/app\/uploads\/sites\/103\/2023\/10\/CoenConstance-150x150.png 150w, https:\/\/web.umons.ac.be\/app\/uploads\/sites\/103\/2023\/10\/CoenConstance-80x80.png 80w\" sizes=\"auto, (max-width: 150px) 100vw, 150px\" \/><\/p>\n<p>Constance Coen\u00a0est titulaire d\u2019un Bachelier en Institutrice primaire\u00a0et d\u2019un Master en Sciences de l\u2019\u00c9ducation \u00e0 l\u2019Universit\u00e9 de Mons (UMONS). En parall\u00e8le \u00e0 la derni\u00e8re ann\u00e9e de son master, elle a \u00e9galement suivi et obtenu un Certificat d\u2019Universit\u00e9 en enseignement explicite des contenus et des comportements (2023).<\/p>\n<p>Durant son Master, Mme Coen a travaill\u00e9 en tant qu\u2019\u00e9tudiante au sein du Service de p\u00e9dagogie et d\u2019andragogie sociale\u00a0et du Service des Sciences de l\u2019Enseignement et de la Formation (INAS), o\u00f9 elle a particip\u00e9 \u00e0 la r\u00e9daction d\u2019appels d\u2019offres, \u00e0 la gestion de formations continues et \u00e0 des recherches sur les pratiques effectives des enseignants. Elle a r\u00e9alis\u00e9 un m\u00e9moire portant sur les \u00e9coles d\u00e9mocratiques, intitul\u00e9 \u00ab\u00a0L\u2019\u00e9ducation autodirig\u00e9e, entre id\u00e9al de libert\u00e9 et contraintes soci\u00e9tales\u00a0\u00bb.<\/p>\n<p>Durant deux ann\u00e9es cons\u00e9cutives, Mme Coen a \u00e9t\u00e9 assistante temporaire temps plein \u00e0 l\u2019UMONS\u00a0: \u00e0 l\u2019INAS d\u2019une part et dans l\u2019Ecole de Formation des Enseignants (EFE) d\u2019autre part. Actuellement assistante sous mandat \u00e0 l&rsquo;INAS (UMONS), elle intervient notamment comme formatrice dans la formation pratique des futurs enseignants du secondaire sup\u00e9rieur (section 5). Parall\u00e8lement, elle est doctorante en Sciences de l\u2019\u00c9ducation\u00a0\u00e0 l\u2019UMONS. Ses travaux de recherche portent sur l\u2019accompagnement des stagiaires en enseignement dans les stages d\u2019observation, en lien avec les strat\u00e9gies de gestion des apprentissages et des comportements fond\u00e9es sur des donn\u00e9es probantes.<\/p>\n<p><a href=\"https:\/\/orbi.umons.ac.be\/profile?uid=536731\" target=\"_blank\" rel=\"noopener\">Liste des publications de Constance COEN (ORBI de l&rsquo;UMONS)<\/a><\/p>\n","protected":false},"excerpt":{"rendered":"<p>Constance Coen\u00a0est titulaire d\u2019un Bachelier en Institutrice primaire\u00a0et d\u2019un Master en Sciences de l\u2019\u00c9ducation \u00e0 l\u2019Universit\u00e9 de Mons (UMONS). En parall\u00e8le \u00e0 la derni\u00e8re ann\u00e9e de son master, elle a \u00e9galement suivi et obtenu un Certificat d\u2019Universit\u00e9 en enseignement explicite des contenus et des comportements (2023). Durant son Master, Mme Coen a travaill\u00e9 en tant [&hellip;]<\/p>\n","protected":false},"author":122,"featured_media":0,"parent":0,"menu_order":0,"comment_status":"closed","ping_status":"closed","template":"","meta":{"footnotes":""},"class_list":["post-1777","page","type-page","status-publish","hentry"],"yoast_head":"<!-- This site is optimized with the Yoast SEO plugin v27.2 - https:\/\/yoast.com\/product\/yoast-seo-wordpress\/ -->\n<title>Constance COEN - Service \/ FPSE - Sciences de l&#039;Enseignement et de la Formation<\/title>\n<meta name=\"robots\" content=\"index, follow, max-snippet:-1, max-image-preview:large, max-video-preview:-1\" \/>\n<link rel=\"canonical\" href=\"https:\/\/web.umons.ac.be\/semf\/constance-coen\/\" \/>\n<meta property=\"og:locale\" content=\"fr_FR\" \/>\n<meta property=\"og:type\" content=\"article\" \/>\n<meta property=\"og:title\" content=\"Constance COEN - Service \/ FPSE - Sciences de l&#039;Enseignement et de la Formation\" \/>\n<meta property=\"og:description\" content=\"Constance Coen\u00a0est titulaire d\u2019un Bachelier en Institutrice primaire\u00a0et d\u2019un Master en Sciences de l\u2019\u00c9ducation \u00e0 l\u2019Universit\u00e9 de Mons (UMONS). En parall\u00e8le \u00e0 la derni\u00e8re ann\u00e9e de son master, elle a \u00e9galement suivi et obtenu un Certificat d\u2019Universit\u00e9 en enseignement explicite des contenus et des comportements (2023). Durant son Master, Mme Coen a travaill\u00e9 en tant [&hellip;]\" \/>\n<meta property=\"og:url\" content=\"https:\/\/web.umons.ac.be\/semf\/constance-coen\/\" \/>\n<meta property=\"og:site_name\" content=\"Service \/ FPSE - Sciences de l&#039;Enseignement et de la Formation\" \/>\n<meta property=\"article:modified_time\" content=\"2025-11-25T14:04:55+00:00\" \/>\n<meta property=\"og:image\" content=\"https:\/\/web.umons.ac.be\/app\/uploads\/sites\/103\/2023\/10\/CoenConstance.png\" \/>\n\t<meta property=\"og:image:width\" content=\"182\" \/>\n\t<meta property=\"og:image:height\" content=\"259\" \/>\n\t<meta property=\"og:image:type\" content=\"image\/png\" \/>\n<meta name=\"twitter:card\" content=\"summary_large_image\" \/>\n<meta name=\"twitter:label1\" content=\"Dur\u00e9e de lecture estim\u00e9e\" \/>\n\t<meta name=\"twitter:data1\" content=\"2 minutes\" \/>\n<script type=\"application\/ld+json\" class=\"yoast-schema-graph\">{\"@context\":\"https:\/\/schema.org\",\"@graph\":[{\"@type\":\"WebPage\",\"@id\":\"https:\/\/web.umons.ac.be\/semf\/constance-coen\/\",\"url\":\"https:\/\/web.umons.ac.be\/semf\/constance-coen\/\",\"name\":\"Constance COEN - Service \/ FPSE - Sciences de l&#039;Enseignement et de la Formation\",\"isPartOf\":{\"@id\":\"https:\/\/web.umons.ac.be\/semf\/#website\"},\"primaryImageOfPage\":{\"@id\":\"https:\/\/web.umons.ac.be\/semf\/constance-coen\/#primaryimage\"},\"image\":{\"@id\":\"https:\/\/web.umons.ac.be\/semf\/constance-coen\/#primaryimage\"},\"thumbnailUrl\":\"https:\/\/web.umons.ac.be\/app\/uploads\/sites\/103\/2023\/10\/CoenConstance-150x150.png\",\"datePublished\":\"2023-10-17T13:47:39+00:00\",\"dateModified\":\"2025-11-25T14:04:55+00:00\",\"breadcrumb\":{\"@id\":\"https:\/\/web.umons.ac.be\/semf\/constance-coen\/#breadcrumb\"},\"inLanguage\":\"fr-FR\",\"potentialAction\":[{\"@type\":\"ReadAction\",\"target\":[\"https:\/\/web.umons.ac.be\/semf\/constance-coen\/\"]}]},{\"@type\":\"ImageObject\",\"inLanguage\":\"fr-FR\",\"@id\":\"https:\/\/web.umons.ac.be\/semf\/constance-coen\/#primaryimage\",\"url\":\"https:\/\/web.umons.ac.be\/app\/uploads\/sites\/103\/2023\/10\/CoenConstance-150x150.png\",\"contentUrl\":\"https:\/\/web.umons.ac.be\/app\/uploads\/sites\/103\/2023\/10\/CoenConstance-150x150.png\"},{\"@type\":\"BreadcrumbList\",\"@id\":\"https:\/\/web.umons.ac.be\/semf\/constance-coen\/#breadcrumb\",\"itemListElement\":[{\"@type\":\"ListItem\",\"position\":1,\"name\":\"Home\",\"item\":\"https:\/\/web.umons.ac.be\/semf\/\"},{\"@type\":\"ListItem\",\"position\":2,\"name\":\"Constance COEN\"}]},{\"@type\":\"WebSite\",\"@id\":\"https:\/\/web.umons.ac.be\/semf\/#website\",\"url\":\"https:\/\/web.umons.ac.be\/semf\/\",\"name\":\"Service \/ FPSE - M\u00e9thodologie et formation\",\"description\":\"\",\"publisher\":{\"@id\":\"https:\/\/web.umons.ac.be\/semf\/#organization\"},\"potentialAction\":[{\"@type\":\"SearchAction\",\"target\":{\"@type\":\"EntryPoint\",\"urlTemplate\":\"https:\/\/web.umons.ac.be\/semf\/?s={search_term_string}\"},\"query-input\":{\"@type\":\"PropertyValueSpecification\",\"valueRequired\":true,\"valueName\":\"search_term_string\"}}],\"inLanguage\":\"fr-FR\"},{\"@type\":\"Organization\",\"@id\":\"https:\/\/web.umons.ac.be\/semf\/#organization\",\"name\":\"Service \/ FPSE - M\u00e9thodologie et formation\",\"url\":\"https:\/\/web.umons.ac.be\/semf\/\",\"logo\":{\"@type\":\"ImageObject\",\"inLanguage\":\"fr-FR\",\"@id\":\"https:\/\/web.umons.ac.be\/semf\/#\/schema\/logo\/image\/\",\"url\":\"https:\/\/web.umons.ac.be\/app\/uploads\/sites\/103\/2021\/11\/LOGOP316_Benoit-VANSCHOEBEKE.svg\",\"contentUrl\":\"https:\/\/web.umons.ac.be\/app\/uploads\/sites\/103\/2021\/11\/LOGOP316_Benoit-VANSCHOEBEKE.svg\",\"width\":1,\"height\":1,\"caption\":\"Service \/ FPSE - M\u00e9thodologie et formation\"},\"image\":{\"@id\":\"https:\/\/web.umons.ac.be\/semf\/#\/schema\/logo\/image\/\"}}]}<\/script>\n<!-- \/ Yoast SEO plugin. -->","yoast_head_json":{"title":"Constance COEN - Service \/ FPSE - Sciences de l&#039;Enseignement et de la Formation","robots":{"index":"index","follow":"follow","max-snippet":"max-snippet:-1","max-image-preview":"max-image-preview:large","max-video-preview":"max-video-preview:-1"},"canonical":"https:\/\/web.umons.ac.be\/semf\/constance-coen\/","og_locale":"fr_FR","og_type":"article","og_title":"Constance COEN - Service \/ FPSE - Sciences de l&#039;Enseignement et de la Formation","og_description":"Constance Coen\u00a0est titulaire d\u2019un Bachelier en Institutrice primaire\u00a0et d\u2019un Master en Sciences de l\u2019\u00c9ducation \u00e0 l\u2019Universit\u00e9 de Mons (UMONS). En parall\u00e8le \u00e0 la derni\u00e8re ann\u00e9e de son master, elle a \u00e9galement suivi et obtenu un Certificat d\u2019Universit\u00e9 en enseignement explicite des contenus et des comportements (2023). Durant son Master, Mme Coen a travaill\u00e9 en tant [&hellip;]","og_url":"https:\/\/web.umons.ac.be\/semf\/constance-coen\/","og_site_name":"Service \/ FPSE - Sciences de l&#039;Enseignement et de la Formation","article_modified_time":"2025-11-25T14:04:55+00:00","og_image":[{"width":182,"height":259,"url":"https:\/\/web.umons.ac.be\/app\/uploads\/sites\/103\/2023\/10\/CoenConstance.png","type":"image\/png"}],"twitter_card":"summary_large_image","twitter_misc":{"Dur\u00e9e de lecture estim\u00e9e":"2 minutes"},"schema":{"@context":"https:\/\/schema.org","@graph":[{"@type":"WebPage","@id":"https:\/\/web.umons.ac.be\/semf\/constance-coen\/","url":"https:\/\/web.umons.ac.be\/semf\/constance-coen\/","name":"Constance COEN - Service \/ FPSE - Sciences de l&#039;Enseignement et de la Formation","isPartOf":{"@id":"https:\/\/web.umons.ac.be\/semf\/#website"},"primaryImageOfPage":{"@id":"https:\/\/web.umons.ac.be\/semf\/constance-coen\/#primaryimage"},"image":{"@id":"https:\/\/web.umons.ac.be\/semf\/constance-coen\/#primaryimage"},"thumbnailUrl":"https:\/\/web.umons.ac.be\/app\/uploads\/sites\/103\/2023\/10\/CoenConstance-150x150.png","datePublished":"2023-10-17T13:47:39+00:00","dateModified":"2025-11-25T14:04:55+00:00","breadcrumb":{"@id":"https:\/\/web.umons.ac.be\/semf\/constance-coen\/#breadcrumb"},"inLanguage":"fr-FR","potentialAction":[{"@type":"ReadAction","target":["https:\/\/web.umons.ac.be\/semf\/constance-coen\/"]}]},{"@type":"ImageObject","inLanguage":"fr-FR","@id":"https:\/\/web.umons.ac.be\/semf\/constance-coen\/#primaryimage","url":"https:\/\/web.umons.ac.be\/app\/uploads\/sites\/103\/2023\/10\/CoenConstance-150x150.png","contentUrl":"https:\/\/web.umons.ac.be\/app\/uploads\/sites\/103\/2023\/10\/CoenConstance-150x150.png"},{"@type":"BreadcrumbList","@id":"https:\/\/web.umons.ac.be\/semf\/constance-coen\/#breadcrumb","itemListElement":[{"@type":"ListItem","position":1,"name":"Home","item":"https:\/\/web.umons.ac.be\/semf\/"},{"@type":"ListItem","position":2,"name":"Constance COEN"}]},{"@type":"WebSite","@id":"https:\/\/web.umons.ac.be\/semf\/#website","url":"https:\/\/web.umons.ac.be\/semf\/","name":"Service \/ FPSE - M\u00e9thodologie et formation","description":"","publisher":{"@id":"https:\/\/web.umons.ac.be\/semf\/#organization"},"potentialAction":[{"@type":"SearchAction","target":{"@type":"EntryPoint","urlTemplate":"https:\/\/web.umons.ac.be\/semf\/?s={search_term_string}"},"query-input":{"@type":"PropertyValueSpecification","valueRequired":true,"valueName":"search_term_string"}}],"inLanguage":"fr-FR"},{"@type":"Organization","@id":"https:\/\/web.umons.ac.be\/semf\/#organization","name":"Service \/ FPSE - M\u00e9thodologie et formation","url":"https:\/\/web.umons.ac.be\/semf\/","logo":{"@type":"ImageObject","inLanguage":"fr-FR","@id":"https:\/\/web.umons.ac.be\/semf\/#\/schema\/logo\/image\/","url":"https:\/\/web.umons.ac.be\/app\/uploads\/sites\/103\/2021\/11\/LOGOP316_Benoit-VANSCHOEBEKE.svg","contentUrl":"https:\/\/web.umons.ac.be\/app\/uploads\/sites\/103\/2021\/11\/LOGOP316_Benoit-VANSCHOEBEKE.svg","width":1,"height":1,"caption":"Service \/ FPSE - M\u00e9thodologie et formation"},"image":{"@id":"https:\/\/web.umons.ac.be\/semf\/#\/schema\/logo\/image\/"}}]}},"lang":"fr","translations":{"fr":1777},"pll_sync_post":[],"_links":{"self":[{"href":"https:\/\/web.umons.ac.be\/semf\/wp-json\/wp\/v2\/pages\/1777","targetHints":{"allow":["GET"]}}],"collection":[{"href":"https:\/\/web.umons.ac.be\/semf\/wp-json\/wp\/v2\/pages"}],"about":[{"href":"https:\/\/web.umons.ac.be\/semf\/wp-json\/wp\/v2\/types\/page"}],"author":[{"embeddable":true,"href":"https:\/\/web.umons.ac.be\/semf\/wp-json\/wp\/v2\/users\/122"}],"replies":[{"embeddable":true,"href":"https:\/\/web.umons.ac.be\/semf\/wp-json\/wp\/v2\/comments?post=1777"}],"version-history":[{"count":3,"href":"https:\/\/web.umons.ac.be\/semf\/wp-json\/wp\/v2\/pages\/1777\/revisions"}],"predecessor-version":[{"id":2886,"href":"https:\/\/web.umons.ac.be\/semf\/wp-json\/wp\/v2\/pages\/1777\/revisions\/2886"}],"wp:attachment":[{"href":"https:\/\/web.umons.ac.be\/semf\/wp-json\/wp\/v2\/media?parent=1777"}],"curies":[{"name":"wp","href":"https:\/\/api.w.org\/{rel}","templated":true}]}}