{"id":186,"date":"2021-12-13T11:41:02","date_gmt":"2021-12-13T10:41:02","guid":{"rendered":"https:\/\/web.umons.ac.be\/semf\/?page_id=186"},"modified":"2021-12-13T11:41:02","modified_gmt":"2021-12-13T10:41:02","slug":"caroline-michalakis","status":"publish","type":"page","link":"https:\/\/web.umons.ac.be\/semf\/caroline-michalakis\/","title":{"rendered":"Caroline MICHALAKIS"},"content":{"rendered":"<div class=\"welcomeImage\">\n<div id=\"ctl00_PlaceHolderMain_PageImage__ControlWrapper_RichImageField\"><span dir=\"\"><img decoding=\"async\" class=\"alignleft\" src=\"https:\/\/sharepoint1.umons.ac.be\/FR\/universite\/facultes\/fpse\/serviceseetr\/methodo\/membres\/PublishingImages\/MichalakisC.jpg\" alt=\"\" width=\"100\" border=\"0\" \/><\/span><\/div>\n<\/div>\n<div class=\"pageContent\">\n<div id=\"ctl00_PlaceHolderMain_Content__ControlWrapper_RichHtmlField\">\n<p>Professeur de fran\u00e7ais dans l\u2019enseignement secondaire sp\u00e9cialis\u00e9 depuis 2004, Caroline Michalakis a obtenu un Master en Sciences de l\u2019Education en 2012. Son travail de fin d\u2019\u00e9tudes, r\u00e9alis\u00e9 dans le Service de M\u00e9thodologie et Formation de l\u2019Umons, portait sur les pratiques d\u00e9clar\u00e9es des enseignants en mati\u00e8re d\u2019apprentissage de la lecture dans l\u2019enseignement secondaire sp\u00e9cialis\u00e9 de type 1. En juillet 2012, elle y a \u00e9t\u00e9 bri\u00e8vement collaboratrice de recherche.<\/p>\n<p>Passionn\u00e9e de musique et musicienne amateur, elle a eu l\u2019occasion d\u2019\u00eatre engag\u00e9e, en plus de son emploi de professeur, comme conf\u00e9renci\u00e8re au Conservatoire Royal de Bruxelles. Depuis l\u2019ann\u00e9e acad\u00e9mique 2012-2013, elle y a principalement supervis\u00e9 les stages d\u2019enseignement d\u2019\u00e9tudiants de master didactique et d\u2019agr\u00e9gation. Lors de l\u2019ann\u00e9e acad\u00e9mique 2015-2016, elle y a occup\u00e9 un poste d\u2019assistante en psychop\u00e9dagogie g\u00e9n\u00e9rale.<\/p>\n<p>En octobre 2016, elle a int\u00e9gr\u00e9 l\u2019Institut d\u2019Administration Scolaire (INAS) sous la direction du Professeur Marc Demeuse. Ses activit\u00e9s principales portent sur l\u2019approche orientante et sur le suivi de recherches men\u00e9es pour la Province et la Ville de Li\u00e8ge.<\/p>\n<p><a title=\"\" href=\"http:\/\/applications.umons.ac.be\/webappspub\/wsxmlpubs\/GetList.aspx?matricule=531483output=html\" target=\"\" rel=\"noopener\">Liste des publications de Caroline Michalakis (DI de l&rsquo;UMONS)<\/a><\/p>\n<\/div>\n<\/div>\n","protected":false},"excerpt":{"rendered":"<p>Professeur de fran\u00e7ais dans l\u2019enseignement secondaire sp\u00e9cialis\u00e9 depuis 2004, Caroline Michalakis a obtenu un Master en Sciences de l\u2019Education en 2012. Son travail de fin d\u2019\u00e9tudes, r\u00e9alis\u00e9 dans le Service de M\u00e9thodologie et Formation de l\u2019Umons, portait sur les pratiques d\u00e9clar\u00e9es des enseignants en mati\u00e8re d\u2019apprentissage de la lecture dans l\u2019enseignement secondaire sp\u00e9cialis\u00e9 de type [&hellip;]<\/p>\n","protected":false},"author":121,"featured_media":0,"parent":0,"menu_order":0,"comment_status":"closed","ping_status":"closed","template":"","meta":{"footnotes":""},"class_list":["post-186","page","type-page","status-publish","hentry"],"yoast_head":"<!-- This site is optimized with the Yoast SEO plugin v27.2 - https:\/\/yoast.com\/product\/yoast-seo-wordpress\/ -->\n<title>Caroline MICHALAKIS - Service \/ FPSE - Sciences de l&#039;Enseignement et de la Formation<\/title>\n<meta name=\"robots\" content=\"index, follow, max-snippet:-1, max-image-preview:large, max-video-preview:-1\" \/>\n<link rel=\"canonical\" href=\"https:\/\/web.umons.ac.be\/semf\/caroline-michalakis\/\" \/>\n<meta property=\"og:locale\" content=\"fr_FR\" \/>\n<meta property=\"og:type\" content=\"article\" \/>\n<meta property=\"og:title\" content=\"Caroline MICHALAKIS - Service \/ FPSE - Sciences de l&#039;Enseignement et de la Formation\" \/>\n<meta property=\"og:description\" content=\"Professeur de fran\u00e7ais dans l\u2019enseignement secondaire sp\u00e9cialis\u00e9 depuis 2004, Caroline Michalakis a obtenu un Master en Sciences de l\u2019Education en 2012. Son travail de fin d\u2019\u00e9tudes, r\u00e9alis\u00e9 dans le Service de M\u00e9thodologie et Formation de l\u2019Umons, portait sur les pratiques d\u00e9clar\u00e9es des enseignants en mati\u00e8re d\u2019apprentissage de la lecture dans l\u2019enseignement secondaire sp\u00e9cialis\u00e9 de type [&hellip;]\" \/>\n<meta property=\"og:url\" content=\"https:\/\/web.umons.ac.be\/semf\/caroline-michalakis\/\" \/>\n<meta property=\"og:site_name\" content=\"Service \/ FPSE - Sciences de l&#039;Enseignement et de la Formation\" \/>\n<meta property=\"og:image\" content=\"https:\/\/sharepoint1.umons.ac.be\/FR\/universite\/facultes\/fpse\/serviceseetr\/methodo\/membres\/PublishingImages\/MichalakisC.jpg\" \/>\n<meta name=\"twitter:card\" content=\"summary_large_image\" \/>\n<meta name=\"twitter:label1\" content=\"Dur\u00e9e de lecture estim\u00e9e\" \/>\n\t<meta name=\"twitter:data1\" content=\"1 minute\" \/>\n<script type=\"application\/ld+json\" class=\"yoast-schema-graph\">{\"@context\":\"https:\/\/schema.org\",\"@graph\":[{\"@type\":\"WebPage\",\"@id\":\"https:\/\/web.umons.ac.be\/semf\/caroline-michalakis\/\",\"url\":\"https:\/\/web.umons.ac.be\/semf\/caroline-michalakis\/\",\"name\":\"Caroline MICHALAKIS - Service \/ FPSE - Sciences de l&#039;Enseignement et de la Formation\",\"isPartOf\":{\"@id\":\"https:\/\/web.umons.ac.be\/semf\/#website\"},\"primaryImageOfPage\":{\"@id\":\"https:\/\/web.umons.ac.be\/semf\/caroline-michalakis\/#primaryimage\"},\"image\":{\"@id\":\"https:\/\/web.umons.ac.be\/semf\/caroline-michalakis\/#primaryimage\"},\"thumbnailUrl\":\"https:\/\/sharepoint1.umons.ac.be\/FR\/universite\/facultes\/fpse\/serviceseetr\/methodo\/membres\/PublishingImages\/MichalakisC.jpg\",\"datePublished\":\"2021-12-13T10:41:02+00:00\",\"breadcrumb\":{\"@id\":\"https:\/\/web.umons.ac.be\/semf\/caroline-michalakis\/#breadcrumb\"},\"inLanguage\":\"fr-FR\",\"potentialAction\":[{\"@type\":\"ReadAction\",\"target\":[\"https:\/\/web.umons.ac.be\/semf\/caroline-michalakis\/\"]}]},{\"@type\":\"ImageObject\",\"inLanguage\":\"fr-FR\",\"@id\":\"https:\/\/web.umons.ac.be\/semf\/caroline-michalakis\/#primaryimage\",\"url\":\"https:\/\/sharepoint1.umons.ac.be\/FR\/universite\/facultes\/fpse\/serviceseetr\/methodo\/membres\/PublishingImages\/MichalakisC.jpg\",\"contentUrl\":\"https:\/\/sharepoint1.umons.ac.be\/FR\/universite\/facultes\/fpse\/serviceseetr\/methodo\/membres\/PublishingImages\/MichalakisC.jpg\"},{\"@type\":\"BreadcrumbList\",\"@id\":\"https:\/\/web.umons.ac.be\/semf\/caroline-michalakis\/#breadcrumb\",\"itemListElement\":[{\"@type\":\"ListItem\",\"position\":1,\"name\":\"Home\",\"item\":\"https:\/\/web.umons.ac.be\/semf\/\"},{\"@type\":\"ListItem\",\"position\":2,\"name\":\"Caroline MICHALAKIS\"}]},{\"@type\":\"WebSite\",\"@id\":\"https:\/\/web.umons.ac.be\/semf\/#website\",\"url\":\"https:\/\/web.umons.ac.be\/semf\/\",\"name\":\"Service \/ FPSE - M\u00e9thodologie et formation\",\"description\":\"\",\"publisher\":{\"@id\":\"https:\/\/web.umons.ac.be\/semf\/#organization\"},\"potentialAction\":[{\"@type\":\"SearchAction\",\"target\":{\"@type\":\"EntryPoint\",\"urlTemplate\":\"https:\/\/web.umons.ac.be\/semf\/?s={search_term_string}\"},\"query-input\":{\"@type\":\"PropertyValueSpecification\",\"valueRequired\":true,\"valueName\":\"search_term_string\"}}],\"inLanguage\":\"fr-FR\"},{\"@type\":\"Organization\",\"@id\":\"https:\/\/web.umons.ac.be\/semf\/#organization\",\"name\":\"Service \/ FPSE - M\u00e9thodologie et formation\",\"url\":\"https:\/\/web.umons.ac.be\/semf\/\",\"logo\":{\"@type\":\"ImageObject\",\"inLanguage\":\"fr-FR\",\"@id\":\"https:\/\/web.umons.ac.be\/semf\/#\/schema\/logo\/image\/\",\"url\":\"https:\/\/web.umons.ac.be\/app\/uploads\/sites\/103\/2021\/11\/LOGOP316_Benoit-VANSCHOEBEKE.svg\",\"contentUrl\":\"https:\/\/web.umons.ac.be\/app\/uploads\/sites\/103\/2021\/11\/LOGOP316_Benoit-VANSCHOEBEKE.svg\",\"width\":1,\"height\":1,\"caption\":\"Service \/ FPSE - M\u00e9thodologie et formation\"},\"image\":{\"@id\":\"https:\/\/web.umons.ac.be\/semf\/#\/schema\/logo\/image\/\"}}]}<\/script>\n<!-- \/ Yoast SEO plugin. -->","yoast_head_json":{"title":"Caroline MICHALAKIS - Service \/ FPSE - Sciences de l&#039;Enseignement et de la Formation","robots":{"index":"index","follow":"follow","max-snippet":"max-snippet:-1","max-image-preview":"max-image-preview:large","max-video-preview":"max-video-preview:-1"},"canonical":"https:\/\/web.umons.ac.be\/semf\/caroline-michalakis\/","og_locale":"fr_FR","og_type":"article","og_title":"Caroline MICHALAKIS - Service \/ FPSE - Sciences de l&#039;Enseignement et de la Formation","og_description":"Professeur de fran\u00e7ais dans l\u2019enseignement secondaire sp\u00e9cialis\u00e9 depuis 2004, Caroline Michalakis a obtenu un Master en Sciences de l\u2019Education en 2012. Son travail de fin d\u2019\u00e9tudes, r\u00e9alis\u00e9 dans le Service de M\u00e9thodologie et Formation de l\u2019Umons, portait sur les pratiques d\u00e9clar\u00e9es des enseignants en mati\u00e8re d\u2019apprentissage de la lecture dans l\u2019enseignement secondaire sp\u00e9cialis\u00e9 de type [&hellip;]","og_url":"https:\/\/web.umons.ac.be\/semf\/caroline-michalakis\/","og_site_name":"Service \/ FPSE - Sciences de l&#039;Enseignement et de la Formation","og_image":[{"url":"https:\/\/sharepoint1.umons.ac.be\/FR\/universite\/facultes\/fpse\/serviceseetr\/methodo\/membres\/PublishingImages\/MichalakisC.jpg","type":"","width":"","height":""}],"twitter_card":"summary_large_image","twitter_misc":{"Dur\u00e9e de lecture estim\u00e9e":"1 minute"},"schema":{"@context":"https:\/\/schema.org","@graph":[{"@type":"WebPage","@id":"https:\/\/web.umons.ac.be\/semf\/caroline-michalakis\/","url":"https:\/\/web.umons.ac.be\/semf\/caroline-michalakis\/","name":"Caroline MICHALAKIS - Service \/ FPSE - Sciences de l&#039;Enseignement et de la Formation","isPartOf":{"@id":"https:\/\/web.umons.ac.be\/semf\/#website"},"primaryImageOfPage":{"@id":"https:\/\/web.umons.ac.be\/semf\/caroline-michalakis\/#primaryimage"},"image":{"@id":"https:\/\/web.umons.ac.be\/semf\/caroline-michalakis\/#primaryimage"},"thumbnailUrl":"https:\/\/sharepoint1.umons.ac.be\/FR\/universite\/facultes\/fpse\/serviceseetr\/methodo\/membres\/PublishingImages\/MichalakisC.jpg","datePublished":"2021-12-13T10:41:02+00:00","breadcrumb":{"@id":"https:\/\/web.umons.ac.be\/semf\/caroline-michalakis\/#breadcrumb"},"inLanguage":"fr-FR","potentialAction":[{"@type":"ReadAction","target":["https:\/\/web.umons.ac.be\/semf\/caroline-michalakis\/"]}]},{"@type":"ImageObject","inLanguage":"fr-FR","@id":"https:\/\/web.umons.ac.be\/semf\/caroline-michalakis\/#primaryimage","url":"https:\/\/sharepoint1.umons.ac.be\/FR\/universite\/facultes\/fpse\/serviceseetr\/methodo\/membres\/PublishingImages\/MichalakisC.jpg","contentUrl":"https:\/\/sharepoint1.umons.ac.be\/FR\/universite\/facultes\/fpse\/serviceseetr\/methodo\/membres\/PublishingImages\/MichalakisC.jpg"},{"@type":"BreadcrumbList","@id":"https:\/\/web.umons.ac.be\/semf\/caroline-michalakis\/#breadcrumb","itemListElement":[{"@type":"ListItem","position":1,"name":"Home","item":"https:\/\/web.umons.ac.be\/semf\/"},{"@type":"ListItem","position":2,"name":"Caroline MICHALAKIS"}]},{"@type":"WebSite","@id":"https:\/\/web.umons.ac.be\/semf\/#website","url":"https:\/\/web.umons.ac.be\/semf\/","name":"Service \/ FPSE - M\u00e9thodologie et formation","description":"","publisher":{"@id":"https:\/\/web.umons.ac.be\/semf\/#organization"},"potentialAction":[{"@type":"SearchAction","target":{"@type":"EntryPoint","urlTemplate":"https:\/\/web.umons.ac.be\/semf\/?s={search_term_string}"},"query-input":{"@type":"PropertyValueSpecification","valueRequired":true,"valueName":"search_term_string"}}],"inLanguage":"fr-FR"},{"@type":"Organization","@id":"https:\/\/web.umons.ac.be\/semf\/#organization","name":"Service \/ FPSE - M\u00e9thodologie et formation","url":"https:\/\/web.umons.ac.be\/semf\/","logo":{"@type":"ImageObject","inLanguage":"fr-FR","@id":"https:\/\/web.umons.ac.be\/semf\/#\/schema\/logo\/image\/","url":"https:\/\/web.umons.ac.be\/app\/uploads\/sites\/103\/2021\/11\/LOGOP316_Benoit-VANSCHOEBEKE.svg","contentUrl":"https:\/\/web.umons.ac.be\/app\/uploads\/sites\/103\/2021\/11\/LOGOP316_Benoit-VANSCHOEBEKE.svg","width":1,"height":1,"caption":"Service \/ FPSE - M\u00e9thodologie et formation"},"image":{"@id":"https:\/\/web.umons.ac.be\/semf\/#\/schema\/logo\/image\/"}}]}},"lang":"fr","translations":{"fr":186},"pll_sync_post":[],"_links":{"self":[{"href":"https:\/\/web.umons.ac.be\/semf\/wp-json\/wp\/v2\/pages\/186","targetHints":{"allow":["GET"]}}],"collection":[{"href":"https:\/\/web.umons.ac.be\/semf\/wp-json\/wp\/v2\/pages"}],"about":[{"href":"https:\/\/web.umons.ac.be\/semf\/wp-json\/wp\/v2\/types\/page"}],"author":[{"embeddable":true,"href":"https:\/\/web.umons.ac.be\/semf\/wp-json\/wp\/v2\/users\/121"}],"replies":[{"embeddable":true,"href":"https:\/\/web.umons.ac.be\/semf\/wp-json\/wp\/v2\/comments?post=186"}],"version-history":[{"count":1,"href":"https:\/\/web.umons.ac.be\/semf\/wp-json\/wp\/v2\/pages\/186\/revisions"}],"predecessor-version":[{"id":187,"href":"https:\/\/web.umons.ac.be\/semf\/wp-json\/wp\/v2\/pages\/186\/revisions\/187"}],"wp:attachment":[{"href":"https:\/\/web.umons.ac.be\/semf\/wp-json\/wp\/v2\/media?parent=186"}],"curies":[{"name":"wp","href":"https:\/\/api.w.org\/{rel}","templated":true}]}}