{"id":190,"date":"2021-12-13T11:42:13","date_gmt":"2021-12-13T10:42:13","guid":{"rendered":"https:\/\/web.umons.ac.be\/semf\/?page_id=190"},"modified":"2021-12-13T11:42:13","modified_gmt":"2021-12-13T10:42:13","slug":"sabine-soetewey","status":"publish","type":"page","link":"https:\/\/web.umons.ac.be\/semf\/sabine-soetewey\/","title":{"rendered":"Sabine SOETEWEY"},"content":{"rendered":"<div class=\"welcomeImage\">\n<div id=\"ctl00_PlaceHolderMain_PageImage__ControlWrapper_RichImageField\"><span dir=\"\"><img decoding=\"async\" class=\"alignleft\" src=\"https:\/\/sharepoint1.umons.ac.be\/FR\/universite\/facultes\/fpse\/serviceseetr\/methodo\/membres\/PublishingImages\/Sabine_Soetewey.jpg\" alt=\"\" width=\"101\" border=\"0\" \/><\/span><\/div>\n<\/div>\n<div class=\"pageContent\">\n<div id=\"ctl00_PlaceHolderMain_Content__ControlWrapper_RichHtmlField\">\n<p>Professeur de sciences dans l&rsquo;enseignement secondaire sup\u00e9rieur, Sabine Soetewey a travaill\u00e9 \u00e0 l&rsquo;INAS de janvier 2010 \u00e0 Octobre 2014. Licenci\u00e9e en sciences biologiques (1996), titulaire d&rsquo;un DEA en biologie des populations (1999), et de l\u2019agr\u00e9gation en sciences, elle a travaill\u00e9 dans trois th\u00e9matiques diff\u00e9rentes. Dans le cadre d\u2019une recherche concernant l\u2019enseignement des sciences, elle s\u2019est attel\u00e9e, avec d\u2019autres coll\u00e8gues, \u00e0 une \u00e9valuation du curriculum en sciences dans les deuxi\u00e8me et troisi\u00e8me degr\u00e9s de l\u2019enseignement ordinaire. Cette analyse a int\u00e9gr\u00e9 divers point d\u2019approche, tels que les contenus enseign\u00e9s, les parcours scolaires, la forme des documents, la place de la didactique, les pratiques et difficult\u00e9s d\u2019implantation par les enseignants, \u2026 Elle s\u2019est \u00e9galement int\u00e9ress\u00e9e au pilotage de l\u2019enseignement au travers du d\u00e9veloppement d\u2019outils informatis\u00e9s permettant la cr\u00e9ation d\u2019indicateurs sp\u00e9cifiques du syst\u00e8me au sein d\u2019un des r\u00e9seaux d\u2019enseignement francophone. Ce travail a d\u00e9but\u00e9 par la cr\u00e9ation et l\u2019adaptation d\u2019indicateurs sp\u00e9cifiques et la mise au point d\u2019un outil informatis\u00e9 convivial d\u00e9di\u00e9 \u00e0 leur consultation (en collaboration avec le SSI), notamment pour la mise \u00e0 disposition d\u2019indicateurs de r\u00e9sultats scolaires. Il s\u2019est poursuivi par le d\u00e9ploiement de l\u2019outil et le suivi scientifique de sa r\u00e9ception par les utilisateurs, de leur pr\u00e9conceptions du pilotage \u00e0 leurs intentions a posteriori. Elle a aussi collabor\u00e9 \u00e0 la mise au point d\u2019outils didactiques permettant de d\u00e9velopper le processus d&rsquo;abstraction chez les \u00e9l\u00e8ves, du 3e cycle primaire au 1er degr\u00e9 du secondaire.<\/p>\n<p>Depuis 2015, Sabine Soetewey est Responsable\u00a0<a title=\"\" href=\"http:\/\/www.umons.ac.be\/qualite\" target=\"_blank\" rel=\"noopener\">Qualit\u00e9 \u00e0 l\u2019Universit\u00e9 de Mons<\/a>\u00a0et coordonne d\u00e9sormais le Service \u00c9tude, Qualit\u00e9, Indicateurs et Pilotage (EQuIP).<\/p>\n<p>Elle est membre du conseil d\u2019administration d\u2019ABC-educ et membre de l\u2019ADMEE.<\/p>\n<p><a title=\"\" href=\"http:\/\/applications.umons.ac.be\/webappspub\/wsxmlpubs\/GetList.aspx?matricule=530611&amp;output=html\" target=\"\" rel=\"noopener\">Liste des publications de Sabine Soetewey (DI de l&rsquo;UMONS)<\/a><\/p>\n<\/div>\n<\/div>\n","protected":false},"excerpt":{"rendered":"<p>Professeur de sciences dans l&rsquo;enseignement secondaire sup\u00e9rieur, Sabine Soetewey a travaill\u00e9 \u00e0 l&rsquo;INAS de janvier 2010 \u00e0 Octobre 2014. Licenci\u00e9e en sciences biologiques (1996), titulaire d&rsquo;un DEA en biologie des populations (1999), et de l\u2019agr\u00e9gation en sciences, elle a travaill\u00e9 dans trois th\u00e9matiques diff\u00e9rentes. Dans le cadre d\u2019une recherche concernant l\u2019enseignement des sciences, elle s\u2019est [&hellip;]<\/p>\n","protected":false},"author":121,"featured_media":0,"parent":0,"menu_order":0,"comment_status":"closed","ping_status":"closed","template":"","meta":{"footnotes":""},"class_list":["post-190","page","type-page","status-publish","hentry"],"yoast_head":"<!-- This site is optimized with the Yoast SEO plugin v27.2 - https:\/\/yoast.com\/product\/yoast-seo-wordpress\/ -->\n<title>Sabine SOETEWEY - Service \/ FPSE - Sciences de l&#039;Enseignement et de la Formation<\/title>\n<meta name=\"robots\" content=\"index, follow, max-snippet:-1, max-image-preview:large, max-video-preview:-1\" \/>\n<link rel=\"canonical\" href=\"https:\/\/web.umons.ac.be\/semf\/sabine-soetewey\/\" \/>\n<meta property=\"og:locale\" content=\"fr_FR\" \/>\n<meta property=\"og:type\" content=\"article\" \/>\n<meta property=\"og:title\" content=\"Sabine SOETEWEY - Service \/ FPSE - Sciences de l&#039;Enseignement et de la Formation\" \/>\n<meta property=\"og:description\" content=\"Professeur de sciences dans l&rsquo;enseignement secondaire sup\u00e9rieur, Sabine Soetewey a travaill\u00e9 \u00e0 l&rsquo;INAS de janvier 2010 \u00e0 Octobre 2014. Licenci\u00e9e en sciences biologiques (1996), titulaire d&rsquo;un DEA en biologie des populations (1999), et de l\u2019agr\u00e9gation en sciences, elle a travaill\u00e9 dans trois th\u00e9matiques diff\u00e9rentes. Dans le cadre d\u2019une recherche concernant l\u2019enseignement des sciences, elle s\u2019est [&hellip;]\" \/>\n<meta property=\"og:url\" content=\"https:\/\/web.umons.ac.be\/semf\/sabine-soetewey\/\" \/>\n<meta property=\"og:site_name\" content=\"Service \/ FPSE - Sciences de l&#039;Enseignement et de la Formation\" \/>\n<meta property=\"og:image\" content=\"https:\/\/sharepoint1.umons.ac.be\/FR\/universite\/facultes\/fpse\/serviceseetr\/methodo\/membres\/PublishingImages\/Sabine_Soetewey.jpg\" \/>\n<meta name=\"twitter:card\" content=\"summary_large_image\" \/>\n<meta name=\"twitter:label1\" content=\"Dur\u00e9e de lecture estim\u00e9e\" \/>\n\t<meta name=\"twitter:data1\" content=\"2 minutes\" \/>\n<script type=\"application\/ld+json\" class=\"yoast-schema-graph\">{\"@context\":\"https:\/\/schema.org\",\"@graph\":[{\"@type\":\"WebPage\",\"@id\":\"https:\/\/web.umons.ac.be\/semf\/sabine-soetewey\/\",\"url\":\"https:\/\/web.umons.ac.be\/semf\/sabine-soetewey\/\",\"name\":\"Sabine SOETEWEY - Service \/ FPSE - Sciences de l&#039;Enseignement et de la Formation\",\"isPartOf\":{\"@id\":\"https:\/\/web.umons.ac.be\/semf\/#website\"},\"primaryImageOfPage\":{\"@id\":\"https:\/\/web.umons.ac.be\/semf\/sabine-soetewey\/#primaryimage\"},\"image\":{\"@id\":\"https:\/\/web.umons.ac.be\/semf\/sabine-soetewey\/#primaryimage\"},\"thumbnailUrl\":\"https:\/\/sharepoint1.umons.ac.be\/FR\/universite\/facultes\/fpse\/serviceseetr\/methodo\/membres\/PublishingImages\/Sabine_Soetewey.jpg\",\"datePublished\":\"2021-12-13T10:42:13+00:00\",\"breadcrumb\":{\"@id\":\"https:\/\/web.umons.ac.be\/semf\/sabine-soetewey\/#breadcrumb\"},\"inLanguage\":\"fr-FR\",\"potentialAction\":[{\"@type\":\"ReadAction\",\"target\":[\"https:\/\/web.umons.ac.be\/semf\/sabine-soetewey\/\"]}]},{\"@type\":\"ImageObject\",\"inLanguage\":\"fr-FR\",\"@id\":\"https:\/\/web.umons.ac.be\/semf\/sabine-soetewey\/#primaryimage\",\"url\":\"https:\/\/sharepoint1.umons.ac.be\/FR\/universite\/facultes\/fpse\/serviceseetr\/methodo\/membres\/PublishingImages\/Sabine_Soetewey.jpg\",\"contentUrl\":\"https:\/\/sharepoint1.umons.ac.be\/FR\/universite\/facultes\/fpse\/serviceseetr\/methodo\/membres\/PublishingImages\/Sabine_Soetewey.jpg\"},{\"@type\":\"BreadcrumbList\",\"@id\":\"https:\/\/web.umons.ac.be\/semf\/sabine-soetewey\/#breadcrumb\",\"itemListElement\":[{\"@type\":\"ListItem\",\"position\":1,\"name\":\"Home\",\"item\":\"https:\/\/web.umons.ac.be\/semf\/\"},{\"@type\":\"ListItem\",\"position\":2,\"name\":\"Sabine SOETEWEY\"}]},{\"@type\":\"WebSite\",\"@id\":\"https:\/\/web.umons.ac.be\/semf\/#website\",\"url\":\"https:\/\/web.umons.ac.be\/semf\/\",\"name\":\"Service \/ FPSE - M\u00e9thodologie et formation\",\"description\":\"\",\"publisher\":{\"@id\":\"https:\/\/web.umons.ac.be\/semf\/#organization\"},\"potentialAction\":[{\"@type\":\"SearchAction\",\"target\":{\"@type\":\"EntryPoint\",\"urlTemplate\":\"https:\/\/web.umons.ac.be\/semf\/?s={search_term_string}\"},\"query-input\":{\"@type\":\"PropertyValueSpecification\",\"valueRequired\":true,\"valueName\":\"search_term_string\"}}],\"inLanguage\":\"fr-FR\"},{\"@type\":\"Organization\",\"@id\":\"https:\/\/web.umons.ac.be\/semf\/#organization\",\"name\":\"Service \/ FPSE - M\u00e9thodologie et formation\",\"url\":\"https:\/\/web.umons.ac.be\/semf\/\",\"logo\":{\"@type\":\"ImageObject\",\"inLanguage\":\"fr-FR\",\"@id\":\"https:\/\/web.umons.ac.be\/semf\/#\/schema\/logo\/image\/\",\"url\":\"https:\/\/web.umons.ac.be\/app\/uploads\/sites\/103\/2021\/11\/LOGOP316_Benoit-VANSCHOEBEKE.svg\",\"contentUrl\":\"https:\/\/web.umons.ac.be\/app\/uploads\/sites\/103\/2021\/11\/LOGOP316_Benoit-VANSCHOEBEKE.svg\",\"width\":1,\"height\":1,\"caption\":\"Service \/ FPSE - M\u00e9thodologie et formation\"},\"image\":{\"@id\":\"https:\/\/web.umons.ac.be\/semf\/#\/schema\/logo\/image\/\"}}]}<\/script>\n<!-- \/ Yoast SEO plugin. -->","yoast_head_json":{"title":"Sabine SOETEWEY - Service \/ FPSE - Sciences de l&#039;Enseignement et de la Formation","robots":{"index":"index","follow":"follow","max-snippet":"max-snippet:-1","max-image-preview":"max-image-preview:large","max-video-preview":"max-video-preview:-1"},"canonical":"https:\/\/web.umons.ac.be\/semf\/sabine-soetewey\/","og_locale":"fr_FR","og_type":"article","og_title":"Sabine SOETEWEY - Service \/ FPSE - Sciences de l&#039;Enseignement et de la Formation","og_description":"Professeur de sciences dans l&rsquo;enseignement secondaire sup\u00e9rieur, Sabine Soetewey a travaill\u00e9 \u00e0 l&rsquo;INAS de janvier 2010 \u00e0 Octobre 2014. Licenci\u00e9e en sciences biologiques (1996), titulaire d&rsquo;un DEA en biologie des populations (1999), et de l\u2019agr\u00e9gation en sciences, elle a travaill\u00e9 dans trois th\u00e9matiques diff\u00e9rentes. Dans le cadre d\u2019une recherche concernant l\u2019enseignement des sciences, elle s\u2019est [&hellip;]","og_url":"https:\/\/web.umons.ac.be\/semf\/sabine-soetewey\/","og_site_name":"Service \/ FPSE - Sciences de l&#039;Enseignement et de la Formation","og_image":[{"url":"https:\/\/sharepoint1.umons.ac.be\/FR\/universite\/facultes\/fpse\/serviceseetr\/methodo\/membres\/PublishingImages\/Sabine_Soetewey.jpg","type":"","width":"","height":""}],"twitter_card":"summary_large_image","twitter_misc":{"Dur\u00e9e de lecture estim\u00e9e":"2 minutes"},"schema":{"@context":"https:\/\/schema.org","@graph":[{"@type":"WebPage","@id":"https:\/\/web.umons.ac.be\/semf\/sabine-soetewey\/","url":"https:\/\/web.umons.ac.be\/semf\/sabine-soetewey\/","name":"Sabine SOETEWEY - Service \/ FPSE - Sciences de l&#039;Enseignement et de la Formation","isPartOf":{"@id":"https:\/\/web.umons.ac.be\/semf\/#website"},"primaryImageOfPage":{"@id":"https:\/\/web.umons.ac.be\/semf\/sabine-soetewey\/#primaryimage"},"image":{"@id":"https:\/\/web.umons.ac.be\/semf\/sabine-soetewey\/#primaryimage"},"thumbnailUrl":"https:\/\/sharepoint1.umons.ac.be\/FR\/universite\/facultes\/fpse\/serviceseetr\/methodo\/membres\/PublishingImages\/Sabine_Soetewey.jpg","datePublished":"2021-12-13T10:42:13+00:00","breadcrumb":{"@id":"https:\/\/web.umons.ac.be\/semf\/sabine-soetewey\/#breadcrumb"},"inLanguage":"fr-FR","potentialAction":[{"@type":"ReadAction","target":["https:\/\/web.umons.ac.be\/semf\/sabine-soetewey\/"]}]},{"@type":"ImageObject","inLanguage":"fr-FR","@id":"https:\/\/web.umons.ac.be\/semf\/sabine-soetewey\/#primaryimage","url":"https:\/\/sharepoint1.umons.ac.be\/FR\/universite\/facultes\/fpse\/serviceseetr\/methodo\/membres\/PublishingImages\/Sabine_Soetewey.jpg","contentUrl":"https:\/\/sharepoint1.umons.ac.be\/FR\/universite\/facultes\/fpse\/serviceseetr\/methodo\/membres\/PublishingImages\/Sabine_Soetewey.jpg"},{"@type":"BreadcrumbList","@id":"https:\/\/web.umons.ac.be\/semf\/sabine-soetewey\/#breadcrumb","itemListElement":[{"@type":"ListItem","position":1,"name":"Home","item":"https:\/\/web.umons.ac.be\/semf\/"},{"@type":"ListItem","position":2,"name":"Sabine SOETEWEY"}]},{"@type":"WebSite","@id":"https:\/\/web.umons.ac.be\/semf\/#website","url":"https:\/\/web.umons.ac.be\/semf\/","name":"Service \/ FPSE - M\u00e9thodologie et formation","description":"","publisher":{"@id":"https:\/\/web.umons.ac.be\/semf\/#organization"},"potentialAction":[{"@type":"SearchAction","target":{"@type":"EntryPoint","urlTemplate":"https:\/\/web.umons.ac.be\/semf\/?s={search_term_string}"},"query-input":{"@type":"PropertyValueSpecification","valueRequired":true,"valueName":"search_term_string"}}],"inLanguage":"fr-FR"},{"@type":"Organization","@id":"https:\/\/web.umons.ac.be\/semf\/#organization","name":"Service \/ FPSE - M\u00e9thodologie et formation","url":"https:\/\/web.umons.ac.be\/semf\/","logo":{"@type":"ImageObject","inLanguage":"fr-FR","@id":"https:\/\/web.umons.ac.be\/semf\/#\/schema\/logo\/image\/","url":"https:\/\/web.umons.ac.be\/app\/uploads\/sites\/103\/2021\/11\/LOGOP316_Benoit-VANSCHOEBEKE.svg","contentUrl":"https:\/\/web.umons.ac.be\/app\/uploads\/sites\/103\/2021\/11\/LOGOP316_Benoit-VANSCHOEBEKE.svg","width":1,"height":1,"caption":"Service \/ FPSE - M\u00e9thodologie et formation"},"image":{"@id":"https:\/\/web.umons.ac.be\/semf\/#\/schema\/logo\/image\/"}}]}},"lang":"fr","translations":{"fr":190},"pll_sync_post":[],"_links":{"self":[{"href":"https:\/\/web.umons.ac.be\/semf\/wp-json\/wp\/v2\/pages\/190","targetHints":{"allow":["GET"]}}],"collection":[{"href":"https:\/\/web.umons.ac.be\/semf\/wp-json\/wp\/v2\/pages"}],"about":[{"href":"https:\/\/web.umons.ac.be\/semf\/wp-json\/wp\/v2\/types\/page"}],"author":[{"embeddable":true,"href":"https:\/\/web.umons.ac.be\/semf\/wp-json\/wp\/v2\/users\/121"}],"replies":[{"embeddable":true,"href":"https:\/\/web.umons.ac.be\/semf\/wp-json\/wp\/v2\/comments?post=190"}],"version-history":[{"count":1,"href":"https:\/\/web.umons.ac.be\/semf\/wp-json\/wp\/v2\/pages\/190\/revisions"}],"predecessor-version":[{"id":191,"href":"https:\/\/web.umons.ac.be\/semf\/wp-json\/wp\/v2\/pages\/190\/revisions\/191"}],"wp:attachment":[{"href":"https:\/\/web.umons.ac.be\/semf\/wp-json\/wp\/v2\/media?parent=190"}],"curies":[{"name":"wp","href":"https:\/\/api.w.org\/{rel}","templated":true}]}}