{"id":192,"date":"2021-12-13T11:42:47","date_gmt":"2021-12-13T10:42:47","guid":{"rendered":"https:\/\/web.umons.ac.be\/semf\/?page_id=192"},"modified":"2021-12-13T11:42:47","modified_gmt":"2021-12-13T10:42:47","slug":"alizee-tutak","status":"publish","type":"page","link":"https:\/\/web.umons.ac.be\/semf\/alizee-tutak\/","title":{"rendered":"Aliz\u00e9e TUTAK"},"content":{"rendered":"<div class=\"welcomeImage\">\n<div id=\"ctl00_PlaceHolderMain_PageImage__ControlWrapper_RichImageField\"><span dir=\"\"><img decoding=\"async\" class=\"alignleft\" src=\"https:\/\/sharepoint1.umons.ac.be\/FR\/universite\/facultes\/fpse\/serviceseetr\/methodo\/membres\/PublishingImages\/Alizee.jpg\" alt=\"\" width=\"101\" border=\"0\" \/><\/span><\/div>\n<\/div>\n<div class=\"pageContent\">\n<div id=\"ctl00_PlaceHolderMain_Content__ControlWrapper_RichHtmlField\">\n<p>Aliz\u00e9e Tutak est titulaire d\u2019un baccalaur\u00e9at professionnalisant en Fran\u00e7ais \u2013 Morale (HE Condorcet \u2013 Mons, 2007) ainsi que d\u2019un master en Sciences de l\u2019\u00c9ducation (Universit\u00e9 de Mons, 2010). Assistante de recherche depuis 2010 au sein de l\u2019Universit\u00e9 de Mons, elle a d\u2019abord travaill\u00e9 dans le service de d\u00e9veloppement communautaire o\u00f9 elle avait en charge une recherche-action portant sur la co-\u00e9ducation (partenariat \u00e9cole\/famille).<\/p>\n<p>Depuis janvier 2012, elle collabore au sein de l\u2019Institut d\u2019Administration Scolaire o\u00f9 elle s\u2019est impliqu\u00e9e dans plusieurs recherches portant sur les indicateurs. Elle a contribu\u00e9 \u00e0 l\u2019\u00e9laboration d\u2019indicateurs de d\u00e9veloppement de l\u2019accueil et de l\u2019\u00e9ducation des enfants de 0 \u00e0 3 ans, \u00e0 la r\u00e9alisation d\u2019un inventaire raisonn\u00e9 d\u2019indicateurs et de donn\u00e9es de statistiques locales non sectorielles \u00e0 destination des politiques d\u2019enfance et de jeunesse ainsi qu\u2019\u00e0 la cr\u00e9ation d\u2019un canevas coh\u00e9rent d\u2019indicateurs dans le domaine de l\u2019aide \u00e0 la jeunesse.<\/p>\n<p>Elle a \u00e9galement travaill\u00e9 sur l\u2019impl\u00e9mentation de l\u2019approche orientante dans l\u2019enseignement scolaire. A l\u2019heure actuelle, elle est engag\u00e9e avec deux coll\u00e8gues dans une recherche-accompagnement de projet d\u2019innovation p\u00e9dagogique et organisationnelle au sein du deuxi\u00e8me degr\u00e9 professionnel de l\u2019enseignement secondaire.<\/p>\n<p>En plus de ses activit\u00e9s de recherche, Aliz\u00e9e Tutak coordonne la gestion p\u00e9dagogique de la formation au bar\u00e8me 501 et la formation destin\u00e9e aux candidats au titre de directeur d\u2019\u00e9tablissement scolaire organis\u00e9es par l\u2019Institut de Formation en cours de Carri\u00e8re\u00a0 (contacts avec les formateurs, certifications, passation des \u00e9preuves orales, d\u00e9lib\u00e9rations, etc.). Elle intervient \u00e9galement en tant que formatrice dans la formation au bar\u00e8me 501 et dans la formation destin\u00e9e aux candidats au titre de directeur d\u2019\u00e9tablissement scolaire.<\/p>\n<p>Dans le cadre de ces formations, elle s\u2019int\u00e9resse tout particuli\u00e8rement \u00e0 la probl\u00e9matique du leadership p\u00e9dagogique chez les directeurs d\u2019\u00e9tablissement scolaire.<\/p>\n<p><a title=\"\" href=\"http:\/\/applications.umons.ac.be\/webappspub\/wsxmlpubs\/GetList.aspx?matricule=530845&amp;output=html\" target=\"\" rel=\"noopener\">Liste des publications de Aliz\u00e9e Tutak (DI de l&rsquo;UMONS)<\/a><\/p>\n<\/div>\n<\/div>\n","protected":false},"excerpt":{"rendered":"<p>Aliz\u00e9e Tutak est titulaire d\u2019un baccalaur\u00e9at professionnalisant en Fran\u00e7ais \u2013 Morale (HE Condorcet \u2013 Mons, 2007) ainsi que d\u2019un master en Sciences de l\u2019\u00c9ducation (Universit\u00e9 de Mons, 2010). Assistante de recherche depuis 2010 au sein de l\u2019Universit\u00e9 de Mons, elle a d\u2019abord travaill\u00e9 dans le service de d\u00e9veloppement communautaire o\u00f9 elle avait en charge une [&hellip;]<\/p>\n","protected":false},"author":121,"featured_media":0,"parent":0,"menu_order":0,"comment_status":"closed","ping_status":"closed","template":"","meta":{"footnotes":""},"class_list":["post-192","page","type-page","status-publish","hentry"],"yoast_head":"<!-- This site is optimized with the Yoast SEO plugin v27.2 - https:\/\/yoast.com\/product\/yoast-seo-wordpress\/ -->\n<title>Aliz\u00e9e TUTAK - Service \/ FPSE - Sciences de l&#039;Enseignement et de la Formation<\/title>\n<meta name=\"robots\" content=\"index, follow, max-snippet:-1, max-image-preview:large, max-video-preview:-1\" \/>\n<link rel=\"canonical\" href=\"https:\/\/web.umons.ac.be\/semf\/alizee-tutak\/\" \/>\n<meta property=\"og:locale\" content=\"fr_FR\" \/>\n<meta property=\"og:type\" content=\"article\" \/>\n<meta property=\"og:title\" content=\"Aliz\u00e9e TUTAK - Service \/ FPSE - Sciences de l&#039;Enseignement et de la Formation\" \/>\n<meta property=\"og:description\" content=\"Aliz\u00e9e Tutak est titulaire d\u2019un baccalaur\u00e9at professionnalisant en Fran\u00e7ais \u2013 Morale (HE Condorcet \u2013 Mons, 2007) ainsi que d\u2019un master en Sciences de l\u2019\u00c9ducation (Universit\u00e9 de Mons, 2010). Assistante de recherche depuis 2010 au sein de l\u2019Universit\u00e9 de Mons, elle a d\u2019abord travaill\u00e9 dans le service de d\u00e9veloppement communautaire o\u00f9 elle avait en charge une [&hellip;]\" \/>\n<meta property=\"og:url\" content=\"https:\/\/web.umons.ac.be\/semf\/alizee-tutak\/\" \/>\n<meta property=\"og:site_name\" content=\"Service \/ FPSE - Sciences de l&#039;Enseignement et de la Formation\" \/>\n<meta property=\"og:image\" content=\"https:\/\/sharepoint1.umons.ac.be\/FR\/universite\/facultes\/fpse\/serviceseetr\/methodo\/membres\/PublishingImages\/Alizee.jpg\" \/>\n<meta name=\"twitter:card\" content=\"summary_large_image\" \/>\n<meta name=\"twitter:label1\" content=\"Dur\u00e9e de lecture estim\u00e9e\" \/>\n\t<meta name=\"twitter:data1\" content=\"2 minutes\" \/>\n<script type=\"application\/ld+json\" class=\"yoast-schema-graph\">{\"@context\":\"https:\/\/schema.org\",\"@graph\":[{\"@type\":\"WebPage\",\"@id\":\"https:\/\/web.umons.ac.be\/semf\/alizee-tutak\/\",\"url\":\"https:\/\/web.umons.ac.be\/semf\/alizee-tutak\/\",\"name\":\"Aliz\u00e9e TUTAK - Service \/ FPSE - Sciences de l&#039;Enseignement et de la Formation\",\"isPartOf\":{\"@id\":\"https:\/\/web.umons.ac.be\/semf\/#website\"},\"primaryImageOfPage\":{\"@id\":\"https:\/\/web.umons.ac.be\/semf\/alizee-tutak\/#primaryimage\"},\"image\":{\"@id\":\"https:\/\/web.umons.ac.be\/semf\/alizee-tutak\/#primaryimage\"},\"thumbnailUrl\":\"https:\/\/sharepoint1.umons.ac.be\/FR\/universite\/facultes\/fpse\/serviceseetr\/methodo\/membres\/PublishingImages\/Alizee.jpg\",\"datePublished\":\"2021-12-13T10:42:47+00:00\",\"breadcrumb\":{\"@id\":\"https:\/\/web.umons.ac.be\/semf\/alizee-tutak\/#breadcrumb\"},\"inLanguage\":\"fr-FR\",\"potentialAction\":[{\"@type\":\"ReadAction\",\"target\":[\"https:\/\/web.umons.ac.be\/semf\/alizee-tutak\/\"]}]},{\"@type\":\"ImageObject\",\"inLanguage\":\"fr-FR\",\"@id\":\"https:\/\/web.umons.ac.be\/semf\/alizee-tutak\/#primaryimage\",\"url\":\"https:\/\/sharepoint1.umons.ac.be\/FR\/universite\/facultes\/fpse\/serviceseetr\/methodo\/membres\/PublishingImages\/Alizee.jpg\",\"contentUrl\":\"https:\/\/sharepoint1.umons.ac.be\/FR\/universite\/facultes\/fpse\/serviceseetr\/methodo\/membres\/PublishingImages\/Alizee.jpg\"},{\"@type\":\"BreadcrumbList\",\"@id\":\"https:\/\/web.umons.ac.be\/semf\/alizee-tutak\/#breadcrumb\",\"itemListElement\":[{\"@type\":\"ListItem\",\"position\":1,\"name\":\"Home\",\"item\":\"https:\/\/web.umons.ac.be\/semf\/\"},{\"@type\":\"ListItem\",\"position\":2,\"name\":\"Aliz\u00e9e TUTAK\"}]},{\"@type\":\"WebSite\",\"@id\":\"https:\/\/web.umons.ac.be\/semf\/#website\",\"url\":\"https:\/\/web.umons.ac.be\/semf\/\",\"name\":\"Service \/ FPSE - M\u00e9thodologie et formation\",\"description\":\"\",\"publisher\":{\"@id\":\"https:\/\/web.umons.ac.be\/semf\/#organization\"},\"potentialAction\":[{\"@type\":\"SearchAction\",\"target\":{\"@type\":\"EntryPoint\",\"urlTemplate\":\"https:\/\/web.umons.ac.be\/semf\/?s={search_term_string}\"},\"query-input\":{\"@type\":\"PropertyValueSpecification\",\"valueRequired\":true,\"valueName\":\"search_term_string\"}}],\"inLanguage\":\"fr-FR\"},{\"@type\":\"Organization\",\"@id\":\"https:\/\/web.umons.ac.be\/semf\/#organization\",\"name\":\"Service \/ FPSE - M\u00e9thodologie et formation\",\"url\":\"https:\/\/web.umons.ac.be\/semf\/\",\"logo\":{\"@type\":\"ImageObject\",\"inLanguage\":\"fr-FR\",\"@id\":\"https:\/\/web.umons.ac.be\/semf\/#\/schema\/logo\/image\/\",\"url\":\"https:\/\/web.umons.ac.be\/app\/uploads\/sites\/103\/2021\/11\/LOGOP316_Benoit-VANSCHOEBEKE.svg\",\"contentUrl\":\"https:\/\/web.umons.ac.be\/app\/uploads\/sites\/103\/2021\/11\/LOGOP316_Benoit-VANSCHOEBEKE.svg\",\"width\":1,\"height\":1,\"caption\":\"Service \/ FPSE - M\u00e9thodologie et formation\"},\"image\":{\"@id\":\"https:\/\/web.umons.ac.be\/semf\/#\/schema\/logo\/image\/\"}}]}<\/script>\n<!-- \/ Yoast SEO plugin. -->","yoast_head_json":{"title":"Aliz\u00e9e TUTAK - Service \/ FPSE - Sciences de l&#039;Enseignement et de la Formation","robots":{"index":"index","follow":"follow","max-snippet":"max-snippet:-1","max-image-preview":"max-image-preview:large","max-video-preview":"max-video-preview:-1"},"canonical":"https:\/\/web.umons.ac.be\/semf\/alizee-tutak\/","og_locale":"fr_FR","og_type":"article","og_title":"Aliz\u00e9e TUTAK - Service \/ FPSE - Sciences de l&#039;Enseignement et de la Formation","og_description":"Aliz\u00e9e Tutak est titulaire d\u2019un baccalaur\u00e9at professionnalisant en Fran\u00e7ais \u2013 Morale (HE Condorcet \u2013 Mons, 2007) ainsi que d\u2019un master en Sciences de l\u2019\u00c9ducation (Universit\u00e9 de Mons, 2010). Assistante de recherche depuis 2010 au sein de l\u2019Universit\u00e9 de Mons, elle a d\u2019abord travaill\u00e9 dans le service de d\u00e9veloppement communautaire o\u00f9 elle avait en charge une [&hellip;]","og_url":"https:\/\/web.umons.ac.be\/semf\/alizee-tutak\/","og_site_name":"Service \/ FPSE - Sciences de l&#039;Enseignement et de la Formation","og_image":[{"url":"https:\/\/sharepoint1.umons.ac.be\/FR\/universite\/facultes\/fpse\/serviceseetr\/methodo\/membres\/PublishingImages\/Alizee.jpg","type":"","width":"","height":""}],"twitter_card":"summary_large_image","twitter_misc":{"Dur\u00e9e de lecture estim\u00e9e":"2 minutes"},"schema":{"@context":"https:\/\/schema.org","@graph":[{"@type":"WebPage","@id":"https:\/\/web.umons.ac.be\/semf\/alizee-tutak\/","url":"https:\/\/web.umons.ac.be\/semf\/alizee-tutak\/","name":"Aliz\u00e9e TUTAK - Service \/ FPSE - Sciences de l&#039;Enseignement et de la Formation","isPartOf":{"@id":"https:\/\/web.umons.ac.be\/semf\/#website"},"primaryImageOfPage":{"@id":"https:\/\/web.umons.ac.be\/semf\/alizee-tutak\/#primaryimage"},"image":{"@id":"https:\/\/web.umons.ac.be\/semf\/alizee-tutak\/#primaryimage"},"thumbnailUrl":"https:\/\/sharepoint1.umons.ac.be\/FR\/universite\/facultes\/fpse\/serviceseetr\/methodo\/membres\/PublishingImages\/Alizee.jpg","datePublished":"2021-12-13T10:42:47+00:00","breadcrumb":{"@id":"https:\/\/web.umons.ac.be\/semf\/alizee-tutak\/#breadcrumb"},"inLanguage":"fr-FR","potentialAction":[{"@type":"ReadAction","target":["https:\/\/web.umons.ac.be\/semf\/alizee-tutak\/"]}]},{"@type":"ImageObject","inLanguage":"fr-FR","@id":"https:\/\/web.umons.ac.be\/semf\/alizee-tutak\/#primaryimage","url":"https:\/\/sharepoint1.umons.ac.be\/FR\/universite\/facultes\/fpse\/serviceseetr\/methodo\/membres\/PublishingImages\/Alizee.jpg","contentUrl":"https:\/\/sharepoint1.umons.ac.be\/FR\/universite\/facultes\/fpse\/serviceseetr\/methodo\/membres\/PublishingImages\/Alizee.jpg"},{"@type":"BreadcrumbList","@id":"https:\/\/web.umons.ac.be\/semf\/alizee-tutak\/#breadcrumb","itemListElement":[{"@type":"ListItem","position":1,"name":"Home","item":"https:\/\/web.umons.ac.be\/semf\/"},{"@type":"ListItem","position":2,"name":"Aliz\u00e9e TUTAK"}]},{"@type":"WebSite","@id":"https:\/\/web.umons.ac.be\/semf\/#website","url":"https:\/\/web.umons.ac.be\/semf\/","name":"Service \/ FPSE - M\u00e9thodologie et formation","description":"","publisher":{"@id":"https:\/\/web.umons.ac.be\/semf\/#organization"},"potentialAction":[{"@type":"SearchAction","target":{"@type":"EntryPoint","urlTemplate":"https:\/\/web.umons.ac.be\/semf\/?s={search_term_string}"},"query-input":{"@type":"PropertyValueSpecification","valueRequired":true,"valueName":"search_term_string"}}],"inLanguage":"fr-FR"},{"@type":"Organization","@id":"https:\/\/web.umons.ac.be\/semf\/#organization","name":"Service \/ FPSE - M\u00e9thodologie et formation","url":"https:\/\/web.umons.ac.be\/semf\/","logo":{"@type":"ImageObject","inLanguage":"fr-FR","@id":"https:\/\/web.umons.ac.be\/semf\/#\/schema\/logo\/image\/","url":"https:\/\/web.umons.ac.be\/app\/uploads\/sites\/103\/2021\/11\/LOGOP316_Benoit-VANSCHOEBEKE.svg","contentUrl":"https:\/\/web.umons.ac.be\/app\/uploads\/sites\/103\/2021\/11\/LOGOP316_Benoit-VANSCHOEBEKE.svg","width":1,"height":1,"caption":"Service \/ FPSE - M\u00e9thodologie et formation"},"image":{"@id":"https:\/\/web.umons.ac.be\/semf\/#\/schema\/logo\/image\/"}}]}},"lang":"fr","translations":{"fr":192},"pll_sync_post":[],"_links":{"self":[{"href":"https:\/\/web.umons.ac.be\/semf\/wp-json\/wp\/v2\/pages\/192","targetHints":{"allow":["GET"]}}],"collection":[{"href":"https:\/\/web.umons.ac.be\/semf\/wp-json\/wp\/v2\/pages"}],"about":[{"href":"https:\/\/web.umons.ac.be\/semf\/wp-json\/wp\/v2\/types\/page"}],"author":[{"embeddable":true,"href":"https:\/\/web.umons.ac.be\/semf\/wp-json\/wp\/v2\/users\/121"}],"replies":[{"embeddable":true,"href":"https:\/\/web.umons.ac.be\/semf\/wp-json\/wp\/v2\/comments?post=192"}],"version-history":[{"count":1,"href":"https:\/\/web.umons.ac.be\/semf\/wp-json\/wp\/v2\/pages\/192\/revisions"}],"predecessor-version":[{"id":193,"href":"https:\/\/web.umons.ac.be\/semf\/wp-json\/wp\/v2\/pages\/192\/revisions\/193"}],"wp:attachment":[{"href":"https:\/\/web.umons.ac.be\/semf\/wp-json\/wp\/v2\/media?parent=192"}],"curies":[{"name":"wp","href":"https:\/\/api.w.org\/{rel}","templated":true}]}}