{"id":1974,"date":"2024-02-15T09:14:33","date_gmt":"2024-02-15T08:14:33","guid":{"rendered":"https:\/\/web.umons.ac.be\/semf\/?page_id=1974"},"modified":"2025-10-06T09:37:43","modified_gmt":"2025-10-06T07:37:43","slug":"valerie-duvivier","status":"publish","type":"page","link":"https:\/\/web.umons.ac.be\/semf\/valerie-duvivier\/","title":{"rendered":"Dr. Val\u00e9rie DUVIVIER"},"content":{"rendered":"<div class=\"x_elementToProof\">\n<p><img loading=\"lazy\" decoding=\"async\" class=\"alignleft wp-image-1980\" src=\"https:\/\/web.umons.ac.be\/app\/uploads\/sites\/103\/2024\/02\/240215_DuvivierV-296x300.jpg\" alt=\"\" width=\"150\" height=\"152\" srcset=\"https:\/\/web.umons.ac.be\/app\/uploads\/sites\/103\/2024\/02\/240215_DuvivierV-296x300.jpg 296w, https:\/\/web.umons.ac.be\/app\/uploads\/sites\/103\/2024\/02\/240215_DuvivierV-30x30.jpg 30w, https:\/\/web.umons.ac.be\/app\/uploads\/sites\/103\/2024\/02\/240215_DuvivierV-80x80.jpg 80w, https:\/\/web.umons.ac.be\/app\/uploads\/sites\/103\/2024\/02\/240215_DuvivierV-60x60.jpg 60w, https:\/\/web.umons.ac.be\/app\/uploads\/sites\/103\/2024\/02\/240215_DuvivierV-360x365.jpg 360w, https:\/\/web.umons.ac.be\/app\/uploads\/sites\/103\/2024\/02\/240215_DuvivierV.jpg 442w\" sizes=\"auto, (max-width: 150px) 100vw, 150px\" \/><\/p>\n<div class=\"x_elementToProof\" data-olk-copy-source=\"MessageBody\">Val\u00e9rie Duvivier est docteure en Sciences de l\u2019\u00c9ducation \u00e0 l\u2019Universit\u00e9 de Mons, au sein de l\u2019Institut d\u2019Administration Scolaire.<\/div>\n<div><\/div>\n<div class=\"x_elementToProof\">Sa th\u00e8se, intitul\u00e9e\u00a0<i>\u00ab Dis-moi ce que tu observes, je te dirai qui tu es \u00bb<\/i>, porte sur la vision professionnelle en enseignement\u00a0\u2014 autrement dit, l\u2019observation professionnelle des enseignants\u00a0face \u00e0 une situation de classe. Elle s\u2019int\u00e9resse plus particuli\u00e8rement \u00e0 la mani\u00e8re dont les enseignants :<\/div>\n<div><\/div>\n<div><\/div>\n<div role=\"presentation\"><\/div>\n<div role=\"presentation\">1. rep\u00e8rent les \u00e9v\u00e9nements pertinents d\u2019une sc\u00e8ne de classe,<\/div>\n<div role=\"presentation\">2. raisonnent \u00e0 leur sujet,<\/div>\n<div role=\"presentation\">3. et adaptent leur action en cons\u00e9quence.<\/div>\n<div><\/div>\n<div class=\"x_elementToProof\">Pour cela, elle mobilise l\u2019oculom\u00e9trie fixe (et mobile) afin d\u2019analyser les strat\u00e9gies visuelles des formateurs universitaires et des futurs enseignants du secondaire sup\u00e9rieur lors de d\u00e9briefings vid\u00e9o.<\/div>\n<div><\/div>\n<div class=\"x_elementToProof\">Ce travail s\u2019inscrit dans une d\u00e9marche de recherche plus large, en lien avec le projet ARC Sim\u2019Pro, consacr\u00e9 \u00e0 l\u2019\u00e9tude de l\u2019activit\u00e9 des formateurs\u00a0dans les dispositifs p\u00e9dagogiques bas\u00e9s sur la simulation. L\u2019objectif est de mieux comprendre cette activit\u00e9, de la mod\u00e9liser, de rendre visibles leurs comp\u00e9tences souvent implicites et de concevoir des outils pour accompagner et professionnaliser davantage les formateurs d\u2019enseignants.<\/div>\n<div><\/div>\n<div class=\"x_elementToProof\">Avant son parcours acad\u00e9mique, elle a travaill\u00e9 pendant quinze ans comme institutrice primaire, dans l\u2019enseignement ordinaire et sp\u00e9cialis\u00e9. Elle est \u00e9galement titulaire d\u2019un Master en Sciences de l\u2019\u00c9ducation \u00e0 finalit\u00e9 orthop\u00e9dagogique, obtenu \u00e0 l\u2019Universit\u00e9 de Mons.<\/div>\n<\/div>\n<div><\/div>\n<ul>\n<li class=\"x_elementToProof\">Lien vers les publications de Val\u00e9rie Duvivier:\u00a0<a id=\"LPlnk123777\" href=\"https:\/\/staff.umons.ac.be\/Valerie.DUVIVIER\/pubsfr.html\" target=\"_blank\" rel=\"noopener noreferrer\" data-auth=\"NotApplicable\" data-linkindex=\"0\">https:\/\/staff.umons.ac.be\/Valerie.DUVIVIER\/pubsfr.html<\/a><\/li>\n<\/ul>\n","protected":false},"excerpt":{"rendered":"<p>Val\u00e9rie Duvivier est docteure en Sciences de l\u2019\u00c9ducation \u00e0 l\u2019Universit\u00e9 de Mons, au sein de l\u2019Institut d\u2019Administration Scolaire. Sa th\u00e8se, intitul\u00e9e\u00a0\u00ab Dis-moi ce que tu observes, je te dirai qui tu es \u00bb, porte sur la vision professionnelle en enseignement\u00a0\u2014 autrement dit, l\u2019observation professionnelle des enseignants\u00a0face \u00e0 une situation de classe. Elle s\u2019int\u00e9resse plus particuli\u00e8rement [&hellip;]<\/p>\n","protected":false},"author":121,"featured_media":0,"parent":0,"menu_order":0,"comment_status":"closed","ping_status":"closed","template":"","meta":{"footnotes":""},"class_list":["post-1974","page","type-page","status-publish","hentry"],"yoast_head":"<!-- This site is optimized with the Yoast SEO plugin v27.2 - https:\/\/yoast.com\/product\/yoast-seo-wordpress\/ -->\n<title>Dr. Val\u00e9rie DUVIVIER - Service \/ FPSE - Sciences de l&#039;Enseignement et de la Formation<\/title>\n<meta name=\"robots\" content=\"index, follow, max-snippet:-1, max-image-preview:large, max-video-preview:-1\" \/>\n<link rel=\"canonical\" href=\"https:\/\/web.umons.ac.be\/semf\/valerie-duvivier\/\" \/>\n<meta property=\"og:locale\" content=\"fr_FR\" \/>\n<meta property=\"og:type\" content=\"article\" \/>\n<meta property=\"og:title\" content=\"Dr. Val\u00e9rie DUVIVIER - Service \/ FPSE - Sciences de l&#039;Enseignement et de la Formation\" \/>\n<meta property=\"og:description\" content=\"Val\u00e9rie Duvivier est docteure en Sciences de l\u2019\u00c9ducation \u00e0 l\u2019Universit\u00e9 de Mons, au sein de l\u2019Institut d\u2019Administration Scolaire. Sa th\u00e8se, intitul\u00e9e\u00a0\u00ab Dis-moi ce que tu observes, je te dirai qui tu es \u00bb, porte sur la vision professionnelle en enseignement\u00a0\u2014 autrement dit, l\u2019observation professionnelle des enseignants\u00a0face \u00e0 une situation de classe. Elle s\u2019int\u00e9resse plus particuli\u00e8rement [&hellip;]\" \/>\n<meta property=\"og:url\" content=\"https:\/\/web.umons.ac.be\/semf\/valerie-duvivier\/\" \/>\n<meta property=\"og:site_name\" content=\"Service \/ FPSE - Sciences de l&#039;Enseignement et de la Formation\" \/>\n<meta property=\"article:modified_time\" content=\"2025-10-06T07:37:43+00:00\" \/>\n<meta property=\"og:image\" content=\"https:\/\/web.umons.ac.be\/app\/uploads\/sites\/103\/2024\/02\/240215_DuvivierV.jpg\" \/>\n\t<meta property=\"og:image:width\" content=\"442\" \/>\n\t<meta property=\"og:image:height\" content=\"448\" \/>\n\t<meta property=\"og:image:type\" content=\"image\/jpeg\" \/>\n<meta name=\"twitter:card\" content=\"summary_large_image\" \/>\n<meta name=\"twitter:label1\" content=\"Dur\u00e9e de lecture estim\u00e9e\" \/>\n\t<meta name=\"twitter:data1\" content=\"2 minutes\" \/>\n<script type=\"application\/ld+json\" class=\"yoast-schema-graph\">{\"@context\":\"https:\/\/schema.org\",\"@graph\":[{\"@type\":\"WebPage\",\"@id\":\"https:\/\/web.umons.ac.be\/semf\/valerie-duvivier\/\",\"url\":\"https:\/\/web.umons.ac.be\/semf\/valerie-duvivier\/\",\"name\":\"Dr. Val\u00e9rie DUVIVIER - Service \/ FPSE - Sciences de l&#039;Enseignement et de la Formation\",\"isPartOf\":{\"@id\":\"https:\/\/web.umons.ac.be\/semf\/#website\"},\"primaryImageOfPage\":{\"@id\":\"https:\/\/web.umons.ac.be\/semf\/valerie-duvivier\/#primaryimage\"},\"image\":{\"@id\":\"https:\/\/web.umons.ac.be\/semf\/valerie-duvivier\/#primaryimage\"},\"thumbnailUrl\":\"https:\/\/web.umons.ac.be\/app\/uploads\/sites\/103\/2024\/02\/240215_DuvivierV-296x300.jpg\",\"datePublished\":\"2024-02-15T08:14:33+00:00\",\"dateModified\":\"2025-10-06T07:37:43+00:00\",\"breadcrumb\":{\"@id\":\"https:\/\/web.umons.ac.be\/semf\/valerie-duvivier\/#breadcrumb\"},\"inLanguage\":\"fr-FR\",\"potentialAction\":[{\"@type\":\"ReadAction\",\"target\":[\"https:\/\/web.umons.ac.be\/semf\/valerie-duvivier\/\"]}]},{\"@type\":\"ImageObject\",\"inLanguage\":\"fr-FR\",\"@id\":\"https:\/\/web.umons.ac.be\/semf\/valerie-duvivier\/#primaryimage\",\"url\":\"https:\/\/web.umons.ac.be\/app\/uploads\/sites\/103\/2024\/02\/240215_DuvivierV-296x300.jpg\",\"contentUrl\":\"https:\/\/web.umons.ac.be\/app\/uploads\/sites\/103\/2024\/02\/240215_DuvivierV-296x300.jpg\"},{\"@type\":\"BreadcrumbList\",\"@id\":\"https:\/\/web.umons.ac.be\/semf\/valerie-duvivier\/#breadcrumb\",\"itemListElement\":[{\"@type\":\"ListItem\",\"position\":1,\"name\":\"Home\",\"item\":\"https:\/\/web.umons.ac.be\/semf\/\"},{\"@type\":\"ListItem\",\"position\":2,\"name\":\"Dr. Val\u00e9rie DUVIVIER\"}]},{\"@type\":\"WebSite\",\"@id\":\"https:\/\/web.umons.ac.be\/semf\/#website\",\"url\":\"https:\/\/web.umons.ac.be\/semf\/\",\"name\":\"Service \/ FPSE - M\u00e9thodologie et formation\",\"description\":\"\",\"publisher\":{\"@id\":\"https:\/\/web.umons.ac.be\/semf\/#organization\"},\"potentialAction\":[{\"@type\":\"SearchAction\",\"target\":{\"@type\":\"EntryPoint\",\"urlTemplate\":\"https:\/\/web.umons.ac.be\/semf\/?s={search_term_string}\"},\"query-input\":{\"@type\":\"PropertyValueSpecification\",\"valueRequired\":true,\"valueName\":\"search_term_string\"}}],\"inLanguage\":\"fr-FR\"},{\"@type\":\"Organization\",\"@id\":\"https:\/\/web.umons.ac.be\/semf\/#organization\",\"name\":\"Service \/ FPSE - M\u00e9thodologie et formation\",\"url\":\"https:\/\/web.umons.ac.be\/semf\/\",\"logo\":{\"@type\":\"ImageObject\",\"inLanguage\":\"fr-FR\",\"@id\":\"https:\/\/web.umons.ac.be\/semf\/#\/schema\/logo\/image\/\",\"url\":\"https:\/\/web.umons.ac.be\/app\/uploads\/sites\/103\/2021\/11\/LOGOP316_Benoit-VANSCHOEBEKE.svg\",\"contentUrl\":\"https:\/\/web.umons.ac.be\/app\/uploads\/sites\/103\/2021\/11\/LOGOP316_Benoit-VANSCHOEBEKE.svg\",\"width\":1,\"height\":1,\"caption\":\"Service \/ FPSE - M\u00e9thodologie et formation\"},\"image\":{\"@id\":\"https:\/\/web.umons.ac.be\/semf\/#\/schema\/logo\/image\/\"}}]}<\/script>\n<!-- \/ Yoast SEO plugin. -->","yoast_head_json":{"title":"Dr. Val\u00e9rie DUVIVIER - Service \/ FPSE - Sciences de l&#039;Enseignement et de la Formation","robots":{"index":"index","follow":"follow","max-snippet":"max-snippet:-1","max-image-preview":"max-image-preview:large","max-video-preview":"max-video-preview:-1"},"canonical":"https:\/\/web.umons.ac.be\/semf\/valerie-duvivier\/","og_locale":"fr_FR","og_type":"article","og_title":"Dr. Val\u00e9rie DUVIVIER - Service \/ FPSE - Sciences de l&#039;Enseignement et de la Formation","og_description":"Val\u00e9rie Duvivier est docteure en Sciences de l\u2019\u00c9ducation \u00e0 l\u2019Universit\u00e9 de Mons, au sein de l\u2019Institut d\u2019Administration Scolaire. Sa th\u00e8se, intitul\u00e9e\u00a0\u00ab Dis-moi ce que tu observes, je te dirai qui tu es \u00bb, porte sur la vision professionnelle en enseignement\u00a0\u2014 autrement dit, l\u2019observation professionnelle des enseignants\u00a0face \u00e0 une situation de classe. Elle s\u2019int\u00e9resse plus particuli\u00e8rement [&hellip;]","og_url":"https:\/\/web.umons.ac.be\/semf\/valerie-duvivier\/","og_site_name":"Service \/ FPSE - Sciences de l&#039;Enseignement et de la Formation","article_modified_time":"2025-10-06T07:37:43+00:00","og_image":[{"width":442,"height":448,"url":"https:\/\/web.umons.ac.be\/app\/uploads\/sites\/103\/2024\/02\/240215_DuvivierV.jpg","type":"image\/jpeg"}],"twitter_card":"summary_large_image","twitter_misc":{"Dur\u00e9e de lecture estim\u00e9e":"2 minutes"},"schema":{"@context":"https:\/\/schema.org","@graph":[{"@type":"WebPage","@id":"https:\/\/web.umons.ac.be\/semf\/valerie-duvivier\/","url":"https:\/\/web.umons.ac.be\/semf\/valerie-duvivier\/","name":"Dr. Val\u00e9rie DUVIVIER - Service \/ FPSE - Sciences de l&#039;Enseignement et de la Formation","isPartOf":{"@id":"https:\/\/web.umons.ac.be\/semf\/#website"},"primaryImageOfPage":{"@id":"https:\/\/web.umons.ac.be\/semf\/valerie-duvivier\/#primaryimage"},"image":{"@id":"https:\/\/web.umons.ac.be\/semf\/valerie-duvivier\/#primaryimage"},"thumbnailUrl":"https:\/\/web.umons.ac.be\/app\/uploads\/sites\/103\/2024\/02\/240215_DuvivierV-296x300.jpg","datePublished":"2024-02-15T08:14:33+00:00","dateModified":"2025-10-06T07:37:43+00:00","breadcrumb":{"@id":"https:\/\/web.umons.ac.be\/semf\/valerie-duvivier\/#breadcrumb"},"inLanguage":"fr-FR","potentialAction":[{"@type":"ReadAction","target":["https:\/\/web.umons.ac.be\/semf\/valerie-duvivier\/"]}]},{"@type":"ImageObject","inLanguage":"fr-FR","@id":"https:\/\/web.umons.ac.be\/semf\/valerie-duvivier\/#primaryimage","url":"https:\/\/web.umons.ac.be\/app\/uploads\/sites\/103\/2024\/02\/240215_DuvivierV-296x300.jpg","contentUrl":"https:\/\/web.umons.ac.be\/app\/uploads\/sites\/103\/2024\/02\/240215_DuvivierV-296x300.jpg"},{"@type":"BreadcrumbList","@id":"https:\/\/web.umons.ac.be\/semf\/valerie-duvivier\/#breadcrumb","itemListElement":[{"@type":"ListItem","position":1,"name":"Home","item":"https:\/\/web.umons.ac.be\/semf\/"},{"@type":"ListItem","position":2,"name":"Dr. Val\u00e9rie DUVIVIER"}]},{"@type":"WebSite","@id":"https:\/\/web.umons.ac.be\/semf\/#website","url":"https:\/\/web.umons.ac.be\/semf\/","name":"Service \/ FPSE - M\u00e9thodologie et formation","description":"","publisher":{"@id":"https:\/\/web.umons.ac.be\/semf\/#organization"},"potentialAction":[{"@type":"SearchAction","target":{"@type":"EntryPoint","urlTemplate":"https:\/\/web.umons.ac.be\/semf\/?s={search_term_string}"},"query-input":{"@type":"PropertyValueSpecification","valueRequired":true,"valueName":"search_term_string"}}],"inLanguage":"fr-FR"},{"@type":"Organization","@id":"https:\/\/web.umons.ac.be\/semf\/#organization","name":"Service \/ FPSE - M\u00e9thodologie et formation","url":"https:\/\/web.umons.ac.be\/semf\/","logo":{"@type":"ImageObject","inLanguage":"fr-FR","@id":"https:\/\/web.umons.ac.be\/semf\/#\/schema\/logo\/image\/","url":"https:\/\/web.umons.ac.be\/app\/uploads\/sites\/103\/2021\/11\/LOGOP316_Benoit-VANSCHOEBEKE.svg","contentUrl":"https:\/\/web.umons.ac.be\/app\/uploads\/sites\/103\/2021\/11\/LOGOP316_Benoit-VANSCHOEBEKE.svg","width":1,"height":1,"caption":"Service \/ FPSE - M\u00e9thodologie et formation"},"image":{"@id":"https:\/\/web.umons.ac.be\/semf\/#\/schema\/logo\/image\/"}}]}},"lang":"fr","translations":{"fr":1974},"pll_sync_post":[],"_links":{"self":[{"href":"https:\/\/web.umons.ac.be\/semf\/wp-json\/wp\/v2\/pages\/1974","targetHints":{"allow":["GET"]}}],"collection":[{"href":"https:\/\/web.umons.ac.be\/semf\/wp-json\/wp\/v2\/pages"}],"about":[{"href":"https:\/\/web.umons.ac.be\/semf\/wp-json\/wp\/v2\/types\/page"}],"author":[{"embeddable":true,"href":"https:\/\/web.umons.ac.be\/semf\/wp-json\/wp\/v2\/users\/121"}],"replies":[{"embeddable":true,"href":"https:\/\/web.umons.ac.be\/semf\/wp-json\/wp\/v2\/comments?post=1974"}],"version-history":[{"count":4,"href":"https:\/\/web.umons.ac.be\/semf\/wp-json\/wp\/v2\/pages\/1974\/revisions"}],"predecessor-version":[{"id":2798,"href":"https:\/\/web.umons.ac.be\/semf\/wp-json\/wp\/v2\/pages\/1974\/revisions\/2798"}],"wp:attachment":[{"href":"https:\/\/web.umons.ac.be\/semf\/wp-json\/wp\/v2\/media?parent=1974"}],"curies":[{"name":"wp","href":"https:\/\/api.w.org\/{rel}","templated":true}]}}