{"id":204,"date":"2021-12-13T15:14:39","date_gmt":"2021-12-13T14:14:39","guid":{"rendered":"https:\/\/web.umons.ac.be\/semf\/?page_id=204"},"modified":"2022-04-26T15:13:17","modified_gmt":"2022-04-26T13:13:17","slug":"3p-orientante-ou-orientee","status":"publish","type":"page","link":"https:\/\/web.umons.ac.be\/semf\/3p-orientante-ou-orientee\/","title":{"rendered":"3P orientante ou orient\u00e9e"},"content":{"rendered":"<div class=\"welcomeImage\">\n<div id=\"ctl00_PlaceHolderMain_PageImage__ControlWrapper_RichImageField\"><span style=\"font-size: 28px;color: #333333\">3P orientante ou orient\u00e9e<\/span><\/div>\n<\/div>\n<div class=\"pageContent\">\n<div id=\"ctl00_PlaceHolderMain_Content__ControlWrapper_RichHtmlField\">\n<h4><span class=\"ms-rteCustom-TexteBleu\">Chercheurs<\/span><\/h4>\n<p><a title=\"\" href=\"https:\/\/sharepoint1.umons.ac.be\/FR\/universite\/facultes\/fpse\/serviceseetr\/methodo\/membres\/Pages\/DamienCANZITTU.aspx\">Damien Canzittu<\/a>,\u00a0<a title=\"\" href=\"https:\/\/sharepoint1.umons.ac.be\/FR\/universite\/facultes\/fpse\/serviceseetr\/methodo\/membres\/Pages\/MarcDEMEUSE.aspx\">Marc Demeuse<\/a>,\u00a0<a title=\"\" href=\"https:\/\/sharepoint1.umons.ac.be\/FR\/universite\/facultes\/fpse\/serviceseetr\/methodo\/membres\/Pages\/St%C3%A9phanieMALAISE.aspx\">St\u00e9phanie Malaise<\/a>,\u00a0<a title=\"\" href=\"https:\/\/sharepoint1.umons.ac.be\/FR\/universite\/facultes\/fpse\/serviceseetr\/methodo\/membres\/Pages\/Aliz%C3%A9eTUTAK.aspx\">Aliz\u00e9e Tutak<\/a><\/p>\n<h4><span class=\"ms-rteCustom-TexteBleu\">Mots-Cl\u00e9s<\/span><\/h4>\n<p><span class=\"ms-rteCustom-SmallCaps\">Projet d&rsquo;innovation p\u00e9dagogique &#8211; Orientation scolaire &#8211; Enseignement qualifiant<\/span><\/p>\n<h4><span class=\"ms-rteCustom-TexteBleu\">R\u00e9sum\u00e9<\/span><\/h4>\n<p>En Belgique francophone, l\u2019orientation scolaire constitue l\u2019une des priorit\u00e9s puisque le Contrat pour l\u2019Ecole et le d\u00e9cret Missions placent la construction positive du projet de vie scolaire et professionnel de l\u2019\u00e9l\u00e8ve au c\u0153ur de leurs pr\u00e9occupations. De plus, la D\u00e9claration de Politique Communautaire 2014-2019 du Gouvernement actuel souligne l\u2019importance de mieux orienter les \u00e9l\u00e8ves et affirme sa volont\u00e9 d\u2019am\u00e9liorer les processus d\u2019orientation.<br \/>\nFaisant suite au projet \u00ab Expairs \u00bb, la recherche intitul\u00e9e \u00ab Accompagnement de projets d\u2019innovation p\u00e9dagogique et organisationnelle li\u00e9s \u00e0 l\u2019orientation en 3\u00e8me ann\u00e9e professionnelle \u00bb vise l\u2019atteinte de ces diff\u00e9rents objectifs.<\/p>\n<p>Dans ce cadre, les chercheurs proposent un accompagnement rapproch\u00e9 aux \u00e9tablissements ayant r\u00e9pondu \u00e0 l\u2019appel initi\u00e9 par le cabinet minist\u00e9riel de l\u2019enseignement obligatoire en avril 2014 (circulaire n\u00b04816) et dont le projet est ax\u00e9 sur une r\u00e9flexion relative \u00e0 l\u2019orientation des \u00e9l\u00e8ves. Une attention particuli\u00e8re est accord\u00e9e aux projets visant la mise en place d\u2019une \u00ab 3\u00e8me ann\u00e9e professionnelle orientante \u00bb.<\/p>\n<p>Pour ce faire, l\u2019\u00e9quipe de recherche adopte une d\u00e9marche centr\u00e9e sur l\u2019observation des pratiques et sur la r\u00e9colte d\u2019informations \u00e0 partir d\u2019entretiens et de focus groups. En outre, les rencontres sur le terrain permettent aux chercheurs d\u2019appr\u00e9hender les repr\u00e9sentations des acteurs (enseignants, agents des centres PMS, \u00e9l\u00e8ves\u2026) impliqu\u00e9s dans les projets en vue de pouvoir identifier les conditions d\u2019impl\u00e9mentation d\u2019une \u00ab 3P orientante \u00bb.<\/p>\n<h4><span class=\"ms-rteCustom-TexteBleu\">Public-cible<\/span><\/h4>\n<ul>\n<li>Les \u00e9tablissements scolaires issus des diff\u00e9rents r\u00e9seaux d\u2019enseignement en F\u00e9d\u00e9ration Wallonie-Bruxelles ayant r\u00e9pondu \u00e0 la circulaire n\u00b04816 du 29 avril 2014 dont les projets visent la mise en place des pratiques innovantes en mati\u00e8re d\u2019orientation.<\/li>\n<li>Les \u00e9l\u00e8ves de 3e ann\u00e9e de l\u2019enseignement secondaire professionnel.<\/li>\n<\/ul>\n<h4><\/h4>\n<h4><span class=\"ms-rteCustom-TexteBleu\">Collaborations<\/span><\/h4>\n<ul>\n<li>Les \u00e9quipes \u00e9ducatives : les directeurs d\u2019\u00e9tablissement, les chefs de projet les enseignants, tous r\u00e9seaux confondus.<\/li>\n<li>Les centres PMS.<\/li>\n<li>Les conseillers p\u00e9dagogiques.<\/li>\n<\/ul>\n<p>&nbsp;<\/p>\n<h4><span class=\"ms-rteCustom-TexteBleu\">Commanditaire<\/span><\/h4>\n<p>F\u00e9d\u00e9ration Wallonie-Bruxelles ; Cabinet minist\u00e9riel en charge de l\u2019Enseignement obligatoire.<\/p>\n<h4><span class=\"ms-rteCustom-TexteBleu\">Dur\u00e9e de la recherche<\/span><\/h4>\n<p>La recherche est men\u00e9e pendant un an, du 1\/09\/2014 au 31\/08\/2015.<\/p>\n<h4><span class=\"ms-rteCustom-TexteBleu\">Productions scientifiques<\/span><\/h4>\n<p>Canzittu, D., Malaise, Malaise, S., Tutak, A. Sous la direction du Pr. Demeuse, M. (2013). Recherche-accompagnement de projet d\u2019innovation p\u00e9dagogique et organisationnelle au sein du 2e degr\u00e9 professionnel de l\u2019enseignement secondaire de plein exercice.\u00a0 Rapport interm\u00e9diaire n \u00b01 \u2013 F\u00e9vrier 2015. Document non publi\u00e9, Universit\u00e9 de Mons, Mons.<\/p>\n<\/div>\n<\/div>\n","protected":false},"excerpt":{"rendered":"<p>3P orientante ou orient\u00e9e Chercheurs Damien Canzittu,\u00a0Marc Demeuse,\u00a0St\u00e9phanie Malaise,\u00a0Aliz\u00e9e Tutak Mots-Cl\u00e9s Projet d&rsquo;innovation p\u00e9dagogique &#8211; Orientation scolaire &#8211; Enseignement qualifiant R\u00e9sum\u00e9 En Belgique francophone, l\u2019orientation scolaire constitue l\u2019une des priorit\u00e9s puisque le Contrat pour l\u2019Ecole et le d\u00e9cret Missions placent la construction positive du projet de vie scolaire et professionnel de l\u2019\u00e9l\u00e8ve au c\u0153ur de [&hellip;]<\/p>\n","protected":false},"author":121,"featured_media":0,"parent":0,"menu_order":0,"comment_status":"closed","ping_status":"closed","template":"","meta":{"footnotes":""},"class_list":["post-204","page","type-page","status-publish","hentry"],"yoast_head":"<!-- This site is optimized with the Yoast SEO plugin v27.2 - https:\/\/yoast.com\/product\/yoast-seo-wordpress\/ -->\n<title>3P orientante ou orient\u00e9e - Service \/ FPSE - Sciences de l&#039;Enseignement et de la Formation<\/title>\n<meta name=\"robots\" content=\"index, follow, max-snippet:-1, max-image-preview:large, max-video-preview:-1\" \/>\n<link rel=\"canonical\" href=\"https:\/\/web.umons.ac.be\/semf\/3p-orientante-ou-orientee\/\" \/>\n<meta property=\"og:locale\" content=\"fr_FR\" \/>\n<meta property=\"og:type\" content=\"article\" \/>\n<meta property=\"og:title\" content=\"3P orientante ou orient\u00e9e - Service \/ FPSE - Sciences de l&#039;Enseignement et de la Formation\" \/>\n<meta property=\"og:description\" content=\"3P orientante ou orient\u00e9e Chercheurs Damien Canzittu,\u00a0Marc Demeuse,\u00a0St\u00e9phanie Malaise,\u00a0Aliz\u00e9e Tutak Mots-Cl\u00e9s Projet d&rsquo;innovation p\u00e9dagogique &#8211; Orientation scolaire &#8211; Enseignement qualifiant R\u00e9sum\u00e9 En Belgique francophone, l\u2019orientation scolaire constitue l\u2019une des priorit\u00e9s puisque le Contrat pour l\u2019Ecole et le d\u00e9cret Missions placent la construction positive du projet de vie scolaire et professionnel de l\u2019\u00e9l\u00e8ve au c\u0153ur de [&hellip;]\" \/>\n<meta property=\"og:url\" content=\"https:\/\/web.umons.ac.be\/semf\/3p-orientante-ou-orientee\/\" \/>\n<meta property=\"og:site_name\" content=\"Service \/ FPSE - Sciences de l&#039;Enseignement et de la Formation\" \/>\n<meta property=\"article:modified_time\" content=\"2022-04-26T13:13:17+00:00\" \/>\n<meta name=\"twitter:card\" content=\"summary_large_image\" \/>\n<meta name=\"twitter:label1\" content=\"Dur\u00e9e de lecture estim\u00e9e\" \/>\n\t<meta name=\"twitter:data1\" content=\"2 minutes\" \/>\n<script type=\"application\/ld+json\" class=\"yoast-schema-graph\">{\"@context\":\"https:\/\/schema.org\",\"@graph\":[{\"@type\":\"WebPage\",\"@id\":\"https:\/\/web.umons.ac.be\/semf\/3p-orientante-ou-orientee\/\",\"url\":\"https:\/\/web.umons.ac.be\/semf\/3p-orientante-ou-orientee\/\",\"name\":\"3P orientante ou orient\u00e9e - Service \/ FPSE - Sciences de l&#039;Enseignement et de la Formation\",\"isPartOf\":{\"@id\":\"https:\/\/web.umons.ac.be\/semf\/#website\"},\"datePublished\":\"2021-12-13T14:14:39+00:00\",\"dateModified\":\"2022-04-26T13:13:17+00:00\",\"breadcrumb\":{\"@id\":\"https:\/\/web.umons.ac.be\/semf\/3p-orientante-ou-orientee\/#breadcrumb\"},\"inLanguage\":\"fr-FR\",\"potentialAction\":[{\"@type\":\"ReadAction\",\"target\":[\"https:\/\/web.umons.ac.be\/semf\/3p-orientante-ou-orientee\/\"]}]},{\"@type\":\"BreadcrumbList\",\"@id\":\"https:\/\/web.umons.ac.be\/semf\/3p-orientante-ou-orientee\/#breadcrumb\",\"itemListElement\":[{\"@type\":\"ListItem\",\"position\":1,\"name\":\"Home\",\"item\":\"https:\/\/web.umons.ac.be\/semf\/\"},{\"@type\":\"ListItem\",\"position\":2,\"name\":\"3P orientante ou orient\u00e9e\"}]},{\"@type\":\"WebSite\",\"@id\":\"https:\/\/web.umons.ac.be\/semf\/#website\",\"url\":\"https:\/\/web.umons.ac.be\/semf\/\",\"name\":\"Service \/ FPSE - M\u00e9thodologie et formation\",\"description\":\"\",\"publisher\":{\"@id\":\"https:\/\/web.umons.ac.be\/semf\/#organization\"},\"potentialAction\":[{\"@type\":\"SearchAction\",\"target\":{\"@type\":\"EntryPoint\",\"urlTemplate\":\"https:\/\/web.umons.ac.be\/semf\/?s={search_term_string}\"},\"query-input\":{\"@type\":\"PropertyValueSpecification\",\"valueRequired\":true,\"valueName\":\"search_term_string\"}}],\"inLanguage\":\"fr-FR\"},{\"@type\":\"Organization\",\"@id\":\"https:\/\/web.umons.ac.be\/semf\/#organization\",\"name\":\"Service \/ FPSE - M\u00e9thodologie et formation\",\"url\":\"https:\/\/web.umons.ac.be\/semf\/\",\"logo\":{\"@type\":\"ImageObject\",\"inLanguage\":\"fr-FR\",\"@id\":\"https:\/\/web.umons.ac.be\/semf\/#\/schema\/logo\/image\/\",\"url\":\"https:\/\/web.umons.ac.be\/app\/uploads\/sites\/103\/2021\/11\/LOGOP316_Benoit-VANSCHOEBEKE.svg\",\"contentUrl\":\"https:\/\/web.umons.ac.be\/app\/uploads\/sites\/103\/2021\/11\/LOGOP316_Benoit-VANSCHOEBEKE.svg\",\"width\":1,\"height\":1,\"caption\":\"Service \/ FPSE - M\u00e9thodologie et formation\"},\"image\":{\"@id\":\"https:\/\/web.umons.ac.be\/semf\/#\/schema\/logo\/image\/\"}}]}<\/script>\n<!-- \/ Yoast SEO plugin. -->","yoast_head_json":{"title":"3P orientante ou orient\u00e9e - Service \/ FPSE - Sciences de l&#039;Enseignement et de la Formation","robots":{"index":"index","follow":"follow","max-snippet":"max-snippet:-1","max-image-preview":"max-image-preview:large","max-video-preview":"max-video-preview:-1"},"canonical":"https:\/\/web.umons.ac.be\/semf\/3p-orientante-ou-orientee\/","og_locale":"fr_FR","og_type":"article","og_title":"3P orientante ou orient\u00e9e - Service \/ FPSE - Sciences de l&#039;Enseignement et de la Formation","og_description":"3P orientante ou orient\u00e9e Chercheurs Damien Canzittu,\u00a0Marc Demeuse,\u00a0St\u00e9phanie Malaise,\u00a0Aliz\u00e9e Tutak Mots-Cl\u00e9s Projet d&rsquo;innovation p\u00e9dagogique &#8211; Orientation scolaire &#8211; Enseignement qualifiant R\u00e9sum\u00e9 En Belgique francophone, l\u2019orientation scolaire constitue l\u2019une des priorit\u00e9s puisque le Contrat pour l\u2019Ecole et le d\u00e9cret Missions placent la construction positive du projet de vie scolaire et professionnel de l\u2019\u00e9l\u00e8ve au c\u0153ur de [&hellip;]","og_url":"https:\/\/web.umons.ac.be\/semf\/3p-orientante-ou-orientee\/","og_site_name":"Service \/ FPSE - Sciences de l&#039;Enseignement et de la Formation","article_modified_time":"2022-04-26T13:13:17+00:00","twitter_card":"summary_large_image","twitter_misc":{"Dur\u00e9e de lecture estim\u00e9e":"2 minutes"},"schema":{"@context":"https:\/\/schema.org","@graph":[{"@type":"WebPage","@id":"https:\/\/web.umons.ac.be\/semf\/3p-orientante-ou-orientee\/","url":"https:\/\/web.umons.ac.be\/semf\/3p-orientante-ou-orientee\/","name":"3P orientante ou orient\u00e9e - Service \/ FPSE - Sciences de l&#039;Enseignement et de la Formation","isPartOf":{"@id":"https:\/\/web.umons.ac.be\/semf\/#website"},"datePublished":"2021-12-13T14:14:39+00:00","dateModified":"2022-04-26T13:13:17+00:00","breadcrumb":{"@id":"https:\/\/web.umons.ac.be\/semf\/3p-orientante-ou-orientee\/#breadcrumb"},"inLanguage":"fr-FR","potentialAction":[{"@type":"ReadAction","target":["https:\/\/web.umons.ac.be\/semf\/3p-orientante-ou-orientee\/"]}]},{"@type":"BreadcrumbList","@id":"https:\/\/web.umons.ac.be\/semf\/3p-orientante-ou-orientee\/#breadcrumb","itemListElement":[{"@type":"ListItem","position":1,"name":"Home","item":"https:\/\/web.umons.ac.be\/semf\/"},{"@type":"ListItem","position":2,"name":"3P orientante ou orient\u00e9e"}]},{"@type":"WebSite","@id":"https:\/\/web.umons.ac.be\/semf\/#website","url":"https:\/\/web.umons.ac.be\/semf\/","name":"Service \/ FPSE - M\u00e9thodologie et formation","description":"","publisher":{"@id":"https:\/\/web.umons.ac.be\/semf\/#organization"},"potentialAction":[{"@type":"SearchAction","target":{"@type":"EntryPoint","urlTemplate":"https:\/\/web.umons.ac.be\/semf\/?s={search_term_string}"},"query-input":{"@type":"PropertyValueSpecification","valueRequired":true,"valueName":"search_term_string"}}],"inLanguage":"fr-FR"},{"@type":"Organization","@id":"https:\/\/web.umons.ac.be\/semf\/#organization","name":"Service \/ FPSE - M\u00e9thodologie et formation","url":"https:\/\/web.umons.ac.be\/semf\/","logo":{"@type":"ImageObject","inLanguage":"fr-FR","@id":"https:\/\/web.umons.ac.be\/semf\/#\/schema\/logo\/image\/","url":"https:\/\/web.umons.ac.be\/app\/uploads\/sites\/103\/2021\/11\/LOGOP316_Benoit-VANSCHOEBEKE.svg","contentUrl":"https:\/\/web.umons.ac.be\/app\/uploads\/sites\/103\/2021\/11\/LOGOP316_Benoit-VANSCHOEBEKE.svg","width":1,"height":1,"caption":"Service \/ FPSE - M\u00e9thodologie et formation"},"image":{"@id":"https:\/\/web.umons.ac.be\/semf\/#\/schema\/logo\/image\/"}}]}},"lang":"fr","translations":{"fr":204},"pll_sync_post":[],"_links":{"self":[{"href":"https:\/\/web.umons.ac.be\/semf\/wp-json\/wp\/v2\/pages\/204","targetHints":{"allow":["GET"]}}],"collection":[{"href":"https:\/\/web.umons.ac.be\/semf\/wp-json\/wp\/v2\/pages"}],"about":[{"href":"https:\/\/web.umons.ac.be\/semf\/wp-json\/wp\/v2\/types\/page"}],"author":[{"embeddable":true,"href":"https:\/\/web.umons.ac.be\/semf\/wp-json\/wp\/v2\/users\/121"}],"replies":[{"embeddable":true,"href":"https:\/\/web.umons.ac.be\/semf\/wp-json\/wp\/v2\/comments?post=204"}],"version-history":[{"count":1,"href":"https:\/\/web.umons.ac.be\/semf\/wp-json\/wp\/v2\/pages\/204\/revisions"}],"predecessor-version":[{"id":205,"href":"https:\/\/web.umons.ac.be\/semf\/wp-json\/wp\/v2\/pages\/204\/revisions\/205"}],"wp:attachment":[{"href":"https:\/\/web.umons.ac.be\/semf\/wp-json\/wp\/v2\/media?parent=204"}],"curies":[{"name":"wp","href":"https:\/\/api.w.org\/{rel}","templated":true}]}}