{"id":246,"date":"2021-12-20T15:24:03","date_gmt":"2021-12-20T14:24:03","guid":{"rendered":"https:\/\/web.umons.ac.be\/semf\/?page_id=246"},"modified":"2021-12-20T15:24:04","modified_gmt":"2021-12-20T14:24:04","slug":"comment-choisir-mon-manuel-de-lecture-guide-pour-analyser-les-manuels-de-lecture-de-premiere-annee-primaire-cours-preparatoire","status":"publish","type":"page","link":"https:\/\/web.umons.ac.be\/semf\/comment-choisir-mon-manuel-de-lecture-guide-pour-analyser-les-manuels-de-lecture-de-premiere-annee-primaire-cours-preparatoire\/","title":{"rendered":"Comment choisir mon manuel de lecture? Guide pour analyser les manuels de lecture de premi\u00e8re ann\u00e9e primaire (cours pr\u00e9paratoire)."},"content":{"rendered":"<h2><span class=\"ms-rteCustom-TexteRouge\">Comment choisir mon manuel de lecture? Guide pour analyser les manuels de lecture de premi\u00e8re ann\u00e9e primaire (cours pr\u00e9paratoire).\u00a0<\/span><\/h2>\n<p><a title=\"\" href=\"https:\/\/sharepoint1.umons.ac.be\/FR\/universite\/facultes\/fpse\/serviceseetr\/methodo\/publications\/Documents\/working-papers\/WP04_2019_Houssin_Demeuse.pdf\" target=\"_blank\" rel=\"noopener\">WP04\/2019<\/a>\u00a0&#8211; Houssin, E., &amp; Demeuse, M. (2019).\u00a0Comment choisir mon manuel dee lecture? Guide pour analyser les manuels de lecture de premi\u00e8re ann\u00e9e primairee (cours pr\u00e9paratoire).\u00a0Working Papers de l\u2019INAS, WP04\/2019, 1-46.<\/p>\n<h4><span lang=\"FR\"><span class=\"ms-rteCustom-TexteRouge\">R\u00e9sum\u00e9<\/span><\/span><\/h4>\n<p><span lang=\"FR\">Ce guide propose des pistes pour aider les enseignants de premi\u00e8re ann\u00e9e primaire \u00e0 choisir leur manuel de lecture en rep\u00e9rant les aspects \u00ab\u00a0mat\u00e9riels\u00a0\u00bb, \u00ab\u00a0techniques\u00a0\u00bb et \u00ab\u00a0p\u00e9dagogiques\u00a0\u00bb. La grille d\u2019analyse propos\u00e9e a \u00e9t\u00e9 construite \u00e0 partir de plusieurs travaux de recherche dans le domaine de la conception de manuels scolaires (G\u00e9rard &amp; Roegiers, 2009), mais aussi dans celui de l\u2019enseignement\/apprentissage de la lecture. Les crit\u00e8res retenus ont \u00e9t\u00e9 r\u00e9pertori\u00e9s selon plusieurs grandes cat\u00e9gories\u00a0: les aspects communs \u00e0 tous les manuels scolaires, les \u00e9l\u00e9ments propres \u00e0 l\u2019apprentissage de la lecture et le respect de certains crit\u00e8res n\u00e9cessaires pour obtenir l\u2019agr\u00e9ment d\u2019un manuel en F\u00e9d\u00e9ration Wallonie-Bruxelles. Ils sont illustr\u00e9s \u00e0 partir d\u2019extraits de manuels existants (et agr\u00e9\u00e9s), par de bons\u2026 et de moins bons exemples. Les fiches concernant les diff\u00e9rents manuels \u00e9voqu\u00e9s sont disponibles en ligne, en cliquant sur la\u00a0r\u00e9f\u00e9rence du manuel.\u00a0<\/span><span lang=\"FR\">Elles sont amen\u00e9es \u00e0 \u00e9voluer et les contributions des coll\u00e8gues et enseignants sont naturellement bienvenues.<\/span><\/p>\n<h4><span lang=\"FR\"><span class=\"ms-rteCustom-TexteRouge\">Liste des manuels analys\u00e9s<\/span><\/span><span lang=\"FR\"><span class=\"ms-rteCustom-TexteRouge\">\u00a0<\/span><\/span><\/h4>\n<ul>\n<li><span lang=\"FR\">Assuied, R., &amp; Ragot, AM. (2015). Coccinelle CP\u00a0<\/span><span lang=\"FR\">[Manuel de l\u2019\u00e9l\u00e8ve]<\/span><span lang=\"FR\">. Paris\u00a0: Hatier.<\/span><\/li>\n<\/ul>\n<ul>\n<li style=\"list-style-type: none\">\n<ul>\n<li><span lang=\"FR\"><a title=\"\" href=\"https:\/\/sharepoint1.umons.ac.be\/FR\/universite\/facultes\/fpse\/serviceseetr\/methodo\/publications\/Documents\/working-papers\/WP04_Litournelle.pdf\" target=\"_blank\" rel=\"noopener\">Attard-Legrand, MP, Ch\u00e2teau-Larue, F., Chaulet, P., Dr\u00e9villon, V., &amp; Larue, JP. (2014). Litournelle CP. [Manuel de l\u2019\u00e9l\u00e8ve]. Paris\u00a0: Bordas.<\/a><\/span><\/li>\n<li><span lang=\"FR\"><a title=\"\" href=\"https:\/\/sharepoint1.umons.ac.be\/FR\/universite\/facultes\/fpse\/serviceseetr\/methodo\/publications\/Documents\/working-papers\/WP04_astuce.pdf\" target=\"_blank\" rel=\"noopener\">Baguette, M., Carri\u00e8res, A., Dupont, C., Hoeben, ST, &amp; Specht, J. (2007). Astuce 1 [Manuel de l\u2019\u00e9l\u00e8ve]. Namur\u00a0: Averbode.<\/a><\/span><\/li>\n<li><span lang=\"FR\"><a title=\"\" href=\"https:\/\/sharepoint1.umons.ac.be\/FR\/universite\/facultes\/fpse\/serviceseetr\/methodo\/publications\/Documents\/working-papers\/WP04_Super%20Gafi.pdf\" target=\"_blank\" rel=\"noopener\">Bentolila, A., Rousseau, JP, R\u00e9mond, G., &amp; Descouens, M. (2013). Super Gafi CP [Manuel de l\u2019\u00e9l\u00e8ve]. Paris\u00a0: Nathan.<\/a><\/span><\/li>\n<li><span lang=\"FR\"><a title=\"\" href=\"https:\/\/sharepoint1.umons.ac.be\/FR\/universite\/facultes\/fpse\/serviceseetr\/methodo\/publications\/Documents\/working-papers\/WP04_Capsule.pdf\" target=\"_blank\" rel=\"noopener\">Bolduc, N., Cloutier, C., Roiseux, M., &amp; Sol, C. (2014). Capsule 1 [Manuel de l\u2019\u00e9l\u00e8ve]. Mont-Saint-Guibert\u00a0: Van In.<\/a><\/span><\/li>\n<li><span lang=\"FR\">Bonazzola, M., Di Nolfo, L., Moreau, AM., &amp; Lefebvre, L. (2014). Graffitis 1 [Manuel de l\u2019\u00e9l\u00e8ve]. Mont-Saint-Guibert\u00a0: Van In.<\/span><\/li>\n<li><span lang=\"FR\"><a title=\"\" href=\"https:\/\/sharepoint1.umons.ac.be\/FR\/universite\/facultes\/fpse\/serviceseetr\/methodo\/publications\/Documents\/working-papers\/WP04_Mots%20d%27%C3%A9cole.pdf\" target=\"_blank\" rel=\"noopener\">Bruat, F., &amp; El Adrham, A. (2009). Mots d\u2019\u00e9cole CP [Manuel de l\u2019\u00e9l\u00e8ve]. Les Mureaux\u00a0: Sed.<\/a><\/span><\/li>\n<li><span lang=\"FR\"><a title=\"\" href=\"https:\/\/sharepoint1.umons.ac.be\/FR\/universite\/facultes\/fpse\/serviceseetr\/methodo\/publications\/Documents\/working-papers\/WP04_Je%20lis%20avec%20Mona%20et%20ses%20amis.pdf\" target=\"_blank\" rel=\"noopener\">Charbonnier, M., Garnier, J., &amp; Petiot, V. (2012). Je lis avec Mona et ses amis CP [Manuel de l\u2019\u00e9l\u00e8ve], p.27. Paris\u00a0: Magnard.<\/a><\/span><\/li>\n<li><span lang=\"FR\"><a title=\"\" href=\"https:\/\/sharepoint1.umons.ac.be\/FR\/universite\/facultes\/fpse\/serviceseetr\/methodo\/publications\/Documents\/working-papers\/WP04_Fabulire.pdf\" target=\"_blank\" rel=\"noopener\">de Santi-Gaud, C., Meyjonade, I., &amp; Uss\u00e9glio, M. (2011). Fabulire 1 [Manuel de l\u2019\u00e9l\u00e8ve]. Paris\u00a0: Retz.<\/a><\/span><\/li>\n<li><span lang=\"FR\"><a title=\"\" href=\"https:\/\/sharepoint1.umons.ac.be\/FR\/universite\/facultes\/fpse\/serviceseetr\/methodo\/publications\/Documents\/working-papers\/WP04_7%20%C3%A0%20lire%20manuel.pdf\" target=\"_blank\" rel=\"noopener\">Di Fabrizio, A. &amp; Collette, P. (2016). 7 \u00e0 Lire\u00a0(1re ann\u00e9e) : J\u2019apprends \u00e0 lire et \u00e0 \u00e9crire \u00e0 partir d\u2019albums jeunesse [Manuel de l\u2019\u00e9l\u00e8ve]. Mont-Saint-Guibert\u00a0: Van In.<\/a><\/span><\/li>\n<li><span lang=\"FR\"><a title=\"\" href=\"https:\/\/sharepoint1.umons.ac.be\/FR\/universite\/facultes\/fpse\/serviceseetr\/methodo\/publications\/Documents\/working-papers\/WP04_J_apprends%20%C3%A0%20lire%20avec%20sami%20et%20julie.pdf\" target=\"_blank\" rel=\"noopener\">Flahaut-Lamor\u00e8re, G. &amp; Cecconello, A. (2014). J\u2019apprends \u00e0 lire avec Sami et Julie [manuel de l\u2019\u00e9l\u00e8ve]. Paris\u00a0: Hachette Education.<\/a><\/span><\/li>\n<li><span lang=\"FR\"><a title=\"\" href=\"https:\/\/sharepoint1.umons.ac.be\/FR\/universite\/facultes\/fpse\/serviceseetr\/methodo\/publications\/Documents\/working-papers\/WP04_Croque%20lignes.pdf\" target=\"_blank\" rel=\"noopener\">Gombert, JE. (dir.). (2010). Croque Lignes CP [Manuel de l\u2019\u00e9l\u00e8ve]. Paris : Nathan.<\/a><\/span><\/li>\n<li><span lang=\"FR\">Guion, J., &amp; Guion, J. (1994). Ratus et ses amis CP [Manuel de l\u2019\u00e9l\u00e8ve]<\/span><span lang=\"FR\">. Paris\u00a0: Hatier.<\/span><\/li>\n<li><span lang=\"FR\"><a title=\"\" href=\"https:\/\/sharepoint1.umons.ac.be\/FR\/universite\/facultes\/fpse\/serviceseetr\/methodo\/publications\/Documents\/working-papers\/WP04_Abracadabra%20j%27apprends%20%C3%A0%20lire%20et%20%C3%A0%20%C3%A9crire%20avec%20Mira.pdf\" target=\"_blank\" rel=\"noopener\">Herman, F. (dir.) (2012). Abracadabra. J\u2019apprends \u00e0 lire et \u00e0 \u00e9crire avec Mira. [Manuel de l\u2019\u00e9l\u00e8ve]. Louvain-la-Neuve\u00a0: De Boeck.<\/a><\/span><\/li>\n<li><span lang=\"FR\"><a title=\"\" href=\"https:\/\/sharepoint1.umons.ac.be\/FR\/universite\/facultes\/fpse\/serviceseetr\/methodo\/publications\/Documents\/working-papers\/WP04_Tom,%20Zo%C3%A9%20et%20leurs%20amis.pdf\" target=\"_blank\" rel=\"noopener\">Herv\u00e9, F., &amp; Leroy, F. (2007). Tom, Zo\u00e9 et leurs amis [Manuel de l\u2019\u00e9l\u00e8ve]. Mont-Saint-Guibert\u00a0: Van In.<\/a><\/span><\/li>\n<\/ul>\n<\/li>\n<\/ul>\n<ul>\n<li><span lang=\"FR\">Lurse, J., &amp; Montardre, H. (2017). Lecture tout terrain [Manuel de l\u2019\u00e9l\u00e8ve].\u00a0<\/span><span lang=\"FR\">Paris\u00a0: Bordas.<\/span><\/li>\n<\/ul>\n<ul>\n<li><span lang=\"FR\">Monier-Roland, F., &amp; Barou-Fret, C. (2013). Tu vois, je lis\u00a0!\u00a0<\/span><span lang=\"FR\">[Manuel de l\u2019\u00e9l\u00e8ve]<\/span><span lang=\"FR\">. Toulouse\u00a0: Sedrap.<\/span><\/li>\n<\/ul>\n<ul>\n<li><span lang=\"FR\">Perrin, A., Girard, S., Gros, K., &amp; Warnet, S.<\/span><span lang=\"FR\">\u00a0(2017). A l\u2019\u00e9cole des albums\u00a0<\/span><span lang=\"FR\">[Manuel bleu de l\u2019\u00e9l\u00e8ve]. Paris\u00a0: Retz.<\/span><\/li>\n<\/ul>\n<ul>\n<li style=\"list-style-type: none\">\n<ul>\n<li><span lang=\"FR\"><a title=\"\" href=\"https:\/\/sharepoint1.umons.ac.be\/FR\/universite\/facultes\/fpse\/serviceseetr\/methodo\/publications\/Documents\/working-papers\/WP04_A%20l%C3%A9cole%20des%20albums.pdf\" target=\"_blank\" rel=\"noopener\">Perrin, A., Girard, S., Gros, K., &amp;Warnet, S. (2016). A l\u2019\u00e9cole des albums [Manuel jaune de l\u2019\u00e9l\u00e8ve]. Paris\u00a0: Retz.<\/a><\/span><\/li>\n<\/ul>\n<\/li>\n<\/ul>\n<ul>\n<li><span lang=\"FR\">Piret, D., &amp; S\u00e9pul, F. (2015). J\u2019apprends \u00e0 lire avec Sacha 1\u00a0<\/span><span lang=\"FR\">[Manuel de l\u2019\u00e9l\u00e8ve]<\/span><span lang=\"FR\">. Braine-l\u2019Alleud\u00a0: Plantyn.<\/span><\/li>\n<\/ul>\n<ul>\n<li><span lang=\"FR\">Tendron, D. (2013), Pilotis [Manuel de l\u2019\u00e9l\u00e8ve].\u00a0<\/span><span lang=\"FR\">Paris\u00a0: Hachette Education.<\/span><\/li>\n<\/ul>\n<ul>\n<li><span lang=\"FR\">Tihon, M., &amp; Cantillo, C. (2017). Tous des as\u00a0! 1 [Manuel de l\u2019\u00e9l\u00e8ve]. Mont-Saint-Guibert\u00a0: Van In.<\/span><\/li>\n<li><span lang=\"FR\"><a title=\"\" href=\"https:\/\/sharepoint1.umons.ac.be\/FR\/universite\/facultes\/fpse\/serviceseetr\/methodo\/publications\/Documents\/working-papers\/WP04_Ma%20m%C3%A9thode%20de%20lecture%20Montessori.pdf\" target=\"_blank\" rel=\"noopener\">Urvoy, D. (2017). Ma m\u00e9thode de lecture Montessori [Manuel de l\u2019\u00e9l\u00e8ve]. Paris\u00a0: Larousse.<\/a><\/span><\/li>\n<li><span lang=\"FR\"><a title=\"\" href=\"https:\/\/sharepoint1.umons.ac.be\/FR\/universite\/facultes\/fpse\/serviceseetr\/methodo\/publications\/Documents\/working-papers\/WP04_Chut%20je%20lis.pdf\" target=\"_blank\" rel=\"noopener\">Vinto, A, David, J., de Oliveira, V., &amp; Th\u00e9bault, J. (2016). Chute&#8230; je lis !\u00a0[Manuel de l&rsquo;\u00e9l\u00e8ve]. Paris : Hachette Education.<\/a><\/span><\/li>\n<\/ul>\n","protected":false},"excerpt":{"rendered":"<p>Comment choisir mon manuel de lecture? Guide pour analyser les manuels de lecture de premi\u00e8re ann\u00e9e primaire (cours pr\u00e9paratoire).\u00a0 WP04\/2019\u00a0&#8211; Houssin, E., &amp; Demeuse, M. (2019).\u00a0Comment choisir mon manuel dee lecture? Guide pour analyser les manuels de lecture de premi\u00e8re ann\u00e9e primairee (cours pr\u00e9paratoire).\u00a0Working Papers de l\u2019INAS, WP04\/2019, 1-46. R\u00e9sum\u00e9 Ce guide propose des pistes [&hellip;]<\/p>\n","protected":false},"author":121,"featured_media":0,"parent":0,"menu_order":0,"comment_status":"closed","ping_status":"closed","template":"","meta":{"footnotes":""},"class_list":["post-246","page","type-page","status-publish","hentry"],"yoast_head":"<!-- This site is optimized with the Yoast SEO plugin v27.2 - https:\/\/yoast.com\/product\/yoast-seo-wordpress\/ -->\n<title>Comment choisir mon manuel de lecture? Guide pour analyser les manuels de lecture de premi\u00e8re ann\u00e9e primaire (cours pr\u00e9paratoire). - Service \/ FPSE - Sciences de l&#039;Enseignement et de la Formation<\/title>\n<meta name=\"robots\" content=\"index, follow, max-snippet:-1, max-image-preview:large, max-video-preview:-1\" \/>\n<link rel=\"canonical\" href=\"https:\/\/web.umons.ac.be\/semf\/comment-choisir-mon-manuel-de-lecture-guide-pour-analyser-les-manuels-de-lecture-de-premiere-annee-primaire-cours-preparatoire\/\" \/>\n<meta property=\"og:locale\" content=\"fr_FR\" \/>\n<meta property=\"og:type\" content=\"article\" \/>\n<meta property=\"og:title\" content=\"Comment choisir mon manuel de lecture? Guide pour analyser les manuels de lecture de premi\u00e8re ann\u00e9e primaire (cours pr\u00e9paratoire). - Service \/ FPSE - Sciences de l&#039;Enseignement et de la Formation\" \/>\n<meta property=\"og:description\" content=\"Comment choisir mon manuel de lecture? Guide pour analyser les manuels de lecture de premi\u00e8re ann\u00e9e primaire (cours pr\u00e9paratoire).\u00a0 WP04\/2019\u00a0&#8211; Houssin, E., &amp; Demeuse, M. (2019).\u00a0Comment choisir mon manuel dee lecture? Guide pour analyser les manuels de lecture de premi\u00e8re ann\u00e9e primairee (cours pr\u00e9paratoire).\u00a0Working Papers de l\u2019INAS, WP04\/2019, 1-46. R\u00e9sum\u00e9 Ce guide propose des pistes [&hellip;]\" \/>\n<meta property=\"og:url\" content=\"https:\/\/web.umons.ac.be\/semf\/comment-choisir-mon-manuel-de-lecture-guide-pour-analyser-les-manuels-de-lecture-de-premiere-annee-primaire-cours-preparatoire\/\" \/>\n<meta property=\"og:site_name\" content=\"Service \/ FPSE - Sciences de l&#039;Enseignement et de la Formation\" \/>\n<meta property=\"article:modified_time\" content=\"2021-12-20T14:24:04+00:00\" \/>\n<meta name=\"twitter:card\" content=\"summary_large_image\" \/>\n<meta name=\"twitter:label1\" content=\"Dur\u00e9e de lecture estim\u00e9e\" \/>\n\t<meta name=\"twitter:data1\" content=\"4 minutes\" \/>\n<script type=\"application\/ld+json\" class=\"yoast-schema-graph\">{\"@context\":\"https:\/\/schema.org\",\"@graph\":[{\"@type\":\"WebPage\",\"@id\":\"https:\/\/web.umons.ac.be\/semf\/comment-choisir-mon-manuel-de-lecture-guide-pour-analyser-les-manuels-de-lecture-de-premiere-annee-primaire-cours-preparatoire\/\",\"url\":\"https:\/\/web.umons.ac.be\/semf\/comment-choisir-mon-manuel-de-lecture-guide-pour-analyser-les-manuels-de-lecture-de-premiere-annee-primaire-cours-preparatoire\/\",\"name\":\"Comment choisir mon manuel de lecture? Guide pour analyser les manuels de lecture de premi\u00e8re ann\u00e9e primaire (cours pr\u00e9paratoire). - Service \/ FPSE - Sciences de l&#039;Enseignement et de la Formation\",\"isPartOf\":{\"@id\":\"https:\/\/web.umons.ac.be\/semf\/#website\"},\"datePublished\":\"2021-12-20T14:24:03+00:00\",\"dateModified\":\"2021-12-20T14:24:04+00:00\",\"breadcrumb\":{\"@id\":\"https:\/\/web.umons.ac.be\/semf\/comment-choisir-mon-manuel-de-lecture-guide-pour-analyser-les-manuels-de-lecture-de-premiere-annee-primaire-cours-preparatoire\/#breadcrumb\"},\"inLanguage\":\"fr-FR\",\"potentialAction\":[{\"@type\":\"ReadAction\",\"target\":[\"https:\/\/web.umons.ac.be\/semf\/comment-choisir-mon-manuel-de-lecture-guide-pour-analyser-les-manuels-de-lecture-de-premiere-annee-primaire-cours-preparatoire\/\"]}]},{\"@type\":\"BreadcrumbList\",\"@id\":\"https:\/\/web.umons.ac.be\/semf\/comment-choisir-mon-manuel-de-lecture-guide-pour-analyser-les-manuels-de-lecture-de-premiere-annee-primaire-cours-preparatoire\/#breadcrumb\",\"itemListElement\":[{\"@type\":\"ListItem\",\"position\":1,\"name\":\"Home\",\"item\":\"https:\/\/web.umons.ac.be\/semf\/\"},{\"@type\":\"ListItem\",\"position\":2,\"name\":\"Comment choisir mon manuel de lecture? Guide pour analyser les manuels de lecture de premi\u00e8re ann\u00e9e primaire (cours pr\u00e9paratoire).\"}]},{\"@type\":\"WebSite\",\"@id\":\"https:\/\/web.umons.ac.be\/semf\/#website\",\"url\":\"https:\/\/web.umons.ac.be\/semf\/\",\"name\":\"Service \/ FPSE - M\u00e9thodologie et formation\",\"description\":\"\",\"publisher\":{\"@id\":\"https:\/\/web.umons.ac.be\/semf\/#organization\"},\"potentialAction\":[{\"@type\":\"SearchAction\",\"target\":{\"@type\":\"EntryPoint\",\"urlTemplate\":\"https:\/\/web.umons.ac.be\/semf\/?s={search_term_string}\"},\"query-input\":{\"@type\":\"PropertyValueSpecification\",\"valueRequired\":true,\"valueName\":\"search_term_string\"}}],\"inLanguage\":\"fr-FR\"},{\"@type\":\"Organization\",\"@id\":\"https:\/\/web.umons.ac.be\/semf\/#organization\",\"name\":\"Service \/ FPSE - M\u00e9thodologie et formation\",\"url\":\"https:\/\/web.umons.ac.be\/semf\/\",\"logo\":{\"@type\":\"ImageObject\",\"inLanguage\":\"fr-FR\",\"@id\":\"https:\/\/web.umons.ac.be\/semf\/#\/schema\/logo\/image\/\",\"url\":\"https:\/\/web.umons.ac.be\/app\/uploads\/sites\/103\/2021\/11\/LOGOP316_Benoit-VANSCHOEBEKE.svg\",\"contentUrl\":\"https:\/\/web.umons.ac.be\/app\/uploads\/sites\/103\/2021\/11\/LOGOP316_Benoit-VANSCHOEBEKE.svg\",\"width\":1,\"height\":1,\"caption\":\"Service \/ FPSE - M\u00e9thodologie et formation\"},\"image\":{\"@id\":\"https:\/\/web.umons.ac.be\/semf\/#\/schema\/logo\/image\/\"}}]}<\/script>\n<!-- \/ Yoast SEO plugin. -->","yoast_head_json":{"title":"Comment choisir mon manuel de lecture? Guide pour analyser les manuels de lecture de premi\u00e8re ann\u00e9e primaire (cours pr\u00e9paratoire). - Service \/ FPSE - Sciences de l&#039;Enseignement et de la Formation","robots":{"index":"index","follow":"follow","max-snippet":"max-snippet:-1","max-image-preview":"max-image-preview:large","max-video-preview":"max-video-preview:-1"},"canonical":"https:\/\/web.umons.ac.be\/semf\/comment-choisir-mon-manuel-de-lecture-guide-pour-analyser-les-manuels-de-lecture-de-premiere-annee-primaire-cours-preparatoire\/","og_locale":"fr_FR","og_type":"article","og_title":"Comment choisir mon manuel de lecture? Guide pour analyser les manuels de lecture de premi\u00e8re ann\u00e9e primaire (cours pr\u00e9paratoire). - Service \/ FPSE - Sciences de l&#039;Enseignement et de la Formation","og_description":"Comment choisir mon manuel de lecture? Guide pour analyser les manuels de lecture de premi\u00e8re ann\u00e9e primaire (cours pr\u00e9paratoire).\u00a0 WP04\/2019\u00a0&#8211; Houssin, E., &amp; Demeuse, M. (2019).\u00a0Comment choisir mon manuel dee lecture? Guide pour analyser les manuels de lecture de premi\u00e8re ann\u00e9e primairee (cours pr\u00e9paratoire).\u00a0Working Papers de l\u2019INAS, WP04\/2019, 1-46. R\u00e9sum\u00e9 Ce guide propose des pistes [&hellip;]","og_url":"https:\/\/web.umons.ac.be\/semf\/comment-choisir-mon-manuel-de-lecture-guide-pour-analyser-les-manuels-de-lecture-de-premiere-annee-primaire-cours-preparatoire\/","og_site_name":"Service \/ FPSE - Sciences de l&#039;Enseignement et de la Formation","article_modified_time":"2021-12-20T14:24:04+00:00","twitter_card":"summary_large_image","twitter_misc":{"Dur\u00e9e de lecture estim\u00e9e":"4 minutes"},"schema":{"@context":"https:\/\/schema.org","@graph":[{"@type":"WebPage","@id":"https:\/\/web.umons.ac.be\/semf\/comment-choisir-mon-manuel-de-lecture-guide-pour-analyser-les-manuels-de-lecture-de-premiere-annee-primaire-cours-preparatoire\/","url":"https:\/\/web.umons.ac.be\/semf\/comment-choisir-mon-manuel-de-lecture-guide-pour-analyser-les-manuels-de-lecture-de-premiere-annee-primaire-cours-preparatoire\/","name":"Comment choisir mon manuel de lecture? Guide pour analyser les manuels de lecture de premi\u00e8re ann\u00e9e primaire (cours pr\u00e9paratoire). - Service \/ FPSE - Sciences de l&#039;Enseignement et de la Formation","isPartOf":{"@id":"https:\/\/web.umons.ac.be\/semf\/#website"},"datePublished":"2021-12-20T14:24:03+00:00","dateModified":"2021-12-20T14:24:04+00:00","breadcrumb":{"@id":"https:\/\/web.umons.ac.be\/semf\/comment-choisir-mon-manuel-de-lecture-guide-pour-analyser-les-manuels-de-lecture-de-premiere-annee-primaire-cours-preparatoire\/#breadcrumb"},"inLanguage":"fr-FR","potentialAction":[{"@type":"ReadAction","target":["https:\/\/web.umons.ac.be\/semf\/comment-choisir-mon-manuel-de-lecture-guide-pour-analyser-les-manuels-de-lecture-de-premiere-annee-primaire-cours-preparatoire\/"]}]},{"@type":"BreadcrumbList","@id":"https:\/\/web.umons.ac.be\/semf\/comment-choisir-mon-manuel-de-lecture-guide-pour-analyser-les-manuels-de-lecture-de-premiere-annee-primaire-cours-preparatoire\/#breadcrumb","itemListElement":[{"@type":"ListItem","position":1,"name":"Home","item":"https:\/\/web.umons.ac.be\/semf\/"},{"@type":"ListItem","position":2,"name":"Comment choisir mon manuel de lecture? Guide pour analyser les manuels de lecture de premi\u00e8re ann\u00e9e primaire (cours pr\u00e9paratoire)."}]},{"@type":"WebSite","@id":"https:\/\/web.umons.ac.be\/semf\/#website","url":"https:\/\/web.umons.ac.be\/semf\/","name":"Service \/ FPSE - M\u00e9thodologie et formation","description":"","publisher":{"@id":"https:\/\/web.umons.ac.be\/semf\/#organization"},"potentialAction":[{"@type":"SearchAction","target":{"@type":"EntryPoint","urlTemplate":"https:\/\/web.umons.ac.be\/semf\/?s={search_term_string}"},"query-input":{"@type":"PropertyValueSpecification","valueRequired":true,"valueName":"search_term_string"}}],"inLanguage":"fr-FR"},{"@type":"Organization","@id":"https:\/\/web.umons.ac.be\/semf\/#organization","name":"Service \/ FPSE - M\u00e9thodologie et formation","url":"https:\/\/web.umons.ac.be\/semf\/","logo":{"@type":"ImageObject","inLanguage":"fr-FR","@id":"https:\/\/web.umons.ac.be\/semf\/#\/schema\/logo\/image\/","url":"https:\/\/web.umons.ac.be\/app\/uploads\/sites\/103\/2021\/11\/LOGOP316_Benoit-VANSCHOEBEKE.svg","contentUrl":"https:\/\/web.umons.ac.be\/app\/uploads\/sites\/103\/2021\/11\/LOGOP316_Benoit-VANSCHOEBEKE.svg","width":1,"height":1,"caption":"Service \/ FPSE - M\u00e9thodologie et formation"},"image":{"@id":"https:\/\/web.umons.ac.be\/semf\/#\/schema\/logo\/image\/"}}]}},"lang":"fr","translations":{"fr":246},"pll_sync_post":[],"_links":{"self":[{"href":"https:\/\/web.umons.ac.be\/semf\/wp-json\/wp\/v2\/pages\/246","targetHints":{"allow":["GET"]}}],"collection":[{"href":"https:\/\/web.umons.ac.be\/semf\/wp-json\/wp\/v2\/pages"}],"about":[{"href":"https:\/\/web.umons.ac.be\/semf\/wp-json\/wp\/v2\/types\/page"}],"author":[{"embeddable":true,"href":"https:\/\/web.umons.ac.be\/semf\/wp-json\/wp\/v2\/users\/121"}],"replies":[{"embeddable":true,"href":"https:\/\/web.umons.ac.be\/semf\/wp-json\/wp\/v2\/comments?post=246"}],"version-history":[{"count":1,"href":"https:\/\/web.umons.ac.be\/semf\/wp-json\/wp\/v2\/pages\/246\/revisions"}],"predecessor-version":[{"id":247,"href":"https:\/\/web.umons.ac.be\/semf\/wp-json\/wp\/v2\/pages\/246\/revisions\/247"}],"wp:attachment":[{"href":"https:\/\/web.umons.ac.be\/semf\/wp-json\/wp\/v2\/media?parent=246"}],"curies":[{"name":"wp","href":"https:\/\/api.w.org\/{rel}","templated":true}]}}