{"id":2566,"date":"2025-05-28T14:33:12","date_gmt":"2025-05-28T12:33:12","guid":{"rendered":"https:\/\/web.umons.ac.be\/semf\/?page_id=2566"},"modified":"2026-01-13T15:55:39","modified_gmt":"2026-01-13T14:55:39","slug":"analyse-et-evaluation-des-politiques-educatives","status":"publish","type":"page","link":"https:\/\/web.umons.ac.be\/semf\/analyse-et-evaluation-des-politiques-educatives\/","title":{"rendered":"ANALYSE ET EVALUATION DES POLITIQUES EDUCATIVES"},"content":{"rendered":"<p>De nombreux travaux des membres de l\u2019INAS portent sur l\u2019analyse et l\u2019\u00e9valuation des politiques \u00e9ducatives, en particulier le financement des politiques d\u2019\u00e9ducation prioritaire et de gestion de l\u2019h\u00e9t\u00e9rog\u00e9n\u00e9it\u00e9 des publics scolaires, dans un syst\u00e8me bas\u00e9 sur la libert\u00e9 d\u2019enseignement et les quasi-march\u00e9s scolaires.<\/p>\n<ul>\n<li><a href=\"https:\/\/orbi.umons.ac.be\/reports?action=1&amp;field_1=subject&amp;value_1_authority=&amp;value_1=politiques+%C3%A9ducatives&amp;conjunction_2=AND&amp;field_2=researchunit&amp;value_2_authority=ORG_1172&amp;value_2=P316+-+M%C3%A9thodologie+et+formation&amp;conjunction_3=OR&amp;field_3=search_text&amp;value_3_authority=&amp;value_3=&amp;year_start=&amp;year_end=&amp;references=&amp;model=list&amp;format=apa&amp;abstract_length=&amp;sort_1=issued_dt%3Adesc&amp;sort_2=author_sort%3Aasc&amp;sort_3=title_sort%3Aasc&amp;output=html&amp;lang_report=fr&amp;title=ANALYSE+ET+EVALUATION+DES+POLITIQUES+EDUCATIVES\" target=\"_blank\" rel=\"noopener\"><strong>Bibliographie<\/strong><\/a><\/li>\n<li><a href=\"https:\/\/youtube.com\/playlist?list=PLxXEiNYFnzZZRivUT5eceXq5UKc1LZ434&amp;si=zJJkhMpe3NfuMCru\" target=\"_blank\" rel=\"noopener\"><strong>C@f\u00e9s de l\u2019INAS<\/strong><\/a><\/li>\n<li><a href=\"https:\/\/open.spotify.com\/playlist\/6YH8hswsRHaBwIp3kCcre9?si=vkENFNvQRamfWhk5BhB5vA\" target=\"_blank\" rel=\"noopener\"><strong>Podcasts<\/strong><\/a><\/li>\n<li><strong>Liens utiles<\/strong><\/li>\n<\/ul>\n","protected":false},"excerpt":{"rendered":"<p>De nombreux travaux des membres de l\u2019INAS portent sur l\u2019analyse et l\u2019\u00e9valuation des politiques \u00e9ducatives, en particulier le financement des politiques d\u2019\u00e9ducation prioritaire et de gestion de l\u2019h\u00e9t\u00e9rog\u00e9n\u00e9it\u00e9 des publics scolaires, dans un syst\u00e8me bas\u00e9 sur la libert\u00e9 d\u2019enseignement et les quasi-march\u00e9s scolaires. Bibliographie C@f\u00e9s de l\u2019INAS Podcasts Liens utiles<\/p>\n","protected":false},"author":121,"featured_media":0,"parent":0,"menu_order":0,"comment_status":"closed","ping_status":"closed","template":"","meta":{"footnotes":""},"class_list":["post-2566","page","type-page","status-publish","hentry"],"yoast_head":"<!-- This site is optimized with the Yoast SEO plugin v27.2 - https:\/\/yoast.com\/product\/yoast-seo-wordpress\/ -->\n<title>ANALYSE ET EVALUATION DES POLITIQUES EDUCATIVES - Service \/ FPSE - Sciences de l&#039;Enseignement et de la Formation<\/title>\n<meta name=\"robots\" content=\"index, follow, max-snippet:-1, max-image-preview:large, max-video-preview:-1\" \/>\n<link rel=\"canonical\" href=\"https:\/\/web.umons.ac.be\/semf\/analyse-et-evaluation-des-politiques-educatives\/\" \/>\n<meta property=\"og:locale\" content=\"fr_FR\" \/>\n<meta property=\"og:type\" content=\"article\" \/>\n<meta property=\"og:title\" content=\"ANALYSE ET EVALUATION DES POLITIQUES EDUCATIVES - Service \/ FPSE - Sciences de l&#039;Enseignement et de la Formation\" \/>\n<meta property=\"og:description\" content=\"De nombreux travaux des membres de l\u2019INAS portent sur l\u2019analyse et l\u2019\u00e9valuation des politiques \u00e9ducatives, en particulier le financement des politiques d\u2019\u00e9ducation prioritaire et de gestion de l\u2019h\u00e9t\u00e9rog\u00e9n\u00e9it\u00e9 des publics scolaires, dans un syst\u00e8me bas\u00e9 sur la libert\u00e9 d\u2019enseignement et les quasi-march\u00e9s scolaires. Bibliographie C@f\u00e9s de l\u2019INAS Podcasts Liens utiles\" \/>\n<meta property=\"og:url\" content=\"https:\/\/web.umons.ac.be\/semf\/analyse-et-evaluation-des-politiques-educatives\/\" \/>\n<meta property=\"og:site_name\" content=\"Service \/ FPSE - Sciences de l&#039;Enseignement et de la Formation\" \/>\n<meta property=\"article:modified_time\" content=\"2026-01-13T14:55:39+00:00\" \/>\n<meta name=\"twitter:card\" content=\"summary_large_image\" \/>\n<meta name=\"twitter:label1\" content=\"Dur\u00e9e de lecture estim\u00e9e\" \/>\n\t<meta name=\"twitter:data1\" content=\"1 minute\" \/>\n<script type=\"application\/ld+json\" class=\"yoast-schema-graph\">{\"@context\":\"https:\/\/schema.org\",\"@graph\":[{\"@type\":\"WebPage\",\"@id\":\"https:\/\/web.umons.ac.be\/semf\/analyse-et-evaluation-des-politiques-educatives\/\",\"url\":\"https:\/\/web.umons.ac.be\/semf\/analyse-et-evaluation-des-politiques-educatives\/\",\"name\":\"ANALYSE ET EVALUATION DES POLITIQUES EDUCATIVES - Service \/ FPSE - Sciences de l&#039;Enseignement et de la Formation\",\"isPartOf\":{\"@id\":\"https:\/\/web.umons.ac.be\/semf\/#website\"},\"datePublished\":\"2025-05-28T12:33:12+00:00\",\"dateModified\":\"2026-01-13T14:55:39+00:00\",\"breadcrumb\":{\"@id\":\"https:\/\/web.umons.ac.be\/semf\/analyse-et-evaluation-des-politiques-educatives\/#breadcrumb\"},\"inLanguage\":\"fr-FR\",\"potentialAction\":[{\"@type\":\"ReadAction\",\"target\":[\"https:\/\/web.umons.ac.be\/semf\/analyse-et-evaluation-des-politiques-educatives\/\"]}]},{\"@type\":\"BreadcrumbList\",\"@id\":\"https:\/\/web.umons.ac.be\/semf\/analyse-et-evaluation-des-politiques-educatives\/#breadcrumb\",\"itemListElement\":[{\"@type\":\"ListItem\",\"position\":1,\"name\":\"Home\",\"item\":\"https:\/\/web.umons.ac.be\/semf\/\"},{\"@type\":\"ListItem\",\"position\":2,\"name\":\"ANALYSE ET EVALUATION DES POLITIQUES EDUCATIVES\"}]},{\"@type\":\"WebSite\",\"@id\":\"https:\/\/web.umons.ac.be\/semf\/#website\",\"url\":\"https:\/\/web.umons.ac.be\/semf\/\",\"name\":\"Service \/ FPSE - M\u00e9thodologie et formation\",\"description\":\"\",\"publisher\":{\"@id\":\"https:\/\/web.umons.ac.be\/semf\/#organization\"},\"potentialAction\":[{\"@type\":\"SearchAction\",\"target\":{\"@type\":\"EntryPoint\",\"urlTemplate\":\"https:\/\/web.umons.ac.be\/semf\/?s={search_term_string}\"},\"query-input\":{\"@type\":\"PropertyValueSpecification\",\"valueRequired\":true,\"valueName\":\"search_term_string\"}}],\"inLanguage\":\"fr-FR\"},{\"@type\":\"Organization\",\"@id\":\"https:\/\/web.umons.ac.be\/semf\/#organization\",\"name\":\"Service \/ FPSE - M\u00e9thodologie et formation\",\"url\":\"https:\/\/web.umons.ac.be\/semf\/\",\"logo\":{\"@type\":\"ImageObject\",\"inLanguage\":\"fr-FR\",\"@id\":\"https:\/\/web.umons.ac.be\/semf\/#\/schema\/logo\/image\/\",\"url\":\"https:\/\/web.umons.ac.be\/app\/uploads\/sites\/103\/2021\/11\/LOGOP316_Benoit-VANSCHOEBEKE.svg\",\"contentUrl\":\"https:\/\/web.umons.ac.be\/app\/uploads\/sites\/103\/2021\/11\/LOGOP316_Benoit-VANSCHOEBEKE.svg\",\"width\":1,\"height\":1,\"caption\":\"Service \/ FPSE - M\u00e9thodologie et formation\"},\"image\":{\"@id\":\"https:\/\/web.umons.ac.be\/semf\/#\/schema\/logo\/image\/\"}}]}<\/script>\n<!-- \/ Yoast SEO plugin. -->","yoast_head_json":{"title":"ANALYSE ET EVALUATION DES POLITIQUES EDUCATIVES - Service \/ FPSE - Sciences de l&#039;Enseignement et de la Formation","robots":{"index":"index","follow":"follow","max-snippet":"max-snippet:-1","max-image-preview":"max-image-preview:large","max-video-preview":"max-video-preview:-1"},"canonical":"https:\/\/web.umons.ac.be\/semf\/analyse-et-evaluation-des-politiques-educatives\/","og_locale":"fr_FR","og_type":"article","og_title":"ANALYSE ET EVALUATION DES POLITIQUES EDUCATIVES - Service \/ FPSE - Sciences de l&#039;Enseignement et de la Formation","og_description":"De nombreux travaux des membres de l\u2019INAS portent sur l\u2019analyse et l\u2019\u00e9valuation des politiques \u00e9ducatives, en particulier le financement des politiques d\u2019\u00e9ducation prioritaire et de gestion de l\u2019h\u00e9t\u00e9rog\u00e9n\u00e9it\u00e9 des publics scolaires, dans un syst\u00e8me bas\u00e9 sur la libert\u00e9 d\u2019enseignement et les quasi-march\u00e9s scolaires. Bibliographie C@f\u00e9s de l\u2019INAS Podcasts Liens utiles","og_url":"https:\/\/web.umons.ac.be\/semf\/analyse-et-evaluation-des-politiques-educatives\/","og_site_name":"Service \/ FPSE - Sciences de l&#039;Enseignement et de la Formation","article_modified_time":"2026-01-13T14:55:39+00:00","twitter_card":"summary_large_image","twitter_misc":{"Dur\u00e9e de lecture estim\u00e9e":"1 minute"},"schema":{"@context":"https:\/\/schema.org","@graph":[{"@type":"WebPage","@id":"https:\/\/web.umons.ac.be\/semf\/analyse-et-evaluation-des-politiques-educatives\/","url":"https:\/\/web.umons.ac.be\/semf\/analyse-et-evaluation-des-politiques-educatives\/","name":"ANALYSE ET EVALUATION DES POLITIQUES EDUCATIVES - Service \/ FPSE - Sciences de l&#039;Enseignement et de la Formation","isPartOf":{"@id":"https:\/\/web.umons.ac.be\/semf\/#website"},"datePublished":"2025-05-28T12:33:12+00:00","dateModified":"2026-01-13T14:55:39+00:00","breadcrumb":{"@id":"https:\/\/web.umons.ac.be\/semf\/analyse-et-evaluation-des-politiques-educatives\/#breadcrumb"},"inLanguage":"fr-FR","potentialAction":[{"@type":"ReadAction","target":["https:\/\/web.umons.ac.be\/semf\/analyse-et-evaluation-des-politiques-educatives\/"]}]},{"@type":"BreadcrumbList","@id":"https:\/\/web.umons.ac.be\/semf\/analyse-et-evaluation-des-politiques-educatives\/#breadcrumb","itemListElement":[{"@type":"ListItem","position":1,"name":"Home","item":"https:\/\/web.umons.ac.be\/semf\/"},{"@type":"ListItem","position":2,"name":"ANALYSE ET EVALUATION DES POLITIQUES EDUCATIVES"}]},{"@type":"WebSite","@id":"https:\/\/web.umons.ac.be\/semf\/#website","url":"https:\/\/web.umons.ac.be\/semf\/","name":"Service \/ FPSE - M\u00e9thodologie et formation","description":"","publisher":{"@id":"https:\/\/web.umons.ac.be\/semf\/#organization"},"potentialAction":[{"@type":"SearchAction","target":{"@type":"EntryPoint","urlTemplate":"https:\/\/web.umons.ac.be\/semf\/?s={search_term_string}"},"query-input":{"@type":"PropertyValueSpecification","valueRequired":true,"valueName":"search_term_string"}}],"inLanguage":"fr-FR"},{"@type":"Organization","@id":"https:\/\/web.umons.ac.be\/semf\/#organization","name":"Service \/ FPSE - M\u00e9thodologie et formation","url":"https:\/\/web.umons.ac.be\/semf\/","logo":{"@type":"ImageObject","inLanguage":"fr-FR","@id":"https:\/\/web.umons.ac.be\/semf\/#\/schema\/logo\/image\/","url":"https:\/\/web.umons.ac.be\/app\/uploads\/sites\/103\/2021\/11\/LOGOP316_Benoit-VANSCHOEBEKE.svg","contentUrl":"https:\/\/web.umons.ac.be\/app\/uploads\/sites\/103\/2021\/11\/LOGOP316_Benoit-VANSCHOEBEKE.svg","width":1,"height":1,"caption":"Service \/ FPSE - M\u00e9thodologie et formation"},"image":{"@id":"https:\/\/web.umons.ac.be\/semf\/#\/schema\/logo\/image\/"}}]}},"lang":"fr","translations":{"fr":2566},"pll_sync_post":[],"_links":{"self":[{"href":"https:\/\/web.umons.ac.be\/semf\/wp-json\/wp\/v2\/pages\/2566","targetHints":{"allow":["GET"]}}],"collection":[{"href":"https:\/\/web.umons.ac.be\/semf\/wp-json\/wp\/v2\/pages"}],"about":[{"href":"https:\/\/web.umons.ac.be\/semf\/wp-json\/wp\/v2\/types\/page"}],"author":[{"embeddable":true,"href":"https:\/\/web.umons.ac.be\/semf\/wp-json\/wp\/v2\/users\/121"}],"replies":[{"embeddable":true,"href":"https:\/\/web.umons.ac.be\/semf\/wp-json\/wp\/v2\/comments?post=2566"}],"version-history":[{"count":2,"href":"https:\/\/web.umons.ac.be\/semf\/wp-json\/wp\/v2\/pages\/2566\/revisions"}],"predecessor-version":[{"id":2979,"href":"https:\/\/web.umons.ac.be\/semf\/wp-json\/wp\/v2\/pages\/2566\/revisions\/2979"}],"wp:attachment":[{"href":"https:\/\/web.umons.ac.be\/semf\/wp-json\/wp\/v2\/media?parent=2566"}],"curies":[{"name":"wp","href":"https:\/\/api.w.org\/{rel}","templated":true}]}}