{"id":2570,"date":"2025-05-28T14:34:31","date_gmt":"2025-05-28T12:34:31","guid":{"rendered":"https:\/\/web.umons.ac.be\/semf\/?page_id=2570"},"modified":"2026-01-13T16:00:35","modified_gmt":"2026-01-13T15:00:35","slug":"pilotage-des-systemes-educatifs","status":"publish","type":"page","link":"https:\/\/web.umons.ac.be\/semf\/pilotage-des-systemes-educatifs\/","title":{"rendered":"PILOTAGE DES SYSTEMES EDUCATIFS"},"content":{"rendered":"<p>Depuis 2000 et un travail de mod\u00e9lisation men\u00e9 par Ariane Baye (ULi\u00e8ge) et Marc Demeuse, des recherches de l\u2019INAS portent sur la mani\u00e8re dont les syst\u00e8mes \u00e9ducatifs non seulement sont administr\u00e9s mais surtout, pilot\u00e9s. Derri\u00e8re l\u2019id\u00e9e de pilotage, il s\u2019agit de maintenir le syst\u00e8me \u00e9ducatif et ses diff\u00e9rentes composantes, en \u00e9quilibre, et de lui permettre d\u2019atteindre ses objectifs. Ces travaux ont pr\u00e9figur\u00e9s les plans de pilotage et les m\u00e9canismes \u00e0 l\u2019\u0153uvre \u00e0 travers le <em>Pacte pour un enseignement d\u2019excellence<\/em> qui se met en place tr\u00e8s progressivement depuis 2015.<\/p>\n<ul>\n<li><a href=\"https:\/\/orbi.umons.ac.be\/reports?action=1&amp;conjunction_1=AND&amp;field_1=subject&amp;value_1_authority=&amp;value_1=Pilotage&amp;conjunction_2=OR&amp;field_2=subject&amp;value_2_authority=&amp;value_2=syst%C3%A8me+%C3%A9ducatif&amp;conjunction_3=OR&amp;field_3=search_text&amp;value_3_authority=&amp;value_3=qualit%C3%A9&amp;conjunction_4=AND&amp;field_4=researchunit&amp;value_4_authority=ORG_1172&amp;value_4=P316+-+M%C3%A9thodologie+et+formation&amp;year_start=&amp;year_end=&amp;references=&amp;model=list&amp;format=apa&amp;abstract_length=&amp;sort_1=issued_dt%3Adesc&amp;sort_2=author_sort%3Aasc&amp;sort_3=title_sort%3Aasc&amp;output=html&amp;lang_report=fr&amp;title=PILOTAGE+DES+SYSTEMES+EDUCATIFS\" target=\"_blank\" rel=\"noopener\"><strong>Bibliographie<\/strong><\/a><\/li>\n<li><a href=\"https:\/\/youtube.com\/playlist?list=PLxXEiNYFnzZbDFv-4IL-TnDdlva4CeDfm&amp;si=otOUodine74NIyVS\" target=\"_blank\" rel=\"noopener\"><strong>C@f\u00e9s de l\u2019INAS<\/strong><\/a><\/li>\n<li><a href=\"https:\/\/open.spotify.com\/playlist\/2l2pjrk4fSOdSwu9To2isR?si=sM3AGbrxTjKyAIiysTw1Ag\" target=\"_blank\" rel=\"noopener\"><strong>Podcasts<\/strong><\/a><\/li>\n<\/ul>\n","protected":false},"excerpt":{"rendered":"<p>Depuis 2000 et un travail de mod\u00e9lisation men\u00e9 par Ariane Baye (ULi\u00e8ge) et Marc Demeuse, des recherches de l\u2019INAS portent sur la mani\u00e8re dont les syst\u00e8mes \u00e9ducatifs non seulement sont administr\u00e9s mais surtout, pilot\u00e9s. Derri\u00e8re l\u2019id\u00e9e de pilotage, il s\u2019agit de maintenir le syst\u00e8me \u00e9ducatif et ses diff\u00e9rentes composantes, en \u00e9quilibre, et de lui permettre [&hellip;]<\/p>\n","protected":false},"author":121,"featured_media":0,"parent":0,"menu_order":0,"comment_status":"closed","ping_status":"closed","template":"","meta":{"footnotes":""},"class_list":["post-2570","page","type-page","status-publish","hentry"],"yoast_head":"<!-- This site is optimized with the Yoast SEO plugin v27.2 - https:\/\/yoast.com\/product\/yoast-seo-wordpress\/ -->\n<title>PILOTAGE DES SYSTEMES EDUCATIFS - Service \/ FPSE - Sciences de l&#039;Enseignement et de la Formation<\/title>\n<meta name=\"robots\" content=\"index, follow, max-snippet:-1, max-image-preview:large, max-video-preview:-1\" \/>\n<link rel=\"canonical\" href=\"https:\/\/web.umons.ac.be\/semf\/pilotage-des-systemes-educatifs\/\" \/>\n<meta property=\"og:locale\" content=\"fr_FR\" \/>\n<meta property=\"og:type\" content=\"article\" \/>\n<meta property=\"og:title\" content=\"PILOTAGE DES SYSTEMES EDUCATIFS - Service \/ FPSE - Sciences de l&#039;Enseignement et de la Formation\" \/>\n<meta property=\"og:description\" content=\"Depuis 2000 et un travail de mod\u00e9lisation men\u00e9 par Ariane Baye (ULi\u00e8ge) et Marc Demeuse, des recherches de l\u2019INAS portent sur la mani\u00e8re dont les syst\u00e8mes \u00e9ducatifs non seulement sont administr\u00e9s mais surtout, pilot\u00e9s. Derri\u00e8re l\u2019id\u00e9e de pilotage, il s\u2019agit de maintenir le syst\u00e8me \u00e9ducatif et ses diff\u00e9rentes composantes, en \u00e9quilibre, et de lui permettre [&hellip;]\" \/>\n<meta property=\"og:url\" content=\"https:\/\/web.umons.ac.be\/semf\/pilotage-des-systemes-educatifs\/\" \/>\n<meta property=\"og:site_name\" content=\"Service \/ FPSE - Sciences de l&#039;Enseignement et de la Formation\" \/>\n<meta property=\"article:modified_time\" content=\"2026-01-13T15:00:35+00:00\" \/>\n<meta name=\"twitter:card\" content=\"summary_large_image\" \/>\n<meta name=\"twitter:label1\" content=\"Dur\u00e9e de lecture estim\u00e9e\" \/>\n\t<meta name=\"twitter:data1\" content=\"1 minute\" \/>\n<script type=\"application\/ld+json\" class=\"yoast-schema-graph\">{\"@context\":\"https:\/\/schema.org\",\"@graph\":[{\"@type\":\"WebPage\",\"@id\":\"https:\/\/web.umons.ac.be\/semf\/pilotage-des-systemes-educatifs\/\",\"url\":\"https:\/\/web.umons.ac.be\/semf\/pilotage-des-systemes-educatifs\/\",\"name\":\"PILOTAGE DES SYSTEMES EDUCATIFS - Service \/ FPSE - Sciences de l&#039;Enseignement et de la Formation\",\"isPartOf\":{\"@id\":\"https:\/\/web.umons.ac.be\/semf\/#website\"},\"datePublished\":\"2025-05-28T12:34:31+00:00\",\"dateModified\":\"2026-01-13T15:00:35+00:00\",\"breadcrumb\":{\"@id\":\"https:\/\/web.umons.ac.be\/semf\/pilotage-des-systemes-educatifs\/#breadcrumb\"},\"inLanguage\":\"fr-FR\",\"potentialAction\":[{\"@type\":\"ReadAction\",\"target\":[\"https:\/\/web.umons.ac.be\/semf\/pilotage-des-systemes-educatifs\/\"]}]},{\"@type\":\"BreadcrumbList\",\"@id\":\"https:\/\/web.umons.ac.be\/semf\/pilotage-des-systemes-educatifs\/#breadcrumb\",\"itemListElement\":[{\"@type\":\"ListItem\",\"position\":1,\"name\":\"Home\",\"item\":\"https:\/\/web.umons.ac.be\/semf\/\"},{\"@type\":\"ListItem\",\"position\":2,\"name\":\"PILOTAGE DES SYSTEMES EDUCATIFS\"}]},{\"@type\":\"WebSite\",\"@id\":\"https:\/\/web.umons.ac.be\/semf\/#website\",\"url\":\"https:\/\/web.umons.ac.be\/semf\/\",\"name\":\"Service \/ FPSE - M\u00e9thodologie et formation\",\"description\":\"\",\"publisher\":{\"@id\":\"https:\/\/web.umons.ac.be\/semf\/#organization\"},\"potentialAction\":[{\"@type\":\"SearchAction\",\"target\":{\"@type\":\"EntryPoint\",\"urlTemplate\":\"https:\/\/web.umons.ac.be\/semf\/?s={search_term_string}\"},\"query-input\":{\"@type\":\"PropertyValueSpecification\",\"valueRequired\":true,\"valueName\":\"search_term_string\"}}],\"inLanguage\":\"fr-FR\"},{\"@type\":\"Organization\",\"@id\":\"https:\/\/web.umons.ac.be\/semf\/#organization\",\"name\":\"Service \/ FPSE - M\u00e9thodologie et formation\",\"url\":\"https:\/\/web.umons.ac.be\/semf\/\",\"logo\":{\"@type\":\"ImageObject\",\"inLanguage\":\"fr-FR\",\"@id\":\"https:\/\/web.umons.ac.be\/semf\/#\/schema\/logo\/image\/\",\"url\":\"https:\/\/web.umons.ac.be\/app\/uploads\/sites\/103\/2021\/11\/LOGOP316_Benoit-VANSCHOEBEKE.svg\",\"contentUrl\":\"https:\/\/web.umons.ac.be\/app\/uploads\/sites\/103\/2021\/11\/LOGOP316_Benoit-VANSCHOEBEKE.svg\",\"width\":1,\"height\":1,\"caption\":\"Service \/ FPSE - M\u00e9thodologie et formation\"},\"image\":{\"@id\":\"https:\/\/web.umons.ac.be\/semf\/#\/schema\/logo\/image\/\"}}]}<\/script>\n<!-- \/ Yoast SEO plugin. -->","yoast_head_json":{"title":"PILOTAGE DES SYSTEMES EDUCATIFS - Service \/ FPSE - Sciences de l&#039;Enseignement et de la Formation","robots":{"index":"index","follow":"follow","max-snippet":"max-snippet:-1","max-image-preview":"max-image-preview:large","max-video-preview":"max-video-preview:-1"},"canonical":"https:\/\/web.umons.ac.be\/semf\/pilotage-des-systemes-educatifs\/","og_locale":"fr_FR","og_type":"article","og_title":"PILOTAGE DES SYSTEMES EDUCATIFS - Service \/ FPSE - Sciences de l&#039;Enseignement et de la Formation","og_description":"Depuis 2000 et un travail de mod\u00e9lisation men\u00e9 par Ariane Baye (ULi\u00e8ge) et Marc Demeuse, des recherches de l\u2019INAS portent sur la mani\u00e8re dont les syst\u00e8mes \u00e9ducatifs non seulement sont administr\u00e9s mais surtout, pilot\u00e9s. Derri\u00e8re l\u2019id\u00e9e de pilotage, il s\u2019agit de maintenir le syst\u00e8me \u00e9ducatif et ses diff\u00e9rentes composantes, en \u00e9quilibre, et de lui permettre [&hellip;]","og_url":"https:\/\/web.umons.ac.be\/semf\/pilotage-des-systemes-educatifs\/","og_site_name":"Service \/ FPSE - Sciences de l&#039;Enseignement et de la Formation","article_modified_time":"2026-01-13T15:00:35+00:00","twitter_card":"summary_large_image","twitter_misc":{"Dur\u00e9e de lecture estim\u00e9e":"1 minute"},"schema":{"@context":"https:\/\/schema.org","@graph":[{"@type":"WebPage","@id":"https:\/\/web.umons.ac.be\/semf\/pilotage-des-systemes-educatifs\/","url":"https:\/\/web.umons.ac.be\/semf\/pilotage-des-systemes-educatifs\/","name":"PILOTAGE DES SYSTEMES EDUCATIFS - Service \/ FPSE - Sciences de l&#039;Enseignement et de la Formation","isPartOf":{"@id":"https:\/\/web.umons.ac.be\/semf\/#website"},"datePublished":"2025-05-28T12:34:31+00:00","dateModified":"2026-01-13T15:00:35+00:00","breadcrumb":{"@id":"https:\/\/web.umons.ac.be\/semf\/pilotage-des-systemes-educatifs\/#breadcrumb"},"inLanguage":"fr-FR","potentialAction":[{"@type":"ReadAction","target":["https:\/\/web.umons.ac.be\/semf\/pilotage-des-systemes-educatifs\/"]}]},{"@type":"BreadcrumbList","@id":"https:\/\/web.umons.ac.be\/semf\/pilotage-des-systemes-educatifs\/#breadcrumb","itemListElement":[{"@type":"ListItem","position":1,"name":"Home","item":"https:\/\/web.umons.ac.be\/semf\/"},{"@type":"ListItem","position":2,"name":"PILOTAGE DES SYSTEMES EDUCATIFS"}]},{"@type":"WebSite","@id":"https:\/\/web.umons.ac.be\/semf\/#website","url":"https:\/\/web.umons.ac.be\/semf\/","name":"Service \/ FPSE - M\u00e9thodologie et formation","description":"","publisher":{"@id":"https:\/\/web.umons.ac.be\/semf\/#organization"},"potentialAction":[{"@type":"SearchAction","target":{"@type":"EntryPoint","urlTemplate":"https:\/\/web.umons.ac.be\/semf\/?s={search_term_string}"},"query-input":{"@type":"PropertyValueSpecification","valueRequired":true,"valueName":"search_term_string"}}],"inLanguage":"fr-FR"},{"@type":"Organization","@id":"https:\/\/web.umons.ac.be\/semf\/#organization","name":"Service \/ FPSE - M\u00e9thodologie et formation","url":"https:\/\/web.umons.ac.be\/semf\/","logo":{"@type":"ImageObject","inLanguage":"fr-FR","@id":"https:\/\/web.umons.ac.be\/semf\/#\/schema\/logo\/image\/","url":"https:\/\/web.umons.ac.be\/app\/uploads\/sites\/103\/2021\/11\/LOGOP316_Benoit-VANSCHOEBEKE.svg","contentUrl":"https:\/\/web.umons.ac.be\/app\/uploads\/sites\/103\/2021\/11\/LOGOP316_Benoit-VANSCHOEBEKE.svg","width":1,"height":1,"caption":"Service \/ FPSE - M\u00e9thodologie et formation"},"image":{"@id":"https:\/\/web.umons.ac.be\/semf\/#\/schema\/logo\/image\/"}}]}},"lang":"fr","translations":{"fr":2570},"pll_sync_post":[],"_links":{"self":[{"href":"https:\/\/web.umons.ac.be\/semf\/wp-json\/wp\/v2\/pages\/2570","targetHints":{"allow":["GET"]}}],"collection":[{"href":"https:\/\/web.umons.ac.be\/semf\/wp-json\/wp\/v2\/pages"}],"about":[{"href":"https:\/\/web.umons.ac.be\/semf\/wp-json\/wp\/v2\/types\/page"}],"author":[{"embeddable":true,"href":"https:\/\/web.umons.ac.be\/semf\/wp-json\/wp\/v2\/users\/121"}],"replies":[{"embeddable":true,"href":"https:\/\/web.umons.ac.be\/semf\/wp-json\/wp\/v2\/comments?post=2570"}],"version-history":[{"count":2,"href":"https:\/\/web.umons.ac.be\/semf\/wp-json\/wp\/v2\/pages\/2570\/revisions"}],"predecessor-version":[{"id":2980,"href":"https:\/\/web.umons.ac.be\/semf\/wp-json\/wp\/v2\/pages\/2570\/revisions\/2980"}],"wp:attachment":[{"href":"https:\/\/web.umons.ac.be\/semf\/wp-json\/wp\/v2\/media?parent=2570"}],"curies":[{"name":"wp","href":"https:\/\/api.w.org\/{rel}","templated":true}]}}