{"id":2586,"date":"2025-05-28T15:19:57","date_gmt":"2025-05-28T13:19:57","guid":{"rendered":"https:\/\/web.umons.ac.be\/semf\/?page_id=2586"},"modified":"2026-01-15T18:06:10","modified_gmt":"2026-01-15T17:06:10","slug":"ecole-cinema-et-popculture","status":"publish","type":"page","link":"https:\/\/web.umons.ac.be\/semf\/ecole-cinema-et-popculture\/","title":{"rendered":"ECOLE, CINEMA ET (POP)CULTURE"},"content":{"rendered":"<p>C\u2019est tr\u00e8s progressivement que des membres de l\u2019INAS se sont int\u00e9ress\u00e9s \u00e0 la mani\u00e8re dont l\u2019\u00e9cole, au sens large, est d\u00e9crite dans le cin\u00e9ma, puis dans tous les autres m\u00e9dia culturels, en particulier \u00e0 travers la pop culture. Ces travaux se sont notamment mat\u00e9rialis\u00e9s dans deux volumes collectifs publi\u00e9s en 2020 et 2022.<\/p>\n<ul>\n<li><a href=\"https:\/\/youtube.com\/playlist?list=PLxXEiNYFnzZZIJ81ydWEy_SNCxalCDQ0k&amp;si=5EWv6anOVVVXZQnD\" target=\"_blank\" rel=\"noopener\"><strong>Ressources vid\u00e9o<\/strong><\/a><\/li>\n<li><a href=\"https:\/\/open.spotify.com\/episode\/1STTOea8lDDRnkOx2f4vrC?si=uKJIWuUoT-aq8SGMgTteEQ\" target=\"_blank\" rel=\"noopener\"><strong>Podcasts<\/strong><\/a><\/li>\n<li><strong>Liens utiles :<\/strong>\n<ul>\n<li><strong>Livre : <a href=\"https:\/\/www.editionsmardaga.com\/products\/lcole-travers-lart-et-la-popculture\" target=\"_blank\" rel=\"noopener\">L\u2019\u00c9cole \u00e0 travers l\u2019art et la (pop)culture, <\/a><\/strong><a href=\"https:\/\/web.umons.ac.be\/semf\/wp-includes\/js\/tinymce\/Service \/ FPSE - M\u00e9thodologie et formation\/_wp_link_placeholder\"><em>De la photo de classe au manga<\/em><\/a><\/li>\n<li><strong>Livre :<\/strong> <a href=\"https:\/\/www.editionsmardaga.com\/products\/lecole-a-travers-cinema?_pos=1&amp;_sid=e37fd6b9f&amp;_ss=r\" target=\"_blank\" rel=\"noopener\">L&rsquo;\u00e9cole \u00e0 travers le cin\u00e9ma, Ce que les films nous disent sur le syst\u00e8me \u00e9ducatif<\/a><\/li>\n<\/ul>\n<\/li>\n<\/ul>\n","protected":false},"excerpt":{"rendered":"<p>C\u2019est tr\u00e8s progressivement que des membres de l\u2019INAS se sont int\u00e9ress\u00e9s \u00e0 la mani\u00e8re dont l\u2019\u00e9cole, au sens large, est d\u00e9crite dans le cin\u00e9ma, puis dans tous les autres m\u00e9dia culturels, en particulier \u00e0 travers la pop culture. Ces travaux se sont notamment mat\u00e9rialis\u00e9s dans deux volumes collectifs publi\u00e9s en 2020 et 2022. Ressources vid\u00e9o [&hellip;]<\/p>\n","protected":false},"author":121,"featured_media":0,"parent":0,"menu_order":0,"comment_status":"closed","ping_status":"closed","template":"","meta":{"footnotes":""},"class_list":["post-2586","page","type-page","status-publish","hentry"],"yoast_head":"<!-- This site is optimized with the Yoast SEO plugin v27.2 - https:\/\/yoast.com\/product\/yoast-seo-wordpress\/ -->\n<title>ECOLE, CINEMA ET (POP)CULTURE - Service \/ FPSE - Sciences de l&#039;Enseignement et de la Formation<\/title>\n<meta name=\"robots\" content=\"index, follow, max-snippet:-1, max-image-preview:large, max-video-preview:-1\" \/>\n<link rel=\"canonical\" href=\"https:\/\/web.umons.ac.be\/semf\/ecole-cinema-et-popculture\/\" \/>\n<meta property=\"og:locale\" content=\"fr_FR\" \/>\n<meta property=\"og:type\" content=\"article\" \/>\n<meta property=\"og:title\" content=\"ECOLE, CINEMA ET (POP)CULTURE - Service \/ FPSE - Sciences de l&#039;Enseignement et de la Formation\" \/>\n<meta property=\"og:description\" content=\"C\u2019est tr\u00e8s progressivement que des membres de l\u2019INAS se sont int\u00e9ress\u00e9s \u00e0 la mani\u00e8re dont l\u2019\u00e9cole, au sens large, est d\u00e9crite dans le cin\u00e9ma, puis dans tous les autres m\u00e9dia culturels, en particulier \u00e0 travers la pop culture. Ces travaux se sont notamment mat\u00e9rialis\u00e9s dans deux volumes collectifs publi\u00e9s en 2020 et 2022. Ressources vid\u00e9o [&hellip;]\" \/>\n<meta property=\"og:url\" content=\"https:\/\/web.umons.ac.be\/semf\/ecole-cinema-et-popculture\/\" \/>\n<meta property=\"og:site_name\" content=\"Service \/ FPSE - Sciences de l&#039;Enseignement et de la Formation\" \/>\n<meta property=\"article:modified_time\" content=\"2026-01-15T17:06:10+00:00\" \/>\n<meta name=\"twitter:card\" content=\"summary_large_image\" \/>\n<meta name=\"twitter:label1\" content=\"Dur\u00e9e de lecture estim\u00e9e\" \/>\n\t<meta name=\"twitter:data1\" content=\"1 minute\" \/>\n<script type=\"application\/ld+json\" class=\"yoast-schema-graph\">{\"@context\":\"https:\/\/schema.org\",\"@graph\":[{\"@type\":\"WebPage\",\"@id\":\"https:\/\/web.umons.ac.be\/semf\/ecole-cinema-et-popculture\/\",\"url\":\"https:\/\/web.umons.ac.be\/semf\/ecole-cinema-et-popculture\/\",\"name\":\"ECOLE, CINEMA ET (POP)CULTURE - Service \/ FPSE - Sciences de l&#039;Enseignement et de la Formation\",\"isPartOf\":{\"@id\":\"https:\/\/web.umons.ac.be\/semf\/#website\"},\"datePublished\":\"2025-05-28T13:19:57+00:00\",\"dateModified\":\"2026-01-15T17:06:10+00:00\",\"breadcrumb\":{\"@id\":\"https:\/\/web.umons.ac.be\/semf\/ecole-cinema-et-popculture\/#breadcrumb\"},\"inLanguage\":\"fr-FR\",\"potentialAction\":[{\"@type\":\"ReadAction\",\"target\":[\"https:\/\/web.umons.ac.be\/semf\/ecole-cinema-et-popculture\/\"]}]},{\"@type\":\"BreadcrumbList\",\"@id\":\"https:\/\/web.umons.ac.be\/semf\/ecole-cinema-et-popculture\/#breadcrumb\",\"itemListElement\":[{\"@type\":\"ListItem\",\"position\":1,\"name\":\"Home\",\"item\":\"https:\/\/web.umons.ac.be\/semf\/\"},{\"@type\":\"ListItem\",\"position\":2,\"name\":\"ECOLE, CINEMA ET (POP)CULTURE\"}]},{\"@type\":\"WebSite\",\"@id\":\"https:\/\/web.umons.ac.be\/semf\/#website\",\"url\":\"https:\/\/web.umons.ac.be\/semf\/\",\"name\":\"Service \/ FPSE - M\u00e9thodologie et formation\",\"description\":\"\",\"publisher\":{\"@id\":\"https:\/\/web.umons.ac.be\/semf\/#organization\"},\"potentialAction\":[{\"@type\":\"SearchAction\",\"target\":{\"@type\":\"EntryPoint\",\"urlTemplate\":\"https:\/\/web.umons.ac.be\/semf\/?s={search_term_string}\"},\"query-input\":{\"@type\":\"PropertyValueSpecification\",\"valueRequired\":true,\"valueName\":\"search_term_string\"}}],\"inLanguage\":\"fr-FR\"},{\"@type\":\"Organization\",\"@id\":\"https:\/\/web.umons.ac.be\/semf\/#organization\",\"name\":\"Service \/ FPSE - M\u00e9thodologie et formation\",\"url\":\"https:\/\/web.umons.ac.be\/semf\/\",\"logo\":{\"@type\":\"ImageObject\",\"inLanguage\":\"fr-FR\",\"@id\":\"https:\/\/web.umons.ac.be\/semf\/#\/schema\/logo\/image\/\",\"url\":\"https:\/\/web.umons.ac.be\/app\/uploads\/sites\/103\/2021\/11\/LOGOP316_Benoit-VANSCHOEBEKE.svg\",\"contentUrl\":\"https:\/\/web.umons.ac.be\/app\/uploads\/sites\/103\/2021\/11\/LOGOP316_Benoit-VANSCHOEBEKE.svg\",\"width\":1,\"height\":1,\"caption\":\"Service \/ FPSE - M\u00e9thodologie et formation\"},\"image\":{\"@id\":\"https:\/\/web.umons.ac.be\/semf\/#\/schema\/logo\/image\/\"}}]}<\/script>\n<!-- \/ Yoast SEO plugin. -->","yoast_head_json":{"title":"ECOLE, CINEMA ET (POP)CULTURE - Service \/ FPSE - Sciences de l&#039;Enseignement et de la Formation","robots":{"index":"index","follow":"follow","max-snippet":"max-snippet:-1","max-image-preview":"max-image-preview:large","max-video-preview":"max-video-preview:-1"},"canonical":"https:\/\/web.umons.ac.be\/semf\/ecole-cinema-et-popculture\/","og_locale":"fr_FR","og_type":"article","og_title":"ECOLE, CINEMA ET (POP)CULTURE - Service \/ FPSE - Sciences de l&#039;Enseignement et de la Formation","og_description":"C\u2019est tr\u00e8s progressivement que des membres de l\u2019INAS se sont int\u00e9ress\u00e9s \u00e0 la mani\u00e8re dont l\u2019\u00e9cole, au sens large, est d\u00e9crite dans le cin\u00e9ma, puis dans tous les autres m\u00e9dia culturels, en particulier \u00e0 travers la pop culture. Ces travaux se sont notamment mat\u00e9rialis\u00e9s dans deux volumes collectifs publi\u00e9s en 2020 et 2022. Ressources vid\u00e9o [&hellip;]","og_url":"https:\/\/web.umons.ac.be\/semf\/ecole-cinema-et-popculture\/","og_site_name":"Service \/ FPSE - Sciences de l&#039;Enseignement et de la Formation","article_modified_time":"2026-01-15T17:06:10+00:00","twitter_card":"summary_large_image","twitter_misc":{"Dur\u00e9e de lecture estim\u00e9e":"1 minute"},"schema":{"@context":"https:\/\/schema.org","@graph":[{"@type":"WebPage","@id":"https:\/\/web.umons.ac.be\/semf\/ecole-cinema-et-popculture\/","url":"https:\/\/web.umons.ac.be\/semf\/ecole-cinema-et-popculture\/","name":"ECOLE, CINEMA ET (POP)CULTURE - Service \/ FPSE - Sciences de l&#039;Enseignement et de la Formation","isPartOf":{"@id":"https:\/\/web.umons.ac.be\/semf\/#website"},"datePublished":"2025-05-28T13:19:57+00:00","dateModified":"2026-01-15T17:06:10+00:00","breadcrumb":{"@id":"https:\/\/web.umons.ac.be\/semf\/ecole-cinema-et-popculture\/#breadcrumb"},"inLanguage":"fr-FR","potentialAction":[{"@type":"ReadAction","target":["https:\/\/web.umons.ac.be\/semf\/ecole-cinema-et-popculture\/"]}]},{"@type":"BreadcrumbList","@id":"https:\/\/web.umons.ac.be\/semf\/ecole-cinema-et-popculture\/#breadcrumb","itemListElement":[{"@type":"ListItem","position":1,"name":"Home","item":"https:\/\/web.umons.ac.be\/semf\/"},{"@type":"ListItem","position":2,"name":"ECOLE, CINEMA ET (POP)CULTURE"}]},{"@type":"WebSite","@id":"https:\/\/web.umons.ac.be\/semf\/#website","url":"https:\/\/web.umons.ac.be\/semf\/","name":"Service \/ FPSE - M\u00e9thodologie et formation","description":"","publisher":{"@id":"https:\/\/web.umons.ac.be\/semf\/#organization"},"potentialAction":[{"@type":"SearchAction","target":{"@type":"EntryPoint","urlTemplate":"https:\/\/web.umons.ac.be\/semf\/?s={search_term_string}"},"query-input":{"@type":"PropertyValueSpecification","valueRequired":true,"valueName":"search_term_string"}}],"inLanguage":"fr-FR"},{"@type":"Organization","@id":"https:\/\/web.umons.ac.be\/semf\/#organization","name":"Service \/ FPSE - M\u00e9thodologie et formation","url":"https:\/\/web.umons.ac.be\/semf\/","logo":{"@type":"ImageObject","inLanguage":"fr-FR","@id":"https:\/\/web.umons.ac.be\/semf\/#\/schema\/logo\/image\/","url":"https:\/\/web.umons.ac.be\/app\/uploads\/sites\/103\/2021\/11\/LOGOP316_Benoit-VANSCHOEBEKE.svg","contentUrl":"https:\/\/web.umons.ac.be\/app\/uploads\/sites\/103\/2021\/11\/LOGOP316_Benoit-VANSCHOEBEKE.svg","width":1,"height":1,"caption":"Service \/ FPSE - M\u00e9thodologie et formation"},"image":{"@id":"https:\/\/web.umons.ac.be\/semf\/#\/schema\/logo\/image\/"}}]}},"lang":"fr","translations":{"fr":2586},"pll_sync_post":[],"_links":{"self":[{"href":"https:\/\/web.umons.ac.be\/semf\/wp-json\/wp\/v2\/pages\/2586","targetHints":{"allow":["GET"]}}],"collection":[{"href":"https:\/\/web.umons.ac.be\/semf\/wp-json\/wp\/v2\/pages"}],"about":[{"href":"https:\/\/web.umons.ac.be\/semf\/wp-json\/wp\/v2\/types\/page"}],"author":[{"embeddable":true,"href":"https:\/\/web.umons.ac.be\/semf\/wp-json\/wp\/v2\/users\/121"}],"replies":[{"embeddable":true,"href":"https:\/\/web.umons.ac.be\/semf\/wp-json\/wp\/v2\/comments?post=2586"}],"version-history":[{"count":3,"href":"https:\/\/web.umons.ac.be\/semf\/wp-json\/wp\/v2\/pages\/2586\/revisions"}],"predecessor-version":[{"id":3006,"href":"https:\/\/web.umons.ac.be\/semf\/wp-json\/wp\/v2\/pages\/2586\/revisions\/3006"}],"wp:attachment":[{"href":"https:\/\/web.umons.ac.be\/semf\/wp-json\/wp\/v2\/media?parent=2586"}],"curies":[{"name":"wp","href":"https:\/\/api.w.org\/{rel}","templated":true}]}}