{"id":2589,"date":"2025-05-28T15:22:15","date_gmt":"2025-05-28T13:22:15","guid":{"rendered":"https:\/\/web.umons.ac.be\/semf\/?page_id=2589"},"modified":"2026-01-15T17:22:13","modified_gmt":"2026-01-15T16:22:13","slug":"analyse-et-conception-de-curricula","status":"publish","type":"page","link":"https:\/\/web.umons.ac.be\/semf\/analyse-et-conception-de-curricula\/","title":{"rendered":"ANALYSE ET CONCEPTION DE CURRICULA"},"content":{"rendered":"<p>Les programmes d\u2019enseignement et de formation ou, plus justement, les curricula, constituent un sujet de recherche essentiel. Il s\u2019agit ici de prendre en compte les travaux qui portent sur la mani\u00e8re dont les documents curriculaires sont r\u00e9dig\u00e9s et sur la mani\u00e8re de pr\u00e9parer de nouveaux documents, de piloter leur mise en mettre en \u0153uvre et d\u2019assurer la qualit\u00e9 de leur impl\u00e9mentation.<\/p>\n<ul>\n<li><a href=\"https:\/\/orbi.umons.ac.be\/reports?action=1&amp;field_1=subject&amp;value_1_authority=&amp;value_1=programme&amp;conjunction_2=OR&amp;field_2=subject&amp;value_2_authority=&amp;value_2=curriculum&amp;conjunction_3=AND&amp;field_3=researchunit&amp;value_3_authority=ORG_1172&amp;value_3=P316+-+M%C3%A9thodologie+et+formation&amp;year_start=&amp;year_end=&amp;references=&amp;model=list&amp;format=apa&amp;abstract_length=&amp;sort_1=issued_dt%3Adesc&amp;sort_2=author_sort%3Aasc&amp;sort_3=title_sort%3Aasc&amp;output=html&amp;lang_report=fr&amp;title=ANALYSE+ET+CONCEPTION+DE+CURRICULA\" target=\"_blank\" rel=\"noopener\"><strong>Bibliographie<\/strong><\/a><\/li>\n<li><a href=\"https:\/\/youtube.com\/playlist?list=PLxXEiNYFnzZbA7Xke7DuTfjq0CjpKK0Fo&amp;si=4XbQB3Mm1Ui09OMN\" target=\"_blank\" rel=\"noopener\"><strong>C@f\u00e9s de l\u2019INAS<\/strong><\/a><\/li>\n<li><a href=\"https:\/\/open.spotify.com\/playlist\/6gVYo7p71VBqK7RP5Lf97V?si=-jpYhaVsQaqkusebkYznyw\" target=\"_blank\" rel=\"noopener\"><strong>Podcasts<\/strong><\/a><\/li>\n<\/ul>\n","protected":false},"excerpt":{"rendered":"<p>Les programmes d\u2019enseignement et de formation ou, plus justement, les curricula, constituent un sujet de recherche essentiel. Il s\u2019agit ici de prendre en compte les travaux qui portent sur la mani\u00e8re dont les documents curriculaires sont r\u00e9dig\u00e9s et sur la mani\u00e8re de pr\u00e9parer de nouveaux documents, de piloter leur mise en mettre en \u0153uvre et [&hellip;]<\/p>\n","protected":false},"author":121,"featured_media":0,"parent":0,"menu_order":0,"comment_status":"closed","ping_status":"closed","template":"","meta":{"footnotes":""},"class_list":["post-2589","page","type-page","status-publish","hentry"],"yoast_head":"<!-- This site is optimized with the Yoast SEO plugin v27.2 - https:\/\/yoast.com\/product\/yoast-seo-wordpress\/ -->\n<title>ANALYSE ET CONCEPTION DE CURRICULA - Service \/ FPSE - Sciences de l&#039;Enseignement et de la Formation<\/title>\n<meta name=\"robots\" content=\"index, follow, max-snippet:-1, max-image-preview:large, max-video-preview:-1\" \/>\n<link rel=\"canonical\" href=\"https:\/\/web.umons.ac.be\/semf\/analyse-et-conception-de-curricula\/\" \/>\n<meta property=\"og:locale\" content=\"fr_FR\" \/>\n<meta property=\"og:type\" content=\"article\" \/>\n<meta property=\"og:title\" content=\"ANALYSE ET CONCEPTION DE CURRICULA - Service \/ FPSE - Sciences de l&#039;Enseignement et de la Formation\" \/>\n<meta property=\"og:description\" content=\"Les programmes d\u2019enseignement et de formation ou, plus justement, les curricula, constituent un sujet de recherche essentiel. Il s\u2019agit ici de prendre en compte les travaux qui portent sur la mani\u00e8re dont les documents curriculaires sont r\u00e9dig\u00e9s et sur la mani\u00e8re de pr\u00e9parer de nouveaux documents, de piloter leur mise en mettre en \u0153uvre et [&hellip;]\" \/>\n<meta property=\"og:url\" content=\"https:\/\/web.umons.ac.be\/semf\/analyse-et-conception-de-curricula\/\" \/>\n<meta property=\"og:site_name\" content=\"Service \/ FPSE - Sciences de l&#039;Enseignement et de la Formation\" \/>\n<meta property=\"article:modified_time\" content=\"2026-01-15T16:22:13+00:00\" \/>\n<meta name=\"twitter:card\" content=\"summary_large_image\" \/>\n<meta name=\"twitter:label1\" content=\"Dur\u00e9e de lecture estim\u00e9e\" \/>\n\t<meta name=\"twitter:data1\" content=\"1 minute\" \/>\n<script type=\"application\/ld+json\" class=\"yoast-schema-graph\">{\"@context\":\"https:\/\/schema.org\",\"@graph\":[{\"@type\":\"WebPage\",\"@id\":\"https:\/\/web.umons.ac.be\/semf\/analyse-et-conception-de-curricula\/\",\"url\":\"https:\/\/web.umons.ac.be\/semf\/analyse-et-conception-de-curricula\/\",\"name\":\"ANALYSE ET CONCEPTION DE CURRICULA - Service \/ FPSE - Sciences de l&#039;Enseignement et de la Formation\",\"isPartOf\":{\"@id\":\"https:\/\/web.umons.ac.be\/semf\/#website\"},\"datePublished\":\"2025-05-28T13:22:15+00:00\",\"dateModified\":\"2026-01-15T16:22:13+00:00\",\"breadcrumb\":{\"@id\":\"https:\/\/web.umons.ac.be\/semf\/analyse-et-conception-de-curricula\/#breadcrumb\"},\"inLanguage\":\"fr-FR\",\"potentialAction\":[{\"@type\":\"ReadAction\",\"target\":[\"https:\/\/web.umons.ac.be\/semf\/analyse-et-conception-de-curricula\/\"]}]},{\"@type\":\"BreadcrumbList\",\"@id\":\"https:\/\/web.umons.ac.be\/semf\/analyse-et-conception-de-curricula\/#breadcrumb\",\"itemListElement\":[{\"@type\":\"ListItem\",\"position\":1,\"name\":\"Home\",\"item\":\"https:\/\/web.umons.ac.be\/semf\/\"},{\"@type\":\"ListItem\",\"position\":2,\"name\":\"ANALYSE ET CONCEPTION DE CURRICULA\"}]},{\"@type\":\"WebSite\",\"@id\":\"https:\/\/web.umons.ac.be\/semf\/#website\",\"url\":\"https:\/\/web.umons.ac.be\/semf\/\",\"name\":\"Service \/ FPSE - M\u00e9thodologie et formation\",\"description\":\"\",\"publisher\":{\"@id\":\"https:\/\/web.umons.ac.be\/semf\/#organization\"},\"potentialAction\":[{\"@type\":\"SearchAction\",\"target\":{\"@type\":\"EntryPoint\",\"urlTemplate\":\"https:\/\/web.umons.ac.be\/semf\/?s={search_term_string}\"},\"query-input\":{\"@type\":\"PropertyValueSpecification\",\"valueRequired\":true,\"valueName\":\"search_term_string\"}}],\"inLanguage\":\"fr-FR\"},{\"@type\":\"Organization\",\"@id\":\"https:\/\/web.umons.ac.be\/semf\/#organization\",\"name\":\"Service \/ FPSE - M\u00e9thodologie et formation\",\"url\":\"https:\/\/web.umons.ac.be\/semf\/\",\"logo\":{\"@type\":\"ImageObject\",\"inLanguage\":\"fr-FR\",\"@id\":\"https:\/\/web.umons.ac.be\/semf\/#\/schema\/logo\/image\/\",\"url\":\"https:\/\/web.umons.ac.be\/app\/uploads\/sites\/103\/2021\/11\/LOGOP316_Benoit-VANSCHOEBEKE.svg\",\"contentUrl\":\"https:\/\/web.umons.ac.be\/app\/uploads\/sites\/103\/2021\/11\/LOGOP316_Benoit-VANSCHOEBEKE.svg\",\"width\":1,\"height\":1,\"caption\":\"Service \/ FPSE - M\u00e9thodologie et formation\"},\"image\":{\"@id\":\"https:\/\/web.umons.ac.be\/semf\/#\/schema\/logo\/image\/\"}}]}<\/script>\n<!-- \/ Yoast SEO plugin. -->","yoast_head_json":{"title":"ANALYSE ET CONCEPTION DE CURRICULA - Service \/ FPSE - Sciences de l&#039;Enseignement et de la Formation","robots":{"index":"index","follow":"follow","max-snippet":"max-snippet:-1","max-image-preview":"max-image-preview:large","max-video-preview":"max-video-preview:-1"},"canonical":"https:\/\/web.umons.ac.be\/semf\/analyse-et-conception-de-curricula\/","og_locale":"fr_FR","og_type":"article","og_title":"ANALYSE ET CONCEPTION DE CURRICULA - Service \/ FPSE - Sciences de l&#039;Enseignement et de la Formation","og_description":"Les programmes d\u2019enseignement et de formation ou, plus justement, les curricula, constituent un sujet de recherche essentiel. Il s\u2019agit ici de prendre en compte les travaux qui portent sur la mani\u00e8re dont les documents curriculaires sont r\u00e9dig\u00e9s et sur la mani\u00e8re de pr\u00e9parer de nouveaux documents, de piloter leur mise en mettre en \u0153uvre et [&hellip;]","og_url":"https:\/\/web.umons.ac.be\/semf\/analyse-et-conception-de-curricula\/","og_site_name":"Service \/ FPSE - Sciences de l&#039;Enseignement et de la Formation","article_modified_time":"2026-01-15T16:22:13+00:00","twitter_card":"summary_large_image","twitter_misc":{"Dur\u00e9e de lecture estim\u00e9e":"1 minute"},"schema":{"@context":"https:\/\/schema.org","@graph":[{"@type":"WebPage","@id":"https:\/\/web.umons.ac.be\/semf\/analyse-et-conception-de-curricula\/","url":"https:\/\/web.umons.ac.be\/semf\/analyse-et-conception-de-curricula\/","name":"ANALYSE ET CONCEPTION DE CURRICULA - Service \/ FPSE - Sciences de l&#039;Enseignement et de la Formation","isPartOf":{"@id":"https:\/\/web.umons.ac.be\/semf\/#website"},"datePublished":"2025-05-28T13:22:15+00:00","dateModified":"2026-01-15T16:22:13+00:00","breadcrumb":{"@id":"https:\/\/web.umons.ac.be\/semf\/analyse-et-conception-de-curricula\/#breadcrumb"},"inLanguage":"fr-FR","potentialAction":[{"@type":"ReadAction","target":["https:\/\/web.umons.ac.be\/semf\/analyse-et-conception-de-curricula\/"]}]},{"@type":"BreadcrumbList","@id":"https:\/\/web.umons.ac.be\/semf\/analyse-et-conception-de-curricula\/#breadcrumb","itemListElement":[{"@type":"ListItem","position":1,"name":"Home","item":"https:\/\/web.umons.ac.be\/semf\/"},{"@type":"ListItem","position":2,"name":"ANALYSE ET CONCEPTION DE CURRICULA"}]},{"@type":"WebSite","@id":"https:\/\/web.umons.ac.be\/semf\/#website","url":"https:\/\/web.umons.ac.be\/semf\/","name":"Service \/ FPSE - M\u00e9thodologie et formation","description":"","publisher":{"@id":"https:\/\/web.umons.ac.be\/semf\/#organization"},"potentialAction":[{"@type":"SearchAction","target":{"@type":"EntryPoint","urlTemplate":"https:\/\/web.umons.ac.be\/semf\/?s={search_term_string}"},"query-input":{"@type":"PropertyValueSpecification","valueRequired":true,"valueName":"search_term_string"}}],"inLanguage":"fr-FR"},{"@type":"Organization","@id":"https:\/\/web.umons.ac.be\/semf\/#organization","name":"Service \/ FPSE - M\u00e9thodologie et formation","url":"https:\/\/web.umons.ac.be\/semf\/","logo":{"@type":"ImageObject","inLanguage":"fr-FR","@id":"https:\/\/web.umons.ac.be\/semf\/#\/schema\/logo\/image\/","url":"https:\/\/web.umons.ac.be\/app\/uploads\/sites\/103\/2021\/11\/LOGOP316_Benoit-VANSCHOEBEKE.svg","contentUrl":"https:\/\/web.umons.ac.be\/app\/uploads\/sites\/103\/2021\/11\/LOGOP316_Benoit-VANSCHOEBEKE.svg","width":1,"height":1,"caption":"Service \/ FPSE - M\u00e9thodologie et formation"},"image":{"@id":"https:\/\/web.umons.ac.be\/semf\/#\/schema\/logo\/image\/"}}]}},"lang":"fr","translations":{"fr":2589},"pll_sync_post":[],"_links":{"self":[{"href":"https:\/\/web.umons.ac.be\/semf\/wp-json\/wp\/v2\/pages\/2589","targetHints":{"allow":["GET"]}}],"collection":[{"href":"https:\/\/web.umons.ac.be\/semf\/wp-json\/wp\/v2\/pages"}],"about":[{"href":"https:\/\/web.umons.ac.be\/semf\/wp-json\/wp\/v2\/types\/page"}],"author":[{"embeddable":true,"href":"https:\/\/web.umons.ac.be\/semf\/wp-json\/wp\/v2\/users\/121"}],"replies":[{"embeddable":true,"href":"https:\/\/web.umons.ac.be\/semf\/wp-json\/wp\/v2\/comments?post=2589"}],"version-history":[{"count":2,"href":"https:\/\/web.umons.ac.be\/semf\/wp-json\/wp\/v2\/pages\/2589\/revisions"}],"predecessor-version":[{"id":3002,"href":"https:\/\/web.umons.ac.be\/semf\/wp-json\/wp\/v2\/pages\/2589\/revisions\/3002"}],"wp:attachment":[{"href":"https:\/\/web.umons.ac.be\/semf\/wp-json\/wp\/v2\/media?parent=2589"}],"curies":[{"name":"wp","href":"https:\/\/api.w.org\/{rel}","templated":true}]}}