{"id":2595,"date":"2025-05-28T15:50:32","date_gmt":"2025-05-28T13:50:32","guid":{"rendered":"https:\/\/web.umons.ac.be\/semf\/?page_id=2595"},"modified":"2026-01-15T13:33:00","modified_gmt":"2026-01-15T12:33:00","slug":"evaluation-des-acquis-et-des-apprentissages","status":"publish","type":"page","link":"https:\/\/web.umons.ac.be\/semf\/evaluation-des-acquis-et-des-apprentissages\/","title":{"rendered":"EVALUATION DES ACQUIS ET DES APPRENTISSAGES"},"content":{"rendered":"<p>Les membres de l\u2019INAS ont d\u00e9velopp\u00e9, en particulier dans le cadre de collaborations avec la Chambre de Commerce et d\u2019Industrie de Paris Ile-de-France (depuis 2000), mais aussi d\u2019autres partenaires, un important travail d\u2019\u00e9valuation des comp\u00e9tences linguistiques (fran\u00e7ais langue \u00e9trang\u00e8re).<\/p>\n<ul>\n<li><a href=\"https:\/\/orbi.umons.ac.be\/reports?action=1&amp;field_1=subject&amp;value_1_authority=&amp;value_1=%C3%A9valuation&amp;conjunction_2=OR&amp;field_2=subject&amp;value_2_authority=&amp;value_2=acquis+scolaire&amp;conjunction_3=OR&amp;field_3=subject&amp;value_3_authority=&amp;value_3=comp%C3%A9tences&amp;conjunction_4=AND&amp;field_4=researchunit&amp;value_4_authority=ORG_1172&amp;value_4=P316+-+M%C3%A9thodologie+et+formation&amp;year_start=&amp;year_end=&amp;references=&amp;model=list&amp;format=apa&amp;abstract_length=&amp;sort_1=issued_dt%3Adesc&amp;sort_2=author_sort%3Aasc&amp;sort_3=title_sort%3Aasc&amp;output=html&amp;lang_report=fr&amp;title=%C3%89valuation+des+acquis+et+des+apprentissages\" target=\"_blank\" rel=\"noopener\"><strong>Bibliographie<\/strong><\/a><\/li>\n<li><a href=\"https:\/\/youtube.com\/playlist?list=PLxXEiNYFnzZZjrnQkbYXHEHQx3zzXFcP-&amp;si=5vA5TkdKuCjKWuww\" target=\"_blank\" rel=\"noopener\"><strong>C@f\u00e9s de l\u2019INAS<\/strong><\/a><\/li>\n<li><a href=\"https:\/\/open.spotify.com\/playlist\/7ovaYu5cTx0HOgxixe6bfA?si=vYRf5k_8Rg-yReagcwDaXA\" target=\"_blank\" rel=\"noopener\"><strong>Podcasts<\/strong><\/a><\/li>\n<\/ul>\n","protected":false},"excerpt":{"rendered":"<p>Les membres de l\u2019INAS ont d\u00e9velopp\u00e9, en particulier dans le cadre de collaborations avec la Chambre de Commerce et d\u2019Industrie de Paris Ile-de-France (depuis 2000), mais aussi d\u2019autres partenaires, un important travail d\u2019\u00e9valuation des comp\u00e9tences linguistiques (fran\u00e7ais langue \u00e9trang\u00e8re). Bibliographie C@f\u00e9s de l\u2019INAS Podcasts<\/p>\n","protected":false},"author":121,"featured_media":0,"parent":0,"menu_order":0,"comment_status":"closed","ping_status":"closed","template":"","meta":{"footnotes":""},"class_list":["post-2595","page","type-page","status-publish","hentry"],"yoast_head":"<!-- This site is optimized with the Yoast SEO plugin v27.2 - https:\/\/yoast.com\/product\/yoast-seo-wordpress\/ -->\n<title>EVALUATION DES ACQUIS ET DES APPRENTISSAGES - Service \/ FPSE - Sciences de l&#039;Enseignement et de la Formation<\/title>\n<meta name=\"robots\" content=\"index, follow, max-snippet:-1, max-image-preview:large, max-video-preview:-1\" \/>\n<link rel=\"canonical\" href=\"https:\/\/web.umons.ac.be\/semf\/evaluation-des-acquis-et-des-apprentissages\/\" \/>\n<meta property=\"og:locale\" content=\"fr_FR\" \/>\n<meta property=\"og:type\" content=\"article\" \/>\n<meta property=\"og:title\" content=\"EVALUATION DES ACQUIS ET DES APPRENTISSAGES - Service \/ FPSE - Sciences de l&#039;Enseignement et de la Formation\" \/>\n<meta property=\"og:description\" content=\"Les membres de l\u2019INAS ont d\u00e9velopp\u00e9, en particulier dans le cadre de collaborations avec la Chambre de Commerce et d\u2019Industrie de Paris Ile-de-France (depuis 2000), mais aussi d\u2019autres partenaires, un important travail d\u2019\u00e9valuation des comp\u00e9tences linguistiques (fran\u00e7ais langue \u00e9trang\u00e8re). Bibliographie C@f\u00e9s de l\u2019INAS Podcasts\" \/>\n<meta property=\"og:url\" content=\"https:\/\/web.umons.ac.be\/semf\/evaluation-des-acquis-et-des-apprentissages\/\" \/>\n<meta property=\"og:site_name\" content=\"Service \/ FPSE - Sciences de l&#039;Enseignement et de la Formation\" \/>\n<meta property=\"article:modified_time\" content=\"2026-01-15T12:33:00+00:00\" \/>\n<meta name=\"twitter:card\" content=\"summary_large_image\" \/>\n<meta name=\"twitter:label1\" content=\"Dur\u00e9e de lecture estim\u00e9e\" \/>\n\t<meta name=\"twitter:data1\" content=\"1 minute\" \/>\n<script type=\"application\/ld+json\" class=\"yoast-schema-graph\">{\"@context\":\"https:\/\/schema.org\",\"@graph\":[{\"@type\":\"WebPage\",\"@id\":\"https:\/\/web.umons.ac.be\/semf\/evaluation-des-acquis-et-des-apprentissages\/\",\"url\":\"https:\/\/web.umons.ac.be\/semf\/evaluation-des-acquis-et-des-apprentissages\/\",\"name\":\"EVALUATION DES ACQUIS ET DES APPRENTISSAGES - Service \/ FPSE - Sciences de l&#039;Enseignement et de la Formation\",\"isPartOf\":{\"@id\":\"https:\/\/web.umons.ac.be\/semf\/#website\"},\"datePublished\":\"2025-05-28T13:50:32+00:00\",\"dateModified\":\"2026-01-15T12:33:00+00:00\",\"breadcrumb\":{\"@id\":\"https:\/\/web.umons.ac.be\/semf\/evaluation-des-acquis-et-des-apprentissages\/#breadcrumb\"},\"inLanguage\":\"fr-FR\",\"potentialAction\":[{\"@type\":\"ReadAction\",\"target\":[\"https:\/\/web.umons.ac.be\/semf\/evaluation-des-acquis-et-des-apprentissages\/\"]}]},{\"@type\":\"BreadcrumbList\",\"@id\":\"https:\/\/web.umons.ac.be\/semf\/evaluation-des-acquis-et-des-apprentissages\/#breadcrumb\",\"itemListElement\":[{\"@type\":\"ListItem\",\"position\":1,\"name\":\"Home\",\"item\":\"https:\/\/web.umons.ac.be\/semf\/\"},{\"@type\":\"ListItem\",\"position\":2,\"name\":\"EVALUATION DES ACQUIS ET DES APPRENTISSAGES\"}]},{\"@type\":\"WebSite\",\"@id\":\"https:\/\/web.umons.ac.be\/semf\/#website\",\"url\":\"https:\/\/web.umons.ac.be\/semf\/\",\"name\":\"Service \/ FPSE - M\u00e9thodologie et formation\",\"description\":\"\",\"publisher\":{\"@id\":\"https:\/\/web.umons.ac.be\/semf\/#organization\"},\"potentialAction\":[{\"@type\":\"SearchAction\",\"target\":{\"@type\":\"EntryPoint\",\"urlTemplate\":\"https:\/\/web.umons.ac.be\/semf\/?s={search_term_string}\"},\"query-input\":{\"@type\":\"PropertyValueSpecification\",\"valueRequired\":true,\"valueName\":\"search_term_string\"}}],\"inLanguage\":\"fr-FR\"},{\"@type\":\"Organization\",\"@id\":\"https:\/\/web.umons.ac.be\/semf\/#organization\",\"name\":\"Service \/ FPSE - M\u00e9thodologie et formation\",\"url\":\"https:\/\/web.umons.ac.be\/semf\/\",\"logo\":{\"@type\":\"ImageObject\",\"inLanguage\":\"fr-FR\",\"@id\":\"https:\/\/web.umons.ac.be\/semf\/#\/schema\/logo\/image\/\",\"url\":\"https:\/\/web.umons.ac.be\/app\/uploads\/sites\/103\/2021\/11\/LOGOP316_Benoit-VANSCHOEBEKE.svg\",\"contentUrl\":\"https:\/\/web.umons.ac.be\/app\/uploads\/sites\/103\/2021\/11\/LOGOP316_Benoit-VANSCHOEBEKE.svg\",\"width\":1,\"height\":1,\"caption\":\"Service \/ FPSE - M\u00e9thodologie et formation\"},\"image\":{\"@id\":\"https:\/\/web.umons.ac.be\/semf\/#\/schema\/logo\/image\/\"}}]}<\/script>\n<!-- \/ Yoast SEO plugin. -->","yoast_head_json":{"title":"EVALUATION DES ACQUIS ET DES APPRENTISSAGES - Service \/ FPSE - Sciences de l&#039;Enseignement et de la Formation","robots":{"index":"index","follow":"follow","max-snippet":"max-snippet:-1","max-image-preview":"max-image-preview:large","max-video-preview":"max-video-preview:-1"},"canonical":"https:\/\/web.umons.ac.be\/semf\/evaluation-des-acquis-et-des-apprentissages\/","og_locale":"fr_FR","og_type":"article","og_title":"EVALUATION DES ACQUIS ET DES APPRENTISSAGES - Service \/ FPSE - Sciences de l&#039;Enseignement et de la Formation","og_description":"Les membres de l\u2019INAS ont d\u00e9velopp\u00e9, en particulier dans le cadre de collaborations avec la Chambre de Commerce et d\u2019Industrie de Paris Ile-de-France (depuis 2000), mais aussi d\u2019autres partenaires, un important travail d\u2019\u00e9valuation des comp\u00e9tences linguistiques (fran\u00e7ais langue \u00e9trang\u00e8re). Bibliographie C@f\u00e9s de l\u2019INAS Podcasts","og_url":"https:\/\/web.umons.ac.be\/semf\/evaluation-des-acquis-et-des-apprentissages\/","og_site_name":"Service \/ FPSE - Sciences de l&#039;Enseignement et de la Formation","article_modified_time":"2026-01-15T12:33:00+00:00","twitter_card":"summary_large_image","twitter_misc":{"Dur\u00e9e de lecture estim\u00e9e":"1 minute"},"schema":{"@context":"https:\/\/schema.org","@graph":[{"@type":"WebPage","@id":"https:\/\/web.umons.ac.be\/semf\/evaluation-des-acquis-et-des-apprentissages\/","url":"https:\/\/web.umons.ac.be\/semf\/evaluation-des-acquis-et-des-apprentissages\/","name":"EVALUATION DES ACQUIS ET DES APPRENTISSAGES - Service \/ FPSE - Sciences de l&#039;Enseignement et de la Formation","isPartOf":{"@id":"https:\/\/web.umons.ac.be\/semf\/#website"},"datePublished":"2025-05-28T13:50:32+00:00","dateModified":"2026-01-15T12:33:00+00:00","breadcrumb":{"@id":"https:\/\/web.umons.ac.be\/semf\/evaluation-des-acquis-et-des-apprentissages\/#breadcrumb"},"inLanguage":"fr-FR","potentialAction":[{"@type":"ReadAction","target":["https:\/\/web.umons.ac.be\/semf\/evaluation-des-acquis-et-des-apprentissages\/"]}]},{"@type":"BreadcrumbList","@id":"https:\/\/web.umons.ac.be\/semf\/evaluation-des-acquis-et-des-apprentissages\/#breadcrumb","itemListElement":[{"@type":"ListItem","position":1,"name":"Home","item":"https:\/\/web.umons.ac.be\/semf\/"},{"@type":"ListItem","position":2,"name":"EVALUATION DES ACQUIS ET DES APPRENTISSAGES"}]},{"@type":"WebSite","@id":"https:\/\/web.umons.ac.be\/semf\/#website","url":"https:\/\/web.umons.ac.be\/semf\/","name":"Service \/ FPSE - M\u00e9thodologie et formation","description":"","publisher":{"@id":"https:\/\/web.umons.ac.be\/semf\/#organization"},"potentialAction":[{"@type":"SearchAction","target":{"@type":"EntryPoint","urlTemplate":"https:\/\/web.umons.ac.be\/semf\/?s={search_term_string}"},"query-input":{"@type":"PropertyValueSpecification","valueRequired":true,"valueName":"search_term_string"}}],"inLanguage":"fr-FR"},{"@type":"Organization","@id":"https:\/\/web.umons.ac.be\/semf\/#organization","name":"Service \/ FPSE - M\u00e9thodologie et formation","url":"https:\/\/web.umons.ac.be\/semf\/","logo":{"@type":"ImageObject","inLanguage":"fr-FR","@id":"https:\/\/web.umons.ac.be\/semf\/#\/schema\/logo\/image\/","url":"https:\/\/web.umons.ac.be\/app\/uploads\/sites\/103\/2021\/11\/LOGOP316_Benoit-VANSCHOEBEKE.svg","contentUrl":"https:\/\/web.umons.ac.be\/app\/uploads\/sites\/103\/2021\/11\/LOGOP316_Benoit-VANSCHOEBEKE.svg","width":1,"height":1,"caption":"Service \/ FPSE - M\u00e9thodologie et formation"},"image":{"@id":"https:\/\/web.umons.ac.be\/semf\/#\/schema\/logo\/image\/"}}]}},"lang":"fr","translations":{"fr":2595},"pll_sync_post":[],"_links":{"self":[{"href":"https:\/\/web.umons.ac.be\/semf\/wp-json\/wp\/v2\/pages\/2595","targetHints":{"allow":["GET"]}}],"collection":[{"href":"https:\/\/web.umons.ac.be\/semf\/wp-json\/wp\/v2\/pages"}],"about":[{"href":"https:\/\/web.umons.ac.be\/semf\/wp-json\/wp\/v2\/types\/page"}],"author":[{"embeddable":true,"href":"https:\/\/web.umons.ac.be\/semf\/wp-json\/wp\/v2\/users\/121"}],"replies":[{"embeddable":true,"href":"https:\/\/web.umons.ac.be\/semf\/wp-json\/wp\/v2\/comments?post=2595"}],"version-history":[{"count":2,"href":"https:\/\/web.umons.ac.be\/semf\/wp-json\/wp\/v2\/pages\/2595\/revisions"}],"predecessor-version":[{"id":2995,"href":"https:\/\/web.umons.ac.be\/semf\/wp-json\/wp\/v2\/pages\/2595\/revisions\/2995"}],"wp:attachment":[{"href":"https:\/\/web.umons.ac.be\/semf\/wp-json\/wp\/v2\/media?parent=2595"}],"curies":[{"name":"wp","href":"https:\/\/api.w.org\/{rel}","templated":true}]}}