{"id":2812,"date":"2025-10-20T13:50:37","date_gmt":"2025-10-20T11:50:37","guid":{"rendered":"https:\/\/web.umons.ac.be\/semf\/?page_id=2812"},"modified":"2025-10-20T13:50:37","modified_gmt":"2025-10-20T11:50:37","slug":"sofia-curado-gaspar-matias","status":"publish","type":"page","link":"https:\/\/web.umons.ac.be\/semf\/sofia-curado-gaspar-matias\/","title":{"rendered":"Sofia CURADO GASPAR MATIAS"},"content":{"rendered":"<p><img loading=\"lazy\" decoding=\"async\" class=\"wp-image-2814 size-thumbnail alignleft\" src=\"https:\/\/web.umons.ac.be\/app\/uploads\/sites\/103\/2025\/10\/SofiaCurado-150x150.jpeg\" alt=\"\" width=\"150\" height=\"150\" srcset=\"https:\/\/web.umons.ac.be\/app\/uploads\/sites\/103\/2025\/10\/SofiaCurado-150x150.jpeg 150w, https:\/\/web.umons.ac.be\/app\/uploads\/sites\/103\/2025\/10\/SofiaCurado-300x300.jpeg 300w, https:\/\/web.umons.ac.be\/app\/uploads\/sites\/103\/2025\/10\/SofiaCurado-768x767.jpeg 768w, https:\/\/web.umons.ac.be\/app\/uploads\/sites\/103\/2025\/10\/SofiaCurado-661x660.jpeg 661w, https:\/\/web.umons.ac.be\/app\/uploads\/sites\/103\/2025\/10\/SofiaCurado-30x30.jpeg 30w, https:\/\/web.umons.ac.be\/app\/uploads\/sites\/103\/2025\/10\/SofiaCurado-80x80.jpeg 80w, https:\/\/web.umons.ac.be\/app\/uploads\/sites\/103\/2025\/10\/SofiaCurado-60x60.jpeg 60w, https:\/\/web.umons.ac.be\/app\/uploads\/sites\/103\/2025\/10\/SofiaCurado-360x360.jpeg 360w, https:\/\/web.umons.ac.be\/app\/uploads\/sites\/103\/2025\/10\/SofiaCurado-400x400.jpeg 400w, https:\/\/web.umons.ac.be\/app\/uploads\/sites\/103\/2025\/10\/SofiaCurado-200x200.jpeg 200w, https:\/\/web.umons.ac.be\/app\/uploads\/sites\/103\/2025\/10\/SofiaCurado.jpeg 959w\" sizes=\"auto, (max-width: 150px) 100vw, 150px\" \/><\/p>\n<p>Sofia Curado est professeur de langues modernes et titulaire d\u2019un master en sciences de l\u2019\u00e9ducation obtenu \u00e0 l\u2019UMONS en 2025. Elle fait partie de l\u2019\u00e9quipe des collaborateurs scientifiques de l\u2019Institut d\u2019administration scolaire depuis novembre 2025. Tr\u00e8s sensible aux questions de bien-\u00eatre et d\u2019inclusivit\u00e9 en milieu \u00e9ducatif, ses recherches portent sur les apports de l\u2019\u00e9criture introspective, des comp\u00e9tences \u00e9motionnelles et sur le trouble du spectre de l\u2019autisme. Elle pr\u00f4ne \u00e9galement un relationnel de confiance en \u00e9ducation. Lors de ses deux stages de Master \u00e0 l\u2019INAS, elle a d\u00e9velopp\u00e9 un carnet d\u2019\u00e9criture introspective destin\u00e9 \u00e0 d\u00e9velopper les comp\u00e9tences \u00e9motionnelles, ainsi que la formation destin\u00e9e aux enseignants. Elle d\u00e9sire poursuivre une th\u00e8se concernant l\u2019apport des comp\u00e9tences \u00e9motionnelles dans l\u2019enseignement secondaire.<\/p>\n<p>&nbsp;<\/p>\n<p>&nbsp;<\/p>\n","protected":false},"excerpt":{"rendered":"<p>Sofia Curado est professeur de langues modernes et titulaire d\u2019un master en sciences de l\u2019\u00e9ducation obtenu \u00e0 l\u2019UMONS en 2025. Elle fait partie de l\u2019\u00e9quipe des collaborateurs scientifiques de l\u2019Institut d\u2019administration scolaire depuis novembre 2025. Tr\u00e8s sensible aux questions de bien-\u00eatre et d\u2019inclusivit\u00e9 en milieu \u00e9ducatif, ses recherches portent sur les apports de l\u2019\u00e9criture introspective, [&hellip;]<\/p>\n","protected":false},"author":122,"featured_media":0,"parent":0,"menu_order":0,"comment_status":"closed","ping_status":"closed","template":"","meta":{"footnotes":""},"class_list":["post-2812","page","type-page","status-publish","hentry"],"yoast_head":"<!-- This site is optimized with the Yoast SEO plugin v27.2 - https:\/\/yoast.com\/product\/yoast-seo-wordpress\/ -->\n<title>Sofia CURADO GASPAR MATIAS - Service \/ FPSE - Sciences de l&#039;Enseignement et de la Formation<\/title>\n<meta name=\"robots\" content=\"index, follow, max-snippet:-1, max-image-preview:large, max-video-preview:-1\" \/>\n<link rel=\"canonical\" href=\"https:\/\/web.umons.ac.be\/semf\/sofia-curado-gaspar-matias\/\" \/>\n<meta property=\"og:locale\" content=\"fr_FR\" \/>\n<meta property=\"og:type\" content=\"article\" \/>\n<meta property=\"og:title\" content=\"Sofia CURADO GASPAR MATIAS - Service \/ FPSE - Sciences de l&#039;Enseignement et de la Formation\" \/>\n<meta property=\"og:description\" content=\"Sofia Curado est professeur de langues modernes et titulaire d\u2019un master en sciences de l\u2019\u00e9ducation obtenu \u00e0 l\u2019UMONS en 2025. Elle fait partie de l\u2019\u00e9quipe des collaborateurs scientifiques de l\u2019Institut d\u2019administration scolaire depuis novembre 2025. Tr\u00e8s sensible aux questions de bien-\u00eatre et d\u2019inclusivit\u00e9 en milieu \u00e9ducatif, ses recherches portent sur les apports de l\u2019\u00e9criture introspective, [&hellip;]\" \/>\n<meta property=\"og:url\" content=\"https:\/\/web.umons.ac.be\/semf\/sofia-curado-gaspar-matias\/\" \/>\n<meta property=\"og:site_name\" content=\"Service \/ FPSE - Sciences de l&#039;Enseignement et de la Formation\" \/>\n<meta property=\"og:image\" content=\"https:\/\/web.umons.ac.be\/app\/uploads\/sites\/103\/2025\/10\/SofiaCurado.jpeg\" \/>\n\t<meta property=\"og:image:width\" content=\"959\" \/>\n\t<meta property=\"og:image:height\" content=\"958\" \/>\n\t<meta property=\"og:image:type\" content=\"image\/jpeg\" \/>\n<meta name=\"twitter:card\" content=\"summary_large_image\" \/>\n<meta name=\"twitter:label1\" content=\"Dur\u00e9e de lecture estim\u00e9e\" \/>\n\t<meta name=\"twitter:data1\" content=\"1 minute\" \/>\n<script type=\"application\/ld+json\" class=\"yoast-schema-graph\">{\"@context\":\"https:\/\/schema.org\",\"@graph\":[{\"@type\":\"WebPage\",\"@id\":\"https:\/\/web.umons.ac.be\/semf\/sofia-curado-gaspar-matias\/\",\"url\":\"https:\/\/web.umons.ac.be\/semf\/sofia-curado-gaspar-matias\/\",\"name\":\"Sofia CURADO GASPAR MATIAS - Service \/ FPSE - Sciences de l&#039;Enseignement et de la Formation\",\"isPartOf\":{\"@id\":\"https:\/\/web.umons.ac.be\/semf\/#website\"},\"primaryImageOfPage\":{\"@id\":\"https:\/\/web.umons.ac.be\/semf\/sofia-curado-gaspar-matias\/#primaryimage\"},\"image\":{\"@id\":\"https:\/\/web.umons.ac.be\/semf\/sofia-curado-gaspar-matias\/#primaryimage\"},\"thumbnailUrl\":\"https:\/\/web.umons.ac.be\/app\/uploads\/sites\/103\/2025\/10\/SofiaCurado-150x150.jpeg\",\"datePublished\":\"2025-10-20T11:50:37+00:00\",\"breadcrumb\":{\"@id\":\"https:\/\/web.umons.ac.be\/semf\/sofia-curado-gaspar-matias\/#breadcrumb\"},\"inLanguage\":\"fr-FR\",\"potentialAction\":[{\"@type\":\"ReadAction\",\"target\":[\"https:\/\/web.umons.ac.be\/semf\/sofia-curado-gaspar-matias\/\"]}]},{\"@type\":\"ImageObject\",\"inLanguage\":\"fr-FR\",\"@id\":\"https:\/\/web.umons.ac.be\/semf\/sofia-curado-gaspar-matias\/#primaryimage\",\"url\":\"https:\/\/web.umons.ac.be\/app\/uploads\/sites\/103\/2025\/10\/SofiaCurado-150x150.jpeg\",\"contentUrl\":\"https:\/\/web.umons.ac.be\/app\/uploads\/sites\/103\/2025\/10\/SofiaCurado-150x150.jpeg\"},{\"@type\":\"BreadcrumbList\",\"@id\":\"https:\/\/web.umons.ac.be\/semf\/sofia-curado-gaspar-matias\/#breadcrumb\",\"itemListElement\":[{\"@type\":\"ListItem\",\"position\":1,\"name\":\"Home\",\"item\":\"https:\/\/web.umons.ac.be\/semf\/\"},{\"@type\":\"ListItem\",\"position\":2,\"name\":\"Sofia CURADO GASPAR MATIAS\"}]},{\"@type\":\"WebSite\",\"@id\":\"https:\/\/web.umons.ac.be\/semf\/#website\",\"url\":\"https:\/\/web.umons.ac.be\/semf\/\",\"name\":\"Service \/ FPSE - M\u00e9thodologie et formation\",\"description\":\"\",\"publisher\":{\"@id\":\"https:\/\/web.umons.ac.be\/semf\/#organization\"},\"potentialAction\":[{\"@type\":\"SearchAction\",\"target\":{\"@type\":\"EntryPoint\",\"urlTemplate\":\"https:\/\/web.umons.ac.be\/semf\/?s={search_term_string}\"},\"query-input\":{\"@type\":\"PropertyValueSpecification\",\"valueRequired\":true,\"valueName\":\"search_term_string\"}}],\"inLanguage\":\"fr-FR\"},{\"@type\":\"Organization\",\"@id\":\"https:\/\/web.umons.ac.be\/semf\/#organization\",\"name\":\"Service \/ FPSE - M\u00e9thodologie et formation\",\"url\":\"https:\/\/web.umons.ac.be\/semf\/\",\"logo\":{\"@type\":\"ImageObject\",\"inLanguage\":\"fr-FR\",\"@id\":\"https:\/\/web.umons.ac.be\/semf\/#\/schema\/logo\/image\/\",\"url\":\"https:\/\/web.umons.ac.be\/app\/uploads\/sites\/103\/2021\/11\/LOGOP316_Benoit-VANSCHOEBEKE.svg\",\"contentUrl\":\"https:\/\/web.umons.ac.be\/app\/uploads\/sites\/103\/2021\/11\/LOGOP316_Benoit-VANSCHOEBEKE.svg\",\"width\":1,\"height\":1,\"caption\":\"Service \/ FPSE - M\u00e9thodologie et formation\"},\"image\":{\"@id\":\"https:\/\/web.umons.ac.be\/semf\/#\/schema\/logo\/image\/\"}}]}<\/script>\n<!-- \/ Yoast SEO plugin. -->","yoast_head_json":{"title":"Sofia CURADO GASPAR MATIAS - Service \/ FPSE - Sciences de l&#039;Enseignement et de la Formation","robots":{"index":"index","follow":"follow","max-snippet":"max-snippet:-1","max-image-preview":"max-image-preview:large","max-video-preview":"max-video-preview:-1"},"canonical":"https:\/\/web.umons.ac.be\/semf\/sofia-curado-gaspar-matias\/","og_locale":"fr_FR","og_type":"article","og_title":"Sofia CURADO GASPAR MATIAS - Service \/ FPSE - Sciences de l&#039;Enseignement et de la Formation","og_description":"Sofia Curado est professeur de langues modernes et titulaire d\u2019un master en sciences de l\u2019\u00e9ducation obtenu \u00e0 l\u2019UMONS en 2025. Elle fait partie de l\u2019\u00e9quipe des collaborateurs scientifiques de l\u2019Institut d\u2019administration scolaire depuis novembre 2025. Tr\u00e8s sensible aux questions de bien-\u00eatre et d\u2019inclusivit\u00e9 en milieu \u00e9ducatif, ses recherches portent sur les apports de l\u2019\u00e9criture introspective, [&hellip;]","og_url":"https:\/\/web.umons.ac.be\/semf\/sofia-curado-gaspar-matias\/","og_site_name":"Service \/ FPSE - Sciences de l&#039;Enseignement et de la Formation","og_image":[{"width":959,"height":958,"url":"https:\/\/web.umons.ac.be\/app\/uploads\/sites\/103\/2025\/10\/SofiaCurado.jpeg","type":"image\/jpeg"}],"twitter_card":"summary_large_image","twitter_misc":{"Dur\u00e9e de lecture estim\u00e9e":"1 minute"},"schema":{"@context":"https:\/\/schema.org","@graph":[{"@type":"WebPage","@id":"https:\/\/web.umons.ac.be\/semf\/sofia-curado-gaspar-matias\/","url":"https:\/\/web.umons.ac.be\/semf\/sofia-curado-gaspar-matias\/","name":"Sofia CURADO GASPAR MATIAS - Service \/ FPSE - Sciences de l&#039;Enseignement et de la Formation","isPartOf":{"@id":"https:\/\/web.umons.ac.be\/semf\/#website"},"primaryImageOfPage":{"@id":"https:\/\/web.umons.ac.be\/semf\/sofia-curado-gaspar-matias\/#primaryimage"},"image":{"@id":"https:\/\/web.umons.ac.be\/semf\/sofia-curado-gaspar-matias\/#primaryimage"},"thumbnailUrl":"https:\/\/web.umons.ac.be\/app\/uploads\/sites\/103\/2025\/10\/SofiaCurado-150x150.jpeg","datePublished":"2025-10-20T11:50:37+00:00","breadcrumb":{"@id":"https:\/\/web.umons.ac.be\/semf\/sofia-curado-gaspar-matias\/#breadcrumb"},"inLanguage":"fr-FR","potentialAction":[{"@type":"ReadAction","target":["https:\/\/web.umons.ac.be\/semf\/sofia-curado-gaspar-matias\/"]}]},{"@type":"ImageObject","inLanguage":"fr-FR","@id":"https:\/\/web.umons.ac.be\/semf\/sofia-curado-gaspar-matias\/#primaryimage","url":"https:\/\/web.umons.ac.be\/app\/uploads\/sites\/103\/2025\/10\/SofiaCurado-150x150.jpeg","contentUrl":"https:\/\/web.umons.ac.be\/app\/uploads\/sites\/103\/2025\/10\/SofiaCurado-150x150.jpeg"},{"@type":"BreadcrumbList","@id":"https:\/\/web.umons.ac.be\/semf\/sofia-curado-gaspar-matias\/#breadcrumb","itemListElement":[{"@type":"ListItem","position":1,"name":"Home","item":"https:\/\/web.umons.ac.be\/semf\/"},{"@type":"ListItem","position":2,"name":"Sofia CURADO GASPAR MATIAS"}]},{"@type":"WebSite","@id":"https:\/\/web.umons.ac.be\/semf\/#website","url":"https:\/\/web.umons.ac.be\/semf\/","name":"Service \/ FPSE - M\u00e9thodologie et formation","description":"","publisher":{"@id":"https:\/\/web.umons.ac.be\/semf\/#organization"},"potentialAction":[{"@type":"SearchAction","target":{"@type":"EntryPoint","urlTemplate":"https:\/\/web.umons.ac.be\/semf\/?s={search_term_string}"},"query-input":{"@type":"PropertyValueSpecification","valueRequired":true,"valueName":"search_term_string"}}],"inLanguage":"fr-FR"},{"@type":"Organization","@id":"https:\/\/web.umons.ac.be\/semf\/#organization","name":"Service \/ FPSE - M\u00e9thodologie et formation","url":"https:\/\/web.umons.ac.be\/semf\/","logo":{"@type":"ImageObject","inLanguage":"fr-FR","@id":"https:\/\/web.umons.ac.be\/semf\/#\/schema\/logo\/image\/","url":"https:\/\/web.umons.ac.be\/app\/uploads\/sites\/103\/2021\/11\/LOGOP316_Benoit-VANSCHOEBEKE.svg","contentUrl":"https:\/\/web.umons.ac.be\/app\/uploads\/sites\/103\/2021\/11\/LOGOP316_Benoit-VANSCHOEBEKE.svg","width":1,"height":1,"caption":"Service \/ FPSE - M\u00e9thodologie et formation"},"image":{"@id":"https:\/\/web.umons.ac.be\/semf\/#\/schema\/logo\/image\/"}}]}},"lang":"fr","translations":{"fr":2812},"pll_sync_post":[],"_links":{"self":[{"href":"https:\/\/web.umons.ac.be\/semf\/wp-json\/wp\/v2\/pages\/2812","targetHints":{"allow":["GET"]}}],"collection":[{"href":"https:\/\/web.umons.ac.be\/semf\/wp-json\/wp\/v2\/pages"}],"about":[{"href":"https:\/\/web.umons.ac.be\/semf\/wp-json\/wp\/v2\/types\/page"}],"author":[{"embeddable":true,"href":"https:\/\/web.umons.ac.be\/semf\/wp-json\/wp\/v2\/users\/122"}],"replies":[{"embeddable":true,"href":"https:\/\/web.umons.ac.be\/semf\/wp-json\/wp\/v2\/comments?post=2812"}],"version-history":[{"count":3,"href":"https:\/\/web.umons.ac.be\/semf\/wp-json\/wp\/v2\/pages\/2812\/revisions"}],"predecessor-version":[{"id":2818,"href":"https:\/\/web.umons.ac.be\/semf\/wp-json\/wp\/v2\/pages\/2812\/revisions\/2818"}],"wp:attachment":[{"href":"https:\/\/web.umons.ac.be\/semf\/wp-json\/wp\/v2\/media?parent=2812"}],"curies":[{"name":"wp","href":"https:\/\/api.w.org\/{rel}","templated":true}]}}