{"id":2867,"date":"2025-11-18T14:49:36","date_gmt":"2025-11-18T13:49:36","guid":{"rendered":"https:\/\/web.umons.ac.be\/semf\/?page_id=2867"},"modified":"2025-11-18T14:49:36","modified_gmt":"2025-11-18T13:49:36","slug":"sandra-penasse","status":"publish","type":"page","link":"https:\/\/web.umons.ac.be\/semf\/sandra-penasse\/","title":{"rendered":"Sandra PENASSE"},"content":{"rendered":"<p><img loading=\"lazy\" decoding=\"async\" class=\"alignleft wp-image-2868 size-thumbnail\" src=\"https:\/\/web.umons.ac.be\/app\/uploads\/sites\/103\/2025\/11\/penasseSandra-150x150.png\" alt=\"\" width=\"150\" height=\"150\" srcset=\"https:\/\/web.umons.ac.be\/app\/uploads\/sites\/103\/2025\/11\/penasseSandra-150x150.png 150w, https:\/\/web.umons.ac.be\/app\/uploads\/sites\/103\/2025\/11\/penasseSandra-80x80.png 80w, https:\/\/web.umons.ac.be\/app\/uploads\/sites\/103\/2025\/11\/penasseSandra-400x400.png 400w, https:\/\/web.umons.ac.be\/app\/uploads\/sites\/103\/2025\/11\/penasseSandra-200x200.png 200w\" sizes=\"auto, (max-width: 150px) 100vw, 150px\" \/>Sandra Penasse est titulaire d\u2019un bachelier institutrice pr\u00e9scolaire, obtenu en 2019 \u00e0 la Haute \u00e9cole de la Ville de Li\u00e8ge, suivi d\u2019une ann\u00e9e passerelle institutrice primaire en 2020.<\/p>\n<p>En septembre 2025, elle termine un Master en Sciences de l\u2019\u00c9ducation \u2014 finalit\u00e9 sp\u00e9cialis\u00e9e en enseignement et apprentissages scolaires, obtenu \u00e0 l\u2019Universit\u00e9 de Mons (UMONS). Durant son stage, elle a notamment con\u00e7u un MOOC d\u00e9di\u00e9 \u00e0 l\u2019orientation scolaire et professionnelle, mobilisant les principes d\u2019ing\u00e9nierie p\u00e9dagogique et les cadres th\u00e9oriques contemporains du d\u00e9veloppement de carri\u00e8re.<\/p>\n<p>Son m\u00e9moire portait sur le r\u00f4le des albums jeunesse dans le d\u00e9veloppement des comp\u00e9tences \u00e0 s\u2019orienter en d\u00e9but de scolarit\u00e9 primaire, un travail qui s\u2019inscrit pleinement dans les \u00e9volutions r\u00e9centes des r\u00e9f\u00e9rentiels belges (Domaine\u00a08).<\/p>\n<p>Sandra Penasse entame en septembre 2025 une th\u00e8se de doctorat men\u00e9e \u00e0 l\u2019UMONS et \u00e0 l\u2019Onisep (France). Sa recherche doctorale vise \u00e0 d\u00e9velopper un r\u00e9f\u00e9rentiel de gestes professionnels orientants destin\u00e9 \u00e0 accompagner les enseignants du d\u00e9but du lyc\u00e9e dans la construction des projets d\u2019avenir des jeunes au 21\u1d49\u00a0si\u00e8cle.<\/p>\n<p>Son travail s\u2019articule autour de l\u2019analyse des pratiques enseignantes, de l\u2019approche \u00e9ducative de l\u2019orientation, ainsi que de la conception de formations innovantes destin\u00e9es aux \u00e9quipes \u00e9ducatives.<\/p>\n","protected":false},"excerpt":{"rendered":"<p>Sandra Penasse est titulaire d\u2019un bachelier institutrice pr\u00e9scolaire, obtenu en 2019 \u00e0 la Haute \u00e9cole de la Ville de Li\u00e8ge, suivi d\u2019une ann\u00e9e passerelle institutrice primaire en 2020. En septembre 2025, elle termine un Master en Sciences de l\u2019\u00c9ducation \u2014 finalit\u00e9 sp\u00e9cialis\u00e9e en enseignement et apprentissages scolaires, obtenu \u00e0 l\u2019Universit\u00e9 de Mons (UMONS). Durant son [&hellip;]<\/p>\n","protected":false},"author":122,"featured_media":0,"parent":0,"menu_order":0,"comment_status":"closed","ping_status":"closed","template":"","meta":{"footnotes":""},"class_list":["post-2867","page","type-page","status-publish","hentry"],"yoast_head":"<!-- This site is optimized with the Yoast SEO plugin v27.2 - https:\/\/yoast.com\/product\/yoast-seo-wordpress\/ -->\n<title>Sandra PENASSE - Service \/ FPSE - Sciences de l&#039;Enseignement et de la Formation<\/title>\n<meta name=\"robots\" content=\"index, follow, max-snippet:-1, max-image-preview:large, max-video-preview:-1\" \/>\n<link rel=\"canonical\" href=\"https:\/\/web.umons.ac.be\/semf\/sandra-penasse\/\" \/>\n<meta property=\"og:locale\" content=\"fr_FR\" \/>\n<meta property=\"og:type\" content=\"article\" \/>\n<meta property=\"og:title\" content=\"Sandra PENASSE - Service \/ FPSE - Sciences de l&#039;Enseignement et de la Formation\" \/>\n<meta property=\"og:description\" content=\"Sandra Penasse est titulaire d\u2019un bachelier institutrice pr\u00e9scolaire, obtenu en 2019 \u00e0 la Haute \u00e9cole de la Ville de Li\u00e8ge, suivi d\u2019une ann\u00e9e passerelle institutrice primaire en 2020. En septembre 2025, elle termine un Master en Sciences de l\u2019\u00c9ducation \u2014 finalit\u00e9 sp\u00e9cialis\u00e9e en enseignement et apprentissages scolaires, obtenu \u00e0 l\u2019Universit\u00e9 de Mons (UMONS). Durant son [&hellip;]\" \/>\n<meta property=\"og:url\" content=\"https:\/\/web.umons.ac.be\/semf\/sandra-penasse\/\" \/>\n<meta property=\"og:site_name\" content=\"Service \/ FPSE - Sciences de l&#039;Enseignement et de la Formation\" \/>\n<meta property=\"og:image\" content=\"https:\/\/web.umons.ac.be\/app\/uploads\/sites\/103\/2025\/11\/penasseSandra.png\" \/>\n\t<meta property=\"og:image:width\" content=\"594\" \/>\n\t<meta property=\"og:image:height\" content=\"407\" \/>\n\t<meta property=\"og:image:type\" content=\"image\/png\" \/>\n<meta name=\"twitter:card\" content=\"summary_large_image\" \/>\n<meta name=\"twitter:label1\" content=\"Dur\u00e9e de lecture estim\u00e9e\" \/>\n\t<meta name=\"twitter:data1\" content=\"2 minutes\" \/>\n<script type=\"application\/ld+json\" class=\"yoast-schema-graph\">{\"@context\":\"https:\/\/schema.org\",\"@graph\":[{\"@type\":\"WebPage\",\"@id\":\"https:\/\/web.umons.ac.be\/semf\/sandra-penasse\/\",\"url\":\"https:\/\/web.umons.ac.be\/semf\/sandra-penasse\/\",\"name\":\"Sandra PENASSE - Service \/ FPSE - Sciences de l&#039;Enseignement et de la Formation\",\"isPartOf\":{\"@id\":\"https:\/\/web.umons.ac.be\/semf\/#website\"},\"primaryImageOfPage\":{\"@id\":\"https:\/\/web.umons.ac.be\/semf\/sandra-penasse\/#primaryimage\"},\"image\":{\"@id\":\"https:\/\/web.umons.ac.be\/semf\/sandra-penasse\/#primaryimage\"},\"thumbnailUrl\":\"https:\/\/web.umons.ac.be\/app\/uploads\/sites\/103\/2025\/11\/penasseSandra-150x150.png\",\"datePublished\":\"2025-11-18T13:49:36+00:00\",\"breadcrumb\":{\"@id\":\"https:\/\/web.umons.ac.be\/semf\/sandra-penasse\/#breadcrumb\"},\"inLanguage\":\"fr-FR\",\"potentialAction\":[{\"@type\":\"ReadAction\",\"target\":[\"https:\/\/web.umons.ac.be\/semf\/sandra-penasse\/\"]}]},{\"@type\":\"ImageObject\",\"inLanguage\":\"fr-FR\",\"@id\":\"https:\/\/web.umons.ac.be\/semf\/sandra-penasse\/#primaryimage\",\"url\":\"https:\/\/web.umons.ac.be\/app\/uploads\/sites\/103\/2025\/11\/penasseSandra-150x150.png\",\"contentUrl\":\"https:\/\/web.umons.ac.be\/app\/uploads\/sites\/103\/2025\/11\/penasseSandra-150x150.png\"},{\"@type\":\"BreadcrumbList\",\"@id\":\"https:\/\/web.umons.ac.be\/semf\/sandra-penasse\/#breadcrumb\",\"itemListElement\":[{\"@type\":\"ListItem\",\"position\":1,\"name\":\"Home\",\"item\":\"https:\/\/web.umons.ac.be\/semf\/\"},{\"@type\":\"ListItem\",\"position\":2,\"name\":\"Sandra PENASSE\"}]},{\"@type\":\"WebSite\",\"@id\":\"https:\/\/web.umons.ac.be\/semf\/#website\",\"url\":\"https:\/\/web.umons.ac.be\/semf\/\",\"name\":\"Service \/ FPSE - M\u00e9thodologie et formation\",\"description\":\"\",\"publisher\":{\"@id\":\"https:\/\/web.umons.ac.be\/semf\/#organization\"},\"potentialAction\":[{\"@type\":\"SearchAction\",\"target\":{\"@type\":\"EntryPoint\",\"urlTemplate\":\"https:\/\/web.umons.ac.be\/semf\/?s={search_term_string}\"},\"query-input\":{\"@type\":\"PropertyValueSpecification\",\"valueRequired\":true,\"valueName\":\"search_term_string\"}}],\"inLanguage\":\"fr-FR\"},{\"@type\":\"Organization\",\"@id\":\"https:\/\/web.umons.ac.be\/semf\/#organization\",\"name\":\"Service \/ FPSE - M\u00e9thodologie et formation\",\"url\":\"https:\/\/web.umons.ac.be\/semf\/\",\"logo\":{\"@type\":\"ImageObject\",\"inLanguage\":\"fr-FR\",\"@id\":\"https:\/\/web.umons.ac.be\/semf\/#\/schema\/logo\/image\/\",\"url\":\"https:\/\/web.umons.ac.be\/app\/uploads\/sites\/103\/2021\/11\/LOGOP316_Benoit-VANSCHOEBEKE.svg\",\"contentUrl\":\"https:\/\/web.umons.ac.be\/app\/uploads\/sites\/103\/2021\/11\/LOGOP316_Benoit-VANSCHOEBEKE.svg\",\"width\":1,\"height\":1,\"caption\":\"Service \/ FPSE - M\u00e9thodologie et formation\"},\"image\":{\"@id\":\"https:\/\/web.umons.ac.be\/semf\/#\/schema\/logo\/image\/\"}}]}<\/script>\n<!-- \/ Yoast SEO plugin. -->","yoast_head_json":{"title":"Sandra PENASSE - Service \/ FPSE - Sciences de l&#039;Enseignement et de la Formation","robots":{"index":"index","follow":"follow","max-snippet":"max-snippet:-1","max-image-preview":"max-image-preview:large","max-video-preview":"max-video-preview:-1"},"canonical":"https:\/\/web.umons.ac.be\/semf\/sandra-penasse\/","og_locale":"fr_FR","og_type":"article","og_title":"Sandra PENASSE - Service \/ FPSE - Sciences de l&#039;Enseignement et de la Formation","og_description":"Sandra Penasse est titulaire d\u2019un bachelier institutrice pr\u00e9scolaire, obtenu en 2019 \u00e0 la Haute \u00e9cole de la Ville de Li\u00e8ge, suivi d\u2019une ann\u00e9e passerelle institutrice primaire en 2020. En septembre 2025, elle termine un Master en Sciences de l\u2019\u00c9ducation \u2014 finalit\u00e9 sp\u00e9cialis\u00e9e en enseignement et apprentissages scolaires, obtenu \u00e0 l\u2019Universit\u00e9 de Mons (UMONS). Durant son [&hellip;]","og_url":"https:\/\/web.umons.ac.be\/semf\/sandra-penasse\/","og_site_name":"Service \/ FPSE - Sciences de l&#039;Enseignement et de la Formation","og_image":[{"width":594,"height":407,"url":"https:\/\/web.umons.ac.be\/app\/uploads\/sites\/103\/2025\/11\/penasseSandra.png","type":"image\/png"}],"twitter_card":"summary_large_image","twitter_misc":{"Dur\u00e9e de lecture estim\u00e9e":"2 minutes"},"schema":{"@context":"https:\/\/schema.org","@graph":[{"@type":"WebPage","@id":"https:\/\/web.umons.ac.be\/semf\/sandra-penasse\/","url":"https:\/\/web.umons.ac.be\/semf\/sandra-penasse\/","name":"Sandra PENASSE - Service \/ FPSE - Sciences de l&#039;Enseignement et de la Formation","isPartOf":{"@id":"https:\/\/web.umons.ac.be\/semf\/#website"},"primaryImageOfPage":{"@id":"https:\/\/web.umons.ac.be\/semf\/sandra-penasse\/#primaryimage"},"image":{"@id":"https:\/\/web.umons.ac.be\/semf\/sandra-penasse\/#primaryimage"},"thumbnailUrl":"https:\/\/web.umons.ac.be\/app\/uploads\/sites\/103\/2025\/11\/penasseSandra-150x150.png","datePublished":"2025-11-18T13:49:36+00:00","breadcrumb":{"@id":"https:\/\/web.umons.ac.be\/semf\/sandra-penasse\/#breadcrumb"},"inLanguage":"fr-FR","potentialAction":[{"@type":"ReadAction","target":["https:\/\/web.umons.ac.be\/semf\/sandra-penasse\/"]}]},{"@type":"ImageObject","inLanguage":"fr-FR","@id":"https:\/\/web.umons.ac.be\/semf\/sandra-penasse\/#primaryimage","url":"https:\/\/web.umons.ac.be\/app\/uploads\/sites\/103\/2025\/11\/penasseSandra-150x150.png","contentUrl":"https:\/\/web.umons.ac.be\/app\/uploads\/sites\/103\/2025\/11\/penasseSandra-150x150.png"},{"@type":"BreadcrumbList","@id":"https:\/\/web.umons.ac.be\/semf\/sandra-penasse\/#breadcrumb","itemListElement":[{"@type":"ListItem","position":1,"name":"Home","item":"https:\/\/web.umons.ac.be\/semf\/"},{"@type":"ListItem","position":2,"name":"Sandra PENASSE"}]},{"@type":"WebSite","@id":"https:\/\/web.umons.ac.be\/semf\/#website","url":"https:\/\/web.umons.ac.be\/semf\/","name":"Service \/ FPSE - M\u00e9thodologie et formation","description":"","publisher":{"@id":"https:\/\/web.umons.ac.be\/semf\/#organization"},"potentialAction":[{"@type":"SearchAction","target":{"@type":"EntryPoint","urlTemplate":"https:\/\/web.umons.ac.be\/semf\/?s={search_term_string}"},"query-input":{"@type":"PropertyValueSpecification","valueRequired":true,"valueName":"search_term_string"}}],"inLanguage":"fr-FR"},{"@type":"Organization","@id":"https:\/\/web.umons.ac.be\/semf\/#organization","name":"Service \/ FPSE - M\u00e9thodologie et formation","url":"https:\/\/web.umons.ac.be\/semf\/","logo":{"@type":"ImageObject","inLanguage":"fr-FR","@id":"https:\/\/web.umons.ac.be\/semf\/#\/schema\/logo\/image\/","url":"https:\/\/web.umons.ac.be\/app\/uploads\/sites\/103\/2021\/11\/LOGOP316_Benoit-VANSCHOEBEKE.svg","contentUrl":"https:\/\/web.umons.ac.be\/app\/uploads\/sites\/103\/2021\/11\/LOGOP316_Benoit-VANSCHOEBEKE.svg","width":1,"height":1,"caption":"Service \/ FPSE - M\u00e9thodologie et formation"},"image":{"@id":"https:\/\/web.umons.ac.be\/semf\/#\/schema\/logo\/image\/"}}]}},"lang":"fr","translations":{"fr":2867},"pll_sync_post":[],"_links":{"self":[{"href":"https:\/\/web.umons.ac.be\/semf\/wp-json\/wp\/v2\/pages\/2867","targetHints":{"allow":["GET"]}}],"collection":[{"href":"https:\/\/web.umons.ac.be\/semf\/wp-json\/wp\/v2\/pages"}],"about":[{"href":"https:\/\/web.umons.ac.be\/semf\/wp-json\/wp\/v2\/types\/page"}],"author":[{"embeddable":true,"href":"https:\/\/web.umons.ac.be\/semf\/wp-json\/wp\/v2\/users\/122"}],"replies":[{"embeddable":true,"href":"https:\/\/web.umons.ac.be\/semf\/wp-json\/wp\/v2\/comments?post=2867"}],"version-history":[{"count":1,"href":"https:\/\/web.umons.ac.be\/semf\/wp-json\/wp\/v2\/pages\/2867\/revisions"}],"predecessor-version":[{"id":2869,"href":"https:\/\/web.umons.ac.be\/semf\/wp-json\/wp\/v2\/pages\/2867\/revisions\/2869"}],"wp:attachment":[{"href":"https:\/\/web.umons.ac.be\/semf\/wp-json\/wp\/v2\/media?parent=2867"}],"curies":[{"name":"wp","href":"https:\/\/api.w.org\/{rel}","templated":true}]}}